{"id":2091,"date":"2023-08-03T15:44:03","date_gmt":"2023-08-03T14:44:03","guid":{"rendered":"https:\/\/baya-shop.com\/home\/?post_type=product&#038;p=2091"},"modified":"2024-02-09T15:48:35","modified_gmt":"2024-02-09T14:48:35","slug":"remington-boucleur-conique-copper-radiance-ci5700","status":"publish","type":"product","link":"https:\/\/baya-shop.com\/home\/product\/remington-boucleur-conique-copper-radiance-ci5700\/","title":{"rendered":"Remington Boucleur Copper Radiance Ci5700"},"content":{"rendered":"","protected":false},"excerpt":{"rendered":"<ul>\n<li>Design conique de 13-25 mm cr\u00e9e facilement des boucles et des ondulations luxueuses<\/li>\n<li>Rev\u00eatement Advanced Ceramic infus\u00e9 au cuivre : diffuse une chaleur homog\u00e8ne pour des r\u00e9sultats magnifiques et \u00e9l\u00e9gants<\/li>\n<li>Ecran digital : 9 temp\u00e9ratures jusqu&rsquo;\u00e0 210\u00b0C<\/li>\n<li>Mise \u00e0 temp\u00e9rature rapide en 30 secondes<\/li>\n<li>V\u00e9rouillage de la temp\u00e9rature<\/li>\n<li>Arr\u00eat automatique de s\u00e9curit\u00e9 apr\u00e8s 60 minutes<\/li>\n<li>Embout froid<\/li>\n<li>Support pour poser le fer<\/li>\n<li>Voltage universel<\/li>\n<li>Cordon rotatif de 3 m<\/li>\n<li>Pochette thermor\u00e9sistante<\/li>\n<\/ul>\n","protected":false},"featured_media":3355,"comment_status":"open","ping_status":"closed","template":"","meta":{"jetpack_post_was_ever_published":false,"jetpack_publicize_message":"","jetpack_publicize_feature_enabled":true,"jetpack_social_post_already_shared":false,"jetpack_social_options":{"image_generator_settings":{"template":"highway","default_image_id":0,"font":"","enabled":false},"version":2}},"product_brand":[],"product_cat":[17,47],"product_tag":[],"class_list":{"0":"post-2091","1":"product","2":"type-product","3":"status-publish","4":"has-post-thumbnail","6":"product_cat-boucleur","7":"product_cat-remington","9":"first","10":"instock","11":"shipping-taxable","12":"purchasable","13":"product-type-simple"},"yoast_head":"<!-- This site is optimized with the Yoast SEO plugin v27.4 - https:\/\/yoast.com\/product\/yoast-seo-wordpress\/ -->\n<title>Remington Boucleur Copper Radiance Ci5700 - Baya Shop<\/title>\n<meta name=\"description\" content=\"Design conique de 13-25 mm cr\u00e9e facilement des boucles et des ondulations luxueuses  Rev\u00eatement Advanced Ceramic infus\u00e9 au cuivre : diffuse une chaleur homog\u00e8ne pour des r\u00e9sultats magnifiques et \u00e9l\u00e9gants  Ecran digital : 9 temp\u00e9ratures jusqu&#039;\u00e0 210\u00b0C  Mise \u00e0 temp\u00e9rature rapide en 30 secondes  V\u00e9rouillage de la temp\u00e9rature  Arr\u00eat automatique de s\u00e9curit\u00e9 apr\u00e8s 60 minutes  Embout froid  Support pour poser le fer  Voltage universel  Cordon rotatif de 3 m  Pochette thermor\u00e9sistante\" \/>\n<meta name=\"robots\" content=\"index, follow, max-snippet:-1, max-image-preview:large, max-video-preview:-1\" \/>\n<link rel=\"canonical\" href=\"https:\/\/baya-shop.com\/home\/product\/remington-boucleur-conique-copper-radiance-ci5700\/\" \/>\n<meta property=\"og:locale\" content=\"fr_FR\" \/>\n<meta property=\"og:type\" content=\"article\" \/>\n<meta property=\"og:title\" content=\"Remington Boucleur Copper Radiance Ci5700 - Baya Shop\" \/>\n<meta property=\"og:description\" content=\"Design conique de 13-25 mm cr\u00e9e facilement des boucles et des ondulations luxueuses  Rev\u00eatement Advanced Ceramic infus\u00e9 au cuivre : diffuse une chaleur homog\u00e8ne pour des r\u00e9sultats magnifiques et \u00e9l\u00e9gants  Ecran digital : 9 temp\u00e9ratures jusqu&#039;\u00e0 210\u00b0C  Mise \u00e0 temp\u00e9rature rapide en 30 secondes  V\u00e9rouillage de la temp\u00e9rature  Arr\u00eat automatique de s\u00e9curit\u00e9 apr\u00e8s 60 minutes  Embout froid  Support pour poser le fer  Voltage universel  Cordon rotatif de 3 m  Pochette thermor\u00e9sistante\" \/>\n<meta property=\"og:url\" content=\"https:\/\/baya-shop.com\/home\/product\/remington-boucleur-conique-copper-radiance-ci5700\/\" \/>\n<meta property=\"og:site_name\" content=\"Baya Shop\" \/>\n<meta property=\"article:publisher\" content=\"https:\/\/www.facebook.com\/Baya-Shop-103955257949742\" \/>\n<meta property=\"article:modified_time\" content=\"2024-02-09T14:48:35+00:00\" \/>\n<meta property=\"og:image\" content=\"https:\/\/baya-shop.com\/wp-content\/uploads\/2023\/08\/large_45706560100_9688.jpg\" \/>\n\t<meta property=\"og:image:width\" content=\"1000\" \/>\n\t<meta property=\"og:image:height\" content=\"1000\" \/>\n\t<meta property=\"og:image:type\" content=\"image\/jpeg\" \/>\n<meta name=\"twitter:card\" content=\"summary_large_image\" \/>\n<meta name=\"twitter:label1\" content=\"Dur\u00e9e de lecture estim\u00e9e\" \/>\n\t<meta name=\"twitter:data1\" content=\"1 minute\" \/>\n<script type=\"application\/ld+json\" class=\"yoast-schema-graph\">{\"@context\":\"https:\\\/\\\/schema.org\",\"@graph\":[{\"@type\":\"WebPage\",\"@id\":\"https:\\\/\\\/baya-shop.com\\\/home\\\/product\\\/remington-boucleur-conique-copper-radiance-ci5700\\\/\",\"url\":\"https:\\\/\\\/baya-shop.com\\\/home\\\/product\\\/remington-boucleur-conique-copper-radiance-ci5700\\\/\",\"name\":\"Remington Boucleur Copper Radiance Ci5700 - Baya Shop\",\"isPartOf\":{\"@id\":\"https:\\\/\\\/baya-shop.com\\\/home\\\/#website\"},\"primaryImageOfPage\":{\"@id\":\"https:\\\/\\\/baya-shop.com\\\/home\\\/product\\\/remington-boucleur-conique-copper-radiance-ci5700\\\/#primaryimage\"},\"image\":{\"@id\":\"https:\\\/\\\/baya-shop.com\\\/home\\\/product\\\/remington-boucleur-conique-copper-radiance-ci5700\\\/#primaryimage\"},\"thumbnailUrl\":\"https:\\\/\\\/i0.wp.com\\\/baya-shop.com\\\/wp-content\\\/uploads\\\/2023\\\/08\\\/large_45706560100_9688.jpg?fit=1000%2C1000&ssl=1\",\"datePublished\":\"2023-08-03T14:44:03+00:00\",\"dateModified\":\"2024-02-09T14:48:35+00:00\",\"description\":\"Design conique de 13-25 mm cr\u00e9e facilement des boucles et des ondulations luxueuses Rev\u00eatement Advanced Ceramic infus\u00e9 au cuivre : diffuse une chaleur homog\u00e8ne pour des r\u00e9sultats magnifiques et \u00e9l\u00e9gants Ecran digital : 9 temp\u00e9ratures jusqu'\u00e0 210\u00b0C Mise \u00e0 temp\u00e9rature rapide en 30 secondes V\u00e9rouillage de la temp\u00e9rature Arr\u00eat automatique de s\u00e9curit\u00e9 apr\u00e8s 60 minutes Embout froid Support pour poser le fer Voltage universel Cordon rotatif de 3 m Pochette thermor\u00e9sistante\",\"breadcrumb\":{\"@id\":\"https:\\\/\\\/baya-shop.com\\\/home\\\/product\\\/remington-boucleur-conique-copper-radiance-ci5700\\\/#breadcrumb\"},\"inLanguage\":\"fr-FR\",\"potentialAction\":[{\"@type\":\"ReadAction\",\"target\":[\"https:\\\/\\\/baya-shop.com\\\/home\\\/product\\\/remington-boucleur-conique-copper-radiance-ci5700\\\/\"]}]},{\"@type\":\"ImageObject\",\"inLanguage\":\"fr-FR\",\"@id\":\"https:\\\/\\\/baya-shop.com\\\/home\\\/product\\\/remington-boucleur-conique-copper-radiance-ci5700\\\/#primaryimage\",\"url\":\"https:\\\/\\\/i0.wp.com\\\/baya-shop.com\\\/wp-content\\\/uploads\\\/2023\\\/08\\\/large_45706560100_9688.jpg?fit=1000%2C1000&ssl=1\",\"contentUrl\":\"https:\\\/\\\/i0.wp.com\\\/baya-shop.com\\\/wp-content\\\/uploads\\\/2023\\\/08\\\/large_45706560100_9688.jpg?fit=1000%2C1000&ssl=1\",\"width\":1000,\"height\":1000},{\"@type\":\"BreadcrumbList\",\"@id\":\"https:\\\/\\\/baya-shop.com\\\/home\\\/product\\\/remington-boucleur-conique-copper-radiance-ci5700\\\/#breadcrumb\",\"itemListElement\":[{\"@type\":\"ListItem\",\"position\":1,\"name\":\"Accueil\",\"item\":\"https:\\\/\\\/baya-shop.com\\\/home\\\/\"},{\"@type\":\"ListItem\",\"position\":2,\"name\":\"Shop\",\"item\":\"https:\\\/\\\/baya-shop.com\\\/home\\\/shop\\\/\"},{\"@type\":\"ListItem\",\"position\":3,\"name\":\"Remington Boucleur Copper Radiance Ci5700\"}]},{\"@type\":\"WebSite\",\"@id\":\"https:\\\/\\\/baya-shop.com\\\/home\\\/#website\",\"url\":\"https:\\\/\\\/baya-shop.com\\\/home\\\/\",\"name\":\"Baya Shop\",\"description\":\"\",\"publisher\":{\"@id\":\"https:\\\/\\\/baya-shop.com\\\/home\\\/#organization\"},\"potentialAction\":[{\"@type\":\"SearchAction\",\"target\":{\"@type\":\"EntryPoint\",\"urlTemplate\":\"https:\\\/\\\/baya-shop.com\\\/home\\\/?s={search_term_string}\"},\"query-input\":{\"@type\":\"PropertyValueSpecification\",\"valueRequired\":true,\"valueName\":\"search_term_string\"}}],\"inLanguage\":\"fr-FR\"},{\"@type\":\"Organization\",\"@id\":\"https:\\\/\\\/baya-shop.com\\\/home\\\/#organization\",\"name\":\"Baya Shop\",\"url\":\"https:\\\/\\\/baya-shop.com\\\/home\\\/\",\"logo\":{\"@type\":\"ImageObject\",\"inLanguage\":\"fr-FR\",\"@id\":\"https:\\\/\\\/baya-shop.com\\\/home\\\/#\\\/schema\\\/logo\\\/image\\\/\",\"url\":\"https:\\\/\\\/baya-shop.com\\\/wp-content\\\/uploads\\\/2020\\\/11\\\/g.png\",\"contentUrl\":\"https:\\\/\\\/baya-shop.com\\\/wp-content\\\/uploads\\\/2020\\\/11\\\/g.png\",\"width\":64,\"height\":64,\"caption\":\"Baya Shop\"},\"image\":{\"@id\":\"https:\\\/\\\/baya-shop.com\\\/home\\\/#\\\/schema\\\/logo\\\/image\\\/\"},\"sameAs\":[\"https:\\\/\\\/www.facebook.com\\\/Baya-Shop-103955257949742\",\"https:\\\/\\\/www.instagram.com\\\/baya_shop_dz\\\/\"]}]}<\/script>\n<!-- \/ Yoast SEO plugin. -->","yoast_head_json":{"title":"Remington Boucleur Copper Radiance Ci5700 - Baya Shop","description":"Design conique de 13-25 mm cr\u00e9e facilement des boucles et des ondulations luxueuses  Rev\u00eatement Advanced Ceramic infus\u00e9 au cuivre : diffuse une chaleur homog\u00e8ne pour des r\u00e9sultats magnifiques et \u00e9l\u00e9gants  Ecran digital : 9 temp\u00e9ratures jusqu'\u00e0 210\u00b0C  Mise \u00e0 temp\u00e9rature rapide en 30 secondes  V\u00e9rouillage de la temp\u00e9rature  Arr\u00eat automatique de s\u00e9curit\u00e9 apr\u00e8s 60 minutes  Embout froid  Support pour poser le fer  Voltage universel  Cordon rotatif de 3 m  Pochette thermor\u00e9sistante","robots":{"index":"index","follow":"follow","max-snippet":"max-snippet:-1","max-image-preview":"max-image-preview:large","max-video-preview":"max-video-preview:-1"},"canonical":"https:\/\/baya-shop.com\/home\/product\/remington-boucleur-conique-copper-radiance-ci5700\/","og_locale":"fr_FR","og_type":"article","og_title":"Remington Boucleur Copper Radiance Ci5700 - Baya Shop","og_description":"Design conique de 13-25 mm cr\u00e9e facilement des boucles et des ondulations luxueuses  Rev\u00eatement Advanced Ceramic infus\u00e9 au cuivre : diffuse une chaleur homog\u00e8ne pour des r\u00e9sultats magnifiques et \u00e9l\u00e9gants  Ecran digital : 9 temp\u00e9ratures jusqu'\u00e0 210\u00b0C  Mise \u00e0 temp\u00e9rature rapide en 30 secondes  V\u00e9rouillage de la temp\u00e9rature  Arr\u00eat automatique de s\u00e9curit\u00e9 apr\u00e8s 60 minutes  Embout froid  Support pour poser le fer  Voltage universel  Cordon rotatif de 3 m  Pochette thermor\u00e9sistante","og_url":"https:\/\/baya-shop.com\/home\/product\/remington-boucleur-conique-copper-radiance-ci5700\/","og_site_name":"Baya Shop","article_publisher":"https:\/\/www.facebook.com\/Baya-Shop-103955257949742","article_modified_time":"2024-02-09T14:48:35+00:00","og_image":[{"width":1000,"height":1000,"url":"https:\/\/baya-shop.com\/wp-content\/uploads\/2023\/08\/large_45706560100_9688.jpg","type":"image\/jpeg"}],"twitter_card":"summary_large_image","twitter_misc":{"Dur\u00e9e de lecture estim\u00e9e":"1 minute"},"schema":{"@context":"https:\/\/schema.org","@graph":[{"@type":"WebPage","@id":"https:\/\/baya-shop.com\/home\/product\/remington-boucleur-conique-copper-radiance-ci5700\/","url":"https:\/\/baya-shop.com\/home\/product\/remington-boucleur-conique-copper-radiance-ci5700\/","name":"Remington Boucleur Copper Radiance Ci5700 - Baya Shop","isPartOf":{"@id":"https:\/\/baya-shop.com\/home\/#website"},"primaryImageOfPage":{"@id":"https:\/\/baya-shop.com\/home\/product\/remington-boucleur-conique-copper-radiance-ci5700\/#primaryimage"},"image":{"@id":"https:\/\/baya-shop.com\/home\/product\/remington-boucleur-conique-copper-radiance-ci5700\/#primaryimage"},"thumbnailUrl":"https:\/\/i0.wp.com\/baya-shop.com\/wp-content\/uploads\/2023\/08\/large_45706560100_9688.jpg?fit=1000%2C1000&ssl=1","datePublished":"2023-08-03T14:44:03+00:00","dateModified":"2024-02-09T14:48:35+00:00","description":"Design conique de 13-25 mm cr\u00e9e facilement des boucles et des ondulations luxueuses Rev\u00eatement Advanced Ceramic infus\u00e9 au cuivre : diffuse une chaleur homog\u00e8ne pour des r\u00e9sultats magnifiques et \u00e9l\u00e9gants Ecran digital : 9 temp\u00e9ratures jusqu'\u00e0 210\u00b0C Mise \u00e0 temp\u00e9rature rapide en 30 secondes V\u00e9rouillage de la temp\u00e9rature Arr\u00eat automatique de s\u00e9curit\u00e9 apr\u00e8s 60 minutes Embout froid Support pour poser le fer Voltage universel Cordon rotatif de 3 m Pochette thermor\u00e9sistante","breadcrumb":{"@id":"https:\/\/baya-shop.com\/home\/product\/remington-boucleur-conique-copper-radiance-ci5700\/#breadcrumb"},"inLanguage":"fr-FR","potentialAction":[{"@type":"ReadAction","target":["https:\/\/baya-shop.com\/home\/product\/remington-boucleur-conique-copper-radiance-ci5700\/"]}]},{"@type":"ImageObject","inLanguage":"fr-FR","@id":"https:\/\/baya-shop.com\/home\/product\/remington-boucleur-conique-copper-radiance-ci5700\/#primaryimage","url":"https:\/\/i0.wp.com\/baya-shop.com\/wp-content\/uploads\/2023\/08\/large_45706560100_9688.jpg?fit=1000%2C1000&ssl=1","contentUrl":"https:\/\/i0.wp.com\/baya-shop.com\/wp-content\/uploads\/2023\/08\/large_45706560100_9688.jpg?fit=1000%2C1000&ssl=1","width":1000,"height":1000},{"@type":"BreadcrumbList","@id":"https:\/\/baya-shop.com\/home\/product\/remington-boucleur-conique-copper-radiance-ci5700\/#breadcrumb","itemListElement":[{"@type":"ListItem","position":1,"name":"Accueil","item":"https:\/\/baya-shop.com\/home\/"},{"@type":"ListItem","position":2,"name":"Shop","item":"https:\/\/baya-shop.com\/home\/shop\/"},{"@type":"ListItem","position":3,"name":"Remington Boucleur Copper Radiance Ci5700"}]},{"@type":"WebSite","@id":"https:\/\/baya-shop.com\/home\/#website","url":"https:\/\/baya-shop.com\/home\/","name":"Baya Shop","description":"","publisher":{"@id":"https:\/\/baya-shop.com\/home\/#organization"},"potentialAction":[{"@type":"SearchAction","target":{"@type":"EntryPoint","urlTemplate":"https:\/\/baya-shop.com\/home\/?s={search_term_string}"},"query-input":{"@type":"PropertyValueSpecification","valueRequired":true,"valueName":"search_term_string"}}],"inLanguage":"fr-FR"},{"@type":"Organization","@id":"https:\/\/baya-shop.com\/home\/#organization","name":"Baya Shop","url":"https:\/\/baya-shop.com\/home\/","logo":{"@type":"ImageObject","inLanguage":"fr-FR","@id":"https:\/\/baya-shop.com\/home\/#\/schema\/logo\/image\/","url":"https:\/\/baya-shop.com\/wp-content\/uploads\/2020\/11\/g.png","contentUrl":"https:\/\/baya-shop.com\/wp-content\/uploads\/2020\/11\/g.png","width":64,"height":64,"caption":"Baya Shop"},"image":{"@id":"https:\/\/baya-shop.com\/home\/#\/schema\/logo\/image\/"},"sameAs":["https:\/\/www.facebook.com\/Baya-Shop-103955257949742","https:\/\/www.instagram.com\/baya_shop_dz\/"]}]}},"jetpack_publicize_connections":[],"jetpack_sharing_enabled":true,"jetpack_likes_enabled":true,"jetpack-related-posts":[],"_links":{"self":[{"href":"https:\/\/baya-shop.com\/home\/wp-json\/wp\/v2\/product\/2091","targetHints":{"allow":["GET"]}}],"collection":[{"href":"https:\/\/baya-shop.com\/home\/wp-json\/wp\/v2\/product"}],"about":[{"href":"https:\/\/baya-shop.com\/home\/wp-json\/wp\/v2\/types\/product"}],"replies":[{"embeddable":true,"href":"https:\/\/baya-shop.com\/home\/wp-json\/wp\/v2\/comments?post=2091"}],"wp:featuredmedia":[{"embeddable":true,"href":"https:\/\/baya-shop.com\/home\/wp-json\/wp\/v2\/media\/3355"}],"wp:attachment":[{"href":"https:\/\/baya-shop.com\/home\/wp-json\/wp\/v2\/media?parent=2091"}],"wp:term":[{"taxonomy":"product_brand","embeddable":true,"href":"https:\/\/baya-shop.com\/home\/wp-json\/wp\/v2\/product_brand?post=2091"},{"taxonomy":"product_cat","embeddable":true,"href":"https:\/\/baya-shop.com\/home\/wp-json\/wp\/v2\/product_cat?post=2091"},{"taxonomy":"product_tag","embeddable":true,"href":"https:\/\/baya-shop.com\/home\/wp-json\/wp\/v2\/product_tag?post=2091"}],"curies":[{"name":"wp","href":"https:\/\/api.w.org\/{rel}","templated":true}]}}