{"id":2039,"date":"2023-08-03T12:23:40","date_gmt":"2023-08-03T11:23:40","guid":{"rendered":"https:\/\/baya-shop.com\/home\/?post_type=product&#038;p=2039"},"modified":"2025-08-16T13:41:08","modified_gmt":"2025-08-16T12:41:08","slug":"babyliss-pro-boucleur-professionnel-extra-long-en-titane-diamant-10mm-bab2470tde","status":"publish","type":"product","link":"https:\/\/baya-shop.com\/home\/product\/babyliss-pro-boucleur-professionnel-extra-long-en-titane-diamant-10mm-bab2470tde\/","title":{"rendered":"Babyliss Pro Boucleur Extra Long Titane Diamant BAB2470TDE"},"content":{"rendered":"","protected":false},"excerpt":{"rendered":"<p>Le tube chauffant extr\u00eamement long vous permet d&rsquo;obtenir 60% de boucles en plus !L&rsquo;outil parfait pour une utilisation sur cheveux longs et tr\u00e8s longs.<\/p>\n<p>Technologie Titane Diamant<br \/>\nLe rev\u00eatement du tube chauffant Titanium Diamond Technology permet un coiffage plus rapide et des finitions impeccables.<\/p>\n<p>Le titane fusionn\u00e9 avec de la poudre de diamant garantit<br \/>\nparfaite r\u00e9sistance aux hautes temp\u00e9ratures et \u00e0 l&rsquo;usure due \u00e0 une utilisation professionnelle intense.<\/p>\n<p>Ces outils ont 30 r\u00e9glages de temp\u00e9rature \u00e0 partir de 135 \u00b0 C pour la protection de tous les types de cheveux jusqu&rsquo;\u00e0 220 \u00b0 pour garantir des r\u00e9sultats durables m\u00eame sur les cheveux les plus difficiles.<\/p>\n<p>Le voyant clignote jusqu&rsquo;\u00e0 ce que la temp\u00e9rature s\u00e9lectionn\u00e9e soit atteinte.<br \/>\nSi l&rsquo;instrument n&rsquo;est pas utilis\u00e9 pendant plus de 72 minutes, il s&rsquo;\u00e9teindra automatiquement.<br \/>\nL&rsquo;arr\u00eat automatique augmente la dur\u00e9e de vie du produit et offre une plus grande s\u00e9curit\u00e9. Ces fers \u00e0 friser sont \u00e9quip\u00e9s d&rsquo;un support int\u00e9gr\u00e9 qui vous permet de maintenir l&rsquo;outil stable apr\u00e8s utilisation, prot\u00e9geant ainsi les surfaces. Il est \u00e9galement \u00e9quip\u00e9 d&rsquo;un tapis et d&rsquo;un gant de coiffage thermique.<\/p>\n<p>Caract\u00e9ristiques:<br \/>\nInterrupteur de fonctionnement avec voyant lumineux<br \/>\nArr\u00eat automatique apr\u00e8s 72 minutes<br \/>\n30 niveaux de r\u00e9gulation de temp\u00e9rature (de 135\u02daC \u00e0 220\u00b0C) \u2022 Embout isolant<br \/>\nCordon pivotant de 2,70 m<br \/>\nSupport m\u00e9tallique int\u00e9gr\u00e9<br \/>\nTapis isolant et gant de protection thermique<br \/>\n10 mm<\/p>\n","protected":false},"featured_media":3563,"comment_status":"open","ping_status":"closed","template":"","meta":{"jetpack_post_was_ever_published":false,"jetpack_publicize_message":"","jetpack_publicize_feature_enabled":true,"jetpack_social_post_already_shared":false,"jetpack_social_options":{"image_generator_settings":{"template":"highway","default_image_id":0,"font":"","enabled":false},"version":2}},"product_brand":[],"product_cat":[64,17],"product_tag":[],"class_list":{"0":"post-2039","1":"product","2":"type-product","3":"status-publish","4":"has-post-thumbnail","6":"product_cat-babyliss-pro","7":"product_cat-boucleur","9":"first","10":"outofstock","11":"shipping-taxable","12":"purchasable","13":"product-type-simple"},"yoast_head":"<!-- This site is optimized with the Yoast SEO plugin v27.4 - https:\/\/yoast.com\/product\/yoast-seo-wordpress\/ -->\n<title>Babyliss Pro Boucleur Extra Long Titane Diamant BAB2470TDE - Baya Shop<\/title>\n<meta name=\"description\" content=\"Le tube chauffant extr\u00eamement long vous permet d&#039;obtenir 60% de boucles en plus !L&#039;outil parfait pour une utilisation sur cheveux longs et tr\u00e8s longs.  Technologie Titane Diamant Le rev\u00eatement du tube chauffant Titanium Diamond Technology permet un coiffage plus rapide et des finitions impeccables.  Le titane fusionn\u00e9 avec de la poudre de diamant garantit parfaite r\u00e9sistance aux hautes temp\u00e9ratures et \u00e0 l&#039;usure due \u00e0 une utilisation professionnelle intense.  Ces outils ont 30 r\u00e9glages de temp\u00e9rature \u00e0 partir de 135 \u00b0 C pour la protection de tous les types de cheveux jusqu&#039;\u00e0 220 \u00b0 pour garantir des r\u00e9sultats durables m\u00eame sur les cheveux les plus difficiles.  Le voyant clignote jusqu&#039;\u00e0 ce que la temp\u00e9rature s\u00e9lectionn\u00e9e soit atteinte. Si l&#039;instrument n&#039;est pas utilis\u00e9 pendant plus de 72 minutes, il s&#039;\u00e9teindra automatiquement. L&#039;arr\u00eat automatique augmente la dur\u00e9e de vie du produit et offre une plus grande s\u00e9curit\u00e9. Ces fers \u00e0 friser sont \u00e9quip\u00e9s d&#039;un support int\u00e9gr\u00e9 qui vous permet de maintenir l&#039;outil stable apr\u00e8s utilisation, prot\u00e9geant ainsi les surfaces. Il est \u00e9galement \u00e9quip\u00e9 d&#039;un tapis et d&#039;un gant de coiffage thermique.  Caract\u00e9ristiques: Interrupteur de fonctionnement avec voyant lumineux Arr\u00eat automatique apr\u00e8s 72 minutes 30 niveaux de r\u00e9gulation de temp\u00e9rature (de 135\u02daC \u00e0 220\u00b0C) \u2022 Embout isolant Cordon pivotant de 2,70 m Support m\u00e9tallique int\u00e9gr\u00e9 Tapis isolant et gant de protection thermique 10 mm\" \/>\n<meta name=\"robots\" content=\"index, follow, max-snippet:-1, max-image-preview:large, max-video-preview:-1\" \/>\n<link rel=\"canonical\" href=\"https:\/\/baya-shop.com\/home\/product\/babyliss-pro-boucleur-professionnel-extra-long-en-titane-diamant-10mm-bab2470tde\/\" \/>\n<meta property=\"og:locale\" content=\"fr_FR\" \/>\n<meta property=\"og:type\" content=\"article\" \/>\n<meta property=\"og:title\" content=\"Babyliss Pro Boucleur Extra Long Titane Diamant BAB2470TDE - Baya Shop\" \/>\n<meta property=\"og:description\" content=\"Le tube chauffant extr\u00eamement long vous permet d&#039;obtenir 60% de boucles en plus !L&#039;outil parfait pour une utilisation sur cheveux longs et tr\u00e8s longs.  Technologie Titane Diamant Le rev\u00eatement du tube chauffant Titanium Diamond Technology permet un coiffage plus rapide et des finitions impeccables.  Le titane fusionn\u00e9 avec de la poudre de diamant garantit parfaite r\u00e9sistance aux hautes temp\u00e9ratures et \u00e0 l&#039;usure due \u00e0 une utilisation professionnelle intense.  Ces outils ont 30 r\u00e9glages de temp\u00e9rature \u00e0 partir de 135 \u00b0 C pour la protection de tous les types de cheveux jusqu&#039;\u00e0 220 \u00b0 pour garantir des r\u00e9sultats durables m\u00eame sur les cheveux les plus difficiles.  Le voyant clignote jusqu&#039;\u00e0 ce que la temp\u00e9rature s\u00e9lectionn\u00e9e soit atteinte. Si l&#039;instrument n&#039;est pas utilis\u00e9 pendant plus de 72 minutes, il s&#039;\u00e9teindra automatiquement. L&#039;arr\u00eat automatique augmente la dur\u00e9e de vie du produit et offre une plus grande s\u00e9curit\u00e9. Ces fers \u00e0 friser sont \u00e9quip\u00e9s d&#039;un support int\u00e9gr\u00e9 qui vous permet de maintenir l&#039;outil stable apr\u00e8s utilisation, prot\u00e9geant ainsi les surfaces. Il est \u00e9galement \u00e9quip\u00e9 d&#039;un tapis et d&#039;un gant de coiffage thermique.  Caract\u00e9ristiques: Interrupteur de fonctionnement avec voyant lumineux Arr\u00eat automatique apr\u00e8s 72 minutes 30 niveaux de r\u00e9gulation de temp\u00e9rature (de 135\u02daC \u00e0 220\u00b0C) \u2022 Embout isolant Cordon pivotant de 2,70 m Support m\u00e9tallique int\u00e9gr\u00e9 Tapis isolant et gant de protection thermique 10 mm\" \/>\n<meta property=\"og:url\" content=\"https:\/\/baya-shop.com\/home\/product\/babyliss-pro-boucleur-professionnel-extra-long-en-titane-diamant-10mm-bab2470tde\/\" \/>\n<meta property=\"og:site_name\" content=\"Baya Shop\" \/>\n<meta property=\"article:publisher\" content=\"https:\/\/www.facebook.com\/Baya-Shop-103955257949742\" \/>\n<meta property=\"article:modified_time\" content=\"2025-08-16T12:41:08+00:00\" \/>\n<meta property=\"og:image\" content=\"https:\/\/baya-shop.com\/wp-content\/uploads\/2023\/08\/babyliss-pro-advanced-curl-krollejern-bab2470tde-pdp_zoom-3000-pdp_main-540.jpg\" \/>\n\t<meta property=\"og:image:width\" content=\"540\" \/>\n\t<meta property=\"og:image:height\" content=\"540\" \/>\n\t<meta property=\"og:image:type\" content=\"image\/jpeg\" \/>\n<meta name=\"twitter:card\" content=\"summary_large_image\" \/>\n<meta name=\"twitter:label1\" content=\"Dur\u00e9e de lecture estim\u00e9e\" \/>\n\t<meta name=\"twitter:data1\" content=\"1 minute\" \/>\n<script type=\"application\/ld+json\" class=\"yoast-schema-graph\">{\"@context\":\"https:\\\/\\\/schema.org\",\"@graph\":[{\"@type\":\"WebPage\",\"@id\":\"https:\\\/\\\/baya-shop.com\\\/home\\\/product\\\/babyliss-pro-boucleur-professionnel-extra-long-en-titane-diamant-10mm-bab2470tde\\\/\",\"url\":\"https:\\\/\\\/baya-shop.com\\\/home\\\/product\\\/babyliss-pro-boucleur-professionnel-extra-long-en-titane-diamant-10mm-bab2470tde\\\/\",\"name\":\"Babyliss Pro Boucleur Extra Long Titane Diamant BAB2470TDE - Baya Shop\",\"isPartOf\":{\"@id\":\"https:\\\/\\\/baya-shop.com\\\/home\\\/#website\"},\"primaryImageOfPage\":{\"@id\":\"https:\\\/\\\/baya-shop.com\\\/home\\\/product\\\/babyliss-pro-boucleur-professionnel-extra-long-en-titane-diamant-10mm-bab2470tde\\\/#primaryimage\"},\"image\":{\"@id\":\"https:\\\/\\\/baya-shop.com\\\/home\\\/product\\\/babyliss-pro-boucleur-professionnel-extra-long-en-titane-diamant-10mm-bab2470tde\\\/#primaryimage\"},\"thumbnailUrl\":\"https:\\\/\\\/i0.wp.com\\\/baya-shop.com\\\/wp-content\\\/uploads\\\/2023\\\/08\\\/babyliss-pro-advanced-curl-krollejern-bab2470tde-pdp_zoom-3000-pdp_main-540.jpg?fit=540%2C540&ssl=1\",\"datePublished\":\"2023-08-03T11:23:40+00:00\",\"dateModified\":\"2025-08-16T12:41:08+00:00\",\"description\":\"Le tube chauffant extr\u00eamement long vous permet d'obtenir 60% de boucles en plus !L'outil parfait pour une utilisation sur cheveux longs et tr\u00e8s longs. Technologie Titane Diamant Le rev\u00eatement du tube chauffant Titanium Diamond Technology permet un coiffage plus rapide et des finitions impeccables. Le titane fusionn\u00e9 avec de la poudre de diamant garantit parfaite r\u00e9sistance aux hautes temp\u00e9ratures et \u00e0 l'usure due \u00e0 une utilisation professionnelle intense. Ces outils ont 30 r\u00e9glages de temp\u00e9rature \u00e0 partir de 135 \u00b0 C pour la protection de tous les types de cheveux jusqu'\u00e0 220 \u00b0 pour garantir des r\u00e9sultats durables m\u00eame sur les cheveux les plus difficiles. Le voyant clignote jusqu'\u00e0 ce que la temp\u00e9rature s\u00e9lectionn\u00e9e soit atteinte. Si l'instrument n'est pas utilis\u00e9 pendant plus de 72 minutes, il s'\u00e9teindra automatiquement. L'arr\u00eat automatique augmente la dur\u00e9e de vie du produit et offre une plus grande s\u00e9curit\u00e9. Ces fers \u00e0 friser sont \u00e9quip\u00e9s d'un support int\u00e9gr\u00e9 qui vous permet de maintenir l'outil stable apr\u00e8s utilisation, prot\u00e9geant ainsi les surfaces. Il est \u00e9galement \u00e9quip\u00e9 d'un tapis et d'un gant de coiffage thermique. Caract\u00e9ristiques: Interrupteur de fonctionnement avec voyant lumineux Arr\u00eat automatique apr\u00e8s 72 minutes 30 niveaux de r\u00e9gulation de temp\u00e9rature (de 135\u02daC \u00e0 220\u00b0C) \u2022 Embout isolant Cordon pivotant de 2,70 m Support m\u00e9tallique int\u00e9gr\u00e9 Tapis isolant et gant de protection thermique 10 mm\",\"breadcrumb\":{\"@id\":\"https:\\\/\\\/baya-shop.com\\\/home\\\/product\\\/babyliss-pro-boucleur-professionnel-extra-long-en-titane-diamant-10mm-bab2470tde\\\/#breadcrumb\"},\"inLanguage\":\"fr-FR\",\"potentialAction\":[{\"@type\":\"ReadAction\",\"target\":[\"https:\\\/\\\/baya-shop.com\\\/home\\\/product\\\/babyliss-pro-boucleur-professionnel-extra-long-en-titane-diamant-10mm-bab2470tde\\\/\"]}]},{\"@type\":\"ImageObject\",\"inLanguage\":\"fr-FR\",\"@id\":\"https:\\\/\\\/baya-shop.com\\\/home\\\/product\\\/babyliss-pro-boucleur-professionnel-extra-long-en-titane-diamant-10mm-bab2470tde\\\/#primaryimage\",\"url\":\"https:\\\/\\\/i0.wp.com\\\/baya-shop.com\\\/wp-content\\\/uploads\\\/2023\\\/08\\\/babyliss-pro-advanced-curl-krollejern-bab2470tde-pdp_zoom-3000-pdp_main-540.jpg?fit=540%2C540&ssl=1\",\"contentUrl\":\"https:\\\/\\\/i0.wp.com\\\/baya-shop.com\\\/wp-content\\\/uploads\\\/2023\\\/08\\\/babyliss-pro-advanced-curl-krollejern-bab2470tde-pdp_zoom-3000-pdp_main-540.jpg?fit=540%2C540&ssl=1\",\"width\":540,\"height\":540},{\"@type\":\"BreadcrumbList\",\"@id\":\"https:\\\/\\\/baya-shop.com\\\/home\\\/product\\\/babyliss-pro-boucleur-professionnel-extra-long-en-titane-diamant-10mm-bab2470tde\\\/#breadcrumb\",\"itemListElement\":[{\"@type\":\"ListItem\",\"position\":1,\"name\":\"Accueil\",\"item\":\"https:\\\/\\\/baya-shop.com\\\/home\\\/\"},{\"@type\":\"ListItem\",\"position\":2,\"name\":\"Shop\",\"item\":\"https:\\\/\\\/baya-shop.com\\\/home\\\/shop\\\/\"},{\"@type\":\"ListItem\",\"position\":3,\"name\":\"Babyliss Pro Boucleur Extra Long Titane Diamant BAB2470TDE\"}]},{\"@type\":\"WebSite\",\"@id\":\"https:\\\/\\\/baya-shop.com\\\/home\\\/#website\",\"url\":\"https:\\\/\\\/baya-shop.com\\\/home\\\/\",\"name\":\"Baya Shop\",\"description\":\"\",\"publisher\":{\"@id\":\"https:\\\/\\\/baya-shop.com\\\/home\\\/#organization\"},\"potentialAction\":[{\"@type\":\"SearchAction\",\"target\":{\"@type\":\"EntryPoint\",\"urlTemplate\":\"https:\\\/\\\/baya-shop.com\\\/home\\\/?s={search_term_string}\"},\"query-input\":{\"@type\":\"PropertyValueSpecification\",\"valueRequired\":true,\"valueName\":\"search_term_string\"}}],\"inLanguage\":\"fr-FR\"},{\"@type\":\"Organization\",\"@id\":\"https:\\\/\\\/baya-shop.com\\\/home\\\/#organization\",\"name\":\"Baya Shop\",\"url\":\"https:\\\/\\\/baya-shop.com\\\/home\\\/\",\"logo\":{\"@type\":\"ImageObject\",\"inLanguage\":\"fr-FR\",\"@id\":\"https:\\\/\\\/baya-shop.com\\\/home\\\/#\\\/schema\\\/logo\\\/image\\\/\",\"url\":\"https:\\\/\\\/baya-shop.com\\\/wp-content\\\/uploads\\\/2020\\\/11\\\/g.png\",\"contentUrl\":\"https:\\\/\\\/baya-shop.com\\\/wp-content\\\/uploads\\\/2020\\\/11\\\/g.png\",\"width\":64,\"height\":64,\"caption\":\"Baya Shop\"},\"image\":{\"@id\":\"https:\\\/\\\/baya-shop.com\\\/home\\\/#\\\/schema\\\/logo\\\/image\\\/\"},\"sameAs\":[\"https:\\\/\\\/www.facebook.com\\\/Baya-Shop-103955257949742\",\"https:\\\/\\\/www.instagram.com\\\/baya_shop_dz\\\/\"]}]}<\/script>\n<!-- \/ Yoast SEO plugin. -->","yoast_head_json":{"title":"Babyliss Pro Boucleur Extra Long Titane Diamant BAB2470TDE - Baya Shop","description":"Le tube chauffant extr\u00eamement long vous permet d'obtenir 60% de boucles en plus !L'outil parfait pour une utilisation sur cheveux longs et tr\u00e8s longs.  Technologie Titane Diamant Le rev\u00eatement du tube chauffant Titanium Diamond Technology permet un coiffage plus rapide et des finitions impeccables.  Le titane fusionn\u00e9 avec de la poudre de diamant garantit parfaite r\u00e9sistance aux hautes temp\u00e9ratures et \u00e0 l'usure due \u00e0 une utilisation professionnelle intense.  Ces outils ont 30 r\u00e9glages de temp\u00e9rature \u00e0 partir de 135 \u00b0 C pour la protection de tous les types de cheveux jusqu'\u00e0 220 \u00b0 pour garantir des r\u00e9sultats durables m\u00eame sur les cheveux les plus difficiles.  Le voyant clignote jusqu'\u00e0 ce que la temp\u00e9rature s\u00e9lectionn\u00e9e soit atteinte. Si l'instrument n'est pas utilis\u00e9 pendant plus de 72 minutes, il s'\u00e9teindra automatiquement. L'arr\u00eat automatique augmente la dur\u00e9e de vie du produit et offre une plus grande s\u00e9curit\u00e9. Ces fers \u00e0 friser sont \u00e9quip\u00e9s d'un support int\u00e9gr\u00e9 qui vous permet de maintenir l'outil stable apr\u00e8s utilisation, prot\u00e9geant ainsi les surfaces. Il est \u00e9galement \u00e9quip\u00e9 d'un tapis et d'un gant de coiffage thermique.  Caract\u00e9ristiques: Interrupteur de fonctionnement avec voyant lumineux Arr\u00eat automatique apr\u00e8s 72 minutes 30 niveaux de r\u00e9gulation de temp\u00e9rature (de 135\u02daC \u00e0 220\u00b0C) \u2022 Embout isolant Cordon pivotant de 2,70 m Support m\u00e9tallique int\u00e9gr\u00e9 Tapis isolant et gant de protection thermique 10 mm","robots":{"index":"index","follow":"follow","max-snippet":"max-snippet:-1","max-image-preview":"max-image-preview:large","max-video-preview":"max-video-preview:-1"},"canonical":"https:\/\/baya-shop.com\/home\/product\/babyliss-pro-boucleur-professionnel-extra-long-en-titane-diamant-10mm-bab2470tde\/","og_locale":"fr_FR","og_type":"article","og_title":"Babyliss Pro Boucleur Extra Long Titane Diamant BAB2470TDE - Baya Shop","og_description":"Le tube chauffant extr\u00eamement long vous permet d'obtenir 60% de boucles en plus !L'outil parfait pour une utilisation sur cheveux longs et tr\u00e8s longs.  Technologie Titane Diamant Le rev\u00eatement du tube chauffant Titanium Diamond Technology permet un coiffage plus rapide et des finitions impeccables.  Le titane fusionn\u00e9 avec de la poudre de diamant garantit parfaite r\u00e9sistance aux hautes temp\u00e9ratures et \u00e0 l'usure due \u00e0 une utilisation professionnelle intense.  Ces outils ont 30 r\u00e9glages de temp\u00e9rature \u00e0 partir de 135 \u00b0 C pour la protection de tous les types de cheveux jusqu'\u00e0 220 \u00b0 pour garantir des r\u00e9sultats durables m\u00eame sur les cheveux les plus difficiles.  Le voyant clignote jusqu'\u00e0 ce que la temp\u00e9rature s\u00e9lectionn\u00e9e soit atteinte. Si l'instrument n'est pas utilis\u00e9 pendant plus de 72 minutes, il s'\u00e9teindra automatiquement. L'arr\u00eat automatique augmente la dur\u00e9e de vie du produit et offre une plus grande s\u00e9curit\u00e9. Ces fers \u00e0 friser sont \u00e9quip\u00e9s d'un support int\u00e9gr\u00e9 qui vous permet de maintenir l'outil stable apr\u00e8s utilisation, prot\u00e9geant ainsi les surfaces. Il est \u00e9galement \u00e9quip\u00e9 d'un tapis et d'un gant de coiffage thermique.  Caract\u00e9ristiques: Interrupteur de fonctionnement avec voyant lumineux Arr\u00eat automatique apr\u00e8s 72 minutes 30 niveaux de r\u00e9gulation de temp\u00e9rature (de 135\u02daC \u00e0 220\u00b0C) \u2022 Embout isolant Cordon pivotant de 2,70 m Support m\u00e9tallique int\u00e9gr\u00e9 Tapis isolant et gant de protection thermique 10 mm","og_url":"https:\/\/baya-shop.com\/home\/product\/babyliss-pro-boucleur-professionnel-extra-long-en-titane-diamant-10mm-bab2470tde\/","og_site_name":"Baya Shop","article_publisher":"https:\/\/www.facebook.com\/Baya-Shop-103955257949742","article_modified_time":"2025-08-16T12:41:08+00:00","og_image":[{"width":540,"height":540,"url":"https:\/\/baya-shop.com\/wp-content\/uploads\/2023\/08\/babyliss-pro-advanced-curl-krollejern-bab2470tde-pdp_zoom-3000-pdp_main-540.jpg","type":"image\/jpeg"}],"twitter_card":"summary_large_image","twitter_misc":{"Dur\u00e9e de lecture estim\u00e9e":"1 minute"},"schema":{"@context":"https:\/\/schema.org","@graph":[{"@type":"WebPage","@id":"https:\/\/baya-shop.com\/home\/product\/babyliss-pro-boucleur-professionnel-extra-long-en-titane-diamant-10mm-bab2470tde\/","url":"https:\/\/baya-shop.com\/home\/product\/babyliss-pro-boucleur-professionnel-extra-long-en-titane-diamant-10mm-bab2470tde\/","name":"Babyliss Pro Boucleur Extra Long Titane Diamant BAB2470TDE - Baya Shop","isPartOf":{"@id":"https:\/\/baya-shop.com\/home\/#website"},"primaryImageOfPage":{"@id":"https:\/\/baya-shop.com\/home\/product\/babyliss-pro-boucleur-professionnel-extra-long-en-titane-diamant-10mm-bab2470tde\/#primaryimage"},"image":{"@id":"https:\/\/baya-shop.com\/home\/product\/babyliss-pro-boucleur-professionnel-extra-long-en-titane-diamant-10mm-bab2470tde\/#primaryimage"},"thumbnailUrl":"https:\/\/i0.wp.com\/baya-shop.com\/wp-content\/uploads\/2023\/08\/babyliss-pro-advanced-curl-krollejern-bab2470tde-pdp_zoom-3000-pdp_main-540.jpg?fit=540%2C540&ssl=1","datePublished":"2023-08-03T11:23:40+00:00","dateModified":"2025-08-16T12:41:08+00:00","description":"Le tube chauffant extr\u00eamement long vous permet d'obtenir 60% de boucles en plus !L'outil parfait pour une utilisation sur cheveux longs et tr\u00e8s longs. Technologie Titane Diamant Le rev\u00eatement du tube chauffant Titanium Diamond Technology permet un coiffage plus rapide et des finitions impeccables. Le titane fusionn\u00e9 avec de la poudre de diamant garantit parfaite r\u00e9sistance aux hautes temp\u00e9ratures et \u00e0 l'usure due \u00e0 une utilisation professionnelle intense. Ces outils ont 30 r\u00e9glages de temp\u00e9rature \u00e0 partir de 135 \u00b0 C pour la protection de tous les types de cheveux jusqu'\u00e0 220 \u00b0 pour garantir des r\u00e9sultats durables m\u00eame sur les cheveux les plus difficiles. Le voyant clignote jusqu'\u00e0 ce que la temp\u00e9rature s\u00e9lectionn\u00e9e soit atteinte. Si l'instrument n'est pas utilis\u00e9 pendant plus de 72 minutes, il s'\u00e9teindra automatiquement. L'arr\u00eat automatique augmente la dur\u00e9e de vie du produit et offre une plus grande s\u00e9curit\u00e9. Ces fers \u00e0 friser sont \u00e9quip\u00e9s d'un support int\u00e9gr\u00e9 qui vous permet de maintenir l'outil stable apr\u00e8s utilisation, prot\u00e9geant ainsi les surfaces. Il est \u00e9galement \u00e9quip\u00e9 d'un tapis et d'un gant de coiffage thermique. Caract\u00e9ristiques: Interrupteur de fonctionnement avec voyant lumineux Arr\u00eat automatique apr\u00e8s 72 minutes 30 niveaux de r\u00e9gulation de temp\u00e9rature (de 135\u02daC \u00e0 220\u00b0C) \u2022 Embout isolant Cordon pivotant de 2,70 m Support m\u00e9tallique int\u00e9gr\u00e9 Tapis isolant et gant de protection thermique 10 mm","breadcrumb":{"@id":"https:\/\/baya-shop.com\/home\/product\/babyliss-pro-boucleur-professionnel-extra-long-en-titane-diamant-10mm-bab2470tde\/#breadcrumb"},"inLanguage":"fr-FR","potentialAction":[{"@type":"ReadAction","target":["https:\/\/baya-shop.com\/home\/product\/babyliss-pro-boucleur-professionnel-extra-long-en-titane-diamant-10mm-bab2470tde\/"]}]},{"@type":"ImageObject","inLanguage":"fr-FR","@id":"https:\/\/baya-shop.com\/home\/product\/babyliss-pro-boucleur-professionnel-extra-long-en-titane-diamant-10mm-bab2470tde\/#primaryimage","url":"https:\/\/i0.wp.com\/baya-shop.com\/wp-content\/uploads\/2023\/08\/babyliss-pro-advanced-curl-krollejern-bab2470tde-pdp_zoom-3000-pdp_main-540.jpg?fit=540%2C540&ssl=1","contentUrl":"https:\/\/i0.wp.com\/baya-shop.com\/wp-content\/uploads\/2023\/08\/babyliss-pro-advanced-curl-krollejern-bab2470tde-pdp_zoom-3000-pdp_main-540.jpg?fit=540%2C540&ssl=1","width":540,"height":540},{"@type":"BreadcrumbList","@id":"https:\/\/baya-shop.com\/home\/product\/babyliss-pro-boucleur-professionnel-extra-long-en-titane-diamant-10mm-bab2470tde\/#breadcrumb","itemListElement":[{"@type":"ListItem","position":1,"name":"Accueil","item":"https:\/\/baya-shop.com\/home\/"},{"@type":"ListItem","position":2,"name":"Shop","item":"https:\/\/baya-shop.com\/home\/shop\/"},{"@type":"ListItem","position":3,"name":"Babyliss Pro Boucleur Extra Long Titane Diamant BAB2470TDE"}]},{"@type":"WebSite","@id":"https:\/\/baya-shop.com\/home\/#website","url":"https:\/\/baya-shop.com\/home\/","name":"Baya Shop","description":"","publisher":{"@id":"https:\/\/baya-shop.com\/home\/#organization"},"potentialAction":[{"@type":"SearchAction","target":{"@type":"EntryPoint","urlTemplate":"https:\/\/baya-shop.com\/home\/?s={search_term_string}"},"query-input":{"@type":"PropertyValueSpecification","valueRequired":true,"valueName":"search_term_string"}}],"inLanguage":"fr-FR"},{"@type":"Organization","@id":"https:\/\/baya-shop.com\/home\/#organization","name":"Baya Shop","url":"https:\/\/baya-shop.com\/home\/","logo":{"@type":"ImageObject","inLanguage":"fr-FR","@id":"https:\/\/baya-shop.com\/home\/#\/schema\/logo\/image\/","url":"https:\/\/baya-shop.com\/wp-content\/uploads\/2020\/11\/g.png","contentUrl":"https:\/\/baya-shop.com\/wp-content\/uploads\/2020\/11\/g.png","width":64,"height":64,"caption":"Baya Shop"},"image":{"@id":"https:\/\/baya-shop.com\/home\/#\/schema\/logo\/image\/"},"sameAs":["https:\/\/www.facebook.com\/Baya-Shop-103955257949742","https:\/\/www.instagram.com\/baya_shop_dz\/"]}]}},"jetpack_publicize_connections":[],"jetpack_sharing_enabled":true,"jetpack_likes_enabled":true,"jetpack-related-posts":[],"_links":{"self":[{"href":"https:\/\/baya-shop.com\/home\/wp-json\/wp\/v2\/product\/2039","targetHints":{"allow":["GET"]}}],"collection":[{"href":"https:\/\/baya-shop.com\/home\/wp-json\/wp\/v2\/product"}],"about":[{"href":"https:\/\/baya-shop.com\/home\/wp-json\/wp\/v2\/types\/product"}],"replies":[{"embeddable":true,"href":"https:\/\/baya-shop.com\/home\/wp-json\/wp\/v2\/comments?post=2039"}],"wp:featuredmedia":[{"embeddable":true,"href":"https:\/\/baya-shop.com\/home\/wp-json\/wp\/v2\/media\/3563"}],"wp:attachment":[{"href":"https:\/\/baya-shop.com\/home\/wp-json\/wp\/v2\/media?parent=2039"}],"wp:term":[{"taxonomy":"product_brand","embeddable":true,"href":"https:\/\/baya-shop.com\/home\/wp-json\/wp\/v2\/product_brand?post=2039"},{"taxonomy":"product_cat","embeddable":true,"href":"https:\/\/baya-shop.com\/home\/wp-json\/wp\/v2\/product_cat?post=2039"},{"taxonomy":"product_tag","embeddable":true,"href":"https:\/\/baya-shop.com\/home\/wp-json\/wp\/v2\/product_tag?post=2039"}],"curies":[{"name":"wp","href":"https:\/\/api.w.org\/{rel}","templated":true}]}}