{"id":202,"date":"2020-11-21T14:43:59","date_gmt":"2020-11-21T13:43:59","guid":{"rendered":"https:\/\/baya-shop.com\/?post_type=product&#038;p=202"},"modified":"2026-01-04T18:08:42","modified_gmt":"2026-01-04T17:08:42","slug":"remington-lisseur-s9300","status":"publish","type":"product","link":"https:\/\/baya-shop.com\/home\/product\/remington-lisseur-s9300\/","title":{"rendered":"REMINGTON Lisseur shine therapy pro S9300"},"content":{"rendered":"","protected":false},"excerpt":{"rendered":"<p>Technologie 3 X Brillance : \u00e9limine instantan\u00e9ment les frisottis pour une brillance et une douceur exceptionnelles<br \/>\n&#8211; Rev\u00eatement Advanced Ceramic infus\u00e9 d&rsquo;un soin \u00e0 l&rsquo;huile d&rsquo;argan marocaine<br \/>\n&#8211; Technologie Super Ionique : diffuse 2x plus d&rsquo;ions*<br \/>\n&#8211; Syst\u00e8me de chauffe professionnel : les capteurs int\u00e9gr\u00e9s assurent une temp\u00e9rature constante sans perte de chaleur lors du coiffage<br \/>\nEcran digital : 9 temp\u00e9ratures de 150 \u00e0 230\u00b0C<br \/>\nR\u00e9sultats salon rapides : pr\u00eat en 15 secondes<br \/>\nPlaques flottantes 110 mm<br \/>\nFonction turbo<br \/>\nFonction m\u00e9moire<br \/>\nVerrouillage des plaques pour le rangement<br \/>\nArr\u00eat automatique de s\u00e9curit\u00e9 apr\u00e8s 60 minutes<br \/>\nVoltage universel<br \/>\nCordon rotatif de 3m<br \/>\nEmbout de protection thermor\u00e9sistant en silicone<\/p>\n","protected":false},"featured_media":204,"comment_status":"open","ping_status":"closed","template":"","meta":{"jetpack_post_was_ever_published":false,"jetpack_publicize_message":"","jetpack_publicize_feature_enabled":true,"jetpack_social_post_already_shared":false,"jetpack_social_options":{"image_generator_settings":{"template":"highway","default_image_id":0,"font":"","enabled":false},"version":2}},"product_brand":[],"product_cat":[18,46,72,47],"product_tag":[],"class_list":{"0":"post-202","1":"product","2":"type-product","3":"status-publish","4":"has-post-thumbnail","6":"product_cat-lisseur","7":"product_cat-promotion","8":"product_cat-promotion-dete-2024","9":"product_cat-remington","11":"first","12":"instock","13":"shipping-taxable","14":"purchasable","15":"product-type-simple"},"yoast_head":"<!-- This site is optimized with the Yoast SEO plugin v27.5 - https:\/\/yoast.com\/product\/yoast-seo-wordpress\/ -->\n<title>REMINGTON Lisseur shine therapy pro S9300 - Baya Shop<\/title>\n<meta name=\"description\" content=\"Technologie 3 X Brillance : \u00e9limine instantan\u00e9ment les frisottis pour une brillance et une douceur exceptionnelles - Rev\u00eatement Advanced Ceramic infus\u00e9 d&#039;un soin \u00e0 l&#039;huile d&#039;argan marocaine - Technologie Super Ionique : diffuse 2x plus d&#039;ions* - Syst\u00e8me de chauffe professionnel : les capteurs int\u00e9gr\u00e9s assurent une temp\u00e9rature constante sans perte de chaleur lors du coiffage Ecran digital : 9 temp\u00e9ratures de 150 \u00e0 230\u00b0C R\u00e9sultats salon rapides : pr\u00eat en 15 secondes Plaques flottantes 110 mm Fonction turbo Fonction m\u00e9moire Verrouillage des plaques pour le rangement Arr\u00eat automatique de s\u00e9curit\u00e9 apr\u00e8s 60 minutes Voltage universel Cordon rotatif de 3m Embout de protection thermor\u00e9sistant en silicone\" \/>\n<meta name=\"robots\" content=\"index, follow, max-snippet:-1, max-image-preview:large, max-video-preview:-1\" \/>\n<link rel=\"canonical\" href=\"https:\/\/baya-shop.com\/home\/product\/remington-lisseur-s9300\/\" \/>\n<meta property=\"og:locale\" content=\"fr_FR\" \/>\n<meta property=\"og:type\" content=\"article\" \/>\n<meta property=\"og:title\" content=\"REMINGTON Lisseur shine therapy pro S9300 - Baya Shop\" \/>\n<meta property=\"og:description\" content=\"Technologie 3 X Brillance : \u00e9limine instantan\u00e9ment les frisottis pour une brillance et une douceur exceptionnelles - Rev\u00eatement Advanced Ceramic infus\u00e9 d&#039;un soin \u00e0 l&#039;huile d&#039;argan marocaine - Technologie Super Ionique : diffuse 2x plus d&#039;ions* - Syst\u00e8me de chauffe professionnel : les capteurs int\u00e9gr\u00e9s assurent une temp\u00e9rature constante sans perte de chaleur lors du coiffage Ecran digital : 9 temp\u00e9ratures de 150 \u00e0 230\u00b0C R\u00e9sultats salon rapides : pr\u00eat en 15 secondes Plaques flottantes 110 mm Fonction turbo Fonction m\u00e9moire Verrouillage des plaques pour le rangement Arr\u00eat automatique de s\u00e9curit\u00e9 apr\u00e8s 60 minutes Voltage universel Cordon rotatif de 3m Embout de protection thermor\u00e9sistant en silicone\" \/>\n<meta property=\"og:url\" content=\"https:\/\/baya-shop.com\/home\/product\/remington-lisseur-s9300\/\" \/>\n<meta property=\"og:site_name\" content=\"Baya Shop\" \/>\n<meta property=\"article:publisher\" content=\"https:\/\/www.facebook.com\/Baya-Shop-103955257949742\" \/>\n<meta property=\"article:modified_time\" content=\"2026-01-04T17:08:42+00:00\" \/>\n<meta property=\"og:image\" content=\"https:\/\/baya-shop.com\/wp-content\/uploads\/2020\/11\/large_45682560100__9688.jpg\" \/>\n\t<meta property=\"og:image:width\" content=\"1000\" \/>\n\t<meta property=\"og:image:height\" content=\"1000\" \/>\n\t<meta property=\"og:image:type\" content=\"image\/jpeg\" \/>\n<meta name=\"twitter:card\" content=\"summary_large_image\" \/>\n<meta name=\"twitter:label1\" content=\"Dur\u00e9e de lecture estim\u00e9e\" \/>\n\t<meta name=\"twitter:data1\" content=\"1 minute\" \/>\n<script type=\"application\/ld+json\" class=\"yoast-schema-graph\">{\"@context\":\"https:\\\/\\\/schema.org\",\"@graph\":[{\"@type\":\"WebPage\",\"@id\":\"https:\\\/\\\/baya-shop.com\\\/home\\\/product\\\/remington-lisseur-s9300\\\/\",\"url\":\"https:\\\/\\\/baya-shop.com\\\/home\\\/product\\\/remington-lisseur-s9300\\\/\",\"name\":\"REMINGTON Lisseur shine therapy pro S9300 - Baya Shop\",\"isPartOf\":{\"@id\":\"https:\\\/\\\/baya-shop.com\\\/home\\\/#website\"},\"primaryImageOfPage\":{\"@id\":\"https:\\\/\\\/baya-shop.com\\\/home\\\/product\\\/remington-lisseur-s9300\\\/#primaryimage\"},\"image\":{\"@id\":\"https:\\\/\\\/baya-shop.com\\\/home\\\/product\\\/remington-lisseur-s9300\\\/#primaryimage\"},\"thumbnailUrl\":\"https:\\\/\\\/i0.wp.com\\\/baya-shop.com\\\/wp-content\\\/uploads\\\/2020\\\/11\\\/large_45682560100__9688.jpg?fit=1000%2C1000&ssl=1\",\"datePublished\":\"2020-11-21T13:43:59+00:00\",\"dateModified\":\"2026-01-04T17:08:42+00:00\",\"description\":\"Technologie 3 X Brillance : \u00e9limine instantan\u00e9ment les frisottis pour une brillance et une douceur exceptionnelles - Rev\u00eatement Advanced Ceramic infus\u00e9 d'un soin \u00e0 l'huile d'argan marocaine - Technologie Super Ionique : diffuse 2x plus d'ions* - Syst\u00e8me de chauffe professionnel : les capteurs int\u00e9gr\u00e9s assurent une temp\u00e9rature constante sans perte de chaleur lors du coiffage Ecran digital : 9 temp\u00e9ratures de 150 \u00e0 230\u00b0C R\u00e9sultats salon rapides : pr\u00eat en 15 secondes Plaques flottantes 110 mm Fonction turbo Fonction m\u00e9moire Verrouillage des plaques pour le rangement Arr\u00eat automatique de s\u00e9curit\u00e9 apr\u00e8s 60 minutes Voltage universel Cordon rotatif de 3m Embout de protection thermor\u00e9sistant en silicone\",\"breadcrumb\":{\"@id\":\"https:\\\/\\\/baya-shop.com\\\/home\\\/product\\\/remington-lisseur-s9300\\\/#breadcrumb\"},\"inLanguage\":\"fr-FR\",\"potentialAction\":[{\"@type\":\"ReadAction\",\"target\":[\"https:\\\/\\\/baya-shop.com\\\/home\\\/product\\\/remington-lisseur-s9300\\\/\"]}]},{\"@type\":\"ImageObject\",\"inLanguage\":\"fr-FR\",\"@id\":\"https:\\\/\\\/baya-shop.com\\\/home\\\/product\\\/remington-lisseur-s9300\\\/#primaryimage\",\"url\":\"https:\\\/\\\/i0.wp.com\\\/baya-shop.com\\\/wp-content\\\/uploads\\\/2020\\\/11\\\/large_45682560100__9688.jpg?fit=1000%2C1000&ssl=1\",\"contentUrl\":\"https:\\\/\\\/i0.wp.com\\\/baya-shop.com\\\/wp-content\\\/uploads\\\/2020\\\/11\\\/large_45682560100__9688.jpg?fit=1000%2C1000&ssl=1\",\"width\":1000,\"height\":1000},{\"@type\":\"BreadcrumbList\",\"@id\":\"https:\\\/\\\/baya-shop.com\\\/home\\\/product\\\/remington-lisseur-s9300\\\/#breadcrumb\",\"itemListElement\":[{\"@type\":\"ListItem\",\"position\":1,\"name\":\"Accueil\",\"item\":\"https:\\\/\\\/baya-shop.com\\\/home\\\/\"},{\"@type\":\"ListItem\",\"position\":2,\"name\":\"Shop\",\"item\":\"https:\\\/\\\/baya-shop.com\\\/home\\\/shop\\\/\"},{\"@type\":\"ListItem\",\"position\":3,\"name\":\"REMINGTON Lisseur shine therapy pro S9300\"}]},{\"@type\":\"WebSite\",\"@id\":\"https:\\\/\\\/baya-shop.com\\\/home\\\/#website\",\"url\":\"https:\\\/\\\/baya-shop.com\\\/home\\\/\",\"name\":\"Baya Shop\",\"description\":\"\",\"publisher\":{\"@id\":\"https:\\\/\\\/baya-shop.com\\\/home\\\/#organization\"},\"potentialAction\":[{\"@type\":\"SearchAction\",\"target\":{\"@type\":\"EntryPoint\",\"urlTemplate\":\"https:\\\/\\\/baya-shop.com\\\/home\\\/?s={search_term_string}\"},\"query-input\":{\"@type\":\"PropertyValueSpecification\",\"valueRequired\":true,\"valueName\":\"search_term_string\"}}],\"inLanguage\":\"fr-FR\"},{\"@type\":\"Organization\",\"@id\":\"https:\\\/\\\/baya-shop.com\\\/home\\\/#organization\",\"name\":\"Baya Shop\",\"url\":\"https:\\\/\\\/baya-shop.com\\\/home\\\/\",\"logo\":{\"@type\":\"ImageObject\",\"inLanguage\":\"fr-FR\",\"@id\":\"https:\\\/\\\/baya-shop.com\\\/home\\\/#\\\/schema\\\/logo\\\/image\\\/\",\"url\":\"https:\\\/\\\/baya-shop.com\\\/wp-content\\\/uploads\\\/2020\\\/11\\\/g.png\",\"contentUrl\":\"https:\\\/\\\/baya-shop.com\\\/wp-content\\\/uploads\\\/2020\\\/11\\\/g.png\",\"width\":64,\"height\":64,\"caption\":\"Baya Shop\"},\"image\":{\"@id\":\"https:\\\/\\\/baya-shop.com\\\/home\\\/#\\\/schema\\\/logo\\\/image\\\/\"},\"sameAs\":[\"https:\\\/\\\/www.facebook.com\\\/Baya-Shop-103955257949742\",\"https:\\\/\\\/www.instagram.com\\\/baya_shop_dz\\\/\"]}]}<\/script>\n<!-- \/ Yoast SEO plugin. -->","yoast_head_json":{"title":"REMINGTON Lisseur shine therapy pro S9300 - Baya Shop","description":"Technologie 3 X Brillance : \u00e9limine instantan\u00e9ment les frisottis pour une brillance et une douceur exceptionnelles - Rev\u00eatement Advanced Ceramic infus\u00e9 d'un soin \u00e0 l'huile d'argan marocaine - Technologie Super Ionique : diffuse 2x plus d'ions* - Syst\u00e8me de chauffe professionnel : les capteurs int\u00e9gr\u00e9s assurent une temp\u00e9rature constante sans perte de chaleur lors du coiffage Ecran digital : 9 temp\u00e9ratures de 150 \u00e0 230\u00b0C R\u00e9sultats salon rapides : pr\u00eat en 15 secondes Plaques flottantes 110 mm Fonction turbo Fonction m\u00e9moire Verrouillage des plaques pour le rangement Arr\u00eat automatique de s\u00e9curit\u00e9 apr\u00e8s 60 minutes Voltage universel Cordon rotatif de 3m Embout de protection thermor\u00e9sistant en silicone","robots":{"index":"index","follow":"follow","max-snippet":"max-snippet:-1","max-image-preview":"max-image-preview:large","max-video-preview":"max-video-preview:-1"},"canonical":"https:\/\/baya-shop.com\/home\/product\/remington-lisseur-s9300\/","og_locale":"fr_FR","og_type":"article","og_title":"REMINGTON Lisseur shine therapy pro S9300 - Baya Shop","og_description":"Technologie 3 X Brillance : \u00e9limine instantan\u00e9ment les frisottis pour une brillance et une douceur exceptionnelles - Rev\u00eatement Advanced Ceramic infus\u00e9 d'un soin \u00e0 l'huile d'argan marocaine - Technologie Super Ionique : diffuse 2x plus d'ions* - Syst\u00e8me de chauffe professionnel : les capteurs int\u00e9gr\u00e9s assurent une temp\u00e9rature constante sans perte de chaleur lors du coiffage Ecran digital : 9 temp\u00e9ratures de 150 \u00e0 230\u00b0C R\u00e9sultats salon rapides : pr\u00eat en 15 secondes Plaques flottantes 110 mm Fonction turbo Fonction m\u00e9moire Verrouillage des plaques pour le rangement Arr\u00eat automatique de s\u00e9curit\u00e9 apr\u00e8s 60 minutes Voltage universel Cordon rotatif de 3m Embout de protection thermor\u00e9sistant en silicone","og_url":"https:\/\/baya-shop.com\/home\/product\/remington-lisseur-s9300\/","og_site_name":"Baya Shop","article_publisher":"https:\/\/www.facebook.com\/Baya-Shop-103955257949742","article_modified_time":"2026-01-04T17:08:42+00:00","og_image":[{"width":1000,"height":1000,"url":"https:\/\/baya-shop.com\/wp-content\/uploads\/2020\/11\/large_45682560100__9688.jpg","type":"image\/jpeg"}],"twitter_card":"summary_large_image","twitter_misc":{"Dur\u00e9e de lecture estim\u00e9e":"1 minute"},"schema":{"@context":"https:\/\/schema.org","@graph":[{"@type":"WebPage","@id":"https:\/\/baya-shop.com\/home\/product\/remington-lisseur-s9300\/","url":"https:\/\/baya-shop.com\/home\/product\/remington-lisseur-s9300\/","name":"REMINGTON Lisseur shine therapy pro S9300 - Baya Shop","isPartOf":{"@id":"https:\/\/baya-shop.com\/home\/#website"},"primaryImageOfPage":{"@id":"https:\/\/baya-shop.com\/home\/product\/remington-lisseur-s9300\/#primaryimage"},"image":{"@id":"https:\/\/baya-shop.com\/home\/product\/remington-lisseur-s9300\/#primaryimage"},"thumbnailUrl":"https:\/\/i0.wp.com\/baya-shop.com\/wp-content\/uploads\/2020\/11\/large_45682560100__9688.jpg?fit=1000%2C1000&ssl=1","datePublished":"2020-11-21T13:43:59+00:00","dateModified":"2026-01-04T17:08:42+00:00","description":"Technologie 3 X Brillance : \u00e9limine instantan\u00e9ment les frisottis pour une brillance et une douceur exceptionnelles - Rev\u00eatement Advanced Ceramic infus\u00e9 d'un soin \u00e0 l'huile d'argan marocaine - Technologie Super Ionique : diffuse 2x plus d'ions* - Syst\u00e8me de chauffe professionnel : les capteurs int\u00e9gr\u00e9s assurent une temp\u00e9rature constante sans perte de chaleur lors du coiffage Ecran digital : 9 temp\u00e9ratures de 150 \u00e0 230\u00b0C R\u00e9sultats salon rapides : pr\u00eat en 15 secondes Plaques flottantes 110 mm Fonction turbo Fonction m\u00e9moire Verrouillage des plaques pour le rangement Arr\u00eat automatique de s\u00e9curit\u00e9 apr\u00e8s 60 minutes Voltage universel Cordon rotatif de 3m Embout de protection thermor\u00e9sistant en silicone","breadcrumb":{"@id":"https:\/\/baya-shop.com\/home\/product\/remington-lisseur-s9300\/#breadcrumb"},"inLanguage":"fr-FR","potentialAction":[{"@type":"ReadAction","target":["https:\/\/baya-shop.com\/home\/product\/remington-lisseur-s9300\/"]}]},{"@type":"ImageObject","inLanguage":"fr-FR","@id":"https:\/\/baya-shop.com\/home\/product\/remington-lisseur-s9300\/#primaryimage","url":"https:\/\/i0.wp.com\/baya-shop.com\/wp-content\/uploads\/2020\/11\/large_45682560100__9688.jpg?fit=1000%2C1000&ssl=1","contentUrl":"https:\/\/i0.wp.com\/baya-shop.com\/wp-content\/uploads\/2020\/11\/large_45682560100__9688.jpg?fit=1000%2C1000&ssl=1","width":1000,"height":1000},{"@type":"BreadcrumbList","@id":"https:\/\/baya-shop.com\/home\/product\/remington-lisseur-s9300\/#breadcrumb","itemListElement":[{"@type":"ListItem","position":1,"name":"Accueil","item":"https:\/\/baya-shop.com\/home\/"},{"@type":"ListItem","position":2,"name":"Shop","item":"https:\/\/baya-shop.com\/home\/shop\/"},{"@type":"ListItem","position":3,"name":"REMINGTON Lisseur shine therapy pro S9300"}]},{"@type":"WebSite","@id":"https:\/\/baya-shop.com\/home\/#website","url":"https:\/\/baya-shop.com\/home\/","name":"Baya Shop","description":"","publisher":{"@id":"https:\/\/baya-shop.com\/home\/#organization"},"potentialAction":[{"@type":"SearchAction","target":{"@type":"EntryPoint","urlTemplate":"https:\/\/baya-shop.com\/home\/?s={search_term_string}"},"query-input":{"@type":"PropertyValueSpecification","valueRequired":true,"valueName":"search_term_string"}}],"inLanguage":"fr-FR"},{"@type":"Organization","@id":"https:\/\/baya-shop.com\/home\/#organization","name":"Baya Shop","url":"https:\/\/baya-shop.com\/home\/","logo":{"@type":"ImageObject","inLanguage":"fr-FR","@id":"https:\/\/baya-shop.com\/home\/#\/schema\/logo\/image\/","url":"https:\/\/baya-shop.com\/wp-content\/uploads\/2020\/11\/g.png","contentUrl":"https:\/\/baya-shop.com\/wp-content\/uploads\/2020\/11\/g.png","width":64,"height":64,"caption":"Baya Shop"},"image":{"@id":"https:\/\/baya-shop.com\/home\/#\/schema\/logo\/image\/"},"sameAs":["https:\/\/www.facebook.com\/Baya-Shop-103955257949742","https:\/\/www.instagram.com\/baya_shop_dz\/"]}]}},"jetpack_publicize_connections":[],"jetpack_sharing_enabled":true,"jetpack_likes_enabled":true,"jetpack-related-posts":[],"_links":{"self":[{"href":"https:\/\/baya-shop.com\/home\/wp-json\/wp\/v2\/product\/202","targetHints":{"allow":["GET"]}}],"collection":[{"href":"https:\/\/baya-shop.com\/home\/wp-json\/wp\/v2\/product"}],"about":[{"href":"https:\/\/baya-shop.com\/home\/wp-json\/wp\/v2\/types\/product"}],"replies":[{"embeddable":true,"href":"https:\/\/baya-shop.com\/home\/wp-json\/wp\/v2\/comments?post=202"}],"wp:featuredmedia":[{"embeddable":true,"href":"https:\/\/baya-shop.com\/home\/wp-json\/wp\/v2\/media\/204"}],"wp:attachment":[{"href":"https:\/\/baya-shop.com\/home\/wp-json\/wp\/v2\/media?parent=202"}],"wp:term":[{"taxonomy":"product_brand","embeddable":true,"href":"https:\/\/baya-shop.com\/home\/wp-json\/wp\/v2\/product_brand?post=202"},{"taxonomy":"product_cat","embeddable":true,"href":"https:\/\/baya-shop.com\/home\/wp-json\/wp\/v2\/product_cat?post=202"},{"taxonomy":"product_tag","embeddable":true,"href":"https:\/\/baya-shop.com\/home\/wp-json\/wp\/v2\/product_tag?post=202"}],"curies":[{"name":"wp","href":"https:\/\/api.w.org\/{rel}","templated":true}]}}