{"id":2017,"date":"2023-08-03T11:11:33","date_gmt":"2023-08-03T10:11:33","guid":{"rendered":"https:\/\/baya-shop.com\/home\/?post_type=product&#038;p=2017"},"modified":"2025-04-19T16:01:59","modified_gmt":"2025-04-19T15:01:59","slug":"remington-lisseur-boucleur-s6500","status":"publish","type":"product","link":"https:\/\/baya-shop.com\/home\/product\/remington-lisseur-boucleur-s6500\/","title":{"rendered":"Remington Lisseur sleek &#038; curl S6500"},"content":{"rendered":"","protected":false},"excerpt":{"rendered":"<ul>\n<li>Longueur du c\u00e2ble : 2,5 m<\/li>\n<li>Ioniseur : Non<\/li>\n<li>Tension : Universelle<\/li>\n<li>Anneau d\u2019accrochage : Non<\/li>\n<li>Rev\u00eatement : c\u00e9ramique<\/li>\n<li>Technologie : Traditionnelle<\/li>\n<li>Temp\u00e9rature maximale : 230 \u00b0C<\/li>\n<li>Temp\u00e9rature minimale : 150\u00b0C<\/li>\n<li>Verrouillage de plaque : Oui<\/li>\n<li>Plaques pivotantes : Non<\/li>\n<li>Extr\u00e9mit\u00e9 isol\u00e9e thermiquement : Oui<\/li>\n<li>Temps d\u2019\u00e9chauffement : 15 sec.<\/li>\n<li>Forme arrondie : Oui<\/li>\n<li>C\u00e2ble pivotant : Oui<\/li>\n<li>Peut \u00eatre utilis\u00e9 sur cheveux mouill\u00e9s : Non<\/li>\n<li>Accessoires : isolant thermique, bo\u00eetier<\/li>\n<li>Verrouillage de la temp\u00e9rature : Oui<\/li>\n<li>Syst\u00e8me de s\u00e9lection de la temp\u00e9rature : affichage num\u00e9rique, touches.<\/li>\n<li>Arr\u00eat automatique : Oui<\/li>\n<li>Niveaux de temp\u00e9rature : 9<\/li>\n<\/ul>\n","protected":false},"featured_media":3343,"comment_status":"open","ping_status":"closed","template":"","meta":{"jetpack_post_was_ever_published":false,"jetpack_publicize_message":"","jetpack_publicize_feature_enabled":true,"jetpack_social_post_already_shared":false,"jetpack_social_options":{"image_generator_settings":{"template":"highway","default_image_id":0,"font":"","enabled":false},"version":2}},"product_brand":[],"product_cat":[18,46,47],"product_tag":[],"class_list":{"0":"post-2017","1":"product","2":"type-product","3":"status-publish","4":"has-post-thumbnail","6":"product_cat-lisseur","7":"product_cat-promotion","8":"product_cat-remington","10":"first","11":"instock","12":"shipping-taxable","13":"purchasable","14":"product-type-simple"},"yoast_head":"<!-- This site is optimized with the Yoast SEO plugin v27.4 - https:\/\/yoast.com\/product\/yoast-seo-wordpress\/ -->\n<title>Remington Lisseur sleek &amp; curl S6500 - Baya Shop<\/title>\n<meta name=\"description\" content=\"Longueur du c\u00e2ble : 2,5 m  Ioniseur : Non  Tension : Universelle  Anneau d\u2019accrochage : Non  Rev\u00eatement : c\u00e9ramique  Technologie : Traditionnelle  Temp\u00e9rature maximale : 230 \u00b0C  Temp\u00e9rature minimale : 150\u00b0C  Verrouillage de plaque : Oui  Plaques pivotantes : Non  Extr\u00e9mit\u00e9 isol\u00e9e thermiquement : Oui  Temps d\u2019\u00e9chauffement : 15 sec.  Forme arrondie : Oui  C\u00e2ble pivotant : Oui  Peut \u00eatre utilis\u00e9 sur cheveux mouill\u00e9s : Non  Accessoires : isolant thermique, bo\u00eetier  Verrouillage de la temp\u00e9rature : Oui  Syst\u00e8me de s\u00e9lection de la temp\u00e9rature : affichage num\u00e9rique, touches.  Arr\u00eat automatique : Oui  Niveaux de temp\u00e9rature : 9\" \/>\n<meta name=\"robots\" content=\"index, follow, max-snippet:-1, max-image-preview:large, max-video-preview:-1\" \/>\n<link rel=\"canonical\" href=\"https:\/\/baya-shop.com\/home\/product\/remington-lisseur-boucleur-s6500\/\" \/>\n<meta property=\"og:locale\" content=\"fr_FR\" \/>\n<meta property=\"og:type\" content=\"article\" \/>\n<meta property=\"og:title\" content=\"Remington Lisseur sleek &amp; curl S6500 - Baya Shop\" \/>\n<meta property=\"og:description\" content=\"Longueur du c\u00e2ble : 2,5 m  Ioniseur : Non  Tension : Universelle  Anneau d\u2019accrochage : Non  Rev\u00eatement : c\u00e9ramique  Technologie : Traditionnelle  Temp\u00e9rature maximale : 230 \u00b0C  Temp\u00e9rature minimale : 150\u00b0C  Verrouillage de plaque : Oui  Plaques pivotantes : Non  Extr\u00e9mit\u00e9 isol\u00e9e thermiquement : Oui  Temps d\u2019\u00e9chauffement : 15 sec.  Forme arrondie : Oui  C\u00e2ble pivotant : Oui  Peut \u00eatre utilis\u00e9 sur cheveux mouill\u00e9s : Non  Accessoires : isolant thermique, bo\u00eetier  Verrouillage de la temp\u00e9rature : Oui  Syst\u00e8me de s\u00e9lection de la temp\u00e9rature : affichage num\u00e9rique, touches.  Arr\u00eat automatique : Oui  Niveaux de temp\u00e9rature : 9\" \/>\n<meta property=\"og:url\" content=\"https:\/\/baya-shop.com\/home\/product\/remington-lisseur-boucleur-s6500\/\" \/>\n<meta property=\"og:site_name\" content=\"Baya Shop\" \/>\n<meta property=\"article:publisher\" content=\"https:\/\/www.facebook.com\/Baya-Shop-103955257949742\" \/>\n<meta property=\"article:modified_time\" content=\"2025-04-19T15:01:59+00:00\" \/>\n<meta property=\"og:image\" content=\"https:\/\/baya-shop.com\/wp-content\/uploads\/2023\/08\/61AopAZEJ2S.jpg\" \/>\n\t<meta property=\"og:image:width\" content=\"1104\" \/>\n\t<meta property=\"og:image:height\" content=\"1042\" \/>\n\t<meta property=\"og:image:type\" content=\"image\/jpeg\" \/>\n<meta name=\"twitter:card\" content=\"summary_large_image\" \/>\n<meta name=\"twitter:label1\" content=\"Dur\u00e9e de lecture estim\u00e9e\" \/>\n\t<meta name=\"twitter:data1\" content=\"1 minute\" \/>\n<script type=\"application\/ld+json\" class=\"yoast-schema-graph\">{\"@context\":\"https:\\\/\\\/schema.org\",\"@graph\":[{\"@type\":\"WebPage\",\"@id\":\"https:\\\/\\\/baya-shop.com\\\/home\\\/product\\\/remington-lisseur-boucleur-s6500\\\/\",\"url\":\"https:\\\/\\\/baya-shop.com\\\/home\\\/product\\\/remington-lisseur-boucleur-s6500\\\/\",\"name\":\"Remington Lisseur sleek & curl S6500 - Baya Shop\",\"isPartOf\":{\"@id\":\"https:\\\/\\\/baya-shop.com\\\/home\\\/#website\"},\"primaryImageOfPage\":{\"@id\":\"https:\\\/\\\/baya-shop.com\\\/home\\\/product\\\/remington-lisseur-boucleur-s6500\\\/#primaryimage\"},\"image\":{\"@id\":\"https:\\\/\\\/baya-shop.com\\\/home\\\/product\\\/remington-lisseur-boucleur-s6500\\\/#primaryimage\"},\"thumbnailUrl\":\"https:\\\/\\\/i0.wp.com\\\/baya-shop.com\\\/wp-content\\\/uploads\\\/2023\\\/08\\\/61AopAZEJ2S.jpg?fit=1104%2C1042&ssl=1\",\"datePublished\":\"2023-08-03T10:11:33+00:00\",\"dateModified\":\"2025-04-19T15:01:59+00:00\",\"description\":\"Longueur du c\u00e2ble : 2,5 m Ioniseur : Non Tension : Universelle Anneau d\u2019accrochage : Non Rev\u00eatement : c\u00e9ramique Technologie : Traditionnelle Temp\u00e9rature maximale : 230 \u00b0C Temp\u00e9rature minimale : 150\u00b0C Verrouillage de plaque : Oui Plaques pivotantes : Non Extr\u00e9mit\u00e9 isol\u00e9e thermiquement : Oui Temps d\u2019\u00e9chauffement : 15 sec. Forme arrondie : Oui C\u00e2ble pivotant : Oui Peut \u00eatre utilis\u00e9 sur cheveux mouill\u00e9s : Non Accessoires : isolant thermique, bo\u00eetier Verrouillage de la temp\u00e9rature : Oui Syst\u00e8me de s\u00e9lection de la temp\u00e9rature : affichage num\u00e9rique, touches. Arr\u00eat automatique : Oui Niveaux de temp\u00e9rature : 9\",\"breadcrumb\":{\"@id\":\"https:\\\/\\\/baya-shop.com\\\/home\\\/product\\\/remington-lisseur-boucleur-s6500\\\/#breadcrumb\"},\"inLanguage\":\"fr-FR\",\"potentialAction\":[{\"@type\":\"ReadAction\",\"target\":[\"https:\\\/\\\/baya-shop.com\\\/home\\\/product\\\/remington-lisseur-boucleur-s6500\\\/\"]}]},{\"@type\":\"ImageObject\",\"inLanguage\":\"fr-FR\",\"@id\":\"https:\\\/\\\/baya-shop.com\\\/home\\\/product\\\/remington-lisseur-boucleur-s6500\\\/#primaryimage\",\"url\":\"https:\\\/\\\/i0.wp.com\\\/baya-shop.com\\\/wp-content\\\/uploads\\\/2023\\\/08\\\/61AopAZEJ2S.jpg?fit=1104%2C1042&ssl=1\",\"contentUrl\":\"https:\\\/\\\/i0.wp.com\\\/baya-shop.com\\\/wp-content\\\/uploads\\\/2023\\\/08\\\/61AopAZEJ2S.jpg?fit=1104%2C1042&ssl=1\",\"width\":1104,\"height\":1042},{\"@type\":\"BreadcrumbList\",\"@id\":\"https:\\\/\\\/baya-shop.com\\\/home\\\/product\\\/remington-lisseur-boucleur-s6500\\\/#breadcrumb\",\"itemListElement\":[{\"@type\":\"ListItem\",\"position\":1,\"name\":\"Accueil\",\"item\":\"https:\\\/\\\/baya-shop.com\\\/home\\\/\"},{\"@type\":\"ListItem\",\"position\":2,\"name\":\"Shop\",\"item\":\"https:\\\/\\\/baya-shop.com\\\/home\\\/shop\\\/\"},{\"@type\":\"ListItem\",\"position\":3,\"name\":\"Remington Lisseur sleek &#038; curl S6500\"}]},{\"@type\":\"WebSite\",\"@id\":\"https:\\\/\\\/baya-shop.com\\\/home\\\/#website\",\"url\":\"https:\\\/\\\/baya-shop.com\\\/home\\\/\",\"name\":\"Baya Shop\",\"description\":\"\",\"publisher\":{\"@id\":\"https:\\\/\\\/baya-shop.com\\\/home\\\/#organization\"},\"potentialAction\":[{\"@type\":\"SearchAction\",\"target\":{\"@type\":\"EntryPoint\",\"urlTemplate\":\"https:\\\/\\\/baya-shop.com\\\/home\\\/?s={search_term_string}\"},\"query-input\":{\"@type\":\"PropertyValueSpecification\",\"valueRequired\":true,\"valueName\":\"search_term_string\"}}],\"inLanguage\":\"fr-FR\"},{\"@type\":\"Organization\",\"@id\":\"https:\\\/\\\/baya-shop.com\\\/home\\\/#organization\",\"name\":\"Baya Shop\",\"url\":\"https:\\\/\\\/baya-shop.com\\\/home\\\/\",\"logo\":{\"@type\":\"ImageObject\",\"inLanguage\":\"fr-FR\",\"@id\":\"https:\\\/\\\/baya-shop.com\\\/home\\\/#\\\/schema\\\/logo\\\/image\\\/\",\"url\":\"https:\\\/\\\/baya-shop.com\\\/wp-content\\\/uploads\\\/2020\\\/11\\\/g.png\",\"contentUrl\":\"https:\\\/\\\/baya-shop.com\\\/wp-content\\\/uploads\\\/2020\\\/11\\\/g.png\",\"width\":64,\"height\":64,\"caption\":\"Baya Shop\"},\"image\":{\"@id\":\"https:\\\/\\\/baya-shop.com\\\/home\\\/#\\\/schema\\\/logo\\\/image\\\/\"},\"sameAs\":[\"https:\\\/\\\/www.facebook.com\\\/Baya-Shop-103955257949742\",\"https:\\\/\\\/www.instagram.com\\\/baya_shop_dz\\\/\"]}]}<\/script>\n<!-- \/ Yoast SEO plugin. -->","yoast_head_json":{"title":"Remington Lisseur sleek & curl S6500 - Baya Shop","description":"Longueur du c\u00e2ble : 2,5 m  Ioniseur : Non  Tension : Universelle  Anneau d\u2019accrochage : Non  Rev\u00eatement : c\u00e9ramique  Technologie : Traditionnelle  Temp\u00e9rature maximale : 230 \u00b0C  Temp\u00e9rature minimale : 150\u00b0C  Verrouillage de plaque : Oui  Plaques pivotantes : Non  Extr\u00e9mit\u00e9 isol\u00e9e thermiquement : Oui  Temps d\u2019\u00e9chauffement : 15 sec.  Forme arrondie : Oui  C\u00e2ble pivotant : Oui  Peut \u00eatre utilis\u00e9 sur cheveux mouill\u00e9s : Non  Accessoires : isolant thermique, bo\u00eetier  Verrouillage de la temp\u00e9rature : Oui  Syst\u00e8me de s\u00e9lection de la temp\u00e9rature : affichage num\u00e9rique, touches.  Arr\u00eat automatique : Oui  Niveaux de temp\u00e9rature : 9","robots":{"index":"index","follow":"follow","max-snippet":"max-snippet:-1","max-image-preview":"max-image-preview:large","max-video-preview":"max-video-preview:-1"},"canonical":"https:\/\/baya-shop.com\/home\/product\/remington-lisseur-boucleur-s6500\/","og_locale":"fr_FR","og_type":"article","og_title":"Remington Lisseur sleek & curl S6500 - Baya Shop","og_description":"Longueur du c\u00e2ble : 2,5 m  Ioniseur : Non  Tension : Universelle  Anneau d\u2019accrochage : Non  Rev\u00eatement : c\u00e9ramique  Technologie : Traditionnelle  Temp\u00e9rature maximale : 230 \u00b0C  Temp\u00e9rature minimale : 150\u00b0C  Verrouillage de plaque : Oui  Plaques pivotantes : Non  Extr\u00e9mit\u00e9 isol\u00e9e thermiquement : Oui  Temps d\u2019\u00e9chauffement : 15 sec.  Forme arrondie : Oui  C\u00e2ble pivotant : Oui  Peut \u00eatre utilis\u00e9 sur cheveux mouill\u00e9s : Non  Accessoires : isolant thermique, bo\u00eetier  Verrouillage de la temp\u00e9rature : Oui  Syst\u00e8me de s\u00e9lection de la temp\u00e9rature : affichage num\u00e9rique, touches.  Arr\u00eat automatique : Oui  Niveaux de temp\u00e9rature : 9","og_url":"https:\/\/baya-shop.com\/home\/product\/remington-lisseur-boucleur-s6500\/","og_site_name":"Baya Shop","article_publisher":"https:\/\/www.facebook.com\/Baya-Shop-103955257949742","article_modified_time":"2025-04-19T15:01:59+00:00","og_image":[{"width":1104,"height":1042,"url":"https:\/\/baya-shop.com\/wp-content\/uploads\/2023\/08\/61AopAZEJ2S.jpg","type":"image\/jpeg"}],"twitter_card":"summary_large_image","twitter_misc":{"Dur\u00e9e de lecture estim\u00e9e":"1 minute"},"schema":{"@context":"https:\/\/schema.org","@graph":[{"@type":"WebPage","@id":"https:\/\/baya-shop.com\/home\/product\/remington-lisseur-boucleur-s6500\/","url":"https:\/\/baya-shop.com\/home\/product\/remington-lisseur-boucleur-s6500\/","name":"Remington Lisseur sleek & curl S6500 - Baya Shop","isPartOf":{"@id":"https:\/\/baya-shop.com\/home\/#website"},"primaryImageOfPage":{"@id":"https:\/\/baya-shop.com\/home\/product\/remington-lisseur-boucleur-s6500\/#primaryimage"},"image":{"@id":"https:\/\/baya-shop.com\/home\/product\/remington-lisseur-boucleur-s6500\/#primaryimage"},"thumbnailUrl":"https:\/\/i0.wp.com\/baya-shop.com\/wp-content\/uploads\/2023\/08\/61AopAZEJ2S.jpg?fit=1104%2C1042&ssl=1","datePublished":"2023-08-03T10:11:33+00:00","dateModified":"2025-04-19T15:01:59+00:00","description":"Longueur du c\u00e2ble : 2,5 m Ioniseur : Non Tension : Universelle Anneau d\u2019accrochage : Non Rev\u00eatement : c\u00e9ramique Technologie : Traditionnelle Temp\u00e9rature maximale : 230 \u00b0C Temp\u00e9rature minimale : 150\u00b0C Verrouillage de plaque : Oui Plaques pivotantes : Non Extr\u00e9mit\u00e9 isol\u00e9e thermiquement : Oui Temps d\u2019\u00e9chauffement : 15 sec. Forme arrondie : Oui C\u00e2ble pivotant : Oui Peut \u00eatre utilis\u00e9 sur cheveux mouill\u00e9s : Non Accessoires : isolant thermique, bo\u00eetier Verrouillage de la temp\u00e9rature : Oui Syst\u00e8me de s\u00e9lection de la temp\u00e9rature : affichage num\u00e9rique, touches. Arr\u00eat automatique : Oui Niveaux de temp\u00e9rature : 9","breadcrumb":{"@id":"https:\/\/baya-shop.com\/home\/product\/remington-lisseur-boucleur-s6500\/#breadcrumb"},"inLanguage":"fr-FR","potentialAction":[{"@type":"ReadAction","target":["https:\/\/baya-shop.com\/home\/product\/remington-lisseur-boucleur-s6500\/"]}]},{"@type":"ImageObject","inLanguage":"fr-FR","@id":"https:\/\/baya-shop.com\/home\/product\/remington-lisseur-boucleur-s6500\/#primaryimage","url":"https:\/\/i0.wp.com\/baya-shop.com\/wp-content\/uploads\/2023\/08\/61AopAZEJ2S.jpg?fit=1104%2C1042&ssl=1","contentUrl":"https:\/\/i0.wp.com\/baya-shop.com\/wp-content\/uploads\/2023\/08\/61AopAZEJ2S.jpg?fit=1104%2C1042&ssl=1","width":1104,"height":1042},{"@type":"BreadcrumbList","@id":"https:\/\/baya-shop.com\/home\/product\/remington-lisseur-boucleur-s6500\/#breadcrumb","itemListElement":[{"@type":"ListItem","position":1,"name":"Accueil","item":"https:\/\/baya-shop.com\/home\/"},{"@type":"ListItem","position":2,"name":"Shop","item":"https:\/\/baya-shop.com\/home\/shop\/"},{"@type":"ListItem","position":3,"name":"Remington Lisseur sleek &#038; curl S6500"}]},{"@type":"WebSite","@id":"https:\/\/baya-shop.com\/home\/#website","url":"https:\/\/baya-shop.com\/home\/","name":"Baya Shop","description":"","publisher":{"@id":"https:\/\/baya-shop.com\/home\/#organization"},"potentialAction":[{"@type":"SearchAction","target":{"@type":"EntryPoint","urlTemplate":"https:\/\/baya-shop.com\/home\/?s={search_term_string}"},"query-input":{"@type":"PropertyValueSpecification","valueRequired":true,"valueName":"search_term_string"}}],"inLanguage":"fr-FR"},{"@type":"Organization","@id":"https:\/\/baya-shop.com\/home\/#organization","name":"Baya Shop","url":"https:\/\/baya-shop.com\/home\/","logo":{"@type":"ImageObject","inLanguage":"fr-FR","@id":"https:\/\/baya-shop.com\/home\/#\/schema\/logo\/image\/","url":"https:\/\/baya-shop.com\/wp-content\/uploads\/2020\/11\/g.png","contentUrl":"https:\/\/baya-shop.com\/wp-content\/uploads\/2020\/11\/g.png","width":64,"height":64,"caption":"Baya Shop"},"image":{"@id":"https:\/\/baya-shop.com\/home\/#\/schema\/logo\/image\/"},"sameAs":["https:\/\/www.facebook.com\/Baya-Shop-103955257949742","https:\/\/www.instagram.com\/baya_shop_dz\/"]}]}},"jetpack_publicize_connections":[],"jetpack_sharing_enabled":true,"jetpack_likes_enabled":true,"jetpack-related-posts":[],"_links":{"self":[{"href":"https:\/\/baya-shop.com\/home\/wp-json\/wp\/v2\/product\/2017","targetHints":{"allow":["GET"]}}],"collection":[{"href":"https:\/\/baya-shop.com\/home\/wp-json\/wp\/v2\/product"}],"about":[{"href":"https:\/\/baya-shop.com\/home\/wp-json\/wp\/v2\/types\/product"}],"replies":[{"embeddable":true,"href":"https:\/\/baya-shop.com\/home\/wp-json\/wp\/v2\/comments?post=2017"}],"wp:featuredmedia":[{"embeddable":true,"href":"https:\/\/baya-shop.com\/home\/wp-json\/wp\/v2\/media\/3343"}],"wp:attachment":[{"href":"https:\/\/baya-shop.com\/home\/wp-json\/wp\/v2\/media?parent=2017"}],"wp:term":[{"taxonomy":"product_brand","embeddable":true,"href":"https:\/\/baya-shop.com\/home\/wp-json\/wp\/v2\/product_brand?post=2017"},{"taxonomy":"product_cat","embeddable":true,"href":"https:\/\/baya-shop.com\/home\/wp-json\/wp\/v2\/product_cat?post=2017"},{"taxonomy":"product_tag","embeddable":true,"href":"https:\/\/baya-shop.com\/home\/wp-json\/wp\/v2\/product_tag?post=2017"}],"curies":[{"name":"wp","href":"https:\/\/api.w.org\/{rel}","templated":true}]}}