{"id":1980,"date":"2023-07-16T16:13:44","date_gmt":"2023-07-16T15:13:44","guid":{"rendered":"https:\/\/baya-shop.com\/home\/?post_type=product&#038;p=1980"},"modified":"2024-02-09T15:53:09","modified_gmt":"2024-02-09T14:53:09","slug":"babyliss-brosse-rotative-as950e","status":"publish","type":"product","link":"https:\/\/baya-shop.com\/home\/product\/babyliss-brosse-rotative-as950e\/","title":{"rendered":"Babyliss Brosse Big Hair Dual AS950E"},"content":{"rendered":"","protected":false},"excerpt":{"rendered":"<div><b>Performance :\u00a0<\/b><\/div>\n<div>Cette brosse chauffante et soufflante\u00a0<b>d\u2019une puissance de 650 Watts<\/b>\u00a0permet de r\u00e9aliser un\u00a0<b>brushing tout en s\u00e9chant simultan\u00e9ment les cheveux<\/b>.<\/div>\n<div>Adaptez la vitesse, le sens de la rotation et la temp\u00e9rature selon le type de coiffure \u00e0 r\u00e9aliser gr\u00e2ce \u00e0 ses\u00a0\u00a0<b>2 vitesses\/temp\u00e9ratures<\/b>\u00a0et sa touche\u00a0\u00a0<b>air froid<\/b>.<\/div>\n<div>La touche air froid est parfaite pour\u00a0<b>fixer votre coiffure<\/b>\u00a0une fois le brushing termin\u00e9 pour un r\u00e9sultat parfait et longue dur\u00e9e.<\/div>\n<div>Obtenez des cheveux doux et brillants gr\u00e2ce \u00e0 la\u00a0<b>fonction ionique<\/b>.<\/div>\n<div><\/div>\n<div><b>Praticit\u00e9 :<\/b><\/div>\n<div>L&rsquo;appareil est dot\u00e9 d&rsquo;un\u00a0<b>cordon rotatif de 2,5m\u00a0<\/b>pour faciliter vos d\u00e9placements.<\/div>\n<div>La brosse soufflante dispose de\u00a0<b>2 sens de rotation<\/b>, \u00e0 gauche et \u00e0 droite pour obtenir des\u00a0<b>m\u00e8ches vers l&rsquo;int\u00e9rieur ou l&rsquo;ext\u00e9rieur<\/b>.<\/div>\n<div><\/div>\n<div><b>Efficacit\u00e9 et confort optimal\u00a0gr\u00e2ce \u00e0 la technologie Even Airflow;<\/b><\/div>\n<div>Les\u00a0<b>sorties d\u2019air<\/b>\u00a0sont optimis\u00e9es pour des\u00a0<b>r\u00e9sultats uniformes et longue dur\u00e9e<\/b>.<\/div>\n<div>L&rsquo;\u00a0<b>impact sonore est r\u00e9duit\u00a0<\/b>pour vous permettre de vous coiffer en toute tranquillit\u00e9.<\/div>\n<div>Son\u00a0<b>manche fin et ergonomique<\/b>\u00a0(39 mm de diam\u00e8tre) vous permet une prise de main optimale.<\/div>\n<div><\/div>\n<div><b>Accessoires :\u00a0<\/b><\/div>\n<div>&#8211;\u00a0<b>Brosse rotative 50mm<\/b>\u00a0en poils de sanglier et nylon: pour un brushing parfait et un effet volume.<\/div>\n<div>&#8211;\u00a0<b>Brosse rotative 40mm\u00a0<\/b>en poils de sanglier et nylon pour un brushing structur\u00e9.<\/div>\n<div>Les brosses disposent d&rsquo;\u00a0<b>\u00e9tuis de protection<\/b>\u00a0qui permettent de faciliter leur rangement et permet de pr\u00e9server leur efficacit\u00e9.<\/div>\n","protected":false},"featured_media":3560,"comment_status":"open","ping_status":"closed","template":"","meta":{"_uag_custom_page_level_css":"","jetpack_publicize_message":"","jetpack_publicize_feature_enabled":true,"jetpack_social_post_already_shared":false,"jetpack_social_options":{"image_generator_settings":{"template":"highway","default_image_id":0,"font":"","enabled":false},"version":2}},"product_brand":[],"product_cat":[62,21],"product_tag":[],"class_list":{"0":"post-1980","1":"product","2":"type-product","3":"status-publish","4":"has-post-thumbnail","6":"product_cat-babyliss","7":"product_cat-brosse-cheveux","9":"first","10":"instock","11":"shipping-taxable","12":"purchasable","13":"product-type-simple"},"yoast_head":"<!-- This site is optimized with the Yoast SEO plugin v27.5 - https:\/\/yoast.com\/product\/yoast-seo-wordpress\/ -->\n<title>Babyliss Brosse Big Hair Dual AS950E - Baya Shop<\/title>\n<meta name=\"description\" content=\"Performance :\u00a0 Cette brosse chauffante et soufflante\u00a0d\u2019une puissance de 650 Watts\u00a0permet de r\u00e9aliser un\u00a0brushing tout en s\u00e9chant simultan\u00e9ment les cheveux. Adaptez la vitesse, le sens de la rotation et la temp\u00e9rature selon le type de coiffure \u00e0 r\u00e9aliser gr\u00e2ce \u00e0 ses\u00a0\u00a02 vitesses\/temp\u00e9ratures\u00a0et sa touche\u00a0\u00a0air froid. La touche air froid est parfaite pour\u00a0fixer votre coiffure\u00a0une fois le brushing termin\u00e9 pour un r\u00e9sultat parfait et longue dur\u00e9e. Obtenez des cheveux doux et brillants gr\u00e2ce \u00e0 la\u00a0fonction ionique.  Praticit\u00e9 : L&#039;appareil est dot\u00e9 d&#039;un\u00a0cordon rotatif de 2,5m\u00a0pour faciliter vos d\u00e9placements. La brosse soufflante dispose de\u00a02 sens de rotation, \u00e0 gauche et \u00e0 droite pour obtenir des\u00a0m\u00e8ches vers l&#039;int\u00e9rieur ou l&#039;ext\u00e9rieur.  Efficacit\u00e9 et confort optimal\u00a0gr\u00e2ce \u00e0 la technologie Even Airflow; Les\u00a0sorties d\u2019air\u00a0sont optimis\u00e9es pour des\u00a0r\u00e9sultats uniformes et longue dur\u00e9e. L&#039;\u00a0impact sonore est r\u00e9duit\u00a0pour vous permettre de vous coiffer en toute tranquillit\u00e9. Son\u00a0manche fin et ergonomique\u00a0(39 mm de diam\u00e8tre) vous permet une prise de main optimale.  Accessoires :\u00a0 -\u00a0Brosse rotative 50mm\u00a0en poils de sanglier et nylon: pour un brushing parfait et un effet volume. -\u00a0Brosse rotative 40mm\u00a0en poils de sanglier et nylon pour un brushing structur\u00e9. Les brosses disposent d&#039;\u00a0\u00e9tuis de protection\u00a0qui permettent de faciliter leur rangement et permet de pr\u00e9server leur efficacit\u00e9.\" \/>\n<meta name=\"robots\" content=\"index, follow, max-snippet:-1, max-image-preview:large, max-video-preview:-1\" \/>\n<link rel=\"canonical\" href=\"https:\/\/baya-shop.com\/home\/product\/babyliss-brosse-rotative-as950e\/\" \/>\n<meta property=\"og:locale\" content=\"fr_FR\" \/>\n<meta property=\"og:type\" content=\"article\" \/>\n<meta property=\"og:title\" content=\"Babyliss Brosse Big Hair Dual AS950E - Baya Shop\" \/>\n<meta property=\"og:description\" content=\"Performance :\u00a0 Cette brosse chauffante et soufflante\u00a0d\u2019une puissance de 650 Watts\u00a0permet de r\u00e9aliser un\u00a0brushing tout en s\u00e9chant simultan\u00e9ment les cheveux. Adaptez la vitesse, le sens de la rotation et la temp\u00e9rature selon le type de coiffure \u00e0 r\u00e9aliser gr\u00e2ce \u00e0 ses\u00a0\u00a02 vitesses\/temp\u00e9ratures\u00a0et sa touche\u00a0\u00a0air froid. La touche air froid est parfaite pour\u00a0fixer votre coiffure\u00a0une fois le brushing termin\u00e9 pour un r\u00e9sultat parfait et longue dur\u00e9e. Obtenez des cheveux doux et brillants gr\u00e2ce \u00e0 la\u00a0fonction ionique.  Praticit\u00e9 : L&#039;appareil est dot\u00e9 d&#039;un\u00a0cordon rotatif de 2,5m\u00a0pour faciliter vos d\u00e9placements. La brosse soufflante dispose de\u00a02 sens de rotation, \u00e0 gauche et \u00e0 droite pour obtenir des\u00a0m\u00e8ches vers l&#039;int\u00e9rieur ou l&#039;ext\u00e9rieur.  Efficacit\u00e9 et confort optimal\u00a0gr\u00e2ce \u00e0 la technologie Even Airflow; Les\u00a0sorties d\u2019air\u00a0sont optimis\u00e9es pour des\u00a0r\u00e9sultats uniformes et longue dur\u00e9e. L&#039;\u00a0impact sonore est r\u00e9duit\u00a0pour vous permettre de vous coiffer en toute tranquillit\u00e9. Son\u00a0manche fin et ergonomique\u00a0(39 mm de diam\u00e8tre) vous permet une prise de main optimale.  Accessoires :\u00a0 -\u00a0Brosse rotative 50mm\u00a0en poils de sanglier et nylon: pour un brushing parfait et un effet volume. -\u00a0Brosse rotative 40mm\u00a0en poils de sanglier et nylon pour un brushing structur\u00e9. Les brosses disposent d&#039;\u00a0\u00e9tuis de protection\u00a0qui permettent de faciliter leur rangement et permet de pr\u00e9server leur efficacit\u00e9.\" \/>\n<meta property=\"og:url\" content=\"https:\/\/baya-shop.com\/home\/product\/babyliss-brosse-rotative-as950e\/\" \/>\n<meta property=\"og:site_name\" content=\"Baya Shop\" \/>\n<meta property=\"article:publisher\" content=\"https:\/\/www.facebook.com\/Baya-Shop-103955257949742\" \/>\n<meta property=\"article:modified_time\" content=\"2024-02-09T14:53:09+00:00\" \/>\n<meta property=\"og:image\" content=\"https:\/\/baya-shop.com\/wp-content\/uploads\/2023\/07\/WEB_AS950E_BaByliss_pack_800.webp\" \/>\n\t<meta property=\"og:image:width\" content=\"800\" \/>\n\t<meta property=\"og:image:height\" content=\"800\" \/>\n\t<meta property=\"og:image:type\" content=\"image\/webp\" \/>\n<meta name=\"twitter:card\" content=\"summary_large_image\" \/>\n<meta name=\"twitter:label1\" content=\"Dur\u00e9e de lecture estim\u00e9e\" \/>\n\t<meta name=\"twitter:data1\" content=\"1 minute\" \/>\n<script type=\"application\/ld+json\" class=\"yoast-schema-graph\">{\"@context\":\"https:\\\/\\\/schema.org\",\"@graph\":[{\"@type\":\"WebPage\",\"@id\":\"https:\\\/\\\/baya-shop.com\\\/home\\\/product\\\/babyliss-brosse-rotative-as950e\\\/\",\"url\":\"https:\\\/\\\/baya-shop.com\\\/home\\\/product\\\/babyliss-brosse-rotative-as950e\\\/\",\"name\":\"Babyliss Brosse Big Hair Dual AS950E - Baya Shop\",\"isPartOf\":{\"@id\":\"https:\\\/\\\/baya-shop.com\\\/home\\\/#website\"},\"primaryImageOfPage\":{\"@id\":\"https:\\\/\\\/baya-shop.com\\\/home\\\/product\\\/babyliss-brosse-rotative-as950e\\\/#primaryimage\"},\"image\":{\"@id\":\"https:\\\/\\\/baya-shop.com\\\/home\\\/product\\\/babyliss-brosse-rotative-as950e\\\/#primaryimage\"},\"thumbnailUrl\":\"https:\\\/\\\/i0.wp.com\\\/baya-shop.com\\\/wp-content\\\/uploads\\\/2023\\\/07\\\/WEB_AS950E_BaByliss_pack_800.webp?fit=800%2C800&ssl=1\",\"datePublished\":\"2023-07-16T15:13:44+00:00\",\"dateModified\":\"2024-02-09T14:53:09+00:00\",\"description\":\"Performance :\u00a0 Cette brosse chauffante et soufflante\u00a0d\u2019une puissance de 650 Watts\u00a0permet de r\u00e9aliser un\u00a0brushing tout en s\u00e9chant simultan\u00e9ment les cheveux. Adaptez la vitesse, le sens de la rotation et la temp\u00e9rature selon le type de coiffure \u00e0 r\u00e9aliser gr\u00e2ce \u00e0 ses\u00a0\u00a02 vitesses\\\/temp\u00e9ratures\u00a0et sa touche\u00a0\u00a0air froid. La touche air froid est parfaite pour\u00a0fixer votre coiffure\u00a0une fois le brushing termin\u00e9 pour un r\u00e9sultat parfait et longue dur\u00e9e. Obtenez des cheveux doux et brillants gr\u00e2ce \u00e0 la\u00a0fonction ionique. Praticit\u00e9 : L'appareil est dot\u00e9 d'un\u00a0cordon rotatif de 2,5m\u00a0pour faciliter vos d\u00e9placements. La brosse soufflante dispose de\u00a02 sens de rotation, \u00e0 gauche et \u00e0 droite pour obtenir des\u00a0m\u00e8ches vers l'int\u00e9rieur ou l'ext\u00e9rieur. Efficacit\u00e9 et confort optimal\u00a0gr\u00e2ce \u00e0 la technologie Even Airflow; Les\u00a0sorties d\u2019air\u00a0sont optimis\u00e9es pour des\u00a0r\u00e9sultats uniformes et longue dur\u00e9e. L'\u00a0impact sonore est r\u00e9duit\u00a0pour vous permettre de vous coiffer en toute tranquillit\u00e9. Son\u00a0manche fin et ergonomique\u00a0(39 mm de diam\u00e8tre) vous permet une prise de main optimale. Accessoires :\u00a0 -\u00a0Brosse rotative 50mm\u00a0en poils de sanglier et nylon: pour un brushing parfait et un effet volume. -\u00a0Brosse rotative 40mm\u00a0en poils de sanglier et nylon pour un brushing structur\u00e9. Les brosses disposent d'\u00a0\u00e9tuis de protection\u00a0qui permettent de faciliter leur rangement et permet de pr\u00e9server leur efficacit\u00e9.\",\"breadcrumb\":{\"@id\":\"https:\\\/\\\/baya-shop.com\\\/home\\\/product\\\/babyliss-brosse-rotative-as950e\\\/#breadcrumb\"},\"inLanguage\":\"fr-FR\",\"potentialAction\":[{\"@type\":\"ReadAction\",\"target\":[\"https:\\\/\\\/baya-shop.com\\\/home\\\/product\\\/babyliss-brosse-rotative-as950e\\\/\"]}]},{\"@type\":\"ImageObject\",\"inLanguage\":\"fr-FR\",\"@id\":\"https:\\\/\\\/baya-shop.com\\\/home\\\/product\\\/babyliss-brosse-rotative-as950e\\\/#primaryimage\",\"url\":\"https:\\\/\\\/i0.wp.com\\\/baya-shop.com\\\/wp-content\\\/uploads\\\/2023\\\/07\\\/WEB_AS950E_BaByliss_pack_800.webp?fit=800%2C800&ssl=1\",\"contentUrl\":\"https:\\\/\\\/i0.wp.com\\\/baya-shop.com\\\/wp-content\\\/uploads\\\/2023\\\/07\\\/WEB_AS950E_BaByliss_pack_800.webp?fit=800%2C800&ssl=1\",\"width\":800,\"height\":800},{\"@type\":\"BreadcrumbList\",\"@id\":\"https:\\\/\\\/baya-shop.com\\\/home\\\/product\\\/babyliss-brosse-rotative-as950e\\\/#breadcrumb\",\"itemListElement\":[{\"@type\":\"ListItem\",\"position\":1,\"name\":\"Accueil\",\"item\":\"https:\\\/\\\/baya-shop.com\\\/home\\\/\"},{\"@type\":\"ListItem\",\"position\":2,\"name\":\"Shop\",\"item\":\"https:\\\/\\\/baya-shop.com\\\/home\\\/shop\\\/\"},{\"@type\":\"ListItem\",\"position\":3,\"name\":\"Babyliss Brosse Big Hair Dual AS950E\"}]},{\"@type\":\"WebSite\",\"@id\":\"https:\\\/\\\/baya-shop.com\\\/home\\\/#website\",\"url\":\"https:\\\/\\\/baya-shop.com\\\/home\\\/\",\"name\":\"Baya Shop\",\"description\":\"\",\"publisher\":{\"@id\":\"https:\\\/\\\/baya-shop.com\\\/home\\\/#organization\"},\"potentialAction\":[{\"@type\":\"SearchAction\",\"target\":{\"@type\":\"EntryPoint\",\"urlTemplate\":\"https:\\\/\\\/baya-shop.com\\\/home\\\/?s={search_term_string}\"},\"query-input\":{\"@type\":\"PropertyValueSpecification\",\"valueRequired\":true,\"valueName\":\"search_term_string\"}}],\"inLanguage\":\"fr-FR\"},{\"@type\":\"Organization\",\"@id\":\"https:\\\/\\\/baya-shop.com\\\/home\\\/#organization\",\"name\":\"Baya Shop\",\"url\":\"https:\\\/\\\/baya-shop.com\\\/home\\\/\",\"logo\":{\"@type\":\"ImageObject\",\"inLanguage\":\"fr-FR\",\"@id\":\"https:\\\/\\\/baya-shop.com\\\/home\\\/#\\\/schema\\\/logo\\\/image\\\/\",\"url\":\"https:\\\/\\\/baya-shop.com\\\/wp-content\\\/uploads\\\/2020\\\/11\\\/g.png\",\"contentUrl\":\"https:\\\/\\\/baya-shop.com\\\/wp-content\\\/uploads\\\/2020\\\/11\\\/g.png\",\"width\":64,\"height\":64,\"caption\":\"Baya Shop\"},\"image\":{\"@id\":\"https:\\\/\\\/baya-shop.com\\\/home\\\/#\\\/schema\\\/logo\\\/image\\\/\"},\"sameAs\":[\"https:\\\/\\\/www.facebook.com\\\/Baya-Shop-103955257949742\",\"https:\\\/\\\/www.instagram.com\\\/baya_shop_dz\\\/\"]}]}<\/script>\n<!-- \/ Yoast SEO plugin. -->","yoast_head_json":{"title":"Babyliss Brosse Big Hair Dual AS950E - Baya Shop","description":"Performance :\u00a0 Cette brosse chauffante et soufflante\u00a0d\u2019une puissance de 650 Watts\u00a0permet de r\u00e9aliser un\u00a0brushing tout en s\u00e9chant simultan\u00e9ment les cheveux. Adaptez la vitesse, le sens de la rotation et la temp\u00e9rature selon le type de coiffure \u00e0 r\u00e9aliser gr\u00e2ce \u00e0 ses\u00a0\u00a02 vitesses\/temp\u00e9ratures\u00a0et sa touche\u00a0\u00a0air froid. La touche air froid est parfaite pour\u00a0fixer votre coiffure\u00a0une fois le brushing termin\u00e9 pour un r\u00e9sultat parfait et longue dur\u00e9e. Obtenez des cheveux doux et brillants gr\u00e2ce \u00e0 la\u00a0fonction ionique.  Praticit\u00e9 : L'appareil est dot\u00e9 d'un\u00a0cordon rotatif de 2,5m\u00a0pour faciliter vos d\u00e9placements. La brosse soufflante dispose de\u00a02 sens de rotation, \u00e0 gauche et \u00e0 droite pour obtenir des\u00a0m\u00e8ches vers l'int\u00e9rieur ou l'ext\u00e9rieur.  Efficacit\u00e9 et confort optimal\u00a0gr\u00e2ce \u00e0 la technologie Even Airflow; Les\u00a0sorties d\u2019air\u00a0sont optimis\u00e9es pour des\u00a0r\u00e9sultats uniformes et longue dur\u00e9e. L'\u00a0impact sonore est r\u00e9duit\u00a0pour vous permettre de vous coiffer en toute tranquillit\u00e9. Son\u00a0manche fin et ergonomique\u00a0(39 mm de diam\u00e8tre) vous permet une prise de main optimale.  Accessoires :\u00a0 -\u00a0Brosse rotative 50mm\u00a0en poils de sanglier et nylon: pour un brushing parfait et un effet volume. -\u00a0Brosse rotative 40mm\u00a0en poils de sanglier et nylon pour un brushing structur\u00e9. Les brosses disposent d'\u00a0\u00e9tuis de protection\u00a0qui permettent de faciliter leur rangement et permet de pr\u00e9server leur efficacit\u00e9.","robots":{"index":"index","follow":"follow","max-snippet":"max-snippet:-1","max-image-preview":"max-image-preview:large","max-video-preview":"max-video-preview:-1"},"canonical":"https:\/\/baya-shop.com\/home\/product\/babyliss-brosse-rotative-as950e\/","og_locale":"fr_FR","og_type":"article","og_title":"Babyliss Brosse Big Hair Dual AS950E - Baya Shop","og_description":"Performance :\u00a0 Cette brosse chauffante et soufflante\u00a0d\u2019une puissance de 650 Watts\u00a0permet de r\u00e9aliser un\u00a0brushing tout en s\u00e9chant simultan\u00e9ment les cheveux. Adaptez la vitesse, le sens de la rotation et la temp\u00e9rature selon le type de coiffure \u00e0 r\u00e9aliser gr\u00e2ce \u00e0 ses\u00a0\u00a02 vitesses\/temp\u00e9ratures\u00a0et sa touche\u00a0\u00a0air froid. La touche air froid est parfaite pour\u00a0fixer votre coiffure\u00a0une fois le brushing termin\u00e9 pour un r\u00e9sultat parfait et longue dur\u00e9e. Obtenez des cheveux doux et brillants gr\u00e2ce \u00e0 la\u00a0fonction ionique.  Praticit\u00e9 : L'appareil est dot\u00e9 d'un\u00a0cordon rotatif de 2,5m\u00a0pour faciliter vos d\u00e9placements. La brosse soufflante dispose de\u00a02 sens de rotation, \u00e0 gauche et \u00e0 droite pour obtenir des\u00a0m\u00e8ches vers l'int\u00e9rieur ou l'ext\u00e9rieur.  Efficacit\u00e9 et confort optimal\u00a0gr\u00e2ce \u00e0 la technologie Even Airflow; Les\u00a0sorties d\u2019air\u00a0sont optimis\u00e9es pour des\u00a0r\u00e9sultats uniformes et longue dur\u00e9e. L'\u00a0impact sonore est r\u00e9duit\u00a0pour vous permettre de vous coiffer en toute tranquillit\u00e9. Son\u00a0manche fin et ergonomique\u00a0(39 mm de diam\u00e8tre) vous permet une prise de main optimale.  Accessoires :\u00a0 -\u00a0Brosse rotative 50mm\u00a0en poils de sanglier et nylon: pour un brushing parfait et un effet volume. -\u00a0Brosse rotative 40mm\u00a0en poils de sanglier et nylon pour un brushing structur\u00e9. Les brosses disposent d'\u00a0\u00e9tuis de protection\u00a0qui permettent de faciliter leur rangement et permet de pr\u00e9server leur efficacit\u00e9.","og_url":"https:\/\/baya-shop.com\/home\/product\/babyliss-brosse-rotative-as950e\/","og_site_name":"Baya Shop","article_publisher":"https:\/\/www.facebook.com\/Baya-Shop-103955257949742","article_modified_time":"2024-02-09T14:53:09+00:00","og_image":[{"width":800,"height":800,"url":"https:\/\/baya-shop.com\/wp-content\/uploads\/2023\/07\/WEB_AS950E_BaByliss_pack_800.webp","type":"image\/webp"}],"twitter_card":"summary_large_image","twitter_misc":{"Dur\u00e9e de lecture estim\u00e9e":"1 minute"},"schema":{"@context":"https:\/\/schema.org","@graph":[{"@type":"WebPage","@id":"https:\/\/baya-shop.com\/home\/product\/babyliss-brosse-rotative-as950e\/","url":"https:\/\/baya-shop.com\/home\/product\/babyliss-brosse-rotative-as950e\/","name":"Babyliss Brosse Big Hair Dual AS950E - Baya Shop","isPartOf":{"@id":"https:\/\/baya-shop.com\/home\/#website"},"primaryImageOfPage":{"@id":"https:\/\/baya-shop.com\/home\/product\/babyliss-brosse-rotative-as950e\/#primaryimage"},"image":{"@id":"https:\/\/baya-shop.com\/home\/product\/babyliss-brosse-rotative-as950e\/#primaryimage"},"thumbnailUrl":"https:\/\/i0.wp.com\/baya-shop.com\/wp-content\/uploads\/2023\/07\/WEB_AS950E_BaByliss_pack_800.webp?fit=800%2C800&ssl=1","datePublished":"2023-07-16T15:13:44+00:00","dateModified":"2024-02-09T14:53:09+00:00","description":"Performance :\u00a0 Cette brosse chauffante et soufflante\u00a0d\u2019une puissance de 650 Watts\u00a0permet de r\u00e9aliser un\u00a0brushing tout en s\u00e9chant simultan\u00e9ment les cheveux. Adaptez la vitesse, le sens de la rotation et la temp\u00e9rature selon le type de coiffure \u00e0 r\u00e9aliser gr\u00e2ce \u00e0 ses\u00a0\u00a02 vitesses\/temp\u00e9ratures\u00a0et sa touche\u00a0\u00a0air froid. La touche air froid est parfaite pour\u00a0fixer votre coiffure\u00a0une fois le brushing termin\u00e9 pour un r\u00e9sultat parfait et longue dur\u00e9e. Obtenez des cheveux doux et brillants gr\u00e2ce \u00e0 la\u00a0fonction ionique. Praticit\u00e9 : L'appareil est dot\u00e9 d'un\u00a0cordon rotatif de 2,5m\u00a0pour faciliter vos d\u00e9placements. La brosse soufflante dispose de\u00a02 sens de rotation, \u00e0 gauche et \u00e0 droite pour obtenir des\u00a0m\u00e8ches vers l'int\u00e9rieur ou l'ext\u00e9rieur. Efficacit\u00e9 et confort optimal\u00a0gr\u00e2ce \u00e0 la technologie Even Airflow; Les\u00a0sorties d\u2019air\u00a0sont optimis\u00e9es pour des\u00a0r\u00e9sultats uniformes et longue dur\u00e9e. L'\u00a0impact sonore est r\u00e9duit\u00a0pour vous permettre de vous coiffer en toute tranquillit\u00e9. Son\u00a0manche fin et ergonomique\u00a0(39 mm de diam\u00e8tre) vous permet une prise de main optimale. Accessoires :\u00a0 -\u00a0Brosse rotative 50mm\u00a0en poils de sanglier et nylon: pour un brushing parfait et un effet volume. -\u00a0Brosse rotative 40mm\u00a0en poils de sanglier et nylon pour un brushing structur\u00e9. Les brosses disposent d'\u00a0\u00e9tuis de protection\u00a0qui permettent de faciliter leur rangement et permet de pr\u00e9server leur efficacit\u00e9.","breadcrumb":{"@id":"https:\/\/baya-shop.com\/home\/product\/babyliss-brosse-rotative-as950e\/#breadcrumb"},"inLanguage":"fr-FR","potentialAction":[{"@type":"ReadAction","target":["https:\/\/baya-shop.com\/home\/product\/babyliss-brosse-rotative-as950e\/"]}]},{"@type":"ImageObject","inLanguage":"fr-FR","@id":"https:\/\/baya-shop.com\/home\/product\/babyliss-brosse-rotative-as950e\/#primaryimage","url":"https:\/\/i0.wp.com\/baya-shop.com\/wp-content\/uploads\/2023\/07\/WEB_AS950E_BaByliss_pack_800.webp?fit=800%2C800&ssl=1","contentUrl":"https:\/\/i0.wp.com\/baya-shop.com\/wp-content\/uploads\/2023\/07\/WEB_AS950E_BaByliss_pack_800.webp?fit=800%2C800&ssl=1","width":800,"height":800},{"@type":"BreadcrumbList","@id":"https:\/\/baya-shop.com\/home\/product\/babyliss-brosse-rotative-as950e\/#breadcrumb","itemListElement":[{"@type":"ListItem","position":1,"name":"Accueil","item":"https:\/\/baya-shop.com\/home\/"},{"@type":"ListItem","position":2,"name":"Shop","item":"https:\/\/baya-shop.com\/home\/shop\/"},{"@type":"ListItem","position":3,"name":"Babyliss Brosse Big Hair Dual AS950E"}]},{"@type":"WebSite","@id":"https:\/\/baya-shop.com\/home\/#website","url":"https:\/\/baya-shop.com\/home\/","name":"Baya Shop","description":"","publisher":{"@id":"https:\/\/baya-shop.com\/home\/#organization"},"potentialAction":[{"@type":"SearchAction","target":{"@type":"EntryPoint","urlTemplate":"https:\/\/baya-shop.com\/home\/?s={search_term_string}"},"query-input":{"@type":"PropertyValueSpecification","valueRequired":true,"valueName":"search_term_string"}}],"inLanguage":"fr-FR"},{"@type":"Organization","@id":"https:\/\/baya-shop.com\/home\/#organization","name":"Baya Shop","url":"https:\/\/baya-shop.com\/home\/","logo":{"@type":"ImageObject","inLanguage":"fr-FR","@id":"https:\/\/baya-shop.com\/home\/#\/schema\/logo\/image\/","url":"https:\/\/baya-shop.com\/wp-content\/uploads\/2020\/11\/g.png","contentUrl":"https:\/\/baya-shop.com\/wp-content\/uploads\/2020\/11\/g.png","width":64,"height":64,"caption":"Baya Shop"},"image":{"@id":"https:\/\/baya-shop.com\/home\/#\/schema\/logo\/image\/"},"sameAs":["https:\/\/www.facebook.com\/Baya-Shop-103955257949742","https:\/\/www.instagram.com\/baya_shop_dz\/"]}]}},"jetpack_publicize_connections":[],"uagb_featured_image_src":{"full":["https:\/\/i0.wp.com\/baya-shop.com\/wp-content\/uploads\/2023\/07\/WEB_AS950E_BaByliss_pack_800.webp?fit=800%2C800&ssl=1",800,800,false],"thumbnail":["https:\/\/i0.wp.com\/baya-shop.com\/wp-content\/uploads\/2023\/07\/WEB_AS950E_BaByliss_pack_800.webp?resize=150%2C150&ssl=1",150,150,true],"medium":["https:\/\/i0.wp.com\/baya-shop.com\/wp-content\/uploads\/2023\/07\/WEB_AS950E_BaByliss_pack_800.webp?fit=300%2C300&ssl=1",300,300,true],"medium_large":["https:\/\/i0.wp.com\/baya-shop.com\/wp-content\/uploads\/2023\/07\/WEB_AS950E_BaByliss_pack_800.webp?fit=768%2C768&ssl=1",768,768,true],"large":["https:\/\/i0.wp.com\/baya-shop.com\/wp-content\/uploads\/2023\/07\/WEB_AS950E_BaByliss_pack_800.webp?fit=800%2C800&ssl=1",800,800,true],"1536x1536":["https:\/\/i0.wp.com\/baya-shop.com\/wp-content\/uploads\/2023\/07\/WEB_AS950E_BaByliss_pack_800.webp?fit=800%2C800&ssl=1",800,800,true],"2048x2048":["https:\/\/i0.wp.com\/baya-shop.com\/wp-content\/uploads\/2023\/07\/WEB_AS950E_BaByliss_pack_800.webp?fit=800%2C800&ssl=1",800,800,true],"woocommerce_thumbnail":["https:\/\/i0.wp.com\/baya-shop.com\/wp-content\/uploads\/2023\/07\/WEB_AS950E_BaByliss_pack_800.webp?resize=300%2C300&ssl=1",300,300,true],"woocommerce_single":["https:\/\/i0.wp.com\/baya-shop.com\/wp-content\/uploads\/2023\/07\/WEB_AS950E_BaByliss_pack_800.webp?fit=600%2C600&ssl=1",600,600,true],"woocommerce_gallery_thumbnail":["https:\/\/i0.wp.com\/baya-shop.com\/wp-content\/uploads\/2023\/07\/WEB_AS950E_BaByliss_pack_800.webp?resize=100%2C100&ssl=1",100,100,true],"jetpack-portfolio-admin-thumb":["https:\/\/i0.wp.com\/baya-shop.com\/wp-content\/uploads\/2023\/07\/WEB_AS950E_BaByliss_pack_800.webp?resize=50%2C50&ssl=1",50,50,true]},"uagb_author_info":{"display_name":"","author_link":"https:\/\/baya-shop.com\/home\/author\/"},"uagb_comment_info":0,"uagb_excerpt":"Performance :\u00a0 Cette brosse chauffante et soufflante\u00a0d\u2019une puissance de 650 Watts\u00a0permet de r\u00e9aliser un\u00a0brushing tout en s\u00e9chant simultan\u00e9ment les cheveux. Adaptez la vitesse, le sens de la rotation et la temp\u00e9rature selon le type de coiffure \u00e0 r\u00e9aliser gr\u00e2ce \u00e0 ses\u00a0\u00a02 vitesses\/temp\u00e9ratures\u00a0et sa touche\u00a0\u00a0air froid. La touche air froid est parfaite pour\u00a0fixer votre coiffure\u00a0une fois\u2026","jetpack_sharing_enabled":true,"jetpack_likes_enabled":true,"jetpack-related-posts":[],"_links":{"self":[{"href":"https:\/\/baya-shop.com\/home\/wp-json\/wp\/v2\/product\/1980","targetHints":{"allow":["GET"]}}],"collection":[{"href":"https:\/\/baya-shop.com\/home\/wp-json\/wp\/v2\/product"}],"about":[{"href":"https:\/\/baya-shop.com\/home\/wp-json\/wp\/v2\/types\/product"}],"replies":[{"embeddable":true,"href":"https:\/\/baya-shop.com\/home\/wp-json\/wp\/v2\/comments?post=1980"}],"wp:featuredmedia":[{"embeddable":true,"href":"https:\/\/baya-shop.com\/home\/wp-json\/wp\/v2\/media\/3560"}],"wp:attachment":[{"href":"https:\/\/baya-shop.com\/home\/wp-json\/wp\/v2\/media?parent=1980"}],"wp:term":[{"taxonomy":"product_brand","embeddable":true,"href":"https:\/\/baya-shop.com\/home\/wp-json\/wp\/v2\/product_brand?post=1980"},{"taxonomy":"product_cat","embeddable":true,"href":"https:\/\/baya-shop.com\/home\/wp-json\/wp\/v2\/product_cat?post=1980"},{"taxonomy":"product_tag","embeddable":true,"href":"https:\/\/baya-shop.com\/home\/wp-json\/wp\/v2\/product_tag?post=1980"}],"curies":[{"name":"wp","href":"https:\/\/api.w.org\/{rel}","templated":true}]}}