{"id":1962,"date":"2023-07-13T12:43:17","date_gmt":"2023-07-13T11:43:17","guid":{"rendered":"https:\/\/baya-shop.com\/home\/?post_type=product&#038;p=1962"},"modified":"2025-05-28T17:54:32","modified_gmt":"2025-05-28T16:54:32","slug":"1962","status":"publish","type":"product","link":"https:\/\/baya-shop.com\/home\/product\/1962\/","title":{"rendered":"GAMA Lisseur Elegance Led Gi0203"},"content":{"rendered":"","protected":false},"excerpt":{"rendered":"<p>\u2022 Temp\u00e9rature r\u00e9glable de 150\u00b0 \u00e0 230\u00b0 C, choisissez le degr\u00e9 de temp\u00e9rature qui vous convient<br \/>\n\u2022 Plaques lissantes oscillantes rev\u00eatues de Tourmaline pour des cheveux sains, prot\u00e9g\u00e9s et brillants<br \/>\n\u2022 Design ultraplat, maniabilit\u00e9 extr\u00eame<br \/>\n\u2022 Affichage num\u00e9rique LCD, temp\u00e9rature toujours sous contr\u00f4le<br \/>\n\u2022 Bouton gain de place pour la fermeture du fer \u00e0 lisser<br \/>\n\u2022 C\u00e2ble rotatif \u00e0 360\u00b0, confort d\u2019utilisation maximum<br \/>\n\u2022 Automatic BiVolt, utilisable partout<\/p>\n","protected":false},"featured_media":3553,"comment_status":"open","ping_status":"closed","template":"","meta":{"_uag_custom_page_level_css":"","jetpack_publicize_message":"","jetpack_publicize_feature_enabled":true,"jetpack_social_post_already_shared":false,"jetpack_social_options":{"image_generator_settings":{"template":"highway","default_image_id":0,"font":"","enabled":false},"version":2}},"product_brand":[],"product_cat":[48,18],"product_tag":[],"class_list":{"0":"post-1962","1":"product","2":"type-product","3":"status-publish","4":"has-post-thumbnail","6":"product_cat-gama","7":"product_cat-lisseur","9":"first","10":"instock","11":"sale","12":"shipping-taxable","13":"purchasable","14":"product-type-simple"},"yoast_head":"<!-- This site is optimized with the Yoast SEO plugin v27.5 - https:\/\/yoast.com\/product\/yoast-seo-wordpress\/ -->\n<title>GAMA Lisseur Elegance Led Gi0203 - Baya Shop<\/title>\n<meta name=\"description\" content=\"\u2022 Temp\u00e9rature r\u00e9glable de 150\u00b0 \u00e0 230\u00b0 C, choisissez le degr\u00e9 de temp\u00e9rature qui vous convient \u2022 Plaques lissantes oscillantes rev\u00eatues de Tourmaline pour des cheveux sains, prot\u00e9g\u00e9s et brillants \u2022 Design ultraplat, maniabilit\u00e9 extr\u00eame \u2022 Affichage num\u00e9rique LCD, temp\u00e9rature toujours sous contr\u00f4le \u2022 Bouton gain de place pour la fermeture du fer \u00e0 lisser \u2022 C\u00e2ble rotatif \u00e0 360\u00b0, confort d\u2019utilisation maximum \u2022 Automatic BiVolt, utilisable partout\" \/>\n<meta name=\"robots\" content=\"index, follow, max-snippet:-1, max-image-preview:large, max-video-preview:-1\" \/>\n<link rel=\"canonical\" href=\"https:\/\/baya-shop.com\/home\/product\/1962\/\" \/>\n<meta property=\"og:locale\" content=\"fr_FR\" \/>\n<meta property=\"og:type\" content=\"article\" \/>\n<meta property=\"og:title\" content=\"GAMA Lisseur Elegance Led Gi0203 - Baya Shop\" \/>\n<meta property=\"og:description\" content=\"\u2022 Temp\u00e9rature r\u00e9glable de 150\u00b0 \u00e0 230\u00b0 C, choisissez le degr\u00e9 de temp\u00e9rature qui vous convient \u2022 Plaques lissantes oscillantes rev\u00eatues de Tourmaline pour des cheveux sains, prot\u00e9g\u00e9s et brillants \u2022 Design ultraplat, maniabilit\u00e9 extr\u00eame \u2022 Affichage num\u00e9rique LCD, temp\u00e9rature toujours sous contr\u00f4le \u2022 Bouton gain de place pour la fermeture du fer \u00e0 lisser \u2022 C\u00e2ble rotatif \u00e0 360\u00b0, confort d\u2019utilisation maximum \u2022 Automatic BiVolt, utilisable partout\" \/>\n<meta property=\"og:url\" content=\"https:\/\/baya-shop.com\/home\/product\/1962\/\" \/>\n<meta property=\"og:site_name\" content=\"Baya Shop\" \/>\n<meta property=\"article:publisher\" content=\"https:\/\/www.facebook.com\/Baya-Shop-103955257949742\" \/>\n<meta property=\"article:modified_time\" content=\"2025-05-28T16:54:32+00:00\" \/>\n<meta property=\"og:image\" content=\"https:\/\/baya-shop.com\/wp-content\/uploads\/2023\/07\/elegance-led-_3__1.jpg\" \/>\n\t<meta property=\"og:image:width\" content=\"1000\" \/>\n\t<meta property=\"og:image:height\" content=\"708\" \/>\n\t<meta property=\"og:image:type\" content=\"image\/jpeg\" \/>\n<meta name=\"twitter:card\" content=\"summary_large_image\" \/>\n<meta name=\"twitter:label1\" content=\"Dur\u00e9e de lecture estim\u00e9e\" \/>\n\t<meta name=\"twitter:data1\" content=\"1 minute\" \/>\n<script type=\"application\/ld+json\" class=\"yoast-schema-graph\">{\"@context\":\"https:\\\/\\\/schema.org\",\"@graph\":[{\"@type\":\"WebPage\",\"@id\":\"https:\\\/\\\/baya-shop.com\\\/home\\\/product\\\/1962\\\/\",\"url\":\"https:\\\/\\\/baya-shop.com\\\/home\\\/product\\\/1962\\\/\",\"name\":\"GAMA Lisseur Elegance Led Gi0203 - Baya Shop\",\"isPartOf\":{\"@id\":\"https:\\\/\\\/baya-shop.com\\\/home\\\/#website\"},\"primaryImageOfPage\":{\"@id\":\"https:\\\/\\\/baya-shop.com\\\/home\\\/product\\\/1962\\\/#primaryimage\"},\"image\":{\"@id\":\"https:\\\/\\\/baya-shop.com\\\/home\\\/product\\\/1962\\\/#primaryimage\"},\"thumbnailUrl\":\"https:\\\/\\\/i0.wp.com\\\/baya-shop.com\\\/wp-content\\\/uploads\\\/2023\\\/07\\\/elegance-led-_3__1.jpg?fit=1000%2C708&ssl=1\",\"datePublished\":\"2023-07-13T11:43:17+00:00\",\"dateModified\":\"2025-05-28T16:54:32+00:00\",\"description\":\"\u2022 Temp\u00e9rature r\u00e9glable de 150\u00b0 \u00e0 230\u00b0 C, choisissez le degr\u00e9 de temp\u00e9rature qui vous convient \u2022 Plaques lissantes oscillantes rev\u00eatues de Tourmaline pour des cheveux sains, prot\u00e9g\u00e9s et brillants \u2022 Design ultraplat, maniabilit\u00e9 extr\u00eame \u2022 Affichage num\u00e9rique LCD, temp\u00e9rature toujours sous contr\u00f4le \u2022 Bouton gain de place pour la fermeture du fer \u00e0 lisser \u2022 C\u00e2ble rotatif \u00e0 360\u00b0, confort d\u2019utilisation maximum \u2022 Automatic BiVolt, utilisable partout\",\"breadcrumb\":{\"@id\":\"https:\\\/\\\/baya-shop.com\\\/home\\\/product\\\/1962\\\/#breadcrumb\"},\"inLanguage\":\"fr-FR\",\"potentialAction\":[{\"@type\":\"ReadAction\",\"target\":[\"https:\\\/\\\/baya-shop.com\\\/home\\\/product\\\/1962\\\/\"]}]},{\"@type\":\"ImageObject\",\"inLanguage\":\"fr-FR\",\"@id\":\"https:\\\/\\\/baya-shop.com\\\/home\\\/product\\\/1962\\\/#primaryimage\",\"url\":\"https:\\\/\\\/i0.wp.com\\\/baya-shop.com\\\/wp-content\\\/uploads\\\/2023\\\/07\\\/elegance-led-_3__1.jpg?fit=1000%2C708&ssl=1\",\"contentUrl\":\"https:\\\/\\\/i0.wp.com\\\/baya-shop.com\\\/wp-content\\\/uploads\\\/2023\\\/07\\\/elegance-led-_3__1.jpg?fit=1000%2C708&ssl=1\",\"width\":1000,\"height\":708},{\"@type\":\"BreadcrumbList\",\"@id\":\"https:\\\/\\\/baya-shop.com\\\/home\\\/product\\\/1962\\\/#breadcrumb\",\"itemListElement\":[{\"@type\":\"ListItem\",\"position\":1,\"name\":\"Accueil\",\"item\":\"https:\\\/\\\/baya-shop.com\\\/home\\\/\"},{\"@type\":\"ListItem\",\"position\":2,\"name\":\"Shop\",\"item\":\"https:\\\/\\\/baya-shop.com\\\/home\\\/shop\\\/\"},{\"@type\":\"ListItem\",\"position\":3,\"name\":\"GAMA Lisseur Elegance Led Gi0203\"}]},{\"@type\":\"WebSite\",\"@id\":\"https:\\\/\\\/baya-shop.com\\\/home\\\/#website\",\"url\":\"https:\\\/\\\/baya-shop.com\\\/home\\\/\",\"name\":\"Baya Shop\",\"description\":\"\",\"publisher\":{\"@id\":\"https:\\\/\\\/baya-shop.com\\\/home\\\/#organization\"},\"potentialAction\":[{\"@type\":\"SearchAction\",\"target\":{\"@type\":\"EntryPoint\",\"urlTemplate\":\"https:\\\/\\\/baya-shop.com\\\/home\\\/?s={search_term_string}\"},\"query-input\":{\"@type\":\"PropertyValueSpecification\",\"valueRequired\":true,\"valueName\":\"search_term_string\"}}],\"inLanguage\":\"fr-FR\"},{\"@type\":\"Organization\",\"@id\":\"https:\\\/\\\/baya-shop.com\\\/home\\\/#organization\",\"name\":\"Baya Shop\",\"url\":\"https:\\\/\\\/baya-shop.com\\\/home\\\/\",\"logo\":{\"@type\":\"ImageObject\",\"inLanguage\":\"fr-FR\",\"@id\":\"https:\\\/\\\/baya-shop.com\\\/home\\\/#\\\/schema\\\/logo\\\/image\\\/\",\"url\":\"https:\\\/\\\/baya-shop.com\\\/wp-content\\\/uploads\\\/2020\\\/11\\\/g.png\",\"contentUrl\":\"https:\\\/\\\/baya-shop.com\\\/wp-content\\\/uploads\\\/2020\\\/11\\\/g.png\",\"width\":64,\"height\":64,\"caption\":\"Baya Shop\"},\"image\":{\"@id\":\"https:\\\/\\\/baya-shop.com\\\/home\\\/#\\\/schema\\\/logo\\\/image\\\/\"},\"sameAs\":[\"https:\\\/\\\/www.facebook.com\\\/Baya-Shop-103955257949742\",\"https:\\\/\\\/www.instagram.com\\\/baya_shop_dz\\\/\"]}]}<\/script>\n<!-- \/ Yoast SEO plugin. -->","yoast_head_json":{"title":"GAMA Lisseur Elegance Led Gi0203 - Baya Shop","description":"\u2022 Temp\u00e9rature r\u00e9glable de 150\u00b0 \u00e0 230\u00b0 C, choisissez le degr\u00e9 de temp\u00e9rature qui vous convient \u2022 Plaques lissantes oscillantes rev\u00eatues de Tourmaline pour des cheveux sains, prot\u00e9g\u00e9s et brillants \u2022 Design ultraplat, maniabilit\u00e9 extr\u00eame \u2022 Affichage num\u00e9rique LCD, temp\u00e9rature toujours sous contr\u00f4le \u2022 Bouton gain de place pour la fermeture du fer \u00e0 lisser \u2022 C\u00e2ble rotatif \u00e0 360\u00b0, confort d\u2019utilisation maximum \u2022 Automatic BiVolt, utilisable partout","robots":{"index":"index","follow":"follow","max-snippet":"max-snippet:-1","max-image-preview":"max-image-preview:large","max-video-preview":"max-video-preview:-1"},"canonical":"https:\/\/baya-shop.com\/home\/product\/1962\/","og_locale":"fr_FR","og_type":"article","og_title":"GAMA Lisseur Elegance Led Gi0203 - Baya Shop","og_description":"\u2022 Temp\u00e9rature r\u00e9glable de 150\u00b0 \u00e0 230\u00b0 C, choisissez le degr\u00e9 de temp\u00e9rature qui vous convient \u2022 Plaques lissantes oscillantes rev\u00eatues de Tourmaline pour des cheveux sains, prot\u00e9g\u00e9s et brillants \u2022 Design ultraplat, maniabilit\u00e9 extr\u00eame \u2022 Affichage num\u00e9rique LCD, temp\u00e9rature toujours sous contr\u00f4le \u2022 Bouton gain de place pour la fermeture du fer \u00e0 lisser \u2022 C\u00e2ble rotatif \u00e0 360\u00b0, confort d\u2019utilisation maximum \u2022 Automatic BiVolt, utilisable partout","og_url":"https:\/\/baya-shop.com\/home\/product\/1962\/","og_site_name":"Baya Shop","article_publisher":"https:\/\/www.facebook.com\/Baya-Shop-103955257949742","article_modified_time":"2025-05-28T16:54:32+00:00","og_image":[{"width":1000,"height":708,"url":"https:\/\/baya-shop.com\/wp-content\/uploads\/2023\/07\/elegance-led-_3__1.jpg","type":"image\/jpeg"}],"twitter_card":"summary_large_image","twitter_misc":{"Dur\u00e9e de lecture estim\u00e9e":"1 minute"},"schema":{"@context":"https:\/\/schema.org","@graph":[{"@type":"WebPage","@id":"https:\/\/baya-shop.com\/home\/product\/1962\/","url":"https:\/\/baya-shop.com\/home\/product\/1962\/","name":"GAMA Lisseur Elegance Led Gi0203 - Baya Shop","isPartOf":{"@id":"https:\/\/baya-shop.com\/home\/#website"},"primaryImageOfPage":{"@id":"https:\/\/baya-shop.com\/home\/product\/1962\/#primaryimage"},"image":{"@id":"https:\/\/baya-shop.com\/home\/product\/1962\/#primaryimage"},"thumbnailUrl":"https:\/\/i0.wp.com\/baya-shop.com\/wp-content\/uploads\/2023\/07\/elegance-led-_3__1.jpg?fit=1000%2C708&ssl=1","datePublished":"2023-07-13T11:43:17+00:00","dateModified":"2025-05-28T16:54:32+00:00","description":"\u2022 Temp\u00e9rature r\u00e9glable de 150\u00b0 \u00e0 230\u00b0 C, choisissez le degr\u00e9 de temp\u00e9rature qui vous convient \u2022 Plaques lissantes oscillantes rev\u00eatues de Tourmaline pour des cheveux sains, prot\u00e9g\u00e9s et brillants \u2022 Design ultraplat, maniabilit\u00e9 extr\u00eame \u2022 Affichage num\u00e9rique LCD, temp\u00e9rature toujours sous contr\u00f4le \u2022 Bouton gain de place pour la fermeture du fer \u00e0 lisser \u2022 C\u00e2ble rotatif \u00e0 360\u00b0, confort d\u2019utilisation maximum \u2022 Automatic BiVolt, utilisable partout","breadcrumb":{"@id":"https:\/\/baya-shop.com\/home\/product\/1962\/#breadcrumb"},"inLanguage":"fr-FR","potentialAction":[{"@type":"ReadAction","target":["https:\/\/baya-shop.com\/home\/product\/1962\/"]}]},{"@type":"ImageObject","inLanguage":"fr-FR","@id":"https:\/\/baya-shop.com\/home\/product\/1962\/#primaryimage","url":"https:\/\/i0.wp.com\/baya-shop.com\/wp-content\/uploads\/2023\/07\/elegance-led-_3__1.jpg?fit=1000%2C708&ssl=1","contentUrl":"https:\/\/i0.wp.com\/baya-shop.com\/wp-content\/uploads\/2023\/07\/elegance-led-_3__1.jpg?fit=1000%2C708&ssl=1","width":1000,"height":708},{"@type":"BreadcrumbList","@id":"https:\/\/baya-shop.com\/home\/product\/1962\/#breadcrumb","itemListElement":[{"@type":"ListItem","position":1,"name":"Accueil","item":"https:\/\/baya-shop.com\/home\/"},{"@type":"ListItem","position":2,"name":"Shop","item":"https:\/\/baya-shop.com\/home\/shop\/"},{"@type":"ListItem","position":3,"name":"GAMA Lisseur Elegance Led Gi0203"}]},{"@type":"WebSite","@id":"https:\/\/baya-shop.com\/home\/#website","url":"https:\/\/baya-shop.com\/home\/","name":"Baya Shop","description":"","publisher":{"@id":"https:\/\/baya-shop.com\/home\/#organization"},"potentialAction":[{"@type":"SearchAction","target":{"@type":"EntryPoint","urlTemplate":"https:\/\/baya-shop.com\/home\/?s={search_term_string}"},"query-input":{"@type":"PropertyValueSpecification","valueRequired":true,"valueName":"search_term_string"}}],"inLanguage":"fr-FR"},{"@type":"Organization","@id":"https:\/\/baya-shop.com\/home\/#organization","name":"Baya Shop","url":"https:\/\/baya-shop.com\/home\/","logo":{"@type":"ImageObject","inLanguage":"fr-FR","@id":"https:\/\/baya-shop.com\/home\/#\/schema\/logo\/image\/","url":"https:\/\/baya-shop.com\/wp-content\/uploads\/2020\/11\/g.png","contentUrl":"https:\/\/baya-shop.com\/wp-content\/uploads\/2020\/11\/g.png","width":64,"height":64,"caption":"Baya Shop"},"image":{"@id":"https:\/\/baya-shop.com\/home\/#\/schema\/logo\/image\/"},"sameAs":["https:\/\/www.facebook.com\/Baya-Shop-103955257949742","https:\/\/www.instagram.com\/baya_shop_dz\/"]}]}},"jetpack_publicize_connections":[],"uagb_featured_image_src":{"full":["https:\/\/i0.wp.com\/baya-shop.com\/wp-content\/uploads\/2023\/07\/elegance-led-_3__1.jpg?fit=1000%2C708&ssl=1",1000,708,false],"thumbnail":["https:\/\/i0.wp.com\/baya-shop.com\/wp-content\/uploads\/2023\/07\/elegance-led-_3__1.jpg?resize=150%2C150&ssl=1",150,150,true],"medium":["https:\/\/i0.wp.com\/baya-shop.com\/wp-content\/uploads\/2023\/07\/elegance-led-_3__1.jpg?fit=300%2C212&ssl=1",300,212,true],"medium_large":["https:\/\/i0.wp.com\/baya-shop.com\/wp-content\/uploads\/2023\/07\/elegance-led-_3__1.jpg?fit=768%2C544&ssl=1",768,544,true],"large":["https:\/\/i0.wp.com\/baya-shop.com\/wp-content\/uploads\/2023\/07\/elegance-led-_3__1.jpg?fit=1000%2C708&ssl=1",1000,708,true],"1536x1536":["https:\/\/i0.wp.com\/baya-shop.com\/wp-content\/uploads\/2023\/07\/elegance-led-_3__1.jpg?fit=1000%2C708&ssl=1",1000,708,true],"2048x2048":["https:\/\/i0.wp.com\/baya-shop.com\/wp-content\/uploads\/2023\/07\/elegance-led-_3__1.jpg?fit=1000%2C708&ssl=1",1000,708,true],"woocommerce_thumbnail":["https:\/\/i0.wp.com\/baya-shop.com\/wp-content\/uploads\/2023\/07\/elegance-led-_3__1.jpg?resize=300%2C300&ssl=1",300,300,true],"woocommerce_single":["https:\/\/i0.wp.com\/baya-shop.com\/wp-content\/uploads\/2023\/07\/elegance-led-_3__1.jpg?fit=600%2C425&ssl=1",600,425,true],"woocommerce_gallery_thumbnail":["https:\/\/i0.wp.com\/baya-shop.com\/wp-content\/uploads\/2023\/07\/elegance-led-_3__1.jpg?resize=100%2C100&ssl=1",100,100,true],"jetpack-portfolio-admin-thumb":["https:\/\/i0.wp.com\/baya-shop.com\/wp-content\/uploads\/2023\/07\/elegance-led-_3__1.jpg?resize=50%2C50&ssl=1",50,50,true]},"uagb_author_info":{"display_name":"","author_link":"https:\/\/baya-shop.com\/home\/author\/"},"uagb_comment_info":2,"uagb_excerpt":"\u2022 Temp\u00e9rature r\u00e9glable de 150\u00b0 \u00e0 230\u00b0 C, choisissez le degr\u00e9 de temp\u00e9rature qui vous convient \u2022 Plaques lissantes oscillantes rev\u00eatues de Tourmaline pour des cheveux sains, prot\u00e9g\u00e9s et brillants \u2022 Design ultraplat, maniabilit\u00e9 extr\u00eame \u2022 Affichage num\u00e9rique LCD, temp\u00e9rature toujours sous contr\u00f4le \u2022 Bouton gain de place pour la fermeture du fer \u00e0 lisser\u2026","jetpack_sharing_enabled":true,"jetpack_likes_enabled":true,"jetpack-related-posts":[],"_links":{"self":[{"href":"https:\/\/baya-shop.com\/home\/wp-json\/wp\/v2\/product\/1962","targetHints":{"allow":["GET"]}}],"collection":[{"href":"https:\/\/baya-shop.com\/home\/wp-json\/wp\/v2\/product"}],"about":[{"href":"https:\/\/baya-shop.com\/home\/wp-json\/wp\/v2\/types\/product"}],"replies":[{"embeddable":true,"href":"https:\/\/baya-shop.com\/home\/wp-json\/wp\/v2\/comments?post=1962"}],"wp:featuredmedia":[{"embeddable":true,"href":"https:\/\/baya-shop.com\/home\/wp-json\/wp\/v2\/media\/3553"}],"wp:attachment":[{"href":"https:\/\/baya-shop.com\/home\/wp-json\/wp\/v2\/media?parent=1962"}],"wp:term":[{"taxonomy":"product_brand","embeddable":true,"href":"https:\/\/baya-shop.com\/home\/wp-json\/wp\/v2\/product_brand?post=1962"},{"taxonomy":"product_cat","embeddable":true,"href":"https:\/\/baya-shop.com\/home\/wp-json\/wp\/v2\/product_cat?post=1962"},{"taxonomy":"product_tag","embeddable":true,"href":"https:\/\/baya-shop.com\/home\/wp-json\/wp\/v2\/product_tag?post=1962"}],"curies":[{"name":"wp","href":"https:\/\/api.w.org\/{rel}","templated":true}]}}