{"id":1941,"date":"2023-07-01T18:50:08","date_gmt":"2023-07-01T17:50:08","guid":{"rendered":"https:\/\/baya-shop.com\/home\/?post_type=product&#038;p=1941"},"modified":"2025-11-09T06:04:19","modified_gmt":"2025-11-09T05:04:19","slug":"gama-lisseur-elegance-keratin-gi0210","status":"publish","type":"product","link":"https:\/\/baya-shop.com\/home\/product\/gama-lisseur-elegance-keratin-gi0210\/","title":{"rendered":"GAMA Lisseur Elegance Keratin Gi0210"},"content":{"rendered":"","protected":false},"excerpt":{"rendered":"<div align=\"center\">\n<h1 style=\"text-align: left;\">Pinces pour coiffure GA. Ma \u00e9l\u00e9gance keration gi0208<\/h1>\n<\/div>\n<div align=\"center\">\n<p style=\"text-align: left;\" data-spm-anchor-id=\"a2g0o.detail.1000023.i1.5446buhSbuhSTk\">Fer \u00e0 repasser avec rev\u00eatement de plaque innovant,<\/p>\n<p style=\"text-align: left;\" data-spm-anchor-id=\"a2g0o.detail.1000023.i1.5446buhSbuhSTk\">fabriqu\u00e9 \u00e0 l&rsquo;aide de la technologie micro glitt emp\u00eache la r\u00e9duction de la k\u00e9ratine naturelle de vos cheveux<\/p>\n<p>Caract\u00e9ristiques:<br \/>\nCheveux Lisseur GA. Ma elegance keration est con\u00e7u en utilisant la technologie innovante micro glitt,<\/p>\n<p style=\"text-align: left;\" data-spm-anchor-id=\"a2g0o.detail.1000023.i1.5446buhSbuhSTk\">qui prot\u00e8ge la composition naturelle de la k\u00e9ratine de vos cheveux. Lorsque la k\u00e9ratine baisse,<\/p>\n<p style=\"text-align: left;\" data-spm-anchor-id=\"a2g0o.detail.1000023.i1.5446buhSbuhSTk\">en raison de l&rsquo;utilisation de produits chimiques ou de proc\u00e9d\u00e9s m\u00e9caniques,<\/p>\n<p style=\"text-align: left;\" data-spm-anchor-id=\"a2g0o.detail.1000023.i1.5446buhSbuhSTk\">les cheveux deviennent plus vuln\u00e9rables, poreux et perdent de l&rsquo;\u00e9clat.<\/p>\n<p style=\"text-align: left;\" data-spm-anchor-id=\"a2g0o.detail.1000023.i1.5446buhSbuhSTk\">Plaques de rev\u00eatement avec la technologie micro glitt vous permet de r\u00e9duire sa perte vos cheveux seront brillants et lisses,<\/p>\n<p style=\"text-align: left;\" data-spm-anchor-id=\"a2g0o.detail.1000023.i1.5446buhSbuhSTk\">durables et \u00e9lastiques.<\/p>\n<p>Les plaques flottantes aideront \u00e0 redresser les brins coquins.<\/p>\n<p style=\"text-align: left;\" data-spm-anchor-id=\"a2g0o.detail.1000023.i1.5446buhSbuhSTk\">Avec l&rsquo;aide d&rsquo;une surface de travail allong\u00e9e, vous pouvez faire un coiffage rapide m\u00eame sur les cheveux longs et \u00e9pais.<\/p>\n<p>Le redresseur est \u00e9quip\u00e9 d&rsquo;un verrou de plaque pour un rangement plus pratique, ainsi que d&rsquo;un long cordon tournant \u00e0 360.<\/p>\n<p>Donn\u00e9es techniques:<br \/>\nPuissance 45 W<br \/>\nConstant temp\u00e9rature de chauffage 230C<br \/>\nTechnologie Quick heat: chauffe \u00e0 temp\u00e9rature maximale en quelques secondes<br \/>\nTechnologie micro p\u00e9pin: protection et \u00e9quilibre de la k\u00e9ratine naturelle vos cheveux<br \/>\nPlaques flottantes allong\u00e9es, taille 25x120mm<br \/>\nCordon rotatif pour un maximum de confort en fonctionnement, 2,4 m de long<br \/>\nPoids 240g<\/p>\n<\/div>\n","protected":false},"featured_media":3545,"comment_status":"open","ping_status":"closed","template":"","meta":{"_uag_custom_page_level_css":"","jetpack_publicize_message":"","jetpack_publicize_feature_enabled":true,"jetpack_social_post_already_shared":false,"jetpack_social_options":{"image_generator_settings":{"template":"highway","default_image_id":0,"font":"","enabled":false},"version":2}},"product_brand":[],"product_cat":[48,18],"product_tag":[],"class_list":{"0":"post-1941","1":"product","2":"type-product","3":"status-publish","4":"has-post-thumbnail","6":"product_cat-gama","7":"product_cat-lisseur","9":"first","10":"instock","11":"sale","12":"shipping-taxable","13":"purchasable","14":"product-type-simple"},"yoast_head":"<!-- This site is optimized with the Yoast SEO plugin v27.5 - https:\/\/yoast.com\/product\/yoast-seo-wordpress\/ -->\n<title>GAMA Lisseur Elegance Keratin Gi0210 - Baya Shop<\/title>\n<meta name=\"description\" content=\"Pinces pour coiffure GA. Ma \u00e9l\u00e9gance keration gi0208   Fer \u00e0 repasser avec rev\u00eatement de plaque innovant, fabriqu\u00e9 \u00e0 l&#039;aide de la technologie micro glitt emp\u00eache la r\u00e9duction de la k\u00e9ratine naturelle de vos cheveux Caract\u00e9ristiques: Cheveux Lisseur GA. Ma elegance keration est con\u00e7u en utilisant la technologie innovante micro glitt, qui prot\u00e8ge la composition naturelle de la k\u00e9ratine de vos cheveux. Lorsque la k\u00e9ratine baisse, en raison de l&#039;utilisation de produits chimiques ou de proc\u00e9d\u00e9s m\u00e9caniques, les cheveux deviennent plus vuln\u00e9rables, poreux et perdent de l&#039;\u00e9clat. Plaques de rev\u00eatement avec la technologie micro glitt vous permet de r\u00e9duire sa perte vos cheveux seront brillants et lisses, durables et \u00e9lastiques. Les plaques flottantes aideront \u00e0 redresser les brins coquins. Avec l&#039;aide d&#039;une surface de travail allong\u00e9e, vous pouvez faire un coiffage rapide m\u00eame sur les cheveux longs et \u00e9pais. Le redresseur est \u00e9quip\u00e9 d&#039;un verrou de plaque pour un rangement plus pratique, ainsi que d&#039;un long cordon tournant \u00e0 360.  Donn\u00e9es techniques: Puissance 45 W Constant temp\u00e9rature de chauffage 230C Technologie Quick heat: chauffe \u00e0 temp\u00e9rature maximale en quelques secondes Technologie micro p\u00e9pin: protection et \u00e9quilibre de la k\u00e9ratine naturelle vos cheveux Plaques flottantes allong\u00e9es, taille 25x120mm Cordon rotatif pour un maximum de confort en fonctionnement, 2,4 m de long Poids 240g\" \/>\n<meta name=\"robots\" content=\"index, follow, max-snippet:-1, max-image-preview:large, max-video-preview:-1\" \/>\n<link rel=\"canonical\" href=\"https:\/\/baya-shop.com\/home\/product\/gama-lisseur-elegance-keratin-gi0210\/\" \/>\n<meta property=\"og:locale\" content=\"fr_FR\" \/>\n<meta property=\"og:type\" content=\"article\" \/>\n<meta property=\"og:title\" content=\"GAMA Lisseur Elegance Keratin Gi0210 - Baya Shop\" \/>\n<meta property=\"og:description\" content=\"Pinces pour coiffure GA. Ma \u00e9l\u00e9gance keration gi0208   Fer \u00e0 repasser avec rev\u00eatement de plaque innovant, fabriqu\u00e9 \u00e0 l&#039;aide de la technologie micro glitt emp\u00eache la r\u00e9duction de la k\u00e9ratine naturelle de vos cheveux Caract\u00e9ristiques: Cheveux Lisseur GA. Ma elegance keration est con\u00e7u en utilisant la technologie innovante micro glitt, qui prot\u00e8ge la composition naturelle de la k\u00e9ratine de vos cheveux. Lorsque la k\u00e9ratine baisse, en raison de l&#039;utilisation de produits chimiques ou de proc\u00e9d\u00e9s m\u00e9caniques, les cheveux deviennent plus vuln\u00e9rables, poreux et perdent de l&#039;\u00e9clat. Plaques de rev\u00eatement avec la technologie micro glitt vous permet de r\u00e9duire sa perte vos cheveux seront brillants et lisses, durables et \u00e9lastiques. Les plaques flottantes aideront \u00e0 redresser les brins coquins. Avec l&#039;aide d&#039;une surface de travail allong\u00e9e, vous pouvez faire un coiffage rapide m\u00eame sur les cheveux longs et \u00e9pais. Le redresseur est \u00e9quip\u00e9 d&#039;un verrou de plaque pour un rangement plus pratique, ainsi que d&#039;un long cordon tournant \u00e0 360.  Donn\u00e9es techniques: Puissance 45 W Constant temp\u00e9rature de chauffage 230C Technologie Quick heat: chauffe \u00e0 temp\u00e9rature maximale en quelques secondes Technologie micro p\u00e9pin: protection et \u00e9quilibre de la k\u00e9ratine naturelle vos cheveux Plaques flottantes allong\u00e9es, taille 25x120mm Cordon rotatif pour un maximum de confort en fonctionnement, 2,4 m de long Poids 240g\" \/>\n<meta property=\"og:url\" content=\"https:\/\/baya-shop.com\/home\/product\/gama-lisseur-elegance-keratin-gi0210\/\" \/>\n<meta property=\"og:site_name\" content=\"Baya Shop\" \/>\n<meta property=\"article:publisher\" content=\"https:\/\/www.facebook.com\/Baya-Shop-103955257949742\" \/>\n<meta property=\"article:modified_time\" content=\"2025-11-09T05:04:19+00:00\" \/>\n<meta property=\"og:image\" content=\"https:\/\/baya-shop.com\/wp-content\/uploads\/2023\/07\/333288_2.jpg\" \/>\n\t<meta property=\"og:image:width\" content=\"800\" \/>\n\t<meta property=\"og:image:height\" content=\"800\" \/>\n\t<meta property=\"og:image:type\" content=\"image\/jpeg\" \/>\n<meta name=\"twitter:card\" content=\"summary_large_image\" \/>\n<meta name=\"twitter:label1\" content=\"Dur\u00e9e de lecture estim\u00e9e\" \/>\n\t<meta name=\"twitter:data1\" content=\"1 minute\" \/>\n<script type=\"application\/ld+json\" class=\"yoast-schema-graph\">{\"@context\":\"https:\\\/\\\/schema.org\",\"@graph\":[{\"@type\":\"WebPage\",\"@id\":\"https:\\\/\\\/baya-shop.com\\\/home\\\/product\\\/gama-lisseur-elegance-keratin-gi0210\\\/\",\"url\":\"https:\\\/\\\/baya-shop.com\\\/home\\\/product\\\/gama-lisseur-elegance-keratin-gi0210\\\/\",\"name\":\"GAMA Lisseur Elegance Keratin Gi0210 - Baya Shop\",\"isPartOf\":{\"@id\":\"https:\\\/\\\/baya-shop.com\\\/home\\\/#website\"},\"primaryImageOfPage\":{\"@id\":\"https:\\\/\\\/baya-shop.com\\\/home\\\/product\\\/gama-lisseur-elegance-keratin-gi0210\\\/#primaryimage\"},\"image\":{\"@id\":\"https:\\\/\\\/baya-shop.com\\\/home\\\/product\\\/gama-lisseur-elegance-keratin-gi0210\\\/#primaryimage\"},\"thumbnailUrl\":\"https:\\\/\\\/i0.wp.com\\\/baya-shop.com\\\/wp-content\\\/uploads\\\/2023\\\/07\\\/333288_2.jpg?fit=800%2C800&ssl=1\",\"datePublished\":\"2023-07-01T17:50:08+00:00\",\"dateModified\":\"2025-11-09T05:04:19+00:00\",\"description\":\"Pinces pour coiffure GA. Ma \u00e9l\u00e9gance keration gi0208 Fer \u00e0 repasser avec rev\u00eatement de plaque innovant, fabriqu\u00e9 \u00e0 l'aide de la technologie micro glitt emp\u00eache la r\u00e9duction de la k\u00e9ratine naturelle de vos cheveux Caract\u00e9ristiques: Cheveux Lisseur GA. Ma elegance keration est con\u00e7u en utilisant la technologie innovante micro glitt, qui prot\u00e8ge la composition naturelle de la k\u00e9ratine de vos cheveux. Lorsque la k\u00e9ratine baisse, en raison de l'utilisation de produits chimiques ou de proc\u00e9d\u00e9s m\u00e9caniques, les cheveux deviennent plus vuln\u00e9rables, poreux et perdent de l'\u00e9clat. Plaques de rev\u00eatement avec la technologie micro glitt vous permet de r\u00e9duire sa perte vos cheveux seront brillants et lisses, durables et \u00e9lastiques. Les plaques flottantes aideront \u00e0 redresser les brins coquins. Avec l'aide d'une surface de travail allong\u00e9e, vous pouvez faire un coiffage rapide m\u00eame sur les cheveux longs et \u00e9pais. Le redresseur est \u00e9quip\u00e9 d'un verrou de plaque pour un rangement plus pratique, ainsi que d'un long cordon tournant \u00e0 360. Donn\u00e9es techniques: Puissance 45 W Constant temp\u00e9rature de chauffage 230C Technologie Quick heat: chauffe \u00e0 temp\u00e9rature maximale en quelques secondes Technologie micro p\u00e9pin: protection et \u00e9quilibre de la k\u00e9ratine naturelle vos cheveux Plaques flottantes allong\u00e9es, taille 25x120mm Cordon rotatif pour un maximum de confort en fonctionnement, 2,4 m de long Poids 240g\",\"breadcrumb\":{\"@id\":\"https:\\\/\\\/baya-shop.com\\\/home\\\/product\\\/gama-lisseur-elegance-keratin-gi0210\\\/#breadcrumb\"},\"inLanguage\":\"fr-FR\",\"potentialAction\":[{\"@type\":\"ReadAction\",\"target\":[\"https:\\\/\\\/baya-shop.com\\\/home\\\/product\\\/gama-lisseur-elegance-keratin-gi0210\\\/\"]}]},{\"@type\":\"ImageObject\",\"inLanguage\":\"fr-FR\",\"@id\":\"https:\\\/\\\/baya-shop.com\\\/home\\\/product\\\/gama-lisseur-elegance-keratin-gi0210\\\/#primaryimage\",\"url\":\"https:\\\/\\\/i0.wp.com\\\/baya-shop.com\\\/wp-content\\\/uploads\\\/2023\\\/07\\\/333288_2.jpg?fit=800%2C800&ssl=1\",\"contentUrl\":\"https:\\\/\\\/i0.wp.com\\\/baya-shop.com\\\/wp-content\\\/uploads\\\/2023\\\/07\\\/333288_2.jpg?fit=800%2C800&ssl=1\",\"width\":800,\"height\":800},{\"@type\":\"BreadcrumbList\",\"@id\":\"https:\\\/\\\/baya-shop.com\\\/home\\\/product\\\/gama-lisseur-elegance-keratin-gi0210\\\/#breadcrumb\",\"itemListElement\":[{\"@type\":\"ListItem\",\"position\":1,\"name\":\"Accueil\",\"item\":\"https:\\\/\\\/baya-shop.com\\\/home\\\/\"},{\"@type\":\"ListItem\",\"position\":2,\"name\":\"Shop\",\"item\":\"https:\\\/\\\/baya-shop.com\\\/home\\\/shop\\\/\"},{\"@type\":\"ListItem\",\"position\":3,\"name\":\"GAMA Lisseur Elegance Keratin Gi0210\"}]},{\"@type\":\"WebSite\",\"@id\":\"https:\\\/\\\/baya-shop.com\\\/home\\\/#website\",\"url\":\"https:\\\/\\\/baya-shop.com\\\/home\\\/\",\"name\":\"Baya Shop\",\"description\":\"\",\"publisher\":{\"@id\":\"https:\\\/\\\/baya-shop.com\\\/home\\\/#organization\"},\"potentialAction\":[{\"@type\":\"SearchAction\",\"target\":{\"@type\":\"EntryPoint\",\"urlTemplate\":\"https:\\\/\\\/baya-shop.com\\\/home\\\/?s={search_term_string}\"},\"query-input\":{\"@type\":\"PropertyValueSpecification\",\"valueRequired\":true,\"valueName\":\"search_term_string\"}}],\"inLanguage\":\"fr-FR\"},{\"@type\":\"Organization\",\"@id\":\"https:\\\/\\\/baya-shop.com\\\/home\\\/#organization\",\"name\":\"Baya Shop\",\"url\":\"https:\\\/\\\/baya-shop.com\\\/home\\\/\",\"logo\":{\"@type\":\"ImageObject\",\"inLanguage\":\"fr-FR\",\"@id\":\"https:\\\/\\\/baya-shop.com\\\/home\\\/#\\\/schema\\\/logo\\\/image\\\/\",\"url\":\"https:\\\/\\\/baya-shop.com\\\/wp-content\\\/uploads\\\/2020\\\/11\\\/g.png\",\"contentUrl\":\"https:\\\/\\\/baya-shop.com\\\/wp-content\\\/uploads\\\/2020\\\/11\\\/g.png\",\"width\":64,\"height\":64,\"caption\":\"Baya Shop\"},\"image\":{\"@id\":\"https:\\\/\\\/baya-shop.com\\\/home\\\/#\\\/schema\\\/logo\\\/image\\\/\"},\"sameAs\":[\"https:\\\/\\\/www.facebook.com\\\/Baya-Shop-103955257949742\",\"https:\\\/\\\/www.instagram.com\\\/baya_shop_dz\\\/\"]}]}<\/script>\n<!-- \/ Yoast SEO plugin. -->","yoast_head_json":{"title":"GAMA Lisseur Elegance Keratin Gi0210 - Baya Shop","description":"Pinces pour coiffure GA. Ma \u00e9l\u00e9gance keration gi0208   Fer \u00e0 repasser avec rev\u00eatement de plaque innovant, fabriqu\u00e9 \u00e0 l'aide de la technologie micro glitt emp\u00eache la r\u00e9duction de la k\u00e9ratine naturelle de vos cheveux Caract\u00e9ristiques: Cheveux Lisseur GA. Ma elegance keration est con\u00e7u en utilisant la technologie innovante micro glitt, qui prot\u00e8ge la composition naturelle de la k\u00e9ratine de vos cheveux. Lorsque la k\u00e9ratine baisse, en raison de l'utilisation de produits chimiques ou de proc\u00e9d\u00e9s m\u00e9caniques, les cheveux deviennent plus vuln\u00e9rables, poreux et perdent de l'\u00e9clat. Plaques de rev\u00eatement avec la technologie micro glitt vous permet de r\u00e9duire sa perte vos cheveux seront brillants et lisses, durables et \u00e9lastiques. Les plaques flottantes aideront \u00e0 redresser les brins coquins. Avec l'aide d'une surface de travail allong\u00e9e, vous pouvez faire un coiffage rapide m\u00eame sur les cheveux longs et \u00e9pais. Le redresseur est \u00e9quip\u00e9 d'un verrou de plaque pour un rangement plus pratique, ainsi que d'un long cordon tournant \u00e0 360.  Donn\u00e9es techniques: Puissance 45 W Constant temp\u00e9rature de chauffage 230C Technologie Quick heat: chauffe \u00e0 temp\u00e9rature maximale en quelques secondes Technologie micro p\u00e9pin: protection et \u00e9quilibre de la k\u00e9ratine naturelle vos cheveux Plaques flottantes allong\u00e9es, taille 25x120mm Cordon rotatif pour un maximum de confort en fonctionnement, 2,4 m de long Poids 240g","robots":{"index":"index","follow":"follow","max-snippet":"max-snippet:-1","max-image-preview":"max-image-preview:large","max-video-preview":"max-video-preview:-1"},"canonical":"https:\/\/baya-shop.com\/home\/product\/gama-lisseur-elegance-keratin-gi0210\/","og_locale":"fr_FR","og_type":"article","og_title":"GAMA Lisseur Elegance Keratin Gi0210 - Baya Shop","og_description":"Pinces pour coiffure GA. Ma \u00e9l\u00e9gance keration gi0208   Fer \u00e0 repasser avec rev\u00eatement de plaque innovant, fabriqu\u00e9 \u00e0 l'aide de la technologie micro glitt emp\u00eache la r\u00e9duction de la k\u00e9ratine naturelle de vos cheveux Caract\u00e9ristiques: Cheveux Lisseur GA. Ma elegance keration est con\u00e7u en utilisant la technologie innovante micro glitt, qui prot\u00e8ge la composition naturelle de la k\u00e9ratine de vos cheveux. Lorsque la k\u00e9ratine baisse, en raison de l'utilisation de produits chimiques ou de proc\u00e9d\u00e9s m\u00e9caniques, les cheveux deviennent plus vuln\u00e9rables, poreux et perdent de l'\u00e9clat. Plaques de rev\u00eatement avec la technologie micro glitt vous permet de r\u00e9duire sa perte vos cheveux seront brillants et lisses, durables et \u00e9lastiques. Les plaques flottantes aideront \u00e0 redresser les brins coquins. Avec l'aide d'une surface de travail allong\u00e9e, vous pouvez faire un coiffage rapide m\u00eame sur les cheveux longs et \u00e9pais. Le redresseur est \u00e9quip\u00e9 d'un verrou de plaque pour un rangement plus pratique, ainsi que d'un long cordon tournant \u00e0 360.  Donn\u00e9es techniques: Puissance 45 W Constant temp\u00e9rature de chauffage 230C Technologie Quick heat: chauffe \u00e0 temp\u00e9rature maximale en quelques secondes Technologie micro p\u00e9pin: protection et \u00e9quilibre de la k\u00e9ratine naturelle vos cheveux Plaques flottantes allong\u00e9es, taille 25x120mm Cordon rotatif pour un maximum de confort en fonctionnement, 2,4 m de long Poids 240g","og_url":"https:\/\/baya-shop.com\/home\/product\/gama-lisseur-elegance-keratin-gi0210\/","og_site_name":"Baya Shop","article_publisher":"https:\/\/www.facebook.com\/Baya-Shop-103955257949742","article_modified_time":"2025-11-09T05:04:19+00:00","og_image":[{"width":800,"height":800,"url":"https:\/\/baya-shop.com\/wp-content\/uploads\/2023\/07\/333288_2.jpg","type":"image\/jpeg"}],"twitter_card":"summary_large_image","twitter_misc":{"Dur\u00e9e de lecture estim\u00e9e":"1 minute"},"schema":{"@context":"https:\/\/schema.org","@graph":[{"@type":"WebPage","@id":"https:\/\/baya-shop.com\/home\/product\/gama-lisseur-elegance-keratin-gi0210\/","url":"https:\/\/baya-shop.com\/home\/product\/gama-lisseur-elegance-keratin-gi0210\/","name":"GAMA Lisseur Elegance Keratin Gi0210 - Baya Shop","isPartOf":{"@id":"https:\/\/baya-shop.com\/home\/#website"},"primaryImageOfPage":{"@id":"https:\/\/baya-shop.com\/home\/product\/gama-lisseur-elegance-keratin-gi0210\/#primaryimage"},"image":{"@id":"https:\/\/baya-shop.com\/home\/product\/gama-lisseur-elegance-keratin-gi0210\/#primaryimage"},"thumbnailUrl":"https:\/\/i0.wp.com\/baya-shop.com\/wp-content\/uploads\/2023\/07\/333288_2.jpg?fit=800%2C800&ssl=1","datePublished":"2023-07-01T17:50:08+00:00","dateModified":"2025-11-09T05:04:19+00:00","description":"Pinces pour coiffure GA. Ma \u00e9l\u00e9gance keration gi0208 Fer \u00e0 repasser avec rev\u00eatement de plaque innovant, fabriqu\u00e9 \u00e0 l'aide de la technologie micro glitt emp\u00eache la r\u00e9duction de la k\u00e9ratine naturelle de vos cheveux Caract\u00e9ristiques: Cheveux Lisseur GA. Ma elegance keration est con\u00e7u en utilisant la technologie innovante micro glitt, qui prot\u00e8ge la composition naturelle de la k\u00e9ratine de vos cheveux. Lorsque la k\u00e9ratine baisse, en raison de l'utilisation de produits chimiques ou de proc\u00e9d\u00e9s m\u00e9caniques, les cheveux deviennent plus vuln\u00e9rables, poreux et perdent de l'\u00e9clat. Plaques de rev\u00eatement avec la technologie micro glitt vous permet de r\u00e9duire sa perte vos cheveux seront brillants et lisses, durables et \u00e9lastiques. Les plaques flottantes aideront \u00e0 redresser les brins coquins. Avec l'aide d'une surface de travail allong\u00e9e, vous pouvez faire un coiffage rapide m\u00eame sur les cheveux longs et \u00e9pais. Le redresseur est \u00e9quip\u00e9 d'un verrou de plaque pour un rangement plus pratique, ainsi que d'un long cordon tournant \u00e0 360. Donn\u00e9es techniques: Puissance 45 W Constant temp\u00e9rature de chauffage 230C Technologie Quick heat: chauffe \u00e0 temp\u00e9rature maximale en quelques secondes Technologie micro p\u00e9pin: protection et \u00e9quilibre de la k\u00e9ratine naturelle vos cheveux Plaques flottantes allong\u00e9es, taille 25x120mm Cordon rotatif pour un maximum de confort en fonctionnement, 2,4 m de long Poids 240g","breadcrumb":{"@id":"https:\/\/baya-shop.com\/home\/product\/gama-lisseur-elegance-keratin-gi0210\/#breadcrumb"},"inLanguage":"fr-FR","potentialAction":[{"@type":"ReadAction","target":["https:\/\/baya-shop.com\/home\/product\/gama-lisseur-elegance-keratin-gi0210\/"]}]},{"@type":"ImageObject","inLanguage":"fr-FR","@id":"https:\/\/baya-shop.com\/home\/product\/gama-lisseur-elegance-keratin-gi0210\/#primaryimage","url":"https:\/\/i0.wp.com\/baya-shop.com\/wp-content\/uploads\/2023\/07\/333288_2.jpg?fit=800%2C800&ssl=1","contentUrl":"https:\/\/i0.wp.com\/baya-shop.com\/wp-content\/uploads\/2023\/07\/333288_2.jpg?fit=800%2C800&ssl=1","width":800,"height":800},{"@type":"BreadcrumbList","@id":"https:\/\/baya-shop.com\/home\/product\/gama-lisseur-elegance-keratin-gi0210\/#breadcrumb","itemListElement":[{"@type":"ListItem","position":1,"name":"Accueil","item":"https:\/\/baya-shop.com\/home\/"},{"@type":"ListItem","position":2,"name":"Shop","item":"https:\/\/baya-shop.com\/home\/shop\/"},{"@type":"ListItem","position":3,"name":"GAMA Lisseur Elegance Keratin Gi0210"}]},{"@type":"WebSite","@id":"https:\/\/baya-shop.com\/home\/#website","url":"https:\/\/baya-shop.com\/home\/","name":"Baya Shop","description":"","publisher":{"@id":"https:\/\/baya-shop.com\/home\/#organization"},"potentialAction":[{"@type":"SearchAction","target":{"@type":"EntryPoint","urlTemplate":"https:\/\/baya-shop.com\/home\/?s={search_term_string}"},"query-input":{"@type":"PropertyValueSpecification","valueRequired":true,"valueName":"search_term_string"}}],"inLanguage":"fr-FR"},{"@type":"Organization","@id":"https:\/\/baya-shop.com\/home\/#organization","name":"Baya Shop","url":"https:\/\/baya-shop.com\/home\/","logo":{"@type":"ImageObject","inLanguage":"fr-FR","@id":"https:\/\/baya-shop.com\/home\/#\/schema\/logo\/image\/","url":"https:\/\/baya-shop.com\/wp-content\/uploads\/2020\/11\/g.png","contentUrl":"https:\/\/baya-shop.com\/wp-content\/uploads\/2020\/11\/g.png","width":64,"height":64,"caption":"Baya Shop"},"image":{"@id":"https:\/\/baya-shop.com\/home\/#\/schema\/logo\/image\/"},"sameAs":["https:\/\/www.facebook.com\/Baya-Shop-103955257949742","https:\/\/www.instagram.com\/baya_shop_dz\/"]}]}},"jetpack_publicize_connections":[],"uagb_featured_image_src":{"full":["https:\/\/i0.wp.com\/baya-shop.com\/wp-content\/uploads\/2023\/07\/333288_2.jpg?fit=800%2C800&ssl=1",800,800,false],"thumbnail":["https:\/\/i0.wp.com\/baya-shop.com\/wp-content\/uploads\/2023\/07\/333288_2.jpg?resize=150%2C150&ssl=1",150,150,true],"medium":["https:\/\/i0.wp.com\/baya-shop.com\/wp-content\/uploads\/2023\/07\/333288_2.jpg?fit=300%2C300&ssl=1",300,300,true],"medium_large":["https:\/\/i0.wp.com\/baya-shop.com\/wp-content\/uploads\/2023\/07\/333288_2.jpg?fit=768%2C768&ssl=1",768,768,true],"large":["https:\/\/i0.wp.com\/baya-shop.com\/wp-content\/uploads\/2023\/07\/333288_2.jpg?fit=800%2C800&ssl=1",800,800,true],"1536x1536":["https:\/\/i0.wp.com\/baya-shop.com\/wp-content\/uploads\/2023\/07\/333288_2.jpg?fit=800%2C800&ssl=1",800,800,true],"2048x2048":["https:\/\/i0.wp.com\/baya-shop.com\/wp-content\/uploads\/2023\/07\/333288_2.jpg?fit=800%2C800&ssl=1",800,800,true],"woocommerce_thumbnail":["https:\/\/i0.wp.com\/baya-shop.com\/wp-content\/uploads\/2023\/07\/333288_2.jpg?resize=300%2C300&ssl=1",300,300,true],"woocommerce_single":["https:\/\/i0.wp.com\/baya-shop.com\/wp-content\/uploads\/2023\/07\/333288_2.jpg?fit=600%2C600&ssl=1",600,600,true],"woocommerce_gallery_thumbnail":["https:\/\/i0.wp.com\/baya-shop.com\/wp-content\/uploads\/2023\/07\/333288_2.jpg?resize=100%2C100&ssl=1",100,100,true],"jetpack-portfolio-admin-thumb":["https:\/\/i0.wp.com\/baya-shop.com\/wp-content\/uploads\/2023\/07\/333288_2.jpg?resize=50%2C50&ssl=1",50,50,true]},"uagb_author_info":{"display_name":"","author_link":"https:\/\/baya-shop.com\/home\/author\/"},"uagb_comment_info":1,"uagb_excerpt":"Pinces pour coiffure GA. Ma \u00e9l\u00e9gance keration gi0208 Fer \u00e0 repasser avec rev\u00eatement de plaque innovant, fabriqu\u00e9 \u00e0 l'aide de la technologie micro glitt emp\u00eache la r\u00e9duction de la k\u00e9ratine naturelle de vos cheveux Caract\u00e9ristiques: Cheveux Lisseur GA. Ma elegance keration est con\u00e7u en utilisant la technologie innovante micro glitt, qui prot\u00e8ge la composition naturelle\u2026","jetpack_sharing_enabled":true,"jetpack_likes_enabled":true,"jetpack-related-posts":[],"_links":{"self":[{"href":"https:\/\/baya-shop.com\/home\/wp-json\/wp\/v2\/product\/1941","targetHints":{"allow":["GET"]}}],"collection":[{"href":"https:\/\/baya-shop.com\/home\/wp-json\/wp\/v2\/product"}],"about":[{"href":"https:\/\/baya-shop.com\/home\/wp-json\/wp\/v2\/types\/product"}],"replies":[{"embeddable":true,"href":"https:\/\/baya-shop.com\/home\/wp-json\/wp\/v2\/comments?post=1941"}],"wp:featuredmedia":[{"embeddable":true,"href":"https:\/\/baya-shop.com\/home\/wp-json\/wp\/v2\/media\/3545"}],"wp:attachment":[{"href":"https:\/\/baya-shop.com\/home\/wp-json\/wp\/v2\/media?parent=1941"}],"wp:term":[{"taxonomy":"product_brand","embeddable":true,"href":"https:\/\/baya-shop.com\/home\/wp-json\/wp\/v2\/product_brand?post=1941"},{"taxonomy":"product_cat","embeddable":true,"href":"https:\/\/baya-shop.com\/home\/wp-json\/wp\/v2\/product_cat?post=1941"},{"taxonomy":"product_tag","embeddable":true,"href":"https:\/\/baya-shop.com\/home\/wp-json\/wp\/v2\/product_tag?post=1941"}],"curies":[{"name":"wp","href":"https:\/\/api.w.org\/{rel}","templated":true}]}}