{"id":1873,"date":"2023-06-04T16:08:09","date_gmt":"2023-06-04T15:08:09","guid":{"rendered":"https:\/\/baya-shop.com\/home\/?post_type=product&#038;p=1873"},"modified":"2025-04-19T17:02:32","modified_gmt":"2025-04-19T16:02:32","slug":"gama-lisseur-urban-red-city-230c","status":"publish","type":"product","link":"https:\/\/baya-shop.com\/home\/product\/gama-lisseur-urban-red-city-230c\/","title":{"rendered":"GAMA Lisseur Urban Red City"},"content":{"rendered":"","protected":false},"excerpt":{"rendered":"<p>Avec Urban Style vous pourrez r\u00e9aliser ais\u00e9ment des coiffures lisses et ondul\u00e9es gr\u00e2ce au design arrondi et au cordon rotatif \u00e0 360\u00b0. Les plaques rev\u00eatues de tourmaline glissent rapidement sur les cheveux, en les rendant brillants et soyeux et en aidant \u00e0 combattre l\u2019effet frisottis gr\u00e2ce \u00e0 l\u2019\u00e9mission naturelle d\u2019ions n\u00e9gatifs. En outre, elles sont basculantes ce qui leur permet de s\u2019adapter parfaitement \u00e0 la quantit\u00e9 de cheveux liss\u00e9s dans chaque m\u00e8che tout en garantissant une coiffure dans les r\u00e8gles de l\u2019art d\u00e8s le premier passage. Vos cheveux seront ainsi plus sains et prot\u00e9g\u00e9s contre une exposition excessive \u00e0 la chaleur. Urban est un lisseur pour cheveux tr\u00e8s simple \u00e0 utiliser ; en effet, il suffira de l\u2019allumer et, gr\u00e2ce \u00e0 la technologie Quick Heat, il atteindra une temp\u00e9rature de 230\u00b0 en toute autonomie.<\/p>\n","protected":false},"featured_media":3552,"comment_status":"open","ping_status":"closed","template":"","meta":{"_uag_custom_page_level_css":"","jetpack_publicize_message":"","jetpack_publicize_feature_enabled":true,"jetpack_social_post_already_shared":false,"jetpack_social_options":{"image_generator_settings":{"template":"highway","default_image_id":0,"font":"","enabled":false},"version":2}},"product_brand":[],"product_cat":[48,18],"product_tag":[],"class_list":{"0":"post-1873","1":"product","2":"type-product","3":"status-publish","4":"has-post-thumbnail","6":"product_cat-gama","7":"product_cat-lisseur","9":"first","10":"instock","11":"sale","12":"shipping-taxable","13":"purchasable","14":"product-type-simple"},"yoast_head":"<!-- This site is optimized with the Yoast SEO plugin v27.5 - https:\/\/yoast.com\/product\/yoast-seo-wordpress\/ -->\n<title>GAMA Lisseur Urban Red City - Baya Shop<\/title>\n<meta name=\"description\" content=\"Avec Urban Style vous pourrez r\u00e9aliser ais\u00e9ment des coiffures lisses et ondul\u00e9es gr\u00e2ce au design arrondi et au cordon rotatif \u00e0 360\u00b0. Les plaques rev\u00eatues de tourmaline glissent rapidement sur les cheveux, en les rendant brillants et soyeux et en aidant \u00e0 combattre l\u2019effet frisottis gr\u00e2ce \u00e0 l\u2019\u00e9mission naturelle d\u2019ions n\u00e9gatifs. En outre, elles sont basculantes ce qui leur permet de s\u2019adapter parfaitement \u00e0 la quantit\u00e9 de cheveux liss\u00e9s dans chaque m\u00e8che tout en garantissant une coiffure dans les r\u00e8gles de l\u2019art d\u00e8s le premier passage. Vos cheveux seront ainsi plus sains et prot\u00e9g\u00e9s contre une exposition excessive \u00e0 la chaleur. Urban est un lisseur pour cheveux tr\u00e8s simple \u00e0 utiliser ; en effet, il suffira de l\u2019allumer et, gr\u00e2ce \u00e0 la technologie Quick Heat, il atteindra une temp\u00e9rature de 230\u00b0 en toute autonomie.\" \/>\n<meta name=\"robots\" content=\"index, follow, max-snippet:-1, max-image-preview:large, max-video-preview:-1\" \/>\n<link rel=\"canonical\" href=\"https:\/\/baya-shop.com\/home\/product\/gama-lisseur-urban-red-city-230c\/\" \/>\n<meta property=\"og:locale\" content=\"fr_FR\" \/>\n<meta property=\"og:type\" content=\"article\" \/>\n<meta property=\"og:title\" content=\"GAMA Lisseur Urban Red City - Baya Shop\" \/>\n<meta property=\"og:description\" content=\"Avec Urban Style vous pourrez r\u00e9aliser ais\u00e9ment des coiffures lisses et ondul\u00e9es gr\u00e2ce au design arrondi et au cordon rotatif \u00e0 360\u00b0. Les plaques rev\u00eatues de tourmaline glissent rapidement sur les cheveux, en les rendant brillants et soyeux et en aidant \u00e0 combattre l\u2019effet frisottis gr\u00e2ce \u00e0 l\u2019\u00e9mission naturelle d\u2019ions n\u00e9gatifs. En outre, elles sont basculantes ce qui leur permet de s\u2019adapter parfaitement \u00e0 la quantit\u00e9 de cheveux liss\u00e9s dans chaque m\u00e8che tout en garantissant une coiffure dans les r\u00e8gles de l\u2019art d\u00e8s le premier passage. Vos cheveux seront ainsi plus sains et prot\u00e9g\u00e9s contre une exposition excessive \u00e0 la chaleur. Urban est un lisseur pour cheveux tr\u00e8s simple \u00e0 utiliser ; en effet, il suffira de l\u2019allumer et, gr\u00e2ce \u00e0 la technologie Quick Heat, il atteindra une temp\u00e9rature de 230\u00b0 en toute autonomie.\" \/>\n<meta property=\"og:url\" content=\"https:\/\/baya-shop.com\/home\/product\/gama-lisseur-urban-red-city-230c\/\" \/>\n<meta property=\"og:site_name\" content=\"Baya Shop\" \/>\n<meta property=\"article:publisher\" content=\"https:\/\/www.facebook.com\/Baya-Shop-103955257949742\" \/>\n<meta property=\"article:modified_time\" content=\"2025-04-19T16:02:32+00:00\" \/>\n<meta property=\"og:image\" content=\"https:\/\/baya-shop.com\/wp-content\/uploads\/2023\/06\/red-city.jpg\" \/>\n\t<meta property=\"og:image:width\" content=\"1500\" \/>\n\t<meta property=\"og:image:height\" content=\"1500\" \/>\n\t<meta property=\"og:image:type\" content=\"image\/jpeg\" \/>\n<meta name=\"twitter:card\" content=\"summary_large_image\" \/>\n<meta name=\"twitter:label1\" content=\"Dur\u00e9e de lecture estim\u00e9e\" \/>\n\t<meta name=\"twitter:data1\" content=\"1 minute\" \/>\n<script type=\"application\/ld+json\" class=\"yoast-schema-graph\">{\"@context\":\"https:\\\/\\\/schema.org\",\"@graph\":[{\"@type\":\"WebPage\",\"@id\":\"https:\\\/\\\/baya-shop.com\\\/home\\\/product\\\/gama-lisseur-urban-red-city-230c\\\/\",\"url\":\"https:\\\/\\\/baya-shop.com\\\/home\\\/product\\\/gama-lisseur-urban-red-city-230c\\\/\",\"name\":\"GAMA Lisseur Urban Red City - Baya Shop\",\"isPartOf\":{\"@id\":\"https:\\\/\\\/baya-shop.com\\\/home\\\/#website\"},\"primaryImageOfPage\":{\"@id\":\"https:\\\/\\\/baya-shop.com\\\/home\\\/product\\\/gama-lisseur-urban-red-city-230c\\\/#primaryimage\"},\"image\":{\"@id\":\"https:\\\/\\\/baya-shop.com\\\/home\\\/product\\\/gama-lisseur-urban-red-city-230c\\\/#primaryimage\"},\"thumbnailUrl\":\"https:\\\/\\\/i0.wp.com\\\/baya-shop.com\\\/wp-content\\\/uploads\\\/2023\\\/06\\\/red-city.jpg?fit=1500%2C1500&ssl=1\",\"datePublished\":\"2023-06-04T15:08:09+00:00\",\"dateModified\":\"2025-04-19T16:02:32+00:00\",\"description\":\"Avec Urban Style vous pourrez r\u00e9aliser ais\u00e9ment des coiffures lisses et ondul\u00e9es gr\u00e2ce au design arrondi et au cordon rotatif \u00e0 360\u00b0. Les plaques rev\u00eatues de tourmaline glissent rapidement sur les cheveux, en les rendant brillants et soyeux et en aidant \u00e0 combattre l\u2019effet frisottis gr\u00e2ce \u00e0 l\u2019\u00e9mission naturelle d\u2019ions n\u00e9gatifs. En outre, elles sont basculantes ce qui leur permet de s\u2019adapter parfaitement \u00e0 la quantit\u00e9 de cheveux liss\u00e9s dans chaque m\u00e8che tout en garantissant une coiffure dans les r\u00e8gles de l\u2019art d\u00e8s le premier passage. Vos cheveux seront ainsi plus sains et prot\u00e9g\u00e9s contre une exposition excessive \u00e0 la chaleur. Urban est un lisseur pour cheveux tr\u00e8s simple \u00e0 utiliser ; en effet, il suffira de l\u2019allumer et, gr\u00e2ce \u00e0 la technologie Quick Heat, il atteindra une temp\u00e9rature de 230\u00b0 en toute autonomie.\",\"breadcrumb\":{\"@id\":\"https:\\\/\\\/baya-shop.com\\\/home\\\/product\\\/gama-lisseur-urban-red-city-230c\\\/#breadcrumb\"},\"inLanguage\":\"fr-FR\",\"potentialAction\":[{\"@type\":\"ReadAction\",\"target\":[\"https:\\\/\\\/baya-shop.com\\\/home\\\/product\\\/gama-lisseur-urban-red-city-230c\\\/\"]}]},{\"@type\":\"ImageObject\",\"inLanguage\":\"fr-FR\",\"@id\":\"https:\\\/\\\/baya-shop.com\\\/home\\\/product\\\/gama-lisseur-urban-red-city-230c\\\/#primaryimage\",\"url\":\"https:\\\/\\\/i0.wp.com\\\/baya-shop.com\\\/wp-content\\\/uploads\\\/2023\\\/06\\\/red-city.jpg?fit=1500%2C1500&ssl=1\",\"contentUrl\":\"https:\\\/\\\/i0.wp.com\\\/baya-shop.com\\\/wp-content\\\/uploads\\\/2023\\\/06\\\/red-city.jpg?fit=1500%2C1500&ssl=1\",\"width\":1500,\"height\":1500},{\"@type\":\"BreadcrumbList\",\"@id\":\"https:\\\/\\\/baya-shop.com\\\/home\\\/product\\\/gama-lisseur-urban-red-city-230c\\\/#breadcrumb\",\"itemListElement\":[{\"@type\":\"ListItem\",\"position\":1,\"name\":\"Accueil\",\"item\":\"https:\\\/\\\/baya-shop.com\\\/home\\\/\"},{\"@type\":\"ListItem\",\"position\":2,\"name\":\"Shop\",\"item\":\"https:\\\/\\\/baya-shop.com\\\/home\\\/shop\\\/\"},{\"@type\":\"ListItem\",\"position\":3,\"name\":\"GAMA Lisseur Urban Red City\"}]},{\"@type\":\"WebSite\",\"@id\":\"https:\\\/\\\/baya-shop.com\\\/home\\\/#website\",\"url\":\"https:\\\/\\\/baya-shop.com\\\/home\\\/\",\"name\":\"Baya Shop\",\"description\":\"\",\"publisher\":{\"@id\":\"https:\\\/\\\/baya-shop.com\\\/home\\\/#organization\"},\"potentialAction\":[{\"@type\":\"SearchAction\",\"target\":{\"@type\":\"EntryPoint\",\"urlTemplate\":\"https:\\\/\\\/baya-shop.com\\\/home\\\/?s={search_term_string}\"},\"query-input\":{\"@type\":\"PropertyValueSpecification\",\"valueRequired\":true,\"valueName\":\"search_term_string\"}}],\"inLanguage\":\"fr-FR\"},{\"@type\":\"Organization\",\"@id\":\"https:\\\/\\\/baya-shop.com\\\/home\\\/#organization\",\"name\":\"Baya Shop\",\"url\":\"https:\\\/\\\/baya-shop.com\\\/home\\\/\",\"logo\":{\"@type\":\"ImageObject\",\"inLanguage\":\"fr-FR\",\"@id\":\"https:\\\/\\\/baya-shop.com\\\/home\\\/#\\\/schema\\\/logo\\\/image\\\/\",\"url\":\"https:\\\/\\\/baya-shop.com\\\/wp-content\\\/uploads\\\/2020\\\/11\\\/g.png\",\"contentUrl\":\"https:\\\/\\\/baya-shop.com\\\/wp-content\\\/uploads\\\/2020\\\/11\\\/g.png\",\"width\":64,\"height\":64,\"caption\":\"Baya Shop\"},\"image\":{\"@id\":\"https:\\\/\\\/baya-shop.com\\\/home\\\/#\\\/schema\\\/logo\\\/image\\\/\"},\"sameAs\":[\"https:\\\/\\\/www.facebook.com\\\/Baya-Shop-103955257949742\",\"https:\\\/\\\/www.instagram.com\\\/baya_shop_dz\\\/\"]}]}<\/script>\n<!-- \/ Yoast SEO plugin. -->","yoast_head_json":{"title":"GAMA Lisseur Urban Red City - Baya Shop","description":"Avec Urban Style vous pourrez r\u00e9aliser ais\u00e9ment des coiffures lisses et ondul\u00e9es gr\u00e2ce au design arrondi et au cordon rotatif \u00e0 360\u00b0. Les plaques rev\u00eatues de tourmaline glissent rapidement sur les cheveux, en les rendant brillants et soyeux et en aidant \u00e0 combattre l\u2019effet frisottis gr\u00e2ce \u00e0 l\u2019\u00e9mission naturelle d\u2019ions n\u00e9gatifs. En outre, elles sont basculantes ce qui leur permet de s\u2019adapter parfaitement \u00e0 la quantit\u00e9 de cheveux liss\u00e9s dans chaque m\u00e8che tout en garantissant une coiffure dans les r\u00e8gles de l\u2019art d\u00e8s le premier passage. Vos cheveux seront ainsi plus sains et prot\u00e9g\u00e9s contre une exposition excessive \u00e0 la chaleur. Urban est un lisseur pour cheveux tr\u00e8s simple \u00e0 utiliser ; en effet, il suffira de l\u2019allumer et, gr\u00e2ce \u00e0 la technologie Quick Heat, il atteindra une temp\u00e9rature de 230\u00b0 en toute autonomie.","robots":{"index":"index","follow":"follow","max-snippet":"max-snippet:-1","max-image-preview":"max-image-preview:large","max-video-preview":"max-video-preview:-1"},"canonical":"https:\/\/baya-shop.com\/home\/product\/gama-lisseur-urban-red-city-230c\/","og_locale":"fr_FR","og_type":"article","og_title":"GAMA Lisseur Urban Red City - Baya Shop","og_description":"Avec Urban Style vous pourrez r\u00e9aliser ais\u00e9ment des coiffures lisses et ondul\u00e9es gr\u00e2ce au design arrondi et au cordon rotatif \u00e0 360\u00b0. Les plaques rev\u00eatues de tourmaline glissent rapidement sur les cheveux, en les rendant brillants et soyeux et en aidant \u00e0 combattre l\u2019effet frisottis gr\u00e2ce \u00e0 l\u2019\u00e9mission naturelle d\u2019ions n\u00e9gatifs. En outre, elles sont basculantes ce qui leur permet de s\u2019adapter parfaitement \u00e0 la quantit\u00e9 de cheveux liss\u00e9s dans chaque m\u00e8che tout en garantissant une coiffure dans les r\u00e8gles de l\u2019art d\u00e8s le premier passage. Vos cheveux seront ainsi plus sains et prot\u00e9g\u00e9s contre une exposition excessive \u00e0 la chaleur. Urban est un lisseur pour cheveux tr\u00e8s simple \u00e0 utiliser ; en effet, il suffira de l\u2019allumer et, gr\u00e2ce \u00e0 la technologie Quick Heat, il atteindra une temp\u00e9rature de 230\u00b0 en toute autonomie.","og_url":"https:\/\/baya-shop.com\/home\/product\/gama-lisseur-urban-red-city-230c\/","og_site_name":"Baya Shop","article_publisher":"https:\/\/www.facebook.com\/Baya-Shop-103955257949742","article_modified_time":"2025-04-19T16:02:32+00:00","og_image":[{"width":1500,"height":1500,"url":"https:\/\/baya-shop.com\/wp-content\/uploads\/2023\/06\/red-city.jpg","type":"image\/jpeg"}],"twitter_card":"summary_large_image","twitter_misc":{"Dur\u00e9e de lecture estim\u00e9e":"1 minute"},"schema":{"@context":"https:\/\/schema.org","@graph":[{"@type":"WebPage","@id":"https:\/\/baya-shop.com\/home\/product\/gama-lisseur-urban-red-city-230c\/","url":"https:\/\/baya-shop.com\/home\/product\/gama-lisseur-urban-red-city-230c\/","name":"GAMA Lisseur Urban Red City - Baya Shop","isPartOf":{"@id":"https:\/\/baya-shop.com\/home\/#website"},"primaryImageOfPage":{"@id":"https:\/\/baya-shop.com\/home\/product\/gama-lisseur-urban-red-city-230c\/#primaryimage"},"image":{"@id":"https:\/\/baya-shop.com\/home\/product\/gama-lisseur-urban-red-city-230c\/#primaryimage"},"thumbnailUrl":"https:\/\/i0.wp.com\/baya-shop.com\/wp-content\/uploads\/2023\/06\/red-city.jpg?fit=1500%2C1500&ssl=1","datePublished":"2023-06-04T15:08:09+00:00","dateModified":"2025-04-19T16:02:32+00:00","description":"Avec Urban Style vous pourrez r\u00e9aliser ais\u00e9ment des coiffures lisses et ondul\u00e9es gr\u00e2ce au design arrondi et au cordon rotatif \u00e0 360\u00b0. Les plaques rev\u00eatues de tourmaline glissent rapidement sur les cheveux, en les rendant brillants et soyeux et en aidant \u00e0 combattre l\u2019effet frisottis gr\u00e2ce \u00e0 l\u2019\u00e9mission naturelle d\u2019ions n\u00e9gatifs. En outre, elles sont basculantes ce qui leur permet de s\u2019adapter parfaitement \u00e0 la quantit\u00e9 de cheveux liss\u00e9s dans chaque m\u00e8che tout en garantissant une coiffure dans les r\u00e8gles de l\u2019art d\u00e8s le premier passage. Vos cheveux seront ainsi plus sains et prot\u00e9g\u00e9s contre une exposition excessive \u00e0 la chaleur. Urban est un lisseur pour cheveux tr\u00e8s simple \u00e0 utiliser ; en effet, il suffira de l\u2019allumer et, gr\u00e2ce \u00e0 la technologie Quick Heat, il atteindra une temp\u00e9rature de 230\u00b0 en toute autonomie.","breadcrumb":{"@id":"https:\/\/baya-shop.com\/home\/product\/gama-lisseur-urban-red-city-230c\/#breadcrumb"},"inLanguage":"fr-FR","potentialAction":[{"@type":"ReadAction","target":["https:\/\/baya-shop.com\/home\/product\/gama-lisseur-urban-red-city-230c\/"]}]},{"@type":"ImageObject","inLanguage":"fr-FR","@id":"https:\/\/baya-shop.com\/home\/product\/gama-lisseur-urban-red-city-230c\/#primaryimage","url":"https:\/\/i0.wp.com\/baya-shop.com\/wp-content\/uploads\/2023\/06\/red-city.jpg?fit=1500%2C1500&ssl=1","contentUrl":"https:\/\/i0.wp.com\/baya-shop.com\/wp-content\/uploads\/2023\/06\/red-city.jpg?fit=1500%2C1500&ssl=1","width":1500,"height":1500},{"@type":"BreadcrumbList","@id":"https:\/\/baya-shop.com\/home\/product\/gama-lisseur-urban-red-city-230c\/#breadcrumb","itemListElement":[{"@type":"ListItem","position":1,"name":"Accueil","item":"https:\/\/baya-shop.com\/home\/"},{"@type":"ListItem","position":2,"name":"Shop","item":"https:\/\/baya-shop.com\/home\/shop\/"},{"@type":"ListItem","position":3,"name":"GAMA Lisseur Urban Red City"}]},{"@type":"WebSite","@id":"https:\/\/baya-shop.com\/home\/#website","url":"https:\/\/baya-shop.com\/home\/","name":"Baya Shop","description":"","publisher":{"@id":"https:\/\/baya-shop.com\/home\/#organization"},"potentialAction":[{"@type":"SearchAction","target":{"@type":"EntryPoint","urlTemplate":"https:\/\/baya-shop.com\/home\/?s={search_term_string}"},"query-input":{"@type":"PropertyValueSpecification","valueRequired":true,"valueName":"search_term_string"}}],"inLanguage":"fr-FR"},{"@type":"Organization","@id":"https:\/\/baya-shop.com\/home\/#organization","name":"Baya Shop","url":"https:\/\/baya-shop.com\/home\/","logo":{"@type":"ImageObject","inLanguage":"fr-FR","@id":"https:\/\/baya-shop.com\/home\/#\/schema\/logo\/image\/","url":"https:\/\/baya-shop.com\/wp-content\/uploads\/2020\/11\/g.png","contentUrl":"https:\/\/baya-shop.com\/wp-content\/uploads\/2020\/11\/g.png","width":64,"height":64,"caption":"Baya Shop"},"image":{"@id":"https:\/\/baya-shop.com\/home\/#\/schema\/logo\/image\/"},"sameAs":["https:\/\/www.facebook.com\/Baya-Shop-103955257949742","https:\/\/www.instagram.com\/baya_shop_dz\/"]}]}},"jetpack_publicize_connections":[],"uagb_featured_image_src":{"full":["https:\/\/i0.wp.com\/baya-shop.com\/wp-content\/uploads\/2023\/06\/red-city.jpg?fit=1500%2C1500&ssl=1",1500,1500,false],"thumbnail":["https:\/\/i0.wp.com\/baya-shop.com\/wp-content\/uploads\/2023\/06\/red-city.jpg?resize=150%2C150&ssl=1",150,150,true],"medium":["https:\/\/i0.wp.com\/baya-shop.com\/wp-content\/uploads\/2023\/06\/red-city.jpg?fit=300%2C300&ssl=1",300,300,true],"medium_large":["https:\/\/i0.wp.com\/baya-shop.com\/wp-content\/uploads\/2023\/06\/red-city.jpg?fit=768%2C768&ssl=1",768,768,true],"large":["https:\/\/i0.wp.com\/baya-shop.com\/wp-content\/uploads\/2023\/06\/red-city.jpg?fit=1020%2C1020&ssl=1",1020,1020,true],"1536x1536":["https:\/\/i0.wp.com\/baya-shop.com\/wp-content\/uploads\/2023\/06\/red-city.jpg?fit=1500%2C1500&ssl=1",1500,1500,true],"2048x2048":["https:\/\/i0.wp.com\/baya-shop.com\/wp-content\/uploads\/2023\/06\/red-city.jpg?fit=1500%2C1500&ssl=1",1500,1500,true],"woocommerce_thumbnail":["https:\/\/i0.wp.com\/baya-shop.com\/wp-content\/uploads\/2023\/06\/red-city.jpg?resize=300%2C300&ssl=1",300,300,true],"woocommerce_single":["https:\/\/i0.wp.com\/baya-shop.com\/wp-content\/uploads\/2023\/06\/red-city.jpg?fit=600%2C600&ssl=1",600,600,true],"woocommerce_gallery_thumbnail":["https:\/\/i0.wp.com\/baya-shop.com\/wp-content\/uploads\/2023\/06\/red-city.jpg?resize=100%2C100&ssl=1",100,100,true],"jetpack-portfolio-admin-thumb":["https:\/\/i0.wp.com\/baya-shop.com\/wp-content\/uploads\/2023\/06\/red-city.jpg?resize=50%2C50&ssl=1",50,50,true]},"uagb_author_info":{"display_name":"","author_link":"https:\/\/baya-shop.com\/home\/author\/"},"uagb_comment_info":0,"uagb_excerpt":"Avec Urban Style vous pourrez r\u00e9aliser ais\u00e9ment des coiffures lisses et ondul\u00e9es gr\u00e2ce au design arrondi et au cordon rotatif \u00e0 360\u00b0. Les plaques rev\u00eatues de tourmaline glissent rapidement sur les cheveux, en les rendant brillants et soyeux et en aidant \u00e0 combattre l\u2019effet frisottis gr\u00e2ce \u00e0 l\u2019\u00e9mission naturelle d\u2019ions n\u00e9gatifs. En outre, elles sont\u2026","jetpack_sharing_enabled":true,"jetpack_likes_enabled":true,"jetpack-related-posts":[],"_links":{"self":[{"href":"https:\/\/baya-shop.com\/home\/wp-json\/wp\/v2\/product\/1873","targetHints":{"allow":["GET"]}}],"collection":[{"href":"https:\/\/baya-shop.com\/home\/wp-json\/wp\/v2\/product"}],"about":[{"href":"https:\/\/baya-shop.com\/home\/wp-json\/wp\/v2\/types\/product"}],"replies":[{"embeddable":true,"href":"https:\/\/baya-shop.com\/home\/wp-json\/wp\/v2\/comments?post=1873"}],"wp:featuredmedia":[{"embeddable":true,"href":"https:\/\/baya-shop.com\/home\/wp-json\/wp\/v2\/media\/3552"}],"wp:attachment":[{"href":"https:\/\/baya-shop.com\/home\/wp-json\/wp\/v2\/media?parent=1873"}],"wp:term":[{"taxonomy":"product_brand","embeddable":true,"href":"https:\/\/baya-shop.com\/home\/wp-json\/wp\/v2\/product_brand?post=1873"},{"taxonomy":"product_cat","embeddable":true,"href":"https:\/\/baya-shop.com\/home\/wp-json\/wp\/v2\/product_cat?post=1873"},{"taxonomy":"product_tag","embeddable":true,"href":"https:\/\/baya-shop.com\/home\/wp-json\/wp\/v2\/product_tag?post=1873"}],"curies":[{"name":"wp","href":"https:\/\/api.w.org\/{rel}","templated":true}]}}