{"id":187,"date":"2020-11-21T14:36:46","date_gmt":"2020-11-21T13:36:46","guid":{"rendered":"https:\/\/baya-shop.com\/?post_type=product&#038;p=187"},"modified":"2026-04-27T12:50:33","modified_gmt":"2026-04-27T11:50:33","slug":"remington-lisseur-s6700","status":"publish","type":"product","link":"https:\/\/baya-shop.com\/home\/product\/remington-lisseur-s6700\/","title":{"rendered":"REMINGTON Lisseur sleek &amp; curl expert S6700"},"content":{"rendered":"","protected":false},"excerpt":{"rendered":"<p>Rev\u00eatement en c\u00e9ramique de titane noir de haute qualit\u00e9<br \/>\nDesign arrondi &#8211; id\u00e9al pour lisser et coiffer les boucles et les vagues<br \/>\nPlaques de coiffage de 110 mm de long et \u00e0 ressort pour une pression uniforme sur les cheveux<br \/>\nAffichage num\u00e9rique avec r\u00e9glages de temp\u00e9rature de 150 \u00e0 230 \u00b0 C<br \/>\n15 secondes Temps de chauffe<br \/>\nLa fonction d&rsquo;augmentation de la temp\u00e9rature permet un r\u00e9glage rapide de la temp\u00e9rature maximale<br \/>\nArr\u00eat automatique de s\u00e9curit\u00e9 apr\u00e8s 60 minutes<br \/>\nLe verrouillage des touches emp\u00eache tout ajustement involontaire de la temp\u00e9rature<br \/>\nverrouillage de transport<br \/>\nR\u00e9glage de la tension mondiale<br \/>\nc\u00e2ble pivotant<br \/>\nAccessoire de protection r\u00e9sistant \u00e0 la chaleur<\/p>\n","protected":false},"featured_media":189,"comment_status":"open","ping_status":"closed","template":"","meta":{"jetpack_post_was_ever_published":false,"jetpack_publicize_message":"","jetpack_publicize_feature_enabled":true,"jetpack_social_post_already_shared":false,"jetpack_social_options":{"image_generator_settings":{"template":"highway","default_image_id":0,"font":"","enabled":false},"version":2}},"product_brand":[],"product_cat":[18,47],"product_tag":[],"class_list":{"0":"post-187","1":"product","2":"type-product","3":"status-publish","4":"has-post-thumbnail","6":"product_cat-lisseur","7":"product_cat-remington","9":"first","10":"instock","11":"sale","12":"shipping-taxable","13":"purchasable","14":"product-type-simple"},"yoast_head":"<!-- This site is optimized with the Yoast SEO plugin v27.4 - https:\/\/yoast.com\/product\/yoast-seo-wordpress\/ -->\n<title>REMINGTON Lisseur sleek &amp; curl expert S6700 - Baya Shop<\/title>\n<meta name=\"description\" content=\"Rev\u00eatement en c\u00e9ramique de titane noir de haute qualit\u00e9 Design arrondi - id\u00e9al pour lisser et coiffer les boucles et les vagues Plaques de coiffage de 110 mm de long et \u00e0 ressort pour une pression uniforme sur les cheveux Affichage num\u00e9rique avec r\u00e9glages de temp\u00e9rature de 150 \u00e0 230 \u00b0 C 15 secondes Temps de chauffe La fonction d&#039;augmentation de la temp\u00e9rature permet un r\u00e9glage rapide de la temp\u00e9rature maximale Arr\u00eat automatique de s\u00e9curit\u00e9 apr\u00e8s 60 minutes Le verrouillage des touches emp\u00eache tout ajustement involontaire de la temp\u00e9rature verrouillage de transport R\u00e9glage de la tension mondiale c\u00e2ble pivotant Accessoire de protection r\u00e9sistant \u00e0 la chaleur\" \/>\n<meta name=\"robots\" content=\"index, follow, max-snippet:-1, max-image-preview:large, max-video-preview:-1\" \/>\n<link rel=\"canonical\" href=\"https:\/\/baya-shop.com\/home\/product\/remington-lisseur-s6700\/\" \/>\n<meta property=\"og:locale\" content=\"fr_FR\" \/>\n<meta property=\"og:type\" content=\"article\" \/>\n<meta property=\"og:title\" content=\"REMINGTON Lisseur sleek &amp; curl expert S6700 - Baya Shop\" \/>\n<meta property=\"og:description\" content=\"Rev\u00eatement en c\u00e9ramique de titane noir de haute qualit\u00e9 Design arrondi - id\u00e9al pour lisser et coiffer les boucles et les vagues Plaques de coiffage de 110 mm de long et \u00e0 ressort pour une pression uniforme sur les cheveux Affichage num\u00e9rique avec r\u00e9glages de temp\u00e9rature de 150 \u00e0 230 \u00b0 C 15 secondes Temps de chauffe La fonction d&#039;augmentation de la temp\u00e9rature permet un r\u00e9glage rapide de la temp\u00e9rature maximale Arr\u00eat automatique de s\u00e9curit\u00e9 apr\u00e8s 60 minutes Le verrouillage des touches emp\u00eache tout ajustement involontaire de la temp\u00e9rature verrouillage de transport R\u00e9glage de la tension mondiale c\u00e2ble pivotant Accessoire de protection r\u00e9sistant \u00e0 la chaleur\" \/>\n<meta property=\"og:url\" content=\"https:\/\/baya-shop.com\/home\/product\/remington-lisseur-s6700\/\" \/>\n<meta property=\"og:site_name\" content=\"Baya Shop\" \/>\n<meta property=\"article:publisher\" content=\"https:\/\/www.facebook.com\/Baya-Shop-103955257949742\" \/>\n<meta property=\"article:modified_time\" content=\"2026-04-27T11:50:33+00:00\" \/>\n<meta property=\"og:image\" content=\"https:\/\/i0.wp.com\/baya-shop.com\/wp-content\/uploads\/2020\/11\/image7.jpg?fit=828%2C927&ssl=1\" \/>\n\t<meta property=\"og:image:width\" content=\"828\" \/>\n\t<meta property=\"og:image:height\" content=\"927\" \/>\n\t<meta property=\"og:image:type\" content=\"image\/jpeg\" \/>\n<meta name=\"twitter:card\" content=\"summary_large_image\" \/>\n<meta name=\"twitter:label1\" content=\"Dur\u00e9e de lecture estim\u00e9e\" \/>\n\t<meta name=\"twitter:data1\" content=\"1 minute\" \/>\n<script type=\"application\/ld+json\" class=\"yoast-schema-graph\">{\"@context\":\"https:\\\/\\\/schema.org\",\"@graph\":[{\"@type\":\"WebPage\",\"@id\":\"https:\\\/\\\/baya-shop.com\\\/home\\\/product\\\/remington-lisseur-s6700\\\/\",\"url\":\"https:\\\/\\\/baya-shop.com\\\/home\\\/product\\\/remington-lisseur-s6700\\\/\",\"name\":\"REMINGTON Lisseur sleek &amp; curl expert S6700 - Baya Shop\",\"isPartOf\":{\"@id\":\"https:\\\/\\\/baya-shop.com\\\/home\\\/#website\"},\"primaryImageOfPage\":{\"@id\":\"https:\\\/\\\/baya-shop.com\\\/home\\\/product\\\/remington-lisseur-s6700\\\/#primaryimage\"},\"image\":{\"@id\":\"https:\\\/\\\/baya-shop.com\\\/home\\\/product\\\/remington-lisseur-s6700\\\/#primaryimage\"},\"thumbnailUrl\":\"https:\\\/\\\/i0.wp.com\\\/baya-shop.com\\\/wp-content\\\/uploads\\\/2020\\\/11\\\/image7.jpg?fit=828%2C927&ssl=1\",\"datePublished\":\"2020-11-21T13:36:46+00:00\",\"dateModified\":\"2026-04-27T11:50:33+00:00\",\"description\":\"Rev\u00eatement en c\u00e9ramique de titane noir de haute qualit\u00e9 Design arrondi - id\u00e9al pour lisser et coiffer les boucles et les vagues Plaques de coiffage de 110 mm de long et \u00e0 ressort pour une pression uniforme sur les cheveux Affichage num\u00e9rique avec r\u00e9glages de temp\u00e9rature de 150 \u00e0 230 \u00b0 C 15 secondes Temps de chauffe La fonction d'augmentation de la temp\u00e9rature permet un r\u00e9glage rapide de la temp\u00e9rature maximale Arr\u00eat automatique de s\u00e9curit\u00e9 apr\u00e8s 60 minutes Le verrouillage des touches emp\u00eache tout ajustement involontaire de la temp\u00e9rature verrouillage de transport R\u00e9glage de la tension mondiale c\u00e2ble pivotant Accessoire de protection r\u00e9sistant \u00e0 la chaleur\",\"breadcrumb\":{\"@id\":\"https:\\\/\\\/baya-shop.com\\\/home\\\/product\\\/remington-lisseur-s6700\\\/#breadcrumb\"},\"inLanguage\":\"fr-FR\",\"potentialAction\":[{\"@type\":\"ReadAction\",\"target\":[\"https:\\\/\\\/baya-shop.com\\\/home\\\/product\\\/remington-lisseur-s6700\\\/\"]}]},{\"@type\":\"ImageObject\",\"inLanguage\":\"fr-FR\",\"@id\":\"https:\\\/\\\/baya-shop.com\\\/home\\\/product\\\/remington-lisseur-s6700\\\/#primaryimage\",\"url\":\"https:\\\/\\\/i0.wp.com\\\/baya-shop.com\\\/wp-content\\\/uploads\\\/2020\\\/11\\\/image7.jpg?fit=828%2C927&ssl=1\",\"contentUrl\":\"https:\\\/\\\/i0.wp.com\\\/baya-shop.com\\\/wp-content\\\/uploads\\\/2020\\\/11\\\/image7.jpg?fit=828%2C927&ssl=1\",\"width\":828,\"height\":927},{\"@type\":\"BreadcrumbList\",\"@id\":\"https:\\\/\\\/baya-shop.com\\\/home\\\/product\\\/remington-lisseur-s6700\\\/#breadcrumb\",\"itemListElement\":[{\"@type\":\"ListItem\",\"position\":1,\"name\":\"Accueil\",\"item\":\"https:\\\/\\\/baya-shop.com\\\/home\\\/\"},{\"@type\":\"ListItem\",\"position\":2,\"name\":\"Shop\",\"item\":\"https:\\\/\\\/baya-shop.com\\\/home\\\/shop\\\/\"},{\"@type\":\"ListItem\",\"position\":3,\"name\":\"REMINGTON Lisseur sleek &amp; curl expert S6700\"}]},{\"@type\":\"WebSite\",\"@id\":\"https:\\\/\\\/baya-shop.com\\\/home\\\/#website\",\"url\":\"https:\\\/\\\/baya-shop.com\\\/home\\\/\",\"name\":\"Baya Shop\",\"description\":\"\",\"publisher\":{\"@id\":\"https:\\\/\\\/baya-shop.com\\\/home\\\/#organization\"},\"potentialAction\":[{\"@type\":\"SearchAction\",\"target\":{\"@type\":\"EntryPoint\",\"urlTemplate\":\"https:\\\/\\\/baya-shop.com\\\/home\\\/?s={search_term_string}\"},\"query-input\":{\"@type\":\"PropertyValueSpecification\",\"valueRequired\":true,\"valueName\":\"search_term_string\"}}],\"inLanguage\":\"fr-FR\"},{\"@type\":\"Organization\",\"@id\":\"https:\\\/\\\/baya-shop.com\\\/home\\\/#organization\",\"name\":\"Baya Shop\",\"url\":\"https:\\\/\\\/baya-shop.com\\\/home\\\/\",\"logo\":{\"@type\":\"ImageObject\",\"inLanguage\":\"fr-FR\",\"@id\":\"https:\\\/\\\/baya-shop.com\\\/home\\\/#\\\/schema\\\/logo\\\/image\\\/\",\"url\":\"https:\\\/\\\/baya-shop.com\\\/wp-content\\\/uploads\\\/2020\\\/11\\\/g.png\",\"contentUrl\":\"https:\\\/\\\/baya-shop.com\\\/wp-content\\\/uploads\\\/2020\\\/11\\\/g.png\",\"width\":64,\"height\":64,\"caption\":\"Baya Shop\"},\"image\":{\"@id\":\"https:\\\/\\\/baya-shop.com\\\/home\\\/#\\\/schema\\\/logo\\\/image\\\/\"},\"sameAs\":[\"https:\\\/\\\/www.facebook.com\\\/Baya-Shop-103955257949742\",\"https:\\\/\\\/www.instagram.com\\\/baya_shop_dz\\\/\"]}]}<\/script>\n<!-- \/ Yoast SEO plugin. -->","yoast_head_json":{"title":"REMINGTON Lisseur sleek &amp; curl expert S6700 - Baya Shop","description":"Rev\u00eatement en c\u00e9ramique de titane noir de haute qualit\u00e9 Design arrondi - id\u00e9al pour lisser et coiffer les boucles et les vagues Plaques de coiffage de 110 mm de long et \u00e0 ressort pour une pression uniforme sur les cheveux Affichage num\u00e9rique avec r\u00e9glages de temp\u00e9rature de 150 \u00e0 230 \u00b0 C 15 secondes Temps de chauffe La fonction d'augmentation de la temp\u00e9rature permet un r\u00e9glage rapide de la temp\u00e9rature maximale Arr\u00eat automatique de s\u00e9curit\u00e9 apr\u00e8s 60 minutes Le verrouillage des touches emp\u00eache tout ajustement involontaire de la temp\u00e9rature verrouillage de transport R\u00e9glage de la tension mondiale c\u00e2ble pivotant Accessoire de protection r\u00e9sistant \u00e0 la chaleur","robots":{"index":"index","follow":"follow","max-snippet":"max-snippet:-1","max-image-preview":"max-image-preview:large","max-video-preview":"max-video-preview:-1"},"canonical":"https:\/\/baya-shop.com\/home\/product\/remington-lisseur-s6700\/","og_locale":"fr_FR","og_type":"article","og_title":"REMINGTON Lisseur sleek &amp; curl expert S6700 - Baya Shop","og_description":"Rev\u00eatement en c\u00e9ramique de titane noir de haute qualit\u00e9 Design arrondi - id\u00e9al pour lisser et coiffer les boucles et les vagues Plaques de coiffage de 110 mm de long et \u00e0 ressort pour une pression uniforme sur les cheveux Affichage num\u00e9rique avec r\u00e9glages de temp\u00e9rature de 150 \u00e0 230 \u00b0 C 15 secondes Temps de chauffe La fonction d'augmentation de la temp\u00e9rature permet un r\u00e9glage rapide de la temp\u00e9rature maximale Arr\u00eat automatique de s\u00e9curit\u00e9 apr\u00e8s 60 minutes Le verrouillage des touches emp\u00eache tout ajustement involontaire de la temp\u00e9rature verrouillage de transport R\u00e9glage de la tension mondiale c\u00e2ble pivotant Accessoire de protection r\u00e9sistant \u00e0 la chaleur","og_url":"https:\/\/baya-shop.com\/home\/product\/remington-lisseur-s6700\/","og_site_name":"Baya Shop","article_publisher":"https:\/\/www.facebook.com\/Baya-Shop-103955257949742","article_modified_time":"2026-04-27T11:50:33+00:00","og_image":[{"width":828,"height":927,"url":"https:\/\/i0.wp.com\/baya-shop.com\/wp-content\/uploads\/2020\/11\/image7.jpg?fit=828%2C927&ssl=1","type":"image\/jpeg"}],"twitter_card":"summary_large_image","twitter_misc":{"Dur\u00e9e de lecture estim\u00e9e":"1 minute"},"schema":{"@context":"https:\/\/schema.org","@graph":[{"@type":"WebPage","@id":"https:\/\/baya-shop.com\/home\/product\/remington-lisseur-s6700\/","url":"https:\/\/baya-shop.com\/home\/product\/remington-lisseur-s6700\/","name":"REMINGTON Lisseur sleek &amp; curl expert S6700 - Baya Shop","isPartOf":{"@id":"https:\/\/baya-shop.com\/home\/#website"},"primaryImageOfPage":{"@id":"https:\/\/baya-shop.com\/home\/product\/remington-lisseur-s6700\/#primaryimage"},"image":{"@id":"https:\/\/baya-shop.com\/home\/product\/remington-lisseur-s6700\/#primaryimage"},"thumbnailUrl":"https:\/\/i0.wp.com\/baya-shop.com\/wp-content\/uploads\/2020\/11\/image7.jpg?fit=828%2C927&ssl=1","datePublished":"2020-11-21T13:36:46+00:00","dateModified":"2026-04-27T11:50:33+00:00","description":"Rev\u00eatement en c\u00e9ramique de titane noir de haute qualit\u00e9 Design arrondi - id\u00e9al pour lisser et coiffer les boucles et les vagues Plaques de coiffage de 110 mm de long et \u00e0 ressort pour une pression uniforme sur les cheveux Affichage num\u00e9rique avec r\u00e9glages de temp\u00e9rature de 150 \u00e0 230 \u00b0 C 15 secondes Temps de chauffe La fonction d'augmentation de la temp\u00e9rature permet un r\u00e9glage rapide de la temp\u00e9rature maximale Arr\u00eat automatique de s\u00e9curit\u00e9 apr\u00e8s 60 minutes Le verrouillage des touches emp\u00eache tout ajustement involontaire de la temp\u00e9rature verrouillage de transport R\u00e9glage de la tension mondiale c\u00e2ble pivotant Accessoire de protection r\u00e9sistant \u00e0 la chaleur","breadcrumb":{"@id":"https:\/\/baya-shop.com\/home\/product\/remington-lisseur-s6700\/#breadcrumb"},"inLanguage":"fr-FR","potentialAction":[{"@type":"ReadAction","target":["https:\/\/baya-shop.com\/home\/product\/remington-lisseur-s6700\/"]}]},{"@type":"ImageObject","inLanguage":"fr-FR","@id":"https:\/\/baya-shop.com\/home\/product\/remington-lisseur-s6700\/#primaryimage","url":"https:\/\/i0.wp.com\/baya-shop.com\/wp-content\/uploads\/2020\/11\/image7.jpg?fit=828%2C927&ssl=1","contentUrl":"https:\/\/i0.wp.com\/baya-shop.com\/wp-content\/uploads\/2020\/11\/image7.jpg?fit=828%2C927&ssl=1","width":828,"height":927},{"@type":"BreadcrumbList","@id":"https:\/\/baya-shop.com\/home\/product\/remington-lisseur-s6700\/#breadcrumb","itemListElement":[{"@type":"ListItem","position":1,"name":"Accueil","item":"https:\/\/baya-shop.com\/home\/"},{"@type":"ListItem","position":2,"name":"Shop","item":"https:\/\/baya-shop.com\/home\/shop\/"},{"@type":"ListItem","position":3,"name":"REMINGTON Lisseur sleek &amp; curl expert S6700"}]},{"@type":"WebSite","@id":"https:\/\/baya-shop.com\/home\/#website","url":"https:\/\/baya-shop.com\/home\/","name":"Baya Shop","description":"","publisher":{"@id":"https:\/\/baya-shop.com\/home\/#organization"},"potentialAction":[{"@type":"SearchAction","target":{"@type":"EntryPoint","urlTemplate":"https:\/\/baya-shop.com\/home\/?s={search_term_string}"},"query-input":{"@type":"PropertyValueSpecification","valueRequired":true,"valueName":"search_term_string"}}],"inLanguage":"fr-FR"},{"@type":"Organization","@id":"https:\/\/baya-shop.com\/home\/#organization","name":"Baya Shop","url":"https:\/\/baya-shop.com\/home\/","logo":{"@type":"ImageObject","inLanguage":"fr-FR","@id":"https:\/\/baya-shop.com\/home\/#\/schema\/logo\/image\/","url":"https:\/\/baya-shop.com\/wp-content\/uploads\/2020\/11\/g.png","contentUrl":"https:\/\/baya-shop.com\/wp-content\/uploads\/2020\/11\/g.png","width":64,"height":64,"caption":"Baya Shop"},"image":{"@id":"https:\/\/baya-shop.com\/home\/#\/schema\/logo\/image\/"},"sameAs":["https:\/\/www.facebook.com\/Baya-Shop-103955257949742","https:\/\/www.instagram.com\/baya_shop_dz\/"]}]}},"jetpack_publicize_connections":[],"jetpack_sharing_enabled":true,"jetpack_likes_enabled":true,"jetpack-related-posts":[],"_links":{"self":[{"href":"https:\/\/baya-shop.com\/home\/wp-json\/wp\/v2\/product\/187","targetHints":{"allow":["GET"]}}],"collection":[{"href":"https:\/\/baya-shop.com\/home\/wp-json\/wp\/v2\/product"}],"about":[{"href":"https:\/\/baya-shop.com\/home\/wp-json\/wp\/v2\/types\/product"}],"replies":[{"embeddable":true,"href":"https:\/\/baya-shop.com\/home\/wp-json\/wp\/v2\/comments?post=187"}],"wp:featuredmedia":[{"embeddable":true,"href":"https:\/\/baya-shop.com\/home\/wp-json\/wp\/v2\/media\/189"}],"wp:attachment":[{"href":"https:\/\/baya-shop.com\/home\/wp-json\/wp\/v2\/media?parent=187"}],"wp:term":[{"taxonomy":"product_brand","embeddable":true,"href":"https:\/\/baya-shop.com\/home\/wp-json\/wp\/v2\/product_brand?post=187"},{"taxonomy":"product_cat","embeddable":true,"href":"https:\/\/baya-shop.com\/home\/wp-json\/wp\/v2\/product_cat?post=187"},{"taxonomy":"product_tag","embeddable":true,"href":"https:\/\/baya-shop.com\/home\/wp-json\/wp\/v2\/product_tag?post=187"}],"curies":[{"name":"wp","href":"https:\/\/api.w.org\/{rel}","templated":true}]}}