{"id":1799,"date":"2023-04-05T15:36:01","date_gmt":"2023-04-05T14:36:01","guid":{"rendered":"https:\/\/baya-shop.com\/home\/?post_type=product&#038;p=1799"},"modified":"2024-02-09T16:14:52","modified_gmt":"2024-02-09T15:14:52","slug":"remington-lisseur-mini-s2880","status":"publish","type":"product","link":"https:\/\/baya-shop.com\/home\/product\/remington-lisseur-mini-s2880\/","title":{"rendered":"Remington Lisseur define &#038; style S2880"},"content":{"rendered":"","protected":false},"excerpt":{"rendered":"<ul class=\"a-unordered-list a-vertical a-spacing-mini\">\n<li><span class=\"a-list-item\">Mini lisseur (longueur 15cm) Rev\u00eatement Advanced C\u00e9ramique<\/span><\/li>\n<li><span class=\"a-list-item\">L\u00e9ger, petit, puissant &#8211; Une glisse 2X plus douce, dure 3 x plus longtemps<\/span><\/li>\n<li><span class=\"a-list-item\">Design compact, parfait pour le glisser dans un sac ou une valise<\/span><\/li>\n<li><span class=\"a-list-item\">Temp\u00e9rature \u00e9lev\u00e9e 200\u00b0 &#8211; Mise en temp\u00e9rature 60 secondes &#8211; Voltage universel<\/span><\/li>\n<li><span class=\"a-list-item\">Pochette thermo-r\u00e9sistante incluse<\/span><\/li>\n<\/ul>\n","protected":false},"featured_media":3331,"comment_status":"open","ping_status":"closed","template":"","meta":{"jetpack_post_was_ever_published":false,"jetpack_publicize_message":"","jetpack_publicize_feature_enabled":true,"jetpack_social_post_already_shared":false,"jetpack_social_options":{"image_generator_settings":{"template":"highway","default_image_id":0,"font":"","enabled":false},"version":2}},"product_brand":[],"product_cat":[18,47],"product_tag":[],"class_list":{"0":"post-1799","1":"product","2":"type-product","3":"status-publish","4":"has-post-thumbnail","6":"product_cat-lisseur","7":"product_cat-remington","9":"first","10":"instock","11":"shipping-taxable","12":"purchasable","13":"product-type-simple"},"yoast_head":"<!-- This site is optimized with the Yoast SEO plugin v27.4 - https:\/\/yoast.com\/product\/yoast-seo-wordpress\/ -->\n<title>Remington Lisseur define &amp; style S2880 - Baya Shop<\/title>\n<meta name=\"description\" content=\"Mini lisseur (longueur 15cm) Rev\u00eatement Advanced C\u00e9ramique  L\u00e9ger, petit, puissant - Une glisse 2X plus douce, dure 3 x plus longtemps  Design compact, parfait pour le glisser dans un sac ou une valise  Temp\u00e9rature \u00e9lev\u00e9e 200\u00b0 - Mise en temp\u00e9rature 60 secondes - Voltage universel  Pochette thermo-r\u00e9sistante incluse\" \/>\n<meta name=\"robots\" content=\"index, follow, max-snippet:-1, max-image-preview:large, max-video-preview:-1\" \/>\n<link rel=\"canonical\" href=\"https:\/\/baya-shop.com\/home\/product\/remington-lisseur-mini-s2880\/\" \/>\n<meta property=\"og:locale\" content=\"fr_FR\" \/>\n<meta property=\"og:type\" content=\"article\" \/>\n<meta property=\"og:title\" content=\"Remington Lisseur define &amp; style S2880 - Baya Shop\" \/>\n<meta property=\"og:description\" content=\"Mini lisseur (longueur 15cm) Rev\u00eatement Advanced C\u00e9ramique  L\u00e9ger, petit, puissant - Une glisse 2X plus douce, dure 3 x plus longtemps  Design compact, parfait pour le glisser dans un sac ou une valise  Temp\u00e9rature \u00e9lev\u00e9e 200\u00b0 - Mise en temp\u00e9rature 60 secondes - Voltage universel  Pochette thermo-r\u00e9sistante incluse\" \/>\n<meta property=\"og:url\" content=\"https:\/\/baya-shop.com\/home\/product\/remington-lisseur-mini-s2880\/\" \/>\n<meta property=\"og:site_name\" content=\"Baya Shop\" \/>\n<meta property=\"article:publisher\" content=\"https:\/\/www.facebook.com\/Baya-Shop-103955257949742\" \/>\n<meta property=\"article:modified_time\" content=\"2024-02-09T15:14:52+00:00\" \/>\n<meta property=\"og:image\" content=\"https:\/\/baya-shop.com\/wp-content\/uploads\/2023\/04\/download.jpg\" \/>\n\t<meta property=\"og:image:width\" content=\"225\" \/>\n\t<meta property=\"og:image:height\" content=\"225\" \/>\n\t<meta property=\"og:image:type\" content=\"image\/jpeg\" \/>\n<meta name=\"twitter:card\" content=\"summary_large_image\" \/>\n<meta name=\"twitter:label1\" content=\"Dur\u00e9e de lecture estim\u00e9e\" \/>\n\t<meta name=\"twitter:data1\" content=\"1 minute\" \/>\n<script type=\"application\/ld+json\" class=\"yoast-schema-graph\">{\"@context\":\"https:\\\/\\\/schema.org\",\"@graph\":[{\"@type\":\"WebPage\",\"@id\":\"https:\\\/\\\/baya-shop.com\\\/home\\\/product\\\/remington-lisseur-mini-s2880\\\/\",\"url\":\"https:\\\/\\\/baya-shop.com\\\/home\\\/product\\\/remington-lisseur-mini-s2880\\\/\",\"name\":\"Remington Lisseur define & style S2880 - Baya Shop\",\"isPartOf\":{\"@id\":\"https:\\\/\\\/baya-shop.com\\\/home\\\/#website\"},\"primaryImageOfPage\":{\"@id\":\"https:\\\/\\\/baya-shop.com\\\/home\\\/product\\\/remington-lisseur-mini-s2880\\\/#primaryimage\"},\"image\":{\"@id\":\"https:\\\/\\\/baya-shop.com\\\/home\\\/product\\\/remington-lisseur-mini-s2880\\\/#primaryimage\"},\"thumbnailUrl\":\"https:\\\/\\\/i0.wp.com\\\/baya-shop.com\\\/wp-content\\\/uploads\\\/2023\\\/04\\\/download.jpg?fit=225%2C225&ssl=1\",\"datePublished\":\"2023-04-05T14:36:01+00:00\",\"dateModified\":\"2024-02-09T15:14:52+00:00\",\"description\":\"Mini lisseur (longueur 15cm) Rev\u00eatement Advanced C\u00e9ramique L\u00e9ger, petit, puissant - Une glisse 2X plus douce, dure 3 x plus longtemps Design compact, parfait pour le glisser dans un sac ou une valise Temp\u00e9rature \u00e9lev\u00e9e 200\u00b0 - Mise en temp\u00e9rature 60 secondes - Voltage universel Pochette thermo-r\u00e9sistante incluse\",\"breadcrumb\":{\"@id\":\"https:\\\/\\\/baya-shop.com\\\/home\\\/product\\\/remington-lisseur-mini-s2880\\\/#breadcrumb\"},\"inLanguage\":\"fr-FR\",\"potentialAction\":[{\"@type\":\"ReadAction\",\"target\":[\"https:\\\/\\\/baya-shop.com\\\/home\\\/product\\\/remington-lisseur-mini-s2880\\\/\"]}]},{\"@type\":\"ImageObject\",\"inLanguage\":\"fr-FR\",\"@id\":\"https:\\\/\\\/baya-shop.com\\\/home\\\/product\\\/remington-lisseur-mini-s2880\\\/#primaryimage\",\"url\":\"https:\\\/\\\/i0.wp.com\\\/baya-shop.com\\\/wp-content\\\/uploads\\\/2023\\\/04\\\/download.jpg?fit=225%2C225&ssl=1\",\"contentUrl\":\"https:\\\/\\\/i0.wp.com\\\/baya-shop.com\\\/wp-content\\\/uploads\\\/2023\\\/04\\\/download.jpg?fit=225%2C225&ssl=1\",\"width\":225,\"height\":225},{\"@type\":\"BreadcrumbList\",\"@id\":\"https:\\\/\\\/baya-shop.com\\\/home\\\/product\\\/remington-lisseur-mini-s2880\\\/#breadcrumb\",\"itemListElement\":[{\"@type\":\"ListItem\",\"position\":1,\"name\":\"Accueil\",\"item\":\"https:\\\/\\\/baya-shop.com\\\/home\\\/\"},{\"@type\":\"ListItem\",\"position\":2,\"name\":\"Shop\",\"item\":\"https:\\\/\\\/baya-shop.com\\\/home\\\/shop\\\/\"},{\"@type\":\"ListItem\",\"position\":3,\"name\":\"Remington Lisseur define &#038; style S2880\"}]},{\"@type\":\"WebSite\",\"@id\":\"https:\\\/\\\/baya-shop.com\\\/home\\\/#website\",\"url\":\"https:\\\/\\\/baya-shop.com\\\/home\\\/\",\"name\":\"Baya Shop\",\"description\":\"\",\"publisher\":{\"@id\":\"https:\\\/\\\/baya-shop.com\\\/home\\\/#organization\"},\"potentialAction\":[{\"@type\":\"SearchAction\",\"target\":{\"@type\":\"EntryPoint\",\"urlTemplate\":\"https:\\\/\\\/baya-shop.com\\\/home\\\/?s={search_term_string}\"},\"query-input\":{\"@type\":\"PropertyValueSpecification\",\"valueRequired\":true,\"valueName\":\"search_term_string\"}}],\"inLanguage\":\"fr-FR\"},{\"@type\":\"Organization\",\"@id\":\"https:\\\/\\\/baya-shop.com\\\/home\\\/#organization\",\"name\":\"Baya Shop\",\"url\":\"https:\\\/\\\/baya-shop.com\\\/home\\\/\",\"logo\":{\"@type\":\"ImageObject\",\"inLanguage\":\"fr-FR\",\"@id\":\"https:\\\/\\\/baya-shop.com\\\/home\\\/#\\\/schema\\\/logo\\\/image\\\/\",\"url\":\"https:\\\/\\\/baya-shop.com\\\/wp-content\\\/uploads\\\/2020\\\/11\\\/g.png\",\"contentUrl\":\"https:\\\/\\\/baya-shop.com\\\/wp-content\\\/uploads\\\/2020\\\/11\\\/g.png\",\"width\":64,\"height\":64,\"caption\":\"Baya Shop\"},\"image\":{\"@id\":\"https:\\\/\\\/baya-shop.com\\\/home\\\/#\\\/schema\\\/logo\\\/image\\\/\"},\"sameAs\":[\"https:\\\/\\\/www.facebook.com\\\/Baya-Shop-103955257949742\",\"https:\\\/\\\/www.instagram.com\\\/baya_shop_dz\\\/\"]}]}<\/script>\n<!-- \/ Yoast SEO plugin. -->","yoast_head_json":{"title":"Remington Lisseur define & style S2880 - Baya Shop","description":"Mini lisseur (longueur 15cm) Rev\u00eatement Advanced C\u00e9ramique  L\u00e9ger, petit, puissant - Une glisse 2X plus douce, dure 3 x plus longtemps  Design compact, parfait pour le glisser dans un sac ou une valise  Temp\u00e9rature \u00e9lev\u00e9e 200\u00b0 - Mise en temp\u00e9rature 60 secondes - Voltage universel  Pochette thermo-r\u00e9sistante incluse","robots":{"index":"index","follow":"follow","max-snippet":"max-snippet:-1","max-image-preview":"max-image-preview:large","max-video-preview":"max-video-preview:-1"},"canonical":"https:\/\/baya-shop.com\/home\/product\/remington-lisseur-mini-s2880\/","og_locale":"fr_FR","og_type":"article","og_title":"Remington Lisseur define & style S2880 - Baya Shop","og_description":"Mini lisseur (longueur 15cm) Rev\u00eatement Advanced C\u00e9ramique  L\u00e9ger, petit, puissant - Une glisse 2X plus douce, dure 3 x plus longtemps  Design compact, parfait pour le glisser dans un sac ou une valise  Temp\u00e9rature \u00e9lev\u00e9e 200\u00b0 - Mise en temp\u00e9rature 60 secondes - Voltage universel  Pochette thermo-r\u00e9sistante incluse","og_url":"https:\/\/baya-shop.com\/home\/product\/remington-lisseur-mini-s2880\/","og_site_name":"Baya Shop","article_publisher":"https:\/\/www.facebook.com\/Baya-Shop-103955257949742","article_modified_time":"2024-02-09T15:14:52+00:00","og_image":[{"width":225,"height":225,"url":"https:\/\/baya-shop.com\/wp-content\/uploads\/2023\/04\/download.jpg","type":"image\/jpeg"}],"twitter_card":"summary_large_image","twitter_misc":{"Dur\u00e9e de lecture estim\u00e9e":"1 minute"},"schema":{"@context":"https:\/\/schema.org","@graph":[{"@type":"WebPage","@id":"https:\/\/baya-shop.com\/home\/product\/remington-lisseur-mini-s2880\/","url":"https:\/\/baya-shop.com\/home\/product\/remington-lisseur-mini-s2880\/","name":"Remington Lisseur define & style S2880 - Baya Shop","isPartOf":{"@id":"https:\/\/baya-shop.com\/home\/#website"},"primaryImageOfPage":{"@id":"https:\/\/baya-shop.com\/home\/product\/remington-lisseur-mini-s2880\/#primaryimage"},"image":{"@id":"https:\/\/baya-shop.com\/home\/product\/remington-lisseur-mini-s2880\/#primaryimage"},"thumbnailUrl":"https:\/\/i0.wp.com\/baya-shop.com\/wp-content\/uploads\/2023\/04\/download.jpg?fit=225%2C225&ssl=1","datePublished":"2023-04-05T14:36:01+00:00","dateModified":"2024-02-09T15:14:52+00:00","description":"Mini lisseur (longueur 15cm) Rev\u00eatement Advanced C\u00e9ramique L\u00e9ger, petit, puissant - Une glisse 2X plus douce, dure 3 x plus longtemps Design compact, parfait pour le glisser dans un sac ou une valise Temp\u00e9rature \u00e9lev\u00e9e 200\u00b0 - Mise en temp\u00e9rature 60 secondes - Voltage universel Pochette thermo-r\u00e9sistante incluse","breadcrumb":{"@id":"https:\/\/baya-shop.com\/home\/product\/remington-lisseur-mini-s2880\/#breadcrumb"},"inLanguage":"fr-FR","potentialAction":[{"@type":"ReadAction","target":["https:\/\/baya-shop.com\/home\/product\/remington-lisseur-mini-s2880\/"]}]},{"@type":"ImageObject","inLanguage":"fr-FR","@id":"https:\/\/baya-shop.com\/home\/product\/remington-lisseur-mini-s2880\/#primaryimage","url":"https:\/\/i0.wp.com\/baya-shop.com\/wp-content\/uploads\/2023\/04\/download.jpg?fit=225%2C225&ssl=1","contentUrl":"https:\/\/i0.wp.com\/baya-shop.com\/wp-content\/uploads\/2023\/04\/download.jpg?fit=225%2C225&ssl=1","width":225,"height":225},{"@type":"BreadcrumbList","@id":"https:\/\/baya-shop.com\/home\/product\/remington-lisseur-mini-s2880\/#breadcrumb","itemListElement":[{"@type":"ListItem","position":1,"name":"Accueil","item":"https:\/\/baya-shop.com\/home\/"},{"@type":"ListItem","position":2,"name":"Shop","item":"https:\/\/baya-shop.com\/home\/shop\/"},{"@type":"ListItem","position":3,"name":"Remington Lisseur define &#038; style S2880"}]},{"@type":"WebSite","@id":"https:\/\/baya-shop.com\/home\/#website","url":"https:\/\/baya-shop.com\/home\/","name":"Baya Shop","description":"","publisher":{"@id":"https:\/\/baya-shop.com\/home\/#organization"},"potentialAction":[{"@type":"SearchAction","target":{"@type":"EntryPoint","urlTemplate":"https:\/\/baya-shop.com\/home\/?s={search_term_string}"},"query-input":{"@type":"PropertyValueSpecification","valueRequired":true,"valueName":"search_term_string"}}],"inLanguage":"fr-FR"},{"@type":"Organization","@id":"https:\/\/baya-shop.com\/home\/#organization","name":"Baya Shop","url":"https:\/\/baya-shop.com\/home\/","logo":{"@type":"ImageObject","inLanguage":"fr-FR","@id":"https:\/\/baya-shop.com\/home\/#\/schema\/logo\/image\/","url":"https:\/\/baya-shop.com\/wp-content\/uploads\/2020\/11\/g.png","contentUrl":"https:\/\/baya-shop.com\/wp-content\/uploads\/2020\/11\/g.png","width":64,"height":64,"caption":"Baya Shop"},"image":{"@id":"https:\/\/baya-shop.com\/home\/#\/schema\/logo\/image\/"},"sameAs":["https:\/\/www.facebook.com\/Baya-Shop-103955257949742","https:\/\/www.instagram.com\/baya_shop_dz\/"]}]}},"jetpack_publicize_connections":[],"jetpack_sharing_enabled":true,"jetpack_likes_enabled":true,"jetpack-related-posts":[],"_links":{"self":[{"href":"https:\/\/baya-shop.com\/home\/wp-json\/wp\/v2\/product\/1799","targetHints":{"allow":["GET"]}}],"collection":[{"href":"https:\/\/baya-shop.com\/home\/wp-json\/wp\/v2\/product"}],"about":[{"href":"https:\/\/baya-shop.com\/home\/wp-json\/wp\/v2\/types\/product"}],"replies":[{"embeddable":true,"href":"https:\/\/baya-shop.com\/home\/wp-json\/wp\/v2\/comments?post=1799"}],"wp:featuredmedia":[{"embeddable":true,"href":"https:\/\/baya-shop.com\/home\/wp-json\/wp\/v2\/media\/3331"}],"wp:attachment":[{"href":"https:\/\/baya-shop.com\/home\/wp-json\/wp\/v2\/media?parent=1799"}],"wp:term":[{"taxonomy":"product_brand","embeddable":true,"href":"https:\/\/baya-shop.com\/home\/wp-json\/wp\/v2\/product_brand?post=1799"},{"taxonomy":"product_cat","embeddable":true,"href":"https:\/\/baya-shop.com\/home\/wp-json\/wp\/v2\/product_cat?post=1799"},{"taxonomy":"product_tag","embeddable":true,"href":"https:\/\/baya-shop.com\/home\/wp-json\/wp\/v2\/product_tag?post=1799"}],"curies":[{"name":"wp","href":"https:\/\/api.w.org\/{rel}","templated":true}]}}