{"id":1795,"date":"2023-04-05T15:27:44","date_gmt":"2023-04-05T14:27:44","guid":{"rendered":"https:\/\/baya-shop.com\/home\/?post_type=product&#038;p=1795"},"modified":"2025-01-30T11:13:33","modified_gmt":"2025-01-30T10:13:33","slug":"remington-brosse-chauffante-400watt-as404","status":"publish","type":"product","link":"https:\/\/baya-shop.com\/home\/product\/remington-brosse-chauffante-400watt-as404\/","title":{"rendered":"Remington Brosse soufflante style &#038; curl AS404"},"content":{"rendered":"","protected":false},"excerpt":{"rendered":"<ul>\n<li>Nombre de vitesses : 2<\/li>\n<li>Nombre de temp\u00e9ratures : 2<\/li>\n<li>Puissance 400 watt<\/li>\n<li>Brosses et accessoires inclus : Brosse \u00e0 cheveux ronde (19 mm), brosse \u00e0 cheveux ronde (25 mm)<\/li>\n<li>Fonctions : Boucle, brosse, volume<\/li>\n<li>Type de produit : Brosse Chauffante<\/li>\n<\/ul>\n<div class=\"jsFpBulletPointMore\"><\/div>\n","protected":false},"featured_media":3329,"comment_status":"open","ping_status":"closed","template":"","meta":{"jetpack_post_was_ever_published":false,"jetpack_publicize_message":"","jetpack_publicize_feature_enabled":true,"jetpack_social_post_already_shared":false,"jetpack_social_options":{"image_generator_settings":{"template":"highway","default_image_id":0,"font":"","enabled":false},"version":2}},"product_brand":[],"product_cat":[21,47],"product_tag":[],"class_list":{"0":"post-1795","1":"product","2":"type-product","3":"status-publish","4":"has-post-thumbnail","6":"product_cat-brosse-cheveux","7":"product_cat-remington","9":"first","10":"outofstock","11":"shipping-taxable","12":"purchasable","13":"product-type-simple"},"yoast_head":"<!-- This site is optimized with the Yoast SEO plugin v27.4 - https:\/\/yoast.com\/product\/yoast-seo-wordpress\/ -->\n<title>Remington Brosse soufflante style &amp; curl AS404 - Baya Shop<\/title>\n<meta name=\"description\" content=\"Nombre de vitesses : 2  Nombre de temp\u00e9ratures : 2  Puissance 400 watt  Brosses et accessoires inclus : Brosse \u00e0 cheveux ronde (19 mm), brosse \u00e0 cheveux ronde (25 mm)  Fonctions : Boucle, brosse, volume  Type de produit : Brosse Chauffante\" \/>\n<meta name=\"robots\" content=\"index, follow, max-snippet:-1, max-image-preview:large, max-video-preview:-1\" \/>\n<link rel=\"canonical\" href=\"https:\/\/baya-shop.com\/home\/product\/remington-brosse-chauffante-400watt-as404\/\" \/>\n<meta property=\"og:locale\" content=\"fr_FR\" \/>\n<meta property=\"og:type\" content=\"article\" \/>\n<meta property=\"og:title\" content=\"Remington Brosse soufflante style &amp; curl AS404 - Baya Shop\" \/>\n<meta property=\"og:description\" content=\"Nombre de vitesses : 2  Nombre de temp\u00e9ratures : 2  Puissance 400 watt  Brosses et accessoires inclus : Brosse \u00e0 cheveux ronde (19 mm), brosse \u00e0 cheveux ronde (25 mm)  Fonctions : Boucle, brosse, volume  Type de produit : Brosse Chauffante\" \/>\n<meta property=\"og:url\" content=\"https:\/\/baya-shop.com\/home\/product\/remington-brosse-chauffante-400watt-as404\/\" \/>\n<meta property=\"og:site_name\" content=\"Baya Shop\" \/>\n<meta property=\"article:publisher\" content=\"https:\/\/www.facebook.com\/Baya-Shop-103955257949742\" \/>\n<meta property=\"article:modified_time\" content=\"2025-01-30T10:13:33+00:00\" \/>\n<meta property=\"og:image\" content=\"https:\/\/baya-shop.com\/wp-content\/uploads\/2023\/04\/remington-brosse-soufflante-style-curl-as404.webp\" \/>\n\t<meta property=\"og:image:width\" content=\"700\" \/>\n\t<meta property=\"og:image:height\" content=\"700\" \/>\n\t<meta property=\"og:image:type\" content=\"image\/webp\" \/>\n<meta name=\"twitter:card\" content=\"summary_large_image\" \/>\n<meta name=\"twitter:label1\" content=\"Dur\u00e9e de lecture estim\u00e9e\" \/>\n\t<meta name=\"twitter:data1\" content=\"1 minute\" \/>\n<script type=\"application\/ld+json\" class=\"yoast-schema-graph\">{\"@context\":\"https:\\\/\\\/schema.org\",\"@graph\":[{\"@type\":\"WebPage\",\"@id\":\"https:\\\/\\\/baya-shop.com\\\/home\\\/product\\\/remington-brosse-chauffante-400watt-as404\\\/\",\"url\":\"https:\\\/\\\/baya-shop.com\\\/home\\\/product\\\/remington-brosse-chauffante-400watt-as404\\\/\",\"name\":\"Remington Brosse soufflante style & curl AS404 - Baya Shop\",\"isPartOf\":{\"@id\":\"https:\\\/\\\/baya-shop.com\\\/home\\\/#website\"},\"primaryImageOfPage\":{\"@id\":\"https:\\\/\\\/baya-shop.com\\\/home\\\/product\\\/remington-brosse-chauffante-400watt-as404\\\/#primaryimage\"},\"image\":{\"@id\":\"https:\\\/\\\/baya-shop.com\\\/home\\\/product\\\/remington-brosse-chauffante-400watt-as404\\\/#primaryimage\"},\"thumbnailUrl\":\"https:\\\/\\\/i0.wp.com\\\/baya-shop.com\\\/wp-content\\\/uploads\\\/2023\\\/04\\\/remington-brosse-soufflante-style-curl-as404.webp?fit=700%2C700&ssl=1\",\"datePublished\":\"2023-04-05T14:27:44+00:00\",\"dateModified\":\"2025-01-30T10:13:33+00:00\",\"description\":\"Nombre de vitesses : 2 Nombre de temp\u00e9ratures : 2 Puissance 400 watt Brosses et accessoires inclus : Brosse \u00e0 cheveux ronde (19 mm), brosse \u00e0 cheveux ronde (25 mm) Fonctions : Boucle, brosse, volume Type de produit : Brosse Chauffante\",\"breadcrumb\":{\"@id\":\"https:\\\/\\\/baya-shop.com\\\/home\\\/product\\\/remington-brosse-chauffante-400watt-as404\\\/#breadcrumb\"},\"inLanguage\":\"fr-FR\",\"potentialAction\":[{\"@type\":\"ReadAction\",\"target\":[\"https:\\\/\\\/baya-shop.com\\\/home\\\/product\\\/remington-brosse-chauffante-400watt-as404\\\/\"]}]},{\"@type\":\"ImageObject\",\"inLanguage\":\"fr-FR\",\"@id\":\"https:\\\/\\\/baya-shop.com\\\/home\\\/product\\\/remington-brosse-chauffante-400watt-as404\\\/#primaryimage\",\"url\":\"https:\\\/\\\/i0.wp.com\\\/baya-shop.com\\\/wp-content\\\/uploads\\\/2023\\\/04\\\/remington-brosse-soufflante-style-curl-as404.webp?fit=700%2C700&ssl=1\",\"contentUrl\":\"https:\\\/\\\/i0.wp.com\\\/baya-shop.com\\\/wp-content\\\/uploads\\\/2023\\\/04\\\/remington-brosse-soufflante-style-curl-as404.webp?fit=700%2C700&ssl=1\",\"width\":700,\"height\":700},{\"@type\":\"BreadcrumbList\",\"@id\":\"https:\\\/\\\/baya-shop.com\\\/home\\\/product\\\/remington-brosse-chauffante-400watt-as404\\\/#breadcrumb\",\"itemListElement\":[{\"@type\":\"ListItem\",\"position\":1,\"name\":\"Accueil\",\"item\":\"https:\\\/\\\/baya-shop.com\\\/home\\\/\"},{\"@type\":\"ListItem\",\"position\":2,\"name\":\"Shop\",\"item\":\"https:\\\/\\\/baya-shop.com\\\/home\\\/shop\\\/\"},{\"@type\":\"ListItem\",\"position\":3,\"name\":\"Remington Brosse soufflante style &#038; curl AS404\"}]},{\"@type\":\"WebSite\",\"@id\":\"https:\\\/\\\/baya-shop.com\\\/home\\\/#website\",\"url\":\"https:\\\/\\\/baya-shop.com\\\/home\\\/\",\"name\":\"Baya Shop\",\"description\":\"\",\"publisher\":{\"@id\":\"https:\\\/\\\/baya-shop.com\\\/home\\\/#organization\"},\"potentialAction\":[{\"@type\":\"SearchAction\",\"target\":{\"@type\":\"EntryPoint\",\"urlTemplate\":\"https:\\\/\\\/baya-shop.com\\\/home\\\/?s={search_term_string}\"},\"query-input\":{\"@type\":\"PropertyValueSpecification\",\"valueRequired\":true,\"valueName\":\"search_term_string\"}}],\"inLanguage\":\"fr-FR\"},{\"@type\":\"Organization\",\"@id\":\"https:\\\/\\\/baya-shop.com\\\/home\\\/#organization\",\"name\":\"Baya Shop\",\"url\":\"https:\\\/\\\/baya-shop.com\\\/home\\\/\",\"logo\":{\"@type\":\"ImageObject\",\"inLanguage\":\"fr-FR\",\"@id\":\"https:\\\/\\\/baya-shop.com\\\/home\\\/#\\\/schema\\\/logo\\\/image\\\/\",\"url\":\"https:\\\/\\\/baya-shop.com\\\/wp-content\\\/uploads\\\/2020\\\/11\\\/g.png\",\"contentUrl\":\"https:\\\/\\\/baya-shop.com\\\/wp-content\\\/uploads\\\/2020\\\/11\\\/g.png\",\"width\":64,\"height\":64,\"caption\":\"Baya Shop\"},\"image\":{\"@id\":\"https:\\\/\\\/baya-shop.com\\\/home\\\/#\\\/schema\\\/logo\\\/image\\\/\"},\"sameAs\":[\"https:\\\/\\\/www.facebook.com\\\/Baya-Shop-103955257949742\",\"https:\\\/\\\/www.instagram.com\\\/baya_shop_dz\\\/\"]}]}<\/script>\n<!-- \/ Yoast SEO plugin. -->","yoast_head_json":{"title":"Remington Brosse soufflante style & curl AS404 - Baya Shop","description":"Nombre de vitesses : 2  Nombre de temp\u00e9ratures : 2  Puissance 400 watt  Brosses et accessoires inclus : Brosse \u00e0 cheveux ronde (19 mm), brosse \u00e0 cheveux ronde (25 mm)  Fonctions : Boucle, brosse, volume  Type de produit : Brosse Chauffante","robots":{"index":"index","follow":"follow","max-snippet":"max-snippet:-1","max-image-preview":"max-image-preview:large","max-video-preview":"max-video-preview:-1"},"canonical":"https:\/\/baya-shop.com\/home\/product\/remington-brosse-chauffante-400watt-as404\/","og_locale":"fr_FR","og_type":"article","og_title":"Remington Brosse soufflante style & curl AS404 - Baya Shop","og_description":"Nombre de vitesses : 2  Nombre de temp\u00e9ratures : 2  Puissance 400 watt  Brosses et accessoires inclus : Brosse \u00e0 cheveux ronde (19 mm), brosse \u00e0 cheveux ronde (25 mm)  Fonctions : Boucle, brosse, volume  Type de produit : Brosse Chauffante","og_url":"https:\/\/baya-shop.com\/home\/product\/remington-brosse-chauffante-400watt-as404\/","og_site_name":"Baya Shop","article_publisher":"https:\/\/www.facebook.com\/Baya-Shop-103955257949742","article_modified_time":"2025-01-30T10:13:33+00:00","og_image":[{"width":700,"height":700,"url":"https:\/\/baya-shop.com\/wp-content\/uploads\/2023\/04\/remington-brosse-soufflante-style-curl-as404.webp","type":"image\/webp"}],"twitter_card":"summary_large_image","twitter_misc":{"Dur\u00e9e de lecture estim\u00e9e":"1 minute"},"schema":{"@context":"https:\/\/schema.org","@graph":[{"@type":"WebPage","@id":"https:\/\/baya-shop.com\/home\/product\/remington-brosse-chauffante-400watt-as404\/","url":"https:\/\/baya-shop.com\/home\/product\/remington-brosse-chauffante-400watt-as404\/","name":"Remington Brosse soufflante style & curl AS404 - Baya Shop","isPartOf":{"@id":"https:\/\/baya-shop.com\/home\/#website"},"primaryImageOfPage":{"@id":"https:\/\/baya-shop.com\/home\/product\/remington-brosse-chauffante-400watt-as404\/#primaryimage"},"image":{"@id":"https:\/\/baya-shop.com\/home\/product\/remington-brosse-chauffante-400watt-as404\/#primaryimage"},"thumbnailUrl":"https:\/\/i0.wp.com\/baya-shop.com\/wp-content\/uploads\/2023\/04\/remington-brosse-soufflante-style-curl-as404.webp?fit=700%2C700&ssl=1","datePublished":"2023-04-05T14:27:44+00:00","dateModified":"2025-01-30T10:13:33+00:00","description":"Nombre de vitesses : 2 Nombre de temp\u00e9ratures : 2 Puissance 400 watt Brosses et accessoires inclus : Brosse \u00e0 cheveux ronde (19 mm), brosse \u00e0 cheveux ronde (25 mm) Fonctions : Boucle, brosse, volume Type de produit : Brosse Chauffante","breadcrumb":{"@id":"https:\/\/baya-shop.com\/home\/product\/remington-brosse-chauffante-400watt-as404\/#breadcrumb"},"inLanguage":"fr-FR","potentialAction":[{"@type":"ReadAction","target":["https:\/\/baya-shop.com\/home\/product\/remington-brosse-chauffante-400watt-as404\/"]}]},{"@type":"ImageObject","inLanguage":"fr-FR","@id":"https:\/\/baya-shop.com\/home\/product\/remington-brosse-chauffante-400watt-as404\/#primaryimage","url":"https:\/\/i0.wp.com\/baya-shop.com\/wp-content\/uploads\/2023\/04\/remington-brosse-soufflante-style-curl-as404.webp?fit=700%2C700&ssl=1","contentUrl":"https:\/\/i0.wp.com\/baya-shop.com\/wp-content\/uploads\/2023\/04\/remington-brosse-soufflante-style-curl-as404.webp?fit=700%2C700&ssl=1","width":700,"height":700},{"@type":"BreadcrumbList","@id":"https:\/\/baya-shop.com\/home\/product\/remington-brosse-chauffante-400watt-as404\/#breadcrumb","itemListElement":[{"@type":"ListItem","position":1,"name":"Accueil","item":"https:\/\/baya-shop.com\/home\/"},{"@type":"ListItem","position":2,"name":"Shop","item":"https:\/\/baya-shop.com\/home\/shop\/"},{"@type":"ListItem","position":3,"name":"Remington Brosse soufflante style &#038; curl AS404"}]},{"@type":"WebSite","@id":"https:\/\/baya-shop.com\/home\/#website","url":"https:\/\/baya-shop.com\/home\/","name":"Baya Shop","description":"","publisher":{"@id":"https:\/\/baya-shop.com\/home\/#organization"},"potentialAction":[{"@type":"SearchAction","target":{"@type":"EntryPoint","urlTemplate":"https:\/\/baya-shop.com\/home\/?s={search_term_string}"},"query-input":{"@type":"PropertyValueSpecification","valueRequired":true,"valueName":"search_term_string"}}],"inLanguage":"fr-FR"},{"@type":"Organization","@id":"https:\/\/baya-shop.com\/home\/#organization","name":"Baya Shop","url":"https:\/\/baya-shop.com\/home\/","logo":{"@type":"ImageObject","inLanguage":"fr-FR","@id":"https:\/\/baya-shop.com\/home\/#\/schema\/logo\/image\/","url":"https:\/\/baya-shop.com\/wp-content\/uploads\/2020\/11\/g.png","contentUrl":"https:\/\/baya-shop.com\/wp-content\/uploads\/2020\/11\/g.png","width":64,"height":64,"caption":"Baya Shop"},"image":{"@id":"https:\/\/baya-shop.com\/home\/#\/schema\/logo\/image\/"},"sameAs":["https:\/\/www.facebook.com\/Baya-Shop-103955257949742","https:\/\/www.instagram.com\/baya_shop_dz\/"]}]}},"jetpack_publicize_connections":[],"jetpack_sharing_enabled":true,"jetpack_likes_enabled":true,"jetpack-related-posts":[],"_links":{"self":[{"href":"https:\/\/baya-shop.com\/home\/wp-json\/wp\/v2\/product\/1795","targetHints":{"allow":["GET"]}}],"collection":[{"href":"https:\/\/baya-shop.com\/home\/wp-json\/wp\/v2\/product"}],"about":[{"href":"https:\/\/baya-shop.com\/home\/wp-json\/wp\/v2\/types\/product"}],"replies":[{"embeddable":true,"href":"https:\/\/baya-shop.com\/home\/wp-json\/wp\/v2\/comments?post=1795"}],"wp:featuredmedia":[{"embeddable":true,"href":"https:\/\/baya-shop.com\/home\/wp-json\/wp\/v2\/media\/3329"}],"wp:attachment":[{"href":"https:\/\/baya-shop.com\/home\/wp-json\/wp\/v2\/media?parent=1795"}],"wp:term":[{"taxonomy":"product_brand","embeddable":true,"href":"https:\/\/baya-shop.com\/home\/wp-json\/wp\/v2\/product_brand?post=1795"},{"taxonomy":"product_cat","embeddable":true,"href":"https:\/\/baya-shop.com\/home\/wp-json\/wp\/v2\/product_cat?post=1795"},{"taxonomy":"product_tag","embeddable":true,"href":"https:\/\/baya-shop.com\/home\/wp-json\/wp\/v2\/product_tag?post=1795"}],"curies":[{"name":"wp","href":"https:\/\/api.w.org\/{rel}","templated":true}]}}