{"id":1742,"date":"2023-03-13T15:00:21","date_gmt":"2023-03-13T14:00:21","guid":{"rendered":"https:\/\/baya-shop.com\/home\/?post_type=product&#038;p=1742"},"modified":"2025-04-19T17:03:19","modified_gmt":"2025-04-19T16:03:19","slug":"ceriotti-seche-cheveux-wow-3200","status":"publish","type":"product","link":"https:\/\/baya-shop.com\/home\/product\/ceriotti-seche-cheveux-wow-3200\/","title":{"rendered":"CERIOTTI S\u00e8che-Cheveux WOW 3200"},"content":{"rendered":"","protected":false},"excerpt":{"rendered":"<ul>\n<li>Br\u00e8ve caract\u00e9ristiques techniques du Ceriotti WOW-3200 sans ions (2000 W):<\/li>\n<li>Puissance &#8211; 2000 W de d\u00e9bit 95 m3 \/ heure<\/li>\n<li>Moteur AC professionnel avec longue dur\u00e9e de vie<\/li>\n<li>4 modes de temp\u00e9rature<\/li>\n<li>2 modes de vitesse<\/li>\n<li>Bouton de coup froid<\/li>\n<li>Filtre amovible pour un nettoyage facile<\/li>\n<li>Garantie 12 Mois<\/li>\n<\/ul>\n","protected":false},"featured_media":3400,"comment_status":"open","ping_status":"closed","template":"","meta":{"jetpack_post_was_ever_published":false,"jetpack_publicize_message":"","jetpack_publicize_feature_enabled":true,"jetpack_social_post_already_shared":false,"jetpack_social_options":{"image_generator_settings":{"template":"highway","default_image_id":0,"font":"","enabled":false},"version":2}},"product_brand":[],"product_cat":[55,20],"product_tag":[],"class_list":{"0":"post-1742","1":"product","2":"type-product","3":"status-publish","4":"has-post-thumbnail","6":"product_cat-ceriotti","7":"product_cat-seche-cheveux","9":"first","10":"instock","11":"sale","12":"shipping-taxable","13":"purchasable","14":"product-type-simple"},"yoast_head":"<!-- This site is optimized with the Yoast SEO plugin v27.5 - https:\/\/yoast.com\/product\/yoast-seo-wordpress\/ -->\n<title>CERIOTTI S\u00e8che-Cheveux WOW 3200 - Baya Shop<\/title>\n<meta name=\"description\" content=\"Br\u00e8ve caract\u00e9ristiques techniques du Ceriotti WOW-3200 sans ions (2000 W):  Puissance - 2000 W de d\u00e9bit 95 m3 \/ heure  Moteur AC professionnel avec longue dur\u00e9e de vie  4 modes de temp\u00e9rature  2 modes de vitesse  Bouton de coup froid  Filtre amovible pour un nettoyage facile  Garantie 12 Mois\" \/>\n<meta name=\"robots\" content=\"index, follow, max-snippet:-1, max-image-preview:large, max-video-preview:-1\" \/>\n<link rel=\"canonical\" href=\"https:\/\/baya-shop.com\/home\/product\/ceriotti-seche-cheveux-wow-3200\/\" \/>\n<meta property=\"og:locale\" content=\"fr_FR\" \/>\n<meta property=\"og:type\" content=\"article\" \/>\n<meta property=\"og:title\" content=\"CERIOTTI S\u00e8che-Cheveux WOW 3200 - Baya Shop\" \/>\n<meta property=\"og:description\" content=\"Br\u00e8ve caract\u00e9ristiques techniques du Ceriotti WOW-3200 sans ions (2000 W):  Puissance - 2000 W de d\u00e9bit 95 m3 \/ heure  Moteur AC professionnel avec longue dur\u00e9e de vie  4 modes de temp\u00e9rature  2 modes de vitesse  Bouton de coup froid  Filtre amovible pour un nettoyage facile  Garantie 12 Mois\" \/>\n<meta property=\"og:url\" content=\"https:\/\/baya-shop.com\/home\/product\/ceriotti-seche-cheveux-wow-3200\/\" \/>\n<meta property=\"og:site_name\" content=\"Baya Shop\" \/>\n<meta property=\"article:publisher\" content=\"https:\/\/www.facebook.com\/Baya-Shop-103955257949742\" \/>\n<meta property=\"article:modified_time\" content=\"2025-04-19T16:03:19+00:00\" \/>\n<meta property=\"og:image\" content=\"https:\/\/baya-shop.com\/wp-content\/uploads\/2023\/03\/i_wow_gallery.webp\" \/>\n\t<meta property=\"og:image:width\" content=\"1200\" \/>\n\t<meta property=\"og:image:height\" content=\"1200\" \/>\n\t<meta property=\"og:image:type\" content=\"image\/webp\" \/>\n<meta name=\"twitter:card\" content=\"summary_large_image\" \/>\n<meta name=\"twitter:label1\" content=\"Dur\u00e9e de lecture estim\u00e9e\" \/>\n\t<meta name=\"twitter:data1\" content=\"1 minute\" \/>\n<script type=\"application\/ld+json\" class=\"yoast-schema-graph\">{\"@context\":\"https:\\\/\\\/schema.org\",\"@graph\":[{\"@type\":\"WebPage\",\"@id\":\"https:\\\/\\\/baya-shop.com\\\/home\\\/product\\\/ceriotti-seche-cheveux-wow-3200\\\/\",\"url\":\"https:\\\/\\\/baya-shop.com\\\/home\\\/product\\\/ceriotti-seche-cheveux-wow-3200\\\/\",\"name\":\"CERIOTTI S\u00e8che-Cheveux WOW 3200 - Baya Shop\",\"isPartOf\":{\"@id\":\"https:\\\/\\\/baya-shop.com\\\/home\\\/#website\"},\"primaryImageOfPage\":{\"@id\":\"https:\\\/\\\/baya-shop.com\\\/home\\\/product\\\/ceriotti-seche-cheveux-wow-3200\\\/#primaryimage\"},\"image\":{\"@id\":\"https:\\\/\\\/baya-shop.com\\\/home\\\/product\\\/ceriotti-seche-cheveux-wow-3200\\\/#primaryimage\"},\"thumbnailUrl\":\"https:\\\/\\\/i0.wp.com\\\/baya-shop.com\\\/wp-content\\\/uploads\\\/2023\\\/03\\\/i_wow_gallery.webp?fit=1200%2C1200&ssl=1\",\"datePublished\":\"2023-03-13T14:00:21+00:00\",\"dateModified\":\"2025-04-19T16:03:19+00:00\",\"description\":\"Br\u00e8ve caract\u00e9ristiques techniques du Ceriotti WOW-3200 sans ions (2000 W): Puissance - 2000 W de d\u00e9bit 95 m3 \\\/ heure Moteur AC professionnel avec longue dur\u00e9e de vie 4 modes de temp\u00e9rature 2 modes de vitesse Bouton de coup froid Filtre amovible pour un nettoyage facile Garantie 12 Mois\",\"breadcrumb\":{\"@id\":\"https:\\\/\\\/baya-shop.com\\\/home\\\/product\\\/ceriotti-seche-cheveux-wow-3200\\\/#breadcrumb\"},\"inLanguage\":\"fr-FR\",\"potentialAction\":[{\"@type\":\"ReadAction\",\"target\":[\"https:\\\/\\\/baya-shop.com\\\/home\\\/product\\\/ceriotti-seche-cheveux-wow-3200\\\/\"]}]},{\"@type\":\"ImageObject\",\"inLanguage\":\"fr-FR\",\"@id\":\"https:\\\/\\\/baya-shop.com\\\/home\\\/product\\\/ceriotti-seche-cheveux-wow-3200\\\/#primaryimage\",\"url\":\"https:\\\/\\\/i0.wp.com\\\/baya-shop.com\\\/wp-content\\\/uploads\\\/2023\\\/03\\\/i_wow_gallery.webp?fit=1200%2C1200&ssl=1\",\"contentUrl\":\"https:\\\/\\\/i0.wp.com\\\/baya-shop.com\\\/wp-content\\\/uploads\\\/2023\\\/03\\\/i_wow_gallery.webp?fit=1200%2C1200&ssl=1\",\"width\":1200,\"height\":1200},{\"@type\":\"BreadcrumbList\",\"@id\":\"https:\\\/\\\/baya-shop.com\\\/home\\\/product\\\/ceriotti-seche-cheveux-wow-3200\\\/#breadcrumb\",\"itemListElement\":[{\"@type\":\"ListItem\",\"position\":1,\"name\":\"Accueil\",\"item\":\"https:\\\/\\\/baya-shop.com\\\/home\\\/\"},{\"@type\":\"ListItem\",\"position\":2,\"name\":\"Shop\",\"item\":\"https:\\\/\\\/baya-shop.com\\\/home\\\/shop\\\/\"},{\"@type\":\"ListItem\",\"position\":3,\"name\":\"CERIOTTI S\u00e8che-Cheveux WOW 3200\"}]},{\"@type\":\"WebSite\",\"@id\":\"https:\\\/\\\/baya-shop.com\\\/home\\\/#website\",\"url\":\"https:\\\/\\\/baya-shop.com\\\/home\\\/\",\"name\":\"Baya Shop\",\"description\":\"\",\"publisher\":{\"@id\":\"https:\\\/\\\/baya-shop.com\\\/home\\\/#organization\"},\"potentialAction\":[{\"@type\":\"SearchAction\",\"target\":{\"@type\":\"EntryPoint\",\"urlTemplate\":\"https:\\\/\\\/baya-shop.com\\\/home\\\/?s={search_term_string}\"},\"query-input\":{\"@type\":\"PropertyValueSpecification\",\"valueRequired\":true,\"valueName\":\"search_term_string\"}}],\"inLanguage\":\"fr-FR\"},{\"@type\":\"Organization\",\"@id\":\"https:\\\/\\\/baya-shop.com\\\/home\\\/#organization\",\"name\":\"Baya Shop\",\"url\":\"https:\\\/\\\/baya-shop.com\\\/home\\\/\",\"logo\":{\"@type\":\"ImageObject\",\"inLanguage\":\"fr-FR\",\"@id\":\"https:\\\/\\\/baya-shop.com\\\/home\\\/#\\\/schema\\\/logo\\\/image\\\/\",\"url\":\"https:\\\/\\\/baya-shop.com\\\/wp-content\\\/uploads\\\/2020\\\/11\\\/g.png\",\"contentUrl\":\"https:\\\/\\\/baya-shop.com\\\/wp-content\\\/uploads\\\/2020\\\/11\\\/g.png\",\"width\":64,\"height\":64,\"caption\":\"Baya Shop\"},\"image\":{\"@id\":\"https:\\\/\\\/baya-shop.com\\\/home\\\/#\\\/schema\\\/logo\\\/image\\\/\"},\"sameAs\":[\"https:\\\/\\\/www.facebook.com\\\/Baya-Shop-103955257949742\",\"https:\\\/\\\/www.instagram.com\\\/baya_shop_dz\\\/\"]}]}<\/script>\n<!-- \/ Yoast SEO plugin. -->","yoast_head_json":{"title":"CERIOTTI S\u00e8che-Cheveux WOW 3200 - Baya Shop","description":"Br\u00e8ve caract\u00e9ristiques techniques du Ceriotti WOW-3200 sans ions (2000 W):  Puissance - 2000 W de d\u00e9bit 95 m3 \/ heure  Moteur AC professionnel avec longue dur\u00e9e de vie  4 modes de temp\u00e9rature  2 modes de vitesse  Bouton de coup froid  Filtre amovible pour un nettoyage facile  Garantie 12 Mois","robots":{"index":"index","follow":"follow","max-snippet":"max-snippet:-1","max-image-preview":"max-image-preview:large","max-video-preview":"max-video-preview:-1"},"canonical":"https:\/\/baya-shop.com\/home\/product\/ceriotti-seche-cheveux-wow-3200\/","og_locale":"fr_FR","og_type":"article","og_title":"CERIOTTI S\u00e8che-Cheveux WOW 3200 - Baya Shop","og_description":"Br\u00e8ve caract\u00e9ristiques techniques du Ceriotti WOW-3200 sans ions (2000 W):  Puissance - 2000 W de d\u00e9bit 95 m3 \/ heure  Moteur AC professionnel avec longue dur\u00e9e de vie  4 modes de temp\u00e9rature  2 modes de vitesse  Bouton de coup froid  Filtre amovible pour un nettoyage facile  Garantie 12 Mois","og_url":"https:\/\/baya-shop.com\/home\/product\/ceriotti-seche-cheveux-wow-3200\/","og_site_name":"Baya Shop","article_publisher":"https:\/\/www.facebook.com\/Baya-Shop-103955257949742","article_modified_time":"2025-04-19T16:03:19+00:00","og_image":[{"width":1200,"height":1200,"url":"https:\/\/baya-shop.com\/wp-content\/uploads\/2023\/03\/i_wow_gallery.webp","type":"image\/webp"}],"twitter_card":"summary_large_image","twitter_misc":{"Dur\u00e9e de lecture estim\u00e9e":"1 minute"},"schema":{"@context":"https:\/\/schema.org","@graph":[{"@type":"WebPage","@id":"https:\/\/baya-shop.com\/home\/product\/ceriotti-seche-cheveux-wow-3200\/","url":"https:\/\/baya-shop.com\/home\/product\/ceriotti-seche-cheveux-wow-3200\/","name":"CERIOTTI S\u00e8che-Cheveux WOW 3200 - Baya Shop","isPartOf":{"@id":"https:\/\/baya-shop.com\/home\/#website"},"primaryImageOfPage":{"@id":"https:\/\/baya-shop.com\/home\/product\/ceriotti-seche-cheveux-wow-3200\/#primaryimage"},"image":{"@id":"https:\/\/baya-shop.com\/home\/product\/ceriotti-seche-cheveux-wow-3200\/#primaryimage"},"thumbnailUrl":"https:\/\/i0.wp.com\/baya-shop.com\/wp-content\/uploads\/2023\/03\/i_wow_gallery.webp?fit=1200%2C1200&ssl=1","datePublished":"2023-03-13T14:00:21+00:00","dateModified":"2025-04-19T16:03:19+00:00","description":"Br\u00e8ve caract\u00e9ristiques techniques du Ceriotti WOW-3200 sans ions (2000 W): Puissance - 2000 W de d\u00e9bit 95 m3 \/ heure Moteur AC professionnel avec longue dur\u00e9e de vie 4 modes de temp\u00e9rature 2 modes de vitesse Bouton de coup froid Filtre amovible pour un nettoyage facile Garantie 12 Mois","breadcrumb":{"@id":"https:\/\/baya-shop.com\/home\/product\/ceriotti-seche-cheveux-wow-3200\/#breadcrumb"},"inLanguage":"fr-FR","potentialAction":[{"@type":"ReadAction","target":["https:\/\/baya-shop.com\/home\/product\/ceriotti-seche-cheveux-wow-3200\/"]}]},{"@type":"ImageObject","inLanguage":"fr-FR","@id":"https:\/\/baya-shop.com\/home\/product\/ceriotti-seche-cheveux-wow-3200\/#primaryimage","url":"https:\/\/i0.wp.com\/baya-shop.com\/wp-content\/uploads\/2023\/03\/i_wow_gallery.webp?fit=1200%2C1200&ssl=1","contentUrl":"https:\/\/i0.wp.com\/baya-shop.com\/wp-content\/uploads\/2023\/03\/i_wow_gallery.webp?fit=1200%2C1200&ssl=1","width":1200,"height":1200},{"@type":"BreadcrumbList","@id":"https:\/\/baya-shop.com\/home\/product\/ceriotti-seche-cheveux-wow-3200\/#breadcrumb","itemListElement":[{"@type":"ListItem","position":1,"name":"Accueil","item":"https:\/\/baya-shop.com\/home\/"},{"@type":"ListItem","position":2,"name":"Shop","item":"https:\/\/baya-shop.com\/home\/shop\/"},{"@type":"ListItem","position":3,"name":"CERIOTTI S\u00e8che-Cheveux WOW 3200"}]},{"@type":"WebSite","@id":"https:\/\/baya-shop.com\/home\/#website","url":"https:\/\/baya-shop.com\/home\/","name":"Baya Shop","description":"","publisher":{"@id":"https:\/\/baya-shop.com\/home\/#organization"},"potentialAction":[{"@type":"SearchAction","target":{"@type":"EntryPoint","urlTemplate":"https:\/\/baya-shop.com\/home\/?s={search_term_string}"},"query-input":{"@type":"PropertyValueSpecification","valueRequired":true,"valueName":"search_term_string"}}],"inLanguage":"fr-FR"},{"@type":"Organization","@id":"https:\/\/baya-shop.com\/home\/#organization","name":"Baya Shop","url":"https:\/\/baya-shop.com\/home\/","logo":{"@type":"ImageObject","inLanguage":"fr-FR","@id":"https:\/\/baya-shop.com\/home\/#\/schema\/logo\/image\/","url":"https:\/\/baya-shop.com\/wp-content\/uploads\/2020\/11\/g.png","contentUrl":"https:\/\/baya-shop.com\/wp-content\/uploads\/2020\/11\/g.png","width":64,"height":64,"caption":"Baya Shop"},"image":{"@id":"https:\/\/baya-shop.com\/home\/#\/schema\/logo\/image\/"},"sameAs":["https:\/\/www.facebook.com\/Baya-Shop-103955257949742","https:\/\/www.instagram.com\/baya_shop_dz\/"]}]}},"jetpack_publicize_connections":[],"jetpack_sharing_enabled":true,"jetpack_likes_enabled":true,"jetpack-related-posts":[],"_links":{"self":[{"href":"https:\/\/baya-shop.com\/home\/wp-json\/wp\/v2\/product\/1742","targetHints":{"allow":["GET"]}}],"collection":[{"href":"https:\/\/baya-shop.com\/home\/wp-json\/wp\/v2\/product"}],"about":[{"href":"https:\/\/baya-shop.com\/home\/wp-json\/wp\/v2\/types\/product"}],"replies":[{"embeddable":true,"href":"https:\/\/baya-shop.com\/home\/wp-json\/wp\/v2\/comments?post=1742"}],"wp:featuredmedia":[{"embeddable":true,"href":"https:\/\/baya-shop.com\/home\/wp-json\/wp\/v2\/media\/3400"}],"wp:attachment":[{"href":"https:\/\/baya-shop.com\/home\/wp-json\/wp\/v2\/media?parent=1742"}],"wp:term":[{"taxonomy":"product_brand","embeddable":true,"href":"https:\/\/baya-shop.com\/home\/wp-json\/wp\/v2\/product_brand?post=1742"},{"taxonomy":"product_cat","embeddable":true,"href":"https:\/\/baya-shop.com\/home\/wp-json\/wp\/v2\/product_cat?post=1742"},{"taxonomy":"product_tag","embeddable":true,"href":"https:\/\/baya-shop.com\/home\/wp-json\/wp\/v2\/product_tag?post=1742"}],"curies":[{"name":"wp","href":"https:\/\/api.w.org\/{rel}","templated":true}]}}