{"id":1731,"date":"2023-03-13T14:02:56","date_gmt":"2023-03-13T13:02:56","guid":{"rendered":"https:\/\/baya-shop.com\/home\/?post_type=product&#038;p=1731"},"modified":"2025-05-28T17:57:17","modified_gmt":"2025-05-28T16:57:17","slug":"gama-lisseur-keratin-extra-large-gi3032","status":"publish","type":"product","link":"https:\/\/baya-shop.com\/home\/product\/gama-lisseur-keratin-extra-large-gi3032\/","title":{"rendered":"GAMA Lisseur Keratin XL Gi3032"},"content":{"rendered":"","protected":false},"excerpt":{"rendered":"<ul class=\"a-unordered-list a-vertical a-spacing-mini\">\n<li><span class=\"a-list-item\">Temp\u00e9rature r\u00e9glable de 150\u00a0\u00b0 -170\u00a0\u00b0 -190\u00a0\u00b0 -210\u00a0\u00b0 -230\u00a0\u00b0C avec syst\u00e8me de blocage<\/span><\/li>\n<li><span class=\"a-list-item\">Technologie Quick Heat\u202f: atteindre la temp\u00e9rature id\u00e9ale en quelques secondes avec la technologie Micro Glitt\u202f: protection et \u00e9quilibre associant K\u00e9ratine naturelle du cheveu<\/span><\/li>\n<li><span class=\"a-list-item\">Fili\u00e8res extra larges et inclin\u00e9es (40\u00a0x 100\u00a0mm) pour repasser m\u00e8ches volumineuses et \u00e9viter stress thermiques inutiles<\/span><\/li>\n<li><span class=\"a-list-item\">Biberon apr\u00e8s 60\u00a0&lsquo;d&rsquo;allumage d&rsquo;affichage num\u00e9rique pour garder toujours sous contr\u00f4le la temp\u00e9rature de travail<\/span><\/li>\n<li><span class=\"a-list-item\">C\u00e2ble rotatif \u00e0 360\u00a0\u00b0 pour un maximum de confort d&rsquo;utilisation Volt 220\u00a0\u2013\u00a0240<\/span><\/li>\n<li>Garantie 12 Mois.<\/li>\n<\/ul>\n","protected":false},"featured_media":3511,"comment_status":"open","ping_status":"closed","template":"","meta":{"jetpack_post_was_ever_published":false,"jetpack_publicize_message":"","jetpack_publicize_feature_enabled":true,"jetpack_social_post_already_shared":false,"jetpack_social_options":{"image_generator_settings":{"template":"highway","default_image_id":0,"font":"","enabled":false},"version":2}},"product_brand":[],"product_cat":[48,18],"product_tag":[],"class_list":{"0":"post-1731","1":"product","2":"type-product","3":"status-publish","4":"has-post-thumbnail","6":"product_cat-gama","7":"product_cat-lisseur","9":"first","10":"instock","11":"sale","12":"shipping-taxable","13":"purchasable","14":"product-type-simple"},"yoast_head":"<!-- This site is optimized with the Yoast SEO plugin v27.5 - https:\/\/yoast.com\/product\/yoast-seo-wordpress\/ -->\n<title>GAMA Lisseur Keratin XL Gi3032 - Baya Shop<\/title>\n<meta name=\"description\" content=\"Temp\u00e9rature r\u00e9glable de 150\u00a0\u00b0 -170\u00a0\u00b0 -190\u00a0\u00b0 -210\u00a0\u00b0 -230\u00a0\u00b0C avec syst\u00e8me de blocage  Technologie Quick Heat\u202f: atteindre la temp\u00e9rature id\u00e9ale en quelques secondes avec la technologie Micro Glitt\u202f: protection et \u00e9quilibre associant K\u00e9ratine naturelle du cheveu  Fili\u00e8res extra larges et inclin\u00e9es (40\u00a0x 100\u00a0mm) pour repasser m\u00e8ches volumineuses et \u00e9viter stress thermiques inutiles  Biberon apr\u00e8s 60\u00a0&#039;d&#039;allumage d&#039;affichage num\u00e9rique pour garder toujours sous contr\u00f4le la temp\u00e9rature de travail  C\u00e2ble rotatif \u00e0 360\u00a0\u00b0 pour un maximum de confort d&#039;utilisation Volt 220\u00a0\u2013\u00a0240  Garantie 12 Mois.\" \/>\n<meta name=\"robots\" content=\"index, follow, max-snippet:-1, max-image-preview:large, max-video-preview:-1\" \/>\n<link rel=\"canonical\" href=\"https:\/\/baya-shop.com\/home\/product\/gama-lisseur-keratin-extra-large-gi3032\/\" \/>\n<meta property=\"og:locale\" content=\"fr_FR\" \/>\n<meta property=\"og:type\" content=\"article\" \/>\n<meta property=\"og:title\" content=\"GAMA Lisseur Keratin XL Gi3032 - Baya Shop\" \/>\n<meta property=\"og:description\" content=\"Temp\u00e9rature r\u00e9glable de 150\u00a0\u00b0 -170\u00a0\u00b0 -190\u00a0\u00b0 -210\u00a0\u00b0 -230\u00a0\u00b0C avec syst\u00e8me de blocage  Technologie Quick Heat\u202f: atteindre la temp\u00e9rature id\u00e9ale en quelques secondes avec la technologie Micro Glitt\u202f: protection et \u00e9quilibre associant K\u00e9ratine naturelle du cheveu  Fili\u00e8res extra larges et inclin\u00e9es (40\u00a0x 100\u00a0mm) pour repasser m\u00e8ches volumineuses et \u00e9viter stress thermiques inutiles  Biberon apr\u00e8s 60\u00a0&#039;d&#039;allumage d&#039;affichage num\u00e9rique pour garder toujours sous contr\u00f4le la temp\u00e9rature de travail  C\u00e2ble rotatif \u00e0 360\u00a0\u00b0 pour un maximum de confort d&#039;utilisation Volt 220\u00a0\u2013\u00a0240  Garantie 12 Mois.\" \/>\n<meta property=\"og:url\" content=\"https:\/\/baya-shop.com\/home\/product\/gama-lisseur-keratin-extra-large-gi3032\/\" \/>\n<meta property=\"og:site_name\" content=\"Baya Shop\" \/>\n<meta property=\"article:publisher\" content=\"https:\/\/www.facebook.com\/Baya-Shop-103955257949742\" \/>\n<meta property=\"article:modified_time\" content=\"2025-05-28T16:57:17+00:00\" \/>\n<meta property=\"og:image\" content=\"https:\/\/baya-shop.com\/wp-content\/uploads\/2023\/03\/gama-x-wide-keration-digitalis-hajvasalo-gi3032-a1325-800x800-1.jpg\" \/>\n\t<meta property=\"og:image:width\" content=\"800\" \/>\n\t<meta property=\"og:image:height\" content=\"800\" \/>\n\t<meta property=\"og:image:type\" content=\"image\/jpeg\" \/>\n<meta name=\"twitter:card\" content=\"summary_large_image\" \/>\n<meta name=\"twitter:label1\" content=\"Dur\u00e9e de lecture estim\u00e9e\" \/>\n\t<meta name=\"twitter:data1\" content=\"1 minute\" \/>\n<script type=\"application\/ld+json\" class=\"yoast-schema-graph\">{\"@context\":\"https:\\\/\\\/schema.org\",\"@graph\":[{\"@type\":\"WebPage\",\"@id\":\"https:\\\/\\\/baya-shop.com\\\/home\\\/product\\\/gama-lisseur-keratin-extra-large-gi3032\\\/\",\"url\":\"https:\\\/\\\/baya-shop.com\\\/home\\\/product\\\/gama-lisseur-keratin-extra-large-gi3032\\\/\",\"name\":\"GAMA Lisseur Keratin XL Gi3032 - Baya Shop\",\"isPartOf\":{\"@id\":\"https:\\\/\\\/baya-shop.com\\\/home\\\/#website\"},\"primaryImageOfPage\":{\"@id\":\"https:\\\/\\\/baya-shop.com\\\/home\\\/product\\\/gama-lisseur-keratin-extra-large-gi3032\\\/#primaryimage\"},\"image\":{\"@id\":\"https:\\\/\\\/baya-shop.com\\\/home\\\/product\\\/gama-lisseur-keratin-extra-large-gi3032\\\/#primaryimage\"},\"thumbnailUrl\":\"https:\\\/\\\/i0.wp.com\\\/baya-shop.com\\\/wp-content\\\/uploads\\\/2023\\\/03\\\/gama-x-wide-keration-digitalis-hajvasalo-gi3032-a1325-800x800-1.jpg?fit=800%2C800&ssl=1\",\"datePublished\":\"2023-03-13T13:02:56+00:00\",\"dateModified\":\"2025-05-28T16:57:17+00:00\",\"description\":\"Temp\u00e9rature r\u00e9glable de 150\u00a0\u00b0 -170\u00a0\u00b0 -190\u00a0\u00b0 -210\u00a0\u00b0 -230\u00a0\u00b0C avec syst\u00e8me de blocage Technologie Quick Heat\u202f: atteindre la temp\u00e9rature id\u00e9ale en quelques secondes avec la technologie Micro Glitt\u202f: protection et \u00e9quilibre associant K\u00e9ratine naturelle du cheveu Fili\u00e8res extra larges et inclin\u00e9es (40\u00a0x 100\u00a0mm) pour repasser m\u00e8ches volumineuses et \u00e9viter stress thermiques inutiles Biberon apr\u00e8s 60\u00a0'd'allumage d'affichage num\u00e9rique pour garder toujours sous contr\u00f4le la temp\u00e9rature de travail C\u00e2ble rotatif \u00e0 360\u00a0\u00b0 pour un maximum de confort d'utilisation Volt 220\u00a0\u2013\u00a0240 Garantie 12 Mois.\",\"breadcrumb\":{\"@id\":\"https:\\\/\\\/baya-shop.com\\\/home\\\/product\\\/gama-lisseur-keratin-extra-large-gi3032\\\/#breadcrumb\"},\"inLanguage\":\"fr-FR\",\"potentialAction\":[{\"@type\":\"ReadAction\",\"target\":[\"https:\\\/\\\/baya-shop.com\\\/home\\\/product\\\/gama-lisseur-keratin-extra-large-gi3032\\\/\"]}]},{\"@type\":\"ImageObject\",\"inLanguage\":\"fr-FR\",\"@id\":\"https:\\\/\\\/baya-shop.com\\\/home\\\/product\\\/gama-lisseur-keratin-extra-large-gi3032\\\/#primaryimage\",\"url\":\"https:\\\/\\\/i0.wp.com\\\/baya-shop.com\\\/wp-content\\\/uploads\\\/2023\\\/03\\\/gama-x-wide-keration-digitalis-hajvasalo-gi3032-a1325-800x800-1.jpg?fit=800%2C800&ssl=1\",\"contentUrl\":\"https:\\\/\\\/i0.wp.com\\\/baya-shop.com\\\/wp-content\\\/uploads\\\/2023\\\/03\\\/gama-x-wide-keration-digitalis-hajvasalo-gi3032-a1325-800x800-1.jpg?fit=800%2C800&ssl=1\",\"width\":800,\"height\":800},{\"@type\":\"BreadcrumbList\",\"@id\":\"https:\\\/\\\/baya-shop.com\\\/home\\\/product\\\/gama-lisseur-keratin-extra-large-gi3032\\\/#breadcrumb\",\"itemListElement\":[{\"@type\":\"ListItem\",\"position\":1,\"name\":\"Accueil\",\"item\":\"https:\\\/\\\/baya-shop.com\\\/home\\\/\"},{\"@type\":\"ListItem\",\"position\":2,\"name\":\"Shop\",\"item\":\"https:\\\/\\\/baya-shop.com\\\/home\\\/shop\\\/\"},{\"@type\":\"ListItem\",\"position\":3,\"name\":\"GAMA Lisseur Keratin XL Gi3032\"}]},{\"@type\":\"WebSite\",\"@id\":\"https:\\\/\\\/baya-shop.com\\\/home\\\/#website\",\"url\":\"https:\\\/\\\/baya-shop.com\\\/home\\\/\",\"name\":\"Baya Shop\",\"description\":\"\",\"publisher\":{\"@id\":\"https:\\\/\\\/baya-shop.com\\\/home\\\/#organization\"},\"potentialAction\":[{\"@type\":\"SearchAction\",\"target\":{\"@type\":\"EntryPoint\",\"urlTemplate\":\"https:\\\/\\\/baya-shop.com\\\/home\\\/?s={search_term_string}\"},\"query-input\":{\"@type\":\"PropertyValueSpecification\",\"valueRequired\":true,\"valueName\":\"search_term_string\"}}],\"inLanguage\":\"fr-FR\"},{\"@type\":\"Organization\",\"@id\":\"https:\\\/\\\/baya-shop.com\\\/home\\\/#organization\",\"name\":\"Baya Shop\",\"url\":\"https:\\\/\\\/baya-shop.com\\\/home\\\/\",\"logo\":{\"@type\":\"ImageObject\",\"inLanguage\":\"fr-FR\",\"@id\":\"https:\\\/\\\/baya-shop.com\\\/home\\\/#\\\/schema\\\/logo\\\/image\\\/\",\"url\":\"https:\\\/\\\/baya-shop.com\\\/wp-content\\\/uploads\\\/2020\\\/11\\\/g.png\",\"contentUrl\":\"https:\\\/\\\/baya-shop.com\\\/wp-content\\\/uploads\\\/2020\\\/11\\\/g.png\",\"width\":64,\"height\":64,\"caption\":\"Baya Shop\"},\"image\":{\"@id\":\"https:\\\/\\\/baya-shop.com\\\/home\\\/#\\\/schema\\\/logo\\\/image\\\/\"},\"sameAs\":[\"https:\\\/\\\/www.facebook.com\\\/Baya-Shop-103955257949742\",\"https:\\\/\\\/www.instagram.com\\\/baya_shop_dz\\\/\"]}]}<\/script>\n<!-- \/ Yoast SEO plugin. -->","yoast_head_json":{"title":"GAMA Lisseur Keratin XL Gi3032 - Baya Shop","description":"Temp\u00e9rature r\u00e9glable de 150\u00a0\u00b0 -170\u00a0\u00b0 -190\u00a0\u00b0 -210\u00a0\u00b0 -230\u00a0\u00b0C avec syst\u00e8me de blocage  Technologie Quick Heat\u202f: atteindre la temp\u00e9rature id\u00e9ale en quelques secondes avec la technologie Micro Glitt\u202f: protection et \u00e9quilibre associant K\u00e9ratine naturelle du cheveu  Fili\u00e8res extra larges et inclin\u00e9es (40\u00a0x 100\u00a0mm) pour repasser m\u00e8ches volumineuses et \u00e9viter stress thermiques inutiles  Biberon apr\u00e8s 60\u00a0'd'allumage d'affichage num\u00e9rique pour garder toujours sous contr\u00f4le la temp\u00e9rature de travail  C\u00e2ble rotatif \u00e0 360\u00a0\u00b0 pour un maximum de confort d'utilisation Volt 220\u00a0\u2013\u00a0240  Garantie 12 Mois.","robots":{"index":"index","follow":"follow","max-snippet":"max-snippet:-1","max-image-preview":"max-image-preview:large","max-video-preview":"max-video-preview:-1"},"canonical":"https:\/\/baya-shop.com\/home\/product\/gama-lisseur-keratin-extra-large-gi3032\/","og_locale":"fr_FR","og_type":"article","og_title":"GAMA Lisseur Keratin XL Gi3032 - Baya Shop","og_description":"Temp\u00e9rature r\u00e9glable de 150\u00a0\u00b0 -170\u00a0\u00b0 -190\u00a0\u00b0 -210\u00a0\u00b0 -230\u00a0\u00b0C avec syst\u00e8me de blocage  Technologie Quick Heat\u202f: atteindre la temp\u00e9rature id\u00e9ale en quelques secondes avec la technologie Micro Glitt\u202f: protection et \u00e9quilibre associant K\u00e9ratine naturelle du cheveu  Fili\u00e8res extra larges et inclin\u00e9es (40\u00a0x 100\u00a0mm) pour repasser m\u00e8ches volumineuses et \u00e9viter stress thermiques inutiles  Biberon apr\u00e8s 60\u00a0'd'allumage d'affichage num\u00e9rique pour garder toujours sous contr\u00f4le la temp\u00e9rature de travail  C\u00e2ble rotatif \u00e0 360\u00a0\u00b0 pour un maximum de confort d'utilisation Volt 220\u00a0\u2013\u00a0240  Garantie 12 Mois.","og_url":"https:\/\/baya-shop.com\/home\/product\/gama-lisseur-keratin-extra-large-gi3032\/","og_site_name":"Baya Shop","article_publisher":"https:\/\/www.facebook.com\/Baya-Shop-103955257949742","article_modified_time":"2025-05-28T16:57:17+00:00","og_image":[{"width":800,"height":800,"url":"https:\/\/baya-shop.com\/wp-content\/uploads\/2023\/03\/gama-x-wide-keration-digitalis-hajvasalo-gi3032-a1325-800x800-1.jpg","type":"image\/jpeg"}],"twitter_card":"summary_large_image","twitter_misc":{"Dur\u00e9e de lecture estim\u00e9e":"1 minute"},"schema":{"@context":"https:\/\/schema.org","@graph":[{"@type":"WebPage","@id":"https:\/\/baya-shop.com\/home\/product\/gama-lisseur-keratin-extra-large-gi3032\/","url":"https:\/\/baya-shop.com\/home\/product\/gama-lisseur-keratin-extra-large-gi3032\/","name":"GAMA Lisseur Keratin XL Gi3032 - Baya Shop","isPartOf":{"@id":"https:\/\/baya-shop.com\/home\/#website"},"primaryImageOfPage":{"@id":"https:\/\/baya-shop.com\/home\/product\/gama-lisseur-keratin-extra-large-gi3032\/#primaryimage"},"image":{"@id":"https:\/\/baya-shop.com\/home\/product\/gama-lisseur-keratin-extra-large-gi3032\/#primaryimage"},"thumbnailUrl":"https:\/\/i0.wp.com\/baya-shop.com\/wp-content\/uploads\/2023\/03\/gama-x-wide-keration-digitalis-hajvasalo-gi3032-a1325-800x800-1.jpg?fit=800%2C800&ssl=1","datePublished":"2023-03-13T13:02:56+00:00","dateModified":"2025-05-28T16:57:17+00:00","description":"Temp\u00e9rature r\u00e9glable de 150\u00a0\u00b0 -170\u00a0\u00b0 -190\u00a0\u00b0 -210\u00a0\u00b0 -230\u00a0\u00b0C avec syst\u00e8me de blocage Technologie Quick Heat\u202f: atteindre la temp\u00e9rature id\u00e9ale en quelques secondes avec la technologie Micro Glitt\u202f: protection et \u00e9quilibre associant K\u00e9ratine naturelle du cheveu Fili\u00e8res extra larges et inclin\u00e9es (40\u00a0x 100\u00a0mm) pour repasser m\u00e8ches volumineuses et \u00e9viter stress thermiques inutiles Biberon apr\u00e8s 60\u00a0'd'allumage d'affichage num\u00e9rique pour garder toujours sous contr\u00f4le la temp\u00e9rature de travail C\u00e2ble rotatif \u00e0 360\u00a0\u00b0 pour un maximum de confort d'utilisation Volt 220\u00a0\u2013\u00a0240 Garantie 12 Mois.","breadcrumb":{"@id":"https:\/\/baya-shop.com\/home\/product\/gama-lisseur-keratin-extra-large-gi3032\/#breadcrumb"},"inLanguage":"fr-FR","potentialAction":[{"@type":"ReadAction","target":["https:\/\/baya-shop.com\/home\/product\/gama-lisseur-keratin-extra-large-gi3032\/"]}]},{"@type":"ImageObject","inLanguage":"fr-FR","@id":"https:\/\/baya-shop.com\/home\/product\/gama-lisseur-keratin-extra-large-gi3032\/#primaryimage","url":"https:\/\/i0.wp.com\/baya-shop.com\/wp-content\/uploads\/2023\/03\/gama-x-wide-keration-digitalis-hajvasalo-gi3032-a1325-800x800-1.jpg?fit=800%2C800&ssl=1","contentUrl":"https:\/\/i0.wp.com\/baya-shop.com\/wp-content\/uploads\/2023\/03\/gama-x-wide-keration-digitalis-hajvasalo-gi3032-a1325-800x800-1.jpg?fit=800%2C800&ssl=1","width":800,"height":800},{"@type":"BreadcrumbList","@id":"https:\/\/baya-shop.com\/home\/product\/gama-lisseur-keratin-extra-large-gi3032\/#breadcrumb","itemListElement":[{"@type":"ListItem","position":1,"name":"Accueil","item":"https:\/\/baya-shop.com\/home\/"},{"@type":"ListItem","position":2,"name":"Shop","item":"https:\/\/baya-shop.com\/home\/shop\/"},{"@type":"ListItem","position":3,"name":"GAMA Lisseur Keratin XL Gi3032"}]},{"@type":"WebSite","@id":"https:\/\/baya-shop.com\/home\/#website","url":"https:\/\/baya-shop.com\/home\/","name":"Baya Shop","description":"","publisher":{"@id":"https:\/\/baya-shop.com\/home\/#organization"},"potentialAction":[{"@type":"SearchAction","target":{"@type":"EntryPoint","urlTemplate":"https:\/\/baya-shop.com\/home\/?s={search_term_string}"},"query-input":{"@type":"PropertyValueSpecification","valueRequired":true,"valueName":"search_term_string"}}],"inLanguage":"fr-FR"},{"@type":"Organization","@id":"https:\/\/baya-shop.com\/home\/#organization","name":"Baya Shop","url":"https:\/\/baya-shop.com\/home\/","logo":{"@type":"ImageObject","inLanguage":"fr-FR","@id":"https:\/\/baya-shop.com\/home\/#\/schema\/logo\/image\/","url":"https:\/\/baya-shop.com\/wp-content\/uploads\/2020\/11\/g.png","contentUrl":"https:\/\/baya-shop.com\/wp-content\/uploads\/2020\/11\/g.png","width":64,"height":64,"caption":"Baya Shop"},"image":{"@id":"https:\/\/baya-shop.com\/home\/#\/schema\/logo\/image\/"},"sameAs":["https:\/\/www.facebook.com\/Baya-Shop-103955257949742","https:\/\/www.instagram.com\/baya_shop_dz\/"]}]}},"jetpack_publicize_connections":[],"jetpack_sharing_enabled":true,"jetpack_likes_enabled":true,"jetpack-related-posts":[],"_links":{"self":[{"href":"https:\/\/baya-shop.com\/home\/wp-json\/wp\/v2\/product\/1731","targetHints":{"allow":["GET"]}}],"collection":[{"href":"https:\/\/baya-shop.com\/home\/wp-json\/wp\/v2\/product"}],"about":[{"href":"https:\/\/baya-shop.com\/home\/wp-json\/wp\/v2\/types\/product"}],"replies":[{"embeddable":true,"href":"https:\/\/baya-shop.com\/home\/wp-json\/wp\/v2\/comments?post=1731"}],"wp:featuredmedia":[{"embeddable":true,"href":"https:\/\/baya-shop.com\/home\/wp-json\/wp\/v2\/media\/3511"}],"wp:attachment":[{"href":"https:\/\/baya-shop.com\/home\/wp-json\/wp\/v2\/media?parent=1731"}],"wp:term":[{"taxonomy":"product_brand","embeddable":true,"href":"https:\/\/baya-shop.com\/home\/wp-json\/wp\/v2\/product_brand?post=1731"},{"taxonomy":"product_cat","embeddable":true,"href":"https:\/\/baya-shop.com\/home\/wp-json\/wp\/v2\/product_cat?post=1731"},{"taxonomy":"product_tag","embeddable":true,"href":"https:\/\/baya-shop.com\/home\/wp-json\/wp\/v2\/product_tag?post=1731"}],"curies":[{"name":"wp","href":"https:\/\/api.w.org\/{rel}","templated":true}]}}