{"id":1712,"date":"2023-03-09T16:54:19","date_gmt":"2023-03-09T15:54:19","guid":{"rendered":"https:\/\/baya-shop.com\/home\/?post_type=product&#038;p=1712"},"modified":"2025-07-16T16:38:44","modified_gmt":"2025-07-16T15:38:44","slug":"braun-epilateur-silk-epil-3-se3420-2-accessoires-rose-framboise-blanc","status":"publish","type":"product","link":"https:\/\/baya-shop.com\/home\/product\/braun-epilateur-silk-epil-3-se3420-2-accessoires-rose-framboise-blanc\/","title":{"rendered":"Braun \u00c9pilateur Silk-\u00c9pil 3 SE3420"},"content":{"rendered":"","protected":false},"excerpt":{"rendered":"<p><b>Accessoires :\u00a0 \u00a0 \u00a0<\/b><\/p>\n<ul>\n<li>Tondeuse Bikini Silk-\u00e9pill<\/li>\n<li>Tondeuse pour le corps et le visage pour une \u00e9pilation pr\u00e9cise,<\/li>\n<li>sans les tracas de l\u2019\u00e9pilation \u00e0 la cire.<\/li>\n<li>Accessoire massage haute fr\u00e9quence<\/li>\n<li>Assure un contact maximal avec la peau.<\/li>\n<\/ul>\n<p><b>Sp\u00e9cifications<\/b>:<\/p>\n<ul>\n<li>Fonction Smart-light : \u00c9clairage optimal.<\/li>\n<li>Deux r\u00e9glages de vitesse<\/li>\n<li>Alimentation : \u00c0 fil \/ prise secteur<\/li>\n<li>Adaptateur 12 V<\/li>\n<li>Brosse de nettoyage<\/li>\n<li>Couleur : Rose framboise\/blanc<\/li>\n<\/ul>\n","protected":false},"featured_media":3494,"comment_status":"open","ping_status":"closed","template":"","meta":{"jetpack_post_was_ever_published":false,"jetpack_publicize_message":"","jetpack_publicize_feature_enabled":true,"jetpack_social_post_already_shared":false,"jetpack_social_options":{"image_generator_settings":{"template":"highway","default_image_id":0,"font":"","enabled":false},"version":2}},"product_brand":[],"product_cat":[19,61],"product_tag":[],"class_list":{"0":"post-1712","1":"product","2":"type-product","3":"status-publish","4":"has-post-thumbnail","6":"product_cat-beaute","7":"product_cat-braun","9":"first","10":"outofstock","11":"shipping-taxable","12":"purchasable","13":"product-type-simple"},"yoast_head":"<!-- This site is optimized with the Yoast SEO plugin v27.4 - https:\/\/yoast.com\/product\/yoast-seo-wordpress\/ -->\n<title>Braun \u00c9pilateur Silk-\u00c9pil 3 SE3420 - Baya Shop<\/title>\n<meta name=\"description\" content=\"Accessoires :\u00a0 \u00a0 \u00a0   Tondeuse Bikini Silk-\u00e9pill  Tondeuse pour le corps et le visage pour une \u00e9pilation pr\u00e9cise,  sans les tracas de l\u2019\u00e9pilation \u00e0 la cire.  Accessoire massage haute fr\u00e9quence  Assure un contact maximal avec la peau.  Sp\u00e9cifications:   Fonction Smart-light : \u00c9clairage optimal.  Deux r\u00e9glages de vitesse  Alimentation : \u00c0 fil \/ prise secteur  Adaptateur 12 V  Brosse de nettoyage  Couleur : Rose framboise\/blanc\" \/>\n<meta name=\"robots\" content=\"index, follow, max-snippet:-1, max-image-preview:large, max-video-preview:-1\" \/>\n<link rel=\"canonical\" href=\"https:\/\/baya-shop.com\/home\/product\/braun-epilateur-silk-epil-3-se3420-2-accessoires-rose-framboise-blanc\/\" \/>\n<meta property=\"og:locale\" content=\"fr_FR\" \/>\n<meta property=\"og:type\" content=\"article\" \/>\n<meta property=\"og:title\" content=\"Braun \u00c9pilateur Silk-\u00c9pil 3 SE3420 - Baya Shop\" \/>\n<meta property=\"og:description\" content=\"Accessoires :\u00a0 \u00a0 \u00a0   Tondeuse Bikini Silk-\u00e9pill  Tondeuse pour le corps et le visage pour une \u00e9pilation pr\u00e9cise,  sans les tracas de l\u2019\u00e9pilation \u00e0 la cire.  Accessoire massage haute fr\u00e9quence  Assure un contact maximal avec la peau.  Sp\u00e9cifications:   Fonction Smart-light : \u00c9clairage optimal.  Deux r\u00e9glages de vitesse  Alimentation : \u00c0 fil \/ prise secteur  Adaptateur 12 V  Brosse de nettoyage  Couleur : Rose framboise\/blanc\" \/>\n<meta property=\"og:url\" content=\"https:\/\/baya-shop.com\/home\/product\/braun-epilateur-silk-epil-3-se3420-2-accessoires-rose-framboise-blanc\/\" \/>\n<meta property=\"og:site_name\" content=\"Baya Shop\" \/>\n<meta property=\"article:publisher\" content=\"https:\/\/www.facebook.com\/Baya-Shop-103955257949742\" \/>\n<meta property=\"article:modified_time\" content=\"2025-07-16T15:38:44+00:00\" \/>\n<meta property=\"og:image\" content=\"https:\/\/baya-shop.com\/wp-content\/uploads\/2023\/03\/6-silk-epil-3-3-420-packaging-e1706456384724.webp\" \/>\n\t<meta property=\"og:image:width\" content=\"590\" \/>\n\t<meta property=\"og:image:height\" content=\"588\" \/>\n\t<meta property=\"og:image:type\" content=\"image\/webp\" \/>\n<meta name=\"twitter:card\" content=\"summary_large_image\" \/>\n<meta name=\"twitter:label1\" content=\"Dur\u00e9e de lecture estim\u00e9e\" \/>\n\t<meta name=\"twitter:data1\" content=\"1 minute\" \/>\n<script type=\"application\/ld+json\" class=\"yoast-schema-graph\">{\"@context\":\"https:\\\/\\\/schema.org\",\"@graph\":[{\"@type\":\"WebPage\",\"@id\":\"https:\\\/\\\/baya-shop.com\\\/home\\\/product\\\/braun-epilateur-silk-epil-3-se3420-2-accessoires-rose-framboise-blanc\\\/\",\"url\":\"https:\\\/\\\/baya-shop.com\\\/home\\\/product\\\/braun-epilateur-silk-epil-3-se3420-2-accessoires-rose-framboise-blanc\\\/\",\"name\":\"Braun \u00c9pilateur Silk-\u00c9pil 3 SE3420 - Baya Shop\",\"isPartOf\":{\"@id\":\"https:\\\/\\\/baya-shop.com\\\/home\\\/#website\"},\"primaryImageOfPage\":{\"@id\":\"https:\\\/\\\/baya-shop.com\\\/home\\\/product\\\/braun-epilateur-silk-epil-3-se3420-2-accessoires-rose-framboise-blanc\\\/#primaryimage\"},\"image\":{\"@id\":\"https:\\\/\\\/baya-shop.com\\\/home\\\/product\\\/braun-epilateur-silk-epil-3-se3420-2-accessoires-rose-framboise-blanc\\\/#primaryimage\"},\"thumbnailUrl\":\"https:\\\/\\\/i0.wp.com\\\/baya-shop.com\\\/wp-content\\\/uploads\\\/2023\\\/03\\\/6-silk-epil-3-3-420-packaging-e1706456384724.webp?fit=590%2C588&ssl=1\",\"datePublished\":\"2023-03-09T15:54:19+00:00\",\"dateModified\":\"2025-07-16T15:38:44+00:00\",\"description\":\"Accessoires :\u00a0 \u00a0 \u00a0 Tondeuse Bikini Silk-\u00e9pill Tondeuse pour le corps et le visage pour une \u00e9pilation pr\u00e9cise, sans les tracas de l\u2019\u00e9pilation \u00e0 la cire. Accessoire massage haute fr\u00e9quence Assure un contact maximal avec la peau. Sp\u00e9cifications: Fonction Smart-light : \u00c9clairage optimal. Deux r\u00e9glages de vitesse Alimentation : \u00c0 fil \\\/ prise secteur Adaptateur 12 V Brosse de nettoyage Couleur : Rose framboise\\\/blanc\",\"breadcrumb\":{\"@id\":\"https:\\\/\\\/baya-shop.com\\\/home\\\/product\\\/braun-epilateur-silk-epil-3-se3420-2-accessoires-rose-framboise-blanc\\\/#breadcrumb\"},\"inLanguage\":\"fr-FR\",\"potentialAction\":[{\"@type\":\"ReadAction\",\"target\":[\"https:\\\/\\\/baya-shop.com\\\/home\\\/product\\\/braun-epilateur-silk-epil-3-se3420-2-accessoires-rose-framboise-blanc\\\/\"]}]},{\"@type\":\"ImageObject\",\"inLanguage\":\"fr-FR\",\"@id\":\"https:\\\/\\\/baya-shop.com\\\/home\\\/product\\\/braun-epilateur-silk-epil-3-se3420-2-accessoires-rose-framboise-blanc\\\/#primaryimage\",\"url\":\"https:\\\/\\\/i0.wp.com\\\/baya-shop.com\\\/wp-content\\\/uploads\\\/2023\\\/03\\\/6-silk-epil-3-3-420-packaging-e1706456384724.webp?fit=590%2C588&ssl=1\",\"contentUrl\":\"https:\\\/\\\/i0.wp.com\\\/baya-shop.com\\\/wp-content\\\/uploads\\\/2023\\\/03\\\/6-silk-epil-3-3-420-packaging-e1706456384724.webp?fit=590%2C588&ssl=1\",\"width\":590,\"height\":588},{\"@type\":\"BreadcrumbList\",\"@id\":\"https:\\\/\\\/baya-shop.com\\\/home\\\/product\\\/braun-epilateur-silk-epil-3-se3420-2-accessoires-rose-framboise-blanc\\\/#breadcrumb\",\"itemListElement\":[{\"@type\":\"ListItem\",\"position\":1,\"name\":\"Accueil\",\"item\":\"https:\\\/\\\/baya-shop.com\\\/home\\\/\"},{\"@type\":\"ListItem\",\"position\":2,\"name\":\"Shop\",\"item\":\"https:\\\/\\\/baya-shop.com\\\/home\\\/shop\\\/\"},{\"@type\":\"ListItem\",\"position\":3,\"name\":\"Braun \u00c9pilateur Silk-\u00c9pil 3 SE3420\"}]},{\"@type\":\"WebSite\",\"@id\":\"https:\\\/\\\/baya-shop.com\\\/home\\\/#website\",\"url\":\"https:\\\/\\\/baya-shop.com\\\/home\\\/\",\"name\":\"Baya Shop\",\"description\":\"\",\"publisher\":{\"@id\":\"https:\\\/\\\/baya-shop.com\\\/home\\\/#organization\"},\"potentialAction\":[{\"@type\":\"SearchAction\",\"target\":{\"@type\":\"EntryPoint\",\"urlTemplate\":\"https:\\\/\\\/baya-shop.com\\\/home\\\/?s={search_term_string}\"},\"query-input\":{\"@type\":\"PropertyValueSpecification\",\"valueRequired\":true,\"valueName\":\"search_term_string\"}}],\"inLanguage\":\"fr-FR\"},{\"@type\":\"Organization\",\"@id\":\"https:\\\/\\\/baya-shop.com\\\/home\\\/#organization\",\"name\":\"Baya Shop\",\"url\":\"https:\\\/\\\/baya-shop.com\\\/home\\\/\",\"logo\":{\"@type\":\"ImageObject\",\"inLanguage\":\"fr-FR\",\"@id\":\"https:\\\/\\\/baya-shop.com\\\/home\\\/#\\\/schema\\\/logo\\\/image\\\/\",\"url\":\"https:\\\/\\\/baya-shop.com\\\/wp-content\\\/uploads\\\/2020\\\/11\\\/g.png\",\"contentUrl\":\"https:\\\/\\\/baya-shop.com\\\/wp-content\\\/uploads\\\/2020\\\/11\\\/g.png\",\"width\":64,\"height\":64,\"caption\":\"Baya Shop\"},\"image\":{\"@id\":\"https:\\\/\\\/baya-shop.com\\\/home\\\/#\\\/schema\\\/logo\\\/image\\\/\"},\"sameAs\":[\"https:\\\/\\\/www.facebook.com\\\/Baya-Shop-103955257949742\",\"https:\\\/\\\/www.instagram.com\\\/baya_shop_dz\\\/\"]}]}<\/script>\n<!-- \/ Yoast SEO plugin. -->","yoast_head_json":{"title":"Braun \u00c9pilateur Silk-\u00c9pil 3 SE3420 - Baya Shop","description":"Accessoires :\u00a0 \u00a0 \u00a0   Tondeuse Bikini Silk-\u00e9pill  Tondeuse pour le corps et le visage pour une \u00e9pilation pr\u00e9cise,  sans les tracas de l\u2019\u00e9pilation \u00e0 la cire.  Accessoire massage haute fr\u00e9quence  Assure un contact maximal avec la peau.  Sp\u00e9cifications:   Fonction Smart-light : \u00c9clairage optimal.  Deux r\u00e9glages de vitesse  Alimentation : \u00c0 fil \/ prise secteur  Adaptateur 12 V  Brosse de nettoyage  Couleur : Rose framboise\/blanc","robots":{"index":"index","follow":"follow","max-snippet":"max-snippet:-1","max-image-preview":"max-image-preview:large","max-video-preview":"max-video-preview:-1"},"canonical":"https:\/\/baya-shop.com\/home\/product\/braun-epilateur-silk-epil-3-se3420-2-accessoires-rose-framboise-blanc\/","og_locale":"fr_FR","og_type":"article","og_title":"Braun \u00c9pilateur Silk-\u00c9pil 3 SE3420 - Baya Shop","og_description":"Accessoires :\u00a0 \u00a0 \u00a0   Tondeuse Bikini Silk-\u00e9pill  Tondeuse pour le corps et le visage pour une \u00e9pilation pr\u00e9cise,  sans les tracas de l\u2019\u00e9pilation \u00e0 la cire.  Accessoire massage haute fr\u00e9quence  Assure un contact maximal avec la peau.  Sp\u00e9cifications:   Fonction Smart-light : \u00c9clairage optimal.  Deux r\u00e9glages de vitesse  Alimentation : \u00c0 fil \/ prise secteur  Adaptateur 12 V  Brosse de nettoyage  Couleur : Rose framboise\/blanc","og_url":"https:\/\/baya-shop.com\/home\/product\/braun-epilateur-silk-epil-3-se3420-2-accessoires-rose-framboise-blanc\/","og_site_name":"Baya Shop","article_publisher":"https:\/\/www.facebook.com\/Baya-Shop-103955257949742","article_modified_time":"2025-07-16T15:38:44+00:00","og_image":[{"width":590,"height":588,"url":"https:\/\/baya-shop.com\/wp-content\/uploads\/2023\/03\/6-silk-epil-3-3-420-packaging-e1706456384724.webp","type":"image\/webp"}],"twitter_card":"summary_large_image","twitter_misc":{"Dur\u00e9e de lecture estim\u00e9e":"1 minute"},"schema":{"@context":"https:\/\/schema.org","@graph":[{"@type":"WebPage","@id":"https:\/\/baya-shop.com\/home\/product\/braun-epilateur-silk-epil-3-se3420-2-accessoires-rose-framboise-blanc\/","url":"https:\/\/baya-shop.com\/home\/product\/braun-epilateur-silk-epil-3-se3420-2-accessoires-rose-framboise-blanc\/","name":"Braun \u00c9pilateur Silk-\u00c9pil 3 SE3420 - Baya Shop","isPartOf":{"@id":"https:\/\/baya-shop.com\/home\/#website"},"primaryImageOfPage":{"@id":"https:\/\/baya-shop.com\/home\/product\/braun-epilateur-silk-epil-3-se3420-2-accessoires-rose-framboise-blanc\/#primaryimage"},"image":{"@id":"https:\/\/baya-shop.com\/home\/product\/braun-epilateur-silk-epil-3-se3420-2-accessoires-rose-framboise-blanc\/#primaryimage"},"thumbnailUrl":"https:\/\/i0.wp.com\/baya-shop.com\/wp-content\/uploads\/2023\/03\/6-silk-epil-3-3-420-packaging-e1706456384724.webp?fit=590%2C588&ssl=1","datePublished":"2023-03-09T15:54:19+00:00","dateModified":"2025-07-16T15:38:44+00:00","description":"Accessoires :\u00a0 \u00a0 \u00a0 Tondeuse Bikini Silk-\u00e9pill Tondeuse pour le corps et le visage pour une \u00e9pilation pr\u00e9cise, sans les tracas de l\u2019\u00e9pilation \u00e0 la cire. Accessoire massage haute fr\u00e9quence Assure un contact maximal avec la peau. Sp\u00e9cifications: Fonction Smart-light : \u00c9clairage optimal. Deux r\u00e9glages de vitesse Alimentation : \u00c0 fil \/ prise secteur Adaptateur 12 V Brosse de nettoyage Couleur : Rose framboise\/blanc","breadcrumb":{"@id":"https:\/\/baya-shop.com\/home\/product\/braun-epilateur-silk-epil-3-se3420-2-accessoires-rose-framboise-blanc\/#breadcrumb"},"inLanguage":"fr-FR","potentialAction":[{"@type":"ReadAction","target":["https:\/\/baya-shop.com\/home\/product\/braun-epilateur-silk-epil-3-se3420-2-accessoires-rose-framboise-blanc\/"]}]},{"@type":"ImageObject","inLanguage":"fr-FR","@id":"https:\/\/baya-shop.com\/home\/product\/braun-epilateur-silk-epil-3-se3420-2-accessoires-rose-framboise-blanc\/#primaryimage","url":"https:\/\/i0.wp.com\/baya-shop.com\/wp-content\/uploads\/2023\/03\/6-silk-epil-3-3-420-packaging-e1706456384724.webp?fit=590%2C588&ssl=1","contentUrl":"https:\/\/i0.wp.com\/baya-shop.com\/wp-content\/uploads\/2023\/03\/6-silk-epil-3-3-420-packaging-e1706456384724.webp?fit=590%2C588&ssl=1","width":590,"height":588},{"@type":"BreadcrumbList","@id":"https:\/\/baya-shop.com\/home\/product\/braun-epilateur-silk-epil-3-se3420-2-accessoires-rose-framboise-blanc\/#breadcrumb","itemListElement":[{"@type":"ListItem","position":1,"name":"Accueil","item":"https:\/\/baya-shop.com\/home\/"},{"@type":"ListItem","position":2,"name":"Shop","item":"https:\/\/baya-shop.com\/home\/shop\/"},{"@type":"ListItem","position":3,"name":"Braun \u00c9pilateur Silk-\u00c9pil 3 SE3420"}]},{"@type":"WebSite","@id":"https:\/\/baya-shop.com\/home\/#website","url":"https:\/\/baya-shop.com\/home\/","name":"Baya Shop","description":"","publisher":{"@id":"https:\/\/baya-shop.com\/home\/#organization"},"potentialAction":[{"@type":"SearchAction","target":{"@type":"EntryPoint","urlTemplate":"https:\/\/baya-shop.com\/home\/?s={search_term_string}"},"query-input":{"@type":"PropertyValueSpecification","valueRequired":true,"valueName":"search_term_string"}}],"inLanguage":"fr-FR"},{"@type":"Organization","@id":"https:\/\/baya-shop.com\/home\/#organization","name":"Baya Shop","url":"https:\/\/baya-shop.com\/home\/","logo":{"@type":"ImageObject","inLanguage":"fr-FR","@id":"https:\/\/baya-shop.com\/home\/#\/schema\/logo\/image\/","url":"https:\/\/baya-shop.com\/wp-content\/uploads\/2020\/11\/g.png","contentUrl":"https:\/\/baya-shop.com\/wp-content\/uploads\/2020\/11\/g.png","width":64,"height":64,"caption":"Baya Shop"},"image":{"@id":"https:\/\/baya-shop.com\/home\/#\/schema\/logo\/image\/"},"sameAs":["https:\/\/www.facebook.com\/Baya-Shop-103955257949742","https:\/\/www.instagram.com\/baya_shop_dz\/"]}]}},"jetpack_publicize_connections":[],"jetpack_sharing_enabled":true,"jetpack_likes_enabled":true,"jetpack-related-posts":[],"_links":{"self":[{"href":"https:\/\/baya-shop.com\/home\/wp-json\/wp\/v2\/product\/1712","targetHints":{"allow":["GET"]}}],"collection":[{"href":"https:\/\/baya-shop.com\/home\/wp-json\/wp\/v2\/product"}],"about":[{"href":"https:\/\/baya-shop.com\/home\/wp-json\/wp\/v2\/types\/product"}],"replies":[{"embeddable":true,"href":"https:\/\/baya-shop.com\/home\/wp-json\/wp\/v2\/comments?post=1712"}],"wp:featuredmedia":[{"embeddable":true,"href":"https:\/\/baya-shop.com\/home\/wp-json\/wp\/v2\/media\/3494"}],"wp:attachment":[{"href":"https:\/\/baya-shop.com\/home\/wp-json\/wp\/v2\/media?parent=1712"}],"wp:term":[{"taxonomy":"product_brand","embeddable":true,"href":"https:\/\/baya-shop.com\/home\/wp-json\/wp\/v2\/product_brand?post=1712"},{"taxonomy":"product_cat","embeddable":true,"href":"https:\/\/baya-shop.com\/home\/wp-json\/wp\/v2\/product_cat?post=1712"},{"taxonomy":"product_tag","embeddable":true,"href":"https:\/\/baya-shop.com\/home\/wp-json\/wp\/v2\/product_tag?post=1712"}],"curies":[{"name":"wp","href":"https:\/\/api.w.org\/{rel}","templated":true}]}}