{"id":1633,"date":"2023-02-23T14:37:10","date_gmt":"2023-02-23T13:37:10","guid":{"rendered":"https:\/\/baya-shop.com\/home\/?post_type=product&#038;p=1633"},"modified":"2025-04-19T17:05:16","modified_gmt":"2025-04-19T16:05:16","slug":"remington-seche-cheveux-thermacare-pro-2400","status":"publish","type":"product","link":"https:\/\/baya-shop.com\/home\/product\/remington-seche-cheveux-thermacare-pro-2400\/","title":{"rendered":"Remington S\u00e8che-Cheveux thermacare pro D5720"},"content":{"rendered":"","protected":false},"excerpt":{"rendered":"<div class=\"mobile-list product-desc active\">\n<p>Le s\u00e8che-cheveuxThermacare Pro 2400 vous offre une exp\u00e9rience de s\u00e9chage exceptionnelle.Gr\u00e2ce \u00e0 cet appareil, plus besoin de choisir entre la puissance et la protection. Avec des performances de 2400W d\u2019un s\u00e8che-cheveux \u00e0 2200W, vous pouvez s\u00e9cher vos cheveux rapidement \u00e0 une temp\u00e9rature moins \u00e9lev\u00e9e tout en leur fournissant une protection optimale*. Le Thermacare Pro 2400 est \u00e9quip\u00e9 d&rsquo;une fonction suppl\u00e9mentaire turbo pour un s\u00e9chage puissant et rapide lorsque vous en avez le plus besoin. Avec un design blanc \u00e9tonnant et des touches dor\u00e9es satin\u00e9es, ce s\u00e8che-cheveux ultra-moderne viendra compl\u00e9ter avec \u00e9l\u00e9gance votre rituel coiffure. Le s\u00e9chage \u00e0 faible niveau sonore** vous offre une exp\u00e9rience plus agr\u00e9able, tandis que le traitement ionique utilise 90% d\u2019ions suppl\u00e9mentaires** pour obtenir une chevelure brillante et sans frisottis.Des accessoires suppl\u00e9mentaires, dont un diffuseur et des concentrateurs de coiffage et fins, vous aident \u00e0 cr\u00e9er votre propre look facilement, \u00e0 chaque utilisation.Con\u00e7u pour fournir une performance professionnelle, le Thermacare Pro 2400 est \u00e9quip\u00e9 d&rsquo;un moteur qui dure deux fois plus longtemps***. Avec tous ses avantages, vous ne pourrez plus vous passer de ce s\u00e8che-cheveux incroyable\u00a0! Le Thermacare Pro 2400\u00a0: Adoptez un style d\u00e9contract\u00e9<\/p>\n<p>&nbsp;<\/p>\n<\/div>\n","protected":false},"featured_media":3322,"comment_status":"open","ping_status":"closed","template":"","meta":{"jetpack_post_was_ever_published":false,"jetpack_publicize_message":"","jetpack_publicize_feature_enabled":true,"jetpack_social_post_already_shared":false,"jetpack_social_options":{"image_generator_settings":{"template":"highway","default_image_id":0,"font":"","enabled":false},"version":2}},"product_brand":[],"product_cat":[47,20],"product_tag":[],"class_list":{"0":"post-1633","1":"product","2":"type-product","3":"status-publish","4":"has-post-thumbnail","6":"product_cat-remington","7":"product_cat-seche-cheveux","9":"first","10":"instock","11":"sale","12":"shipping-taxable","13":"purchasable","14":"product-type-simple"},"yoast_head":"<!-- This site is optimized with the Yoast SEO plugin v27.5 - https:\/\/yoast.com\/product\/yoast-seo-wordpress\/ -->\n<title>Remington S\u00e8che-Cheveux thermacare pro D5720 - Baya Shop<\/title>\n<meta name=\"description\" content=\"Le s\u00e8che-cheveuxThermacare Pro 2400 vous offre une exp\u00e9rience de s\u00e9chage exceptionnelle.Gr\u00e2ce \u00e0 cet appareil, plus besoin de choisir entre la puissance et la protection. Avec des performances de 2400W d\u2019un s\u00e8che-cheveux \u00e0 2200W, vous pouvez s\u00e9cher vos cheveux rapidement \u00e0 une temp\u00e9rature moins \u00e9lev\u00e9e tout en leur fournissant une protection optimale*. Le Thermacare Pro 2400 est \u00e9quip\u00e9 d&#039;une fonction suppl\u00e9mentaire turbo pour un s\u00e9chage puissant et rapide lorsque vous en avez le plus besoin. Avec un design blanc \u00e9tonnant et des touches dor\u00e9es satin\u00e9es, ce s\u00e8che-cheveux ultra-moderne viendra compl\u00e9ter avec \u00e9l\u00e9gance votre rituel coiffure. Le s\u00e9chage \u00e0 faible niveau sonore** vous offre une exp\u00e9rience plus agr\u00e9able, tandis que le traitement ionique utilise 90% d\u2019ions suppl\u00e9mentaires** pour obtenir une chevelure brillante et sans frisottis.Des accessoires suppl\u00e9mentaires, dont un diffuseur et des concentrateurs de coiffage et fins, vous aident \u00e0 cr\u00e9er votre propre look facilement, \u00e0 chaque utilisation.Con\u00e7u pour fournir une performance professionnelle, le Thermacare Pro 2400 est \u00e9quip\u00e9 d&#039;un moteur qui dure deux fois plus longtemps***. Avec tous ses avantages, vous ne pourrez plus vous passer de ce s\u00e8che-cheveux incroyable\u00a0! Le Thermacare Pro 2400\u00a0: Adoptez un style d\u00e9contract\u00e9  &nbsp;\" \/>\n<meta name=\"robots\" content=\"index, follow, max-snippet:-1, max-image-preview:large, max-video-preview:-1\" \/>\n<link rel=\"canonical\" href=\"https:\/\/baya-shop.com\/home\/product\/remington-seche-cheveux-thermacare-pro-2400\/\" \/>\n<meta property=\"og:locale\" content=\"fr_FR\" \/>\n<meta property=\"og:type\" content=\"article\" \/>\n<meta property=\"og:title\" content=\"Remington S\u00e8che-Cheveux thermacare pro D5720 - Baya Shop\" \/>\n<meta property=\"og:description\" content=\"Le s\u00e8che-cheveuxThermacare Pro 2400 vous offre une exp\u00e9rience de s\u00e9chage exceptionnelle.Gr\u00e2ce \u00e0 cet appareil, plus besoin de choisir entre la puissance et la protection. Avec des performances de 2400W d\u2019un s\u00e8che-cheveux \u00e0 2200W, vous pouvez s\u00e9cher vos cheveux rapidement \u00e0 une temp\u00e9rature moins \u00e9lev\u00e9e tout en leur fournissant une protection optimale*. Le Thermacare Pro 2400 est \u00e9quip\u00e9 d&#039;une fonction suppl\u00e9mentaire turbo pour un s\u00e9chage puissant et rapide lorsque vous en avez le plus besoin. Avec un design blanc \u00e9tonnant et des touches dor\u00e9es satin\u00e9es, ce s\u00e8che-cheveux ultra-moderne viendra compl\u00e9ter avec \u00e9l\u00e9gance votre rituel coiffure. Le s\u00e9chage \u00e0 faible niveau sonore** vous offre une exp\u00e9rience plus agr\u00e9able, tandis que le traitement ionique utilise 90% d\u2019ions suppl\u00e9mentaires** pour obtenir une chevelure brillante et sans frisottis.Des accessoires suppl\u00e9mentaires, dont un diffuseur et des concentrateurs de coiffage et fins, vous aident \u00e0 cr\u00e9er votre propre look facilement, \u00e0 chaque utilisation.Con\u00e7u pour fournir une performance professionnelle, le Thermacare Pro 2400 est \u00e9quip\u00e9 d&#039;un moteur qui dure deux fois plus longtemps***. Avec tous ses avantages, vous ne pourrez plus vous passer de ce s\u00e8che-cheveux incroyable\u00a0! Le Thermacare Pro 2400\u00a0: Adoptez un style d\u00e9contract\u00e9  &nbsp;\" \/>\n<meta property=\"og:url\" content=\"https:\/\/baya-shop.com\/home\/product\/remington-seche-cheveux-thermacare-pro-2400\/\" \/>\n<meta property=\"og:site_name\" content=\"Baya Shop\" \/>\n<meta property=\"article:publisher\" content=\"https:\/\/www.facebook.com\/Baya-Shop-103955257949742\" \/>\n<meta property=\"article:modified_time\" content=\"2025-04-19T16:05:16+00:00\" \/>\n<meta property=\"og:image\" content=\"https:\/\/baya-shop.com\/wp-content\/uploads\/2023\/02\/large_45660560100_9688.jpg\" \/>\n\t<meta property=\"og:image:width\" content=\"1000\" \/>\n\t<meta property=\"og:image:height\" content=\"1000\" \/>\n\t<meta property=\"og:image:type\" content=\"image\/jpeg\" \/>\n<meta name=\"twitter:card\" content=\"summary_large_image\" \/>\n<meta name=\"twitter:label1\" content=\"Dur\u00e9e de lecture estim\u00e9e\" \/>\n\t<meta name=\"twitter:data1\" content=\"1 minute\" \/>\n<script type=\"application\/ld+json\" class=\"yoast-schema-graph\">{\"@context\":\"https:\\\/\\\/schema.org\",\"@graph\":[{\"@type\":\"WebPage\",\"@id\":\"https:\\\/\\\/baya-shop.com\\\/home\\\/product\\\/remington-seche-cheveux-thermacare-pro-2400\\\/\",\"url\":\"https:\\\/\\\/baya-shop.com\\\/home\\\/product\\\/remington-seche-cheveux-thermacare-pro-2400\\\/\",\"name\":\"Remington S\u00e8che-Cheveux thermacare pro D5720 - Baya Shop\",\"isPartOf\":{\"@id\":\"https:\\\/\\\/baya-shop.com\\\/home\\\/#website\"},\"primaryImageOfPage\":{\"@id\":\"https:\\\/\\\/baya-shop.com\\\/home\\\/product\\\/remington-seche-cheveux-thermacare-pro-2400\\\/#primaryimage\"},\"image\":{\"@id\":\"https:\\\/\\\/baya-shop.com\\\/home\\\/product\\\/remington-seche-cheveux-thermacare-pro-2400\\\/#primaryimage\"},\"thumbnailUrl\":\"https:\\\/\\\/i0.wp.com\\\/baya-shop.com\\\/wp-content\\\/uploads\\\/2023\\\/02\\\/large_45660560100_9688.jpg?fit=1000%2C1000&ssl=1\",\"datePublished\":\"2023-02-23T13:37:10+00:00\",\"dateModified\":\"2025-04-19T16:05:16+00:00\",\"description\":\"Le s\u00e8che-cheveuxThermacare Pro 2400 vous offre une exp\u00e9rience de s\u00e9chage exceptionnelle.Gr\u00e2ce \u00e0 cet appareil, plus besoin de choisir entre la puissance et la protection. Avec des performances de 2400W d\u2019un s\u00e8che-cheveux \u00e0 2200W, vous pouvez s\u00e9cher vos cheveux rapidement \u00e0 une temp\u00e9rature moins \u00e9lev\u00e9e tout en leur fournissant une protection optimale*. Le Thermacare Pro 2400 est \u00e9quip\u00e9 d'une fonction suppl\u00e9mentaire turbo pour un s\u00e9chage puissant et rapide lorsque vous en avez le plus besoin. Avec un design blanc \u00e9tonnant et des touches dor\u00e9es satin\u00e9es, ce s\u00e8che-cheveux ultra-moderne viendra compl\u00e9ter avec \u00e9l\u00e9gance votre rituel coiffure. Le s\u00e9chage \u00e0 faible niveau sonore** vous offre une exp\u00e9rience plus agr\u00e9able, tandis que le traitement ionique utilise 90% d\u2019ions suppl\u00e9mentaires** pour obtenir une chevelure brillante et sans frisottis.Des accessoires suppl\u00e9mentaires, dont un diffuseur et des concentrateurs de coiffage et fins, vous aident \u00e0 cr\u00e9er votre propre look facilement, \u00e0 chaque utilisation.Con\u00e7u pour fournir une performance professionnelle, le Thermacare Pro 2400 est \u00e9quip\u00e9 d'un moteur qui dure deux fois plus longtemps***. Avec tous ses avantages, vous ne pourrez plus vous passer de ce s\u00e8che-cheveux incroyable\u00a0! Le Thermacare Pro 2400\u00a0: Adoptez un style d\u00e9contract\u00e9 &nbsp;\",\"breadcrumb\":{\"@id\":\"https:\\\/\\\/baya-shop.com\\\/home\\\/product\\\/remington-seche-cheveux-thermacare-pro-2400\\\/#breadcrumb\"},\"inLanguage\":\"fr-FR\",\"potentialAction\":[{\"@type\":\"ReadAction\",\"target\":[\"https:\\\/\\\/baya-shop.com\\\/home\\\/product\\\/remington-seche-cheveux-thermacare-pro-2400\\\/\"]}]},{\"@type\":\"ImageObject\",\"inLanguage\":\"fr-FR\",\"@id\":\"https:\\\/\\\/baya-shop.com\\\/home\\\/product\\\/remington-seche-cheveux-thermacare-pro-2400\\\/#primaryimage\",\"url\":\"https:\\\/\\\/i0.wp.com\\\/baya-shop.com\\\/wp-content\\\/uploads\\\/2023\\\/02\\\/large_45660560100_9688.jpg?fit=1000%2C1000&ssl=1\",\"contentUrl\":\"https:\\\/\\\/i0.wp.com\\\/baya-shop.com\\\/wp-content\\\/uploads\\\/2023\\\/02\\\/large_45660560100_9688.jpg?fit=1000%2C1000&ssl=1\",\"width\":1000,\"height\":1000},{\"@type\":\"BreadcrumbList\",\"@id\":\"https:\\\/\\\/baya-shop.com\\\/home\\\/product\\\/remington-seche-cheveux-thermacare-pro-2400\\\/#breadcrumb\",\"itemListElement\":[{\"@type\":\"ListItem\",\"position\":1,\"name\":\"Accueil\",\"item\":\"https:\\\/\\\/baya-shop.com\\\/home\\\/\"},{\"@type\":\"ListItem\",\"position\":2,\"name\":\"Shop\",\"item\":\"https:\\\/\\\/baya-shop.com\\\/home\\\/shop\\\/\"},{\"@type\":\"ListItem\",\"position\":3,\"name\":\"Remington S\u00e8che-Cheveux thermacare pro D5720\"}]},{\"@type\":\"WebSite\",\"@id\":\"https:\\\/\\\/baya-shop.com\\\/home\\\/#website\",\"url\":\"https:\\\/\\\/baya-shop.com\\\/home\\\/\",\"name\":\"Baya Shop\",\"description\":\"\",\"publisher\":{\"@id\":\"https:\\\/\\\/baya-shop.com\\\/home\\\/#organization\"},\"potentialAction\":[{\"@type\":\"SearchAction\",\"target\":{\"@type\":\"EntryPoint\",\"urlTemplate\":\"https:\\\/\\\/baya-shop.com\\\/home\\\/?s={search_term_string}\"},\"query-input\":{\"@type\":\"PropertyValueSpecification\",\"valueRequired\":true,\"valueName\":\"search_term_string\"}}],\"inLanguage\":\"fr-FR\"},{\"@type\":\"Organization\",\"@id\":\"https:\\\/\\\/baya-shop.com\\\/home\\\/#organization\",\"name\":\"Baya Shop\",\"url\":\"https:\\\/\\\/baya-shop.com\\\/home\\\/\",\"logo\":{\"@type\":\"ImageObject\",\"inLanguage\":\"fr-FR\",\"@id\":\"https:\\\/\\\/baya-shop.com\\\/home\\\/#\\\/schema\\\/logo\\\/image\\\/\",\"url\":\"https:\\\/\\\/baya-shop.com\\\/wp-content\\\/uploads\\\/2020\\\/11\\\/g.png\",\"contentUrl\":\"https:\\\/\\\/baya-shop.com\\\/wp-content\\\/uploads\\\/2020\\\/11\\\/g.png\",\"width\":64,\"height\":64,\"caption\":\"Baya Shop\"},\"image\":{\"@id\":\"https:\\\/\\\/baya-shop.com\\\/home\\\/#\\\/schema\\\/logo\\\/image\\\/\"},\"sameAs\":[\"https:\\\/\\\/www.facebook.com\\\/Baya-Shop-103955257949742\",\"https:\\\/\\\/www.instagram.com\\\/baya_shop_dz\\\/\"]}]}<\/script>\n<!-- \/ Yoast SEO plugin. -->","yoast_head_json":{"title":"Remington S\u00e8che-Cheveux thermacare pro D5720 - Baya Shop","description":"Le s\u00e8che-cheveuxThermacare Pro 2400 vous offre une exp\u00e9rience de s\u00e9chage exceptionnelle.Gr\u00e2ce \u00e0 cet appareil, plus besoin de choisir entre la puissance et la protection. Avec des performances de 2400W d\u2019un s\u00e8che-cheveux \u00e0 2200W, vous pouvez s\u00e9cher vos cheveux rapidement \u00e0 une temp\u00e9rature moins \u00e9lev\u00e9e tout en leur fournissant une protection optimale*. Le Thermacare Pro 2400 est \u00e9quip\u00e9 d'une fonction suppl\u00e9mentaire turbo pour un s\u00e9chage puissant et rapide lorsque vous en avez le plus besoin. Avec un design blanc \u00e9tonnant et des touches dor\u00e9es satin\u00e9es, ce s\u00e8che-cheveux ultra-moderne viendra compl\u00e9ter avec \u00e9l\u00e9gance votre rituel coiffure. Le s\u00e9chage \u00e0 faible niveau sonore** vous offre une exp\u00e9rience plus agr\u00e9able, tandis que le traitement ionique utilise 90% d\u2019ions suppl\u00e9mentaires** pour obtenir une chevelure brillante et sans frisottis.Des accessoires suppl\u00e9mentaires, dont un diffuseur et des concentrateurs de coiffage et fins, vous aident \u00e0 cr\u00e9er votre propre look facilement, \u00e0 chaque utilisation.Con\u00e7u pour fournir une performance professionnelle, le Thermacare Pro 2400 est \u00e9quip\u00e9 d'un moteur qui dure deux fois plus longtemps***. Avec tous ses avantages, vous ne pourrez plus vous passer de ce s\u00e8che-cheveux incroyable\u00a0! Le Thermacare Pro 2400\u00a0: Adoptez un style d\u00e9contract\u00e9  &nbsp;","robots":{"index":"index","follow":"follow","max-snippet":"max-snippet:-1","max-image-preview":"max-image-preview:large","max-video-preview":"max-video-preview:-1"},"canonical":"https:\/\/baya-shop.com\/home\/product\/remington-seche-cheveux-thermacare-pro-2400\/","og_locale":"fr_FR","og_type":"article","og_title":"Remington S\u00e8che-Cheveux thermacare pro D5720 - Baya Shop","og_description":"Le s\u00e8che-cheveuxThermacare Pro 2400 vous offre une exp\u00e9rience de s\u00e9chage exceptionnelle.Gr\u00e2ce \u00e0 cet appareil, plus besoin de choisir entre la puissance et la protection. Avec des performances de 2400W d\u2019un s\u00e8che-cheveux \u00e0 2200W, vous pouvez s\u00e9cher vos cheveux rapidement \u00e0 une temp\u00e9rature moins \u00e9lev\u00e9e tout en leur fournissant une protection optimale*. Le Thermacare Pro 2400 est \u00e9quip\u00e9 d'une fonction suppl\u00e9mentaire turbo pour un s\u00e9chage puissant et rapide lorsque vous en avez le plus besoin. Avec un design blanc \u00e9tonnant et des touches dor\u00e9es satin\u00e9es, ce s\u00e8che-cheveux ultra-moderne viendra compl\u00e9ter avec \u00e9l\u00e9gance votre rituel coiffure. Le s\u00e9chage \u00e0 faible niveau sonore** vous offre une exp\u00e9rience plus agr\u00e9able, tandis que le traitement ionique utilise 90% d\u2019ions suppl\u00e9mentaires** pour obtenir une chevelure brillante et sans frisottis.Des accessoires suppl\u00e9mentaires, dont un diffuseur et des concentrateurs de coiffage et fins, vous aident \u00e0 cr\u00e9er votre propre look facilement, \u00e0 chaque utilisation.Con\u00e7u pour fournir une performance professionnelle, le Thermacare Pro 2400 est \u00e9quip\u00e9 d'un moteur qui dure deux fois plus longtemps***. Avec tous ses avantages, vous ne pourrez plus vous passer de ce s\u00e8che-cheveux incroyable\u00a0! Le Thermacare Pro 2400\u00a0: Adoptez un style d\u00e9contract\u00e9  &nbsp;","og_url":"https:\/\/baya-shop.com\/home\/product\/remington-seche-cheveux-thermacare-pro-2400\/","og_site_name":"Baya Shop","article_publisher":"https:\/\/www.facebook.com\/Baya-Shop-103955257949742","article_modified_time":"2025-04-19T16:05:16+00:00","og_image":[{"width":1000,"height":1000,"url":"https:\/\/baya-shop.com\/wp-content\/uploads\/2023\/02\/large_45660560100_9688.jpg","type":"image\/jpeg"}],"twitter_card":"summary_large_image","twitter_misc":{"Dur\u00e9e de lecture estim\u00e9e":"1 minute"},"schema":{"@context":"https:\/\/schema.org","@graph":[{"@type":"WebPage","@id":"https:\/\/baya-shop.com\/home\/product\/remington-seche-cheveux-thermacare-pro-2400\/","url":"https:\/\/baya-shop.com\/home\/product\/remington-seche-cheveux-thermacare-pro-2400\/","name":"Remington S\u00e8che-Cheveux thermacare pro D5720 - Baya Shop","isPartOf":{"@id":"https:\/\/baya-shop.com\/home\/#website"},"primaryImageOfPage":{"@id":"https:\/\/baya-shop.com\/home\/product\/remington-seche-cheveux-thermacare-pro-2400\/#primaryimage"},"image":{"@id":"https:\/\/baya-shop.com\/home\/product\/remington-seche-cheveux-thermacare-pro-2400\/#primaryimage"},"thumbnailUrl":"https:\/\/i0.wp.com\/baya-shop.com\/wp-content\/uploads\/2023\/02\/large_45660560100_9688.jpg?fit=1000%2C1000&ssl=1","datePublished":"2023-02-23T13:37:10+00:00","dateModified":"2025-04-19T16:05:16+00:00","description":"Le s\u00e8che-cheveuxThermacare Pro 2400 vous offre une exp\u00e9rience de s\u00e9chage exceptionnelle.Gr\u00e2ce \u00e0 cet appareil, plus besoin de choisir entre la puissance et la protection. Avec des performances de 2400W d\u2019un s\u00e8che-cheveux \u00e0 2200W, vous pouvez s\u00e9cher vos cheveux rapidement \u00e0 une temp\u00e9rature moins \u00e9lev\u00e9e tout en leur fournissant une protection optimale*. Le Thermacare Pro 2400 est \u00e9quip\u00e9 d'une fonction suppl\u00e9mentaire turbo pour un s\u00e9chage puissant et rapide lorsque vous en avez le plus besoin. Avec un design blanc \u00e9tonnant et des touches dor\u00e9es satin\u00e9es, ce s\u00e8che-cheveux ultra-moderne viendra compl\u00e9ter avec \u00e9l\u00e9gance votre rituel coiffure. Le s\u00e9chage \u00e0 faible niveau sonore** vous offre une exp\u00e9rience plus agr\u00e9able, tandis que le traitement ionique utilise 90% d\u2019ions suppl\u00e9mentaires** pour obtenir une chevelure brillante et sans frisottis.Des accessoires suppl\u00e9mentaires, dont un diffuseur et des concentrateurs de coiffage et fins, vous aident \u00e0 cr\u00e9er votre propre look facilement, \u00e0 chaque utilisation.Con\u00e7u pour fournir une performance professionnelle, le Thermacare Pro 2400 est \u00e9quip\u00e9 d'un moteur qui dure deux fois plus longtemps***. Avec tous ses avantages, vous ne pourrez plus vous passer de ce s\u00e8che-cheveux incroyable\u00a0! Le Thermacare Pro 2400\u00a0: Adoptez un style d\u00e9contract\u00e9 &nbsp;","breadcrumb":{"@id":"https:\/\/baya-shop.com\/home\/product\/remington-seche-cheveux-thermacare-pro-2400\/#breadcrumb"},"inLanguage":"fr-FR","potentialAction":[{"@type":"ReadAction","target":["https:\/\/baya-shop.com\/home\/product\/remington-seche-cheveux-thermacare-pro-2400\/"]}]},{"@type":"ImageObject","inLanguage":"fr-FR","@id":"https:\/\/baya-shop.com\/home\/product\/remington-seche-cheveux-thermacare-pro-2400\/#primaryimage","url":"https:\/\/i0.wp.com\/baya-shop.com\/wp-content\/uploads\/2023\/02\/large_45660560100_9688.jpg?fit=1000%2C1000&ssl=1","contentUrl":"https:\/\/i0.wp.com\/baya-shop.com\/wp-content\/uploads\/2023\/02\/large_45660560100_9688.jpg?fit=1000%2C1000&ssl=1","width":1000,"height":1000},{"@type":"BreadcrumbList","@id":"https:\/\/baya-shop.com\/home\/product\/remington-seche-cheveux-thermacare-pro-2400\/#breadcrumb","itemListElement":[{"@type":"ListItem","position":1,"name":"Accueil","item":"https:\/\/baya-shop.com\/home\/"},{"@type":"ListItem","position":2,"name":"Shop","item":"https:\/\/baya-shop.com\/home\/shop\/"},{"@type":"ListItem","position":3,"name":"Remington S\u00e8che-Cheveux thermacare pro D5720"}]},{"@type":"WebSite","@id":"https:\/\/baya-shop.com\/home\/#website","url":"https:\/\/baya-shop.com\/home\/","name":"Baya Shop","description":"","publisher":{"@id":"https:\/\/baya-shop.com\/home\/#organization"},"potentialAction":[{"@type":"SearchAction","target":{"@type":"EntryPoint","urlTemplate":"https:\/\/baya-shop.com\/home\/?s={search_term_string}"},"query-input":{"@type":"PropertyValueSpecification","valueRequired":true,"valueName":"search_term_string"}}],"inLanguage":"fr-FR"},{"@type":"Organization","@id":"https:\/\/baya-shop.com\/home\/#organization","name":"Baya Shop","url":"https:\/\/baya-shop.com\/home\/","logo":{"@type":"ImageObject","inLanguage":"fr-FR","@id":"https:\/\/baya-shop.com\/home\/#\/schema\/logo\/image\/","url":"https:\/\/baya-shop.com\/wp-content\/uploads\/2020\/11\/g.png","contentUrl":"https:\/\/baya-shop.com\/wp-content\/uploads\/2020\/11\/g.png","width":64,"height":64,"caption":"Baya Shop"},"image":{"@id":"https:\/\/baya-shop.com\/home\/#\/schema\/logo\/image\/"},"sameAs":["https:\/\/www.facebook.com\/Baya-Shop-103955257949742","https:\/\/www.instagram.com\/baya_shop_dz\/"]}]}},"jetpack_publicize_connections":[],"jetpack_sharing_enabled":true,"jetpack_likes_enabled":true,"jetpack-related-posts":[],"_links":{"self":[{"href":"https:\/\/baya-shop.com\/home\/wp-json\/wp\/v2\/product\/1633","targetHints":{"allow":["GET"]}}],"collection":[{"href":"https:\/\/baya-shop.com\/home\/wp-json\/wp\/v2\/product"}],"about":[{"href":"https:\/\/baya-shop.com\/home\/wp-json\/wp\/v2\/types\/product"}],"replies":[{"embeddable":true,"href":"https:\/\/baya-shop.com\/home\/wp-json\/wp\/v2\/comments?post=1633"}],"wp:featuredmedia":[{"embeddable":true,"href":"https:\/\/baya-shop.com\/home\/wp-json\/wp\/v2\/media\/3322"}],"wp:attachment":[{"href":"https:\/\/baya-shop.com\/home\/wp-json\/wp\/v2\/media?parent=1633"}],"wp:term":[{"taxonomy":"product_brand","embeddable":true,"href":"https:\/\/baya-shop.com\/home\/wp-json\/wp\/v2\/product_brand?post=1633"},{"taxonomy":"product_cat","embeddable":true,"href":"https:\/\/baya-shop.com\/home\/wp-json\/wp\/v2\/product_cat?post=1633"},{"taxonomy":"product_tag","embeddable":true,"href":"https:\/\/baya-shop.com\/home\/wp-json\/wp\/v2\/product_tag?post=1633"}],"curies":[{"name":"wp","href":"https:\/\/api.w.org\/{rel}","templated":true}]}}