{"id":1598,"date":"2023-02-15T16:43:31","date_gmt":"2023-02-15T15:43:31","guid":{"rendered":"https:\/\/baya-shop.com\/home\/?post_type=product&#038;p=1598"},"modified":"2024-02-09T16:20:31","modified_gmt":"2024-02-09T15:20:31","slug":"demeliss-wavy-noir-et-spray-deep-waves-inclus-150-ml","status":"publish","type":"product","link":"https:\/\/baya-shop.com\/home\/product\/demeliss-wavy-noir-et-spray-deep-waves-inclus-150-ml\/","title":{"rendered":"DEMELISS Wavy Noir et Spray Deep Waves inclus DEME.3977"},"content":{"rendered":"","protected":false},"excerpt":{"rendered":"<p>Le fer \u00e0 onduler Demeliss Waves offre un r\u00e9sultat tendance et longue tenue ! R\u00e9alisez simplement et facilement des ondulations naturelles, beach waves &#8230; Ce fer \u00e0 onduler effet wavy dispose de trois cylindres en rev\u00eatement c\u00e9ramique tourmaline pour une protection des cheveux renforc\u00e9e. Selon la nature de vos cheveux, choisissez entre les 10 niveaux de temp\u00e9rature de 120\u00b0C \u00e0 210\u00b0C. Profitez de diff\u00e9rents types d&rsquo;ondulations au gr\u00e9 de vos envies ! En modifiant l&rsquo;intensit\u00e9 de la pression, le temps de pose et la temp\u00e9rature,&#8230;<\/p>\n","protected":false},"featured_media":3566,"comment_status":"open","ping_status":"closed","template":"","meta":{"jetpack_post_was_ever_published":false,"jetpack_publicize_message":"","jetpack_publicize_feature_enabled":true,"jetpack_social_post_already_shared":false,"jetpack_social_options":{"image_generator_settings":{"template":"highway","default_image_id":0,"font":"","enabled":false},"version":2}},"product_brand":[],"product_cat":[17,67],"product_tag":[],"class_list":{"0":"post-1598","1":"product","2":"type-product","3":"status-publish","4":"has-post-thumbnail","6":"product_cat-boucleur","7":"product_cat-demeliss","9":"first","10":"instock","11":"shipping-taxable","12":"purchasable","13":"product-type-simple"},"yoast_head":"<!-- This site is optimized with the Yoast SEO plugin v27.4 - https:\/\/yoast.com\/product\/yoast-seo-wordpress\/ -->\n<title>DEMELISS Wavy Noir et Spray Deep Waves inclus DEME.3977 - Baya Shop<\/title>\n<meta name=\"description\" content=\"Le fer \u00e0 onduler Demeliss Waves offre un r\u00e9sultat tendance et longue tenue ! R\u00e9alisez simplement et facilement des ondulations naturelles, beach waves ... Ce fer \u00e0 onduler effet wavy dispose de trois cylindres en rev\u00eatement c\u00e9ramique tourmaline pour une protection des cheveux renforc\u00e9e. Selon la nature de vos cheveux, choisissez entre les 10 niveaux de temp\u00e9rature de 120\u00b0C \u00e0 210\u00b0C. Profitez de diff\u00e9rents types d&#039;ondulations au gr\u00e9 de vos envies ! En modifiant l&#039;intensit\u00e9 de la pression, le temps de pose et la temp\u00e9rature,...\" \/>\n<meta name=\"robots\" content=\"index, follow, max-snippet:-1, max-image-preview:large, max-video-preview:-1\" \/>\n<link rel=\"canonical\" href=\"https:\/\/baya-shop.com\/home\/product\/demeliss-wavy-noir-et-spray-deep-waves-inclus-150-ml\/\" \/>\n<meta property=\"og:locale\" content=\"fr_FR\" \/>\n<meta property=\"og:type\" content=\"article\" \/>\n<meta property=\"og:title\" content=\"DEMELISS Wavy Noir et Spray Deep Waves inclus DEME.3977 - Baya Shop\" \/>\n<meta property=\"og:description\" content=\"Le fer \u00e0 onduler Demeliss Waves offre un r\u00e9sultat tendance et longue tenue ! R\u00e9alisez simplement et facilement des ondulations naturelles, beach waves ... Ce fer \u00e0 onduler effet wavy dispose de trois cylindres en rev\u00eatement c\u00e9ramique tourmaline pour une protection des cheveux renforc\u00e9e. Selon la nature de vos cheveux, choisissez entre les 10 niveaux de temp\u00e9rature de 120\u00b0C \u00e0 210\u00b0C. Profitez de diff\u00e9rents types d&#039;ondulations au gr\u00e9 de vos envies ! En modifiant l&#039;intensit\u00e9 de la pression, le temps de pose et la temp\u00e9rature,...\" \/>\n<meta property=\"og:url\" content=\"https:\/\/baya-shop.com\/home\/product\/demeliss-wavy-noir-et-spray-deep-waves-inclus-150-ml\/\" \/>\n<meta property=\"og:site_name\" content=\"Baya Shop\" \/>\n<meta property=\"article:publisher\" content=\"https:\/\/www.facebook.com\/Baya-Shop-103955257949742\" \/>\n<meta property=\"article:modified_time\" content=\"2024-02-09T15:20:31+00:00\" \/>\n<meta property=\"og:image\" content=\"https:\/\/baya-shop.com\/wp-content\/uploads\/2023\/02\/fer-a-onduler-saint-algue-demeliss-waves-black.webp\" \/>\n\t<meta property=\"og:image:width\" content=\"700\" \/>\n\t<meta property=\"og:image:height\" content=\"700\" \/>\n\t<meta property=\"og:image:type\" content=\"image\/webp\" \/>\n<meta name=\"twitter:card\" content=\"summary_large_image\" \/>\n<meta name=\"twitter:label1\" content=\"Dur\u00e9e de lecture estim\u00e9e\" \/>\n\t<meta name=\"twitter:data1\" content=\"1 minute\" \/>\n<script type=\"application\/ld+json\" class=\"yoast-schema-graph\">{\"@context\":\"https:\\\/\\\/schema.org\",\"@graph\":[{\"@type\":\"WebPage\",\"@id\":\"https:\\\/\\\/baya-shop.com\\\/home\\\/product\\\/demeliss-wavy-noir-et-spray-deep-waves-inclus-150-ml\\\/\",\"url\":\"https:\\\/\\\/baya-shop.com\\\/home\\\/product\\\/demeliss-wavy-noir-et-spray-deep-waves-inclus-150-ml\\\/\",\"name\":\"DEMELISS Wavy Noir et Spray Deep Waves inclus DEME.3977 - Baya Shop\",\"isPartOf\":{\"@id\":\"https:\\\/\\\/baya-shop.com\\\/home\\\/#website\"},\"primaryImageOfPage\":{\"@id\":\"https:\\\/\\\/baya-shop.com\\\/home\\\/product\\\/demeliss-wavy-noir-et-spray-deep-waves-inclus-150-ml\\\/#primaryimage\"},\"image\":{\"@id\":\"https:\\\/\\\/baya-shop.com\\\/home\\\/product\\\/demeliss-wavy-noir-et-spray-deep-waves-inclus-150-ml\\\/#primaryimage\"},\"thumbnailUrl\":\"https:\\\/\\\/i0.wp.com\\\/baya-shop.com\\\/wp-content\\\/uploads\\\/2023\\\/02\\\/fer-a-onduler-saint-algue-demeliss-waves-black.webp?fit=700%2C700&ssl=1\",\"datePublished\":\"2023-02-15T15:43:31+00:00\",\"dateModified\":\"2024-02-09T15:20:31+00:00\",\"description\":\"Le fer \u00e0 onduler Demeliss Waves offre un r\u00e9sultat tendance et longue tenue ! R\u00e9alisez simplement et facilement des ondulations naturelles, beach waves ... Ce fer \u00e0 onduler effet wavy dispose de trois cylindres en rev\u00eatement c\u00e9ramique tourmaline pour une protection des cheveux renforc\u00e9e. Selon la nature de vos cheveux, choisissez entre les 10 niveaux de temp\u00e9rature de 120\u00b0C \u00e0 210\u00b0C. Profitez de diff\u00e9rents types d'ondulations au gr\u00e9 de vos envies ! En modifiant l'intensit\u00e9 de la pression, le temps de pose et la temp\u00e9rature,...\",\"breadcrumb\":{\"@id\":\"https:\\\/\\\/baya-shop.com\\\/home\\\/product\\\/demeliss-wavy-noir-et-spray-deep-waves-inclus-150-ml\\\/#breadcrumb\"},\"inLanguage\":\"fr-FR\",\"potentialAction\":[{\"@type\":\"ReadAction\",\"target\":[\"https:\\\/\\\/baya-shop.com\\\/home\\\/product\\\/demeliss-wavy-noir-et-spray-deep-waves-inclus-150-ml\\\/\"]}]},{\"@type\":\"ImageObject\",\"inLanguage\":\"fr-FR\",\"@id\":\"https:\\\/\\\/baya-shop.com\\\/home\\\/product\\\/demeliss-wavy-noir-et-spray-deep-waves-inclus-150-ml\\\/#primaryimage\",\"url\":\"https:\\\/\\\/i0.wp.com\\\/baya-shop.com\\\/wp-content\\\/uploads\\\/2023\\\/02\\\/fer-a-onduler-saint-algue-demeliss-waves-black.webp?fit=700%2C700&ssl=1\",\"contentUrl\":\"https:\\\/\\\/i0.wp.com\\\/baya-shop.com\\\/wp-content\\\/uploads\\\/2023\\\/02\\\/fer-a-onduler-saint-algue-demeliss-waves-black.webp?fit=700%2C700&ssl=1\",\"width\":700,\"height\":700},{\"@type\":\"BreadcrumbList\",\"@id\":\"https:\\\/\\\/baya-shop.com\\\/home\\\/product\\\/demeliss-wavy-noir-et-spray-deep-waves-inclus-150-ml\\\/#breadcrumb\",\"itemListElement\":[{\"@type\":\"ListItem\",\"position\":1,\"name\":\"Accueil\",\"item\":\"https:\\\/\\\/baya-shop.com\\\/home\\\/\"},{\"@type\":\"ListItem\",\"position\":2,\"name\":\"Shop\",\"item\":\"https:\\\/\\\/baya-shop.com\\\/home\\\/shop\\\/\"},{\"@type\":\"ListItem\",\"position\":3,\"name\":\"DEMELISS Wavy Noir et Spray Deep Waves inclus DEME.3977\"}]},{\"@type\":\"WebSite\",\"@id\":\"https:\\\/\\\/baya-shop.com\\\/home\\\/#website\",\"url\":\"https:\\\/\\\/baya-shop.com\\\/home\\\/\",\"name\":\"Baya Shop\",\"description\":\"\",\"publisher\":{\"@id\":\"https:\\\/\\\/baya-shop.com\\\/home\\\/#organization\"},\"potentialAction\":[{\"@type\":\"SearchAction\",\"target\":{\"@type\":\"EntryPoint\",\"urlTemplate\":\"https:\\\/\\\/baya-shop.com\\\/home\\\/?s={search_term_string}\"},\"query-input\":{\"@type\":\"PropertyValueSpecification\",\"valueRequired\":true,\"valueName\":\"search_term_string\"}}],\"inLanguage\":\"fr-FR\"},{\"@type\":\"Organization\",\"@id\":\"https:\\\/\\\/baya-shop.com\\\/home\\\/#organization\",\"name\":\"Baya Shop\",\"url\":\"https:\\\/\\\/baya-shop.com\\\/home\\\/\",\"logo\":{\"@type\":\"ImageObject\",\"inLanguage\":\"fr-FR\",\"@id\":\"https:\\\/\\\/baya-shop.com\\\/home\\\/#\\\/schema\\\/logo\\\/image\\\/\",\"url\":\"https:\\\/\\\/baya-shop.com\\\/wp-content\\\/uploads\\\/2020\\\/11\\\/g.png\",\"contentUrl\":\"https:\\\/\\\/baya-shop.com\\\/wp-content\\\/uploads\\\/2020\\\/11\\\/g.png\",\"width\":64,\"height\":64,\"caption\":\"Baya Shop\"},\"image\":{\"@id\":\"https:\\\/\\\/baya-shop.com\\\/home\\\/#\\\/schema\\\/logo\\\/image\\\/\"},\"sameAs\":[\"https:\\\/\\\/www.facebook.com\\\/Baya-Shop-103955257949742\",\"https:\\\/\\\/www.instagram.com\\\/baya_shop_dz\\\/\"]}]}<\/script>\n<!-- \/ Yoast SEO plugin. -->","yoast_head_json":{"title":"DEMELISS Wavy Noir et Spray Deep Waves inclus DEME.3977 - Baya Shop","description":"Le fer \u00e0 onduler Demeliss Waves offre un r\u00e9sultat tendance et longue tenue ! R\u00e9alisez simplement et facilement des ondulations naturelles, beach waves ... Ce fer \u00e0 onduler effet wavy dispose de trois cylindres en rev\u00eatement c\u00e9ramique tourmaline pour une protection des cheveux renforc\u00e9e. Selon la nature de vos cheveux, choisissez entre les 10 niveaux de temp\u00e9rature de 120\u00b0C \u00e0 210\u00b0C. Profitez de diff\u00e9rents types d'ondulations au gr\u00e9 de vos envies ! En modifiant l'intensit\u00e9 de la pression, le temps de pose et la temp\u00e9rature,...","robots":{"index":"index","follow":"follow","max-snippet":"max-snippet:-1","max-image-preview":"max-image-preview:large","max-video-preview":"max-video-preview:-1"},"canonical":"https:\/\/baya-shop.com\/home\/product\/demeliss-wavy-noir-et-spray-deep-waves-inclus-150-ml\/","og_locale":"fr_FR","og_type":"article","og_title":"DEMELISS Wavy Noir et Spray Deep Waves inclus DEME.3977 - Baya Shop","og_description":"Le fer \u00e0 onduler Demeliss Waves offre un r\u00e9sultat tendance et longue tenue ! R\u00e9alisez simplement et facilement des ondulations naturelles, beach waves ... Ce fer \u00e0 onduler effet wavy dispose de trois cylindres en rev\u00eatement c\u00e9ramique tourmaline pour une protection des cheveux renforc\u00e9e. Selon la nature de vos cheveux, choisissez entre les 10 niveaux de temp\u00e9rature de 120\u00b0C \u00e0 210\u00b0C. Profitez de diff\u00e9rents types d'ondulations au gr\u00e9 de vos envies ! En modifiant l'intensit\u00e9 de la pression, le temps de pose et la temp\u00e9rature,...","og_url":"https:\/\/baya-shop.com\/home\/product\/demeliss-wavy-noir-et-spray-deep-waves-inclus-150-ml\/","og_site_name":"Baya Shop","article_publisher":"https:\/\/www.facebook.com\/Baya-Shop-103955257949742","article_modified_time":"2024-02-09T15:20:31+00:00","og_image":[{"width":700,"height":700,"url":"https:\/\/baya-shop.com\/wp-content\/uploads\/2023\/02\/fer-a-onduler-saint-algue-demeliss-waves-black.webp","type":"image\/webp"}],"twitter_card":"summary_large_image","twitter_misc":{"Dur\u00e9e de lecture estim\u00e9e":"1 minute"},"schema":{"@context":"https:\/\/schema.org","@graph":[{"@type":"WebPage","@id":"https:\/\/baya-shop.com\/home\/product\/demeliss-wavy-noir-et-spray-deep-waves-inclus-150-ml\/","url":"https:\/\/baya-shop.com\/home\/product\/demeliss-wavy-noir-et-spray-deep-waves-inclus-150-ml\/","name":"DEMELISS Wavy Noir et Spray Deep Waves inclus DEME.3977 - Baya Shop","isPartOf":{"@id":"https:\/\/baya-shop.com\/home\/#website"},"primaryImageOfPage":{"@id":"https:\/\/baya-shop.com\/home\/product\/demeliss-wavy-noir-et-spray-deep-waves-inclus-150-ml\/#primaryimage"},"image":{"@id":"https:\/\/baya-shop.com\/home\/product\/demeliss-wavy-noir-et-spray-deep-waves-inclus-150-ml\/#primaryimage"},"thumbnailUrl":"https:\/\/i0.wp.com\/baya-shop.com\/wp-content\/uploads\/2023\/02\/fer-a-onduler-saint-algue-demeliss-waves-black.webp?fit=700%2C700&ssl=1","datePublished":"2023-02-15T15:43:31+00:00","dateModified":"2024-02-09T15:20:31+00:00","description":"Le fer \u00e0 onduler Demeliss Waves offre un r\u00e9sultat tendance et longue tenue ! R\u00e9alisez simplement et facilement des ondulations naturelles, beach waves ... Ce fer \u00e0 onduler effet wavy dispose de trois cylindres en rev\u00eatement c\u00e9ramique tourmaline pour une protection des cheveux renforc\u00e9e. Selon la nature de vos cheveux, choisissez entre les 10 niveaux de temp\u00e9rature de 120\u00b0C \u00e0 210\u00b0C. Profitez de diff\u00e9rents types d'ondulations au gr\u00e9 de vos envies ! En modifiant l'intensit\u00e9 de la pression, le temps de pose et la temp\u00e9rature,...","breadcrumb":{"@id":"https:\/\/baya-shop.com\/home\/product\/demeliss-wavy-noir-et-spray-deep-waves-inclus-150-ml\/#breadcrumb"},"inLanguage":"fr-FR","potentialAction":[{"@type":"ReadAction","target":["https:\/\/baya-shop.com\/home\/product\/demeliss-wavy-noir-et-spray-deep-waves-inclus-150-ml\/"]}]},{"@type":"ImageObject","inLanguage":"fr-FR","@id":"https:\/\/baya-shop.com\/home\/product\/demeliss-wavy-noir-et-spray-deep-waves-inclus-150-ml\/#primaryimage","url":"https:\/\/i0.wp.com\/baya-shop.com\/wp-content\/uploads\/2023\/02\/fer-a-onduler-saint-algue-demeliss-waves-black.webp?fit=700%2C700&ssl=1","contentUrl":"https:\/\/i0.wp.com\/baya-shop.com\/wp-content\/uploads\/2023\/02\/fer-a-onduler-saint-algue-demeliss-waves-black.webp?fit=700%2C700&ssl=1","width":700,"height":700},{"@type":"BreadcrumbList","@id":"https:\/\/baya-shop.com\/home\/product\/demeliss-wavy-noir-et-spray-deep-waves-inclus-150-ml\/#breadcrumb","itemListElement":[{"@type":"ListItem","position":1,"name":"Accueil","item":"https:\/\/baya-shop.com\/home\/"},{"@type":"ListItem","position":2,"name":"Shop","item":"https:\/\/baya-shop.com\/home\/shop\/"},{"@type":"ListItem","position":3,"name":"DEMELISS Wavy Noir et Spray Deep Waves inclus DEME.3977"}]},{"@type":"WebSite","@id":"https:\/\/baya-shop.com\/home\/#website","url":"https:\/\/baya-shop.com\/home\/","name":"Baya Shop","description":"","publisher":{"@id":"https:\/\/baya-shop.com\/home\/#organization"},"potentialAction":[{"@type":"SearchAction","target":{"@type":"EntryPoint","urlTemplate":"https:\/\/baya-shop.com\/home\/?s={search_term_string}"},"query-input":{"@type":"PropertyValueSpecification","valueRequired":true,"valueName":"search_term_string"}}],"inLanguage":"fr-FR"},{"@type":"Organization","@id":"https:\/\/baya-shop.com\/home\/#organization","name":"Baya Shop","url":"https:\/\/baya-shop.com\/home\/","logo":{"@type":"ImageObject","inLanguage":"fr-FR","@id":"https:\/\/baya-shop.com\/home\/#\/schema\/logo\/image\/","url":"https:\/\/baya-shop.com\/wp-content\/uploads\/2020\/11\/g.png","contentUrl":"https:\/\/baya-shop.com\/wp-content\/uploads\/2020\/11\/g.png","width":64,"height":64,"caption":"Baya Shop"},"image":{"@id":"https:\/\/baya-shop.com\/home\/#\/schema\/logo\/image\/"},"sameAs":["https:\/\/www.facebook.com\/Baya-Shop-103955257949742","https:\/\/www.instagram.com\/baya_shop_dz\/"]}]}},"jetpack_publicize_connections":[],"jetpack_sharing_enabled":true,"jetpack_likes_enabled":true,"jetpack-related-posts":[],"_links":{"self":[{"href":"https:\/\/baya-shop.com\/home\/wp-json\/wp\/v2\/product\/1598","targetHints":{"allow":["GET"]}}],"collection":[{"href":"https:\/\/baya-shop.com\/home\/wp-json\/wp\/v2\/product"}],"about":[{"href":"https:\/\/baya-shop.com\/home\/wp-json\/wp\/v2\/types\/product"}],"replies":[{"embeddable":true,"href":"https:\/\/baya-shop.com\/home\/wp-json\/wp\/v2\/comments?post=1598"}],"wp:featuredmedia":[{"embeddable":true,"href":"https:\/\/baya-shop.com\/home\/wp-json\/wp\/v2\/media\/3566"}],"wp:attachment":[{"href":"https:\/\/baya-shop.com\/home\/wp-json\/wp\/v2\/media?parent=1598"}],"wp:term":[{"taxonomy":"product_brand","embeddable":true,"href":"https:\/\/baya-shop.com\/home\/wp-json\/wp\/v2\/product_brand?post=1598"},{"taxonomy":"product_cat","embeddable":true,"href":"https:\/\/baya-shop.com\/home\/wp-json\/wp\/v2\/product_cat?post=1598"},{"taxonomy":"product_tag","embeddable":true,"href":"https:\/\/baya-shop.com\/home\/wp-json\/wp\/v2\/product_tag?post=1598"}],"curies":[{"name":"wp","href":"https:\/\/api.w.org\/{rel}","templated":true}]}}