{"id":1566,"date":"2023-01-31T17:29:31","date_gmt":"2023-01-31T16:29:31","guid":{"rendered":"https:\/\/baya-shop.com\/home\/?post_type=product&#038;p=1566"},"modified":"2025-04-19T17:05:30","modified_gmt":"2025-04-19T16:05:30","slug":"remington-boucleur-32mm-pearl-ceramic-avec-eclats-de-perles-cheveux-brillants-ci9532","status":"publish","type":"product","link":"https:\/\/baya-shop.com\/home\/product\/remington-boucleur-32mm-pearl-ceramic-avec-eclats-de-perles-cheveux-brillants-ci9532\/","title":{"rendered":"Remington Boucleur pearl pro curl CI9532"},"content":{"rendered":"","protected":false},"excerpt":{"rendered":"<div class=\"product-characteristics__description\">\n<ul>\n<li>Puissance : 50 W<\/li>\n<li>Alimentation : 120-240 V ~<\/li>\n<li>Temp\u00e9rature : 130-210\u00b0 C<\/li>\n<li>9 r\u00e9glages de temp\u00e9rature<\/li>\n<li>Fonction de verrouillage de la temp\u00e9rature<\/li>\n<li>Baril conique : 32 mm<\/li>\n<li>\u00c9chauffement rapide en 30 secondes<\/li>\n<li>Rev\u00eatement en c\u00e9ramique avec des \u00e9l\u00e9ments de perles v\u00e9ritables<\/li>\n<li>Affichage num\u00e9rique de la temp\u00e9rature<\/li>\n<li>Arr\u00eat automatique apr\u00e8s 60 minutes<\/li>\n<li>Pointe froide au toucher<\/li>\n<li>Poign\u00e9e ergonomique<\/li>\n<li>Cordon pivotant : 3 m<\/li>\n<li><strong>La livraison comprend :<\/strong><\/li>\n<li>1 x baguette d&rsquo;ondulation<\/li>\n<li>1 x gant r\u00e9sistant \u00e0 la chaleur<\/li>\n<li>1 x pochette r\u00e9sistante \u00e0 la chaleur<\/li>\n<li>Garantie 12 Mois.<\/li>\n<\/ul>\n<\/div>\n","protected":false},"featured_media":3317,"comment_status":"open","ping_status":"closed","template":"","meta":{"jetpack_post_was_ever_published":false,"jetpack_publicize_message":"","jetpack_publicize_feature_enabled":true,"jetpack_social_post_already_shared":false,"jetpack_social_options":{"image_generator_settings":{"template":"highway","default_image_id":0,"font":"","enabled":false},"version":2}},"product_brand":[],"product_cat":[17,46,47],"product_tag":[],"class_list":{"0":"post-1566","1":"product","2":"type-product","3":"status-publish","4":"has-post-thumbnail","6":"product_cat-boucleur","7":"product_cat-promotion","8":"product_cat-remington","10":"first","11":"outofstock","12":"shipping-taxable","13":"product-type-simple"},"yoast_head":"<!-- This site is optimized with the Yoast SEO plugin v27.4 - https:\/\/yoast.com\/product\/yoast-seo-wordpress\/ -->\n<title>Remington Boucleur pearl pro curl CI9532 - Baya Shop<\/title>\n<meta name=\"description\" content=\"Puissance : 50 W  Alimentation : 120-240 V ~  Temp\u00e9rature : 130-210\u00b0 C  9 r\u00e9glages de temp\u00e9rature  Fonction de verrouillage de la temp\u00e9rature  Baril conique : 32 mm  \u00c9chauffement rapide en 30 secondes  Rev\u00eatement en c\u00e9ramique avec des \u00e9l\u00e9ments de perles v\u00e9ritables  Affichage num\u00e9rique de la temp\u00e9rature  Arr\u00eat automatique apr\u00e8s 60 minutes  Pointe froide au toucher  Poign\u00e9e ergonomique  Cordon pivotant : 3 m  La livraison comprend :  1 x baguette d&#039;ondulation  1 x gant r\u00e9sistant \u00e0 la chaleur  1 x pochette r\u00e9sistante \u00e0 la chaleur  Garantie 12 Mois.\" \/>\n<meta name=\"robots\" content=\"index, follow, max-snippet:-1, max-image-preview:large, max-video-preview:-1\" \/>\n<link rel=\"canonical\" href=\"https:\/\/baya-shop.com\/home\/product\/remington-boucleur-32mm-pearl-ceramic-avec-eclats-de-perles-cheveux-brillants-ci9532\/\" \/>\n<meta property=\"og:locale\" content=\"fr_FR\" \/>\n<meta property=\"og:type\" content=\"article\" \/>\n<meta property=\"og:title\" content=\"Remington Boucleur pearl pro curl CI9532 - Baya Shop\" \/>\n<meta property=\"og:description\" content=\"Puissance : 50 W  Alimentation : 120-240 V ~  Temp\u00e9rature : 130-210\u00b0 C  9 r\u00e9glages de temp\u00e9rature  Fonction de verrouillage de la temp\u00e9rature  Baril conique : 32 mm  \u00c9chauffement rapide en 30 secondes  Rev\u00eatement en c\u00e9ramique avec des \u00e9l\u00e9ments de perles v\u00e9ritables  Affichage num\u00e9rique de la temp\u00e9rature  Arr\u00eat automatique apr\u00e8s 60 minutes  Pointe froide au toucher  Poign\u00e9e ergonomique  Cordon pivotant : 3 m  La livraison comprend :  1 x baguette d&#039;ondulation  1 x gant r\u00e9sistant \u00e0 la chaleur  1 x pochette r\u00e9sistante \u00e0 la chaleur  Garantie 12 Mois.\" \/>\n<meta property=\"og:url\" content=\"https:\/\/baya-shop.com\/home\/product\/remington-boucleur-32mm-pearl-ceramic-avec-eclats-de-perles-cheveux-brillants-ci9532\/\" \/>\n<meta property=\"og:site_name\" content=\"Baya Shop\" \/>\n<meta property=\"article:publisher\" content=\"https:\/\/www.facebook.com\/Baya-Shop-103955257949742\" \/>\n<meta property=\"article:modified_time\" content=\"2025-04-19T16:05:30+00:00\" \/>\n<meta property=\"og:image\" content=\"https:\/\/baya-shop.com\/wp-content\/uploads\/2023\/01\/98264ec976144932aba850ad055962ef-image.webp\" \/>\n\t<meta property=\"og:image:width\" content=\"540\" \/>\n\t<meta property=\"og:image:height\" content=\"540\" \/>\n\t<meta property=\"og:image:type\" content=\"image\/webp\" \/>\n<meta name=\"twitter:card\" content=\"summary_large_image\" \/>\n<meta name=\"twitter:label1\" content=\"Dur\u00e9e de lecture estim\u00e9e\" \/>\n\t<meta name=\"twitter:data1\" content=\"1 minute\" \/>\n<script type=\"application\/ld+json\" class=\"yoast-schema-graph\">{\"@context\":\"https:\\\/\\\/schema.org\",\"@graph\":[{\"@type\":\"WebPage\",\"@id\":\"https:\\\/\\\/baya-shop.com\\\/home\\\/product\\\/remington-boucleur-32mm-pearl-ceramic-avec-eclats-de-perles-cheveux-brillants-ci9532\\\/\",\"url\":\"https:\\\/\\\/baya-shop.com\\\/home\\\/product\\\/remington-boucleur-32mm-pearl-ceramic-avec-eclats-de-perles-cheveux-brillants-ci9532\\\/\",\"name\":\"Remington Boucleur pearl pro curl CI9532 - Baya Shop\",\"isPartOf\":{\"@id\":\"https:\\\/\\\/baya-shop.com\\\/home\\\/#website\"},\"primaryImageOfPage\":{\"@id\":\"https:\\\/\\\/baya-shop.com\\\/home\\\/product\\\/remington-boucleur-32mm-pearl-ceramic-avec-eclats-de-perles-cheveux-brillants-ci9532\\\/#primaryimage\"},\"image\":{\"@id\":\"https:\\\/\\\/baya-shop.com\\\/home\\\/product\\\/remington-boucleur-32mm-pearl-ceramic-avec-eclats-de-perles-cheveux-brillants-ci9532\\\/#primaryimage\"},\"thumbnailUrl\":\"https:\\\/\\\/i0.wp.com\\\/baya-shop.com\\\/wp-content\\\/uploads\\\/2023\\\/01\\\/98264ec976144932aba850ad055962ef-image.webp?fit=540%2C540&ssl=1\",\"datePublished\":\"2023-01-31T16:29:31+00:00\",\"dateModified\":\"2025-04-19T16:05:30+00:00\",\"description\":\"Puissance : 50 W Alimentation : 120-240 V ~ Temp\u00e9rature : 130-210\u00b0 C 9 r\u00e9glages de temp\u00e9rature Fonction de verrouillage de la temp\u00e9rature Baril conique : 32 mm \u00c9chauffement rapide en 30 secondes Rev\u00eatement en c\u00e9ramique avec des \u00e9l\u00e9ments de perles v\u00e9ritables Affichage num\u00e9rique de la temp\u00e9rature Arr\u00eat automatique apr\u00e8s 60 minutes Pointe froide au toucher Poign\u00e9e ergonomique Cordon pivotant : 3 m La livraison comprend : 1 x baguette d'ondulation 1 x gant r\u00e9sistant \u00e0 la chaleur 1 x pochette r\u00e9sistante \u00e0 la chaleur Garantie 12 Mois.\",\"breadcrumb\":{\"@id\":\"https:\\\/\\\/baya-shop.com\\\/home\\\/product\\\/remington-boucleur-32mm-pearl-ceramic-avec-eclats-de-perles-cheveux-brillants-ci9532\\\/#breadcrumb\"},\"inLanguage\":\"fr-FR\",\"potentialAction\":[{\"@type\":\"ReadAction\",\"target\":[\"https:\\\/\\\/baya-shop.com\\\/home\\\/product\\\/remington-boucleur-32mm-pearl-ceramic-avec-eclats-de-perles-cheveux-brillants-ci9532\\\/\"]}]},{\"@type\":\"ImageObject\",\"inLanguage\":\"fr-FR\",\"@id\":\"https:\\\/\\\/baya-shop.com\\\/home\\\/product\\\/remington-boucleur-32mm-pearl-ceramic-avec-eclats-de-perles-cheveux-brillants-ci9532\\\/#primaryimage\",\"url\":\"https:\\\/\\\/i0.wp.com\\\/baya-shop.com\\\/wp-content\\\/uploads\\\/2023\\\/01\\\/98264ec976144932aba850ad055962ef-image.webp?fit=540%2C540&ssl=1\",\"contentUrl\":\"https:\\\/\\\/i0.wp.com\\\/baya-shop.com\\\/wp-content\\\/uploads\\\/2023\\\/01\\\/98264ec976144932aba850ad055962ef-image.webp?fit=540%2C540&ssl=1\",\"width\":540,\"height\":540},{\"@type\":\"BreadcrumbList\",\"@id\":\"https:\\\/\\\/baya-shop.com\\\/home\\\/product\\\/remington-boucleur-32mm-pearl-ceramic-avec-eclats-de-perles-cheveux-brillants-ci9532\\\/#breadcrumb\",\"itemListElement\":[{\"@type\":\"ListItem\",\"position\":1,\"name\":\"Accueil\",\"item\":\"https:\\\/\\\/baya-shop.com\\\/home\\\/\"},{\"@type\":\"ListItem\",\"position\":2,\"name\":\"Shop\",\"item\":\"https:\\\/\\\/baya-shop.com\\\/home\\\/shop\\\/\"},{\"@type\":\"ListItem\",\"position\":3,\"name\":\"Remington Boucleur pearl pro curl CI9532\"}]},{\"@type\":\"WebSite\",\"@id\":\"https:\\\/\\\/baya-shop.com\\\/home\\\/#website\",\"url\":\"https:\\\/\\\/baya-shop.com\\\/home\\\/\",\"name\":\"Baya Shop\",\"description\":\"\",\"publisher\":{\"@id\":\"https:\\\/\\\/baya-shop.com\\\/home\\\/#organization\"},\"potentialAction\":[{\"@type\":\"SearchAction\",\"target\":{\"@type\":\"EntryPoint\",\"urlTemplate\":\"https:\\\/\\\/baya-shop.com\\\/home\\\/?s={search_term_string}\"},\"query-input\":{\"@type\":\"PropertyValueSpecification\",\"valueRequired\":true,\"valueName\":\"search_term_string\"}}],\"inLanguage\":\"fr-FR\"},{\"@type\":\"Organization\",\"@id\":\"https:\\\/\\\/baya-shop.com\\\/home\\\/#organization\",\"name\":\"Baya Shop\",\"url\":\"https:\\\/\\\/baya-shop.com\\\/home\\\/\",\"logo\":{\"@type\":\"ImageObject\",\"inLanguage\":\"fr-FR\",\"@id\":\"https:\\\/\\\/baya-shop.com\\\/home\\\/#\\\/schema\\\/logo\\\/image\\\/\",\"url\":\"https:\\\/\\\/baya-shop.com\\\/wp-content\\\/uploads\\\/2020\\\/11\\\/g.png\",\"contentUrl\":\"https:\\\/\\\/baya-shop.com\\\/wp-content\\\/uploads\\\/2020\\\/11\\\/g.png\",\"width\":64,\"height\":64,\"caption\":\"Baya Shop\"},\"image\":{\"@id\":\"https:\\\/\\\/baya-shop.com\\\/home\\\/#\\\/schema\\\/logo\\\/image\\\/\"},\"sameAs\":[\"https:\\\/\\\/www.facebook.com\\\/Baya-Shop-103955257949742\",\"https:\\\/\\\/www.instagram.com\\\/baya_shop_dz\\\/\"]}]}<\/script>\n<!-- \/ Yoast SEO plugin. -->","yoast_head_json":{"title":"Remington Boucleur pearl pro curl CI9532 - Baya Shop","description":"Puissance : 50 W  Alimentation : 120-240 V ~  Temp\u00e9rature : 130-210\u00b0 C  9 r\u00e9glages de temp\u00e9rature  Fonction de verrouillage de la temp\u00e9rature  Baril conique : 32 mm  \u00c9chauffement rapide en 30 secondes  Rev\u00eatement en c\u00e9ramique avec des \u00e9l\u00e9ments de perles v\u00e9ritables  Affichage num\u00e9rique de la temp\u00e9rature  Arr\u00eat automatique apr\u00e8s 60 minutes  Pointe froide au toucher  Poign\u00e9e ergonomique  Cordon pivotant : 3 m  La livraison comprend :  1 x baguette d'ondulation  1 x gant r\u00e9sistant \u00e0 la chaleur  1 x pochette r\u00e9sistante \u00e0 la chaleur  Garantie 12 Mois.","robots":{"index":"index","follow":"follow","max-snippet":"max-snippet:-1","max-image-preview":"max-image-preview:large","max-video-preview":"max-video-preview:-1"},"canonical":"https:\/\/baya-shop.com\/home\/product\/remington-boucleur-32mm-pearl-ceramic-avec-eclats-de-perles-cheveux-brillants-ci9532\/","og_locale":"fr_FR","og_type":"article","og_title":"Remington Boucleur pearl pro curl CI9532 - Baya Shop","og_description":"Puissance : 50 W  Alimentation : 120-240 V ~  Temp\u00e9rature : 130-210\u00b0 C  9 r\u00e9glages de temp\u00e9rature  Fonction de verrouillage de la temp\u00e9rature  Baril conique : 32 mm  \u00c9chauffement rapide en 30 secondes  Rev\u00eatement en c\u00e9ramique avec des \u00e9l\u00e9ments de perles v\u00e9ritables  Affichage num\u00e9rique de la temp\u00e9rature  Arr\u00eat automatique apr\u00e8s 60 minutes  Pointe froide au toucher  Poign\u00e9e ergonomique  Cordon pivotant : 3 m  La livraison comprend :  1 x baguette d'ondulation  1 x gant r\u00e9sistant \u00e0 la chaleur  1 x pochette r\u00e9sistante \u00e0 la chaleur  Garantie 12 Mois.","og_url":"https:\/\/baya-shop.com\/home\/product\/remington-boucleur-32mm-pearl-ceramic-avec-eclats-de-perles-cheveux-brillants-ci9532\/","og_site_name":"Baya Shop","article_publisher":"https:\/\/www.facebook.com\/Baya-Shop-103955257949742","article_modified_time":"2025-04-19T16:05:30+00:00","og_image":[{"width":540,"height":540,"url":"https:\/\/baya-shop.com\/wp-content\/uploads\/2023\/01\/98264ec976144932aba850ad055962ef-image.webp","type":"image\/webp"}],"twitter_card":"summary_large_image","twitter_misc":{"Dur\u00e9e de lecture estim\u00e9e":"1 minute"},"schema":{"@context":"https:\/\/schema.org","@graph":[{"@type":"WebPage","@id":"https:\/\/baya-shop.com\/home\/product\/remington-boucleur-32mm-pearl-ceramic-avec-eclats-de-perles-cheveux-brillants-ci9532\/","url":"https:\/\/baya-shop.com\/home\/product\/remington-boucleur-32mm-pearl-ceramic-avec-eclats-de-perles-cheveux-brillants-ci9532\/","name":"Remington Boucleur pearl pro curl CI9532 - Baya Shop","isPartOf":{"@id":"https:\/\/baya-shop.com\/home\/#website"},"primaryImageOfPage":{"@id":"https:\/\/baya-shop.com\/home\/product\/remington-boucleur-32mm-pearl-ceramic-avec-eclats-de-perles-cheveux-brillants-ci9532\/#primaryimage"},"image":{"@id":"https:\/\/baya-shop.com\/home\/product\/remington-boucleur-32mm-pearl-ceramic-avec-eclats-de-perles-cheveux-brillants-ci9532\/#primaryimage"},"thumbnailUrl":"https:\/\/i0.wp.com\/baya-shop.com\/wp-content\/uploads\/2023\/01\/98264ec976144932aba850ad055962ef-image.webp?fit=540%2C540&ssl=1","datePublished":"2023-01-31T16:29:31+00:00","dateModified":"2025-04-19T16:05:30+00:00","description":"Puissance : 50 W Alimentation : 120-240 V ~ Temp\u00e9rature : 130-210\u00b0 C 9 r\u00e9glages de temp\u00e9rature Fonction de verrouillage de la temp\u00e9rature Baril conique : 32 mm \u00c9chauffement rapide en 30 secondes Rev\u00eatement en c\u00e9ramique avec des \u00e9l\u00e9ments de perles v\u00e9ritables Affichage num\u00e9rique de la temp\u00e9rature Arr\u00eat automatique apr\u00e8s 60 minutes Pointe froide au toucher Poign\u00e9e ergonomique Cordon pivotant : 3 m La livraison comprend : 1 x baguette d'ondulation 1 x gant r\u00e9sistant \u00e0 la chaleur 1 x pochette r\u00e9sistante \u00e0 la chaleur Garantie 12 Mois.","breadcrumb":{"@id":"https:\/\/baya-shop.com\/home\/product\/remington-boucleur-32mm-pearl-ceramic-avec-eclats-de-perles-cheveux-brillants-ci9532\/#breadcrumb"},"inLanguage":"fr-FR","potentialAction":[{"@type":"ReadAction","target":["https:\/\/baya-shop.com\/home\/product\/remington-boucleur-32mm-pearl-ceramic-avec-eclats-de-perles-cheveux-brillants-ci9532\/"]}]},{"@type":"ImageObject","inLanguage":"fr-FR","@id":"https:\/\/baya-shop.com\/home\/product\/remington-boucleur-32mm-pearl-ceramic-avec-eclats-de-perles-cheveux-brillants-ci9532\/#primaryimage","url":"https:\/\/i0.wp.com\/baya-shop.com\/wp-content\/uploads\/2023\/01\/98264ec976144932aba850ad055962ef-image.webp?fit=540%2C540&ssl=1","contentUrl":"https:\/\/i0.wp.com\/baya-shop.com\/wp-content\/uploads\/2023\/01\/98264ec976144932aba850ad055962ef-image.webp?fit=540%2C540&ssl=1","width":540,"height":540},{"@type":"BreadcrumbList","@id":"https:\/\/baya-shop.com\/home\/product\/remington-boucleur-32mm-pearl-ceramic-avec-eclats-de-perles-cheveux-brillants-ci9532\/#breadcrumb","itemListElement":[{"@type":"ListItem","position":1,"name":"Accueil","item":"https:\/\/baya-shop.com\/home\/"},{"@type":"ListItem","position":2,"name":"Shop","item":"https:\/\/baya-shop.com\/home\/shop\/"},{"@type":"ListItem","position":3,"name":"Remington Boucleur pearl pro curl CI9532"}]},{"@type":"WebSite","@id":"https:\/\/baya-shop.com\/home\/#website","url":"https:\/\/baya-shop.com\/home\/","name":"Baya Shop","description":"","publisher":{"@id":"https:\/\/baya-shop.com\/home\/#organization"},"potentialAction":[{"@type":"SearchAction","target":{"@type":"EntryPoint","urlTemplate":"https:\/\/baya-shop.com\/home\/?s={search_term_string}"},"query-input":{"@type":"PropertyValueSpecification","valueRequired":true,"valueName":"search_term_string"}}],"inLanguage":"fr-FR"},{"@type":"Organization","@id":"https:\/\/baya-shop.com\/home\/#organization","name":"Baya Shop","url":"https:\/\/baya-shop.com\/home\/","logo":{"@type":"ImageObject","inLanguage":"fr-FR","@id":"https:\/\/baya-shop.com\/home\/#\/schema\/logo\/image\/","url":"https:\/\/baya-shop.com\/wp-content\/uploads\/2020\/11\/g.png","contentUrl":"https:\/\/baya-shop.com\/wp-content\/uploads\/2020\/11\/g.png","width":64,"height":64,"caption":"Baya Shop"},"image":{"@id":"https:\/\/baya-shop.com\/home\/#\/schema\/logo\/image\/"},"sameAs":["https:\/\/www.facebook.com\/Baya-Shop-103955257949742","https:\/\/www.instagram.com\/baya_shop_dz\/"]}]}},"jetpack_publicize_connections":[],"jetpack_sharing_enabled":true,"jetpack_likes_enabled":true,"jetpack-related-posts":[],"_links":{"self":[{"href":"https:\/\/baya-shop.com\/home\/wp-json\/wp\/v2\/product\/1566","targetHints":{"allow":["GET"]}}],"collection":[{"href":"https:\/\/baya-shop.com\/home\/wp-json\/wp\/v2\/product"}],"about":[{"href":"https:\/\/baya-shop.com\/home\/wp-json\/wp\/v2\/types\/product"}],"replies":[{"embeddable":true,"href":"https:\/\/baya-shop.com\/home\/wp-json\/wp\/v2\/comments?post=1566"}],"wp:featuredmedia":[{"embeddable":true,"href":"https:\/\/baya-shop.com\/home\/wp-json\/wp\/v2\/media\/3317"}],"wp:attachment":[{"href":"https:\/\/baya-shop.com\/home\/wp-json\/wp\/v2\/media?parent=1566"}],"wp:term":[{"taxonomy":"product_brand","embeddable":true,"href":"https:\/\/baya-shop.com\/home\/wp-json\/wp\/v2\/product_brand?post=1566"},{"taxonomy":"product_cat","embeddable":true,"href":"https:\/\/baya-shop.com\/home\/wp-json\/wp\/v2\/product_cat?post=1566"},{"taxonomy":"product_tag","embeddable":true,"href":"https:\/\/baya-shop.com\/home\/wp-json\/wp\/v2\/product_tag?post=1566"}],"curies":[{"name":"wp","href":"https:\/\/api.w.org\/{rel}","templated":true}]}}