{"id":1559,"date":"2023-01-31T16:18:54","date_gmt":"2023-01-31T15:18:54","guid":{"rendered":"https:\/\/baya-shop.com\/home\/?post_type=product&#038;p=1559"},"modified":"2025-04-19T17:05:52","modified_gmt":"2025-04-19T16:05:52","slug":"remington-boucleur-ceramique-19-et-31-mm-ci63e1","status":"publish","type":"product","link":"https:\/\/baya-shop.com\/home\/product\/remington-boucleur-ceramique-19-et-31-mm-ci63e1\/","title":{"rendered":"Remington Boucleur dual curl CI63E1"},"content":{"rendered":"","protected":false},"excerpt":{"rendered":"<ul>\n<li><span class=\"a-list-item\"><span class=\"a-size-base\">Design unique<\/span><\/span><\/li>\n<li><span class=\"a-list-item\"><span class=\"a-size-base\">Rev\u00eatement 4X Protection : C\u00e9ramique ( pour des cheveux prot\u00e9g\u00e9s et une longue tenue), Tourmaline (pour des cheveux brillants)\u00a0 , Antistatique (ionique pour des cheveux sans frisottis) et glisse facile.<\/span><\/span><\/li>\n<li><span class=\"a-list-item\">3 niveaux de temp\u00e9rature : 160\u00b0C \u2013 180\u00b0C \u2013 200\u00b0C \u2013 diam\u00e8tre 19-31mm ; chauffe rapide 30 secondes ; pochette thermor\u00e9sistante incluse.<\/span><\/li>\n<li><span class=\"a-list-item\"><span class=\"a-size-base\">Diam\u00e8tre 19 et 31 mm.<\/span><\/span><\/li>\n<li><span class=\"a-list-item\"><span class=\"a-size-base\">Guide en spirale pour une utilisation facile.<\/span><\/span><\/li>\n<li>Garantie 12 Mois.<\/li>\n<\/ul>\n","protected":false},"featured_media":3315,"comment_status":"open","ping_status":"closed","template":"","meta":{"jetpack_post_was_ever_published":false,"jetpack_publicize_message":"","jetpack_publicize_feature_enabled":true,"jetpack_social_post_already_shared":false,"jetpack_social_options":{"image_generator_settings":{"template":"highway","default_image_id":0,"font":"","enabled":false},"version":2}},"product_brand":[],"product_cat":[17,47],"product_tag":[],"class_list":{"0":"post-1559","1":"product","2":"type-product","3":"status-publish","4":"has-post-thumbnail","6":"product_cat-boucleur","7":"product_cat-remington","9":"first","10":"instock","11":"shipping-taxable","12":"purchasable","13":"product-type-simple"},"yoast_head":"<!-- This site is optimized with the Yoast SEO plugin v27.4 - https:\/\/yoast.com\/product\/yoast-seo-wordpress\/ -->\n<title>Remington Boucleur dual curl CI63E1 - Baya Shop<\/title>\n<meta name=\"description\" content=\"Design unique  Rev\u00eatement 4X Protection : C\u00e9ramique ( pour des cheveux prot\u00e9g\u00e9s et une longue tenue), Tourmaline (pour des cheveux brillants)\u00a0 , Antistatique (ionique pour des cheveux sans frisottis) et glisse facile.  3 niveaux de temp\u00e9rature : 160\u00b0C \u2013 180\u00b0C \u2013 200\u00b0C \u2013 diam\u00e8tre 19-31mm ; chauffe rapide 30 secondes ; pochette thermor\u00e9sistante incluse.  Diam\u00e8tre 19 et 31 mm.  Guide en spirale pour une utilisation facile.  Garantie 12 Mois.\" \/>\n<meta name=\"robots\" content=\"index, follow, max-snippet:-1, max-image-preview:large, max-video-preview:-1\" \/>\n<link rel=\"canonical\" href=\"https:\/\/baya-shop.com\/home\/product\/remington-boucleur-ceramique-19-et-31-mm-ci63e1\/\" \/>\n<meta property=\"og:locale\" content=\"fr_FR\" \/>\n<meta property=\"og:type\" content=\"article\" \/>\n<meta property=\"og:title\" content=\"Remington Boucleur dual curl CI63E1 - Baya Shop\" \/>\n<meta property=\"og:description\" content=\"Design unique  Rev\u00eatement 4X Protection : C\u00e9ramique ( pour des cheveux prot\u00e9g\u00e9s et une longue tenue), Tourmaline (pour des cheveux brillants)\u00a0 , Antistatique (ionique pour des cheveux sans frisottis) et glisse facile.  3 niveaux de temp\u00e9rature : 160\u00b0C \u2013 180\u00b0C \u2013 200\u00b0C \u2013 diam\u00e8tre 19-31mm ; chauffe rapide 30 secondes ; pochette thermor\u00e9sistante incluse.  Diam\u00e8tre 19 et 31 mm.  Guide en spirale pour une utilisation facile.  Garantie 12 Mois.\" \/>\n<meta property=\"og:url\" content=\"https:\/\/baya-shop.com\/home\/product\/remington-boucleur-ceramique-19-et-31-mm-ci63e1\/\" \/>\n<meta property=\"og:site_name\" content=\"Baya Shop\" \/>\n<meta property=\"article:publisher\" content=\"https:\/\/www.facebook.com\/Baya-Shop-103955257949742\" \/>\n<meta property=\"article:modified_time\" content=\"2025-04-19T16:05:52+00:00\" \/>\n<meta property=\"og:image\" content=\"https:\/\/baya-shop.com\/wp-content\/uploads\/2023\/01\/fer-a-boucler-remington-dual-curl-ci63e1.webp\" \/>\n\t<meta property=\"og:image:width\" content=\"700\" \/>\n\t<meta property=\"og:image:height\" content=\"700\" \/>\n\t<meta property=\"og:image:type\" content=\"image\/webp\" \/>\n<meta name=\"twitter:card\" content=\"summary_large_image\" \/>\n<meta name=\"twitter:label1\" content=\"Dur\u00e9e de lecture estim\u00e9e\" \/>\n\t<meta name=\"twitter:data1\" content=\"1 minute\" \/>\n<script type=\"application\/ld+json\" class=\"yoast-schema-graph\">{\"@context\":\"https:\\\/\\\/schema.org\",\"@graph\":[{\"@type\":\"WebPage\",\"@id\":\"https:\\\/\\\/baya-shop.com\\\/home\\\/product\\\/remington-boucleur-ceramique-19-et-31-mm-ci63e1\\\/\",\"url\":\"https:\\\/\\\/baya-shop.com\\\/home\\\/product\\\/remington-boucleur-ceramique-19-et-31-mm-ci63e1\\\/\",\"name\":\"Remington Boucleur dual curl CI63E1 - Baya Shop\",\"isPartOf\":{\"@id\":\"https:\\\/\\\/baya-shop.com\\\/home\\\/#website\"},\"primaryImageOfPage\":{\"@id\":\"https:\\\/\\\/baya-shop.com\\\/home\\\/product\\\/remington-boucleur-ceramique-19-et-31-mm-ci63e1\\\/#primaryimage\"},\"image\":{\"@id\":\"https:\\\/\\\/baya-shop.com\\\/home\\\/product\\\/remington-boucleur-ceramique-19-et-31-mm-ci63e1\\\/#primaryimage\"},\"thumbnailUrl\":\"https:\\\/\\\/i0.wp.com\\\/baya-shop.com\\\/wp-content\\\/uploads\\\/2023\\\/01\\\/fer-a-boucler-remington-dual-curl-ci63e1.webp?fit=700%2C700&ssl=1\",\"datePublished\":\"2023-01-31T15:18:54+00:00\",\"dateModified\":\"2025-04-19T16:05:52+00:00\",\"description\":\"Design unique Rev\u00eatement 4X Protection : C\u00e9ramique ( pour des cheveux prot\u00e9g\u00e9s et une longue tenue), Tourmaline (pour des cheveux brillants)\u00a0 , Antistatique (ionique pour des cheveux sans frisottis) et glisse facile. 3 niveaux de temp\u00e9rature : 160\u00b0C \u2013 180\u00b0C \u2013 200\u00b0C \u2013 diam\u00e8tre 19-31mm ; chauffe rapide 30 secondes ; pochette thermor\u00e9sistante incluse. Diam\u00e8tre 19 et 31 mm. Guide en spirale pour une utilisation facile. Garantie 12 Mois.\",\"breadcrumb\":{\"@id\":\"https:\\\/\\\/baya-shop.com\\\/home\\\/product\\\/remington-boucleur-ceramique-19-et-31-mm-ci63e1\\\/#breadcrumb\"},\"inLanguage\":\"fr-FR\",\"potentialAction\":[{\"@type\":\"ReadAction\",\"target\":[\"https:\\\/\\\/baya-shop.com\\\/home\\\/product\\\/remington-boucleur-ceramique-19-et-31-mm-ci63e1\\\/\"]}]},{\"@type\":\"ImageObject\",\"inLanguage\":\"fr-FR\",\"@id\":\"https:\\\/\\\/baya-shop.com\\\/home\\\/product\\\/remington-boucleur-ceramique-19-et-31-mm-ci63e1\\\/#primaryimage\",\"url\":\"https:\\\/\\\/i0.wp.com\\\/baya-shop.com\\\/wp-content\\\/uploads\\\/2023\\\/01\\\/fer-a-boucler-remington-dual-curl-ci63e1.webp?fit=700%2C700&ssl=1\",\"contentUrl\":\"https:\\\/\\\/i0.wp.com\\\/baya-shop.com\\\/wp-content\\\/uploads\\\/2023\\\/01\\\/fer-a-boucler-remington-dual-curl-ci63e1.webp?fit=700%2C700&ssl=1\",\"width\":700,\"height\":700},{\"@type\":\"BreadcrumbList\",\"@id\":\"https:\\\/\\\/baya-shop.com\\\/home\\\/product\\\/remington-boucleur-ceramique-19-et-31-mm-ci63e1\\\/#breadcrumb\",\"itemListElement\":[{\"@type\":\"ListItem\",\"position\":1,\"name\":\"Accueil\",\"item\":\"https:\\\/\\\/baya-shop.com\\\/home\\\/\"},{\"@type\":\"ListItem\",\"position\":2,\"name\":\"Shop\",\"item\":\"https:\\\/\\\/baya-shop.com\\\/home\\\/shop\\\/\"},{\"@type\":\"ListItem\",\"position\":3,\"name\":\"Remington Boucleur dual curl CI63E1\"}]},{\"@type\":\"WebSite\",\"@id\":\"https:\\\/\\\/baya-shop.com\\\/home\\\/#website\",\"url\":\"https:\\\/\\\/baya-shop.com\\\/home\\\/\",\"name\":\"Baya Shop\",\"description\":\"\",\"publisher\":{\"@id\":\"https:\\\/\\\/baya-shop.com\\\/home\\\/#organization\"},\"potentialAction\":[{\"@type\":\"SearchAction\",\"target\":{\"@type\":\"EntryPoint\",\"urlTemplate\":\"https:\\\/\\\/baya-shop.com\\\/home\\\/?s={search_term_string}\"},\"query-input\":{\"@type\":\"PropertyValueSpecification\",\"valueRequired\":true,\"valueName\":\"search_term_string\"}}],\"inLanguage\":\"fr-FR\"},{\"@type\":\"Organization\",\"@id\":\"https:\\\/\\\/baya-shop.com\\\/home\\\/#organization\",\"name\":\"Baya Shop\",\"url\":\"https:\\\/\\\/baya-shop.com\\\/home\\\/\",\"logo\":{\"@type\":\"ImageObject\",\"inLanguage\":\"fr-FR\",\"@id\":\"https:\\\/\\\/baya-shop.com\\\/home\\\/#\\\/schema\\\/logo\\\/image\\\/\",\"url\":\"https:\\\/\\\/baya-shop.com\\\/wp-content\\\/uploads\\\/2020\\\/11\\\/g.png\",\"contentUrl\":\"https:\\\/\\\/baya-shop.com\\\/wp-content\\\/uploads\\\/2020\\\/11\\\/g.png\",\"width\":64,\"height\":64,\"caption\":\"Baya Shop\"},\"image\":{\"@id\":\"https:\\\/\\\/baya-shop.com\\\/home\\\/#\\\/schema\\\/logo\\\/image\\\/\"},\"sameAs\":[\"https:\\\/\\\/www.facebook.com\\\/Baya-Shop-103955257949742\",\"https:\\\/\\\/www.instagram.com\\\/baya_shop_dz\\\/\"]}]}<\/script>\n<!-- \/ Yoast SEO plugin. -->","yoast_head_json":{"title":"Remington Boucleur dual curl CI63E1 - Baya Shop","description":"Design unique  Rev\u00eatement 4X Protection : C\u00e9ramique ( pour des cheveux prot\u00e9g\u00e9s et une longue tenue), Tourmaline (pour des cheveux brillants)\u00a0 , Antistatique (ionique pour des cheveux sans frisottis) et glisse facile.  3 niveaux de temp\u00e9rature : 160\u00b0C \u2013 180\u00b0C \u2013 200\u00b0C \u2013 diam\u00e8tre 19-31mm ; chauffe rapide 30 secondes ; pochette thermor\u00e9sistante incluse.  Diam\u00e8tre 19 et 31 mm.  Guide en spirale pour une utilisation facile.  Garantie 12 Mois.","robots":{"index":"index","follow":"follow","max-snippet":"max-snippet:-1","max-image-preview":"max-image-preview:large","max-video-preview":"max-video-preview:-1"},"canonical":"https:\/\/baya-shop.com\/home\/product\/remington-boucleur-ceramique-19-et-31-mm-ci63e1\/","og_locale":"fr_FR","og_type":"article","og_title":"Remington Boucleur dual curl CI63E1 - Baya Shop","og_description":"Design unique  Rev\u00eatement 4X Protection : C\u00e9ramique ( pour des cheveux prot\u00e9g\u00e9s et une longue tenue), Tourmaline (pour des cheveux brillants)\u00a0 , Antistatique (ionique pour des cheveux sans frisottis) et glisse facile.  3 niveaux de temp\u00e9rature : 160\u00b0C \u2013 180\u00b0C \u2013 200\u00b0C \u2013 diam\u00e8tre 19-31mm ; chauffe rapide 30 secondes ; pochette thermor\u00e9sistante incluse.  Diam\u00e8tre 19 et 31 mm.  Guide en spirale pour une utilisation facile.  Garantie 12 Mois.","og_url":"https:\/\/baya-shop.com\/home\/product\/remington-boucleur-ceramique-19-et-31-mm-ci63e1\/","og_site_name":"Baya Shop","article_publisher":"https:\/\/www.facebook.com\/Baya-Shop-103955257949742","article_modified_time":"2025-04-19T16:05:52+00:00","og_image":[{"width":700,"height":700,"url":"https:\/\/baya-shop.com\/wp-content\/uploads\/2023\/01\/fer-a-boucler-remington-dual-curl-ci63e1.webp","type":"image\/webp"}],"twitter_card":"summary_large_image","twitter_misc":{"Dur\u00e9e de lecture estim\u00e9e":"1 minute"},"schema":{"@context":"https:\/\/schema.org","@graph":[{"@type":"WebPage","@id":"https:\/\/baya-shop.com\/home\/product\/remington-boucleur-ceramique-19-et-31-mm-ci63e1\/","url":"https:\/\/baya-shop.com\/home\/product\/remington-boucleur-ceramique-19-et-31-mm-ci63e1\/","name":"Remington Boucleur dual curl CI63E1 - Baya Shop","isPartOf":{"@id":"https:\/\/baya-shop.com\/home\/#website"},"primaryImageOfPage":{"@id":"https:\/\/baya-shop.com\/home\/product\/remington-boucleur-ceramique-19-et-31-mm-ci63e1\/#primaryimage"},"image":{"@id":"https:\/\/baya-shop.com\/home\/product\/remington-boucleur-ceramique-19-et-31-mm-ci63e1\/#primaryimage"},"thumbnailUrl":"https:\/\/i0.wp.com\/baya-shop.com\/wp-content\/uploads\/2023\/01\/fer-a-boucler-remington-dual-curl-ci63e1.webp?fit=700%2C700&ssl=1","datePublished":"2023-01-31T15:18:54+00:00","dateModified":"2025-04-19T16:05:52+00:00","description":"Design unique Rev\u00eatement 4X Protection : C\u00e9ramique ( pour des cheveux prot\u00e9g\u00e9s et une longue tenue), Tourmaline (pour des cheveux brillants)\u00a0 , Antistatique (ionique pour des cheveux sans frisottis) et glisse facile. 3 niveaux de temp\u00e9rature : 160\u00b0C \u2013 180\u00b0C \u2013 200\u00b0C \u2013 diam\u00e8tre 19-31mm ; chauffe rapide 30 secondes ; pochette thermor\u00e9sistante incluse. Diam\u00e8tre 19 et 31 mm. Guide en spirale pour une utilisation facile. Garantie 12 Mois.","breadcrumb":{"@id":"https:\/\/baya-shop.com\/home\/product\/remington-boucleur-ceramique-19-et-31-mm-ci63e1\/#breadcrumb"},"inLanguage":"fr-FR","potentialAction":[{"@type":"ReadAction","target":["https:\/\/baya-shop.com\/home\/product\/remington-boucleur-ceramique-19-et-31-mm-ci63e1\/"]}]},{"@type":"ImageObject","inLanguage":"fr-FR","@id":"https:\/\/baya-shop.com\/home\/product\/remington-boucleur-ceramique-19-et-31-mm-ci63e1\/#primaryimage","url":"https:\/\/i0.wp.com\/baya-shop.com\/wp-content\/uploads\/2023\/01\/fer-a-boucler-remington-dual-curl-ci63e1.webp?fit=700%2C700&ssl=1","contentUrl":"https:\/\/i0.wp.com\/baya-shop.com\/wp-content\/uploads\/2023\/01\/fer-a-boucler-remington-dual-curl-ci63e1.webp?fit=700%2C700&ssl=1","width":700,"height":700},{"@type":"BreadcrumbList","@id":"https:\/\/baya-shop.com\/home\/product\/remington-boucleur-ceramique-19-et-31-mm-ci63e1\/#breadcrumb","itemListElement":[{"@type":"ListItem","position":1,"name":"Accueil","item":"https:\/\/baya-shop.com\/home\/"},{"@type":"ListItem","position":2,"name":"Shop","item":"https:\/\/baya-shop.com\/home\/shop\/"},{"@type":"ListItem","position":3,"name":"Remington Boucleur dual curl CI63E1"}]},{"@type":"WebSite","@id":"https:\/\/baya-shop.com\/home\/#website","url":"https:\/\/baya-shop.com\/home\/","name":"Baya Shop","description":"","publisher":{"@id":"https:\/\/baya-shop.com\/home\/#organization"},"potentialAction":[{"@type":"SearchAction","target":{"@type":"EntryPoint","urlTemplate":"https:\/\/baya-shop.com\/home\/?s={search_term_string}"},"query-input":{"@type":"PropertyValueSpecification","valueRequired":true,"valueName":"search_term_string"}}],"inLanguage":"fr-FR"},{"@type":"Organization","@id":"https:\/\/baya-shop.com\/home\/#organization","name":"Baya Shop","url":"https:\/\/baya-shop.com\/home\/","logo":{"@type":"ImageObject","inLanguage":"fr-FR","@id":"https:\/\/baya-shop.com\/home\/#\/schema\/logo\/image\/","url":"https:\/\/baya-shop.com\/wp-content\/uploads\/2020\/11\/g.png","contentUrl":"https:\/\/baya-shop.com\/wp-content\/uploads\/2020\/11\/g.png","width":64,"height":64,"caption":"Baya Shop"},"image":{"@id":"https:\/\/baya-shop.com\/home\/#\/schema\/logo\/image\/"},"sameAs":["https:\/\/www.facebook.com\/Baya-Shop-103955257949742","https:\/\/www.instagram.com\/baya_shop_dz\/"]}]}},"jetpack_publicize_connections":[],"jetpack_sharing_enabled":true,"jetpack_likes_enabled":true,"jetpack-related-posts":[],"_links":{"self":[{"href":"https:\/\/baya-shop.com\/home\/wp-json\/wp\/v2\/product\/1559","targetHints":{"allow":["GET"]}}],"collection":[{"href":"https:\/\/baya-shop.com\/home\/wp-json\/wp\/v2\/product"}],"about":[{"href":"https:\/\/baya-shop.com\/home\/wp-json\/wp\/v2\/types\/product"}],"replies":[{"embeddable":true,"href":"https:\/\/baya-shop.com\/home\/wp-json\/wp\/v2\/comments?post=1559"}],"wp:featuredmedia":[{"embeddable":true,"href":"https:\/\/baya-shop.com\/home\/wp-json\/wp\/v2\/media\/3315"}],"wp:attachment":[{"href":"https:\/\/baya-shop.com\/home\/wp-json\/wp\/v2\/media?parent=1559"}],"wp:term":[{"taxonomy":"product_brand","embeddable":true,"href":"https:\/\/baya-shop.com\/home\/wp-json\/wp\/v2\/product_brand?post=1559"},{"taxonomy":"product_cat","embeddable":true,"href":"https:\/\/baya-shop.com\/home\/wp-json\/wp\/v2\/product_cat?post=1559"},{"taxonomy":"product_tag","embeddable":true,"href":"https:\/\/baya-shop.com\/home\/wp-json\/wp\/v2\/product_tag?post=1559"}],"curies":[{"name":"wp","href":"https:\/\/api.w.org\/{rel}","templated":true}]}}