{"id":1504,"date":"2022-12-26T14:17:38","date_gmt":"2022-12-26T13:17:38","guid":{"rendered":"https:\/\/baya-shop.com\/home\/?post_type=product&#038;p=1504"},"modified":"2025-04-19T17:06:29","modified_gmt":"2025-04-19T16:06:29","slug":"ceriotti-seche-cheveux-professionnel-idol-2900","status":"publish","type":"product","link":"https:\/\/baya-shop.com\/home\/product\/ceriotti-seche-cheveux-professionnel-idol-2900\/","title":{"rendered":"Ceriotti S\u00e8che-Cheveux IDOL 2900"},"content":{"rendered":"","protected":false},"excerpt":{"rendered":"<ul data-spm-anchor-id=\"a2700.details.0.i16.51c67bc6phGK2A\">\n<li>S\u00e8che-cheveux professionnel avec moteur AC longue dur\u00e9e.<\/li>\n<li>2 vitesses et 2 r\u00e9glages de chaleur<\/li>\n<li>Avec concentrateur ultra fin pour un coiffage pr\u00e9cis et rapide.<\/li>\n<li>Le volume classique peut rapidement souffler vos cheveux.<\/li>\n<li>Mise hors tension automatique surchauffe.<\/li>\n<li>Le cordon audacieux de 2,2 m\u00e8tres vous offre plus de s\u00e9curit\u00e9 et de flexibilit\u00e9.<\/li>\n<li>Alimentation: AC220V-240V, 50\/60HZ, 1700\/2000W<\/li>\n<li>Garantie 12 Mois.<\/li>\n<\/ul>\n","protected":false},"featured_media":3458,"comment_status":"open","ping_status":"closed","template":"","meta":{"jetpack_post_was_ever_published":false,"jetpack_publicize_message":"","jetpack_publicize_feature_enabled":true,"jetpack_social_post_already_shared":false,"jetpack_social_options":{"image_generator_settings":{"template":"highway","default_image_id":0,"font":"","enabled":false},"version":2}},"product_brand":[],"product_cat":[55,20],"product_tag":[],"class_list":{"0":"post-1504","1":"product","2":"type-product","3":"status-publish","4":"has-post-thumbnail","6":"product_cat-ceriotti","7":"product_cat-seche-cheveux","9":"first","10":"instock","11":"shipping-taxable","12":"purchasable","13":"product-type-simple"},"yoast_head":"<!-- This site is optimized with the Yoast SEO plugin v27.4 - https:\/\/yoast.com\/product\/yoast-seo-wordpress\/ -->\n<title>Ceriotti S\u00e8che-Cheveux IDOL 2900 - Baya Shop<\/title>\n<meta name=\"description\" content=\"S\u00e8che-cheveux professionnel avec moteur AC longue dur\u00e9e.  2 vitesses et 2 r\u00e9glages de chaleur  Avec concentrateur ultra fin pour un coiffage pr\u00e9cis et rapide.  Le volume classique peut rapidement souffler vos cheveux.  Mise hors tension automatique surchauffe.  Le cordon audacieux de 2,2 m\u00e8tres vous offre plus de s\u00e9curit\u00e9 et de flexibilit\u00e9.  Alimentation: AC220V-240V, 50\/60HZ, 1700\/2000W  Garantie 12 Mois.\" \/>\n<meta name=\"robots\" content=\"index, follow, max-snippet:-1, max-image-preview:large, max-video-preview:-1\" \/>\n<link rel=\"canonical\" href=\"https:\/\/baya-shop.com\/home\/product\/ceriotti-seche-cheveux-professionnel-idol-2900\/\" \/>\n<meta property=\"og:locale\" content=\"fr_FR\" \/>\n<meta property=\"og:type\" content=\"article\" \/>\n<meta property=\"og:title\" content=\"Ceriotti S\u00e8che-Cheveux IDOL 2900 - Baya Shop\" \/>\n<meta property=\"og:description\" content=\"S\u00e8che-cheveux professionnel avec moteur AC longue dur\u00e9e.  2 vitesses et 2 r\u00e9glages de chaleur  Avec concentrateur ultra fin pour un coiffage pr\u00e9cis et rapide.  Le volume classique peut rapidement souffler vos cheveux.  Mise hors tension automatique surchauffe.  Le cordon audacieux de 2,2 m\u00e8tres vous offre plus de s\u00e9curit\u00e9 et de flexibilit\u00e9.  Alimentation: AC220V-240V, 50\/60HZ, 1700\/2000W  Garantie 12 Mois.\" \/>\n<meta property=\"og:url\" content=\"https:\/\/baya-shop.com\/home\/product\/ceriotti-seche-cheveux-professionnel-idol-2900\/\" \/>\n<meta property=\"og:site_name\" content=\"Baya Shop\" \/>\n<meta property=\"article:publisher\" content=\"https:\/\/www.facebook.com\/Baya-Shop-103955257949742\" \/>\n<meta property=\"article:modified_time\" content=\"2025-04-19T16:06:29+00:00\" \/>\n<meta property=\"og:image\" content=\"https:\/\/baya-shop.com\/wp-content\/uploads\/2022\/12\/8032529420443-scaled-1.jpg\" \/>\n\t<meta property=\"og:image:width\" content=\"2560\" \/>\n\t<meta property=\"og:image:height\" content=\"2560\" \/>\n\t<meta property=\"og:image:type\" content=\"image\/jpeg\" \/>\n<meta name=\"twitter:card\" content=\"summary_large_image\" \/>\n<meta name=\"twitter:label1\" content=\"Dur\u00e9e de lecture estim\u00e9e\" \/>\n\t<meta name=\"twitter:data1\" content=\"1 minute\" \/>\n<script type=\"application\/ld+json\" class=\"yoast-schema-graph\">{\"@context\":\"https:\\\/\\\/schema.org\",\"@graph\":[{\"@type\":\"WebPage\",\"@id\":\"https:\\\/\\\/baya-shop.com\\\/home\\\/product\\\/ceriotti-seche-cheveux-professionnel-idol-2900\\\/\",\"url\":\"https:\\\/\\\/baya-shop.com\\\/home\\\/product\\\/ceriotti-seche-cheveux-professionnel-idol-2900\\\/\",\"name\":\"Ceriotti S\u00e8che-Cheveux IDOL 2900 - Baya Shop\",\"isPartOf\":{\"@id\":\"https:\\\/\\\/baya-shop.com\\\/home\\\/#website\"},\"primaryImageOfPage\":{\"@id\":\"https:\\\/\\\/baya-shop.com\\\/home\\\/product\\\/ceriotti-seche-cheveux-professionnel-idol-2900\\\/#primaryimage\"},\"image\":{\"@id\":\"https:\\\/\\\/baya-shop.com\\\/home\\\/product\\\/ceriotti-seche-cheveux-professionnel-idol-2900\\\/#primaryimage\"},\"thumbnailUrl\":\"https:\\\/\\\/i0.wp.com\\\/baya-shop.com\\\/wp-content\\\/uploads\\\/2022\\\/12\\\/8032529420443-scaled-1.jpg?fit=2560%2C2560&ssl=1\",\"datePublished\":\"2022-12-26T13:17:38+00:00\",\"dateModified\":\"2025-04-19T16:06:29+00:00\",\"description\":\"S\u00e8che-cheveux professionnel avec moteur AC longue dur\u00e9e. 2 vitesses et 2 r\u00e9glages de chaleur Avec concentrateur ultra fin pour un coiffage pr\u00e9cis et rapide. Le volume classique peut rapidement souffler vos cheveux. Mise hors tension automatique surchauffe. Le cordon audacieux de 2,2 m\u00e8tres vous offre plus de s\u00e9curit\u00e9 et de flexibilit\u00e9. Alimentation: AC220V-240V, 50\\\/60HZ, 1700\\\/2000W Garantie 12 Mois.\",\"breadcrumb\":{\"@id\":\"https:\\\/\\\/baya-shop.com\\\/home\\\/product\\\/ceriotti-seche-cheveux-professionnel-idol-2900\\\/#breadcrumb\"},\"inLanguage\":\"fr-FR\",\"potentialAction\":[{\"@type\":\"ReadAction\",\"target\":[\"https:\\\/\\\/baya-shop.com\\\/home\\\/product\\\/ceriotti-seche-cheveux-professionnel-idol-2900\\\/\"]}]},{\"@type\":\"ImageObject\",\"inLanguage\":\"fr-FR\",\"@id\":\"https:\\\/\\\/baya-shop.com\\\/home\\\/product\\\/ceriotti-seche-cheveux-professionnel-idol-2900\\\/#primaryimage\",\"url\":\"https:\\\/\\\/i0.wp.com\\\/baya-shop.com\\\/wp-content\\\/uploads\\\/2022\\\/12\\\/8032529420443-scaled-1.jpg?fit=2560%2C2560&ssl=1\",\"contentUrl\":\"https:\\\/\\\/i0.wp.com\\\/baya-shop.com\\\/wp-content\\\/uploads\\\/2022\\\/12\\\/8032529420443-scaled-1.jpg?fit=2560%2C2560&ssl=1\",\"width\":2560,\"height\":2560},{\"@type\":\"BreadcrumbList\",\"@id\":\"https:\\\/\\\/baya-shop.com\\\/home\\\/product\\\/ceriotti-seche-cheveux-professionnel-idol-2900\\\/#breadcrumb\",\"itemListElement\":[{\"@type\":\"ListItem\",\"position\":1,\"name\":\"Accueil\",\"item\":\"https:\\\/\\\/baya-shop.com\\\/home\\\/\"},{\"@type\":\"ListItem\",\"position\":2,\"name\":\"Shop\",\"item\":\"https:\\\/\\\/baya-shop.com\\\/home\\\/shop\\\/\"},{\"@type\":\"ListItem\",\"position\":3,\"name\":\"Ceriotti S\u00e8che-Cheveux IDOL 2900\"}]},{\"@type\":\"WebSite\",\"@id\":\"https:\\\/\\\/baya-shop.com\\\/home\\\/#website\",\"url\":\"https:\\\/\\\/baya-shop.com\\\/home\\\/\",\"name\":\"Baya Shop\",\"description\":\"\",\"publisher\":{\"@id\":\"https:\\\/\\\/baya-shop.com\\\/home\\\/#organization\"},\"potentialAction\":[{\"@type\":\"SearchAction\",\"target\":{\"@type\":\"EntryPoint\",\"urlTemplate\":\"https:\\\/\\\/baya-shop.com\\\/home\\\/?s={search_term_string}\"},\"query-input\":{\"@type\":\"PropertyValueSpecification\",\"valueRequired\":true,\"valueName\":\"search_term_string\"}}],\"inLanguage\":\"fr-FR\"},{\"@type\":\"Organization\",\"@id\":\"https:\\\/\\\/baya-shop.com\\\/home\\\/#organization\",\"name\":\"Baya Shop\",\"url\":\"https:\\\/\\\/baya-shop.com\\\/home\\\/\",\"logo\":{\"@type\":\"ImageObject\",\"inLanguage\":\"fr-FR\",\"@id\":\"https:\\\/\\\/baya-shop.com\\\/home\\\/#\\\/schema\\\/logo\\\/image\\\/\",\"url\":\"https:\\\/\\\/baya-shop.com\\\/wp-content\\\/uploads\\\/2020\\\/11\\\/g.png\",\"contentUrl\":\"https:\\\/\\\/baya-shop.com\\\/wp-content\\\/uploads\\\/2020\\\/11\\\/g.png\",\"width\":64,\"height\":64,\"caption\":\"Baya Shop\"},\"image\":{\"@id\":\"https:\\\/\\\/baya-shop.com\\\/home\\\/#\\\/schema\\\/logo\\\/image\\\/\"},\"sameAs\":[\"https:\\\/\\\/www.facebook.com\\\/Baya-Shop-103955257949742\",\"https:\\\/\\\/www.instagram.com\\\/baya_shop_dz\\\/\"]}]}<\/script>\n<!-- \/ Yoast SEO plugin. -->","yoast_head_json":{"title":"Ceriotti S\u00e8che-Cheveux IDOL 2900 - Baya Shop","description":"S\u00e8che-cheveux professionnel avec moteur AC longue dur\u00e9e.  2 vitesses et 2 r\u00e9glages de chaleur  Avec concentrateur ultra fin pour un coiffage pr\u00e9cis et rapide.  Le volume classique peut rapidement souffler vos cheveux.  Mise hors tension automatique surchauffe.  Le cordon audacieux de 2,2 m\u00e8tres vous offre plus de s\u00e9curit\u00e9 et de flexibilit\u00e9.  Alimentation: AC220V-240V, 50\/60HZ, 1700\/2000W  Garantie 12 Mois.","robots":{"index":"index","follow":"follow","max-snippet":"max-snippet:-1","max-image-preview":"max-image-preview:large","max-video-preview":"max-video-preview:-1"},"canonical":"https:\/\/baya-shop.com\/home\/product\/ceriotti-seche-cheveux-professionnel-idol-2900\/","og_locale":"fr_FR","og_type":"article","og_title":"Ceriotti S\u00e8che-Cheveux IDOL 2900 - Baya Shop","og_description":"S\u00e8che-cheveux professionnel avec moteur AC longue dur\u00e9e.  2 vitesses et 2 r\u00e9glages de chaleur  Avec concentrateur ultra fin pour un coiffage pr\u00e9cis et rapide.  Le volume classique peut rapidement souffler vos cheveux.  Mise hors tension automatique surchauffe.  Le cordon audacieux de 2,2 m\u00e8tres vous offre plus de s\u00e9curit\u00e9 et de flexibilit\u00e9.  Alimentation: AC220V-240V, 50\/60HZ, 1700\/2000W  Garantie 12 Mois.","og_url":"https:\/\/baya-shop.com\/home\/product\/ceriotti-seche-cheveux-professionnel-idol-2900\/","og_site_name":"Baya Shop","article_publisher":"https:\/\/www.facebook.com\/Baya-Shop-103955257949742","article_modified_time":"2025-04-19T16:06:29+00:00","og_image":[{"width":2560,"height":2560,"url":"https:\/\/baya-shop.com\/wp-content\/uploads\/2022\/12\/8032529420443-scaled-1.jpg","type":"image\/jpeg"}],"twitter_card":"summary_large_image","twitter_misc":{"Dur\u00e9e de lecture estim\u00e9e":"1 minute"},"schema":{"@context":"https:\/\/schema.org","@graph":[{"@type":"WebPage","@id":"https:\/\/baya-shop.com\/home\/product\/ceriotti-seche-cheveux-professionnel-idol-2900\/","url":"https:\/\/baya-shop.com\/home\/product\/ceriotti-seche-cheveux-professionnel-idol-2900\/","name":"Ceriotti S\u00e8che-Cheveux IDOL 2900 - Baya Shop","isPartOf":{"@id":"https:\/\/baya-shop.com\/home\/#website"},"primaryImageOfPage":{"@id":"https:\/\/baya-shop.com\/home\/product\/ceriotti-seche-cheveux-professionnel-idol-2900\/#primaryimage"},"image":{"@id":"https:\/\/baya-shop.com\/home\/product\/ceriotti-seche-cheveux-professionnel-idol-2900\/#primaryimage"},"thumbnailUrl":"https:\/\/i0.wp.com\/baya-shop.com\/wp-content\/uploads\/2022\/12\/8032529420443-scaled-1.jpg?fit=2560%2C2560&ssl=1","datePublished":"2022-12-26T13:17:38+00:00","dateModified":"2025-04-19T16:06:29+00:00","description":"S\u00e8che-cheveux professionnel avec moteur AC longue dur\u00e9e. 2 vitesses et 2 r\u00e9glages de chaleur Avec concentrateur ultra fin pour un coiffage pr\u00e9cis et rapide. Le volume classique peut rapidement souffler vos cheveux. Mise hors tension automatique surchauffe. Le cordon audacieux de 2,2 m\u00e8tres vous offre plus de s\u00e9curit\u00e9 et de flexibilit\u00e9. Alimentation: AC220V-240V, 50\/60HZ, 1700\/2000W Garantie 12 Mois.","breadcrumb":{"@id":"https:\/\/baya-shop.com\/home\/product\/ceriotti-seche-cheveux-professionnel-idol-2900\/#breadcrumb"},"inLanguage":"fr-FR","potentialAction":[{"@type":"ReadAction","target":["https:\/\/baya-shop.com\/home\/product\/ceriotti-seche-cheveux-professionnel-idol-2900\/"]}]},{"@type":"ImageObject","inLanguage":"fr-FR","@id":"https:\/\/baya-shop.com\/home\/product\/ceriotti-seche-cheveux-professionnel-idol-2900\/#primaryimage","url":"https:\/\/i0.wp.com\/baya-shop.com\/wp-content\/uploads\/2022\/12\/8032529420443-scaled-1.jpg?fit=2560%2C2560&ssl=1","contentUrl":"https:\/\/i0.wp.com\/baya-shop.com\/wp-content\/uploads\/2022\/12\/8032529420443-scaled-1.jpg?fit=2560%2C2560&ssl=1","width":2560,"height":2560},{"@type":"BreadcrumbList","@id":"https:\/\/baya-shop.com\/home\/product\/ceriotti-seche-cheveux-professionnel-idol-2900\/#breadcrumb","itemListElement":[{"@type":"ListItem","position":1,"name":"Accueil","item":"https:\/\/baya-shop.com\/home\/"},{"@type":"ListItem","position":2,"name":"Shop","item":"https:\/\/baya-shop.com\/home\/shop\/"},{"@type":"ListItem","position":3,"name":"Ceriotti S\u00e8che-Cheveux IDOL 2900"}]},{"@type":"WebSite","@id":"https:\/\/baya-shop.com\/home\/#website","url":"https:\/\/baya-shop.com\/home\/","name":"Baya Shop","description":"","publisher":{"@id":"https:\/\/baya-shop.com\/home\/#organization"},"potentialAction":[{"@type":"SearchAction","target":{"@type":"EntryPoint","urlTemplate":"https:\/\/baya-shop.com\/home\/?s={search_term_string}"},"query-input":{"@type":"PropertyValueSpecification","valueRequired":true,"valueName":"search_term_string"}}],"inLanguage":"fr-FR"},{"@type":"Organization","@id":"https:\/\/baya-shop.com\/home\/#organization","name":"Baya Shop","url":"https:\/\/baya-shop.com\/home\/","logo":{"@type":"ImageObject","inLanguage":"fr-FR","@id":"https:\/\/baya-shop.com\/home\/#\/schema\/logo\/image\/","url":"https:\/\/baya-shop.com\/wp-content\/uploads\/2020\/11\/g.png","contentUrl":"https:\/\/baya-shop.com\/wp-content\/uploads\/2020\/11\/g.png","width":64,"height":64,"caption":"Baya Shop"},"image":{"@id":"https:\/\/baya-shop.com\/home\/#\/schema\/logo\/image\/"},"sameAs":["https:\/\/www.facebook.com\/Baya-Shop-103955257949742","https:\/\/www.instagram.com\/baya_shop_dz\/"]}]}},"jetpack_publicize_connections":[],"jetpack_sharing_enabled":true,"jetpack_likes_enabled":true,"jetpack-related-posts":[],"_links":{"self":[{"href":"https:\/\/baya-shop.com\/home\/wp-json\/wp\/v2\/product\/1504","targetHints":{"allow":["GET"]}}],"collection":[{"href":"https:\/\/baya-shop.com\/home\/wp-json\/wp\/v2\/product"}],"about":[{"href":"https:\/\/baya-shop.com\/home\/wp-json\/wp\/v2\/types\/product"}],"replies":[{"embeddable":true,"href":"https:\/\/baya-shop.com\/home\/wp-json\/wp\/v2\/comments?post=1504"}],"wp:featuredmedia":[{"embeddable":true,"href":"https:\/\/baya-shop.com\/home\/wp-json\/wp\/v2\/media\/3458"}],"wp:attachment":[{"href":"https:\/\/baya-shop.com\/home\/wp-json\/wp\/v2\/media?parent=1504"}],"wp:term":[{"taxonomy":"product_brand","embeddable":true,"href":"https:\/\/baya-shop.com\/home\/wp-json\/wp\/v2\/product_brand?post=1504"},{"taxonomy":"product_cat","embeddable":true,"href":"https:\/\/baya-shop.com\/home\/wp-json\/wp\/v2\/product_cat?post=1504"},{"taxonomy":"product_tag","embeddable":true,"href":"https:\/\/baya-shop.com\/home\/wp-json\/wp\/v2\/product_tag?post=1504"}],"curies":[{"name":"wp","href":"https:\/\/api.w.org\/{rel}","templated":true}]}}