{"id":1460,"date":"2022-12-25T12:20:50","date_gmt":"2022-12-25T11:20:50","guid":{"rendered":"https:\/\/baya-shop.com\/home\/?post_type=product&#038;p=1460"},"modified":"2024-09-17T11:49:10","modified_gmt":"2024-09-17T10:49:10","slug":"remington-tondeuse-multifonction-g6-graphite-pg6000","status":"publish","type":"product","link":"https:\/\/baya-shop.com\/home\/product\/remington-tondeuse-multifonction-g6-graphite-pg6000\/","title":{"rendered":"Remington Tondeuse G6 Graphite PG6000"},"content":{"rendered":"","protected":false},"excerpt":{"rendered":"<ul>\n<li>Lames auto-aff\u00fbt\u00e9es en graphite : un faible frottement et une meilleure glisse sur la peau<\/li>\n<li>4 t\u00eates interchangeables :<\/li>\n<li>Tondeuse 30 mm : cheveux et barbe avec lames aux embouts arrondis, \u00e9vitent coupures et irritations<\/li>\n<li>Tondeuse pr\u00e9cision TST : rase et tond<\/li>\n<li>Mini rasoir grille<\/li>\n<li>Tondeuse corps verticale + guide de coupe<\/li>\n<li>Tondeuse lin\u00e9aire nez \/ oreilles \/ sourcils<\/li>\n<li>Brosse nettoyante visage<\/li>\n<li>Guide de coupe double ajustable (2 \u00e0 20 mm)<\/li>\n<li>Guides de coupe fixes 1,5 et 3 mm<\/li>\n<li>Utilisation sans fil : 90 min<\/li>\n<li>T\u00e9moin de charge<\/li>\n<li>100% \u00e9tanche<\/li>\n<li>Poign\u00e9e antid\u00e9rapante<\/li>\n<li>Finition chrome<\/li>\n<li>Pochette de rangement premium<\/li>\n<li>Garantie 12 Mois.<\/li>\n<\/ul>\n","protected":false},"featured_media":3305,"comment_status":"open","ping_status":"closed","template":"","meta":{"jetpack_post_was_ever_published":false,"jetpack_publicize_message":"","jetpack_publicize_feature_enabled":true,"jetpack_social_post_already_shared":false,"jetpack_social_options":{"image_generator_settings":{"template":"highway","default_image_id":0,"font":"","enabled":false},"version":2}},"product_brand":[],"product_cat":[46,54,47,52],"product_tag":[],"class_list":{"0":"post-1460","1":"product","2":"type-product","3":"status-publish","4":"has-post-thumbnail","6":"product_cat-promotion","7":"product_cat-rasoir","8":"product_cat-remington","9":"product_cat-tondeuse","11":"first","12":"outofstock","13":"shipping-taxable","14":"product-type-simple"},"yoast_head":"<!-- This site is optimized with the Yoast SEO plugin v27.4 - https:\/\/yoast.com\/product\/yoast-seo-wordpress\/ -->\n<title>Remington Tondeuse G6 Graphite PG6000 - Baya Shop<\/title>\n<meta name=\"description\" content=\"Lames auto-aff\u00fbt\u00e9es en graphite : un faible frottement et une meilleure glisse sur la peau  4 t\u00eates interchangeables :  Tondeuse 30 mm : cheveux et barbe avec lames aux embouts arrondis, \u00e9vitent coupures et irritations  Tondeuse pr\u00e9cision TST : rase et tond  Mini rasoir grille  Tondeuse corps verticale + guide de coupe  Tondeuse lin\u00e9aire nez \/ oreilles \/ sourcils  Brosse nettoyante visage  Guide de coupe double ajustable (2 \u00e0 20 mm)  Guides de coupe fixes 1,5 et 3 mm  Utilisation sans fil : 90 min  T\u00e9moin de charge  100% \u00e9tanche  Poign\u00e9e antid\u00e9rapante  Finition chrome  Pochette de rangement premium  Garantie 12 Mois.\" \/>\n<meta name=\"robots\" content=\"index, follow, max-snippet:-1, max-image-preview:large, max-video-preview:-1\" \/>\n<link rel=\"canonical\" href=\"https:\/\/baya-shop.com\/home\/product\/remington-tondeuse-multifonction-g6-graphite-pg6000\/\" \/>\n<meta property=\"og:locale\" content=\"fr_FR\" \/>\n<meta property=\"og:type\" content=\"article\" \/>\n<meta property=\"og:title\" content=\"Remington Tondeuse G6 Graphite PG6000 - Baya Shop\" \/>\n<meta property=\"og:description\" content=\"Lames auto-aff\u00fbt\u00e9es en graphite : un faible frottement et une meilleure glisse sur la peau  4 t\u00eates interchangeables :  Tondeuse 30 mm : cheveux et barbe avec lames aux embouts arrondis, \u00e9vitent coupures et irritations  Tondeuse pr\u00e9cision TST : rase et tond  Mini rasoir grille  Tondeuse corps verticale + guide de coupe  Tondeuse lin\u00e9aire nez \/ oreilles \/ sourcils  Brosse nettoyante visage  Guide de coupe double ajustable (2 \u00e0 20 mm)  Guides de coupe fixes 1,5 et 3 mm  Utilisation sans fil : 90 min  T\u00e9moin de charge  100% \u00e9tanche  Poign\u00e9e antid\u00e9rapante  Finition chrome  Pochette de rangement premium  Garantie 12 Mois.\" \/>\n<meta property=\"og:url\" content=\"https:\/\/baya-shop.com\/home\/product\/remington-tondeuse-multifonction-g6-graphite-pg6000\/\" \/>\n<meta property=\"og:site_name\" content=\"Baya Shop\" \/>\n<meta property=\"article:publisher\" content=\"https:\/\/www.facebook.com\/Baya-Shop-103955257949742\" \/>\n<meta property=\"article:modified_time\" content=\"2024-09-17T10:49:10+00:00\" \/>\n<meta property=\"og:image\" content=\"https:\/\/baya-shop.com\/wp-content\/uploads\/2022\/12\/e7e8e6cb-868c-4e6e-b2e5-6b9e9bfdb59e.__CR00300300_PT0_SX300_V1___.png\" \/>\n\t<meta property=\"og:image:width\" content=\"300\" \/>\n\t<meta property=\"og:image:height\" content=\"300\" \/>\n\t<meta property=\"og:image:type\" content=\"image\/png\" \/>\n<meta name=\"twitter:card\" content=\"summary_large_image\" \/>\n<meta name=\"twitter:label1\" content=\"Dur\u00e9e de lecture estim\u00e9e\" \/>\n\t<meta name=\"twitter:data1\" content=\"1 minute\" \/>\n<script type=\"application\/ld+json\" class=\"yoast-schema-graph\">{\"@context\":\"https:\\\/\\\/schema.org\",\"@graph\":[{\"@type\":\"WebPage\",\"@id\":\"https:\\\/\\\/baya-shop.com\\\/home\\\/product\\\/remington-tondeuse-multifonction-g6-graphite-pg6000\\\/\",\"url\":\"https:\\\/\\\/baya-shop.com\\\/home\\\/product\\\/remington-tondeuse-multifonction-g6-graphite-pg6000\\\/\",\"name\":\"Remington Tondeuse G6 Graphite PG6000 - Baya Shop\",\"isPartOf\":{\"@id\":\"https:\\\/\\\/baya-shop.com\\\/home\\\/#website\"},\"primaryImageOfPage\":{\"@id\":\"https:\\\/\\\/baya-shop.com\\\/home\\\/product\\\/remington-tondeuse-multifonction-g6-graphite-pg6000\\\/#primaryimage\"},\"image\":{\"@id\":\"https:\\\/\\\/baya-shop.com\\\/home\\\/product\\\/remington-tondeuse-multifonction-g6-graphite-pg6000\\\/#primaryimage\"},\"thumbnailUrl\":\"https:\\\/\\\/i0.wp.com\\\/baya-shop.com\\\/wp-content\\\/uploads\\\/2022\\\/12\\\/e7e8e6cb-868c-4e6e-b2e5-6b9e9bfdb59e.__CR00300300_PT0_SX300_V1___.png?fit=300%2C300&ssl=1\",\"datePublished\":\"2022-12-25T11:20:50+00:00\",\"dateModified\":\"2024-09-17T10:49:10+00:00\",\"description\":\"Lames auto-aff\u00fbt\u00e9es en graphite : un faible frottement et une meilleure glisse sur la peau 4 t\u00eates interchangeables : Tondeuse 30 mm : cheveux et barbe avec lames aux embouts arrondis, \u00e9vitent coupures et irritations Tondeuse pr\u00e9cision TST : rase et tond Mini rasoir grille Tondeuse corps verticale + guide de coupe Tondeuse lin\u00e9aire nez \\\/ oreilles \\\/ sourcils Brosse nettoyante visage Guide de coupe double ajustable (2 \u00e0 20 mm) Guides de coupe fixes 1,5 et 3 mm Utilisation sans fil : 90 min T\u00e9moin de charge 100% \u00e9tanche Poign\u00e9e antid\u00e9rapante Finition chrome Pochette de rangement premium Garantie 12 Mois.\",\"breadcrumb\":{\"@id\":\"https:\\\/\\\/baya-shop.com\\\/home\\\/product\\\/remington-tondeuse-multifonction-g6-graphite-pg6000\\\/#breadcrumb\"},\"inLanguage\":\"fr-FR\",\"potentialAction\":[{\"@type\":\"ReadAction\",\"target\":[\"https:\\\/\\\/baya-shop.com\\\/home\\\/product\\\/remington-tondeuse-multifonction-g6-graphite-pg6000\\\/\"]}]},{\"@type\":\"ImageObject\",\"inLanguage\":\"fr-FR\",\"@id\":\"https:\\\/\\\/baya-shop.com\\\/home\\\/product\\\/remington-tondeuse-multifonction-g6-graphite-pg6000\\\/#primaryimage\",\"url\":\"https:\\\/\\\/i0.wp.com\\\/baya-shop.com\\\/wp-content\\\/uploads\\\/2022\\\/12\\\/e7e8e6cb-868c-4e6e-b2e5-6b9e9bfdb59e.__CR00300300_PT0_SX300_V1___.png?fit=300%2C300&ssl=1\",\"contentUrl\":\"https:\\\/\\\/i0.wp.com\\\/baya-shop.com\\\/wp-content\\\/uploads\\\/2022\\\/12\\\/e7e8e6cb-868c-4e6e-b2e5-6b9e9bfdb59e.__CR00300300_PT0_SX300_V1___.png?fit=300%2C300&ssl=1\",\"width\":300,\"height\":300},{\"@type\":\"BreadcrumbList\",\"@id\":\"https:\\\/\\\/baya-shop.com\\\/home\\\/product\\\/remington-tondeuse-multifonction-g6-graphite-pg6000\\\/#breadcrumb\",\"itemListElement\":[{\"@type\":\"ListItem\",\"position\":1,\"name\":\"Accueil\",\"item\":\"https:\\\/\\\/baya-shop.com\\\/home\\\/\"},{\"@type\":\"ListItem\",\"position\":2,\"name\":\"Shop\",\"item\":\"https:\\\/\\\/baya-shop.com\\\/home\\\/shop\\\/\"},{\"@type\":\"ListItem\",\"position\":3,\"name\":\"Remington Tondeuse G6 Graphite PG6000\"}]},{\"@type\":\"WebSite\",\"@id\":\"https:\\\/\\\/baya-shop.com\\\/home\\\/#website\",\"url\":\"https:\\\/\\\/baya-shop.com\\\/home\\\/\",\"name\":\"Baya Shop\",\"description\":\"\",\"publisher\":{\"@id\":\"https:\\\/\\\/baya-shop.com\\\/home\\\/#organization\"},\"potentialAction\":[{\"@type\":\"SearchAction\",\"target\":{\"@type\":\"EntryPoint\",\"urlTemplate\":\"https:\\\/\\\/baya-shop.com\\\/home\\\/?s={search_term_string}\"},\"query-input\":{\"@type\":\"PropertyValueSpecification\",\"valueRequired\":true,\"valueName\":\"search_term_string\"}}],\"inLanguage\":\"fr-FR\"},{\"@type\":\"Organization\",\"@id\":\"https:\\\/\\\/baya-shop.com\\\/home\\\/#organization\",\"name\":\"Baya Shop\",\"url\":\"https:\\\/\\\/baya-shop.com\\\/home\\\/\",\"logo\":{\"@type\":\"ImageObject\",\"inLanguage\":\"fr-FR\",\"@id\":\"https:\\\/\\\/baya-shop.com\\\/home\\\/#\\\/schema\\\/logo\\\/image\\\/\",\"url\":\"https:\\\/\\\/baya-shop.com\\\/wp-content\\\/uploads\\\/2020\\\/11\\\/g.png\",\"contentUrl\":\"https:\\\/\\\/baya-shop.com\\\/wp-content\\\/uploads\\\/2020\\\/11\\\/g.png\",\"width\":64,\"height\":64,\"caption\":\"Baya Shop\"},\"image\":{\"@id\":\"https:\\\/\\\/baya-shop.com\\\/home\\\/#\\\/schema\\\/logo\\\/image\\\/\"},\"sameAs\":[\"https:\\\/\\\/www.facebook.com\\\/Baya-Shop-103955257949742\",\"https:\\\/\\\/www.instagram.com\\\/baya_shop_dz\\\/\"]}]}<\/script>\n<!-- \/ Yoast SEO plugin. -->","yoast_head_json":{"title":"Remington Tondeuse G6 Graphite PG6000 - Baya Shop","description":"Lames auto-aff\u00fbt\u00e9es en graphite : un faible frottement et une meilleure glisse sur la peau  4 t\u00eates interchangeables :  Tondeuse 30 mm : cheveux et barbe avec lames aux embouts arrondis, \u00e9vitent coupures et irritations  Tondeuse pr\u00e9cision TST : rase et tond  Mini rasoir grille  Tondeuse corps verticale + guide de coupe  Tondeuse lin\u00e9aire nez \/ oreilles \/ sourcils  Brosse nettoyante visage  Guide de coupe double ajustable (2 \u00e0 20 mm)  Guides de coupe fixes 1,5 et 3 mm  Utilisation sans fil : 90 min  T\u00e9moin de charge  100% \u00e9tanche  Poign\u00e9e antid\u00e9rapante  Finition chrome  Pochette de rangement premium  Garantie 12 Mois.","robots":{"index":"index","follow":"follow","max-snippet":"max-snippet:-1","max-image-preview":"max-image-preview:large","max-video-preview":"max-video-preview:-1"},"canonical":"https:\/\/baya-shop.com\/home\/product\/remington-tondeuse-multifonction-g6-graphite-pg6000\/","og_locale":"fr_FR","og_type":"article","og_title":"Remington Tondeuse G6 Graphite PG6000 - Baya Shop","og_description":"Lames auto-aff\u00fbt\u00e9es en graphite : un faible frottement et une meilleure glisse sur la peau  4 t\u00eates interchangeables :  Tondeuse 30 mm : cheveux et barbe avec lames aux embouts arrondis, \u00e9vitent coupures et irritations  Tondeuse pr\u00e9cision TST : rase et tond  Mini rasoir grille  Tondeuse corps verticale + guide de coupe  Tondeuse lin\u00e9aire nez \/ oreilles \/ sourcils  Brosse nettoyante visage  Guide de coupe double ajustable (2 \u00e0 20 mm)  Guides de coupe fixes 1,5 et 3 mm  Utilisation sans fil : 90 min  T\u00e9moin de charge  100% \u00e9tanche  Poign\u00e9e antid\u00e9rapante  Finition chrome  Pochette de rangement premium  Garantie 12 Mois.","og_url":"https:\/\/baya-shop.com\/home\/product\/remington-tondeuse-multifonction-g6-graphite-pg6000\/","og_site_name":"Baya Shop","article_publisher":"https:\/\/www.facebook.com\/Baya-Shop-103955257949742","article_modified_time":"2024-09-17T10:49:10+00:00","og_image":[{"width":300,"height":300,"url":"https:\/\/baya-shop.com\/wp-content\/uploads\/2022\/12\/e7e8e6cb-868c-4e6e-b2e5-6b9e9bfdb59e.__CR00300300_PT0_SX300_V1___.png","type":"image\/png"}],"twitter_card":"summary_large_image","twitter_misc":{"Dur\u00e9e de lecture estim\u00e9e":"1 minute"},"schema":{"@context":"https:\/\/schema.org","@graph":[{"@type":"WebPage","@id":"https:\/\/baya-shop.com\/home\/product\/remington-tondeuse-multifonction-g6-graphite-pg6000\/","url":"https:\/\/baya-shop.com\/home\/product\/remington-tondeuse-multifonction-g6-graphite-pg6000\/","name":"Remington Tondeuse G6 Graphite PG6000 - Baya Shop","isPartOf":{"@id":"https:\/\/baya-shop.com\/home\/#website"},"primaryImageOfPage":{"@id":"https:\/\/baya-shop.com\/home\/product\/remington-tondeuse-multifonction-g6-graphite-pg6000\/#primaryimage"},"image":{"@id":"https:\/\/baya-shop.com\/home\/product\/remington-tondeuse-multifonction-g6-graphite-pg6000\/#primaryimage"},"thumbnailUrl":"https:\/\/i0.wp.com\/baya-shop.com\/wp-content\/uploads\/2022\/12\/e7e8e6cb-868c-4e6e-b2e5-6b9e9bfdb59e.__CR00300300_PT0_SX300_V1___.png?fit=300%2C300&ssl=1","datePublished":"2022-12-25T11:20:50+00:00","dateModified":"2024-09-17T10:49:10+00:00","description":"Lames auto-aff\u00fbt\u00e9es en graphite : un faible frottement et une meilleure glisse sur la peau 4 t\u00eates interchangeables : Tondeuse 30 mm : cheveux et barbe avec lames aux embouts arrondis, \u00e9vitent coupures et irritations Tondeuse pr\u00e9cision TST : rase et tond Mini rasoir grille Tondeuse corps verticale + guide de coupe Tondeuse lin\u00e9aire nez \/ oreilles \/ sourcils Brosse nettoyante visage Guide de coupe double ajustable (2 \u00e0 20 mm) Guides de coupe fixes 1,5 et 3 mm Utilisation sans fil : 90 min T\u00e9moin de charge 100% \u00e9tanche Poign\u00e9e antid\u00e9rapante Finition chrome Pochette de rangement premium Garantie 12 Mois.","breadcrumb":{"@id":"https:\/\/baya-shop.com\/home\/product\/remington-tondeuse-multifonction-g6-graphite-pg6000\/#breadcrumb"},"inLanguage":"fr-FR","potentialAction":[{"@type":"ReadAction","target":["https:\/\/baya-shop.com\/home\/product\/remington-tondeuse-multifonction-g6-graphite-pg6000\/"]}]},{"@type":"ImageObject","inLanguage":"fr-FR","@id":"https:\/\/baya-shop.com\/home\/product\/remington-tondeuse-multifonction-g6-graphite-pg6000\/#primaryimage","url":"https:\/\/i0.wp.com\/baya-shop.com\/wp-content\/uploads\/2022\/12\/e7e8e6cb-868c-4e6e-b2e5-6b9e9bfdb59e.__CR00300300_PT0_SX300_V1___.png?fit=300%2C300&ssl=1","contentUrl":"https:\/\/i0.wp.com\/baya-shop.com\/wp-content\/uploads\/2022\/12\/e7e8e6cb-868c-4e6e-b2e5-6b9e9bfdb59e.__CR00300300_PT0_SX300_V1___.png?fit=300%2C300&ssl=1","width":300,"height":300},{"@type":"BreadcrumbList","@id":"https:\/\/baya-shop.com\/home\/product\/remington-tondeuse-multifonction-g6-graphite-pg6000\/#breadcrumb","itemListElement":[{"@type":"ListItem","position":1,"name":"Accueil","item":"https:\/\/baya-shop.com\/home\/"},{"@type":"ListItem","position":2,"name":"Shop","item":"https:\/\/baya-shop.com\/home\/shop\/"},{"@type":"ListItem","position":3,"name":"Remington Tondeuse G6 Graphite PG6000"}]},{"@type":"WebSite","@id":"https:\/\/baya-shop.com\/home\/#website","url":"https:\/\/baya-shop.com\/home\/","name":"Baya Shop","description":"","publisher":{"@id":"https:\/\/baya-shop.com\/home\/#organization"},"potentialAction":[{"@type":"SearchAction","target":{"@type":"EntryPoint","urlTemplate":"https:\/\/baya-shop.com\/home\/?s={search_term_string}"},"query-input":{"@type":"PropertyValueSpecification","valueRequired":true,"valueName":"search_term_string"}}],"inLanguage":"fr-FR"},{"@type":"Organization","@id":"https:\/\/baya-shop.com\/home\/#organization","name":"Baya Shop","url":"https:\/\/baya-shop.com\/home\/","logo":{"@type":"ImageObject","inLanguage":"fr-FR","@id":"https:\/\/baya-shop.com\/home\/#\/schema\/logo\/image\/","url":"https:\/\/baya-shop.com\/wp-content\/uploads\/2020\/11\/g.png","contentUrl":"https:\/\/baya-shop.com\/wp-content\/uploads\/2020\/11\/g.png","width":64,"height":64,"caption":"Baya Shop"},"image":{"@id":"https:\/\/baya-shop.com\/home\/#\/schema\/logo\/image\/"},"sameAs":["https:\/\/www.facebook.com\/Baya-Shop-103955257949742","https:\/\/www.instagram.com\/baya_shop_dz\/"]}]}},"jetpack_publicize_connections":[],"jetpack_sharing_enabled":true,"jetpack_likes_enabled":true,"jetpack-related-posts":[],"_links":{"self":[{"href":"https:\/\/baya-shop.com\/home\/wp-json\/wp\/v2\/product\/1460","targetHints":{"allow":["GET"]}}],"collection":[{"href":"https:\/\/baya-shop.com\/home\/wp-json\/wp\/v2\/product"}],"about":[{"href":"https:\/\/baya-shop.com\/home\/wp-json\/wp\/v2\/types\/product"}],"replies":[{"embeddable":true,"href":"https:\/\/baya-shop.com\/home\/wp-json\/wp\/v2\/comments?post=1460"}],"wp:featuredmedia":[{"embeddable":true,"href":"https:\/\/baya-shop.com\/home\/wp-json\/wp\/v2\/media\/3305"}],"wp:attachment":[{"href":"https:\/\/baya-shop.com\/home\/wp-json\/wp\/v2\/media?parent=1460"}],"wp:term":[{"taxonomy":"product_brand","embeddable":true,"href":"https:\/\/baya-shop.com\/home\/wp-json\/wp\/v2\/product_brand?post=1460"},{"taxonomy":"product_cat","embeddable":true,"href":"https:\/\/baya-shop.com\/home\/wp-json\/wp\/v2\/product_cat?post=1460"},{"taxonomy":"product_tag","embeddable":true,"href":"https:\/\/baya-shop.com\/home\/wp-json\/wp\/v2\/product_tag?post=1460"}],"curies":[{"name":"wp","href":"https:\/\/api.w.org\/{rel}","templated":true}]}}