{"id":1414,"date":"2022-12-20T15:10:15","date_gmt":"2022-12-20T14:10:15","guid":{"rendered":"https:\/\/baya-shop.com\/home\/?post_type=product&#038;p=1414"},"modified":"2025-04-19T17:07:00","modified_gmt":"2025-04-19T16:07:00","slug":"remington-boucleur-mineral-glow-ci5408","status":"publish","type":"product","link":"https:\/\/baya-shop.com\/home\/product\/remington-boucleur-mineral-glow-ci5408\/","title":{"rendered":"REMINGTON Boucleur mineral glow CI5408"},"content":{"rendered":"","protected":false},"excerpt":{"rendered":"<div id=\"single_menu\" class=\"smooth single-product-menu\">\n<ul class=\"fixed-nav-single-product\">\n<li class=\"active\"><a href=\"https:\/\/fr.remington-europe.com\/produits\/Boucleur-Mineral-Glow#related\">PRODUITS ASSOCI\u00c9S<\/a><\/li>\n<\/ul>\n<\/div>\n<div id=\"features\" class=\"single-product-columns\">\n<div class=\"Grid\">\n<div class=\"Cell -6of12 bannerarea\"><\/div>\n<div class=\"Cell -6of12 wc contentarea\">\n<div class=\"content\">\n<h1 class=\"title\">REV\u00caTEMENT ADVANCED CERAMIC INFUS\u00c9 DE 4X MIN\u00c9RAUX NATURELS<\/h1>\n<p>Profitez de r\u00e9sultats magnifiques et nets avec chaque boucle que vous cr\u00e9ez avec\u00a0 le fer \u00e0 boucler Mineral Glow. Son rev\u00eatement en c\u00e9ramique \u00e0 la technologie avanc\u00e9e est impr\u00e9gn\u00e9 de 4 min\u00e9raux d&rsquo;origine naturelle, notamment le quartz, la tourmaline, l&rsquo;opale et la pierre de lune.<\/p>\n<\/div>\n<\/div>\n<div class=\"Cell -6of12 wc contentarea\">\n<div class=\"content\">\n<h1 class=\"title\">FER CONIQUE 13\u201325 MM POUR DE BELLES BOUCLES L\u00c2CHES NATURELLES<\/h1>\n<p>Souhaitez-vous obtenir de belles boucles souples parfaites \u00e0 chaque fois ? C&rsquo;est d\u00e9sormais possible gr\u00e2ce au fer conique 13 &#8211; 25 mm du fer \u00e0 boucler Mineral Glow. Con\u00e7u pour vous aider \u00e0 cr\u00e9er des boucles sans effort, cr\u00e9er votre style favori n&rsquo;a jamais \u00e9t\u00e9 plus simple.<\/p>\n<\/div>\n<\/div>\n<div class=\"Cell -6of12 bannerarea\"><\/div>\n<div class=\"Cell -6of12 bannerarea\"><\/div>\n<div class=\"Cell -6of12 wc contentarea\">\n<div class=\"content\">\n<h1 class=\"title\">TEMP\u00c9RATURE VARIABLE ELEV\u00c9E JUSQU&rsquo;\u00c0 200\u00b0C<\/h1>\n<p>Le fer \u00e0 boucler Mineral Glow b\u00e9n\u00e9ficie d&rsquo;une haute temp\u00e9rature r\u00e9glable jusqu&rsquo;\u00e0 200\u00b0C, de fa\u00e7on \u00e0 ce que vous puissiez toujours adapter la temp\u00e9rature \u00e0 votre type de cheveux. Que vous souhaitiez cr\u00e9er des boucles souples ou des ondulations sans effort, choisissez simplement la chaleur dont vous avez besoin et commencez \u00e0 cr\u00e9er votre style.<\/p>\n<\/div>\n<\/div>\n<\/div>\n<\/div>\n<div id=\"moreinfo\" class=\"single-more-info\">\n<h1 class=\"title\">PLUS D\u2019INFORMATIONS<\/h1>\n<div class=\"tabloid\">\n<div class=\"tabs\"><a id=\"tab1\" class=\"active\"><\/a>CARACT\u00c9RISTIQUES<\/div>\n<div id=\"moreinfo_cnt\" class=\"layer pane active\" data-label=\"CARACT\u00c9RISTIQUES\" data-id=\"tab1\">\n<div class=\"Grid\">\n<div class=\"Cell -6of12 feature_list\">\n<div class=\"single-product-inbox\">\n<div class=\"features-list\">\n<ul>\n<li>Fer conique de 13-25 mm : cr\u00e9e facilement des ondulations l\u00e9g\u00e8res<\/li>\n<li>Rev\u00eatement Advanced Ceramic infus\u00e9 avec 4 min\u00e9raux d&rsquo;origine naturelle (Quartz \/ Tourmaline \/ Opale \/ Pierre de lune) pour de beaux cheveux soyeux<\/li>\n<li>Mise \u00e0 temp\u00e9rature rapide en 30 sec<\/li>\n<li>Temp\u00e9rature variable jusqu&rsquo;\u00e0 200\u00b0C adapt\u00e9e \u00e0 tous les types de cheveux<\/li>\n<li>Embout froid de s\u00e9curit\u00e9<\/li>\n<li>Arr\u00eat automatique de s\u00e9curit\u00e9 apr\u00e8s 60 min<\/li>\n<li>Cordon rotatif<\/li>\n<li>Gant de protection<\/li>\n<\/ul>\n<\/div>\n<\/div>\n<\/div>\n<\/div>\n<\/div>\n<\/div>\n<\/div>\n","protected":false},"featured_media":3298,"comment_status":"open","ping_status":"closed","template":"","meta":{"jetpack_post_was_ever_published":false,"jetpack_publicize_message":"","jetpack_publicize_feature_enabled":true,"jetpack_social_post_already_shared":false,"jetpack_social_options":{"image_generator_settings":{"template":"highway","default_image_id":0,"font":"","enabled":false},"version":2}},"product_brand":[],"product_cat":[17,47],"product_tag":[],"class_list":{"0":"post-1414","1":"product","2":"type-product","3":"status-publish","4":"has-post-thumbnail","6":"product_cat-boucleur","7":"product_cat-remington","9":"first","10":"instock","11":"shipping-taxable","12":"purchasable","13":"product-type-simple"},"yoast_head":"<!-- This site is optimized with the Yoast SEO plugin v27.3 - https:\/\/yoast.com\/product\/yoast-seo-wordpress\/ -->\n<title>REMINGTON Boucleur mineral glow CI5408 - Baya Shop<\/title>\n<meta name=\"description\" content=\"PRODUITS ASSOCI\u00c9S        REV\u00caTEMENT ADVANCED CERAMIC INFUS\u00c9 DE 4X MIN\u00c9RAUX NATURELS Profitez de r\u00e9sultats magnifiques et nets avec chaque boucle que vous cr\u00e9ez avec\u00a0 le fer \u00e0 boucler Mineral Glow. Son rev\u00eatement en c\u00e9ramique \u00e0 la technologie avanc\u00e9e est impr\u00e9gn\u00e9 de 4 min\u00e9raux d&#039;origine naturelle, notamment le quartz, la tourmaline, l&#039;opale et la pierre de lune.      FER CONIQUE 13\u201325 MM POUR DE BELLES BOUCLES L\u00c2CHES NATURELLES Souhaitez-vous obtenir de belles boucles souples parfaites \u00e0 chaque fois ? C&#039;est d\u00e9sormais possible gr\u00e2ce au fer conique 13 - 25 mm du fer \u00e0 boucler Mineral Glow. Con\u00e7u pour vous aider \u00e0 cr\u00e9er des boucles sans effort, cr\u00e9er votre style favori n&#039;a jamais \u00e9t\u00e9 plus simple.        TEMP\u00c9RATURE VARIABLE ELEV\u00c9E JUSQU&#039;\u00c0 200\u00b0C Le fer \u00e0 boucler Mineral Glow b\u00e9n\u00e9ficie d&#039;une haute temp\u00e9rature r\u00e9glable jusqu&#039;\u00e0 200\u00b0C, de fa\u00e7on \u00e0 ce que vous puissiez toujours adapter la temp\u00e9rature \u00e0 votre type de cheveux. Que vous souhaitiez cr\u00e9er des boucles souples ou des ondulations sans effort, choisissez simplement la chaleur dont vous avez besoin et commencez \u00e0 cr\u00e9er votre style.       PLUS D\u2019INFORMATIONS  CARACT\u00c9RISTIQUES        Fer conique de 13-25 mm : cr\u00e9e facilement des ondulations l\u00e9g\u00e8res  Rev\u00eatement Advanced Ceramic infus\u00e9 avec 4 min\u00e9raux d&#039;origine naturelle (Quartz \/ Tourmaline \/ Opale \/ Pierre de lune) pour de beaux cheveux soyeux  Mise \u00e0 temp\u00e9rature rapide en 30 sec  Temp\u00e9rature variable jusqu&#039;\u00e0 200\u00b0C adapt\u00e9e \u00e0 tous les types de cheveux  Embout froid de s\u00e9curit\u00e9  Arr\u00eat automatique de s\u00e9curit\u00e9 apr\u00e8s 60 min  Cordon rotatif  Gant de protection\" \/>\n<meta name=\"robots\" content=\"index, follow, max-snippet:-1, max-image-preview:large, max-video-preview:-1\" \/>\n<link rel=\"canonical\" href=\"https:\/\/baya-shop.com\/home\/product\/remington-boucleur-mineral-glow-ci5408\/\" \/>\n<meta property=\"og:locale\" content=\"fr_FR\" \/>\n<meta property=\"og:type\" content=\"article\" \/>\n<meta property=\"og:title\" content=\"REMINGTON Boucleur mineral glow CI5408 - Baya Shop\" \/>\n<meta property=\"og:description\" content=\"PRODUITS ASSOCI\u00c9S        REV\u00caTEMENT ADVANCED CERAMIC INFUS\u00c9 DE 4X MIN\u00c9RAUX NATURELS Profitez de r\u00e9sultats magnifiques et nets avec chaque boucle que vous cr\u00e9ez avec\u00a0 le fer \u00e0 boucler Mineral Glow. Son rev\u00eatement en c\u00e9ramique \u00e0 la technologie avanc\u00e9e est impr\u00e9gn\u00e9 de 4 min\u00e9raux d&#039;origine naturelle, notamment le quartz, la tourmaline, l&#039;opale et la pierre de lune.      FER CONIQUE 13\u201325 MM POUR DE BELLES BOUCLES L\u00c2CHES NATURELLES Souhaitez-vous obtenir de belles boucles souples parfaites \u00e0 chaque fois ? C&#039;est d\u00e9sormais possible gr\u00e2ce au fer conique 13 - 25 mm du fer \u00e0 boucler Mineral Glow. Con\u00e7u pour vous aider \u00e0 cr\u00e9er des boucles sans effort, cr\u00e9er votre style favori n&#039;a jamais \u00e9t\u00e9 plus simple.        TEMP\u00c9RATURE VARIABLE ELEV\u00c9E JUSQU&#039;\u00c0 200\u00b0C Le fer \u00e0 boucler Mineral Glow b\u00e9n\u00e9ficie d&#039;une haute temp\u00e9rature r\u00e9glable jusqu&#039;\u00e0 200\u00b0C, de fa\u00e7on \u00e0 ce que vous puissiez toujours adapter la temp\u00e9rature \u00e0 votre type de cheveux. Que vous souhaitiez cr\u00e9er des boucles souples ou des ondulations sans effort, choisissez simplement la chaleur dont vous avez besoin et commencez \u00e0 cr\u00e9er votre style.       PLUS D\u2019INFORMATIONS  CARACT\u00c9RISTIQUES        Fer conique de 13-25 mm : cr\u00e9e facilement des ondulations l\u00e9g\u00e8res  Rev\u00eatement Advanced Ceramic infus\u00e9 avec 4 min\u00e9raux d&#039;origine naturelle (Quartz \/ Tourmaline \/ Opale \/ Pierre de lune) pour de beaux cheveux soyeux  Mise \u00e0 temp\u00e9rature rapide en 30 sec  Temp\u00e9rature variable jusqu&#039;\u00e0 200\u00b0C adapt\u00e9e \u00e0 tous les types de cheveux  Embout froid de s\u00e9curit\u00e9  Arr\u00eat automatique de s\u00e9curit\u00e9 apr\u00e8s 60 min  Cordon rotatif  Gant de protection\" \/>\n<meta property=\"og:url\" content=\"https:\/\/baya-shop.com\/home\/product\/remington-boucleur-mineral-glow-ci5408\/\" \/>\n<meta property=\"og:site_name\" content=\"Baya Shop\" \/>\n<meta property=\"article:publisher\" content=\"https:\/\/www.facebook.com\/Baya-Shop-103955257949742\" \/>\n<meta property=\"article:modified_time\" content=\"2025-04-19T16:07:00+00:00\" \/>\n<meta property=\"og:image\" content=\"https:\/\/baya-shop.com\/wp-content\/uploads\/2022\/12\/large_45685560100_9688_EU.jpg\" \/>\n\t<meta property=\"og:image:width\" content=\"1000\" \/>\n\t<meta property=\"og:image:height\" content=\"1000\" \/>\n\t<meta property=\"og:image:type\" content=\"image\/jpeg\" \/>\n<meta name=\"twitter:card\" content=\"summary_large_image\" \/>\n<meta name=\"twitter:label1\" content=\"Dur\u00e9e de lecture estim\u00e9e\" \/>\n\t<meta name=\"twitter:data1\" content=\"1 minute\" \/>\n<script type=\"application\/ld+json\" class=\"yoast-schema-graph\">{\"@context\":\"https:\\\/\\\/schema.org\",\"@graph\":[{\"@type\":\"WebPage\",\"@id\":\"https:\\\/\\\/baya-shop.com\\\/home\\\/product\\\/remington-boucleur-mineral-glow-ci5408\\\/\",\"url\":\"https:\\\/\\\/baya-shop.com\\\/home\\\/product\\\/remington-boucleur-mineral-glow-ci5408\\\/\",\"name\":\"REMINGTON Boucleur mineral glow CI5408 - Baya Shop\",\"isPartOf\":{\"@id\":\"https:\\\/\\\/baya-shop.com\\\/home\\\/#website\"},\"primaryImageOfPage\":{\"@id\":\"https:\\\/\\\/baya-shop.com\\\/home\\\/product\\\/remington-boucleur-mineral-glow-ci5408\\\/#primaryimage\"},\"image\":{\"@id\":\"https:\\\/\\\/baya-shop.com\\\/home\\\/product\\\/remington-boucleur-mineral-glow-ci5408\\\/#primaryimage\"},\"thumbnailUrl\":\"https:\\\/\\\/i0.wp.com\\\/baya-shop.com\\\/wp-content\\\/uploads\\\/2022\\\/12\\\/large_45685560100_9688_EU.jpg?fit=1000%2C1000&ssl=1\",\"datePublished\":\"2022-12-20T14:10:15+00:00\",\"dateModified\":\"2025-04-19T16:07:00+00:00\",\"description\":\"PRODUITS ASSOCI\u00c9S REV\u00caTEMENT ADVANCED CERAMIC INFUS\u00c9 DE 4X MIN\u00c9RAUX NATURELS Profitez de r\u00e9sultats magnifiques et nets avec chaque boucle que vous cr\u00e9ez avec\u00a0 le fer \u00e0 boucler Mineral Glow. Son rev\u00eatement en c\u00e9ramique \u00e0 la technologie avanc\u00e9e est impr\u00e9gn\u00e9 de 4 min\u00e9raux d'origine naturelle, notamment le quartz, la tourmaline, l'opale et la pierre de lune. FER CONIQUE 13\u201325 MM POUR DE BELLES BOUCLES L\u00c2CHES NATURELLES Souhaitez-vous obtenir de belles boucles souples parfaites \u00e0 chaque fois ? C'est d\u00e9sormais possible gr\u00e2ce au fer conique 13 - 25 mm du fer \u00e0 boucler Mineral Glow. Con\u00e7u pour vous aider \u00e0 cr\u00e9er des boucles sans effort, cr\u00e9er votre style favori n'a jamais \u00e9t\u00e9 plus simple. TEMP\u00c9RATURE VARIABLE ELEV\u00c9E JUSQU'\u00c0 200\u00b0C Le fer \u00e0 boucler Mineral Glow b\u00e9n\u00e9ficie d'une haute temp\u00e9rature r\u00e9glable jusqu'\u00e0 200\u00b0C, de fa\u00e7on \u00e0 ce que vous puissiez toujours adapter la temp\u00e9rature \u00e0 votre type de cheveux. Que vous souhaitiez cr\u00e9er des boucles souples ou des ondulations sans effort, choisissez simplement la chaleur dont vous avez besoin et commencez \u00e0 cr\u00e9er votre style. PLUS D\u2019INFORMATIONS CARACT\u00c9RISTIQUES Fer conique de 13-25 mm : cr\u00e9e facilement des ondulations l\u00e9g\u00e8res Rev\u00eatement Advanced Ceramic infus\u00e9 avec 4 min\u00e9raux d'origine naturelle (Quartz \\\/ Tourmaline \\\/ Opale \\\/ Pierre de lune) pour de beaux cheveux soyeux Mise \u00e0 temp\u00e9rature rapide en 30 sec Temp\u00e9rature variable jusqu'\u00e0 200\u00b0C adapt\u00e9e \u00e0 tous les types de cheveux Embout froid de s\u00e9curit\u00e9 Arr\u00eat automatique de s\u00e9curit\u00e9 apr\u00e8s 60 min Cordon rotatif Gant de protection\",\"breadcrumb\":{\"@id\":\"https:\\\/\\\/baya-shop.com\\\/home\\\/product\\\/remington-boucleur-mineral-glow-ci5408\\\/#breadcrumb\"},\"inLanguage\":\"fr-FR\",\"potentialAction\":[{\"@type\":\"ReadAction\",\"target\":[\"https:\\\/\\\/baya-shop.com\\\/home\\\/product\\\/remington-boucleur-mineral-glow-ci5408\\\/\"]}]},{\"@type\":\"ImageObject\",\"inLanguage\":\"fr-FR\",\"@id\":\"https:\\\/\\\/baya-shop.com\\\/home\\\/product\\\/remington-boucleur-mineral-glow-ci5408\\\/#primaryimage\",\"url\":\"https:\\\/\\\/i0.wp.com\\\/baya-shop.com\\\/wp-content\\\/uploads\\\/2022\\\/12\\\/large_45685560100_9688_EU.jpg?fit=1000%2C1000&ssl=1\",\"contentUrl\":\"https:\\\/\\\/i0.wp.com\\\/baya-shop.com\\\/wp-content\\\/uploads\\\/2022\\\/12\\\/large_45685560100_9688_EU.jpg?fit=1000%2C1000&ssl=1\",\"width\":1000,\"height\":1000},{\"@type\":\"BreadcrumbList\",\"@id\":\"https:\\\/\\\/baya-shop.com\\\/home\\\/product\\\/remington-boucleur-mineral-glow-ci5408\\\/#breadcrumb\",\"itemListElement\":[{\"@type\":\"ListItem\",\"position\":1,\"name\":\"Accueil\",\"item\":\"https:\\\/\\\/baya-shop.com\\\/home\\\/\"},{\"@type\":\"ListItem\",\"position\":2,\"name\":\"Shop\",\"item\":\"https:\\\/\\\/baya-shop.com\\\/home\\\/shop\\\/\"},{\"@type\":\"ListItem\",\"position\":3,\"name\":\"REMINGTON Boucleur mineral glow CI5408\"}]},{\"@type\":\"WebSite\",\"@id\":\"https:\\\/\\\/baya-shop.com\\\/home\\\/#website\",\"url\":\"https:\\\/\\\/baya-shop.com\\\/home\\\/\",\"name\":\"Baya Shop\",\"description\":\"\",\"publisher\":{\"@id\":\"https:\\\/\\\/baya-shop.com\\\/home\\\/#organization\"},\"potentialAction\":[{\"@type\":\"SearchAction\",\"target\":{\"@type\":\"EntryPoint\",\"urlTemplate\":\"https:\\\/\\\/baya-shop.com\\\/home\\\/?s={search_term_string}\"},\"query-input\":{\"@type\":\"PropertyValueSpecification\",\"valueRequired\":true,\"valueName\":\"search_term_string\"}}],\"inLanguage\":\"fr-FR\"},{\"@type\":\"Organization\",\"@id\":\"https:\\\/\\\/baya-shop.com\\\/home\\\/#organization\",\"name\":\"Baya Shop\",\"url\":\"https:\\\/\\\/baya-shop.com\\\/home\\\/\",\"logo\":{\"@type\":\"ImageObject\",\"inLanguage\":\"fr-FR\",\"@id\":\"https:\\\/\\\/baya-shop.com\\\/home\\\/#\\\/schema\\\/logo\\\/image\\\/\",\"url\":\"https:\\\/\\\/baya-shop.com\\\/wp-content\\\/uploads\\\/2020\\\/11\\\/g.png\",\"contentUrl\":\"https:\\\/\\\/baya-shop.com\\\/wp-content\\\/uploads\\\/2020\\\/11\\\/g.png\",\"width\":64,\"height\":64,\"caption\":\"Baya Shop\"},\"image\":{\"@id\":\"https:\\\/\\\/baya-shop.com\\\/home\\\/#\\\/schema\\\/logo\\\/image\\\/\"},\"sameAs\":[\"https:\\\/\\\/www.facebook.com\\\/Baya-Shop-103955257949742\",\"https:\\\/\\\/www.instagram.com\\\/baya_shop_dz\\\/\"]}]}<\/script>\n<!-- \/ Yoast SEO plugin. -->","yoast_head_json":{"title":"REMINGTON Boucleur mineral glow CI5408 - Baya Shop","description":"PRODUITS ASSOCI\u00c9S        REV\u00caTEMENT ADVANCED CERAMIC INFUS\u00c9 DE 4X MIN\u00c9RAUX NATURELS Profitez de r\u00e9sultats magnifiques et nets avec chaque boucle que vous cr\u00e9ez avec\u00a0 le fer \u00e0 boucler Mineral Glow. Son rev\u00eatement en c\u00e9ramique \u00e0 la technologie avanc\u00e9e est impr\u00e9gn\u00e9 de 4 min\u00e9raux d'origine naturelle, notamment le quartz, la tourmaline, l'opale et la pierre de lune.      FER CONIQUE 13\u201325 MM POUR DE BELLES BOUCLES L\u00c2CHES NATURELLES Souhaitez-vous obtenir de belles boucles souples parfaites \u00e0 chaque fois ? C'est d\u00e9sormais possible gr\u00e2ce au fer conique 13 - 25 mm du fer \u00e0 boucler Mineral Glow. Con\u00e7u pour vous aider \u00e0 cr\u00e9er des boucles sans effort, cr\u00e9er votre style favori n'a jamais \u00e9t\u00e9 plus simple.        TEMP\u00c9RATURE VARIABLE ELEV\u00c9E JUSQU'\u00c0 200\u00b0C Le fer \u00e0 boucler Mineral Glow b\u00e9n\u00e9ficie d'une haute temp\u00e9rature r\u00e9glable jusqu'\u00e0 200\u00b0C, de fa\u00e7on \u00e0 ce que vous puissiez toujours adapter la temp\u00e9rature \u00e0 votre type de cheveux. Que vous souhaitiez cr\u00e9er des boucles souples ou des ondulations sans effort, choisissez simplement la chaleur dont vous avez besoin et commencez \u00e0 cr\u00e9er votre style.       PLUS D\u2019INFORMATIONS  CARACT\u00c9RISTIQUES        Fer conique de 13-25 mm : cr\u00e9e facilement des ondulations l\u00e9g\u00e8res  Rev\u00eatement Advanced Ceramic infus\u00e9 avec 4 min\u00e9raux d'origine naturelle (Quartz \/ Tourmaline \/ Opale \/ Pierre de lune) pour de beaux cheveux soyeux  Mise \u00e0 temp\u00e9rature rapide en 30 sec  Temp\u00e9rature variable jusqu'\u00e0 200\u00b0C adapt\u00e9e \u00e0 tous les types de cheveux  Embout froid de s\u00e9curit\u00e9  Arr\u00eat automatique de s\u00e9curit\u00e9 apr\u00e8s 60 min  Cordon rotatif  Gant de protection","robots":{"index":"index","follow":"follow","max-snippet":"max-snippet:-1","max-image-preview":"max-image-preview:large","max-video-preview":"max-video-preview:-1"},"canonical":"https:\/\/baya-shop.com\/home\/product\/remington-boucleur-mineral-glow-ci5408\/","og_locale":"fr_FR","og_type":"article","og_title":"REMINGTON Boucleur mineral glow CI5408 - Baya Shop","og_description":"PRODUITS ASSOCI\u00c9S        REV\u00caTEMENT ADVANCED CERAMIC INFUS\u00c9 DE 4X MIN\u00c9RAUX NATURELS Profitez de r\u00e9sultats magnifiques et nets avec chaque boucle que vous cr\u00e9ez avec\u00a0 le fer \u00e0 boucler Mineral Glow. Son rev\u00eatement en c\u00e9ramique \u00e0 la technologie avanc\u00e9e est impr\u00e9gn\u00e9 de 4 min\u00e9raux d'origine naturelle, notamment le quartz, la tourmaline, l'opale et la pierre de lune.      FER CONIQUE 13\u201325 MM POUR DE BELLES BOUCLES L\u00c2CHES NATURELLES Souhaitez-vous obtenir de belles boucles souples parfaites \u00e0 chaque fois ? C'est d\u00e9sormais possible gr\u00e2ce au fer conique 13 - 25 mm du fer \u00e0 boucler Mineral Glow. Con\u00e7u pour vous aider \u00e0 cr\u00e9er des boucles sans effort, cr\u00e9er votre style favori n'a jamais \u00e9t\u00e9 plus simple.        TEMP\u00c9RATURE VARIABLE ELEV\u00c9E JUSQU'\u00c0 200\u00b0C Le fer \u00e0 boucler Mineral Glow b\u00e9n\u00e9ficie d'une haute temp\u00e9rature r\u00e9glable jusqu'\u00e0 200\u00b0C, de fa\u00e7on \u00e0 ce que vous puissiez toujours adapter la temp\u00e9rature \u00e0 votre type de cheveux. Que vous souhaitiez cr\u00e9er des boucles souples ou des ondulations sans effort, choisissez simplement la chaleur dont vous avez besoin et commencez \u00e0 cr\u00e9er votre style.       PLUS D\u2019INFORMATIONS  CARACT\u00c9RISTIQUES        Fer conique de 13-25 mm : cr\u00e9e facilement des ondulations l\u00e9g\u00e8res  Rev\u00eatement Advanced Ceramic infus\u00e9 avec 4 min\u00e9raux d'origine naturelle (Quartz \/ Tourmaline \/ Opale \/ Pierre de lune) pour de beaux cheveux soyeux  Mise \u00e0 temp\u00e9rature rapide en 30 sec  Temp\u00e9rature variable jusqu'\u00e0 200\u00b0C adapt\u00e9e \u00e0 tous les types de cheveux  Embout froid de s\u00e9curit\u00e9  Arr\u00eat automatique de s\u00e9curit\u00e9 apr\u00e8s 60 min  Cordon rotatif  Gant de protection","og_url":"https:\/\/baya-shop.com\/home\/product\/remington-boucleur-mineral-glow-ci5408\/","og_site_name":"Baya Shop","article_publisher":"https:\/\/www.facebook.com\/Baya-Shop-103955257949742","article_modified_time":"2025-04-19T16:07:00+00:00","og_image":[{"width":1000,"height":1000,"url":"https:\/\/baya-shop.com\/wp-content\/uploads\/2022\/12\/large_45685560100_9688_EU.jpg","type":"image\/jpeg"}],"twitter_card":"summary_large_image","twitter_misc":{"Dur\u00e9e de lecture estim\u00e9e":"1 minute"},"schema":{"@context":"https:\/\/schema.org","@graph":[{"@type":"WebPage","@id":"https:\/\/baya-shop.com\/home\/product\/remington-boucleur-mineral-glow-ci5408\/","url":"https:\/\/baya-shop.com\/home\/product\/remington-boucleur-mineral-glow-ci5408\/","name":"REMINGTON Boucleur mineral glow CI5408 - Baya Shop","isPartOf":{"@id":"https:\/\/baya-shop.com\/home\/#website"},"primaryImageOfPage":{"@id":"https:\/\/baya-shop.com\/home\/product\/remington-boucleur-mineral-glow-ci5408\/#primaryimage"},"image":{"@id":"https:\/\/baya-shop.com\/home\/product\/remington-boucleur-mineral-glow-ci5408\/#primaryimage"},"thumbnailUrl":"https:\/\/i0.wp.com\/baya-shop.com\/wp-content\/uploads\/2022\/12\/large_45685560100_9688_EU.jpg?fit=1000%2C1000&ssl=1","datePublished":"2022-12-20T14:10:15+00:00","dateModified":"2025-04-19T16:07:00+00:00","description":"PRODUITS ASSOCI\u00c9S REV\u00caTEMENT ADVANCED CERAMIC INFUS\u00c9 DE 4X MIN\u00c9RAUX NATURELS Profitez de r\u00e9sultats magnifiques et nets avec chaque boucle que vous cr\u00e9ez avec\u00a0 le fer \u00e0 boucler Mineral Glow. Son rev\u00eatement en c\u00e9ramique \u00e0 la technologie avanc\u00e9e est impr\u00e9gn\u00e9 de 4 min\u00e9raux d'origine naturelle, notamment le quartz, la tourmaline, l'opale et la pierre de lune. FER CONIQUE 13\u201325 MM POUR DE BELLES BOUCLES L\u00c2CHES NATURELLES Souhaitez-vous obtenir de belles boucles souples parfaites \u00e0 chaque fois ? C'est d\u00e9sormais possible gr\u00e2ce au fer conique 13 - 25 mm du fer \u00e0 boucler Mineral Glow. Con\u00e7u pour vous aider \u00e0 cr\u00e9er des boucles sans effort, cr\u00e9er votre style favori n'a jamais \u00e9t\u00e9 plus simple. TEMP\u00c9RATURE VARIABLE ELEV\u00c9E JUSQU'\u00c0 200\u00b0C Le fer \u00e0 boucler Mineral Glow b\u00e9n\u00e9ficie d'une haute temp\u00e9rature r\u00e9glable jusqu'\u00e0 200\u00b0C, de fa\u00e7on \u00e0 ce que vous puissiez toujours adapter la temp\u00e9rature \u00e0 votre type de cheveux. Que vous souhaitiez cr\u00e9er des boucles souples ou des ondulations sans effort, choisissez simplement la chaleur dont vous avez besoin et commencez \u00e0 cr\u00e9er votre style. PLUS D\u2019INFORMATIONS CARACT\u00c9RISTIQUES Fer conique de 13-25 mm : cr\u00e9e facilement des ondulations l\u00e9g\u00e8res Rev\u00eatement Advanced Ceramic infus\u00e9 avec 4 min\u00e9raux d'origine naturelle (Quartz \/ Tourmaline \/ Opale \/ Pierre de lune) pour de beaux cheveux soyeux Mise \u00e0 temp\u00e9rature rapide en 30 sec Temp\u00e9rature variable jusqu'\u00e0 200\u00b0C adapt\u00e9e \u00e0 tous les types de cheveux Embout froid de s\u00e9curit\u00e9 Arr\u00eat automatique de s\u00e9curit\u00e9 apr\u00e8s 60 min Cordon rotatif Gant de protection","breadcrumb":{"@id":"https:\/\/baya-shop.com\/home\/product\/remington-boucleur-mineral-glow-ci5408\/#breadcrumb"},"inLanguage":"fr-FR","potentialAction":[{"@type":"ReadAction","target":["https:\/\/baya-shop.com\/home\/product\/remington-boucleur-mineral-glow-ci5408\/"]}]},{"@type":"ImageObject","inLanguage":"fr-FR","@id":"https:\/\/baya-shop.com\/home\/product\/remington-boucleur-mineral-glow-ci5408\/#primaryimage","url":"https:\/\/i0.wp.com\/baya-shop.com\/wp-content\/uploads\/2022\/12\/large_45685560100_9688_EU.jpg?fit=1000%2C1000&ssl=1","contentUrl":"https:\/\/i0.wp.com\/baya-shop.com\/wp-content\/uploads\/2022\/12\/large_45685560100_9688_EU.jpg?fit=1000%2C1000&ssl=1","width":1000,"height":1000},{"@type":"BreadcrumbList","@id":"https:\/\/baya-shop.com\/home\/product\/remington-boucleur-mineral-glow-ci5408\/#breadcrumb","itemListElement":[{"@type":"ListItem","position":1,"name":"Accueil","item":"https:\/\/baya-shop.com\/home\/"},{"@type":"ListItem","position":2,"name":"Shop","item":"https:\/\/baya-shop.com\/home\/shop\/"},{"@type":"ListItem","position":3,"name":"REMINGTON Boucleur mineral glow CI5408"}]},{"@type":"WebSite","@id":"https:\/\/baya-shop.com\/home\/#website","url":"https:\/\/baya-shop.com\/home\/","name":"Baya Shop","description":"","publisher":{"@id":"https:\/\/baya-shop.com\/home\/#organization"},"potentialAction":[{"@type":"SearchAction","target":{"@type":"EntryPoint","urlTemplate":"https:\/\/baya-shop.com\/home\/?s={search_term_string}"},"query-input":{"@type":"PropertyValueSpecification","valueRequired":true,"valueName":"search_term_string"}}],"inLanguage":"fr-FR"},{"@type":"Organization","@id":"https:\/\/baya-shop.com\/home\/#organization","name":"Baya Shop","url":"https:\/\/baya-shop.com\/home\/","logo":{"@type":"ImageObject","inLanguage":"fr-FR","@id":"https:\/\/baya-shop.com\/home\/#\/schema\/logo\/image\/","url":"https:\/\/baya-shop.com\/wp-content\/uploads\/2020\/11\/g.png","contentUrl":"https:\/\/baya-shop.com\/wp-content\/uploads\/2020\/11\/g.png","width":64,"height":64,"caption":"Baya Shop"},"image":{"@id":"https:\/\/baya-shop.com\/home\/#\/schema\/logo\/image\/"},"sameAs":["https:\/\/www.facebook.com\/Baya-Shop-103955257949742","https:\/\/www.instagram.com\/baya_shop_dz\/"]}]}},"jetpack_publicize_connections":[],"jetpack_sharing_enabled":true,"jetpack_likes_enabled":true,"jetpack-related-posts":[],"_links":{"self":[{"href":"https:\/\/baya-shop.com\/home\/wp-json\/wp\/v2\/product\/1414","targetHints":{"allow":["GET"]}}],"collection":[{"href":"https:\/\/baya-shop.com\/home\/wp-json\/wp\/v2\/product"}],"about":[{"href":"https:\/\/baya-shop.com\/home\/wp-json\/wp\/v2\/types\/product"}],"replies":[{"embeddable":true,"href":"https:\/\/baya-shop.com\/home\/wp-json\/wp\/v2\/comments?post=1414"}],"wp:featuredmedia":[{"embeddable":true,"href":"https:\/\/baya-shop.com\/home\/wp-json\/wp\/v2\/media\/3298"}],"wp:attachment":[{"href":"https:\/\/baya-shop.com\/home\/wp-json\/wp\/v2\/media?parent=1414"}],"wp:term":[{"taxonomy":"product_brand","embeddable":true,"href":"https:\/\/baya-shop.com\/home\/wp-json\/wp\/v2\/product_brand?post=1414"},{"taxonomy":"product_cat","embeddable":true,"href":"https:\/\/baya-shop.com\/home\/wp-json\/wp\/v2\/product_cat?post=1414"},{"taxonomy":"product_tag","embeddable":true,"href":"https:\/\/baya-shop.com\/home\/wp-json\/wp\/v2\/product_tag?post=1414"}],"curies":[{"name":"wp","href":"https:\/\/api.w.org\/{rel}","templated":true}]}}