{"id":1387,"date":"2022-12-13T18:19:23","date_gmt":"2022-12-13T17:19:23","guid":{"rendered":"https:\/\/baya-shop.com\/home\/?post_type=product&#038;p=1387"},"modified":"2026-04-25T04:18:59","modified_gmt":"2026-04-25T03:18:59","slug":"remington-boucleur-proluxe-32mm-ci9132","status":"publish","type":"product","link":"https:\/\/baya-shop.com\/home\/product\/remington-boucleur-proluxe-32mm-ci9132\/","title":{"rendered":"Remington Boucleur Proluxe CI9132"},"content":{"rendered":"","protected":false},"excerpt":{"rendered":"<ul>\n<li>Technologie intelligente OPTIheat \u2013 diffuse de la chaleur l\u00e0 o\u00f9 il faut<\/li>\n<li>R\u00e9sultats salon qui tiennent toute la journ\u00e9e<\/li>\n<li>Diam\u00e8tre de 32mm \u2013 pour cr\u00e9er des boucles volumineuses<\/li>\n<li>Rev\u00eatement Grip tech \u2013 anti-glisse pour des styles sans frustration<\/li>\n<li>Ecran digital : 120\u00b0C &#8211; 210\u00b0C<\/li>\n<li>Fonction Pro+ &#8211; 185\u00b0C des styles en meilleure sant\u00e9<\/li>\n<li>Mise \u00e0 temp\u00e9rature en 30 sec<\/li>\n<li>Verrouillage de la temp\u00e9rature<\/li>\n<li>Arr\u00eat automatique apr\u00e8s 60 min<\/li>\n<li>Cordon rotatif<\/li>\n<li>Pochette thermor\u00e9sistante luxe<\/li>\n<li>Garantie 12Mois.<\/li>\n<\/ul>\n","protected":false},"featured_media":3302,"comment_status":"open","ping_status":"closed","template":"","meta":{"_uag_custom_page_level_css":"","jetpack_publicize_message":"","jetpack_publicize_feature_enabled":true,"jetpack_social_post_already_shared":false,"jetpack_social_options":{"image_generator_settings":{"template":"highway","default_image_id":0,"font":"","enabled":false},"version":2}},"product_brand":[],"product_cat":[17,46,47],"product_tag":[],"class_list":{"0":"post-1387","1":"product","2":"type-product","3":"status-publish","4":"has-post-thumbnail","6":"product_cat-boucleur","7":"product_cat-promotion","8":"product_cat-remington","10":"first","11":"instock","12":"sale","13":"shipping-taxable","14":"purchasable","15":"product-type-simple"},"yoast_head":"<!-- This site is optimized with the Yoast SEO plugin v27.5 - https:\/\/yoast.com\/product\/yoast-seo-wordpress\/ -->\n<title>Remington Boucleur Proluxe CI9132 - Baya Shop<\/title>\n<meta name=\"description\" content=\"Technologie intelligente OPTIheat \u2013 diffuse de la chaleur l\u00e0 o\u00f9 il faut  R\u00e9sultats salon qui tiennent toute la journ\u00e9e  Diam\u00e8tre de 32mm \u2013 pour cr\u00e9er des boucles volumineuses  Rev\u00eatement Grip tech \u2013 anti-glisse pour des styles sans frustration  Ecran digital : 120\u00b0C - 210\u00b0C  Fonction Pro+ - 185\u00b0C des styles en meilleure sant\u00e9  Mise \u00e0 temp\u00e9rature en 30 sec  Verrouillage de la temp\u00e9rature  Arr\u00eat automatique apr\u00e8s 60 min  Cordon rotatif  Pochette thermor\u00e9sistante luxe  Garantie 12Mois.\" \/>\n<meta name=\"robots\" content=\"index, follow, max-snippet:-1, max-image-preview:large, max-video-preview:-1\" \/>\n<link rel=\"canonical\" href=\"https:\/\/baya-shop.com\/home\/product\/remington-boucleur-proluxe-32mm-ci9132\/\" \/>\n<meta property=\"og:locale\" content=\"fr_FR\" \/>\n<meta property=\"og:type\" content=\"article\" \/>\n<meta property=\"og:title\" content=\"Remington Boucleur Proluxe CI9132 - Baya Shop\" \/>\n<meta property=\"og:description\" content=\"Technologie intelligente OPTIheat \u2013 diffuse de la chaleur l\u00e0 o\u00f9 il faut  R\u00e9sultats salon qui tiennent toute la journ\u00e9e  Diam\u00e8tre de 32mm \u2013 pour cr\u00e9er des boucles volumineuses  Rev\u00eatement Grip tech \u2013 anti-glisse pour des styles sans frustration  Ecran digital : 120\u00b0C - 210\u00b0C  Fonction Pro+ - 185\u00b0C des styles en meilleure sant\u00e9  Mise \u00e0 temp\u00e9rature en 30 sec  Verrouillage de la temp\u00e9rature  Arr\u00eat automatique apr\u00e8s 60 min  Cordon rotatif  Pochette thermor\u00e9sistante luxe  Garantie 12Mois.\" \/>\n<meta property=\"og:url\" content=\"https:\/\/baya-shop.com\/home\/product\/remington-boucleur-proluxe-32mm-ci9132\/\" \/>\n<meta property=\"og:site_name\" content=\"Baya Shop\" \/>\n<meta property=\"article:publisher\" content=\"https:\/\/www.facebook.com\/Baya-Shop-103955257949742\" \/>\n<meta property=\"article:modified_time\" content=\"2026-04-25T03:18:59+00:00\" \/>\n<meta property=\"og:image\" content=\"https:\/\/baya-shop.com\/wp-content\/uploads\/2022\/12\/large_45564560100_9688.jpg\" \/>\n\t<meta property=\"og:image:width\" content=\"1000\" \/>\n\t<meta property=\"og:image:height\" content=\"1000\" \/>\n\t<meta property=\"og:image:type\" content=\"image\/jpeg\" \/>\n<meta name=\"twitter:card\" content=\"summary_large_image\" \/>\n<meta name=\"twitter:label1\" content=\"Dur\u00e9e de lecture estim\u00e9e\" \/>\n\t<meta name=\"twitter:data1\" content=\"1 minute\" \/>\n<script type=\"application\/ld+json\" class=\"yoast-schema-graph\">{\"@context\":\"https:\\\/\\\/schema.org\",\"@graph\":[{\"@type\":\"WebPage\",\"@id\":\"https:\\\/\\\/baya-shop.com\\\/home\\\/product\\\/remington-boucleur-proluxe-32mm-ci9132\\\/\",\"url\":\"https:\\\/\\\/baya-shop.com\\\/home\\\/product\\\/remington-boucleur-proluxe-32mm-ci9132\\\/\",\"name\":\"Remington Boucleur Proluxe CI9132 - Baya Shop\",\"isPartOf\":{\"@id\":\"https:\\\/\\\/baya-shop.com\\\/home\\\/#website\"},\"primaryImageOfPage\":{\"@id\":\"https:\\\/\\\/baya-shop.com\\\/home\\\/product\\\/remington-boucleur-proluxe-32mm-ci9132\\\/#primaryimage\"},\"image\":{\"@id\":\"https:\\\/\\\/baya-shop.com\\\/home\\\/product\\\/remington-boucleur-proluxe-32mm-ci9132\\\/#primaryimage\"},\"thumbnailUrl\":\"https:\\\/\\\/i0.wp.com\\\/baya-shop.com\\\/wp-content\\\/uploads\\\/2022\\\/12\\\/large_45564560100_9688.jpg?fit=1000%2C1000&ssl=1\",\"datePublished\":\"2022-12-13T17:19:23+00:00\",\"dateModified\":\"2026-04-25T03:18:59+00:00\",\"description\":\"Technologie intelligente OPTIheat \u2013 diffuse de la chaleur l\u00e0 o\u00f9 il faut R\u00e9sultats salon qui tiennent toute la journ\u00e9e Diam\u00e8tre de 32mm \u2013 pour cr\u00e9er des boucles volumineuses Rev\u00eatement Grip tech \u2013 anti-glisse pour des styles sans frustration Ecran digital : 120\u00b0C - 210\u00b0C Fonction Pro+ - 185\u00b0C des styles en meilleure sant\u00e9 Mise \u00e0 temp\u00e9rature en 30 sec Verrouillage de la temp\u00e9rature Arr\u00eat automatique apr\u00e8s 60 min Cordon rotatif Pochette thermor\u00e9sistante luxe Garantie 12Mois.\",\"breadcrumb\":{\"@id\":\"https:\\\/\\\/baya-shop.com\\\/home\\\/product\\\/remington-boucleur-proluxe-32mm-ci9132\\\/#breadcrumb\"},\"inLanguage\":\"fr-FR\",\"potentialAction\":[{\"@type\":\"ReadAction\",\"target\":[\"https:\\\/\\\/baya-shop.com\\\/home\\\/product\\\/remington-boucleur-proluxe-32mm-ci9132\\\/\"]}]},{\"@type\":\"ImageObject\",\"inLanguage\":\"fr-FR\",\"@id\":\"https:\\\/\\\/baya-shop.com\\\/home\\\/product\\\/remington-boucleur-proluxe-32mm-ci9132\\\/#primaryimage\",\"url\":\"https:\\\/\\\/i0.wp.com\\\/baya-shop.com\\\/wp-content\\\/uploads\\\/2022\\\/12\\\/large_45564560100_9688.jpg?fit=1000%2C1000&ssl=1\",\"contentUrl\":\"https:\\\/\\\/i0.wp.com\\\/baya-shop.com\\\/wp-content\\\/uploads\\\/2022\\\/12\\\/large_45564560100_9688.jpg?fit=1000%2C1000&ssl=1\",\"width\":1000,\"height\":1000},{\"@type\":\"BreadcrumbList\",\"@id\":\"https:\\\/\\\/baya-shop.com\\\/home\\\/product\\\/remington-boucleur-proluxe-32mm-ci9132\\\/#breadcrumb\",\"itemListElement\":[{\"@type\":\"ListItem\",\"position\":1,\"name\":\"Accueil\",\"item\":\"https:\\\/\\\/baya-shop.com\\\/home\\\/\"},{\"@type\":\"ListItem\",\"position\":2,\"name\":\"Shop\",\"item\":\"https:\\\/\\\/baya-shop.com\\\/home\\\/shop\\\/\"},{\"@type\":\"ListItem\",\"position\":3,\"name\":\"Remington Boucleur Proluxe CI9132\"}]},{\"@type\":\"WebSite\",\"@id\":\"https:\\\/\\\/baya-shop.com\\\/home\\\/#website\",\"url\":\"https:\\\/\\\/baya-shop.com\\\/home\\\/\",\"name\":\"Baya Shop\",\"description\":\"\",\"publisher\":{\"@id\":\"https:\\\/\\\/baya-shop.com\\\/home\\\/#organization\"},\"potentialAction\":[{\"@type\":\"SearchAction\",\"target\":{\"@type\":\"EntryPoint\",\"urlTemplate\":\"https:\\\/\\\/baya-shop.com\\\/home\\\/?s={search_term_string}\"},\"query-input\":{\"@type\":\"PropertyValueSpecification\",\"valueRequired\":true,\"valueName\":\"search_term_string\"}}],\"inLanguage\":\"fr-FR\"},{\"@type\":\"Organization\",\"@id\":\"https:\\\/\\\/baya-shop.com\\\/home\\\/#organization\",\"name\":\"Baya Shop\",\"url\":\"https:\\\/\\\/baya-shop.com\\\/home\\\/\",\"logo\":{\"@type\":\"ImageObject\",\"inLanguage\":\"fr-FR\",\"@id\":\"https:\\\/\\\/baya-shop.com\\\/home\\\/#\\\/schema\\\/logo\\\/image\\\/\",\"url\":\"https:\\\/\\\/baya-shop.com\\\/wp-content\\\/uploads\\\/2020\\\/11\\\/g.png\",\"contentUrl\":\"https:\\\/\\\/baya-shop.com\\\/wp-content\\\/uploads\\\/2020\\\/11\\\/g.png\",\"width\":64,\"height\":64,\"caption\":\"Baya Shop\"},\"image\":{\"@id\":\"https:\\\/\\\/baya-shop.com\\\/home\\\/#\\\/schema\\\/logo\\\/image\\\/\"},\"sameAs\":[\"https:\\\/\\\/www.facebook.com\\\/Baya-Shop-103955257949742\",\"https:\\\/\\\/www.instagram.com\\\/baya_shop_dz\\\/\"]}]}<\/script>\n<!-- \/ Yoast SEO plugin. -->","yoast_head_json":{"title":"Remington Boucleur Proluxe CI9132 - Baya Shop","description":"Technologie intelligente OPTIheat \u2013 diffuse de la chaleur l\u00e0 o\u00f9 il faut  R\u00e9sultats salon qui tiennent toute la journ\u00e9e  Diam\u00e8tre de 32mm \u2013 pour cr\u00e9er des boucles volumineuses  Rev\u00eatement Grip tech \u2013 anti-glisse pour des styles sans frustration  Ecran digital : 120\u00b0C - 210\u00b0C  Fonction Pro+ - 185\u00b0C des styles en meilleure sant\u00e9  Mise \u00e0 temp\u00e9rature en 30 sec  Verrouillage de la temp\u00e9rature  Arr\u00eat automatique apr\u00e8s 60 min  Cordon rotatif  Pochette thermor\u00e9sistante luxe  Garantie 12Mois.","robots":{"index":"index","follow":"follow","max-snippet":"max-snippet:-1","max-image-preview":"max-image-preview:large","max-video-preview":"max-video-preview:-1"},"canonical":"https:\/\/baya-shop.com\/home\/product\/remington-boucleur-proluxe-32mm-ci9132\/","og_locale":"fr_FR","og_type":"article","og_title":"Remington Boucleur Proluxe CI9132 - Baya Shop","og_description":"Technologie intelligente OPTIheat \u2013 diffuse de la chaleur l\u00e0 o\u00f9 il faut  R\u00e9sultats salon qui tiennent toute la journ\u00e9e  Diam\u00e8tre de 32mm \u2013 pour cr\u00e9er des boucles volumineuses  Rev\u00eatement Grip tech \u2013 anti-glisse pour des styles sans frustration  Ecran digital : 120\u00b0C - 210\u00b0C  Fonction Pro+ - 185\u00b0C des styles en meilleure sant\u00e9  Mise \u00e0 temp\u00e9rature en 30 sec  Verrouillage de la temp\u00e9rature  Arr\u00eat automatique apr\u00e8s 60 min  Cordon rotatif  Pochette thermor\u00e9sistante luxe  Garantie 12Mois.","og_url":"https:\/\/baya-shop.com\/home\/product\/remington-boucleur-proluxe-32mm-ci9132\/","og_site_name":"Baya Shop","article_publisher":"https:\/\/www.facebook.com\/Baya-Shop-103955257949742","article_modified_time":"2026-04-25T03:18:59+00:00","og_image":[{"width":1000,"height":1000,"url":"https:\/\/baya-shop.com\/wp-content\/uploads\/2022\/12\/large_45564560100_9688.jpg","type":"image\/jpeg"}],"twitter_card":"summary_large_image","twitter_misc":{"Dur\u00e9e de lecture estim\u00e9e":"1 minute"},"schema":{"@context":"https:\/\/schema.org","@graph":[{"@type":"WebPage","@id":"https:\/\/baya-shop.com\/home\/product\/remington-boucleur-proluxe-32mm-ci9132\/","url":"https:\/\/baya-shop.com\/home\/product\/remington-boucleur-proluxe-32mm-ci9132\/","name":"Remington Boucleur Proluxe CI9132 - Baya Shop","isPartOf":{"@id":"https:\/\/baya-shop.com\/home\/#website"},"primaryImageOfPage":{"@id":"https:\/\/baya-shop.com\/home\/product\/remington-boucleur-proluxe-32mm-ci9132\/#primaryimage"},"image":{"@id":"https:\/\/baya-shop.com\/home\/product\/remington-boucleur-proluxe-32mm-ci9132\/#primaryimage"},"thumbnailUrl":"https:\/\/i0.wp.com\/baya-shop.com\/wp-content\/uploads\/2022\/12\/large_45564560100_9688.jpg?fit=1000%2C1000&ssl=1","datePublished":"2022-12-13T17:19:23+00:00","dateModified":"2026-04-25T03:18:59+00:00","description":"Technologie intelligente OPTIheat \u2013 diffuse de la chaleur l\u00e0 o\u00f9 il faut R\u00e9sultats salon qui tiennent toute la journ\u00e9e Diam\u00e8tre de 32mm \u2013 pour cr\u00e9er des boucles volumineuses Rev\u00eatement Grip tech \u2013 anti-glisse pour des styles sans frustration Ecran digital : 120\u00b0C - 210\u00b0C Fonction Pro+ - 185\u00b0C des styles en meilleure sant\u00e9 Mise \u00e0 temp\u00e9rature en 30 sec Verrouillage de la temp\u00e9rature Arr\u00eat automatique apr\u00e8s 60 min Cordon rotatif Pochette thermor\u00e9sistante luxe Garantie 12Mois.","breadcrumb":{"@id":"https:\/\/baya-shop.com\/home\/product\/remington-boucleur-proluxe-32mm-ci9132\/#breadcrumb"},"inLanguage":"fr-FR","potentialAction":[{"@type":"ReadAction","target":["https:\/\/baya-shop.com\/home\/product\/remington-boucleur-proluxe-32mm-ci9132\/"]}]},{"@type":"ImageObject","inLanguage":"fr-FR","@id":"https:\/\/baya-shop.com\/home\/product\/remington-boucleur-proluxe-32mm-ci9132\/#primaryimage","url":"https:\/\/i0.wp.com\/baya-shop.com\/wp-content\/uploads\/2022\/12\/large_45564560100_9688.jpg?fit=1000%2C1000&ssl=1","contentUrl":"https:\/\/i0.wp.com\/baya-shop.com\/wp-content\/uploads\/2022\/12\/large_45564560100_9688.jpg?fit=1000%2C1000&ssl=1","width":1000,"height":1000},{"@type":"BreadcrumbList","@id":"https:\/\/baya-shop.com\/home\/product\/remington-boucleur-proluxe-32mm-ci9132\/#breadcrumb","itemListElement":[{"@type":"ListItem","position":1,"name":"Accueil","item":"https:\/\/baya-shop.com\/home\/"},{"@type":"ListItem","position":2,"name":"Shop","item":"https:\/\/baya-shop.com\/home\/shop\/"},{"@type":"ListItem","position":3,"name":"Remington Boucleur Proluxe CI9132"}]},{"@type":"WebSite","@id":"https:\/\/baya-shop.com\/home\/#website","url":"https:\/\/baya-shop.com\/home\/","name":"Baya Shop","description":"","publisher":{"@id":"https:\/\/baya-shop.com\/home\/#organization"},"potentialAction":[{"@type":"SearchAction","target":{"@type":"EntryPoint","urlTemplate":"https:\/\/baya-shop.com\/home\/?s={search_term_string}"},"query-input":{"@type":"PropertyValueSpecification","valueRequired":true,"valueName":"search_term_string"}}],"inLanguage":"fr-FR"},{"@type":"Organization","@id":"https:\/\/baya-shop.com\/home\/#organization","name":"Baya Shop","url":"https:\/\/baya-shop.com\/home\/","logo":{"@type":"ImageObject","inLanguage":"fr-FR","@id":"https:\/\/baya-shop.com\/home\/#\/schema\/logo\/image\/","url":"https:\/\/baya-shop.com\/wp-content\/uploads\/2020\/11\/g.png","contentUrl":"https:\/\/baya-shop.com\/wp-content\/uploads\/2020\/11\/g.png","width":64,"height":64,"caption":"Baya Shop"},"image":{"@id":"https:\/\/baya-shop.com\/home\/#\/schema\/logo\/image\/"},"sameAs":["https:\/\/www.facebook.com\/Baya-Shop-103955257949742","https:\/\/www.instagram.com\/baya_shop_dz\/"]}]}},"jetpack_publicize_connections":[],"uagb_featured_image_src":{"full":["https:\/\/i0.wp.com\/baya-shop.com\/wp-content\/uploads\/2022\/12\/large_45564560100_9688.jpg?fit=1000%2C1000&ssl=1",1000,1000,false],"thumbnail":["https:\/\/i0.wp.com\/baya-shop.com\/wp-content\/uploads\/2022\/12\/large_45564560100_9688.jpg?resize=150%2C150&ssl=1",150,150,true],"medium":["https:\/\/i0.wp.com\/baya-shop.com\/wp-content\/uploads\/2022\/12\/large_45564560100_9688.jpg?fit=300%2C300&ssl=1",300,300,true],"medium_large":["https:\/\/i0.wp.com\/baya-shop.com\/wp-content\/uploads\/2022\/12\/large_45564560100_9688.jpg?fit=768%2C768&ssl=1",768,768,true],"large":["https:\/\/i0.wp.com\/baya-shop.com\/wp-content\/uploads\/2022\/12\/large_45564560100_9688.jpg?fit=1000%2C1000&ssl=1",1000,1000,true],"1536x1536":["https:\/\/i0.wp.com\/baya-shop.com\/wp-content\/uploads\/2022\/12\/large_45564560100_9688.jpg?fit=1000%2C1000&ssl=1",1000,1000,true],"2048x2048":["https:\/\/i0.wp.com\/baya-shop.com\/wp-content\/uploads\/2022\/12\/large_45564560100_9688.jpg?fit=1000%2C1000&ssl=1",1000,1000,true],"woocommerce_thumbnail":["https:\/\/i0.wp.com\/baya-shop.com\/wp-content\/uploads\/2022\/12\/large_45564560100_9688.jpg?resize=300%2C300&ssl=1",300,300,true],"woocommerce_single":["https:\/\/i0.wp.com\/baya-shop.com\/wp-content\/uploads\/2022\/12\/large_45564560100_9688.jpg?fit=600%2C600&ssl=1",600,600,true],"woocommerce_gallery_thumbnail":["https:\/\/i0.wp.com\/baya-shop.com\/wp-content\/uploads\/2022\/12\/large_45564560100_9688.jpg?resize=100%2C100&ssl=1",100,100,true],"jetpack-portfolio-admin-thumb":["https:\/\/i0.wp.com\/baya-shop.com\/wp-content\/uploads\/2022\/12\/large_45564560100_9688.jpg?resize=50%2C50&ssl=1",50,50,true]},"uagb_author_info":{"display_name":"","author_link":"https:\/\/baya-shop.com\/home\/author\/"},"uagb_comment_info":23,"uagb_excerpt":"Technologie intelligente OPTIheat \u2013 diffuse de la chaleur l\u00e0 o\u00f9 il faut R\u00e9sultats salon qui tiennent toute la journ\u00e9e Diam\u00e8tre de 32mm \u2013 pour cr\u00e9er des boucles volumineuses Rev\u00eatement Grip tech \u2013 anti-glisse pour des styles sans frustration Ecran digital : 120\u00b0C - 210\u00b0C Fonction Pro+ - 185\u00b0C des styles en meilleure sant\u00e9 Mise \u00e0\u2026","jetpack_sharing_enabled":true,"jetpack_likes_enabled":true,"jetpack-related-posts":[],"_links":{"self":[{"href":"https:\/\/baya-shop.com\/home\/wp-json\/wp\/v2\/product\/1387","targetHints":{"allow":["GET"]}}],"collection":[{"href":"https:\/\/baya-shop.com\/home\/wp-json\/wp\/v2\/product"}],"about":[{"href":"https:\/\/baya-shop.com\/home\/wp-json\/wp\/v2\/types\/product"}],"replies":[{"embeddable":true,"href":"https:\/\/baya-shop.com\/home\/wp-json\/wp\/v2\/comments?post=1387"}],"wp:featuredmedia":[{"embeddable":true,"href":"https:\/\/baya-shop.com\/home\/wp-json\/wp\/v2\/media\/3302"}],"wp:attachment":[{"href":"https:\/\/baya-shop.com\/home\/wp-json\/wp\/v2\/media?parent=1387"}],"wp:term":[{"taxonomy":"product_brand","embeddable":true,"href":"https:\/\/baya-shop.com\/home\/wp-json\/wp\/v2\/product_brand?post=1387"},{"taxonomy":"product_cat","embeddable":true,"href":"https:\/\/baya-shop.com\/home\/wp-json\/wp\/v2\/product_cat?post=1387"},{"taxonomy":"product_tag","embeddable":true,"href":"https:\/\/baya-shop.com\/home\/wp-json\/wp\/v2\/product_tag?post=1387"}],"curies":[{"name":"wp","href":"https:\/\/api.w.org\/{rel}","templated":true}]}}