{"id":1378,"date":"2022-12-13T11:41:12","date_gmt":"2022-12-13T10:41:12","guid":{"rendered":"https:\/\/baya-shop.com\/home\/?post_type=product&#038;p=1378"},"modified":"2025-04-19T17:07:36","modified_gmt":"2025-04-19T16:07:36","slug":"ceriotti-monsoon-3400-2000watt-made-in-italy","status":"publish","type":"product","link":"https:\/\/baya-shop.com\/home\/product\/ceriotti-monsoon-3400-2000watt-made-in-italy\/","title":{"rendered":"Ceriotti S\u00e8che-Cheveux Monsoon 3400"},"content":{"rendered":"","protected":false},"excerpt":{"rendered":"<ul class=\"articolo-configurazioni\">\n<li>Nano-c\u00e9ramique 2000W<\/li>\n<li>Finition brillante avec d\u00e9tails chrom\u00e9s<\/li>\n<li>4 couleurs disponibles &#8211; noir, rouge, jaune, cappuccino<\/li>\n<li>Moteur AC longue dur\u00e9e<\/li>\n<li>Technologie \u00ab\u00a0Silent Brushing\u00a0\u00bb &#8211; le bruit du s\u00e8che-cheveux est parfaitement ma\u00eetris\u00e9 pendant le brossage<\/li>\n<li>Technologie \u00ab\u00a0HPS2\u00a0\u00bb &#8211; tenir le s\u00e8che-cheveux plus facilement, sans se br\u00fbler<\/li>\n<li>2 vitesses<\/li>\n<li>4 temp\u00e9ratures<\/li>\n<li>C\u00e2ble d&rsquo;alimentation anti-torsion de 3 m\u00e8tres<\/li>\n<li>Filtre arri\u00e8re amovible en acier inoxydable<\/li>\n<li>Garantie 12 mois<\/li>\n<\/ul>\n","protected":false},"featured_media":3455,"comment_status":"open","ping_status":"closed","template":"","meta":{"jetpack_post_was_ever_published":false,"jetpack_publicize_message":"","jetpack_publicize_feature_enabled":true,"jetpack_social_post_already_shared":false,"jetpack_social_options":{"image_generator_settings":{"template":"highway","default_image_id":0,"font":"","enabled":false},"version":2}},"product_brand":[],"product_cat":[55,20],"product_tag":[],"class_list":{"0":"post-1378","1":"product","2":"type-product","3":"status-publish","4":"has-post-thumbnail","6":"product_cat-ceriotti","7":"product_cat-seche-cheveux","9":"first","10":"instock","11":"shipping-taxable","12":"purchasable","13":"product-type-simple"},"yoast_head":"<!-- This site is optimized with the Yoast SEO plugin v27.4 - https:\/\/yoast.com\/product\/yoast-seo-wordpress\/ -->\n<title>Ceriotti S\u00e8che-Cheveux Monsoon 3400 - Baya Shop<\/title>\n<meta name=\"description\" content=\"Nano-c\u00e9ramique 2000W  Finition brillante avec d\u00e9tails chrom\u00e9s  4 couleurs disponibles - noir, rouge, jaune, cappuccino  Moteur AC longue dur\u00e9e  Technologie &quot;Silent Brushing&quot; - le bruit du s\u00e8che-cheveux est parfaitement ma\u00eetris\u00e9 pendant le brossage  Technologie &quot;HPS2&quot; - tenir le s\u00e8che-cheveux plus facilement, sans se br\u00fbler  2 vitesses  4 temp\u00e9ratures  C\u00e2ble d&#039;alimentation anti-torsion de 3 m\u00e8tres  Filtre arri\u00e8re amovible en acier inoxydable  Garantie 12 mois\" \/>\n<meta name=\"robots\" content=\"index, follow, max-snippet:-1, max-image-preview:large, max-video-preview:-1\" \/>\n<link rel=\"canonical\" href=\"https:\/\/baya-shop.com\/home\/product\/ceriotti-monsoon-3400-2000watt-made-in-italy\/\" \/>\n<meta property=\"og:locale\" content=\"fr_FR\" \/>\n<meta property=\"og:type\" content=\"article\" \/>\n<meta property=\"og:title\" content=\"Ceriotti S\u00e8che-Cheveux Monsoon 3400 - Baya Shop\" \/>\n<meta property=\"og:description\" content=\"Nano-c\u00e9ramique 2000W  Finition brillante avec d\u00e9tails chrom\u00e9s  4 couleurs disponibles - noir, rouge, jaune, cappuccino  Moteur AC longue dur\u00e9e  Technologie &quot;Silent Brushing&quot; - le bruit du s\u00e8che-cheveux est parfaitement ma\u00eetris\u00e9 pendant le brossage  Technologie &quot;HPS2&quot; - tenir le s\u00e8che-cheveux plus facilement, sans se br\u00fbler  2 vitesses  4 temp\u00e9ratures  C\u00e2ble d&#039;alimentation anti-torsion de 3 m\u00e8tres  Filtre arri\u00e8re amovible en acier inoxydable  Garantie 12 mois\" \/>\n<meta property=\"og:url\" content=\"https:\/\/baya-shop.com\/home\/product\/ceriotti-monsoon-3400-2000watt-made-in-italy\/\" \/>\n<meta property=\"og:site_name\" content=\"Baya Shop\" \/>\n<meta property=\"article:publisher\" content=\"https:\/\/www.facebook.com\/Baya-Shop-103955257949742\" \/>\n<meta property=\"article:modified_time\" content=\"2025-04-19T16:07:36+00:00\" \/>\n<meta property=\"og:image\" content=\"https:\/\/baya-shop.com\/wp-content\/uploads\/2022\/12\/f_monsoon_gallery.webp\" \/>\n\t<meta property=\"og:image:width\" content=\"600\" \/>\n\t<meta property=\"og:image:height\" content=\"600\" \/>\n\t<meta property=\"og:image:type\" content=\"image\/webp\" \/>\n<meta name=\"twitter:card\" content=\"summary_large_image\" \/>\n<meta name=\"twitter:label1\" content=\"Dur\u00e9e de lecture estim\u00e9e\" \/>\n\t<meta name=\"twitter:data1\" content=\"1 minute\" \/>\n<script type=\"application\/ld+json\" class=\"yoast-schema-graph\">{\"@context\":\"https:\\\/\\\/schema.org\",\"@graph\":[{\"@type\":\"WebPage\",\"@id\":\"https:\\\/\\\/baya-shop.com\\\/home\\\/product\\\/ceriotti-monsoon-3400-2000watt-made-in-italy\\\/\",\"url\":\"https:\\\/\\\/baya-shop.com\\\/home\\\/product\\\/ceriotti-monsoon-3400-2000watt-made-in-italy\\\/\",\"name\":\"Ceriotti S\u00e8che-Cheveux Monsoon 3400 - Baya Shop\",\"isPartOf\":{\"@id\":\"https:\\\/\\\/baya-shop.com\\\/home\\\/#website\"},\"primaryImageOfPage\":{\"@id\":\"https:\\\/\\\/baya-shop.com\\\/home\\\/product\\\/ceriotti-monsoon-3400-2000watt-made-in-italy\\\/#primaryimage\"},\"image\":{\"@id\":\"https:\\\/\\\/baya-shop.com\\\/home\\\/product\\\/ceriotti-monsoon-3400-2000watt-made-in-italy\\\/#primaryimage\"},\"thumbnailUrl\":\"https:\\\/\\\/i0.wp.com\\\/baya-shop.com\\\/wp-content\\\/uploads\\\/2022\\\/12\\\/f_monsoon_gallery.webp?fit=600%2C600&ssl=1\",\"datePublished\":\"2022-12-13T10:41:12+00:00\",\"dateModified\":\"2025-04-19T16:07:36+00:00\",\"description\":\"Nano-c\u00e9ramique 2000W Finition brillante avec d\u00e9tails chrom\u00e9s 4 couleurs disponibles - noir, rouge, jaune, cappuccino Moteur AC longue dur\u00e9e Technologie \\\"Silent Brushing\\\" - le bruit du s\u00e8che-cheveux est parfaitement ma\u00eetris\u00e9 pendant le brossage Technologie \\\"HPS2\\\" - tenir le s\u00e8che-cheveux plus facilement, sans se br\u00fbler 2 vitesses 4 temp\u00e9ratures C\u00e2ble d'alimentation anti-torsion de 3 m\u00e8tres Filtre arri\u00e8re amovible en acier inoxydable Garantie 12 mois\",\"breadcrumb\":{\"@id\":\"https:\\\/\\\/baya-shop.com\\\/home\\\/product\\\/ceriotti-monsoon-3400-2000watt-made-in-italy\\\/#breadcrumb\"},\"inLanguage\":\"fr-FR\",\"potentialAction\":[{\"@type\":\"ReadAction\",\"target\":[\"https:\\\/\\\/baya-shop.com\\\/home\\\/product\\\/ceriotti-monsoon-3400-2000watt-made-in-italy\\\/\"]}]},{\"@type\":\"ImageObject\",\"inLanguage\":\"fr-FR\",\"@id\":\"https:\\\/\\\/baya-shop.com\\\/home\\\/product\\\/ceriotti-monsoon-3400-2000watt-made-in-italy\\\/#primaryimage\",\"url\":\"https:\\\/\\\/i0.wp.com\\\/baya-shop.com\\\/wp-content\\\/uploads\\\/2022\\\/12\\\/f_monsoon_gallery.webp?fit=600%2C600&ssl=1\",\"contentUrl\":\"https:\\\/\\\/i0.wp.com\\\/baya-shop.com\\\/wp-content\\\/uploads\\\/2022\\\/12\\\/f_monsoon_gallery.webp?fit=600%2C600&ssl=1\",\"width\":600,\"height\":600},{\"@type\":\"BreadcrumbList\",\"@id\":\"https:\\\/\\\/baya-shop.com\\\/home\\\/product\\\/ceriotti-monsoon-3400-2000watt-made-in-italy\\\/#breadcrumb\",\"itemListElement\":[{\"@type\":\"ListItem\",\"position\":1,\"name\":\"Accueil\",\"item\":\"https:\\\/\\\/baya-shop.com\\\/home\\\/\"},{\"@type\":\"ListItem\",\"position\":2,\"name\":\"Shop\",\"item\":\"https:\\\/\\\/baya-shop.com\\\/home\\\/shop\\\/\"},{\"@type\":\"ListItem\",\"position\":3,\"name\":\"Ceriotti S\u00e8che-Cheveux Monsoon 3400\"}]},{\"@type\":\"WebSite\",\"@id\":\"https:\\\/\\\/baya-shop.com\\\/home\\\/#website\",\"url\":\"https:\\\/\\\/baya-shop.com\\\/home\\\/\",\"name\":\"Baya Shop\",\"description\":\"\",\"publisher\":{\"@id\":\"https:\\\/\\\/baya-shop.com\\\/home\\\/#organization\"},\"potentialAction\":[{\"@type\":\"SearchAction\",\"target\":{\"@type\":\"EntryPoint\",\"urlTemplate\":\"https:\\\/\\\/baya-shop.com\\\/home\\\/?s={search_term_string}\"},\"query-input\":{\"@type\":\"PropertyValueSpecification\",\"valueRequired\":true,\"valueName\":\"search_term_string\"}}],\"inLanguage\":\"fr-FR\"},{\"@type\":\"Organization\",\"@id\":\"https:\\\/\\\/baya-shop.com\\\/home\\\/#organization\",\"name\":\"Baya Shop\",\"url\":\"https:\\\/\\\/baya-shop.com\\\/home\\\/\",\"logo\":{\"@type\":\"ImageObject\",\"inLanguage\":\"fr-FR\",\"@id\":\"https:\\\/\\\/baya-shop.com\\\/home\\\/#\\\/schema\\\/logo\\\/image\\\/\",\"url\":\"https:\\\/\\\/baya-shop.com\\\/wp-content\\\/uploads\\\/2020\\\/11\\\/g.png\",\"contentUrl\":\"https:\\\/\\\/baya-shop.com\\\/wp-content\\\/uploads\\\/2020\\\/11\\\/g.png\",\"width\":64,\"height\":64,\"caption\":\"Baya Shop\"},\"image\":{\"@id\":\"https:\\\/\\\/baya-shop.com\\\/home\\\/#\\\/schema\\\/logo\\\/image\\\/\"},\"sameAs\":[\"https:\\\/\\\/www.facebook.com\\\/Baya-Shop-103955257949742\",\"https:\\\/\\\/www.instagram.com\\\/baya_shop_dz\\\/\"]}]}<\/script>\n<!-- \/ Yoast SEO plugin. -->","yoast_head_json":{"title":"Ceriotti S\u00e8che-Cheveux Monsoon 3400 - Baya Shop","description":"Nano-c\u00e9ramique 2000W  Finition brillante avec d\u00e9tails chrom\u00e9s  4 couleurs disponibles - noir, rouge, jaune, cappuccino  Moteur AC longue dur\u00e9e  Technologie \"Silent Brushing\" - le bruit du s\u00e8che-cheveux est parfaitement ma\u00eetris\u00e9 pendant le brossage  Technologie \"HPS2\" - tenir le s\u00e8che-cheveux plus facilement, sans se br\u00fbler  2 vitesses  4 temp\u00e9ratures  C\u00e2ble d'alimentation anti-torsion de 3 m\u00e8tres  Filtre arri\u00e8re amovible en acier inoxydable  Garantie 12 mois","robots":{"index":"index","follow":"follow","max-snippet":"max-snippet:-1","max-image-preview":"max-image-preview:large","max-video-preview":"max-video-preview:-1"},"canonical":"https:\/\/baya-shop.com\/home\/product\/ceriotti-monsoon-3400-2000watt-made-in-italy\/","og_locale":"fr_FR","og_type":"article","og_title":"Ceriotti S\u00e8che-Cheveux Monsoon 3400 - Baya Shop","og_description":"Nano-c\u00e9ramique 2000W  Finition brillante avec d\u00e9tails chrom\u00e9s  4 couleurs disponibles - noir, rouge, jaune, cappuccino  Moteur AC longue dur\u00e9e  Technologie \"Silent Brushing\" - le bruit du s\u00e8che-cheveux est parfaitement ma\u00eetris\u00e9 pendant le brossage  Technologie \"HPS2\" - tenir le s\u00e8che-cheveux plus facilement, sans se br\u00fbler  2 vitesses  4 temp\u00e9ratures  C\u00e2ble d'alimentation anti-torsion de 3 m\u00e8tres  Filtre arri\u00e8re amovible en acier inoxydable  Garantie 12 mois","og_url":"https:\/\/baya-shop.com\/home\/product\/ceriotti-monsoon-3400-2000watt-made-in-italy\/","og_site_name":"Baya Shop","article_publisher":"https:\/\/www.facebook.com\/Baya-Shop-103955257949742","article_modified_time":"2025-04-19T16:07:36+00:00","og_image":[{"width":600,"height":600,"url":"https:\/\/baya-shop.com\/wp-content\/uploads\/2022\/12\/f_monsoon_gallery.webp","type":"image\/webp"}],"twitter_card":"summary_large_image","twitter_misc":{"Dur\u00e9e de lecture estim\u00e9e":"1 minute"},"schema":{"@context":"https:\/\/schema.org","@graph":[{"@type":"WebPage","@id":"https:\/\/baya-shop.com\/home\/product\/ceriotti-monsoon-3400-2000watt-made-in-italy\/","url":"https:\/\/baya-shop.com\/home\/product\/ceriotti-monsoon-3400-2000watt-made-in-italy\/","name":"Ceriotti S\u00e8che-Cheveux Monsoon 3400 - Baya Shop","isPartOf":{"@id":"https:\/\/baya-shop.com\/home\/#website"},"primaryImageOfPage":{"@id":"https:\/\/baya-shop.com\/home\/product\/ceriotti-monsoon-3400-2000watt-made-in-italy\/#primaryimage"},"image":{"@id":"https:\/\/baya-shop.com\/home\/product\/ceriotti-monsoon-3400-2000watt-made-in-italy\/#primaryimage"},"thumbnailUrl":"https:\/\/i0.wp.com\/baya-shop.com\/wp-content\/uploads\/2022\/12\/f_monsoon_gallery.webp?fit=600%2C600&ssl=1","datePublished":"2022-12-13T10:41:12+00:00","dateModified":"2025-04-19T16:07:36+00:00","description":"Nano-c\u00e9ramique 2000W Finition brillante avec d\u00e9tails chrom\u00e9s 4 couleurs disponibles - noir, rouge, jaune, cappuccino Moteur AC longue dur\u00e9e Technologie \"Silent Brushing\" - le bruit du s\u00e8che-cheveux est parfaitement ma\u00eetris\u00e9 pendant le brossage Technologie \"HPS2\" - tenir le s\u00e8che-cheveux plus facilement, sans se br\u00fbler 2 vitesses 4 temp\u00e9ratures C\u00e2ble d'alimentation anti-torsion de 3 m\u00e8tres Filtre arri\u00e8re amovible en acier inoxydable Garantie 12 mois","breadcrumb":{"@id":"https:\/\/baya-shop.com\/home\/product\/ceriotti-monsoon-3400-2000watt-made-in-italy\/#breadcrumb"},"inLanguage":"fr-FR","potentialAction":[{"@type":"ReadAction","target":["https:\/\/baya-shop.com\/home\/product\/ceriotti-monsoon-3400-2000watt-made-in-italy\/"]}]},{"@type":"ImageObject","inLanguage":"fr-FR","@id":"https:\/\/baya-shop.com\/home\/product\/ceriotti-monsoon-3400-2000watt-made-in-italy\/#primaryimage","url":"https:\/\/i0.wp.com\/baya-shop.com\/wp-content\/uploads\/2022\/12\/f_monsoon_gallery.webp?fit=600%2C600&ssl=1","contentUrl":"https:\/\/i0.wp.com\/baya-shop.com\/wp-content\/uploads\/2022\/12\/f_monsoon_gallery.webp?fit=600%2C600&ssl=1","width":600,"height":600},{"@type":"BreadcrumbList","@id":"https:\/\/baya-shop.com\/home\/product\/ceriotti-monsoon-3400-2000watt-made-in-italy\/#breadcrumb","itemListElement":[{"@type":"ListItem","position":1,"name":"Accueil","item":"https:\/\/baya-shop.com\/home\/"},{"@type":"ListItem","position":2,"name":"Shop","item":"https:\/\/baya-shop.com\/home\/shop\/"},{"@type":"ListItem","position":3,"name":"Ceriotti S\u00e8che-Cheveux Monsoon 3400"}]},{"@type":"WebSite","@id":"https:\/\/baya-shop.com\/home\/#website","url":"https:\/\/baya-shop.com\/home\/","name":"Baya Shop","description":"","publisher":{"@id":"https:\/\/baya-shop.com\/home\/#organization"},"potentialAction":[{"@type":"SearchAction","target":{"@type":"EntryPoint","urlTemplate":"https:\/\/baya-shop.com\/home\/?s={search_term_string}"},"query-input":{"@type":"PropertyValueSpecification","valueRequired":true,"valueName":"search_term_string"}}],"inLanguage":"fr-FR"},{"@type":"Organization","@id":"https:\/\/baya-shop.com\/home\/#organization","name":"Baya Shop","url":"https:\/\/baya-shop.com\/home\/","logo":{"@type":"ImageObject","inLanguage":"fr-FR","@id":"https:\/\/baya-shop.com\/home\/#\/schema\/logo\/image\/","url":"https:\/\/baya-shop.com\/wp-content\/uploads\/2020\/11\/g.png","contentUrl":"https:\/\/baya-shop.com\/wp-content\/uploads\/2020\/11\/g.png","width":64,"height":64,"caption":"Baya Shop"},"image":{"@id":"https:\/\/baya-shop.com\/home\/#\/schema\/logo\/image\/"},"sameAs":["https:\/\/www.facebook.com\/Baya-Shop-103955257949742","https:\/\/www.instagram.com\/baya_shop_dz\/"]}]}},"jetpack_publicize_connections":[],"jetpack_sharing_enabled":true,"jetpack_likes_enabled":true,"jetpack-related-posts":[],"_links":{"self":[{"href":"https:\/\/baya-shop.com\/home\/wp-json\/wp\/v2\/product\/1378","targetHints":{"allow":["GET"]}}],"collection":[{"href":"https:\/\/baya-shop.com\/home\/wp-json\/wp\/v2\/product"}],"about":[{"href":"https:\/\/baya-shop.com\/home\/wp-json\/wp\/v2\/types\/product"}],"replies":[{"embeddable":true,"href":"https:\/\/baya-shop.com\/home\/wp-json\/wp\/v2\/comments?post=1378"}],"wp:featuredmedia":[{"embeddable":true,"href":"https:\/\/baya-shop.com\/home\/wp-json\/wp\/v2\/media\/3455"}],"wp:attachment":[{"href":"https:\/\/baya-shop.com\/home\/wp-json\/wp\/v2\/media?parent=1378"}],"wp:term":[{"taxonomy":"product_brand","embeddable":true,"href":"https:\/\/baya-shop.com\/home\/wp-json\/wp\/v2\/product_brand?post=1378"},{"taxonomy":"product_cat","embeddable":true,"href":"https:\/\/baya-shop.com\/home\/wp-json\/wp\/v2\/product_cat?post=1378"},{"taxonomy":"product_tag","embeddable":true,"href":"https:\/\/baya-shop.com\/home\/wp-json\/wp\/v2\/product_tag?post=1378"}],"curies":[{"name":"wp","href":"https:\/\/api.w.org\/{rel}","templated":true}]}}