{"id":1350,"date":"2022-12-12T14:07:33","date_gmt":"2022-12-12T13:07:33","guid":{"rendered":"https:\/\/baya-shop.com\/home\/?post_type=product&#038;p=1350"},"modified":"2025-04-19T17:07:52","modified_gmt":"2025-04-19T16:07:52","slug":"remington-seche-cheveux-colour-protect-d6090","status":"publish","type":"product","link":"https:\/\/baya-shop.com\/home\/product\/remington-seche-cheveux-colour-protect-d6090\/","title":{"rendered":"REMINGTON S\u00e8che-cheveux colour protect D6090"},"content":{"rendered":"","protected":false},"excerpt":{"rendered":"<ul class=\"a-unordered-list a-vertical\">\n<li><span class=\"a-list-item\"><span class=\"a-size-base\">Puissance 2200 W : s\u00e9chage rapide<\/span><\/span><\/li>\n<li><span class=\"a-list-item\"><span class=\"a-size-base\">Grille avec soin micro-mol\u00e9culaire : pr\u00e9serve la coloration et prolonge l\u2019\u00e9clat des cheveux color\u00e9s*<\/span><\/span><\/li>\n<li><span class=\"a-list-item\"><span class=\"a-size-base\">Technologie Ionique : 90% d\u2019ions en plus* lisse les frisottis et donne une brillance intense<\/span><\/span><\/li>\n<li><span class=\"a-list-item\"><span class=\"a-size-base\">3 niveaux de temp\u00e9rature \/ 2 vitesses<\/span><\/span><\/li>\n<li><span class=\"a-list-item\"><span class=\"a-size-base\">Air frais : fixe la coiffure<\/span><\/span><\/li>\n<li><span class=\"a-list-item\"><span class=\"a-size-base\">Concentrateur<\/span><\/span><\/li>\n<li><span class=\"a-list-item\"><span class=\"a-size-base\">Grille arri\u00e8re amovible<\/span><\/span><\/li>\n<li><span class=\"a-list-item\"><span class=\"a-size-base\">Anneau de suspension<\/span><\/span><\/li>\n<li><span class=\"a-list-item\"><span class=\"a-size-base\">Cordon 1.8 m<\/span><\/span><\/li>\n<li><span class=\"a-list-item\"><span class=\"a-size-base\">Garantie 12Mois.<\/span><\/span><\/li>\n<\/ul>\n","protected":false},"featured_media":3293,"comment_status":"open","ping_status":"closed","template":"","meta":{"jetpack_post_was_ever_published":false,"jetpack_publicize_message":"","jetpack_publicize_feature_enabled":true,"jetpack_social_post_already_shared":false,"jetpack_social_options":{"image_generator_settings":{"template":"highway","default_image_id":0,"font":"","enabled":false},"version":2}},"product_brand":[],"product_cat":[47,20],"product_tag":[],"class_list":{"0":"post-1350","1":"product","2":"type-product","3":"status-publish","4":"has-post-thumbnail","6":"product_cat-remington","7":"product_cat-seche-cheveux","9":"first","10":"instock","11":"shipping-taxable","12":"purchasable","13":"product-type-simple"},"yoast_head":"<!-- This site is optimized with the Yoast SEO plugin v27.4 - https:\/\/yoast.com\/product\/yoast-seo-wordpress\/ -->\n<title>REMINGTON S\u00e8che-cheveux colour protect D6090 - Baya Shop<\/title>\n<meta name=\"description\" content=\"Puissance 2200 W : s\u00e9chage rapide  Grille avec soin micro-mol\u00e9culaire : pr\u00e9serve la coloration et prolonge l\u2019\u00e9clat des cheveux color\u00e9s*  Technologie Ionique : 90% d\u2019ions en plus* lisse les frisottis et donne une brillance intense  3 niveaux de temp\u00e9rature \/ 2 vitesses  Air frais : fixe la coiffure  Concentrateur  Grille arri\u00e8re amovible  Anneau de suspension  Cordon 1.8 m  Garantie 12Mois.\" \/>\n<meta name=\"robots\" content=\"index, follow, max-snippet:-1, max-image-preview:large, max-video-preview:-1\" \/>\n<link rel=\"canonical\" href=\"https:\/\/baya-shop.com\/home\/product\/remington-seche-cheveux-colour-protect-d6090\/\" \/>\n<meta property=\"og:locale\" content=\"fr_FR\" \/>\n<meta property=\"og:type\" content=\"article\" \/>\n<meta property=\"og:title\" content=\"REMINGTON S\u00e8che-cheveux colour protect D6090 - Baya Shop\" \/>\n<meta property=\"og:description\" content=\"Puissance 2200 W : s\u00e9chage rapide  Grille avec soin micro-mol\u00e9culaire : pr\u00e9serve la coloration et prolonge l\u2019\u00e9clat des cheveux color\u00e9s*  Technologie Ionique : 90% d\u2019ions en plus* lisse les frisottis et donne une brillance intense  3 niveaux de temp\u00e9rature \/ 2 vitesses  Air frais : fixe la coiffure  Concentrateur  Grille arri\u00e8re amovible  Anneau de suspension  Cordon 1.8 m  Garantie 12Mois.\" \/>\n<meta property=\"og:url\" content=\"https:\/\/baya-shop.com\/home\/product\/remington-seche-cheveux-colour-protect-d6090\/\" \/>\n<meta property=\"og:site_name\" content=\"Baya Shop\" \/>\n<meta property=\"article:publisher\" content=\"https:\/\/www.facebook.com\/Baya-Shop-103955257949742\" \/>\n<meta property=\"article:modified_time\" content=\"2025-04-19T16:07:52+00:00\" \/>\n<meta property=\"og:image\" content=\"https:\/\/baya-shop.com\/wp-content\/uploads\/2022\/12\/4008496870684-e1705686435760.webp\" \/>\n\t<meta property=\"og:image:width\" content=\"735\" \/>\n\t<meta property=\"og:image:height\" content=\"726\" \/>\n\t<meta property=\"og:image:type\" content=\"image\/webp\" \/>\n<meta name=\"twitter:card\" content=\"summary_large_image\" \/>\n<meta name=\"twitter:label1\" content=\"Dur\u00e9e de lecture estim\u00e9e\" \/>\n\t<meta name=\"twitter:data1\" content=\"1 minute\" \/>\n<script type=\"application\/ld+json\" class=\"yoast-schema-graph\">{\"@context\":\"https:\\\/\\\/schema.org\",\"@graph\":[{\"@type\":\"WebPage\",\"@id\":\"https:\\\/\\\/baya-shop.com\\\/home\\\/product\\\/remington-seche-cheveux-colour-protect-d6090\\\/\",\"url\":\"https:\\\/\\\/baya-shop.com\\\/home\\\/product\\\/remington-seche-cheveux-colour-protect-d6090\\\/\",\"name\":\"REMINGTON S\u00e8che-cheveux colour protect D6090 - Baya Shop\",\"isPartOf\":{\"@id\":\"https:\\\/\\\/baya-shop.com\\\/home\\\/#website\"},\"primaryImageOfPage\":{\"@id\":\"https:\\\/\\\/baya-shop.com\\\/home\\\/product\\\/remington-seche-cheveux-colour-protect-d6090\\\/#primaryimage\"},\"image\":{\"@id\":\"https:\\\/\\\/baya-shop.com\\\/home\\\/product\\\/remington-seche-cheveux-colour-protect-d6090\\\/#primaryimage\"},\"thumbnailUrl\":\"https:\\\/\\\/i0.wp.com\\\/baya-shop.com\\\/wp-content\\\/uploads\\\/2022\\\/12\\\/4008496870684-e1705686435760.webp?fit=735%2C726&ssl=1\",\"datePublished\":\"2022-12-12T13:07:33+00:00\",\"dateModified\":\"2025-04-19T16:07:52+00:00\",\"description\":\"Puissance 2200 W : s\u00e9chage rapide Grille avec soin micro-mol\u00e9culaire : pr\u00e9serve la coloration et prolonge l\u2019\u00e9clat des cheveux color\u00e9s* Technologie Ionique : 90% d\u2019ions en plus* lisse les frisottis et donne une brillance intense 3 niveaux de temp\u00e9rature \\\/ 2 vitesses Air frais : fixe la coiffure Concentrateur Grille arri\u00e8re amovible Anneau de suspension Cordon 1.8 m Garantie 12Mois.\",\"breadcrumb\":{\"@id\":\"https:\\\/\\\/baya-shop.com\\\/home\\\/product\\\/remington-seche-cheveux-colour-protect-d6090\\\/#breadcrumb\"},\"inLanguage\":\"fr-FR\",\"potentialAction\":[{\"@type\":\"ReadAction\",\"target\":[\"https:\\\/\\\/baya-shop.com\\\/home\\\/product\\\/remington-seche-cheveux-colour-protect-d6090\\\/\"]}]},{\"@type\":\"ImageObject\",\"inLanguage\":\"fr-FR\",\"@id\":\"https:\\\/\\\/baya-shop.com\\\/home\\\/product\\\/remington-seche-cheveux-colour-protect-d6090\\\/#primaryimage\",\"url\":\"https:\\\/\\\/i0.wp.com\\\/baya-shop.com\\\/wp-content\\\/uploads\\\/2022\\\/12\\\/4008496870684-e1705686435760.webp?fit=735%2C726&ssl=1\",\"contentUrl\":\"https:\\\/\\\/i0.wp.com\\\/baya-shop.com\\\/wp-content\\\/uploads\\\/2022\\\/12\\\/4008496870684-e1705686435760.webp?fit=735%2C726&ssl=1\",\"width\":735,\"height\":726},{\"@type\":\"BreadcrumbList\",\"@id\":\"https:\\\/\\\/baya-shop.com\\\/home\\\/product\\\/remington-seche-cheveux-colour-protect-d6090\\\/#breadcrumb\",\"itemListElement\":[{\"@type\":\"ListItem\",\"position\":1,\"name\":\"Accueil\",\"item\":\"https:\\\/\\\/baya-shop.com\\\/home\\\/\"},{\"@type\":\"ListItem\",\"position\":2,\"name\":\"Shop\",\"item\":\"https:\\\/\\\/baya-shop.com\\\/home\\\/shop\\\/\"},{\"@type\":\"ListItem\",\"position\":3,\"name\":\"REMINGTON S\u00e8che-cheveux colour protect D6090\"}]},{\"@type\":\"WebSite\",\"@id\":\"https:\\\/\\\/baya-shop.com\\\/home\\\/#website\",\"url\":\"https:\\\/\\\/baya-shop.com\\\/home\\\/\",\"name\":\"Baya Shop\",\"description\":\"\",\"publisher\":{\"@id\":\"https:\\\/\\\/baya-shop.com\\\/home\\\/#organization\"},\"potentialAction\":[{\"@type\":\"SearchAction\",\"target\":{\"@type\":\"EntryPoint\",\"urlTemplate\":\"https:\\\/\\\/baya-shop.com\\\/home\\\/?s={search_term_string}\"},\"query-input\":{\"@type\":\"PropertyValueSpecification\",\"valueRequired\":true,\"valueName\":\"search_term_string\"}}],\"inLanguage\":\"fr-FR\"},{\"@type\":\"Organization\",\"@id\":\"https:\\\/\\\/baya-shop.com\\\/home\\\/#organization\",\"name\":\"Baya Shop\",\"url\":\"https:\\\/\\\/baya-shop.com\\\/home\\\/\",\"logo\":{\"@type\":\"ImageObject\",\"inLanguage\":\"fr-FR\",\"@id\":\"https:\\\/\\\/baya-shop.com\\\/home\\\/#\\\/schema\\\/logo\\\/image\\\/\",\"url\":\"https:\\\/\\\/baya-shop.com\\\/wp-content\\\/uploads\\\/2020\\\/11\\\/g.png\",\"contentUrl\":\"https:\\\/\\\/baya-shop.com\\\/wp-content\\\/uploads\\\/2020\\\/11\\\/g.png\",\"width\":64,\"height\":64,\"caption\":\"Baya Shop\"},\"image\":{\"@id\":\"https:\\\/\\\/baya-shop.com\\\/home\\\/#\\\/schema\\\/logo\\\/image\\\/\"},\"sameAs\":[\"https:\\\/\\\/www.facebook.com\\\/Baya-Shop-103955257949742\",\"https:\\\/\\\/www.instagram.com\\\/baya_shop_dz\\\/\"]}]}<\/script>\n<!-- \/ Yoast SEO plugin. -->","yoast_head_json":{"title":"REMINGTON S\u00e8che-cheveux colour protect D6090 - Baya Shop","description":"Puissance 2200 W : s\u00e9chage rapide  Grille avec soin micro-mol\u00e9culaire : pr\u00e9serve la coloration et prolonge l\u2019\u00e9clat des cheveux color\u00e9s*  Technologie Ionique : 90% d\u2019ions en plus* lisse les frisottis et donne une brillance intense  3 niveaux de temp\u00e9rature \/ 2 vitesses  Air frais : fixe la coiffure  Concentrateur  Grille arri\u00e8re amovible  Anneau de suspension  Cordon 1.8 m  Garantie 12Mois.","robots":{"index":"index","follow":"follow","max-snippet":"max-snippet:-1","max-image-preview":"max-image-preview:large","max-video-preview":"max-video-preview:-1"},"canonical":"https:\/\/baya-shop.com\/home\/product\/remington-seche-cheveux-colour-protect-d6090\/","og_locale":"fr_FR","og_type":"article","og_title":"REMINGTON S\u00e8che-cheveux colour protect D6090 - Baya Shop","og_description":"Puissance 2200 W : s\u00e9chage rapide  Grille avec soin micro-mol\u00e9culaire : pr\u00e9serve la coloration et prolonge l\u2019\u00e9clat des cheveux color\u00e9s*  Technologie Ionique : 90% d\u2019ions en plus* lisse les frisottis et donne une brillance intense  3 niveaux de temp\u00e9rature \/ 2 vitesses  Air frais : fixe la coiffure  Concentrateur  Grille arri\u00e8re amovible  Anneau de suspension  Cordon 1.8 m  Garantie 12Mois.","og_url":"https:\/\/baya-shop.com\/home\/product\/remington-seche-cheveux-colour-protect-d6090\/","og_site_name":"Baya Shop","article_publisher":"https:\/\/www.facebook.com\/Baya-Shop-103955257949742","article_modified_time":"2025-04-19T16:07:52+00:00","og_image":[{"width":735,"height":726,"url":"https:\/\/baya-shop.com\/wp-content\/uploads\/2022\/12\/4008496870684-e1705686435760.webp","type":"image\/webp"}],"twitter_card":"summary_large_image","twitter_misc":{"Dur\u00e9e de lecture estim\u00e9e":"1 minute"},"schema":{"@context":"https:\/\/schema.org","@graph":[{"@type":"WebPage","@id":"https:\/\/baya-shop.com\/home\/product\/remington-seche-cheveux-colour-protect-d6090\/","url":"https:\/\/baya-shop.com\/home\/product\/remington-seche-cheveux-colour-protect-d6090\/","name":"REMINGTON S\u00e8che-cheveux colour protect D6090 - Baya Shop","isPartOf":{"@id":"https:\/\/baya-shop.com\/home\/#website"},"primaryImageOfPage":{"@id":"https:\/\/baya-shop.com\/home\/product\/remington-seche-cheveux-colour-protect-d6090\/#primaryimage"},"image":{"@id":"https:\/\/baya-shop.com\/home\/product\/remington-seche-cheveux-colour-protect-d6090\/#primaryimage"},"thumbnailUrl":"https:\/\/i0.wp.com\/baya-shop.com\/wp-content\/uploads\/2022\/12\/4008496870684-e1705686435760.webp?fit=735%2C726&ssl=1","datePublished":"2022-12-12T13:07:33+00:00","dateModified":"2025-04-19T16:07:52+00:00","description":"Puissance 2200 W : s\u00e9chage rapide Grille avec soin micro-mol\u00e9culaire : pr\u00e9serve la coloration et prolonge l\u2019\u00e9clat des cheveux color\u00e9s* Technologie Ionique : 90% d\u2019ions en plus* lisse les frisottis et donne une brillance intense 3 niveaux de temp\u00e9rature \/ 2 vitesses Air frais : fixe la coiffure Concentrateur Grille arri\u00e8re amovible Anneau de suspension Cordon 1.8 m Garantie 12Mois.","breadcrumb":{"@id":"https:\/\/baya-shop.com\/home\/product\/remington-seche-cheveux-colour-protect-d6090\/#breadcrumb"},"inLanguage":"fr-FR","potentialAction":[{"@type":"ReadAction","target":["https:\/\/baya-shop.com\/home\/product\/remington-seche-cheveux-colour-protect-d6090\/"]}]},{"@type":"ImageObject","inLanguage":"fr-FR","@id":"https:\/\/baya-shop.com\/home\/product\/remington-seche-cheveux-colour-protect-d6090\/#primaryimage","url":"https:\/\/i0.wp.com\/baya-shop.com\/wp-content\/uploads\/2022\/12\/4008496870684-e1705686435760.webp?fit=735%2C726&ssl=1","contentUrl":"https:\/\/i0.wp.com\/baya-shop.com\/wp-content\/uploads\/2022\/12\/4008496870684-e1705686435760.webp?fit=735%2C726&ssl=1","width":735,"height":726},{"@type":"BreadcrumbList","@id":"https:\/\/baya-shop.com\/home\/product\/remington-seche-cheveux-colour-protect-d6090\/#breadcrumb","itemListElement":[{"@type":"ListItem","position":1,"name":"Accueil","item":"https:\/\/baya-shop.com\/home\/"},{"@type":"ListItem","position":2,"name":"Shop","item":"https:\/\/baya-shop.com\/home\/shop\/"},{"@type":"ListItem","position":3,"name":"REMINGTON S\u00e8che-cheveux colour protect D6090"}]},{"@type":"WebSite","@id":"https:\/\/baya-shop.com\/home\/#website","url":"https:\/\/baya-shop.com\/home\/","name":"Baya Shop","description":"","publisher":{"@id":"https:\/\/baya-shop.com\/home\/#organization"},"potentialAction":[{"@type":"SearchAction","target":{"@type":"EntryPoint","urlTemplate":"https:\/\/baya-shop.com\/home\/?s={search_term_string}"},"query-input":{"@type":"PropertyValueSpecification","valueRequired":true,"valueName":"search_term_string"}}],"inLanguage":"fr-FR"},{"@type":"Organization","@id":"https:\/\/baya-shop.com\/home\/#organization","name":"Baya Shop","url":"https:\/\/baya-shop.com\/home\/","logo":{"@type":"ImageObject","inLanguage":"fr-FR","@id":"https:\/\/baya-shop.com\/home\/#\/schema\/logo\/image\/","url":"https:\/\/baya-shop.com\/wp-content\/uploads\/2020\/11\/g.png","contentUrl":"https:\/\/baya-shop.com\/wp-content\/uploads\/2020\/11\/g.png","width":64,"height":64,"caption":"Baya Shop"},"image":{"@id":"https:\/\/baya-shop.com\/home\/#\/schema\/logo\/image\/"},"sameAs":["https:\/\/www.facebook.com\/Baya-Shop-103955257949742","https:\/\/www.instagram.com\/baya_shop_dz\/"]}]}},"jetpack_publicize_connections":[],"jetpack_sharing_enabled":true,"jetpack_likes_enabled":true,"jetpack-related-posts":[],"_links":{"self":[{"href":"https:\/\/baya-shop.com\/home\/wp-json\/wp\/v2\/product\/1350","targetHints":{"allow":["GET"]}}],"collection":[{"href":"https:\/\/baya-shop.com\/home\/wp-json\/wp\/v2\/product"}],"about":[{"href":"https:\/\/baya-shop.com\/home\/wp-json\/wp\/v2\/types\/product"}],"replies":[{"embeddable":true,"href":"https:\/\/baya-shop.com\/home\/wp-json\/wp\/v2\/comments?post=1350"}],"wp:featuredmedia":[{"embeddable":true,"href":"https:\/\/baya-shop.com\/home\/wp-json\/wp\/v2\/media\/3293"}],"wp:attachment":[{"href":"https:\/\/baya-shop.com\/home\/wp-json\/wp\/v2\/media?parent=1350"}],"wp:term":[{"taxonomy":"product_brand","embeddable":true,"href":"https:\/\/baya-shop.com\/home\/wp-json\/wp\/v2\/product_brand?post=1350"},{"taxonomy":"product_cat","embeddable":true,"href":"https:\/\/baya-shop.com\/home\/wp-json\/wp\/v2\/product_cat?post=1350"},{"taxonomy":"product_tag","embeddable":true,"href":"https:\/\/baya-shop.com\/home\/wp-json\/wp\/v2\/product_tag?post=1350"}],"curies":[{"name":"wp","href":"https:\/\/api.w.org\/{rel}","templated":true}]}}