{"id":1333,"date":"2022-12-07T18:24:40","date_gmt":"2022-12-07T17:24:40","guid":{"rendered":"https:\/\/baya-shop.com\/home\/?post_type=product&#038;p=1333"},"modified":"2026-03-29T14:20:50","modified_gmt":"2026-03-29T13:20:50","slug":"remington-seche-cheveux-keratin-protect-ac8820","status":"publish","type":"product","link":"https:\/\/baya-shop.com\/home\/product\/remington-seche-cheveux-keratin-protect-ac8820\/","title":{"rendered":"REMINGTON S\u00e8che-Cheveux keratin protect AC8820"},"content":{"rendered":"","protected":false},"excerpt":{"rendered":"<ul>\n<li>2200 W<\/li>\n<li>Moteur AC professionnel longue dur\u00e9e<\/li>\n<li>Anneau impr\u00e9gn\u00e9 \u00e0 la k\u00e9ratine &amp; \u00e0 l\u2019huile d\u2019amande diffuse un soin micromol\u00e9culaire<\/li>\n<li>Grille rev\u00eatement C\u00e9ramique<\/li>\n<li>Technologie Ionique : 90% d&rsquo;ions en plus, lisse les frisottis et donne une brillance intense*<\/li>\n<li>3 niveaux de temp\u00e9rature \/ 2 vitesses<\/li>\n<li>Air froid : fixe la coiffure<\/li>\n<li>Concentrateur 7 mm pour un brushing professionnel<\/li>\n<li>Concentrateur 11 mm pour un s\u00e9chage rapide<\/li>\n<li>Diffuseur sp\u00e9cial volume<\/li>\n<li>Grille arri\u00e8re amovible<\/li>\n<li>Anneau de suspension<\/li>\n<li>Cordon 3 m<\/li>\n<li>Garantie 12 Mois.<\/li>\n<\/ul>\n","protected":false},"featured_media":3290,"comment_status":"open","ping_status":"closed","template":"","meta":{"jetpack_post_was_ever_published":false,"jetpack_publicize_message":"","jetpack_publicize_feature_enabled":true,"jetpack_social_post_already_shared":false,"jetpack_social_options":{"image_generator_settings":{"template":"highway","default_image_id":0,"font":"","enabled":false},"version":2}},"product_brand":[],"product_cat":[46,72,47,20],"product_tag":[],"class_list":{"0":"post-1333","1":"product","2":"type-product","3":"status-publish","4":"has-post-thumbnail","6":"product_cat-promotion","7":"product_cat-promotion-dete-2024","8":"product_cat-remington","9":"product_cat-seche-cheveux","11":"first","12":"instock","13":"sale","14":"shipping-taxable","15":"purchasable","16":"product-type-simple"},"yoast_head":"<!-- This site is optimized with the Yoast SEO plugin v27.4 - https:\/\/yoast.com\/product\/yoast-seo-wordpress\/ -->\n<title>REMINGTON S\u00e8che-Cheveux keratin protect AC8820 - Baya Shop<\/title>\n<meta name=\"description\" content=\"2200 W  Moteur AC professionnel longue dur\u00e9e  Anneau impr\u00e9gn\u00e9 \u00e0 la k\u00e9ratine &amp; \u00e0 l\u2019huile d\u2019amande diffuse un soin micromol\u00e9culaire  Grille rev\u00eatement C\u00e9ramique  Technologie Ionique : 90% d&#039;ions en plus, lisse les frisottis et donne une brillance intense*  3 niveaux de temp\u00e9rature \/ 2 vitesses  Air froid : fixe la coiffure  Concentrateur 7 mm pour un brushing professionnel  Concentrateur 11 mm pour un s\u00e9chage rapide  Diffuseur sp\u00e9cial volume  Grille arri\u00e8re amovible  Anneau de suspension  Cordon 3 m  Garantie 12 Mois.\" \/>\n<meta name=\"robots\" content=\"index, follow, max-snippet:-1, max-image-preview:large, max-video-preview:-1\" \/>\n<link rel=\"canonical\" href=\"https:\/\/baya-shop.com\/home\/product\/remington-seche-cheveux-keratin-protect-ac8820\/\" \/>\n<meta property=\"og:locale\" content=\"fr_FR\" \/>\n<meta property=\"og:type\" content=\"article\" \/>\n<meta property=\"og:title\" content=\"REMINGTON S\u00e8che-Cheveux keratin protect AC8820 - Baya Shop\" \/>\n<meta property=\"og:description\" content=\"2200 W  Moteur AC professionnel longue dur\u00e9e  Anneau impr\u00e9gn\u00e9 \u00e0 la k\u00e9ratine &amp; \u00e0 l\u2019huile d\u2019amande diffuse un soin micromol\u00e9culaire  Grille rev\u00eatement C\u00e9ramique  Technologie Ionique : 90% d&#039;ions en plus, lisse les frisottis et donne une brillance intense*  3 niveaux de temp\u00e9rature \/ 2 vitesses  Air froid : fixe la coiffure  Concentrateur 7 mm pour un brushing professionnel  Concentrateur 11 mm pour un s\u00e9chage rapide  Diffuseur sp\u00e9cial volume  Grille arri\u00e8re amovible  Anneau de suspension  Cordon 3 m  Garantie 12 Mois.\" \/>\n<meta property=\"og:url\" content=\"https:\/\/baya-shop.com\/home\/product\/remington-seche-cheveux-keratin-protect-ac8820\/\" \/>\n<meta property=\"og:site_name\" content=\"Baya Shop\" \/>\n<meta property=\"article:publisher\" content=\"https:\/\/www.facebook.com\/Baya-Shop-103955257949742\" \/>\n<meta property=\"article:modified_time\" content=\"2026-03-29T13:20:50+00:00\" \/>\n<meta property=\"og:image\" content=\"https:\/\/baya-shop.com\/wp-content\/uploads\/2022\/12\/bbb4c8dfe499fa907b600fc80b5006afd728049e_original-e1705686057549.jpeg\" \/>\n\t<meta property=\"og:image:width\" content=\"802\" \/>\n\t<meta property=\"og:image:height\" content=\"800\" \/>\n\t<meta property=\"og:image:type\" content=\"image\/jpeg\" \/>\n<meta name=\"twitter:card\" content=\"summary_large_image\" \/>\n<meta name=\"twitter:label1\" content=\"Dur\u00e9e de lecture estim\u00e9e\" \/>\n\t<meta name=\"twitter:data1\" content=\"1 minute\" \/>\n<script type=\"application\/ld+json\" class=\"yoast-schema-graph\">{\"@context\":\"https:\\\/\\\/schema.org\",\"@graph\":[{\"@type\":\"WebPage\",\"@id\":\"https:\\\/\\\/baya-shop.com\\\/home\\\/product\\\/remington-seche-cheveux-keratin-protect-ac8820\\\/\",\"url\":\"https:\\\/\\\/baya-shop.com\\\/home\\\/product\\\/remington-seche-cheveux-keratin-protect-ac8820\\\/\",\"name\":\"REMINGTON S\u00e8che-Cheveux keratin protect AC8820 - Baya Shop\",\"isPartOf\":{\"@id\":\"https:\\\/\\\/baya-shop.com\\\/home\\\/#website\"},\"primaryImageOfPage\":{\"@id\":\"https:\\\/\\\/baya-shop.com\\\/home\\\/product\\\/remington-seche-cheveux-keratin-protect-ac8820\\\/#primaryimage\"},\"image\":{\"@id\":\"https:\\\/\\\/baya-shop.com\\\/home\\\/product\\\/remington-seche-cheveux-keratin-protect-ac8820\\\/#primaryimage\"},\"thumbnailUrl\":\"https:\\\/\\\/i0.wp.com\\\/baya-shop.com\\\/wp-content\\\/uploads\\\/2022\\\/12\\\/bbb4c8dfe499fa907b600fc80b5006afd728049e_original-e1705686057549.jpeg?fit=802%2C800&ssl=1\",\"datePublished\":\"2022-12-07T17:24:40+00:00\",\"dateModified\":\"2026-03-29T13:20:50+00:00\",\"description\":\"2200 W Moteur AC professionnel longue dur\u00e9e Anneau impr\u00e9gn\u00e9 \u00e0 la k\u00e9ratine &amp; \u00e0 l\u2019huile d\u2019amande diffuse un soin micromol\u00e9culaire Grille rev\u00eatement C\u00e9ramique Technologie Ionique : 90% d'ions en plus, lisse les frisottis et donne une brillance intense* 3 niveaux de temp\u00e9rature \\\/ 2 vitesses Air froid : fixe la coiffure Concentrateur 7 mm pour un brushing professionnel Concentrateur 11 mm pour un s\u00e9chage rapide Diffuseur sp\u00e9cial volume Grille arri\u00e8re amovible Anneau de suspension Cordon 3 m Garantie 12 Mois.\",\"breadcrumb\":{\"@id\":\"https:\\\/\\\/baya-shop.com\\\/home\\\/product\\\/remington-seche-cheveux-keratin-protect-ac8820\\\/#breadcrumb\"},\"inLanguage\":\"fr-FR\",\"potentialAction\":[{\"@type\":\"ReadAction\",\"target\":[\"https:\\\/\\\/baya-shop.com\\\/home\\\/product\\\/remington-seche-cheveux-keratin-protect-ac8820\\\/\"]}]},{\"@type\":\"ImageObject\",\"inLanguage\":\"fr-FR\",\"@id\":\"https:\\\/\\\/baya-shop.com\\\/home\\\/product\\\/remington-seche-cheveux-keratin-protect-ac8820\\\/#primaryimage\",\"url\":\"https:\\\/\\\/i0.wp.com\\\/baya-shop.com\\\/wp-content\\\/uploads\\\/2022\\\/12\\\/bbb4c8dfe499fa907b600fc80b5006afd728049e_original-e1705686057549.jpeg?fit=802%2C800&ssl=1\",\"contentUrl\":\"https:\\\/\\\/i0.wp.com\\\/baya-shop.com\\\/wp-content\\\/uploads\\\/2022\\\/12\\\/bbb4c8dfe499fa907b600fc80b5006afd728049e_original-e1705686057549.jpeg?fit=802%2C800&ssl=1\",\"width\":802,\"height\":800},{\"@type\":\"BreadcrumbList\",\"@id\":\"https:\\\/\\\/baya-shop.com\\\/home\\\/product\\\/remington-seche-cheveux-keratin-protect-ac8820\\\/#breadcrumb\",\"itemListElement\":[{\"@type\":\"ListItem\",\"position\":1,\"name\":\"Accueil\",\"item\":\"https:\\\/\\\/baya-shop.com\\\/home\\\/\"},{\"@type\":\"ListItem\",\"position\":2,\"name\":\"Shop\",\"item\":\"https:\\\/\\\/baya-shop.com\\\/home\\\/shop\\\/\"},{\"@type\":\"ListItem\",\"position\":3,\"name\":\"REMINGTON S\u00e8che-Cheveux keratin protect AC8820\"}]},{\"@type\":\"WebSite\",\"@id\":\"https:\\\/\\\/baya-shop.com\\\/home\\\/#website\",\"url\":\"https:\\\/\\\/baya-shop.com\\\/home\\\/\",\"name\":\"Baya Shop\",\"description\":\"\",\"publisher\":{\"@id\":\"https:\\\/\\\/baya-shop.com\\\/home\\\/#organization\"},\"potentialAction\":[{\"@type\":\"SearchAction\",\"target\":{\"@type\":\"EntryPoint\",\"urlTemplate\":\"https:\\\/\\\/baya-shop.com\\\/home\\\/?s={search_term_string}\"},\"query-input\":{\"@type\":\"PropertyValueSpecification\",\"valueRequired\":true,\"valueName\":\"search_term_string\"}}],\"inLanguage\":\"fr-FR\"},{\"@type\":\"Organization\",\"@id\":\"https:\\\/\\\/baya-shop.com\\\/home\\\/#organization\",\"name\":\"Baya Shop\",\"url\":\"https:\\\/\\\/baya-shop.com\\\/home\\\/\",\"logo\":{\"@type\":\"ImageObject\",\"inLanguage\":\"fr-FR\",\"@id\":\"https:\\\/\\\/baya-shop.com\\\/home\\\/#\\\/schema\\\/logo\\\/image\\\/\",\"url\":\"https:\\\/\\\/baya-shop.com\\\/wp-content\\\/uploads\\\/2020\\\/11\\\/g.png\",\"contentUrl\":\"https:\\\/\\\/baya-shop.com\\\/wp-content\\\/uploads\\\/2020\\\/11\\\/g.png\",\"width\":64,\"height\":64,\"caption\":\"Baya Shop\"},\"image\":{\"@id\":\"https:\\\/\\\/baya-shop.com\\\/home\\\/#\\\/schema\\\/logo\\\/image\\\/\"},\"sameAs\":[\"https:\\\/\\\/www.facebook.com\\\/Baya-Shop-103955257949742\",\"https:\\\/\\\/www.instagram.com\\\/baya_shop_dz\\\/\"]}]}<\/script>\n<!-- \/ Yoast SEO plugin. -->","yoast_head_json":{"title":"REMINGTON S\u00e8che-Cheveux keratin protect AC8820 - Baya Shop","description":"2200 W  Moteur AC professionnel longue dur\u00e9e  Anneau impr\u00e9gn\u00e9 \u00e0 la k\u00e9ratine &amp; \u00e0 l\u2019huile d\u2019amande diffuse un soin micromol\u00e9culaire  Grille rev\u00eatement C\u00e9ramique  Technologie Ionique : 90% d'ions en plus, lisse les frisottis et donne une brillance intense*  3 niveaux de temp\u00e9rature \/ 2 vitesses  Air froid : fixe la coiffure  Concentrateur 7 mm pour un brushing professionnel  Concentrateur 11 mm pour un s\u00e9chage rapide  Diffuseur sp\u00e9cial volume  Grille arri\u00e8re amovible  Anneau de suspension  Cordon 3 m  Garantie 12 Mois.","robots":{"index":"index","follow":"follow","max-snippet":"max-snippet:-1","max-image-preview":"max-image-preview:large","max-video-preview":"max-video-preview:-1"},"canonical":"https:\/\/baya-shop.com\/home\/product\/remington-seche-cheveux-keratin-protect-ac8820\/","og_locale":"fr_FR","og_type":"article","og_title":"REMINGTON S\u00e8che-Cheveux keratin protect AC8820 - Baya Shop","og_description":"2200 W  Moteur AC professionnel longue dur\u00e9e  Anneau impr\u00e9gn\u00e9 \u00e0 la k\u00e9ratine &amp; \u00e0 l\u2019huile d\u2019amande diffuse un soin micromol\u00e9culaire  Grille rev\u00eatement C\u00e9ramique  Technologie Ionique : 90% d'ions en plus, lisse les frisottis et donne une brillance intense*  3 niveaux de temp\u00e9rature \/ 2 vitesses  Air froid : fixe la coiffure  Concentrateur 7 mm pour un brushing professionnel  Concentrateur 11 mm pour un s\u00e9chage rapide  Diffuseur sp\u00e9cial volume  Grille arri\u00e8re amovible  Anneau de suspension  Cordon 3 m  Garantie 12 Mois.","og_url":"https:\/\/baya-shop.com\/home\/product\/remington-seche-cheveux-keratin-protect-ac8820\/","og_site_name":"Baya Shop","article_publisher":"https:\/\/www.facebook.com\/Baya-Shop-103955257949742","article_modified_time":"2026-03-29T13:20:50+00:00","og_image":[{"width":802,"height":800,"url":"https:\/\/baya-shop.com\/wp-content\/uploads\/2022\/12\/bbb4c8dfe499fa907b600fc80b5006afd728049e_original-e1705686057549.jpeg","type":"image\/jpeg"}],"twitter_card":"summary_large_image","twitter_misc":{"Dur\u00e9e de lecture estim\u00e9e":"1 minute"},"schema":{"@context":"https:\/\/schema.org","@graph":[{"@type":"WebPage","@id":"https:\/\/baya-shop.com\/home\/product\/remington-seche-cheveux-keratin-protect-ac8820\/","url":"https:\/\/baya-shop.com\/home\/product\/remington-seche-cheveux-keratin-protect-ac8820\/","name":"REMINGTON S\u00e8che-Cheveux keratin protect AC8820 - Baya Shop","isPartOf":{"@id":"https:\/\/baya-shop.com\/home\/#website"},"primaryImageOfPage":{"@id":"https:\/\/baya-shop.com\/home\/product\/remington-seche-cheveux-keratin-protect-ac8820\/#primaryimage"},"image":{"@id":"https:\/\/baya-shop.com\/home\/product\/remington-seche-cheveux-keratin-protect-ac8820\/#primaryimage"},"thumbnailUrl":"https:\/\/i0.wp.com\/baya-shop.com\/wp-content\/uploads\/2022\/12\/bbb4c8dfe499fa907b600fc80b5006afd728049e_original-e1705686057549.jpeg?fit=802%2C800&ssl=1","datePublished":"2022-12-07T17:24:40+00:00","dateModified":"2026-03-29T13:20:50+00:00","description":"2200 W Moteur AC professionnel longue dur\u00e9e Anneau impr\u00e9gn\u00e9 \u00e0 la k\u00e9ratine &amp; \u00e0 l\u2019huile d\u2019amande diffuse un soin micromol\u00e9culaire Grille rev\u00eatement C\u00e9ramique Technologie Ionique : 90% d'ions en plus, lisse les frisottis et donne une brillance intense* 3 niveaux de temp\u00e9rature \/ 2 vitesses Air froid : fixe la coiffure Concentrateur 7 mm pour un brushing professionnel Concentrateur 11 mm pour un s\u00e9chage rapide Diffuseur sp\u00e9cial volume Grille arri\u00e8re amovible Anneau de suspension Cordon 3 m Garantie 12 Mois.","breadcrumb":{"@id":"https:\/\/baya-shop.com\/home\/product\/remington-seche-cheveux-keratin-protect-ac8820\/#breadcrumb"},"inLanguage":"fr-FR","potentialAction":[{"@type":"ReadAction","target":["https:\/\/baya-shop.com\/home\/product\/remington-seche-cheveux-keratin-protect-ac8820\/"]}]},{"@type":"ImageObject","inLanguage":"fr-FR","@id":"https:\/\/baya-shop.com\/home\/product\/remington-seche-cheveux-keratin-protect-ac8820\/#primaryimage","url":"https:\/\/i0.wp.com\/baya-shop.com\/wp-content\/uploads\/2022\/12\/bbb4c8dfe499fa907b600fc80b5006afd728049e_original-e1705686057549.jpeg?fit=802%2C800&ssl=1","contentUrl":"https:\/\/i0.wp.com\/baya-shop.com\/wp-content\/uploads\/2022\/12\/bbb4c8dfe499fa907b600fc80b5006afd728049e_original-e1705686057549.jpeg?fit=802%2C800&ssl=1","width":802,"height":800},{"@type":"BreadcrumbList","@id":"https:\/\/baya-shop.com\/home\/product\/remington-seche-cheveux-keratin-protect-ac8820\/#breadcrumb","itemListElement":[{"@type":"ListItem","position":1,"name":"Accueil","item":"https:\/\/baya-shop.com\/home\/"},{"@type":"ListItem","position":2,"name":"Shop","item":"https:\/\/baya-shop.com\/home\/shop\/"},{"@type":"ListItem","position":3,"name":"REMINGTON S\u00e8che-Cheveux keratin protect AC8820"}]},{"@type":"WebSite","@id":"https:\/\/baya-shop.com\/home\/#website","url":"https:\/\/baya-shop.com\/home\/","name":"Baya Shop","description":"","publisher":{"@id":"https:\/\/baya-shop.com\/home\/#organization"},"potentialAction":[{"@type":"SearchAction","target":{"@type":"EntryPoint","urlTemplate":"https:\/\/baya-shop.com\/home\/?s={search_term_string}"},"query-input":{"@type":"PropertyValueSpecification","valueRequired":true,"valueName":"search_term_string"}}],"inLanguage":"fr-FR"},{"@type":"Organization","@id":"https:\/\/baya-shop.com\/home\/#organization","name":"Baya Shop","url":"https:\/\/baya-shop.com\/home\/","logo":{"@type":"ImageObject","inLanguage":"fr-FR","@id":"https:\/\/baya-shop.com\/home\/#\/schema\/logo\/image\/","url":"https:\/\/baya-shop.com\/wp-content\/uploads\/2020\/11\/g.png","contentUrl":"https:\/\/baya-shop.com\/wp-content\/uploads\/2020\/11\/g.png","width":64,"height":64,"caption":"Baya Shop"},"image":{"@id":"https:\/\/baya-shop.com\/home\/#\/schema\/logo\/image\/"},"sameAs":["https:\/\/www.facebook.com\/Baya-Shop-103955257949742","https:\/\/www.instagram.com\/baya_shop_dz\/"]}]}},"jetpack_publicize_connections":[],"jetpack_sharing_enabled":true,"jetpack_likes_enabled":true,"jetpack-related-posts":[],"_links":{"self":[{"href":"https:\/\/baya-shop.com\/home\/wp-json\/wp\/v2\/product\/1333","targetHints":{"allow":["GET"]}}],"collection":[{"href":"https:\/\/baya-shop.com\/home\/wp-json\/wp\/v2\/product"}],"about":[{"href":"https:\/\/baya-shop.com\/home\/wp-json\/wp\/v2\/types\/product"}],"replies":[{"embeddable":true,"href":"https:\/\/baya-shop.com\/home\/wp-json\/wp\/v2\/comments?post=1333"}],"wp:featuredmedia":[{"embeddable":true,"href":"https:\/\/baya-shop.com\/home\/wp-json\/wp\/v2\/media\/3290"}],"wp:attachment":[{"href":"https:\/\/baya-shop.com\/home\/wp-json\/wp\/v2\/media?parent=1333"}],"wp:term":[{"taxonomy":"product_brand","embeddable":true,"href":"https:\/\/baya-shop.com\/home\/wp-json\/wp\/v2\/product_brand?post=1333"},{"taxonomy":"product_cat","embeddable":true,"href":"https:\/\/baya-shop.com\/home\/wp-json\/wp\/v2\/product_cat?post=1333"},{"taxonomy":"product_tag","embeddable":true,"href":"https:\/\/baya-shop.com\/home\/wp-json\/wp\/v2\/product_tag?post=1333"}],"curies":[{"name":"wp","href":"https:\/\/api.w.org\/{rel}","templated":true}]}}