{"id":1269,"date":"2022-10-13T15:59:51","date_gmt":"2022-10-13T14:59:51","guid":{"rendered":"https:\/\/baya-shop.com\/home\/?post_type=product&#038;p=1269"},"modified":"2024-09-17T11:51:26","modified_gmt":"2024-09-17T10:51:26","slug":"braun-epilateur-wet-dry-silk-epil-5-mbses5-design-edition-et-5-accessoires","status":"publish","type":"product","link":"https:\/\/baya-shop.com\/home\/product\/braun-epilateur-wet-dry-silk-epil-5-mbses5-design-edition-et-5-accessoires\/","title":{"rendered":"Braun \u00c9pilateur Silk-\u00e9pil 5 MBSES5"},"content":{"rendered":"","protected":false},"excerpt":{"rendered":"<ul>\n<li>\u00c9pilateur Silk-\u00e9pil 5 SensoSmart<\/li>\n<li>T\u00eate de rasage<\/li>\n<li>Accessoire tondeuse<\/li>\n<li>Capuchon pour d\u00e9butantes<\/li>\n<li>Accessoire de contact avec la peau<\/li>\n<li>Pochette souple \u00e9dition limit\u00e9e<\/li>\n<li>Brosse de nettoyage<\/li>\n<li>C\u00e2ble intelligent<\/li>\n<li>D\u00e9couvrez\u00a0un design\u00a0unique<\/li>\n<li>100 ans de design<\/li>\n<li>Un design simple<\/li>\n<li>Un design utile<\/li>\n<li>Un design durable<\/li>\n<li>Lisse et \u00e9clatante<\/li>\n<li>\u00c9pilation en un seul passage<\/li>\n<li>Accessoire de massage haute fr\u00e9quence<\/li>\n<li>2 r\u00e9glages de vitesse<\/li>\n<li>4-en-1<\/li>\n<li>\u00c9tui de voyage \u00e9dition limit\u00e9e<\/li>\n<\/ul>\n","protected":false},"featured_media":3477,"comment_status":"open","ping_status":"closed","template":"","meta":{"jetpack_post_was_ever_published":false,"jetpack_publicize_message":"","jetpack_publicize_feature_enabled":true,"jetpack_social_post_already_shared":false,"jetpack_social_options":{"image_generator_settings":{"template":"highway","default_image_id":0,"font":"","enabled":false},"version":2}},"product_brand":[],"product_cat":[19,61],"product_tag":[],"class_list":{"0":"post-1269","1":"product","2":"type-product","3":"status-publish","4":"has-post-thumbnail","6":"product_cat-beaute","7":"product_cat-braun","9":"first","10":"outofstock","11":"shipping-taxable","12":"product-type-simple"},"yoast_head":"<!-- This site is optimized with the Yoast SEO plugin v27.4 - https:\/\/yoast.com\/product\/yoast-seo-wordpress\/ -->\n<title>Braun \u00c9pilateur Silk-\u00e9pil 5 MBSES5 - Baya Shop<\/title>\n<meta name=\"description\" content=\"\u00c9pilateur Silk-\u00e9pil 5 SensoSmart  T\u00eate de rasage  Accessoire tondeuse  Capuchon pour d\u00e9butantes  Accessoire de contact avec la peau  Pochette souple \u00e9dition limit\u00e9e  Brosse de nettoyage  C\u00e2ble intelligent  D\u00e9couvrez\u00a0un design\u00a0unique  100 ans de design  Un design simple  Un design utile  Un design durable  Lisse et \u00e9clatante  \u00c9pilation en un seul passage  Accessoire de massage haute fr\u00e9quence  2 r\u00e9glages de vitesse  4-en-1  \u00c9tui de voyage \u00e9dition limit\u00e9e\" \/>\n<meta name=\"robots\" content=\"index, follow, max-snippet:-1, max-image-preview:large, max-video-preview:-1\" \/>\n<link rel=\"canonical\" href=\"https:\/\/baya-shop.com\/home\/product\/braun-epilateur-wet-dry-silk-epil-5-mbses5-design-edition-et-5-accessoires\/\" \/>\n<meta property=\"og:locale\" content=\"fr_FR\" \/>\n<meta property=\"og:type\" content=\"article\" \/>\n<meta property=\"og:title\" content=\"Braun \u00c9pilateur Silk-\u00e9pil 5 MBSES5 - Baya Shop\" \/>\n<meta property=\"og:description\" content=\"\u00c9pilateur Silk-\u00e9pil 5 SensoSmart  T\u00eate de rasage  Accessoire tondeuse  Capuchon pour d\u00e9butantes  Accessoire de contact avec la peau  Pochette souple \u00e9dition limit\u00e9e  Brosse de nettoyage  C\u00e2ble intelligent  D\u00e9couvrez\u00a0un design\u00a0unique  100 ans de design  Un design simple  Un design utile  Un design durable  Lisse et \u00e9clatante  \u00c9pilation en un seul passage  Accessoire de massage haute fr\u00e9quence  2 r\u00e9glages de vitesse  4-en-1  \u00c9tui de voyage \u00e9dition limit\u00e9e\" \/>\n<meta property=\"og:url\" content=\"https:\/\/baya-shop.com\/home\/product\/braun-epilateur-wet-dry-silk-epil-5-mbses5-design-edition-et-5-accessoires\/\" \/>\n<meta property=\"og:site_name\" content=\"Baya Shop\" \/>\n<meta property=\"article:publisher\" content=\"https:\/\/www.facebook.com\/Baya-Shop-103955257949742\" \/>\n<meta property=\"article:modified_time\" content=\"2024-09-17T10:51:26+00:00\" \/>\n<meta property=\"og:image\" content=\"https:\/\/baya-shop.com\/wp-content\/uploads\/2022\/10\/7.jpg\" \/>\n\t<meta property=\"og:image:width\" content=\"680\" \/>\n\t<meta property=\"og:image:height\" content=\"680\" \/>\n\t<meta property=\"og:image:type\" content=\"image\/jpeg\" \/>\n<meta name=\"twitter:card\" content=\"summary_large_image\" \/>\n<meta name=\"twitter:label1\" content=\"Dur\u00e9e de lecture estim\u00e9e\" \/>\n\t<meta name=\"twitter:data1\" content=\"1 minute\" \/>\n<script type=\"application\/ld+json\" class=\"yoast-schema-graph\">{\"@context\":\"https:\\\/\\\/schema.org\",\"@graph\":[{\"@type\":\"WebPage\",\"@id\":\"https:\\\/\\\/baya-shop.com\\\/home\\\/product\\\/braun-epilateur-wet-dry-silk-epil-5-mbses5-design-edition-et-5-accessoires\\\/\",\"url\":\"https:\\\/\\\/baya-shop.com\\\/home\\\/product\\\/braun-epilateur-wet-dry-silk-epil-5-mbses5-design-edition-et-5-accessoires\\\/\",\"name\":\"Braun \u00c9pilateur Silk-\u00e9pil 5 MBSES5 - Baya Shop\",\"isPartOf\":{\"@id\":\"https:\\\/\\\/baya-shop.com\\\/home\\\/#website\"},\"primaryImageOfPage\":{\"@id\":\"https:\\\/\\\/baya-shop.com\\\/home\\\/product\\\/braun-epilateur-wet-dry-silk-epil-5-mbses5-design-edition-et-5-accessoires\\\/#primaryimage\"},\"image\":{\"@id\":\"https:\\\/\\\/baya-shop.com\\\/home\\\/product\\\/braun-epilateur-wet-dry-silk-epil-5-mbses5-design-edition-et-5-accessoires\\\/#primaryimage\"},\"thumbnailUrl\":\"https:\\\/\\\/i0.wp.com\\\/baya-shop.com\\\/wp-content\\\/uploads\\\/2022\\\/10\\\/7.jpg?fit=680%2C680&ssl=1\",\"datePublished\":\"2022-10-13T14:59:51+00:00\",\"dateModified\":\"2024-09-17T10:51:26+00:00\",\"description\":\"\u00c9pilateur Silk-\u00e9pil 5 SensoSmart T\u00eate de rasage Accessoire tondeuse Capuchon pour d\u00e9butantes Accessoire de contact avec la peau Pochette souple \u00e9dition limit\u00e9e Brosse de nettoyage C\u00e2ble intelligent D\u00e9couvrez\u00a0un design\u00a0unique 100 ans de design Un design simple Un design utile Un design durable Lisse et \u00e9clatante \u00c9pilation en un seul passage Accessoire de massage haute fr\u00e9quence 2 r\u00e9glages de vitesse 4-en-1 \u00c9tui de voyage \u00e9dition limit\u00e9e\",\"breadcrumb\":{\"@id\":\"https:\\\/\\\/baya-shop.com\\\/home\\\/product\\\/braun-epilateur-wet-dry-silk-epil-5-mbses5-design-edition-et-5-accessoires\\\/#breadcrumb\"},\"inLanguage\":\"fr-FR\",\"potentialAction\":[{\"@type\":\"ReadAction\",\"target\":[\"https:\\\/\\\/baya-shop.com\\\/home\\\/product\\\/braun-epilateur-wet-dry-silk-epil-5-mbses5-design-edition-et-5-accessoires\\\/\"]}]},{\"@type\":\"ImageObject\",\"inLanguage\":\"fr-FR\",\"@id\":\"https:\\\/\\\/baya-shop.com\\\/home\\\/product\\\/braun-epilateur-wet-dry-silk-epil-5-mbses5-design-edition-et-5-accessoires\\\/#primaryimage\",\"url\":\"https:\\\/\\\/i0.wp.com\\\/baya-shop.com\\\/wp-content\\\/uploads\\\/2022\\\/10\\\/7.jpg?fit=680%2C680&ssl=1\",\"contentUrl\":\"https:\\\/\\\/i0.wp.com\\\/baya-shop.com\\\/wp-content\\\/uploads\\\/2022\\\/10\\\/7.jpg?fit=680%2C680&ssl=1\",\"width\":680,\"height\":680},{\"@type\":\"BreadcrumbList\",\"@id\":\"https:\\\/\\\/baya-shop.com\\\/home\\\/product\\\/braun-epilateur-wet-dry-silk-epil-5-mbses5-design-edition-et-5-accessoires\\\/#breadcrumb\",\"itemListElement\":[{\"@type\":\"ListItem\",\"position\":1,\"name\":\"Accueil\",\"item\":\"https:\\\/\\\/baya-shop.com\\\/home\\\/\"},{\"@type\":\"ListItem\",\"position\":2,\"name\":\"Shop\",\"item\":\"https:\\\/\\\/baya-shop.com\\\/home\\\/shop\\\/\"},{\"@type\":\"ListItem\",\"position\":3,\"name\":\"Braun \u00c9pilateur Silk-\u00e9pil 5 MBSES5\"}]},{\"@type\":\"WebSite\",\"@id\":\"https:\\\/\\\/baya-shop.com\\\/home\\\/#website\",\"url\":\"https:\\\/\\\/baya-shop.com\\\/home\\\/\",\"name\":\"Baya Shop\",\"description\":\"\",\"publisher\":{\"@id\":\"https:\\\/\\\/baya-shop.com\\\/home\\\/#organization\"},\"potentialAction\":[{\"@type\":\"SearchAction\",\"target\":{\"@type\":\"EntryPoint\",\"urlTemplate\":\"https:\\\/\\\/baya-shop.com\\\/home\\\/?s={search_term_string}\"},\"query-input\":{\"@type\":\"PropertyValueSpecification\",\"valueRequired\":true,\"valueName\":\"search_term_string\"}}],\"inLanguage\":\"fr-FR\"},{\"@type\":\"Organization\",\"@id\":\"https:\\\/\\\/baya-shop.com\\\/home\\\/#organization\",\"name\":\"Baya Shop\",\"url\":\"https:\\\/\\\/baya-shop.com\\\/home\\\/\",\"logo\":{\"@type\":\"ImageObject\",\"inLanguage\":\"fr-FR\",\"@id\":\"https:\\\/\\\/baya-shop.com\\\/home\\\/#\\\/schema\\\/logo\\\/image\\\/\",\"url\":\"https:\\\/\\\/baya-shop.com\\\/wp-content\\\/uploads\\\/2020\\\/11\\\/g.png\",\"contentUrl\":\"https:\\\/\\\/baya-shop.com\\\/wp-content\\\/uploads\\\/2020\\\/11\\\/g.png\",\"width\":64,\"height\":64,\"caption\":\"Baya Shop\"},\"image\":{\"@id\":\"https:\\\/\\\/baya-shop.com\\\/home\\\/#\\\/schema\\\/logo\\\/image\\\/\"},\"sameAs\":[\"https:\\\/\\\/www.facebook.com\\\/Baya-Shop-103955257949742\",\"https:\\\/\\\/www.instagram.com\\\/baya_shop_dz\\\/\"]}]}<\/script>\n<!-- \/ Yoast SEO plugin. -->","yoast_head_json":{"title":"Braun \u00c9pilateur Silk-\u00e9pil 5 MBSES5 - Baya Shop","description":"\u00c9pilateur Silk-\u00e9pil 5 SensoSmart  T\u00eate de rasage  Accessoire tondeuse  Capuchon pour d\u00e9butantes  Accessoire de contact avec la peau  Pochette souple \u00e9dition limit\u00e9e  Brosse de nettoyage  C\u00e2ble intelligent  D\u00e9couvrez\u00a0un design\u00a0unique  100 ans de design  Un design simple  Un design utile  Un design durable  Lisse et \u00e9clatante  \u00c9pilation en un seul passage  Accessoire de massage haute fr\u00e9quence  2 r\u00e9glages de vitesse  4-en-1  \u00c9tui de voyage \u00e9dition limit\u00e9e","robots":{"index":"index","follow":"follow","max-snippet":"max-snippet:-1","max-image-preview":"max-image-preview:large","max-video-preview":"max-video-preview:-1"},"canonical":"https:\/\/baya-shop.com\/home\/product\/braun-epilateur-wet-dry-silk-epil-5-mbses5-design-edition-et-5-accessoires\/","og_locale":"fr_FR","og_type":"article","og_title":"Braun \u00c9pilateur Silk-\u00e9pil 5 MBSES5 - Baya Shop","og_description":"\u00c9pilateur Silk-\u00e9pil 5 SensoSmart  T\u00eate de rasage  Accessoire tondeuse  Capuchon pour d\u00e9butantes  Accessoire de contact avec la peau  Pochette souple \u00e9dition limit\u00e9e  Brosse de nettoyage  C\u00e2ble intelligent  D\u00e9couvrez\u00a0un design\u00a0unique  100 ans de design  Un design simple  Un design utile  Un design durable  Lisse et \u00e9clatante  \u00c9pilation en un seul passage  Accessoire de massage haute fr\u00e9quence  2 r\u00e9glages de vitesse  4-en-1  \u00c9tui de voyage \u00e9dition limit\u00e9e","og_url":"https:\/\/baya-shop.com\/home\/product\/braun-epilateur-wet-dry-silk-epil-5-mbses5-design-edition-et-5-accessoires\/","og_site_name":"Baya Shop","article_publisher":"https:\/\/www.facebook.com\/Baya-Shop-103955257949742","article_modified_time":"2024-09-17T10:51:26+00:00","og_image":[{"width":680,"height":680,"url":"https:\/\/baya-shop.com\/wp-content\/uploads\/2022\/10\/7.jpg","type":"image\/jpeg"}],"twitter_card":"summary_large_image","twitter_misc":{"Dur\u00e9e de lecture estim\u00e9e":"1 minute"},"schema":{"@context":"https:\/\/schema.org","@graph":[{"@type":"WebPage","@id":"https:\/\/baya-shop.com\/home\/product\/braun-epilateur-wet-dry-silk-epil-5-mbses5-design-edition-et-5-accessoires\/","url":"https:\/\/baya-shop.com\/home\/product\/braun-epilateur-wet-dry-silk-epil-5-mbses5-design-edition-et-5-accessoires\/","name":"Braun \u00c9pilateur Silk-\u00e9pil 5 MBSES5 - Baya Shop","isPartOf":{"@id":"https:\/\/baya-shop.com\/home\/#website"},"primaryImageOfPage":{"@id":"https:\/\/baya-shop.com\/home\/product\/braun-epilateur-wet-dry-silk-epil-5-mbses5-design-edition-et-5-accessoires\/#primaryimage"},"image":{"@id":"https:\/\/baya-shop.com\/home\/product\/braun-epilateur-wet-dry-silk-epil-5-mbses5-design-edition-et-5-accessoires\/#primaryimage"},"thumbnailUrl":"https:\/\/i0.wp.com\/baya-shop.com\/wp-content\/uploads\/2022\/10\/7.jpg?fit=680%2C680&ssl=1","datePublished":"2022-10-13T14:59:51+00:00","dateModified":"2024-09-17T10:51:26+00:00","description":"\u00c9pilateur Silk-\u00e9pil 5 SensoSmart T\u00eate de rasage Accessoire tondeuse Capuchon pour d\u00e9butantes Accessoire de contact avec la peau Pochette souple \u00e9dition limit\u00e9e Brosse de nettoyage C\u00e2ble intelligent D\u00e9couvrez\u00a0un design\u00a0unique 100 ans de design Un design simple Un design utile Un design durable Lisse et \u00e9clatante \u00c9pilation en un seul passage Accessoire de massage haute fr\u00e9quence 2 r\u00e9glages de vitesse 4-en-1 \u00c9tui de voyage \u00e9dition limit\u00e9e","breadcrumb":{"@id":"https:\/\/baya-shop.com\/home\/product\/braun-epilateur-wet-dry-silk-epil-5-mbses5-design-edition-et-5-accessoires\/#breadcrumb"},"inLanguage":"fr-FR","potentialAction":[{"@type":"ReadAction","target":["https:\/\/baya-shop.com\/home\/product\/braun-epilateur-wet-dry-silk-epil-5-mbses5-design-edition-et-5-accessoires\/"]}]},{"@type":"ImageObject","inLanguage":"fr-FR","@id":"https:\/\/baya-shop.com\/home\/product\/braun-epilateur-wet-dry-silk-epil-5-mbses5-design-edition-et-5-accessoires\/#primaryimage","url":"https:\/\/i0.wp.com\/baya-shop.com\/wp-content\/uploads\/2022\/10\/7.jpg?fit=680%2C680&ssl=1","contentUrl":"https:\/\/i0.wp.com\/baya-shop.com\/wp-content\/uploads\/2022\/10\/7.jpg?fit=680%2C680&ssl=1","width":680,"height":680},{"@type":"BreadcrumbList","@id":"https:\/\/baya-shop.com\/home\/product\/braun-epilateur-wet-dry-silk-epil-5-mbses5-design-edition-et-5-accessoires\/#breadcrumb","itemListElement":[{"@type":"ListItem","position":1,"name":"Accueil","item":"https:\/\/baya-shop.com\/home\/"},{"@type":"ListItem","position":2,"name":"Shop","item":"https:\/\/baya-shop.com\/home\/shop\/"},{"@type":"ListItem","position":3,"name":"Braun \u00c9pilateur Silk-\u00e9pil 5 MBSES5"}]},{"@type":"WebSite","@id":"https:\/\/baya-shop.com\/home\/#website","url":"https:\/\/baya-shop.com\/home\/","name":"Baya Shop","description":"","publisher":{"@id":"https:\/\/baya-shop.com\/home\/#organization"},"potentialAction":[{"@type":"SearchAction","target":{"@type":"EntryPoint","urlTemplate":"https:\/\/baya-shop.com\/home\/?s={search_term_string}"},"query-input":{"@type":"PropertyValueSpecification","valueRequired":true,"valueName":"search_term_string"}}],"inLanguage":"fr-FR"},{"@type":"Organization","@id":"https:\/\/baya-shop.com\/home\/#organization","name":"Baya Shop","url":"https:\/\/baya-shop.com\/home\/","logo":{"@type":"ImageObject","inLanguage":"fr-FR","@id":"https:\/\/baya-shop.com\/home\/#\/schema\/logo\/image\/","url":"https:\/\/baya-shop.com\/wp-content\/uploads\/2020\/11\/g.png","contentUrl":"https:\/\/baya-shop.com\/wp-content\/uploads\/2020\/11\/g.png","width":64,"height":64,"caption":"Baya Shop"},"image":{"@id":"https:\/\/baya-shop.com\/home\/#\/schema\/logo\/image\/"},"sameAs":["https:\/\/www.facebook.com\/Baya-Shop-103955257949742","https:\/\/www.instagram.com\/baya_shop_dz\/"]}]}},"jetpack_publicize_connections":[],"jetpack_sharing_enabled":true,"jetpack_likes_enabled":true,"jetpack-related-posts":[],"_links":{"self":[{"href":"https:\/\/baya-shop.com\/home\/wp-json\/wp\/v2\/product\/1269","targetHints":{"allow":["GET"]}}],"collection":[{"href":"https:\/\/baya-shop.com\/home\/wp-json\/wp\/v2\/product"}],"about":[{"href":"https:\/\/baya-shop.com\/home\/wp-json\/wp\/v2\/types\/product"}],"replies":[{"embeddable":true,"href":"https:\/\/baya-shop.com\/home\/wp-json\/wp\/v2\/comments?post=1269"}],"wp:featuredmedia":[{"embeddable":true,"href":"https:\/\/baya-shop.com\/home\/wp-json\/wp\/v2\/media\/3477"}],"wp:attachment":[{"href":"https:\/\/baya-shop.com\/home\/wp-json\/wp\/v2\/media?parent=1269"}],"wp:term":[{"taxonomy":"product_brand","embeddable":true,"href":"https:\/\/baya-shop.com\/home\/wp-json\/wp\/v2\/product_brand?post=1269"},{"taxonomy":"product_cat","embeddable":true,"href":"https:\/\/baya-shop.com\/home\/wp-json\/wp\/v2\/product_cat?post=1269"},{"taxonomy":"product_tag","embeddable":true,"href":"https:\/\/baya-shop.com\/home\/wp-json\/wp\/v2\/product_tag?post=1269"}],"curies":[{"name":"wp","href":"https:\/\/api.w.org\/{rel}","templated":true}]}}