{"id":1264,"date":"2022-10-13T15:51:48","date_gmt":"2022-10-13T14:51:48","guid":{"rendered":"https:\/\/baya-shop.com\/home\/?post_type=product&#038;p=1264"},"modified":"2025-09-08T10:14:11","modified_gmt":"2025-09-08T09:14:11","slug":"braun-epilateur-silk-epil-5-se5-620-blanc-rose","status":"publish","type":"product","link":"https:\/\/baya-shop.com\/home\/product\/braun-epilateur-silk-epil-5-se5-620-blanc-rose\/","title":{"rendered":"Braun Epilateur Silk-\u00c9pil 5 SES5620"},"content":{"rendered":"","protected":false},"excerpt":{"rendered":"<p>Le Braun Silk-epil 5-620 est parfait pour les d\u00e9butants car il est livr\u00e9 avec un r\u00e9glage pour une \u00e9pilation douce.\u00a0Profitez de semaines de peau lisse en salon gr\u00e2ce \u00e0 la technologie micro-grip avec 28 pincettes qui \u00e9limine les poils aussi courts que 0,5 mm, vous donnant des semaines de peau lisse, pas seulement des jours.\u00a0La t\u00eate de rasoir et de tondeuse vous offre des options suppl\u00e9mentaires pour les zones sensibles et l&rsquo;\u00e9pilateur pour femme est 100% \u00e9tanche, ce qui signifie que vous pouvez vous \u00e9piler dans le bain ou la douche pour une exp\u00e9rience sans douleur.\u00a0La bo\u00eete comprend: 1 x \u00e9pilateur 1 x t\u00eate de rasoir 1 x t\u00eate de coupe 1 x pochette 1 x brosse de nettoyage 1 x chargeur<\/p>\n<ul>\n<li>Doux: \u00e9pilateur pour femme et parfait pour les d\u00e9butants, avec un r\u00e9glage de vitesse pour une \u00e9pilation ultra douce<\/li>\n<li>Pr\u00e9cis: technologie de micro-pince \u00e0 \u00e9piler (28 pincettes) pour une \u00e9pilation aussi courte qu&rsquo;un grain de sable<\/li>\n<li>Peau lisse: rasez, coupez et \u00e9pilez pour une peau lisse et durable<\/li>\n<li>Moins de douleur: bonnet de massage haute fr\u00e9quence avec vibrations actives puls\u00e9es pour r\u00e9duire la sensation de douleur<\/li>\n<li>Efficace: s&rsquo;adapte \u00e0 chaque contour pour une \u00e9pilation efficace, m\u00eame dans les zones difficiles comme le genou et les aisselles<\/li>\n<\/ul>\n","protected":false},"featured_media":3481,"comment_status":"open","ping_status":"closed","template":"","meta":{"jetpack_post_was_ever_published":false,"jetpack_publicize_message":"","jetpack_publicize_feature_enabled":true,"jetpack_social_post_already_shared":false,"jetpack_social_options":{"image_generator_settings":{"template":"highway","default_image_id":0,"font":"","enabled":false},"version":2}},"product_brand":[],"product_cat":[19,61,46],"product_tag":[],"class_list":{"0":"post-1264","1":"product","2":"type-product","3":"status-publish","4":"has-post-thumbnail","6":"product_cat-beaute","7":"product_cat-braun","8":"product_cat-promotion","10":"first","11":"outofstock","12":"shipping-taxable","13":"purchasable","14":"product-type-simple"},"yoast_head":"<!-- This site is optimized with the Yoast SEO plugin v27.4 - https:\/\/yoast.com\/product\/yoast-seo-wordpress\/ -->\n<title>Braun Epilateur Silk-\u00c9pil 5 SES5620 - Baya Shop<\/title>\n<meta name=\"description\" content=\"Le Braun Silk-epil 5-620 est parfait pour les d\u00e9butants car il est livr\u00e9 avec un r\u00e9glage pour une \u00e9pilation douce.\u00a0Profitez de semaines de peau lisse en salon gr\u00e2ce \u00e0 la technologie micro-grip avec 28 pincettes qui \u00e9limine les poils aussi courts que 0,5 mm, vous donnant des semaines de peau lisse, pas seulement des jours.\u00a0La t\u00eate de rasoir et de tondeuse vous offre des options suppl\u00e9mentaires pour les zones sensibles et l&#039;\u00e9pilateur pour femme est 100% \u00e9tanche, ce qui signifie que vous pouvez vous \u00e9piler dans le bain ou la douche pour une exp\u00e9rience sans douleur.\u00a0La bo\u00eete comprend: 1 x \u00e9pilateur 1 x t\u00eate de rasoir 1 x t\u00eate de coupe 1 x pochette 1 x brosse de nettoyage 1 x chargeur   Doux: \u00e9pilateur pour femme et parfait pour les d\u00e9butants, avec un r\u00e9glage de vitesse pour une \u00e9pilation ultra douce  Pr\u00e9cis: technologie de micro-pince \u00e0 \u00e9piler (28 pincettes) pour une \u00e9pilation aussi courte qu&#039;un grain de sable  Peau lisse: rasez, coupez et \u00e9pilez pour une peau lisse et durable  Moins de douleur: bonnet de massage haute fr\u00e9quence avec vibrations actives puls\u00e9es pour r\u00e9duire la sensation de douleur  Efficace: s&#039;adapte \u00e0 chaque contour pour une \u00e9pilation efficace, m\u00eame dans les zones difficiles comme le genou et les aisselles\" \/>\n<meta name=\"robots\" content=\"index, follow, max-snippet:-1, max-image-preview:large, max-video-preview:-1\" \/>\n<link rel=\"canonical\" href=\"https:\/\/baya-shop.com\/home\/product\/braun-epilateur-silk-epil-5-se5-620-blanc-rose\/\" \/>\n<meta property=\"og:locale\" content=\"fr_FR\" \/>\n<meta property=\"og:type\" content=\"article\" \/>\n<meta property=\"og:title\" content=\"Braun Epilateur Silk-\u00c9pil 5 SES5620 - Baya Shop\" \/>\n<meta property=\"og:description\" content=\"Le Braun Silk-epil 5-620 est parfait pour les d\u00e9butants car il est livr\u00e9 avec un r\u00e9glage pour une \u00e9pilation douce.\u00a0Profitez de semaines de peau lisse en salon gr\u00e2ce \u00e0 la technologie micro-grip avec 28 pincettes qui \u00e9limine les poils aussi courts que 0,5 mm, vous donnant des semaines de peau lisse, pas seulement des jours.\u00a0La t\u00eate de rasoir et de tondeuse vous offre des options suppl\u00e9mentaires pour les zones sensibles et l&#039;\u00e9pilateur pour femme est 100% \u00e9tanche, ce qui signifie que vous pouvez vous \u00e9piler dans le bain ou la douche pour une exp\u00e9rience sans douleur.\u00a0La bo\u00eete comprend: 1 x \u00e9pilateur 1 x t\u00eate de rasoir 1 x t\u00eate de coupe 1 x pochette 1 x brosse de nettoyage 1 x chargeur   Doux: \u00e9pilateur pour femme et parfait pour les d\u00e9butants, avec un r\u00e9glage de vitesse pour une \u00e9pilation ultra douce  Pr\u00e9cis: technologie de micro-pince \u00e0 \u00e9piler (28 pincettes) pour une \u00e9pilation aussi courte qu&#039;un grain de sable  Peau lisse: rasez, coupez et \u00e9pilez pour une peau lisse et durable  Moins de douleur: bonnet de massage haute fr\u00e9quence avec vibrations actives puls\u00e9es pour r\u00e9duire la sensation de douleur  Efficace: s&#039;adapte \u00e0 chaque contour pour une \u00e9pilation efficace, m\u00eame dans les zones difficiles comme le genou et les aisselles\" \/>\n<meta property=\"og:url\" content=\"https:\/\/baya-shop.com\/home\/product\/braun-epilateur-silk-epil-5-se5-620-blanc-rose\/\" \/>\n<meta property=\"og:site_name\" content=\"Baya Shop\" \/>\n<meta property=\"article:publisher\" content=\"https:\/\/www.facebook.com\/Baya-Shop-103955257949742\" \/>\n<meta property=\"article:modified_time\" content=\"2025-09-08T09:14:11+00:00\" \/>\n<meta property=\"og:image\" content=\"https:\/\/baya-shop.com\/wp-content\/uploads\/2022\/10\/pdp-fehr-silk-epil-5-5-620-sensosmart-packaging.webp\" \/>\n\t<meta property=\"og:image:width\" content=\"710\" \/>\n\t<meta property=\"og:image:height\" content=\"710\" \/>\n\t<meta property=\"og:image:type\" content=\"image\/webp\" \/>\n<meta name=\"twitter:card\" content=\"summary_large_image\" \/>\n<meta name=\"twitter:label1\" content=\"Dur\u00e9e de lecture estim\u00e9e\" \/>\n\t<meta name=\"twitter:data1\" content=\"1 minute\" \/>\n<script type=\"application\/ld+json\" class=\"yoast-schema-graph\">{\"@context\":\"https:\\\/\\\/schema.org\",\"@graph\":[{\"@type\":\"WebPage\",\"@id\":\"https:\\\/\\\/baya-shop.com\\\/home\\\/product\\\/braun-epilateur-silk-epil-5-se5-620-blanc-rose\\\/\",\"url\":\"https:\\\/\\\/baya-shop.com\\\/home\\\/product\\\/braun-epilateur-silk-epil-5-se5-620-blanc-rose\\\/\",\"name\":\"Braun Epilateur Silk-\u00c9pil 5 SES5620 - Baya Shop\",\"isPartOf\":{\"@id\":\"https:\\\/\\\/baya-shop.com\\\/home\\\/#website\"},\"primaryImageOfPage\":{\"@id\":\"https:\\\/\\\/baya-shop.com\\\/home\\\/product\\\/braun-epilateur-silk-epil-5-se5-620-blanc-rose\\\/#primaryimage\"},\"image\":{\"@id\":\"https:\\\/\\\/baya-shop.com\\\/home\\\/product\\\/braun-epilateur-silk-epil-5-se5-620-blanc-rose\\\/#primaryimage\"},\"thumbnailUrl\":\"https:\\\/\\\/i0.wp.com\\\/baya-shop.com\\\/wp-content\\\/uploads\\\/2022\\\/10\\\/pdp-fehr-silk-epil-5-5-620-sensosmart-packaging.webp?fit=710%2C710&ssl=1\",\"datePublished\":\"2022-10-13T14:51:48+00:00\",\"dateModified\":\"2025-09-08T09:14:11+00:00\",\"description\":\"Le Braun Silk-epil 5-620 est parfait pour les d\u00e9butants car il est livr\u00e9 avec un r\u00e9glage pour une \u00e9pilation douce.\u00a0Profitez de semaines de peau lisse en salon gr\u00e2ce \u00e0 la technologie micro-grip avec 28 pincettes qui \u00e9limine les poils aussi courts que 0,5 mm, vous donnant des semaines de peau lisse, pas seulement des jours.\u00a0La t\u00eate de rasoir et de tondeuse vous offre des options suppl\u00e9mentaires pour les zones sensibles et l'\u00e9pilateur pour femme est 100% \u00e9tanche, ce qui signifie que vous pouvez vous \u00e9piler dans le bain ou la douche pour une exp\u00e9rience sans douleur.\u00a0La bo\u00eete comprend: 1 x \u00e9pilateur 1 x t\u00eate de rasoir 1 x t\u00eate de coupe 1 x pochette 1 x brosse de nettoyage 1 x chargeur Doux: \u00e9pilateur pour femme et parfait pour les d\u00e9butants, avec un r\u00e9glage de vitesse pour une \u00e9pilation ultra douce Pr\u00e9cis: technologie de micro-pince \u00e0 \u00e9piler (28 pincettes) pour une \u00e9pilation aussi courte qu'un grain de sable Peau lisse: rasez, coupez et \u00e9pilez pour une peau lisse et durable Moins de douleur: bonnet de massage haute fr\u00e9quence avec vibrations actives puls\u00e9es pour r\u00e9duire la sensation de douleur Efficace: s'adapte \u00e0 chaque contour pour une \u00e9pilation efficace, m\u00eame dans les zones difficiles comme le genou et les aisselles\",\"breadcrumb\":{\"@id\":\"https:\\\/\\\/baya-shop.com\\\/home\\\/product\\\/braun-epilateur-silk-epil-5-se5-620-blanc-rose\\\/#breadcrumb\"},\"inLanguage\":\"fr-FR\",\"potentialAction\":[{\"@type\":\"ReadAction\",\"target\":[\"https:\\\/\\\/baya-shop.com\\\/home\\\/product\\\/braun-epilateur-silk-epil-5-se5-620-blanc-rose\\\/\"]}]},{\"@type\":\"ImageObject\",\"inLanguage\":\"fr-FR\",\"@id\":\"https:\\\/\\\/baya-shop.com\\\/home\\\/product\\\/braun-epilateur-silk-epil-5-se5-620-blanc-rose\\\/#primaryimage\",\"url\":\"https:\\\/\\\/i0.wp.com\\\/baya-shop.com\\\/wp-content\\\/uploads\\\/2022\\\/10\\\/pdp-fehr-silk-epil-5-5-620-sensosmart-packaging.webp?fit=710%2C710&ssl=1\",\"contentUrl\":\"https:\\\/\\\/i0.wp.com\\\/baya-shop.com\\\/wp-content\\\/uploads\\\/2022\\\/10\\\/pdp-fehr-silk-epil-5-5-620-sensosmart-packaging.webp?fit=710%2C710&ssl=1\",\"width\":710,\"height\":710},{\"@type\":\"BreadcrumbList\",\"@id\":\"https:\\\/\\\/baya-shop.com\\\/home\\\/product\\\/braun-epilateur-silk-epil-5-se5-620-blanc-rose\\\/#breadcrumb\",\"itemListElement\":[{\"@type\":\"ListItem\",\"position\":1,\"name\":\"Accueil\",\"item\":\"https:\\\/\\\/baya-shop.com\\\/home\\\/\"},{\"@type\":\"ListItem\",\"position\":2,\"name\":\"Shop\",\"item\":\"https:\\\/\\\/baya-shop.com\\\/home\\\/shop\\\/\"},{\"@type\":\"ListItem\",\"position\":3,\"name\":\"Braun Epilateur Silk-\u00c9pil 5 SES5620\"}]},{\"@type\":\"WebSite\",\"@id\":\"https:\\\/\\\/baya-shop.com\\\/home\\\/#website\",\"url\":\"https:\\\/\\\/baya-shop.com\\\/home\\\/\",\"name\":\"Baya Shop\",\"description\":\"\",\"publisher\":{\"@id\":\"https:\\\/\\\/baya-shop.com\\\/home\\\/#organization\"},\"potentialAction\":[{\"@type\":\"SearchAction\",\"target\":{\"@type\":\"EntryPoint\",\"urlTemplate\":\"https:\\\/\\\/baya-shop.com\\\/home\\\/?s={search_term_string}\"},\"query-input\":{\"@type\":\"PropertyValueSpecification\",\"valueRequired\":true,\"valueName\":\"search_term_string\"}}],\"inLanguage\":\"fr-FR\"},{\"@type\":\"Organization\",\"@id\":\"https:\\\/\\\/baya-shop.com\\\/home\\\/#organization\",\"name\":\"Baya Shop\",\"url\":\"https:\\\/\\\/baya-shop.com\\\/home\\\/\",\"logo\":{\"@type\":\"ImageObject\",\"inLanguage\":\"fr-FR\",\"@id\":\"https:\\\/\\\/baya-shop.com\\\/home\\\/#\\\/schema\\\/logo\\\/image\\\/\",\"url\":\"https:\\\/\\\/baya-shop.com\\\/wp-content\\\/uploads\\\/2020\\\/11\\\/g.png\",\"contentUrl\":\"https:\\\/\\\/baya-shop.com\\\/wp-content\\\/uploads\\\/2020\\\/11\\\/g.png\",\"width\":64,\"height\":64,\"caption\":\"Baya Shop\"},\"image\":{\"@id\":\"https:\\\/\\\/baya-shop.com\\\/home\\\/#\\\/schema\\\/logo\\\/image\\\/\"},\"sameAs\":[\"https:\\\/\\\/www.facebook.com\\\/Baya-Shop-103955257949742\",\"https:\\\/\\\/www.instagram.com\\\/baya_shop_dz\\\/\"]}]}<\/script>\n<!-- \/ Yoast SEO plugin. -->","yoast_head_json":{"title":"Braun Epilateur Silk-\u00c9pil 5 SES5620 - Baya Shop","description":"Le Braun Silk-epil 5-620 est parfait pour les d\u00e9butants car il est livr\u00e9 avec un r\u00e9glage pour une \u00e9pilation douce.\u00a0Profitez de semaines de peau lisse en salon gr\u00e2ce \u00e0 la technologie micro-grip avec 28 pincettes qui \u00e9limine les poils aussi courts que 0,5 mm, vous donnant des semaines de peau lisse, pas seulement des jours.\u00a0La t\u00eate de rasoir et de tondeuse vous offre des options suppl\u00e9mentaires pour les zones sensibles et l'\u00e9pilateur pour femme est 100% \u00e9tanche, ce qui signifie que vous pouvez vous \u00e9piler dans le bain ou la douche pour une exp\u00e9rience sans douleur.\u00a0La bo\u00eete comprend: 1 x \u00e9pilateur 1 x t\u00eate de rasoir 1 x t\u00eate de coupe 1 x pochette 1 x brosse de nettoyage 1 x chargeur   Doux: \u00e9pilateur pour femme et parfait pour les d\u00e9butants, avec un r\u00e9glage de vitesse pour une \u00e9pilation ultra douce  Pr\u00e9cis: technologie de micro-pince \u00e0 \u00e9piler (28 pincettes) pour une \u00e9pilation aussi courte qu'un grain de sable  Peau lisse: rasez, coupez et \u00e9pilez pour une peau lisse et durable  Moins de douleur: bonnet de massage haute fr\u00e9quence avec vibrations actives puls\u00e9es pour r\u00e9duire la sensation de douleur  Efficace: s'adapte \u00e0 chaque contour pour une \u00e9pilation efficace, m\u00eame dans les zones difficiles comme le genou et les aisselles","robots":{"index":"index","follow":"follow","max-snippet":"max-snippet:-1","max-image-preview":"max-image-preview:large","max-video-preview":"max-video-preview:-1"},"canonical":"https:\/\/baya-shop.com\/home\/product\/braun-epilateur-silk-epil-5-se5-620-blanc-rose\/","og_locale":"fr_FR","og_type":"article","og_title":"Braun Epilateur Silk-\u00c9pil 5 SES5620 - Baya Shop","og_description":"Le Braun Silk-epil 5-620 est parfait pour les d\u00e9butants car il est livr\u00e9 avec un r\u00e9glage pour une \u00e9pilation douce.\u00a0Profitez de semaines de peau lisse en salon gr\u00e2ce \u00e0 la technologie micro-grip avec 28 pincettes qui \u00e9limine les poils aussi courts que 0,5 mm, vous donnant des semaines de peau lisse, pas seulement des jours.\u00a0La t\u00eate de rasoir et de tondeuse vous offre des options suppl\u00e9mentaires pour les zones sensibles et l'\u00e9pilateur pour femme est 100% \u00e9tanche, ce qui signifie que vous pouvez vous \u00e9piler dans le bain ou la douche pour une exp\u00e9rience sans douleur.\u00a0La bo\u00eete comprend: 1 x \u00e9pilateur 1 x t\u00eate de rasoir 1 x t\u00eate de coupe 1 x pochette 1 x brosse de nettoyage 1 x chargeur   Doux: \u00e9pilateur pour femme et parfait pour les d\u00e9butants, avec un r\u00e9glage de vitesse pour une \u00e9pilation ultra douce  Pr\u00e9cis: technologie de micro-pince \u00e0 \u00e9piler (28 pincettes) pour une \u00e9pilation aussi courte qu'un grain de sable  Peau lisse: rasez, coupez et \u00e9pilez pour une peau lisse et durable  Moins de douleur: bonnet de massage haute fr\u00e9quence avec vibrations actives puls\u00e9es pour r\u00e9duire la sensation de douleur  Efficace: s'adapte \u00e0 chaque contour pour une \u00e9pilation efficace, m\u00eame dans les zones difficiles comme le genou et les aisselles","og_url":"https:\/\/baya-shop.com\/home\/product\/braun-epilateur-silk-epil-5-se5-620-blanc-rose\/","og_site_name":"Baya Shop","article_publisher":"https:\/\/www.facebook.com\/Baya-Shop-103955257949742","article_modified_time":"2025-09-08T09:14:11+00:00","og_image":[{"width":710,"height":710,"url":"https:\/\/baya-shop.com\/wp-content\/uploads\/2022\/10\/pdp-fehr-silk-epil-5-5-620-sensosmart-packaging.webp","type":"image\/webp"}],"twitter_card":"summary_large_image","twitter_misc":{"Dur\u00e9e de lecture estim\u00e9e":"1 minute"},"schema":{"@context":"https:\/\/schema.org","@graph":[{"@type":"WebPage","@id":"https:\/\/baya-shop.com\/home\/product\/braun-epilateur-silk-epil-5-se5-620-blanc-rose\/","url":"https:\/\/baya-shop.com\/home\/product\/braun-epilateur-silk-epil-5-se5-620-blanc-rose\/","name":"Braun Epilateur Silk-\u00c9pil 5 SES5620 - Baya Shop","isPartOf":{"@id":"https:\/\/baya-shop.com\/home\/#website"},"primaryImageOfPage":{"@id":"https:\/\/baya-shop.com\/home\/product\/braun-epilateur-silk-epil-5-se5-620-blanc-rose\/#primaryimage"},"image":{"@id":"https:\/\/baya-shop.com\/home\/product\/braun-epilateur-silk-epil-5-se5-620-blanc-rose\/#primaryimage"},"thumbnailUrl":"https:\/\/i0.wp.com\/baya-shop.com\/wp-content\/uploads\/2022\/10\/pdp-fehr-silk-epil-5-5-620-sensosmart-packaging.webp?fit=710%2C710&ssl=1","datePublished":"2022-10-13T14:51:48+00:00","dateModified":"2025-09-08T09:14:11+00:00","description":"Le Braun Silk-epil 5-620 est parfait pour les d\u00e9butants car il est livr\u00e9 avec un r\u00e9glage pour une \u00e9pilation douce.\u00a0Profitez de semaines de peau lisse en salon gr\u00e2ce \u00e0 la technologie micro-grip avec 28 pincettes qui \u00e9limine les poils aussi courts que 0,5 mm, vous donnant des semaines de peau lisse, pas seulement des jours.\u00a0La t\u00eate de rasoir et de tondeuse vous offre des options suppl\u00e9mentaires pour les zones sensibles et l'\u00e9pilateur pour femme est 100% \u00e9tanche, ce qui signifie que vous pouvez vous \u00e9piler dans le bain ou la douche pour une exp\u00e9rience sans douleur.\u00a0La bo\u00eete comprend: 1 x \u00e9pilateur 1 x t\u00eate de rasoir 1 x t\u00eate de coupe 1 x pochette 1 x brosse de nettoyage 1 x chargeur Doux: \u00e9pilateur pour femme et parfait pour les d\u00e9butants, avec un r\u00e9glage de vitesse pour une \u00e9pilation ultra douce Pr\u00e9cis: technologie de micro-pince \u00e0 \u00e9piler (28 pincettes) pour une \u00e9pilation aussi courte qu'un grain de sable Peau lisse: rasez, coupez et \u00e9pilez pour une peau lisse et durable Moins de douleur: bonnet de massage haute fr\u00e9quence avec vibrations actives puls\u00e9es pour r\u00e9duire la sensation de douleur Efficace: s'adapte \u00e0 chaque contour pour une \u00e9pilation efficace, m\u00eame dans les zones difficiles comme le genou et les aisselles","breadcrumb":{"@id":"https:\/\/baya-shop.com\/home\/product\/braun-epilateur-silk-epil-5-se5-620-blanc-rose\/#breadcrumb"},"inLanguage":"fr-FR","potentialAction":[{"@type":"ReadAction","target":["https:\/\/baya-shop.com\/home\/product\/braun-epilateur-silk-epil-5-se5-620-blanc-rose\/"]}]},{"@type":"ImageObject","inLanguage":"fr-FR","@id":"https:\/\/baya-shop.com\/home\/product\/braun-epilateur-silk-epil-5-se5-620-blanc-rose\/#primaryimage","url":"https:\/\/i0.wp.com\/baya-shop.com\/wp-content\/uploads\/2022\/10\/pdp-fehr-silk-epil-5-5-620-sensosmart-packaging.webp?fit=710%2C710&ssl=1","contentUrl":"https:\/\/i0.wp.com\/baya-shop.com\/wp-content\/uploads\/2022\/10\/pdp-fehr-silk-epil-5-5-620-sensosmart-packaging.webp?fit=710%2C710&ssl=1","width":710,"height":710},{"@type":"BreadcrumbList","@id":"https:\/\/baya-shop.com\/home\/product\/braun-epilateur-silk-epil-5-se5-620-blanc-rose\/#breadcrumb","itemListElement":[{"@type":"ListItem","position":1,"name":"Accueil","item":"https:\/\/baya-shop.com\/home\/"},{"@type":"ListItem","position":2,"name":"Shop","item":"https:\/\/baya-shop.com\/home\/shop\/"},{"@type":"ListItem","position":3,"name":"Braun Epilateur Silk-\u00c9pil 5 SES5620"}]},{"@type":"WebSite","@id":"https:\/\/baya-shop.com\/home\/#website","url":"https:\/\/baya-shop.com\/home\/","name":"Baya Shop","description":"","publisher":{"@id":"https:\/\/baya-shop.com\/home\/#organization"},"potentialAction":[{"@type":"SearchAction","target":{"@type":"EntryPoint","urlTemplate":"https:\/\/baya-shop.com\/home\/?s={search_term_string}"},"query-input":{"@type":"PropertyValueSpecification","valueRequired":true,"valueName":"search_term_string"}}],"inLanguage":"fr-FR"},{"@type":"Organization","@id":"https:\/\/baya-shop.com\/home\/#organization","name":"Baya Shop","url":"https:\/\/baya-shop.com\/home\/","logo":{"@type":"ImageObject","inLanguage":"fr-FR","@id":"https:\/\/baya-shop.com\/home\/#\/schema\/logo\/image\/","url":"https:\/\/baya-shop.com\/wp-content\/uploads\/2020\/11\/g.png","contentUrl":"https:\/\/baya-shop.com\/wp-content\/uploads\/2020\/11\/g.png","width":64,"height":64,"caption":"Baya Shop"},"image":{"@id":"https:\/\/baya-shop.com\/home\/#\/schema\/logo\/image\/"},"sameAs":["https:\/\/www.facebook.com\/Baya-Shop-103955257949742","https:\/\/www.instagram.com\/baya_shop_dz\/"]}]}},"jetpack_publicize_connections":[],"jetpack_sharing_enabled":true,"jetpack_likes_enabled":true,"jetpack-related-posts":[],"_links":{"self":[{"href":"https:\/\/baya-shop.com\/home\/wp-json\/wp\/v2\/product\/1264","targetHints":{"allow":["GET"]}}],"collection":[{"href":"https:\/\/baya-shop.com\/home\/wp-json\/wp\/v2\/product"}],"about":[{"href":"https:\/\/baya-shop.com\/home\/wp-json\/wp\/v2\/types\/product"}],"replies":[{"embeddable":true,"href":"https:\/\/baya-shop.com\/home\/wp-json\/wp\/v2\/comments?post=1264"}],"wp:featuredmedia":[{"embeddable":true,"href":"https:\/\/baya-shop.com\/home\/wp-json\/wp\/v2\/media\/3481"}],"wp:attachment":[{"href":"https:\/\/baya-shop.com\/home\/wp-json\/wp\/v2\/media?parent=1264"}],"wp:term":[{"taxonomy":"product_brand","embeddable":true,"href":"https:\/\/baya-shop.com\/home\/wp-json\/wp\/v2\/product_brand?post=1264"},{"taxonomy":"product_cat","embeddable":true,"href":"https:\/\/baya-shop.com\/home\/wp-json\/wp\/v2\/product_cat?post=1264"},{"taxonomy":"product_tag","embeddable":true,"href":"https:\/\/baya-shop.com\/home\/wp-json\/wp\/v2\/product_tag?post=1264"}],"curies":[{"name":"wp","href":"https:\/\/api.w.org\/{rel}","templated":true}]}}