{"id":1248,"date":"2022-10-13T15:21:40","date_gmt":"2022-10-13T14:21:40","guid":{"rendered":"https:\/\/baya-shop.com\/home\/?post_type=product&#038;p=1248"},"modified":"2025-07-22T16:27:33","modified_gmt":"2025-07-22T15:27:33","slug":"braun-epilateur-silk-epil-9-720-avec-4-accessoires-blanc-rose","status":"publish","type":"product","link":"https:\/\/baya-shop.com\/home\/product\/braun-epilateur-silk-epil-9-720-avec-4-accessoires-blanc-rose\/","title":{"rendered":"Braun \u00c9pilateur Silk-\u00c9pil SES9720"},"content":{"rendered":"","protected":false},"excerpt":{"rendered":"<p>Le Braun Silk-epil 9-720 avec une t\u00eate large pour une \u00e9pilation ultra rapide.<br \/>\nProfitez de semaines de peau lisse gr\u00e2ce \u00e0 la technologie micro-grip et \u00e0 une t\u00eate 40% plus large qui \u00e9limine les poils aussi courts que 0,5 mm.<br \/>\nLa t\u00eate de rasoir et de tondeuse vous offre des options suppl\u00e9mentaires pour les zones sensibles et l&rsquo;\u00e9pilateur pour femme est 100% \u00e9tanche,<\/p>\n<p>ce qui signifie que vous pouvez vous \u00e9piler dans le bain ou la douche pour une exp\u00e9rience pratiquement indolore.<br \/>\n<b>La bo\u00eete comprend:\u00a0<\/b>1 x \u00e9pilateur 1 x t\u00eate de rasoir 1 x t\u00eate de coupe 1 x pochette 1 x brosse de nettoyage 1 x chargeur<br \/>\n<b>Sans effort:\u00a0<\/b>\u00c9pilateur \u00e9lectrique pour femme avec t\u00eate pivotante large pour une \u00e9pilation plus facile et plus efficace.<br \/>\n<b>Une peau lisse:<\/b>La technologie de pincettes Micro-Grip (40 pincettes) procure une peau lisse pendant plusieurs semaines, et non pas quelques jours.<br \/>\n<b>Facile d&rsquo;utilisation:\u00a0<\/b>Sa poign\u00e9e ergonomique le rend pratique \u00e0 utiliser sur toutes les zones du corps.<br \/>\n<b>Moins de douleur:\u00a0<\/b>100% \u00e9tanche pour pouvoir vous \u00e9piler dans la baignoire ou sous la douche et profiter d&rsquo;une exp\u00e9rience moins douloureuse.<br \/>\n<b>Minutieux<\/b>:\u00a0Le voyant Smartlight sur la poign\u00e9e \u00e9claire m\u00eame les poils les plus fins, pour une \u00e9pilation absolument parfaite.<br \/>\n<b>Sp\u00e9cifications:<\/b><\/p>\n<ul>\n<li>1 t\u00eate de rasage<\/li>\n<li>1 t\u00eate de tondeuse<\/li>\n<li>1 pochette<\/li>\n<li>couleur : blanc<\/li>\n<li>1 accessoire de contact avec la peau<\/li>\n<li>1 brosse de nettoyage<\/li>\n<li>1 chargeur<\/li>\n<li>Type d&rsquo;alimentation: Electrique<\/li>\n<\/ul>\n","protected":false},"featured_media":3469,"comment_status":"open","ping_status":"closed","template":"","meta":{"jetpack_post_was_ever_published":false,"jetpack_publicize_message":"","jetpack_publicize_feature_enabled":true,"jetpack_social_post_already_shared":false,"jetpack_social_options":{"image_generator_settings":{"template":"highway","default_image_id":0,"font":"","enabled":false},"version":2}},"product_brand":[],"product_cat":[19,61],"product_tag":[],"class_list":{"0":"post-1248","1":"product","2":"type-product","3":"status-publish","4":"has-post-thumbnail","6":"product_cat-beaute","7":"product_cat-braun","9":"first","10":"outofstock","11":"shipping-taxable","12":"purchasable","13":"product-type-simple"},"yoast_head":"<!-- This site is optimized with the Yoast SEO plugin v27.4 - https:\/\/yoast.com\/product\/yoast-seo-wordpress\/ -->\n<title>Braun \u00c9pilateur Silk-\u00c9pil SES9720 - Baya Shop<\/title>\n<meta name=\"description\" content=\"Le Braun Silk-epil 9-720 avec une t\u00eate large pour une \u00e9pilation ultra rapide. Profitez de semaines de peau lisse gr\u00e2ce \u00e0 la technologie micro-grip et \u00e0 une t\u00eate 40% plus large qui \u00e9limine les poils aussi courts que 0,5 mm. La t\u00eate de rasoir et de tondeuse vous offre des options suppl\u00e9mentaires pour les zones sensibles et l&#039;\u00e9pilateur pour femme est 100% \u00e9tanche,  ce qui signifie que vous pouvez vous \u00e9piler dans le bain ou la douche pour une exp\u00e9rience pratiquement indolore. La bo\u00eete comprend:\u00a01 x \u00e9pilateur 1 x t\u00eate de rasoir 1 x t\u00eate de coupe 1 x pochette 1 x brosse de nettoyage 1 x chargeur Sans effort:\u00a0\u00c9pilateur \u00e9lectrique pour femme avec t\u00eate pivotante large pour une \u00e9pilation plus facile et plus efficace. Une peau lisse:La technologie de pincettes Micro-Grip (40 pincettes) procure une peau lisse pendant plusieurs semaines, et non pas quelques jours. Facile d&#039;utilisation:\u00a0Sa poign\u00e9e ergonomique le rend pratique \u00e0 utiliser sur toutes les zones du corps. Moins de douleur:\u00a0100% \u00e9tanche pour pouvoir vous \u00e9piler dans la baignoire ou sous la douche et profiter d&#039;une exp\u00e9rience moins douloureuse. Minutieux:\u00a0Le voyant Smartlight sur la poign\u00e9e \u00e9claire m\u00eame les poils les plus fins, pour une \u00e9pilation absolument parfaite. Sp\u00e9cifications:   1 t\u00eate de rasage  1 t\u00eate de tondeuse  1 pochette  couleur : blanc  1 accessoire de contact avec la peau  1 brosse de nettoyage  1 chargeur  Type d&#039;alimentation: Electrique\" \/>\n<meta name=\"robots\" content=\"index, follow, max-snippet:-1, max-image-preview:large, max-video-preview:-1\" \/>\n<link rel=\"canonical\" href=\"https:\/\/baya-shop.com\/home\/product\/braun-epilateur-silk-epil-9-720-avec-4-accessoires-blanc-rose\/\" \/>\n<meta property=\"og:locale\" content=\"fr_FR\" \/>\n<meta property=\"og:type\" content=\"article\" \/>\n<meta property=\"og:title\" content=\"Braun \u00c9pilateur Silk-\u00c9pil SES9720 - Baya Shop\" \/>\n<meta property=\"og:description\" content=\"Le Braun Silk-epil 9-720 avec une t\u00eate large pour une \u00e9pilation ultra rapide. Profitez de semaines de peau lisse gr\u00e2ce \u00e0 la technologie micro-grip et \u00e0 une t\u00eate 40% plus large qui \u00e9limine les poils aussi courts que 0,5 mm. La t\u00eate de rasoir et de tondeuse vous offre des options suppl\u00e9mentaires pour les zones sensibles et l&#039;\u00e9pilateur pour femme est 100% \u00e9tanche,  ce qui signifie que vous pouvez vous \u00e9piler dans le bain ou la douche pour une exp\u00e9rience pratiquement indolore. La bo\u00eete comprend:\u00a01 x \u00e9pilateur 1 x t\u00eate de rasoir 1 x t\u00eate de coupe 1 x pochette 1 x brosse de nettoyage 1 x chargeur Sans effort:\u00a0\u00c9pilateur \u00e9lectrique pour femme avec t\u00eate pivotante large pour une \u00e9pilation plus facile et plus efficace. Une peau lisse:La technologie de pincettes Micro-Grip (40 pincettes) procure une peau lisse pendant plusieurs semaines, et non pas quelques jours. Facile d&#039;utilisation:\u00a0Sa poign\u00e9e ergonomique le rend pratique \u00e0 utiliser sur toutes les zones du corps. Moins de douleur:\u00a0100% \u00e9tanche pour pouvoir vous \u00e9piler dans la baignoire ou sous la douche et profiter d&#039;une exp\u00e9rience moins douloureuse. Minutieux:\u00a0Le voyant Smartlight sur la poign\u00e9e \u00e9claire m\u00eame les poils les plus fins, pour une \u00e9pilation absolument parfaite. Sp\u00e9cifications:   1 t\u00eate de rasage  1 t\u00eate de tondeuse  1 pochette  couleur : blanc  1 accessoire de contact avec la peau  1 brosse de nettoyage  1 chargeur  Type d&#039;alimentation: Electrique\" \/>\n<meta property=\"og:url\" content=\"https:\/\/baya-shop.com\/home\/product\/braun-epilateur-silk-epil-9-720-avec-4-accessoires-blanc-rose\/\" \/>\n<meta property=\"og:site_name\" content=\"Baya Shop\" \/>\n<meta property=\"article:publisher\" content=\"https:\/\/www.facebook.com\/Baya-Shop-103955257949742\" \/>\n<meta property=\"article:modified_time\" content=\"2025-07-22T15:27:33+00:00\" \/>\n<meta property=\"og:image\" content=\"https:\/\/baya-shop.com\/wp-content\/uploads\/2022\/10\/1575179_braun_silk_epil_9_9_710_wet__dry_epilator_4_kiegeszitovel.webp\" \/>\n\t<meta property=\"og:image:width\" content=\"1000\" \/>\n\t<meta property=\"og:image:height\" content=\"1000\" \/>\n\t<meta property=\"og:image:type\" content=\"image\/webp\" \/>\n<meta name=\"twitter:card\" content=\"summary_large_image\" \/>\n<meta name=\"twitter:label1\" content=\"Dur\u00e9e de lecture estim\u00e9e\" \/>\n\t<meta name=\"twitter:data1\" content=\"1 minute\" \/>\n<script type=\"application\/ld+json\" class=\"yoast-schema-graph\">{\"@context\":\"https:\\\/\\\/schema.org\",\"@graph\":[{\"@type\":\"WebPage\",\"@id\":\"https:\\\/\\\/baya-shop.com\\\/home\\\/product\\\/braun-epilateur-silk-epil-9-720-avec-4-accessoires-blanc-rose\\\/\",\"url\":\"https:\\\/\\\/baya-shop.com\\\/home\\\/product\\\/braun-epilateur-silk-epil-9-720-avec-4-accessoires-blanc-rose\\\/\",\"name\":\"Braun \u00c9pilateur Silk-\u00c9pil SES9720 - Baya Shop\",\"isPartOf\":{\"@id\":\"https:\\\/\\\/baya-shop.com\\\/home\\\/#website\"},\"primaryImageOfPage\":{\"@id\":\"https:\\\/\\\/baya-shop.com\\\/home\\\/product\\\/braun-epilateur-silk-epil-9-720-avec-4-accessoires-blanc-rose\\\/#primaryimage\"},\"image\":{\"@id\":\"https:\\\/\\\/baya-shop.com\\\/home\\\/product\\\/braun-epilateur-silk-epil-9-720-avec-4-accessoires-blanc-rose\\\/#primaryimage\"},\"thumbnailUrl\":\"https:\\\/\\\/i0.wp.com\\\/baya-shop.com\\\/wp-content\\\/uploads\\\/2022\\\/10\\\/1575179_braun_silk_epil_9_9_710_wet__dry_epilator_4_kiegeszitovel.webp?fit=1000%2C1000&ssl=1\",\"datePublished\":\"2022-10-13T14:21:40+00:00\",\"dateModified\":\"2025-07-22T15:27:33+00:00\",\"description\":\"Le Braun Silk-epil 9-720 avec une t\u00eate large pour une \u00e9pilation ultra rapide. Profitez de semaines de peau lisse gr\u00e2ce \u00e0 la technologie micro-grip et \u00e0 une t\u00eate 40% plus large qui \u00e9limine les poils aussi courts que 0,5 mm. La t\u00eate de rasoir et de tondeuse vous offre des options suppl\u00e9mentaires pour les zones sensibles et l'\u00e9pilateur pour femme est 100% \u00e9tanche, ce qui signifie que vous pouvez vous \u00e9piler dans le bain ou la douche pour une exp\u00e9rience pratiquement indolore. La bo\u00eete comprend:\u00a01 x \u00e9pilateur 1 x t\u00eate de rasoir 1 x t\u00eate de coupe 1 x pochette 1 x brosse de nettoyage 1 x chargeur Sans effort:\u00a0\u00c9pilateur \u00e9lectrique pour femme avec t\u00eate pivotante large pour une \u00e9pilation plus facile et plus efficace. Une peau lisse:La technologie de pincettes Micro-Grip (40 pincettes) procure une peau lisse pendant plusieurs semaines, et non pas quelques jours. Facile d'utilisation:\u00a0Sa poign\u00e9e ergonomique le rend pratique \u00e0 utiliser sur toutes les zones du corps. Moins de douleur:\u00a0100% \u00e9tanche pour pouvoir vous \u00e9piler dans la baignoire ou sous la douche et profiter d'une exp\u00e9rience moins douloureuse. Minutieux:\u00a0Le voyant Smartlight sur la poign\u00e9e \u00e9claire m\u00eame les poils les plus fins, pour une \u00e9pilation absolument parfaite. Sp\u00e9cifications: 1 t\u00eate de rasage 1 t\u00eate de tondeuse 1 pochette couleur : blanc 1 accessoire de contact avec la peau 1 brosse de nettoyage 1 chargeur Type d'alimentation: Electrique\",\"breadcrumb\":{\"@id\":\"https:\\\/\\\/baya-shop.com\\\/home\\\/product\\\/braun-epilateur-silk-epil-9-720-avec-4-accessoires-blanc-rose\\\/#breadcrumb\"},\"inLanguage\":\"fr-FR\",\"potentialAction\":[{\"@type\":\"ReadAction\",\"target\":[\"https:\\\/\\\/baya-shop.com\\\/home\\\/product\\\/braun-epilateur-silk-epil-9-720-avec-4-accessoires-blanc-rose\\\/\"]}]},{\"@type\":\"ImageObject\",\"inLanguage\":\"fr-FR\",\"@id\":\"https:\\\/\\\/baya-shop.com\\\/home\\\/product\\\/braun-epilateur-silk-epil-9-720-avec-4-accessoires-blanc-rose\\\/#primaryimage\",\"url\":\"https:\\\/\\\/i0.wp.com\\\/baya-shop.com\\\/wp-content\\\/uploads\\\/2022\\\/10\\\/1575179_braun_silk_epil_9_9_710_wet__dry_epilator_4_kiegeszitovel.webp?fit=1000%2C1000&ssl=1\",\"contentUrl\":\"https:\\\/\\\/i0.wp.com\\\/baya-shop.com\\\/wp-content\\\/uploads\\\/2022\\\/10\\\/1575179_braun_silk_epil_9_9_710_wet__dry_epilator_4_kiegeszitovel.webp?fit=1000%2C1000&ssl=1\",\"width\":1000,\"height\":1000},{\"@type\":\"BreadcrumbList\",\"@id\":\"https:\\\/\\\/baya-shop.com\\\/home\\\/product\\\/braun-epilateur-silk-epil-9-720-avec-4-accessoires-blanc-rose\\\/#breadcrumb\",\"itemListElement\":[{\"@type\":\"ListItem\",\"position\":1,\"name\":\"Accueil\",\"item\":\"https:\\\/\\\/baya-shop.com\\\/home\\\/\"},{\"@type\":\"ListItem\",\"position\":2,\"name\":\"Shop\",\"item\":\"https:\\\/\\\/baya-shop.com\\\/home\\\/shop\\\/\"},{\"@type\":\"ListItem\",\"position\":3,\"name\":\"Braun \u00c9pilateur Silk-\u00c9pil SES9720\"}]},{\"@type\":\"WebSite\",\"@id\":\"https:\\\/\\\/baya-shop.com\\\/home\\\/#website\",\"url\":\"https:\\\/\\\/baya-shop.com\\\/home\\\/\",\"name\":\"Baya Shop\",\"description\":\"\",\"publisher\":{\"@id\":\"https:\\\/\\\/baya-shop.com\\\/home\\\/#organization\"},\"potentialAction\":[{\"@type\":\"SearchAction\",\"target\":{\"@type\":\"EntryPoint\",\"urlTemplate\":\"https:\\\/\\\/baya-shop.com\\\/home\\\/?s={search_term_string}\"},\"query-input\":{\"@type\":\"PropertyValueSpecification\",\"valueRequired\":true,\"valueName\":\"search_term_string\"}}],\"inLanguage\":\"fr-FR\"},{\"@type\":\"Organization\",\"@id\":\"https:\\\/\\\/baya-shop.com\\\/home\\\/#organization\",\"name\":\"Baya Shop\",\"url\":\"https:\\\/\\\/baya-shop.com\\\/home\\\/\",\"logo\":{\"@type\":\"ImageObject\",\"inLanguage\":\"fr-FR\",\"@id\":\"https:\\\/\\\/baya-shop.com\\\/home\\\/#\\\/schema\\\/logo\\\/image\\\/\",\"url\":\"https:\\\/\\\/baya-shop.com\\\/wp-content\\\/uploads\\\/2020\\\/11\\\/g.png\",\"contentUrl\":\"https:\\\/\\\/baya-shop.com\\\/wp-content\\\/uploads\\\/2020\\\/11\\\/g.png\",\"width\":64,\"height\":64,\"caption\":\"Baya Shop\"},\"image\":{\"@id\":\"https:\\\/\\\/baya-shop.com\\\/home\\\/#\\\/schema\\\/logo\\\/image\\\/\"},\"sameAs\":[\"https:\\\/\\\/www.facebook.com\\\/Baya-Shop-103955257949742\",\"https:\\\/\\\/www.instagram.com\\\/baya_shop_dz\\\/\"]}]}<\/script>\n<!-- \/ Yoast SEO plugin. -->","yoast_head_json":{"title":"Braun \u00c9pilateur Silk-\u00c9pil SES9720 - Baya Shop","description":"Le Braun Silk-epil 9-720 avec une t\u00eate large pour une \u00e9pilation ultra rapide. Profitez de semaines de peau lisse gr\u00e2ce \u00e0 la technologie micro-grip et \u00e0 une t\u00eate 40% plus large qui \u00e9limine les poils aussi courts que 0,5 mm. La t\u00eate de rasoir et de tondeuse vous offre des options suppl\u00e9mentaires pour les zones sensibles et l'\u00e9pilateur pour femme est 100% \u00e9tanche,  ce qui signifie que vous pouvez vous \u00e9piler dans le bain ou la douche pour une exp\u00e9rience pratiquement indolore. La bo\u00eete comprend:\u00a01 x \u00e9pilateur 1 x t\u00eate de rasoir 1 x t\u00eate de coupe 1 x pochette 1 x brosse de nettoyage 1 x chargeur Sans effort:\u00a0\u00c9pilateur \u00e9lectrique pour femme avec t\u00eate pivotante large pour une \u00e9pilation plus facile et plus efficace. Une peau lisse:La technologie de pincettes Micro-Grip (40 pincettes) procure une peau lisse pendant plusieurs semaines, et non pas quelques jours. Facile d'utilisation:\u00a0Sa poign\u00e9e ergonomique le rend pratique \u00e0 utiliser sur toutes les zones du corps. Moins de douleur:\u00a0100% \u00e9tanche pour pouvoir vous \u00e9piler dans la baignoire ou sous la douche et profiter d'une exp\u00e9rience moins douloureuse. Minutieux:\u00a0Le voyant Smartlight sur la poign\u00e9e \u00e9claire m\u00eame les poils les plus fins, pour une \u00e9pilation absolument parfaite. Sp\u00e9cifications:   1 t\u00eate de rasage  1 t\u00eate de tondeuse  1 pochette  couleur : blanc  1 accessoire de contact avec la peau  1 brosse de nettoyage  1 chargeur  Type d'alimentation: Electrique","robots":{"index":"index","follow":"follow","max-snippet":"max-snippet:-1","max-image-preview":"max-image-preview:large","max-video-preview":"max-video-preview:-1"},"canonical":"https:\/\/baya-shop.com\/home\/product\/braun-epilateur-silk-epil-9-720-avec-4-accessoires-blanc-rose\/","og_locale":"fr_FR","og_type":"article","og_title":"Braun \u00c9pilateur Silk-\u00c9pil SES9720 - Baya Shop","og_description":"Le Braun Silk-epil 9-720 avec une t\u00eate large pour une \u00e9pilation ultra rapide. Profitez de semaines de peau lisse gr\u00e2ce \u00e0 la technologie micro-grip et \u00e0 une t\u00eate 40% plus large qui \u00e9limine les poils aussi courts que 0,5 mm. La t\u00eate de rasoir et de tondeuse vous offre des options suppl\u00e9mentaires pour les zones sensibles et l'\u00e9pilateur pour femme est 100% \u00e9tanche,  ce qui signifie que vous pouvez vous \u00e9piler dans le bain ou la douche pour une exp\u00e9rience pratiquement indolore. La bo\u00eete comprend:\u00a01 x \u00e9pilateur 1 x t\u00eate de rasoir 1 x t\u00eate de coupe 1 x pochette 1 x brosse de nettoyage 1 x chargeur Sans effort:\u00a0\u00c9pilateur \u00e9lectrique pour femme avec t\u00eate pivotante large pour une \u00e9pilation plus facile et plus efficace. Une peau lisse:La technologie de pincettes Micro-Grip (40 pincettes) procure une peau lisse pendant plusieurs semaines, et non pas quelques jours. Facile d'utilisation:\u00a0Sa poign\u00e9e ergonomique le rend pratique \u00e0 utiliser sur toutes les zones du corps. Moins de douleur:\u00a0100% \u00e9tanche pour pouvoir vous \u00e9piler dans la baignoire ou sous la douche et profiter d'une exp\u00e9rience moins douloureuse. Minutieux:\u00a0Le voyant Smartlight sur la poign\u00e9e \u00e9claire m\u00eame les poils les plus fins, pour une \u00e9pilation absolument parfaite. Sp\u00e9cifications:   1 t\u00eate de rasage  1 t\u00eate de tondeuse  1 pochette  couleur : blanc  1 accessoire de contact avec la peau  1 brosse de nettoyage  1 chargeur  Type d'alimentation: Electrique","og_url":"https:\/\/baya-shop.com\/home\/product\/braun-epilateur-silk-epil-9-720-avec-4-accessoires-blanc-rose\/","og_site_name":"Baya Shop","article_publisher":"https:\/\/www.facebook.com\/Baya-Shop-103955257949742","article_modified_time":"2025-07-22T15:27:33+00:00","og_image":[{"width":1000,"height":1000,"url":"https:\/\/baya-shop.com\/wp-content\/uploads\/2022\/10\/1575179_braun_silk_epil_9_9_710_wet__dry_epilator_4_kiegeszitovel.webp","type":"image\/webp"}],"twitter_card":"summary_large_image","twitter_misc":{"Dur\u00e9e de lecture estim\u00e9e":"1 minute"},"schema":{"@context":"https:\/\/schema.org","@graph":[{"@type":"WebPage","@id":"https:\/\/baya-shop.com\/home\/product\/braun-epilateur-silk-epil-9-720-avec-4-accessoires-blanc-rose\/","url":"https:\/\/baya-shop.com\/home\/product\/braun-epilateur-silk-epil-9-720-avec-4-accessoires-blanc-rose\/","name":"Braun \u00c9pilateur Silk-\u00c9pil SES9720 - Baya Shop","isPartOf":{"@id":"https:\/\/baya-shop.com\/home\/#website"},"primaryImageOfPage":{"@id":"https:\/\/baya-shop.com\/home\/product\/braun-epilateur-silk-epil-9-720-avec-4-accessoires-blanc-rose\/#primaryimage"},"image":{"@id":"https:\/\/baya-shop.com\/home\/product\/braun-epilateur-silk-epil-9-720-avec-4-accessoires-blanc-rose\/#primaryimage"},"thumbnailUrl":"https:\/\/i0.wp.com\/baya-shop.com\/wp-content\/uploads\/2022\/10\/1575179_braun_silk_epil_9_9_710_wet__dry_epilator_4_kiegeszitovel.webp?fit=1000%2C1000&ssl=1","datePublished":"2022-10-13T14:21:40+00:00","dateModified":"2025-07-22T15:27:33+00:00","description":"Le Braun Silk-epil 9-720 avec une t\u00eate large pour une \u00e9pilation ultra rapide. Profitez de semaines de peau lisse gr\u00e2ce \u00e0 la technologie micro-grip et \u00e0 une t\u00eate 40% plus large qui \u00e9limine les poils aussi courts que 0,5 mm. La t\u00eate de rasoir et de tondeuse vous offre des options suppl\u00e9mentaires pour les zones sensibles et l'\u00e9pilateur pour femme est 100% \u00e9tanche, ce qui signifie que vous pouvez vous \u00e9piler dans le bain ou la douche pour une exp\u00e9rience pratiquement indolore. La bo\u00eete comprend:\u00a01 x \u00e9pilateur 1 x t\u00eate de rasoir 1 x t\u00eate de coupe 1 x pochette 1 x brosse de nettoyage 1 x chargeur Sans effort:\u00a0\u00c9pilateur \u00e9lectrique pour femme avec t\u00eate pivotante large pour une \u00e9pilation plus facile et plus efficace. Une peau lisse:La technologie de pincettes Micro-Grip (40 pincettes) procure une peau lisse pendant plusieurs semaines, et non pas quelques jours. Facile d'utilisation:\u00a0Sa poign\u00e9e ergonomique le rend pratique \u00e0 utiliser sur toutes les zones du corps. Moins de douleur:\u00a0100% \u00e9tanche pour pouvoir vous \u00e9piler dans la baignoire ou sous la douche et profiter d'une exp\u00e9rience moins douloureuse. Minutieux:\u00a0Le voyant Smartlight sur la poign\u00e9e \u00e9claire m\u00eame les poils les plus fins, pour une \u00e9pilation absolument parfaite. Sp\u00e9cifications: 1 t\u00eate de rasage 1 t\u00eate de tondeuse 1 pochette couleur : blanc 1 accessoire de contact avec la peau 1 brosse de nettoyage 1 chargeur Type d'alimentation: Electrique","breadcrumb":{"@id":"https:\/\/baya-shop.com\/home\/product\/braun-epilateur-silk-epil-9-720-avec-4-accessoires-blanc-rose\/#breadcrumb"},"inLanguage":"fr-FR","potentialAction":[{"@type":"ReadAction","target":["https:\/\/baya-shop.com\/home\/product\/braun-epilateur-silk-epil-9-720-avec-4-accessoires-blanc-rose\/"]}]},{"@type":"ImageObject","inLanguage":"fr-FR","@id":"https:\/\/baya-shop.com\/home\/product\/braun-epilateur-silk-epil-9-720-avec-4-accessoires-blanc-rose\/#primaryimage","url":"https:\/\/i0.wp.com\/baya-shop.com\/wp-content\/uploads\/2022\/10\/1575179_braun_silk_epil_9_9_710_wet__dry_epilator_4_kiegeszitovel.webp?fit=1000%2C1000&ssl=1","contentUrl":"https:\/\/i0.wp.com\/baya-shop.com\/wp-content\/uploads\/2022\/10\/1575179_braun_silk_epil_9_9_710_wet__dry_epilator_4_kiegeszitovel.webp?fit=1000%2C1000&ssl=1","width":1000,"height":1000},{"@type":"BreadcrumbList","@id":"https:\/\/baya-shop.com\/home\/product\/braun-epilateur-silk-epil-9-720-avec-4-accessoires-blanc-rose\/#breadcrumb","itemListElement":[{"@type":"ListItem","position":1,"name":"Accueil","item":"https:\/\/baya-shop.com\/home\/"},{"@type":"ListItem","position":2,"name":"Shop","item":"https:\/\/baya-shop.com\/home\/shop\/"},{"@type":"ListItem","position":3,"name":"Braun \u00c9pilateur Silk-\u00c9pil SES9720"}]},{"@type":"WebSite","@id":"https:\/\/baya-shop.com\/home\/#website","url":"https:\/\/baya-shop.com\/home\/","name":"Baya Shop","description":"","publisher":{"@id":"https:\/\/baya-shop.com\/home\/#organization"},"potentialAction":[{"@type":"SearchAction","target":{"@type":"EntryPoint","urlTemplate":"https:\/\/baya-shop.com\/home\/?s={search_term_string}"},"query-input":{"@type":"PropertyValueSpecification","valueRequired":true,"valueName":"search_term_string"}}],"inLanguage":"fr-FR"},{"@type":"Organization","@id":"https:\/\/baya-shop.com\/home\/#organization","name":"Baya Shop","url":"https:\/\/baya-shop.com\/home\/","logo":{"@type":"ImageObject","inLanguage":"fr-FR","@id":"https:\/\/baya-shop.com\/home\/#\/schema\/logo\/image\/","url":"https:\/\/baya-shop.com\/wp-content\/uploads\/2020\/11\/g.png","contentUrl":"https:\/\/baya-shop.com\/wp-content\/uploads\/2020\/11\/g.png","width":64,"height":64,"caption":"Baya Shop"},"image":{"@id":"https:\/\/baya-shop.com\/home\/#\/schema\/logo\/image\/"},"sameAs":["https:\/\/www.facebook.com\/Baya-Shop-103955257949742","https:\/\/www.instagram.com\/baya_shop_dz\/"]}]}},"jetpack_publicize_connections":[],"jetpack_sharing_enabled":true,"jetpack_likes_enabled":true,"jetpack-related-posts":[],"_links":{"self":[{"href":"https:\/\/baya-shop.com\/home\/wp-json\/wp\/v2\/product\/1248","targetHints":{"allow":["GET"]}}],"collection":[{"href":"https:\/\/baya-shop.com\/home\/wp-json\/wp\/v2\/product"}],"about":[{"href":"https:\/\/baya-shop.com\/home\/wp-json\/wp\/v2\/types\/product"}],"replies":[{"embeddable":true,"href":"https:\/\/baya-shop.com\/home\/wp-json\/wp\/v2\/comments?post=1248"}],"wp:featuredmedia":[{"embeddable":true,"href":"https:\/\/baya-shop.com\/home\/wp-json\/wp\/v2\/media\/3469"}],"wp:attachment":[{"href":"https:\/\/baya-shop.com\/home\/wp-json\/wp\/v2\/media?parent=1248"}],"wp:term":[{"taxonomy":"product_brand","embeddable":true,"href":"https:\/\/baya-shop.com\/home\/wp-json\/wp\/v2\/product_brand?post=1248"},{"taxonomy":"product_cat","embeddable":true,"href":"https:\/\/baya-shop.com\/home\/wp-json\/wp\/v2\/product_cat?post=1248"},{"taxonomy":"product_tag","embeddable":true,"href":"https:\/\/baya-shop.com\/home\/wp-json\/wp\/v2\/product_tag?post=1248"}],"curies":[{"name":"wp","href":"https:\/\/api.w.org\/{rel}","templated":true}]}}