{"id":1221,"date":"2022-10-13T14:43:44","date_gmt":"2022-10-13T13:43:44","guid":{"rendered":"https:\/\/baya-shop.com\/home\/?post_type=product&#038;p=1221"},"modified":"2026-01-04T18:05:32","modified_gmt":"2026-01-04T17:05:32","slug":"braun-epilateur-braun-silk-epil-9-flex-se9010-gold","status":"publish","type":"product","link":"https:\/\/baya-shop.com\/home\/product\/braun-epilateur-braun-silk-epil-9-flex-se9010-gold\/","title":{"rendered":"Braun \u00c9pilateur Braun Silk-\u00e9pil 9 Flex SES9010"},"content":{"rendered":"","protected":false},"excerpt":{"rendered":"<ul>\n<li>Une poign\u00e9e fine et ergonomique<\/li>\n<\/ul>\n<p>Peau jeune et fra\u00eecheDes aisselles lissesUtilisez-le partoutEntretien du maillotPincettes Micro-GripGuide de pressionTechnologie Wet &amp; DryRasage et tonte<\/p>\n<ul>\n<li><b>Peau jeune et fra\u00eeche<\/b><\/li>\n<li>D\u00e9barrassez-vous des peaux mortes et exhalez un \u00e9clat irr\u00e9sistible. La brosse exfoliante en profondeur est six fois plus efficace qu&rsquo;une exfoliation manuelle.<\/li>\n<li><b>Des aisselles lisses<\/b><\/li>\n<li>Portez votre d\u00e9bardeur pr\u00e9f\u00e9r\u00e9 avec la certitude que vos aisselles seront douces et lisses. Pour les zones ultra sensibles, nous recommandons d&rsquo;utiliser la t\u00eate de rasage incluse dans le coffret.<\/li>\n<li><b>Utilisez-le partout<\/b><\/li>\n<li>\u00c9pilez-vous sur tout le corps, en utilisant la t\u00eate souple pour atteindre facilement les zones difficiles. La technologie Micro-Grip avec une t\u00eate 40 % plus large \u00e9limine plus de poils en un seul passage, pour une \u00e9pilation plus efficace.<\/li>\n<li><b>Entretien du maillot<\/b><\/li>\n<li>Pr\u00e9parez-vous pour une journ\u00e9e au bord de la piscine sans les tracas de la cire gr\u00e2ce au rasoir ou \u00e0 la t\u00eate de tondeuse. Aucune douleur. Aucun rendez-vous. Juste une peau pr\u00eate \u00e0 arborer votre plus beau bikini.<\/li>\n<li><b>Pincettes Micro-Grip<\/b><\/li>\n<li>Dot\u00e9 de pincettes plus larges, plus longues et plus profondes, l&rsquo;\u00e9pilateur Silk-\u00e9pil 9 Flex \u00e9limine avec pr\u00e9cision m\u00eame les poils les plus courts, que la cire ne peut attraper.<\/li>\n<li><b>Guide de pression<\/b><\/li>\n<li>La technologie SensoSmart guide votre \u00e9pilation avec un voyant rouge pour s&rsquo;assurer que la bonne pression est appliqu\u00e9e.<\/li>\n<li><b>Technologie Wet &amp; Dry<\/b><\/li>\n<li>100 % \u00e9tanche, vous pouvez vous \u00e9piler dans le bain ou sous la douche. L&rsquo;\u00e9pilation devient pratiquement indolore avec un usage fr\u00e9quent sous l&rsquo;eau.<\/li>\n<li><b>Rasage et tonte<\/b><\/li>\n<li>La t\u00eate de rasage transforme l&rsquo;\u00e9pilateur en un rasoir enti\u00e8rement fonctionnel, tandis que l&rsquo;accessoire tondeuse vous permet de couper les poils si vous pr\u00e9f\u00e9rez.<\/li>\n<\/ul>\n","protected":false},"featured_media":3465,"comment_status":"open","ping_status":"closed","template":"","meta":{"jetpack_post_was_ever_published":false,"jetpack_publicize_message":"","jetpack_publicize_feature_enabled":true,"jetpack_social_post_already_shared":false,"jetpack_social_options":{"image_generator_settings":{"template":"highway","default_image_id":0,"font":"","enabled":false},"version":2}},"product_brand":[],"product_cat":[19,61],"product_tag":[],"class_list":{"0":"post-1221","1":"product","2":"type-product","3":"status-publish","4":"has-post-thumbnail","6":"product_cat-beaute","7":"product_cat-braun","9":"first","10":"outofstock","11":"sale","12":"shipping-taxable","13":"purchasable","14":"product-type-simple"},"yoast_head":"<!-- This site is optimized with the Yoast SEO plugin v27.5 - https:\/\/yoast.com\/product\/yoast-seo-wordpress\/ -->\n<title>Braun \u00c9pilateur Braun Silk-\u00e9pil 9 Flex SES9010 - Baya Shop<\/title>\n<meta name=\"description\" content=\"Une poign\u00e9e fine et ergonomique  Peau jeune et fra\u00eecheDes aisselles lissesUtilisez-le partoutEntretien du maillotPincettes Micro-GripGuide de pressionTechnologie Wet &amp; DryRasage et tonte   Peau jeune et fra\u00eeche  D\u00e9barrassez-vous des peaux mortes et exhalez un \u00e9clat irr\u00e9sistible. La brosse exfoliante en profondeur est six fois plus efficace qu&#039;une exfoliation manuelle.  Des aisselles lisses  Portez votre d\u00e9bardeur pr\u00e9f\u00e9r\u00e9 avec la certitude que vos aisselles seront douces et lisses. Pour les zones ultra sensibles, nous recommandons d&#039;utiliser la t\u00eate de rasage incluse dans le coffret.  Utilisez-le partout  \u00c9pilez-vous sur tout le corps, en utilisant la t\u00eate souple pour atteindre facilement les zones difficiles. La technologie Micro-Grip avec une t\u00eate 40 % plus large \u00e9limine plus de poils en un seul passage, pour une \u00e9pilation plus efficace.  Entretien du maillot  Pr\u00e9parez-vous pour une journ\u00e9e au bord de la piscine sans les tracas de la cire gr\u00e2ce au rasoir ou \u00e0 la t\u00eate de tondeuse. Aucune douleur. Aucun rendez-vous. Juste une peau pr\u00eate \u00e0 arborer votre plus beau bikini.  Pincettes Micro-Grip  Dot\u00e9 de pincettes plus larges, plus longues et plus profondes, l&#039;\u00e9pilateur Silk-\u00e9pil 9 Flex \u00e9limine avec pr\u00e9cision m\u00eame les poils les plus courts, que la cire ne peut attraper.  Guide de pression  La technologie SensoSmart guide votre \u00e9pilation avec un voyant rouge pour s&#039;assurer que la bonne pression est appliqu\u00e9e.  Technologie Wet &amp; Dry  100 % \u00e9tanche, vous pouvez vous \u00e9piler dans le bain ou sous la douche. L&#039;\u00e9pilation devient pratiquement indolore avec un usage fr\u00e9quent sous l&#039;eau.  Rasage et tonte  La t\u00eate de rasage transforme l&#039;\u00e9pilateur en un rasoir enti\u00e8rement fonctionnel, tandis que l&#039;accessoire tondeuse vous permet de couper les poils si vous pr\u00e9f\u00e9rez.\" \/>\n<meta name=\"robots\" content=\"index, follow, max-snippet:-1, max-image-preview:large, max-video-preview:-1\" \/>\n<link rel=\"canonical\" href=\"https:\/\/baya-shop.com\/home\/product\/braun-epilateur-braun-silk-epil-9-flex-se9010-gold\/\" \/>\n<meta property=\"og:locale\" content=\"fr_FR\" \/>\n<meta property=\"og:type\" content=\"article\" \/>\n<meta property=\"og:title\" content=\"Braun \u00c9pilateur Braun Silk-\u00e9pil 9 Flex SES9010 - Baya Shop\" \/>\n<meta property=\"og:description\" content=\"Une poign\u00e9e fine et ergonomique  Peau jeune et fra\u00eecheDes aisselles lissesUtilisez-le partoutEntretien du maillotPincettes Micro-GripGuide de pressionTechnologie Wet &amp; DryRasage et tonte   Peau jeune et fra\u00eeche  D\u00e9barrassez-vous des peaux mortes et exhalez un \u00e9clat irr\u00e9sistible. La brosse exfoliante en profondeur est six fois plus efficace qu&#039;une exfoliation manuelle.  Des aisselles lisses  Portez votre d\u00e9bardeur pr\u00e9f\u00e9r\u00e9 avec la certitude que vos aisselles seront douces et lisses. Pour les zones ultra sensibles, nous recommandons d&#039;utiliser la t\u00eate de rasage incluse dans le coffret.  Utilisez-le partout  \u00c9pilez-vous sur tout le corps, en utilisant la t\u00eate souple pour atteindre facilement les zones difficiles. La technologie Micro-Grip avec une t\u00eate 40 % plus large \u00e9limine plus de poils en un seul passage, pour une \u00e9pilation plus efficace.  Entretien du maillot  Pr\u00e9parez-vous pour une journ\u00e9e au bord de la piscine sans les tracas de la cire gr\u00e2ce au rasoir ou \u00e0 la t\u00eate de tondeuse. Aucune douleur. Aucun rendez-vous. Juste une peau pr\u00eate \u00e0 arborer votre plus beau bikini.  Pincettes Micro-Grip  Dot\u00e9 de pincettes plus larges, plus longues et plus profondes, l&#039;\u00e9pilateur Silk-\u00e9pil 9 Flex \u00e9limine avec pr\u00e9cision m\u00eame les poils les plus courts, que la cire ne peut attraper.  Guide de pression  La technologie SensoSmart guide votre \u00e9pilation avec un voyant rouge pour s&#039;assurer que la bonne pression est appliqu\u00e9e.  Technologie Wet &amp; Dry  100 % \u00e9tanche, vous pouvez vous \u00e9piler dans le bain ou sous la douche. L&#039;\u00e9pilation devient pratiquement indolore avec un usage fr\u00e9quent sous l&#039;eau.  Rasage et tonte  La t\u00eate de rasage transforme l&#039;\u00e9pilateur en un rasoir enti\u00e8rement fonctionnel, tandis que l&#039;accessoire tondeuse vous permet de couper les poils si vous pr\u00e9f\u00e9rez.\" \/>\n<meta property=\"og:url\" content=\"https:\/\/baya-shop.com\/home\/product\/braun-epilateur-braun-silk-epil-9-flex-se9010-gold\/\" \/>\n<meta property=\"og:site_name\" content=\"Baya Shop\" \/>\n<meta property=\"article:publisher\" content=\"https:\/\/www.facebook.com\/Baya-Shop-103955257949742\" \/>\n<meta property=\"article:modified_time\" content=\"2026-01-04T17:05:32+00:00\" \/>\n<meta property=\"og:image\" content=\"https:\/\/baya-shop.com\/wp-content\/uploads\/2022\/10\/epilateur-braun-silk-epil-9-flex-9010-wet-dry-6-accessoires-dont-brosse-exfoliante.jpg\" \/>\n\t<meta property=\"og:image:width\" content=\"800\" \/>\n\t<meta property=\"og:image:height\" content=\"800\" \/>\n\t<meta property=\"og:image:type\" content=\"image\/jpeg\" \/>\n<meta name=\"twitter:card\" content=\"summary_large_image\" \/>\n<meta name=\"twitter:label1\" content=\"Dur\u00e9e de lecture estim\u00e9e\" \/>\n\t<meta name=\"twitter:data1\" content=\"1 minute\" \/>\n<script type=\"application\/ld+json\" class=\"yoast-schema-graph\">{\"@context\":\"https:\\\/\\\/schema.org\",\"@graph\":[{\"@type\":\"WebPage\",\"@id\":\"https:\\\/\\\/baya-shop.com\\\/home\\\/product\\\/braun-epilateur-braun-silk-epil-9-flex-se9010-gold\\\/\",\"url\":\"https:\\\/\\\/baya-shop.com\\\/home\\\/product\\\/braun-epilateur-braun-silk-epil-9-flex-se9010-gold\\\/\",\"name\":\"Braun \u00c9pilateur Braun Silk-\u00e9pil 9 Flex SES9010 - Baya Shop\",\"isPartOf\":{\"@id\":\"https:\\\/\\\/baya-shop.com\\\/home\\\/#website\"},\"primaryImageOfPage\":{\"@id\":\"https:\\\/\\\/baya-shop.com\\\/home\\\/product\\\/braun-epilateur-braun-silk-epil-9-flex-se9010-gold\\\/#primaryimage\"},\"image\":{\"@id\":\"https:\\\/\\\/baya-shop.com\\\/home\\\/product\\\/braun-epilateur-braun-silk-epil-9-flex-se9010-gold\\\/#primaryimage\"},\"thumbnailUrl\":\"https:\\\/\\\/i0.wp.com\\\/baya-shop.com\\\/wp-content\\\/uploads\\\/2022\\\/10\\\/epilateur-braun-silk-epil-9-flex-9010-wet-dry-6-accessoires-dont-brosse-exfoliante.jpg?fit=800%2C800&ssl=1\",\"datePublished\":\"2022-10-13T13:43:44+00:00\",\"dateModified\":\"2026-01-04T17:05:32+00:00\",\"description\":\"Une poign\u00e9e fine et ergonomique Peau jeune et fra\u00eecheDes aisselles lissesUtilisez-le partoutEntretien du maillotPincettes Micro-GripGuide de pressionTechnologie Wet &amp; DryRasage et tonte Peau jeune et fra\u00eeche D\u00e9barrassez-vous des peaux mortes et exhalez un \u00e9clat irr\u00e9sistible. La brosse exfoliante en profondeur est six fois plus efficace qu'une exfoliation manuelle. Des aisselles lisses Portez votre d\u00e9bardeur pr\u00e9f\u00e9r\u00e9 avec la certitude que vos aisselles seront douces et lisses. Pour les zones ultra sensibles, nous recommandons d'utiliser la t\u00eate de rasage incluse dans le coffret. Utilisez-le partout \u00c9pilez-vous sur tout le corps, en utilisant la t\u00eate souple pour atteindre facilement les zones difficiles. La technologie Micro-Grip avec une t\u00eate 40 % plus large \u00e9limine plus de poils en un seul passage, pour une \u00e9pilation plus efficace. Entretien du maillot Pr\u00e9parez-vous pour une journ\u00e9e au bord de la piscine sans les tracas de la cire gr\u00e2ce au rasoir ou \u00e0 la t\u00eate de tondeuse. Aucune douleur. Aucun rendez-vous. Juste une peau pr\u00eate \u00e0 arborer votre plus beau bikini. Pincettes Micro-Grip Dot\u00e9 de pincettes plus larges, plus longues et plus profondes, l'\u00e9pilateur Silk-\u00e9pil 9 Flex \u00e9limine avec pr\u00e9cision m\u00eame les poils les plus courts, que la cire ne peut attraper. Guide de pression La technologie SensoSmart guide votre \u00e9pilation avec un voyant rouge pour s'assurer que la bonne pression est appliqu\u00e9e. Technologie Wet &amp; Dry 100 % \u00e9tanche, vous pouvez vous \u00e9piler dans le bain ou sous la douche. L'\u00e9pilation devient pratiquement indolore avec un usage fr\u00e9quent sous l'eau. Rasage et tonte La t\u00eate de rasage transforme l'\u00e9pilateur en un rasoir enti\u00e8rement fonctionnel, tandis que l'accessoire tondeuse vous permet de couper les poils si vous pr\u00e9f\u00e9rez.\",\"breadcrumb\":{\"@id\":\"https:\\\/\\\/baya-shop.com\\\/home\\\/product\\\/braun-epilateur-braun-silk-epil-9-flex-se9010-gold\\\/#breadcrumb\"},\"inLanguage\":\"fr-FR\",\"potentialAction\":[{\"@type\":\"ReadAction\",\"target\":[\"https:\\\/\\\/baya-shop.com\\\/home\\\/product\\\/braun-epilateur-braun-silk-epil-9-flex-se9010-gold\\\/\"]}]},{\"@type\":\"ImageObject\",\"inLanguage\":\"fr-FR\",\"@id\":\"https:\\\/\\\/baya-shop.com\\\/home\\\/product\\\/braun-epilateur-braun-silk-epil-9-flex-se9010-gold\\\/#primaryimage\",\"url\":\"https:\\\/\\\/i0.wp.com\\\/baya-shop.com\\\/wp-content\\\/uploads\\\/2022\\\/10\\\/epilateur-braun-silk-epil-9-flex-9010-wet-dry-6-accessoires-dont-brosse-exfoliante.jpg?fit=800%2C800&ssl=1\",\"contentUrl\":\"https:\\\/\\\/i0.wp.com\\\/baya-shop.com\\\/wp-content\\\/uploads\\\/2022\\\/10\\\/epilateur-braun-silk-epil-9-flex-9010-wet-dry-6-accessoires-dont-brosse-exfoliante.jpg?fit=800%2C800&ssl=1\",\"width\":800,\"height\":800},{\"@type\":\"BreadcrumbList\",\"@id\":\"https:\\\/\\\/baya-shop.com\\\/home\\\/product\\\/braun-epilateur-braun-silk-epil-9-flex-se9010-gold\\\/#breadcrumb\",\"itemListElement\":[{\"@type\":\"ListItem\",\"position\":1,\"name\":\"Accueil\",\"item\":\"https:\\\/\\\/baya-shop.com\\\/home\\\/\"},{\"@type\":\"ListItem\",\"position\":2,\"name\":\"Shop\",\"item\":\"https:\\\/\\\/baya-shop.com\\\/home\\\/shop\\\/\"},{\"@type\":\"ListItem\",\"position\":3,\"name\":\"Braun \u00c9pilateur Braun Silk-\u00e9pil 9 Flex SES9010\"}]},{\"@type\":\"WebSite\",\"@id\":\"https:\\\/\\\/baya-shop.com\\\/home\\\/#website\",\"url\":\"https:\\\/\\\/baya-shop.com\\\/home\\\/\",\"name\":\"Baya Shop\",\"description\":\"\",\"publisher\":{\"@id\":\"https:\\\/\\\/baya-shop.com\\\/home\\\/#organization\"},\"potentialAction\":[{\"@type\":\"SearchAction\",\"target\":{\"@type\":\"EntryPoint\",\"urlTemplate\":\"https:\\\/\\\/baya-shop.com\\\/home\\\/?s={search_term_string}\"},\"query-input\":{\"@type\":\"PropertyValueSpecification\",\"valueRequired\":true,\"valueName\":\"search_term_string\"}}],\"inLanguage\":\"fr-FR\"},{\"@type\":\"Organization\",\"@id\":\"https:\\\/\\\/baya-shop.com\\\/home\\\/#organization\",\"name\":\"Baya Shop\",\"url\":\"https:\\\/\\\/baya-shop.com\\\/home\\\/\",\"logo\":{\"@type\":\"ImageObject\",\"inLanguage\":\"fr-FR\",\"@id\":\"https:\\\/\\\/baya-shop.com\\\/home\\\/#\\\/schema\\\/logo\\\/image\\\/\",\"url\":\"https:\\\/\\\/baya-shop.com\\\/wp-content\\\/uploads\\\/2020\\\/11\\\/g.png\",\"contentUrl\":\"https:\\\/\\\/baya-shop.com\\\/wp-content\\\/uploads\\\/2020\\\/11\\\/g.png\",\"width\":64,\"height\":64,\"caption\":\"Baya Shop\"},\"image\":{\"@id\":\"https:\\\/\\\/baya-shop.com\\\/home\\\/#\\\/schema\\\/logo\\\/image\\\/\"},\"sameAs\":[\"https:\\\/\\\/www.facebook.com\\\/Baya-Shop-103955257949742\",\"https:\\\/\\\/www.instagram.com\\\/baya_shop_dz\\\/\"]}]}<\/script>\n<!-- \/ Yoast SEO plugin. -->","yoast_head_json":{"title":"Braun \u00c9pilateur Braun Silk-\u00e9pil 9 Flex SES9010 - Baya Shop","description":"Une poign\u00e9e fine et ergonomique  Peau jeune et fra\u00eecheDes aisselles lissesUtilisez-le partoutEntretien du maillotPincettes Micro-GripGuide de pressionTechnologie Wet &amp; DryRasage et tonte   Peau jeune et fra\u00eeche  D\u00e9barrassez-vous des peaux mortes et exhalez un \u00e9clat irr\u00e9sistible. La brosse exfoliante en profondeur est six fois plus efficace qu'une exfoliation manuelle.  Des aisselles lisses  Portez votre d\u00e9bardeur pr\u00e9f\u00e9r\u00e9 avec la certitude que vos aisselles seront douces et lisses. Pour les zones ultra sensibles, nous recommandons d'utiliser la t\u00eate de rasage incluse dans le coffret.  Utilisez-le partout  \u00c9pilez-vous sur tout le corps, en utilisant la t\u00eate souple pour atteindre facilement les zones difficiles. La technologie Micro-Grip avec une t\u00eate 40 % plus large \u00e9limine plus de poils en un seul passage, pour une \u00e9pilation plus efficace.  Entretien du maillot  Pr\u00e9parez-vous pour une journ\u00e9e au bord de la piscine sans les tracas de la cire gr\u00e2ce au rasoir ou \u00e0 la t\u00eate de tondeuse. Aucune douleur. Aucun rendez-vous. Juste une peau pr\u00eate \u00e0 arborer votre plus beau bikini.  Pincettes Micro-Grip  Dot\u00e9 de pincettes plus larges, plus longues et plus profondes, l'\u00e9pilateur Silk-\u00e9pil 9 Flex \u00e9limine avec pr\u00e9cision m\u00eame les poils les plus courts, que la cire ne peut attraper.  Guide de pression  La technologie SensoSmart guide votre \u00e9pilation avec un voyant rouge pour s'assurer que la bonne pression est appliqu\u00e9e.  Technologie Wet &amp; Dry  100 % \u00e9tanche, vous pouvez vous \u00e9piler dans le bain ou sous la douche. L'\u00e9pilation devient pratiquement indolore avec un usage fr\u00e9quent sous l'eau.  Rasage et tonte  La t\u00eate de rasage transforme l'\u00e9pilateur en un rasoir enti\u00e8rement fonctionnel, tandis que l'accessoire tondeuse vous permet de couper les poils si vous pr\u00e9f\u00e9rez.","robots":{"index":"index","follow":"follow","max-snippet":"max-snippet:-1","max-image-preview":"max-image-preview:large","max-video-preview":"max-video-preview:-1"},"canonical":"https:\/\/baya-shop.com\/home\/product\/braun-epilateur-braun-silk-epil-9-flex-se9010-gold\/","og_locale":"fr_FR","og_type":"article","og_title":"Braun \u00c9pilateur Braun Silk-\u00e9pil 9 Flex SES9010 - Baya Shop","og_description":"Une poign\u00e9e fine et ergonomique  Peau jeune et fra\u00eecheDes aisselles lissesUtilisez-le partoutEntretien du maillotPincettes Micro-GripGuide de pressionTechnologie Wet &amp; DryRasage et tonte   Peau jeune et fra\u00eeche  D\u00e9barrassez-vous des peaux mortes et exhalez un \u00e9clat irr\u00e9sistible. La brosse exfoliante en profondeur est six fois plus efficace qu'une exfoliation manuelle.  Des aisselles lisses  Portez votre d\u00e9bardeur pr\u00e9f\u00e9r\u00e9 avec la certitude que vos aisselles seront douces et lisses. Pour les zones ultra sensibles, nous recommandons d'utiliser la t\u00eate de rasage incluse dans le coffret.  Utilisez-le partout  \u00c9pilez-vous sur tout le corps, en utilisant la t\u00eate souple pour atteindre facilement les zones difficiles. La technologie Micro-Grip avec une t\u00eate 40 % plus large \u00e9limine plus de poils en un seul passage, pour une \u00e9pilation plus efficace.  Entretien du maillot  Pr\u00e9parez-vous pour une journ\u00e9e au bord de la piscine sans les tracas de la cire gr\u00e2ce au rasoir ou \u00e0 la t\u00eate de tondeuse. Aucune douleur. Aucun rendez-vous. Juste une peau pr\u00eate \u00e0 arborer votre plus beau bikini.  Pincettes Micro-Grip  Dot\u00e9 de pincettes plus larges, plus longues et plus profondes, l'\u00e9pilateur Silk-\u00e9pil 9 Flex \u00e9limine avec pr\u00e9cision m\u00eame les poils les plus courts, que la cire ne peut attraper.  Guide de pression  La technologie SensoSmart guide votre \u00e9pilation avec un voyant rouge pour s'assurer que la bonne pression est appliqu\u00e9e.  Technologie Wet &amp; Dry  100 % \u00e9tanche, vous pouvez vous \u00e9piler dans le bain ou sous la douche. L'\u00e9pilation devient pratiquement indolore avec un usage fr\u00e9quent sous l'eau.  Rasage et tonte  La t\u00eate de rasage transforme l'\u00e9pilateur en un rasoir enti\u00e8rement fonctionnel, tandis que l'accessoire tondeuse vous permet de couper les poils si vous pr\u00e9f\u00e9rez.","og_url":"https:\/\/baya-shop.com\/home\/product\/braun-epilateur-braun-silk-epil-9-flex-se9010-gold\/","og_site_name":"Baya Shop","article_publisher":"https:\/\/www.facebook.com\/Baya-Shop-103955257949742","article_modified_time":"2026-01-04T17:05:32+00:00","og_image":[{"width":800,"height":800,"url":"https:\/\/baya-shop.com\/wp-content\/uploads\/2022\/10\/epilateur-braun-silk-epil-9-flex-9010-wet-dry-6-accessoires-dont-brosse-exfoliante.jpg","type":"image\/jpeg"}],"twitter_card":"summary_large_image","twitter_misc":{"Dur\u00e9e de lecture estim\u00e9e":"1 minute"},"schema":{"@context":"https:\/\/schema.org","@graph":[{"@type":"WebPage","@id":"https:\/\/baya-shop.com\/home\/product\/braun-epilateur-braun-silk-epil-9-flex-se9010-gold\/","url":"https:\/\/baya-shop.com\/home\/product\/braun-epilateur-braun-silk-epil-9-flex-se9010-gold\/","name":"Braun \u00c9pilateur Braun Silk-\u00e9pil 9 Flex SES9010 - Baya Shop","isPartOf":{"@id":"https:\/\/baya-shop.com\/home\/#website"},"primaryImageOfPage":{"@id":"https:\/\/baya-shop.com\/home\/product\/braun-epilateur-braun-silk-epil-9-flex-se9010-gold\/#primaryimage"},"image":{"@id":"https:\/\/baya-shop.com\/home\/product\/braun-epilateur-braun-silk-epil-9-flex-se9010-gold\/#primaryimage"},"thumbnailUrl":"https:\/\/i0.wp.com\/baya-shop.com\/wp-content\/uploads\/2022\/10\/epilateur-braun-silk-epil-9-flex-9010-wet-dry-6-accessoires-dont-brosse-exfoliante.jpg?fit=800%2C800&ssl=1","datePublished":"2022-10-13T13:43:44+00:00","dateModified":"2026-01-04T17:05:32+00:00","description":"Une poign\u00e9e fine et ergonomique Peau jeune et fra\u00eecheDes aisselles lissesUtilisez-le partoutEntretien du maillotPincettes Micro-GripGuide de pressionTechnologie Wet &amp; DryRasage et tonte Peau jeune et fra\u00eeche D\u00e9barrassez-vous des peaux mortes et exhalez un \u00e9clat irr\u00e9sistible. La brosse exfoliante en profondeur est six fois plus efficace qu'une exfoliation manuelle. Des aisselles lisses Portez votre d\u00e9bardeur pr\u00e9f\u00e9r\u00e9 avec la certitude que vos aisselles seront douces et lisses. Pour les zones ultra sensibles, nous recommandons d'utiliser la t\u00eate de rasage incluse dans le coffret. Utilisez-le partout \u00c9pilez-vous sur tout le corps, en utilisant la t\u00eate souple pour atteindre facilement les zones difficiles. La technologie Micro-Grip avec une t\u00eate 40 % plus large \u00e9limine plus de poils en un seul passage, pour une \u00e9pilation plus efficace. Entretien du maillot Pr\u00e9parez-vous pour une journ\u00e9e au bord de la piscine sans les tracas de la cire gr\u00e2ce au rasoir ou \u00e0 la t\u00eate de tondeuse. Aucune douleur. Aucun rendez-vous. Juste une peau pr\u00eate \u00e0 arborer votre plus beau bikini. Pincettes Micro-Grip Dot\u00e9 de pincettes plus larges, plus longues et plus profondes, l'\u00e9pilateur Silk-\u00e9pil 9 Flex \u00e9limine avec pr\u00e9cision m\u00eame les poils les plus courts, que la cire ne peut attraper. Guide de pression La technologie SensoSmart guide votre \u00e9pilation avec un voyant rouge pour s'assurer que la bonne pression est appliqu\u00e9e. Technologie Wet &amp; Dry 100 % \u00e9tanche, vous pouvez vous \u00e9piler dans le bain ou sous la douche. L'\u00e9pilation devient pratiquement indolore avec un usage fr\u00e9quent sous l'eau. Rasage et tonte La t\u00eate de rasage transforme l'\u00e9pilateur en un rasoir enti\u00e8rement fonctionnel, tandis que l'accessoire tondeuse vous permet de couper les poils si vous pr\u00e9f\u00e9rez.","breadcrumb":{"@id":"https:\/\/baya-shop.com\/home\/product\/braun-epilateur-braun-silk-epil-9-flex-se9010-gold\/#breadcrumb"},"inLanguage":"fr-FR","potentialAction":[{"@type":"ReadAction","target":["https:\/\/baya-shop.com\/home\/product\/braun-epilateur-braun-silk-epil-9-flex-se9010-gold\/"]}]},{"@type":"ImageObject","inLanguage":"fr-FR","@id":"https:\/\/baya-shop.com\/home\/product\/braun-epilateur-braun-silk-epil-9-flex-se9010-gold\/#primaryimage","url":"https:\/\/i0.wp.com\/baya-shop.com\/wp-content\/uploads\/2022\/10\/epilateur-braun-silk-epil-9-flex-9010-wet-dry-6-accessoires-dont-brosse-exfoliante.jpg?fit=800%2C800&ssl=1","contentUrl":"https:\/\/i0.wp.com\/baya-shop.com\/wp-content\/uploads\/2022\/10\/epilateur-braun-silk-epil-9-flex-9010-wet-dry-6-accessoires-dont-brosse-exfoliante.jpg?fit=800%2C800&ssl=1","width":800,"height":800},{"@type":"BreadcrumbList","@id":"https:\/\/baya-shop.com\/home\/product\/braun-epilateur-braun-silk-epil-9-flex-se9010-gold\/#breadcrumb","itemListElement":[{"@type":"ListItem","position":1,"name":"Accueil","item":"https:\/\/baya-shop.com\/home\/"},{"@type":"ListItem","position":2,"name":"Shop","item":"https:\/\/baya-shop.com\/home\/shop\/"},{"@type":"ListItem","position":3,"name":"Braun \u00c9pilateur Braun Silk-\u00e9pil 9 Flex SES9010"}]},{"@type":"WebSite","@id":"https:\/\/baya-shop.com\/home\/#website","url":"https:\/\/baya-shop.com\/home\/","name":"Baya Shop","description":"","publisher":{"@id":"https:\/\/baya-shop.com\/home\/#organization"},"potentialAction":[{"@type":"SearchAction","target":{"@type":"EntryPoint","urlTemplate":"https:\/\/baya-shop.com\/home\/?s={search_term_string}"},"query-input":{"@type":"PropertyValueSpecification","valueRequired":true,"valueName":"search_term_string"}}],"inLanguage":"fr-FR"},{"@type":"Organization","@id":"https:\/\/baya-shop.com\/home\/#organization","name":"Baya Shop","url":"https:\/\/baya-shop.com\/home\/","logo":{"@type":"ImageObject","inLanguage":"fr-FR","@id":"https:\/\/baya-shop.com\/home\/#\/schema\/logo\/image\/","url":"https:\/\/baya-shop.com\/wp-content\/uploads\/2020\/11\/g.png","contentUrl":"https:\/\/baya-shop.com\/wp-content\/uploads\/2020\/11\/g.png","width":64,"height":64,"caption":"Baya Shop"},"image":{"@id":"https:\/\/baya-shop.com\/home\/#\/schema\/logo\/image\/"},"sameAs":["https:\/\/www.facebook.com\/Baya-Shop-103955257949742","https:\/\/www.instagram.com\/baya_shop_dz\/"]}]}},"jetpack_publicize_connections":[],"jetpack_sharing_enabled":true,"jetpack_likes_enabled":true,"jetpack-related-posts":[],"_links":{"self":[{"href":"https:\/\/baya-shop.com\/home\/wp-json\/wp\/v2\/product\/1221","targetHints":{"allow":["GET"]}}],"collection":[{"href":"https:\/\/baya-shop.com\/home\/wp-json\/wp\/v2\/product"}],"about":[{"href":"https:\/\/baya-shop.com\/home\/wp-json\/wp\/v2\/types\/product"}],"replies":[{"embeddable":true,"href":"https:\/\/baya-shop.com\/home\/wp-json\/wp\/v2\/comments?post=1221"}],"wp:featuredmedia":[{"embeddable":true,"href":"https:\/\/baya-shop.com\/home\/wp-json\/wp\/v2\/media\/3465"}],"wp:attachment":[{"href":"https:\/\/baya-shop.com\/home\/wp-json\/wp\/v2\/media?parent=1221"}],"wp:term":[{"taxonomy":"product_brand","embeddable":true,"href":"https:\/\/baya-shop.com\/home\/wp-json\/wp\/v2\/product_brand?post=1221"},{"taxonomy":"product_cat","embeddable":true,"href":"https:\/\/baya-shop.com\/home\/wp-json\/wp\/v2\/product_cat?post=1221"},{"taxonomy":"product_tag","embeddable":true,"href":"https:\/\/baya-shop.com\/home\/wp-json\/wp\/v2\/product_tag?post=1221"}],"curies":[{"name":"wp","href":"https:\/\/api.w.org\/{rel}","templated":true}]}}