{"id":1199,"date":"2022-09-29T10:49:43","date_gmt":"2022-09-29T09:49:43","guid":{"rendered":"https:\/\/baya-shop.com\/home\/?post_type=product&#038;p=1199"},"modified":"2026-03-29T14:21:32","modified_gmt":"2026-03-29T13:21:32","slug":"remington-seche-cheveux-keratin-protect-ac8002","status":"publish","type":"product","link":"https:\/\/baya-shop.com\/home\/product\/remington-seche-cheveux-keratin-protect-ac8002\/","title":{"rendered":"REMINGTON S\u00e8che-cheveux keratin protect AC8002"},"content":{"rendered":"","protected":false},"excerpt":{"rendered":"<ul class=\"a-unordered-list a-vertical a-spacing-mini\">\n<li><span class=\"a-list-item\">Grille c\u00e9ramique diffuseur d&rsquo;un soin micromol\u00e9culaire \u00e0 la k\u00e9ratine et huile d&rsquo;amande pour des cheveux brillants et en bonne sant\u00e9.<\/span><\/li>\n<li><span class=\"a-list-item\">Technologie ionique pour un r\u00e9sultat salon sans frisottis. Moteur AC pour une longue dur\u00e9e de vie de votre s\u00e8che-cheveux.<\/span><\/li>\n<li><span class=\"a-list-item\">3 temp\u00e9ratures, air froid pour une tenue longue dur\u00e9e et 2 vitesses &#8211; Puissance 2200W, moteur AC.<\/span><\/li>\n<li><span class=\"a-list-item\">Ultra r\u00e9sistant et l\u00e9ger.<\/span><\/li>\n<li><span class=\"a-list-item\">Accessoires : Concentrateurs 7mm et 11mm, 1 diffuseur volume.<\/span><\/li>\n<li>GArantie 12 mois<\/li>\n<\/ul>\n","protected":false},"featured_media":784,"comment_status":"open","ping_status":"closed","template":"","meta":{"jetpack_post_was_ever_published":false,"jetpack_publicize_message":"","jetpack_publicize_feature_enabled":true,"jetpack_social_post_already_shared":false,"jetpack_social_options":{"image_generator_settings":{"template":"highway","default_image_id":0,"font":"","enabled":false},"version":2}},"product_brand":[],"product_cat":[46,72,47,20],"product_tag":[],"class_list":{"0":"post-1199","1":"product","2":"type-product","3":"status-publish","4":"has-post-thumbnail","6":"product_cat-promotion","7":"product_cat-promotion-dete-2024","8":"product_cat-remington","9":"product_cat-seche-cheveux","11":"first","12":"instock","13":"sale","14":"shipping-taxable","15":"purchasable","16":"product-type-simple"},"yoast_head":"<!-- This site is optimized with the Yoast SEO plugin v27.4 - https:\/\/yoast.com\/product\/yoast-seo-wordpress\/ -->\n<title>REMINGTON S\u00e8che-cheveux keratin protect AC8002 - Baya Shop<\/title>\n<meta name=\"description\" content=\"Grille c\u00e9ramique diffuseur d&#039;un soin micromol\u00e9culaire \u00e0 la k\u00e9ratine et huile d&#039;amande pour des cheveux brillants et en bonne sant\u00e9.  Technologie ionique pour un r\u00e9sultat salon sans frisottis. Moteur AC pour une longue dur\u00e9e de vie de votre s\u00e8che-cheveux.  3 temp\u00e9ratures, air froid pour une tenue longue dur\u00e9e et 2 vitesses - Puissance 2200W, moteur AC.  Ultra r\u00e9sistant et l\u00e9ger.  Accessoires : Concentrateurs 7mm et 11mm, 1 diffuseur volume.  GArantie 12 mois\" \/>\n<meta name=\"robots\" content=\"index, follow, max-snippet:-1, max-image-preview:large, max-video-preview:-1\" \/>\n<link rel=\"canonical\" href=\"https:\/\/baya-shop.com\/home\/product\/remington-seche-cheveux-keratin-protect-ac8002\/\" \/>\n<meta property=\"og:locale\" content=\"fr_FR\" \/>\n<meta property=\"og:type\" content=\"article\" \/>\n<meta property=\"og:title\" content=\"REMINGTON S\u00e8che-cheveux keratin protect AC8002 - Baya Shop\" \/>\n<meta property=\"og:description\" content=\"Grille c\u00e9ramique diffuseur d&#039;un soin micromol\u00e9culaire \u00e0 la k\u00e9ratine et huile d&#039;amande pour des cheveux brillants et en bonne sant\u00e9.  Technologie ionique pour un r\u00e9sultat salon sans frisottis. Moteur AC pour une longue dur\u00e9e de vie de votre s\u00e8che-cheveux.  3 temp\u00e9ratures, air froid pour une tenue longue dur\u00e9e et 2 vitesses - Puissance 2200W, moteur AC.  Ultra r\u00e9sistant et l\u00e9ger.  Accessoires : Concentrateurs 7mm et 11mm, 1 diffuseur volume.  GArantie 12 mois\" \/>\n<meta property=\"og:url\" content=\"https:\/\/baya-shop.com\/home\/product\/remington-seche-cheveux-keratin-protect-ac8002\/\" \/>\n<meta property=\"og:site_name\" content=\"Baya Shop\" \/>\n<meta property=\"article:publisher\" content=\"https:\/\/www.facebook.com\/Baya-Shop-103955257949742\" \/>\n<meta property=\"article:modified_time\" content=\"2026-03-29T13:21:32+00:00\" \/>\n<meta property=\"og:image\" content=\"https:\/\/baya-shop.com\/wp-content\/uploads\/2021\/07\/remington-ac8002-2.png\" \/>\n\t<meta property=\"og:image:width\" content=\"458\" \/>\n\t<meta property=\"og:image:height\" content=\"485\" \/>\n\t<meta property=\"og:image:type\" content=\"image\/png\" \/>\n<meta name=\"twitter:card\" content=\"summary_large_image\" \/>\n<meta name=\"twitter:label1\" content=\"Dur\u00e9e de lecture estim\u00e9e\" \/>\n\t<meta name=\"twitter:data1\" content=\"1 minute\" \/>\n<script type=\"application\/ld+json\" class=\"yoast-schema-graph\">{\"@context\":\"https:\\\/\\\/schema.org\",\"@graph\":[{\"@type\":\"WebPage\",\"@id\":\"https:\\\/\\\/baya-shop.com\\\/home\\\/product\\\/remington-seche-cheveux-keratin-protect-ac8002\\\/\",\"url\":\"https:\\\/\\\/baya-shop.com\\\/home\\\/product\\\/remington-seche-cheveux-keratin-protect-ac8002\\\/\",\"name\":\"REMINGTON S\u00e8che-cheveux keratin protect AC8002 - Baya Shop\",\"isPartOf\":{\"@id\":\"https:\\\/\\\/baya-shop.com\\\/home\\\/#website\"},\"primaryImageOfPage\":{\"@id\":\"https:\\\/\\\/baya-shop.com\\\/home\\\/product\\\/remington-seche-cheveux-keratin-protect-ac8002\\\/#primaryimage\"},\"image\":{\"@id\":\"https:\\\/\\\/baya-shop.com\\\/home\\\/product\\\/remington-seche-cheveux-keratin-protect-ac8002\\\/#primaryimage\"},\"thumbnailUrl\":\"https:\\\/\\\/i0.wp.com\\\/baya-shop.com\\\/wp-content\\\/uploads\\\/2021\\\/07\\\/remington-ac8002-2.png?fit=458%2C485&ssl=1\",\"datePublished\":\"2022-09-29T09:49:43+00:00\",\"dateModified\":\"2026-03-29T13:21:32+00:00\",\"description\":\"Grille c\u00e9ramique diffuseur d'un soin micromol\u00e9culaire \u00e0 la k\u00e9ratine et huile d'amande pour des cheveux brillants et en bonne sant\u00e9. Technologie ionique pour un r\u00e9sultat salon sans frisottis. Moteur AC pour une longue dur\u00e9e de vie de votre s\u00e8che-cheveux. 3 temp\u00e9ratures, air froid pour une tenue longue dur\u00e9e et 2 vitesses - Puissance 2200W, moteur AC. Ultra r\u00e9sistant et l\u00e9ger. Accessoires : Concentrateurs 7mm et 11mm, 1 diffuseur volume. GArantie 12 mois\",\"breadcrumb\":{\"@id\":\"https:\\\/\\\/baya-shop.com\\\/home\\\/product\\\/remington-seche-cheveux-keratin-protect-ac8002\\\/#breadcrumb\"},\"inLanguage\":\"fr-FR\",\"potentialAction\":[{\"@type\":\"ReadAction\",\"target\":[\"https:\\\/\\\/baya-shop.com\\\/home\\\/product\\\/remington-seche-cheveux-keratin-protect-ac8002\\\/\"]}]},{\"@type\":\"ImageObject\",\"inLanguage\":\"fr-FR\",\"@id\":\"https:\\\/\\\/baya-shop.com\\\/home\\\/product\\\/remington-seche-cheveux-keratin-protect-ac8002\\\/#primaryimage\",\"url\":\"https:\\\/\\\/i0.wp.com\\\/baya-shop.com\\\/wp-content\\\/uploads\\\/2021\\\/07\\\/remington-ac8002-2.png?fit=458%2C485&ssl=1\",\"contentUrl\":\"https:\\\/\\\/i0.wp.com\\\/baya-shop.com\\\/wp-content\\\/uploads\\\/2021\\\/07\\\/remington-ac8002-2.png?fit=458%2C485&ssl=1\",\"width\":458,\"height\":485},{\"@type\":\"BreadcrumbList\",\"@id\":\"https:\\\/\\\/baya-shop.com\\\/home\\\/product\\\/remington-seche-cheveux-keratin-protect-ac8002\\\/#breadcrumb\",\"itemListElement\":[{\"@type\":\"ListItem\",\"position\":1,\"name\":\"Accueil\",\"item\":\"https:\\\/\\\/baya-shop.com\\\/home\\\/\"},{\"@type\":\"ListItem\",\"position\":2,\"name\":\"Shop\",\"item\":\"https:\\\/\\\/baya-shop.com\\\/home\\\/shop\\\/\"},{\"@type\":\"ListItem\",\"position\":3,\"name\":\"REMINGTON S\u00e8che-cheveux keratin protect AC8002\"}]},{\"@type\":\"WebSite\",\"@id\":\"https:\\\/\\\/baya-shop.com\\\/home\\\/#website\",\"url\":\"https:\\\/\\\/baya-shop.com\\\/home\\\/\",\"name\":\"Baya Shop\",\"description\":\"\",\"publisher\":{\"@id\":\"https:\\\/\\\/baya-shop.com\\\/home\\\/#organization\"},\"potentialAction\":[{\"@type\":\"SearchAction\",\"target\":{\"@type\":\"EntryPoint\",\"urlTemplate\":\"https:\\\/\\\/baya-shop.com\\\/home\\\/?s={search_term_string}\"},\"query-input\":{\"@type\":\"PropertyValueSpecification\",\"valueRequired\":true,\"valueName\":\"search_term_string\"}}],\"inLanguage\":\"fr-FR\"},{\"@type\":\"Organization\",\"@id\":\"https:\\\/\\\/baya-shop.com\\\/home\\\/#organization\",\"name\":\"Baya Shop\",\"url\":\"https:\\\/\\\/baya-shop.com\\\/home\\\/\",\"logo\":{\"@type\":\"ImageObject\",\"inLanguage\":\"fr-FR\",\"@id\":\"https:\\\/\\\/baya-shop.com\\\/home\\\/#\\\/schema\\\/logo\\\/image\\\/\",\"url\":\"https:\\\/\\\/baya-shop.com\\\/wp-content\\\/uploads\\\/2020\\\/11\\\/g.png\",\"contentUrl\":\"https:\\\/\\\/baya-shop.com\\\/wp-content\\\/uploads\\\/2020\\\/11\\\/g.png\",\"width\":64,\"height\":64,\"caption\":\"Baya Shop\"},\"image\":{\"@id\":\"https:\\\/\\\/baya-shop.com\\\/home\\\/#\\\/schema\\\/logo\\\/image\\\/\"},\"sameAs\":[\"https:\\\/\\\/www.facebook.com\\\/Baya-Shop-103955257949742\",\"https:\\\/\\\/www.instagram.com\\\/baya_shop_dz\\\/\"]}]}<\/script>\n<!-- \/ Yoast SEO plugin. -->","yoast_head_json":{"title":"REMINGTON S\u00e8che-cheveux keratin protect AC8002 - Baya Shop","description":"Grille c\u00e9ramique diffuseur d'un soin micromol\u00e9culaire \u00e0 la k\u00e9ratine et huile d'amande pour des cheveux brillants et en bonne sant\u00e9.  Technologie ionique pour un r\u00e9sultat salon sans frisottis. Moteur AC pour une longue dur\u00e9e de vie de votre s\u00e8che-cheveux.  3 temp\u00e9ratures, air froid pour une tenue longue dur\u00e9e et 2 vitesses - Puissance 2200W, moteur AC.  Ultra r\u00e9sistant et l\u00e9ger.  Accessoires : Concentrateurs 7mm et 11mm, 1 diffuseur volume.  GArantie 12 mois","robots":{"index":"index","follow":"follow","max-snippet":"max-snippet:-1","max-image-preview":"max-image-preview:large","max-video-preview":"max-video-preview:-1"},"canonical":"https:\/\/baya-shop.com\/home\/product\/remington-seche-cheveux-keratin-protect-ac8002\/","og_locale":"fr_FR","og_type":"article","og_title":"REMINGTON S\u00e8che-cheveux keratin protect AC8002 - Baya Shop","og_description":"Grille c\u00e9ramique diffuseur d'un soin micromol\u00e9culaire \u00e0 la k\u00e9ratine et huile d'amande pour des cheveux brillants et en bonne sant\u00e9.  Technologie ionique pour un r\u00e9sultat salon sans frisottis. Moteur AC pour une longue dur\u00e9e de vie de votre s\u00e8che-cheveux.  3 temp\u00e9ratures, air froid pour une tenue longue dur\u00e9e et 2 vitesses - Puissance 2200W, moteur AC.  Ultra r\u00e9sistant et l\u00e9ger.  Accessoires : Concentrateurs 7mm et 11mm, 1 diffuseur volume.  GArantie 12 mois","og_url":"https:\/\/baya-shop.com\/home\/product\/remington-seche-cheveux-keratin-protect-ac8002\/","og_site_name":"Baya Shop","article_publisher":"https:\/\/www.facebook.com\/Baya-Shop-103955257949742","article_modified_time":"2026-03-29T13:21:32+00:00","og_image":[{"width":458,"height":485,"url":"https:\/\/baya-shop.com\/wp-content\/uploads\/2021\/07\/remington-ac8002-2.png","type":"image\/png"}],"twitter_card":"summary_large_image","twitter_misc":{"Dur\u00e9e de lecture estim\u00e9e":"1 minute"},"schema":{"@context":"https:\/\/schema.org","@graph":[{"@type":"WebPage","@id":"https:\/\/baya-shop.com\/home\/product\/remington-seche-cheveux-keratin-protect-ac8002\/","url":"https:\/\/baya-shop.com\/home\/product\/remington-seche-cheveux-keratin-protect-ac8002\/","name":"REMINGTON S\u00e8che-cheveux keratin protect AC8002 - Baya Shop","isPartOf":{"@id":"https:\/\/baya-shop.com\/home\/#website"},"primaryImageOfPage":{"@id":"https:\/\/baya-shop.com\/home\/product\/remington-seche-cheveux-keratin-protect-ac8002\/#primaryimage"},"image":{"@id":"https:\/\/baya-shop.com\/home\/product\/remington-seche-cheveux-keratin-protect-ac8002\/#primaryimage"},"thumbnailUrl":"https:\/\/i0.wp.com\/baya-shop.com\/wp-content\/uploads\/2021\/07\/remington-ac8002-2.png?fit=458%2C485&ssl=1","datePublished":"2022-09-29T09:49:43+00:00","dateModified":"2026-03-29T13:21:32+00:00","description":"Grille c\u00e9ramique diffuseur d'un soin micromol\u00e9culaire \u00e0 la k\u00e9ratine et huile d'amande pour des cheveux brillants et en bonne sant\u00e9. Technologie ionique pour un r\u00e9sultat salon sans frisottis. Moteur AC pour une longue dur\u00e9e de vie de votre s\u00e8che-cheveux. 3 temp\u00e9ratures, air froid pour une tenue longue dur\u00e9e et 2 vitesses - Puissance 2200W, moteur AC. Ultra r\u00e9sistant et l\u00e9ger. Accessoires : Concentrateurs 7mm et 11mm, 1 diffuseur volume. GArantie 12 mois","breadcrumb":{"@id":"https:\/\/baya-shop.com\/home\/product\/remington-seche-cheveux-keratin-protect-ac8002\/#breadcrumb"},"inLanguage":"fr-FR","potentialAction":[{"@type":"ReadAction","target":["https:\/\/baya-shop.com\/home\/product\/remington-seche-cheveux-keratin-protect-ac8002\/"]}]},{"@type":"ImageObject","inLanguage":"fr-FR","@id":"https:\/\/baya-shop.com\/home\/product\/remington-seche-cheveux-keratin-protect-ac8002\/#primaryimage","url":"https:\/\/i0.wp.com\/baya-shop.com\/wp-content\/uploads\/2021\/07\/remington-ac8002-2.png?fit=458%2C485&ssl=1","contentUrl":"https:\/\/i0.wp.com\/baya-shop.com\/wp-content\/uploads\/2021\/07\/remington-ac8002-2.png?fit=458%2C485&ssl=1","width":458,"height":485},{"@type":"BreadcrumbList","@id":"https:\/\/baya-shop.com\/home\/product\/remington-seche-cheveux-keratin-protect-ac8002\/#breadcrumb","itemListElement":[{"@type":"ListItem","position":1,"name":"Accueil","item":"https:\/\/baya-shop.com\/home\/"},{"@type":"ListItem","position":2,"name":"Shop","item":"https:\/\/baya-shop.com\/home\/shop\/"},{"@type":"ListItem","position":3,"name":"REMINGTON S\u00e8che-cheveux keratin protect AC8002"}]},{"@type":"WebSite","@id":"https:\/\/baya-shop.com\/home\/#website","url":"https:\/\/baya-shop.com\/home\/","name":"Baya Shop","description":"","publisher":{"@id":"https:\/\/baya-shop.com\/home\/#organization"},"potentialAction":[{"@type":"SearchAction","target":{"@type":"EntryPoint","urlTemplate":"https:\/\/baya-shop.com\/home\/?s={search_term_string}"},"query-input":{"@type":"PropertyValueSpecification","valueRequired":true,"valueName":"search_term_string"}}],"inLanguage":"fr-FR"},{"@type":"Organization","@id":"https:\/\/baya-shop.com\/home\/#organization","name":"Baya Shop","url":"https:\/\/baya-shop.com\/home\/","logo":{"@type":"ImageObject","inLanguage":"fr-FR","@id":"https:\/\/baya-shop.com\/home\/#\/schema\/logo\/image\/","url":"https:\/\/baya-shop.com\/wp-content\/uploads\/2020\/11\/g.png","contentUrl":"https:\/\/baya-shop.com\/wp-content\/uploads\/2020\/11\/g.png","width":64,"height":64,"caption":"Baya Shop"},"image":{"@id":"https:\/\/baya-shop.com\/home\/#\/schema\/logo\/image\/"},"sameAs":["https:\/\/www.facebook.com\/Baya-Shop-103955257949742","https:\/\/www.instagram.com\/baya_shop_dz\/"]}]}},"jetpack_publicize_connections":[],"jetpack_sharing_enabled":true,"jetpack_likes_enabled":true,"jetpack-related-posts":[],"_links":{"self":[{"href":"https:\/\/baya-shop.com\/home\/wp-json\/wp\/v2\/product\/1199","targetHints":{"allow":["GET"]}}],"collection":[{"href":"https:\/\/baya-shop.com\/home\/wp-json\/wp\/v2\/product"}],"about":[{"href":"https:\/\/baya-shop.com\/home\/wp-json\/wp\/v2\/types\/product"}],"replies":[{"embeddable":true,"href":"https:\/\/baya-shop.com\/home\/wp-json\/wp\/v2\/comments?post=1199"}],"wp:featuredmedia":[{"embeddable":true,"href":"https:\/\/baya-shop.com\/home\/wp-json\/wp\/v2\/media\/784"}],"wp:attachment":[{"href":"https:\/\/baya-shop.com\/home\/wp-json\/wp\/v2\/media?parent=1199"}],"wp:term":[{"taxonomy":"product_brand","embeddable":true,"href":"https:\/\/baya-shop.com\/home\/wp-json\/wp\/v2\/product_brand?post=1199"},{"taxonomy":"product_cat","embeddable":true,"href":"https:\/\/baya-shop.com\/home\/wp-json\/wp\/v2\/product_cat?post=1199"},{"taxonomy":"product_tag","embeddable":true,"href":"https:\/\/baya-shop.com\/home\/wp-json\/wp\/v2\/product_tag?post=1199"}],"curies":[{"name":"wp","href":"https:\/\/api.w.org\/{rel}","templated":true}]}}