{"id":1186,"date":"2022-09-28T11:15:06","date_gmt":"2022-09-28T10:15:06","guid":{"rendered":"https:\/\/baya-shop.com\/home\/?post_type=product&#038;p=1186"},"modified":"2025-04-19T17:11:32","modified_gmt":"2025-04-19T16:11:32","slug":"remington-pack-seche-cheveux-lisseur-d3012gp","status":"publish","type":"product","link":"https:\/\/baya-shop.com\/home\/product\/remington-pack-seche-cheveux-lisseur-d3012gp\/","title":{"rendered":"REMINGTON PACK S\u00e8che-cheveux + Lisseur D3012GP"},"content":{"rendered":"","protected":false},"excerpt":{"rendered":"<div>S\u00e9chage rapide avec ses 2200 Watts. Il est dot\u00e9 de 2 vitesses et de 3 temp\u00e9ratures pour adapter la puissance de chauffe \u00e0 la nature de vos cheveux.<\/div>\n<div><b>Anneau de suspension\u00a0<\/b><\/div>\n<div>Id\u00e9al pour l\u2019accrocher dans votre salle de bain. Ainsi, vous l\u2019aurez toujours \u00e0 port\u00e9e de main.<\/div>\n<div><b>Concentrateur<\/b><\/div>\n<div>Pour r\u00e9aliser un brushing, des ondulations ou pour s\u00e9cher une m\u00e8che tr\u00e8s rapidement, le concentrateur d\u2019air fourni permet de concentrer le courant d\u2019air chaud pour vous faciliter la t\u00e2che.<\/div>\n<div><b><u>Lisseur\u00a0<\/u><\/b><b>\u00a0<\/b><\/div>\n<div>Il est dot\u00e9 de plaques flottantes pour une glisse 2 fois plus douce et un lissage longue dur\u00e9e.<b>\u00a0<\/b><\/div>\n<div><b>Rev\u00eatement c\u00e9ramique\u00a0<\/b><\/div>\n<div>Dot\u00e9 d\u2019un rev\u00eatement en c\u00e9ramique avec un soin int\u00e9gr\u00e9 profitez de douceur en plus pour des cheveux doux et soyeux, naturels ou color\u00e9s.<\/div>\n<div>Ce rev\u00eatement vous offre une temp\u00e9rature homog\u00e8ne pour des cheveux prot\u00e9g\u00e9s \u00e0 chaque passage et un lissage qui dure toute la journ\u00e9e.<b>\u00a0<\/b><\/div>\n<div><b>Temp\u00e9rature\u00a0<\/b><\/div>\n<div>B\u00e9n\u00e9ficiez d\u2019un contr\u00f4le pr\u00e9cis de la temp\u00e9rature et adaptez la puissance de chauffe jusqu\u2019\u00e0 215\u00b0C<\/div>\n<div>Le temps de chauffe est ultra rapide puisque l\u2019appareil est pr\u00eat en 30 secondes seulement.<\/div>\n<div><b>Praticit\u00e9\u00a0<\/b><\/div>\n<div>Le cordon rotatif vous offre un confort maximal lors de l\u2019utilisation du lisseur.<\/div>\n<div>Confort d\u2019utilisation avec le bouton marche\/arr\u00eat et pour une s\u00e9curit\u00e9 optimale un t\u00e9moin LED vous indique la mise en marche de l\u2019appareil.<\/div>\n<div><b>Garantie 12 mois<\/b><\/div>\n","protected":false},"featured_media":3287,"comment_status":"open","ping_status":"closed","template":"","meta":{"jetpack_post_was_ever_published":false,"jetpack_publicize_message":"","jetpack_publicize_feature_enabled":true,"jetpack_social_post_already_shared":false,"jetpack_social_options":{"image_generator_settings":{"template":"highway","default_image_id":0,"font":"","enabled":false},"version":2}},"product_brand":[],"product_cat":[18,46,47,20],"product_tag":[],"class_list":{"0":"post-1186","1":"product","2":"type-product","3":"status-publish","4":"has-post-thumbnail","6":"product_cat-lisseur","7":"product_cat-promotion","8":"product_cat-remington","9":"product_cat-seche-cheveux","11":"first","12":"instock","13":"shipping-taxable","14":"purchasable","15":"product-type-simple"},"yoast_head":"<!-- This site is optimized with the Yoast SEO plugin v27.4 - https:\/\/yoast.com\/product\/yoast-seo-wordpress\/ -->\n<title>REMINGTON PACK S\u00e8che-cheveux + Lisseur D3012GP - Baya Shop<\/title>\n<meta name=\"description\" content=\"S\u00e9chage rapide avec ses 2200 Watts. Il est dot\u00e9 de 2 vitesses et de 3 temp\u00e9ratures pour adapter la puissance de chauffe \u00e0 la nature de vos cheveux. Anneau de suspension\u00a0 Id\u00e9al pour l\u2019accrocher dans votre salle de bain. Ainsi, vous l\u2019aurez toujours \u00e0 port\u00e9e de main. Concentrateur Pour r\u00e9aliser un brushing, des ondulations ou pour s\u00e9cher une m\u00e8che tr\u00e8s rapidement, le concentrateur d\u2019air fourni permet de concentrer le courant d\u2019air chaud pour vous faciliter la t\u00e2che. Lisseur\u00a0\u00a0 Il est dot\u00e9 de plaques flottantes pour une glisse 2 fois plus douce et un lissage longue dur\u00e9e.\u00a0 Rev\u00eatement c\u00e9ramique\u00a0 Dot\u00e9 d\u2019un rev\u00eatement en c\u00e9ramique avec un soin int\u00e9gr\u00e9 profitez de douceur en plus pour des cheveux doux et soyeux, naturels ou color\u00e9s. Ce rev\u00eatement vous offre une temp\u00e9rature homog\u00e8ne pour des cheveux prot\u00e9g\u00e9s \u00e0 chaque passage et un lissage qui dure toute la journ\u00e9e.\u00a0 Temp\u00e9rature\u00a0 B\u00e9n\u00e9ficiez d\u2019un contr\u00f4le pr\u00e9cis de la temp\u00e9rature et adaptez la puissance de chauffe jusqu\u2019\u00e0 215\u00b0C Le temps de chauffe est ultra rapide puisque l\u2019appareil est pr\u00eat en 30 secondes seulement. Praticit\u00e9\u00a0 Le cordon rotatif vous offre un confort maximal lors de l\u2019utilisation du lisseur. Confort d\u2019utilisation avec le bouton marche\/arr\u00eat et pour une s\u00e9curit\u00e9 optimale un t\u00e9moin LED vous indique la mise en marche de l\u2019appareil. Garantie 12 mois\" \/>\n<meta name=\"robots\" content=\"index, follow, max-snippet:-1, max-image-preview:large, max-video-preview:-1\" \/>\n<link rel=\"canonical\" href=\"https:\/\/baya-shop.com\/home\/product\/remington-pack-seche-cheveux-lisseur-d3012gp\/\" \/>\n<meta property=\"og:locale\" content=\"fr_FR\" \/>\n<meta property=\"og:type\" content=\"article\" \/>\n<meta property=\"og:title\" content=\"REMINGTON PACK S\u00e8che-cheveux + Lisseur D3012GP - Baya Shop\" \/>\n<meta property=\"og:description\" content=\"S\u00e9chage rapide avec ses 2200 Watts. Il est dot\u00e9 de 2 vitesses et de 3 temp\u00e9ratures pour adapter la puissance de chauffe \u00e0 la nature de vos cheveux. Anneau de suspension\u00a0 Id\u00e9al pour l\u2019accrocher dans votre salle de bain. Ainsi, vous l\u2019aurez toujours \u00e0 port\u00e9e de main. Concentrateur Pour r\u00e9aliser un brushing, des ondulations ou pour s\u00e9cher une m\u00e8che tr\u00e8s rapidement, le concentrateur d\u2019air fourni permet de concentrer le courant d\u2019air chaud pour vous faciliter la t\u00e2che. Lisseur\u00a0\u00a0 Il est dot\u00e9 de plaques flottantes pour une glisse 2 fois plus douce et un lissage longue dur\u00e9e.\u00a0 Rev\u00eatement c\u00e9ramique\u00a0 Dot\u00e9 d\u2019un rev\u00eatement en c\u00e9ramique avec un soin int\u00e9gr\u00e9 profitez de douceur en plus pour des cheveux doux et soyeux, naturels ou color\u00e9s. Ce rev\u00eatement vous offre une temp\u00e9rature homog\u00e8ne pour des cheveux prot\u00e9g\u00e9s \u00e0 chaque passage et un lissage qui dure toute la journ\u00e9e.\u00a0 Temp\u00e9rature\u00a0 B\u00e9n\u00e9ficiez d\u2019un contr\u00f4le pr\u00e9cis de la temp\u00e9rature et adaptez la puissance de chauffe jusqu\u2019\u00e0 215\u00b0C Le temps de chauffe est ultra rapide puisque l\u2019appareil est pr\u00eat en 30 secondes seulement. Praticit\u00e9\u00a0 Le cordon rotatif vous offre un confort maximal lors de l\u2019utilisation du lisseur. Confort d\u2019utilisation avec le bouton marche\/arr\u00eat et pour une s\u00e9curit\u00e9 optimale un t\u00e9moin LED vous indique la mise en marche de l\u2019appareil. Garantie 12 mois\" \/>\n<meta property=\"og:url\" content=\"https:\/\/baya-shop.com\/home\/product\/remington-pack-seche-cheveux-lisseur-d3012gp\/\" \/>\n<meta property=\"og:site_name\" content=\"Baya Shop\" \/>\n<meta property=\"article:publisher\" content=\"https:\/\/www.facebook.com\/Baya-Shop-103955257949742\" \/>\n<meta property=\"article:modified_time\" content=\"2025-04-19T16:11:32+00:00\" \/>\n<meta property=\"og:image\" content=\"https:\/\/baya-shop.com\/wp-content\/uploads\/2022\/09\/82ad420d-2085-46d7-adea-1838fcc73801.__CR00300300_PT0_SX300_V1___.png\" \/>\n\t<meta property=\"og:image:width\" content=\"300\" \/>\n\t<meta property=\"og:image:height\" content=\"300\" \/>\n\t<meta property=\"og:image:type\" content=\"image\/png\" \/>\n<meta name=\"twitter:card\" content=\"summary_large_image\" \/>\n<meta name=\"twitter:label1\" content=\"Dur\u00e9e de lecture estim\u00e9e\" \/>\n\t<meta name=\"twitter:data1\" content=\"1 minute\" \/>\n<script type=\"application\/ld+json\" class=\"yoast-schema-graph\">{\"@context\":\"https:\\\/\\\/schema.org\",\"@graph\":[{\"@type\":\"WebPage\",\"@id\":\"https:\\\/\\\/baya-shop.com\\\/home\\\/product\\\/remington-pack-seche-cheveux-lisseur-d3012gp\\\/\",\"url\":\"https:\\\/\\\/baya-shop.com\\\/home\\\/product\\\/remington-pack-seche-cheveux-lisseur-d3012gp\\\/\",\"name\":\"REMINGTON PACK S\u00e8che-cheveux + Lisseur D3012GP - Baya Shop\",\"isPartOf\":{\"@id\":\"https:\\\/\\\/baya-shop.com\\\/home\\\/#website\"},\"primaryImageOfPage\":{\"@id\":\"https:\\\/\\\/baya-shop.com\\\/home\\\/product\\\/remington-pack-seche-cheveux-lisseur-d3012gp\\\/#primaryimage\"},\"image\":{\"@id\":\"https:\\\/\\\/baya-shop.com\\\/home\\\/product\\\/remington-pack-seche-cheveux-lisseur-d3012gp\\\/#primaryimage\"},\"thumbnailUrl\":\"https:\\\/\\\/i0.wp.com\\\/baya-shop.com\\\/wp-content\\\/uploads\\\/2022\\\/09\\\/82ad420d-2085-46d7-adea-1838fcc73801.__CR00300300_PT0_SX300_V1___.png?fit=300%2C300&ssl=1\",\"datePublished\":\"2022-09-28T10:15:06+00:00\",\"dateModified\":\"2025-04-19T16:11:32+00:00\",\"description\":\"S\u00e9chage rapide avec ses 2200 Watts. Il est dot\u00e9 de 2 vitesses et de 3 temp\u00e9ratures pour adapter la puissance de chauffe \u00e0 la nature de vos cheveux. Anneau de suspension\u00a0 Id\u00e9al pour l\u2019accrocher dans votre salle de bain. Ainsi, vous l\u2019aurez toujours \u00e0 port\u00e9e de main. Concentrateur Pour r\u00e9aliser un brushing, des ondulations ou pour s\u00e9cher une m\u00e8che tr\u00e8s rapidement, le concentrateur d\u2019air fourni permet de concentrer le courant d\u2019air chaud pour vous faciliter la t\u00e2che. Lisseur\u00a0\u00a0 Il est dot\u00e9 de plaques flottantes pour une glisse 2 fois plus douce et un lissage longue dur\u00e9e.\u00a0 Rev\u00eatement c\u00e9ramique\u00a0 Dot\u00e9 d\u2019un rev\u00eatement en c\u00e9ramique avec un soin int\u00e9gr\u00e9 profitez de douceur en plus pour des cheveux doux et soyeux, naturels ou color\u00e9s. Ce rev\u00eatement vous offre une temp\u00e9rature homog\u00e8ne pour des cheveux prot\u00e9g\u00e9s \u00e0 chaque passage et un lissage qui dure toute la journ\u00e9e.\u00a0 Temp\u00e9rature\u00a0 B\u00e9n\u00e9ficiez d\u2019un contr\u00f4le pr\u00e9cis de la temp\u00e9rature et adaptez la puissance de chauffe jusqu\u2019\u00e0 215\u00b0C Le temps de chauffe est ultra rapide puisque l\u2019appareil est pr\u00eat en 30 secondes seulement. Praticit\u00e9\u00a0 Le cordon rotatif vous offre un confort maximal lors de l\u2019utilisation du lisseur. Confort d\u2019utilisation avec le bouton marche\\\/arr\u00eat et pour une s\u00e9curit\u00e9 optimale un t\u00e9moin LED vous indique la mise en marche de l\u2019appareil. Garantie 12 mois\",\"breadcrumb\":{\"@id\":\"https:\\\/\\\/baya-shop.com\\\/home\\\/product\\\/remington-pack-seche-cheveux-lisseur-d3012gp\\\/#breadcrumb\"},\"inLanguage\":\"fr-FR\",\"potentialAction\":[{\"@type\":\"ReadAction\",\"target\":[\"https:\\\/\\\/baya-shop.com\\\/home\\\/product\\\/remington-pack-seche-cheveux-lisseur-d3012gp\\\/\"]}]},{\"@type\":\"ImageObject\",\"inLanguage\":\"fr-FR\",\"@id\":\"https:\\\/\\\/baya-shop.com\\\/home\\\/product\\\/remington-pack-seche-cheveux-lisseur-d3012gp\\\/#primaryimage\",\"url\":\"https:\\\/\\\/i0.wp.com\\\/baya-shop.com\\\/wp-content\\\/uploads\\\/2022\\\/09\\\/82ad420d-2085-46d7-adea-1838fcc73801.__CR00300300_PT0_SX300_V1___.png?fit=300%2C300&ssl=1\",\"contentUrl\":\"https:\\\/\\\/i0.wp.com\\\/baya-shop.com\\\/wp-content\\\/uploads\\\/2022\\\/09\\\/82ad420d-2085-46d7-adea-1838fcc73801.__CR00300300_PT0_SX300_V1___.png?fit=300%2C300&ssl=1\",\"width\":300,\"height\":300},{\"@type\":\"BreadcrumbList\",\"@id\":\"https:\\\/\\\/baya-shop.com\\\/home\\\/product\\\/remington-pack-seche-cheveux-lisseur-d3012gp\\\/#breadcrumb\",\"itemListElement\":[{\"@type\":\"ListItem\",\"position\":1,\"name\":\"Accueil\",\"item\":\"https:\\\/\\\/baya-shop.com\\\/home\\\/\"},{\"@type\":\"ListItem\",\"position\":2,\"name\":\"Shop\",\"item\":\"https:\\\/\\\/baya-shop.com\\\/home\\\/shop\\\/\"},{\"@type\":\"ListItem\",\"position\":3,\"name\":\"REMINGTON PACK S\u00e8che-cheveux + Lisseur D3012GP\"}]},{\"@type\":\"WebSite\",\"@id\":\"https:\\\/\\\/baya-shop.com\\\/home\\\/#website\",\"url\":\"https:\\\/\\\/baya-shop.com\\\/home\\\/\",\"name\":\"Baya Shop\",\"description\":\"\",\"publisher\":{\"@id\":\"https:\\\/\\\/baya-shop.com\\\/home\\\/#organization\"},\"potentialAction\":[{\"@type\":\"SearchAction\",\"target\":{\"@type\":\"EntryPoint\",\"urlTemplate\":\"https:\\\/\\\/baya-shop.com\\\/home\\\/?s={search_term_string}\"},\"query-input\":{\"@type\":\"PropertyValueSpecification\",\"valueRequired\":true,\"valueName\":\"search_term_string\"}}],\"inLanguage\":\"fr-FR\"},{\"@type\":\"Organization\",\"@id\":\"https:\\\/\\\/baya-shop.com\\\/home\\\/#organization\",\"name\":\"Baya Shop\",\"url\":\"https:\\\/\\\/baya-shop.com\\\/home\\\/\",\"logo\":{\"@type\":\"ImageObject\",\"inLanguage\":\"fr-FR\",\"@id\":\"https:\\\/\\\/baya-shop.com\\\/home\\\/#\\\/schema\\\/logo\\\/image\\\/\",\"url\":\"https:\\\/\\\/baya-shop.com\\\/wp-content\\\/uploads\\\/2020\\\/11\\\/g.png\",\"contentUrl\":\"https:\\\/\\\/baya-shop.com\\\/wp-content\\\/uploads\\\/2020\\\/11\\\/g.png\",\"width\":64,\"height\":64,\"caption\":\"Baya Shop\"},\"image\":{\"@id\":\"https:\\\/\\\/baya-shop.com\\\/home\\\/#\\\/schema\\\/logo\\\/image\\\/\"},\"sameAs\":[\"https:\\\/\\\/www.facebook.com\\\/Baya-Shop-103955257949742\",\"https:\\\/\\\/www.instagram.com\\\/baya_shop_dz\\\/\"]}]}<\/script>\n<!-- \/ Yoast SEO plugin. -->","yoast_head_json":{"title":"REMINGTON PACK S\u00e8che-cheveux + Lisseur D3012GP - Baya Shop","description":"S\u00e9chage rapide avec ses 2200 Watts. Il est dot\u00e9 de 2 vitesses et de 3 temp\u00e9ratures pour adapter la puissance de chauffe \u00e0 la nature de vos cheveux. Anneau de suspension\u00a0 Id\u00e9al pour l\u2019accrocher dans votre salle de bain. Ainsi, vous l\u2019aurez toujours \u00e0 port\u00e9e de main. Concentrateur Pour r\u00e9aliser un brushing, des ondulations ou pour s\u00e9cher une m\u00e8che tr\u00e8s rapidement, le concentrateur d\u2019air fourni permet de concentrer le courant d\u2019air chaud pour vous faciliter la t\u00e2che. Lisseur\u00a0\u00a0 Il est dot\u00e9 de plaques flottantes pour une glisse 2 fois plus douce et un lissage longue dur\u00e9e.\u00a0 Rev\u00eatement c\u00e9ramique\u00a0 Dot\u00e9 d\u2019un rev\u00eatement en c\u00e9ramique avec un soin int\u00e9gr\u00e9 profitez de douceur en plus pour des cheveux doux et soyeux, naturels ou color\u00e9s. Ce rev\u00eatement vous offre une temp\u00e9rature homog\u00e8ne pour des cheveux prot\u00e9g\u00e9s \u00e0 chaque passage et un lissage qui dure toute la journ\u00e9e.\u00a0 Temp\u00e9rature\u00a0 B\u00e9n\u00e9ficiez d\u2019un contr\u00f4le pr\u00e9cis de la temp\u00e9rature et adaptez la puissance de chauffe jusqu\u2019\u00e0 215\u00b0C Le temps de chauffe est ultra rapide puisque l\u2019appareil est pr\u00eat en 30 secondes seulement. Praticit\u00e9\u00a0 Le cordon rotatif vous offre un confort maximal lors de l\u2019utilisation du lisseur. Confort d\u2019utilisation avec le bouton marche\/arr\u00eat et pour une s\u00e9curit\u00e9 optimale un t\u00e9moin LED vous indique la mise en marche de l\u2019appareil. Garantie 12 mois","robots":{"index":"index","follow":"follow","max-snippet":"max-snippet:-1","max-image-preview":"max-image-preview:large","max-video-preview":"max-video-preview:-1"},"canonical":"https:\/\/baya-shop.com\/home\/product\/remington-pack-seche-cheveux-lisseur-d3012gp\/","og_locale":"fr_FR","og_type":"article","og_title":"REMINGTON PACK S\u00e8che-cheveux + Lisseur D3012GP - Baya Shop","og_description":"S\u00e9chage rapide avec ses 2200 Watts. Il est dot\u00e9 de 2 vitesses et de 3 temp\u00e9ratures pour adapter la puissance de chauffe \u00e0 la nature de vos cheveux. Anneau de suspension\u00a0 Id\u00e9al pour l\u2019accrocher dans votre salle de bain. Ainsi, vous l\u2019aurez toujours \u00e0 port\u00e9e de main. Concentrateur Pour r\u00e9aliser un brushing, des ondulations ou pour s\u00e9cher une m\u00e8che tr\u00e8s rapidement, le concentrateur d\u2019air fourni permet de concentrer le courant d\u2019air chaud pour vous faciliter la t\u00e2che. Lisseur\u00a0\u00a0 Il est dot\u00e9 de plaques flottantes pour une glisse 2 fois plus douce et un lissage longue dur\u00e9e.\u00a0 Rev\u00eatement c\u00e9ramique\u00a0 Dot\u00e9 d\u2019un rev\u00eatement en c\u00e9ramique avec un soin int\u00e9gr\u00e9 profitez de douceur en plus pour des cheveux doux et soyeux, naturels ou color\u00e9s. Ce rev\u00eatement vous offre une temp\u00e9rature homog\u00e8ne pour des cheveux prot\u00e9g\u00e9s \u00e0 chaque passage et un lissage qui dure toute la journ\u00e9e.\u00a0 Temp\u00e9rature\u00a0 B\u00e9n\u00e9ficiez d\u2019un contr\u00f4le pr\u00e9cis de la temp\u00e9rature et adaptez la puissance de chauffe jusqu\u2019\u00e0 215\u00b0C Le temps de chauffe est ultra rapide puisque l\u2019appareil est pr\u00eat en 30 secondes seulement. Praticit\u00e9\u00a0 Le cordon rotatif vous offre un confort maximal lors de l\u2019utilisation du lisseur. Confort d\u2019utilisation avec le bouton marche\/arr\u00eat et pour une s\u00e9curit\u00e9 optimale un t\u00e9moin LED vous indique la mise en marche de l\u2019appareil. Garantie 12 mois","og_url":"https:\/\/baya-shop.com\/home\/product\/remington-pack-seche-cheveux-lisseur-d3012gp\/","og_site_name":"Baya Shop","article_publisher":"https:\/\/www.facebook.com\/Baya-Shop-103955257949742","article_modified_time":"2025-04-19T16:11:32+00:00","og_image":[{"width":300,"height":300,"url":"https:\/\/baya-shop.com\/wp-content\/uploads\/2022\/09\/82ad420d-2085-46d7-adea-1838fcc73801.__CR00300300_PT0_SX300_V1___.png","type":"image\/png"}],"twitter_card":"summary_large_image","twitter_misc":{"Dur\u00e9e de lecture estim\u00e9e":"1 minute"},"schema":{"@context":"https:\/\/schema.org","@graph":[{"@type":"WebPage","@id":"https:\/\/baya-shop.com\/home\/product\/remington-pack-seche-cheveux-lisseur-d3012gp\/","url":"https:\/\/baya-shop.com\/home\/product\/remington-pack-seche-cheveux-lisseur-d3012gp\/","name":"REMINGTON PACK S\u00e8che-cheveux + Lisseur D3012GP - Baya Shop","isPartOf":{"@id":"https:\/\/baya-shop.com\/home\/#website"},"primaryImageOfPage":{"@id":"https:\/\/baya-shop.com\/home\/product\/remington-pack-seche-cheveux-lisseur-d3012gp\/#primaryimage"},"image":{"@id":"https:\/\/baya-shop.com\/home\/product\/remington-pack-seche-cheveux-lisseur-d3012gp\/#primaryimage"},"thumbnailUrl":"https:\/\/i0.wp.com\/baya-shop.com\/wp-content\/uploads\/2022\/09\/82ad420d-2085-46d7-adea-1838fcc73801.__CR00300300_PT0_SX300_V1___.png?fit=300%2C300&ssl=1","datePublished":"2022-09-28T10:15:06+00:00","dateModified":"2025-04-19T16:11:32+00:00","description":"S\u00e9chage rapide avec ses 2200 Watts. Il est dot\u00e9 de 2 vitesses et de 3 temp\u00e9ratures pour adapter la puissance de chauffe \u00e0 la nature de vos cheveux. Anneau de suspension\u00a0 Id\u00e9al pour l\u2019accrocher dans votre salle de bain. Ainsi, vous l\u2019aurez toujours \u00e0 port\u00e9e de main. Concentrateur Pour r\u00e9aliser un brushing, des ondulations ou pour s\u00e9cher une m\u00e8che tr\u00e8s rapidement, le concentrateur d\u2019air fourni permet de concentrer le courant d\u2019air chaud pour vous faciliter la t\u00e2che. Lisseur\u00a0\u00a0 Il est dot\u00e9 de plaques flottantes pour une glisse 2 fois plus douce et un lissage longue dur\u00e9e.\u00a0 Rev\u00eatement c\u00e9ramique\u00a0 Dot\u00e9 d\u2019un rev\u00eatement en c\u00e9ramique avec un soin int\u00e9gr\u00e9 profitez de douceur en plus pour des cheveux doux et soyeux, naturels ou color\u00e9s. Ce rev\u00eatement vous offre une temp\u00e9rature homog\u00e8ne pour des cheveux prot\u00e9g\u00e9s \u00e0 chaque passage et un lissage qui dure toute la journ\u00e9e.\u00a0 Temp\u00e9rature\u00a0 B\u00e9n\u00e9ficiez d\u2019un contr\u00f4le pr\u00e9cis de la temp\u00e9rature et adaptez la puissance de chauffe jusqu\u2019\u00e0 215\u00b0C Le temps de chauffe est ultra rapide puisque l\u2019appareil est pr\u00eat en 30 secondes seulement. Praticit\u00e9\u00a0 Le cordon rotatif vous offre un confort maximal lors de l\u2019utilisation du lisseur. Confort d\u2019utilisation avec le bouton marche\/arr\u00eat et pour une s\u00e9curit\u00e9 optimale un t\u00e9moin LED vous indique la mise en marche de l\u2019appareil. Garantie 12 mois","breadcrumb":{"@id":"https:\/\/baya-shop.com\/home\/product\/remington-pack-seche-cheveux-lisseur-d3012gp\/#breadcrumb"},"inLanguage":"fr-FR","potentialAction":[{"@type":"ReadAction","target":["https:\/\/baya-shop.com\/home\/product\/remington-pack-seche-cheveux-lisseur-d3012gp\/"]}]},{"@type":"ImageObject","inLanguage":"fr-FR","@id":"https:\/\/baya-shop.com\/home\/product\/remington-pack-seche-cheveux-lisseur-d3012gp\/#primaryimage","url":"https:\/\/i0.wp.com\/baya-shop.com\/wp-content\/uploads\/2022\/09\/82ad420d-2085-46d7-adea-1838fcc73801.__CR00300300_PT0_SX300_V1___.png?fit=300%2C300&ssl=1","contentUrl":"https:\/\/i0.wp.com\/baya-shop.com\/wp-content\/uploads\/2022\/09\/82ad420d-2085-46d7-adea-1838fcc73801.__CR00300300_PT0_SX300_V1___.png?fit=300%2C300&ssl=1","width":300,"height":300},{"@type":"BreadcrumbList","@id":"https:\/\/baya-shop.com\/home\/product\/remington-pack-seche-cheveux-lisseur-d3012gp\/#breadcrumb","itemListElement":[{"@type":"ListItem","position":1,"name":"Accueil","item":"https:\/\/baya-shop.com\/home\/"},{"@type":"ListItem","position":2,"name":"Shop","item":"https:\/\/baya-shop.com\/home\/shop\/"},{"@type":"ListItem","position":3,"name":"REMINGTON PACK S\u00e8che-cheveux + Lisseur D3012GP"}]},{"@type":"WebSite","@id":"https:\/\/baya-shop.com\/home\/#website","url":"https:\/\/baya-shop.com\/home\/","name":"Baya Shop","description":"","publisher":{"@id":"https:\/\/baya-shop.com\/home\/#organization"},"potentialAction":[{"@type":"SearchAction","target":{"@type":"EntryPoint","urlTemplate":"https:\/\/baya-shop.com\/home\/?s={search_term_string}"},"query-input":{"@type":"PropertyValueSpecification","valueRequired":true,"valueName":"search_term_string"}}],"inLanguage":"fr-FR"},{"@type":"Organization","@id":"https:\/\/baya-shop.com\/home\/#organization","name":"Baya Shop","url":"https:\/\/baya-shop.com\/home\/","logo":{"@type":"ImageObject","inLanguage":"fr-FR","@id":"https:\/\/baya-shop.com\/home\/#\/schema\/logo\/image\/","url":"https:\/\/baya-shop.com\/wp-content\/uploads\/2020\/11\/g.png","contentUrl":"https:\/\/baya-shop.com\/wp-content\/uploads\/2020\/11\/g.png","width":64,"height":64,"caption":"Baya Shop"},"image":{"@id":"https:\/\/baya-shop.com\/home\/#\/schema\/logo\/image\/"},"sameAs":["https:\/\/www.facebook.com\/Baya-Shop-103955257949742","https:\/\/www.instagram.com\/baya_shop_dz\/"]}]}},"jetpack_publicize_connections":[],"jetpack_sharing_enabled":true,"jetpack_likes_enabled":true,"jetpack-related-posts":[],"_links":{"self":[{"href":"https:\/\/baya-shop.com\/home\/wp-json\/wp\/v2\/product\/1186","targetHints":{"allow":["GET"]}}],"collection":[{"href":"https:\/\/baya-shop.com\/home\/wp-json\/wp\/v2\/product"}],"about":[{"href":"https:\/\/baya-shop.com\/home\/wp-json\/wp\/v2\/types\/product"}],"replies":[{"embeddable":true,"href":"https:\/\/baya-shop.com\/home\/wp-json\/wp\/v2\/comments?post=1186"}],"wp:featuredmedia":[{"embeddable":true,"href":"https:\/\/baya-shop.com\/home\/wp-json\/wp\/v2\/media\/3287"}],"wp:attachment":[{"href":"https:\/\/baya-shop.com\/home\/wp-json\/wp\/v2\/media?parent=1186"}],"wp:term":[{"taxonomy":"product_brand","embeddable":true,"href":"https:\/\/baya-shop.com\/home\/wp-json\/wp\/v2\/product_brand?post=1186"},{"taxonomy":"product_cat","embeddable":true,"href":"https:\/\/baya-shop.com\/home\/wp-json\/wp\/v2\/product_cat?post=1186"},{"taxonomy":"product_tag","embeddable":true,"href":"https:\/\/baya-shop.com\/home\/wp-json\/wp\/v2\/product_tag?post=1186"}],"curies":[{"name":"wp","href":"https:\/\/api.w.org\/{rel}","templated":true}]}}