{"id":1135,"date":"2022-09-27T14:50:53","date_gmt":"2022-09-27T13:50:53","guid":{"rendered":"https:\/\/baya-shop.com\/home\/?post_type=product&#038;p=1135"},"modified":"2026-03-29T14:23:42","modified_gmt":"2026-03-29T13:23:42","slug":"remington-lisseur-colour-protect-s8605","status":"publish","type":"product","link":"https:\/\/baya-shop.com\/home\/product\/remington-lisseur-colour-protect-s8605\/","title":{"rendered":"REMINGTON Lisseur Colour Protect S8605"},"content":{"rendered":"","protected":false},"excerpt":{"rendered":"<p>Une couleur qui dure 5 X plus longtemps* gr\u00e2ce \u00e0 une technologie<br \/>\nqui combine notre Rev\u00eatement Advanced Ceramic au capteur intelligent protecteur de couleur<\/p>\n<p>Plaques Rev\u00eatement C\u00e9ramique Advanced infus\u00e9es \u00e0 l\u2019huile de karit\u00e9 et avec filtres UV qui pr\u00e9servent l\u2019\u00e9clat de la couleur pour des cheveux brillants<\/p>\n<p>\u00c9cran digital &#8211; 5 temperatures jusqu\u2019\u00e0 230\u00b0C<\/p>\n<p>Pochette de rangement<\/p>\n<p>Garantie 12 mois.<\/p>\n","protected":false},"featured_media":3282,"comment_status":"open","ping_status":"closed","template":"","meta":{"jetpack_post_was_ever_published":false,"jetpack_publicize_message":"","jetpack_publicize_feature_enabled":true,"jetpack_social_post_already_shared":false,"jetpack_social_options":{"image_generator_settings":{"template":"highway","default_image_id":0,"font":"","enabled":false},"version":2}},"product_brand":[],"product_cat":[18,46,72,47],"product_tag":[],"class_list":{"0":"post-1135","1":"product","2":"type-product","3":"status-publish","4":"has-post-thumbnail","6":"product_cat-lisseur","7":"product_cat-promotion","8":"product_cat-promotion-dete-2024","9":"product_cat-remington","11":"first","12":"instock","13":"shipping-taxable","14":"purchasable","15":"product-type-simple"},"yoast_head":"<!-- This site is optimized with the Yoast SEO plugin v27.3 - https:\/\/yoast.com\/product\/yoast-seo-wordpress\/ -->\n<title>REMINGTON Lisseur Colour Protect S8605 - Baya Shop<\/title>\n<meta name=\"description\" content=\"Une couleur qui dure 5 X plus longtemps* gr\u00e2ce \u00e0 une technologie qui combine notre Rev\u00eatement Advanced Ceramic au capteur intelligent protecteur de couleur  Plaques Rev\u00eatement C\u00e9ramique Advanced infus\u00e9es \u00e0 l\u2019huile de karit\u00e9 et avec filtres UV qui pr\u00e9servent l\u2019\u00e9clat de la couleur pour des cheveux brillants  \u00c9cran digital - 5 temperatures jusqu\u2019\u00e0 230\u00b0C  Pochette de rangement  Garantie 12 mois.\" \/>\n<meta name=\"robots\" content=\"index, follow, max-snippet:-1, max-image-preview:large, max-video-preview:-1\" \/>\n<link rel=\"canonical\" href=\"https:\/\/baya-shop.com\/home\/product\/remington-lisseur-colour-protect-s8605\/\" \/>\n<meta property=\"og:locale\" content=\"fr_FR\" \/>\n<meta property=\"og:type\" content=\"article\" \/>\n<meta property=\"og:title\" content=\"REMINGTON Lisseur Colour Protect S8605 - Baya Shop\" \/>\n<meta property=\"og:description\" content=\"Une couleur qui dure 5 X plus longtemps* gr\u00e2ce \u00e0 une technologie qui combine notre Rev\u00eatement Advanced Ceramic au capteur intelligent protecteur de couleur  Plaques Rev\u00eatement C\u00e9ramique Advanced infus\u00e9es \u00e0 l\u2019huile de karit\u00e9 et avec filtres UV qui pr\u00e9servent l\u2019\u00e9clat de la couleur pour des cheveux brillants  \u00c9cran digital - 5 temperatures jusqu\u2019\u00e0 230\u00b0C  Pochette de rangement  Garantie 12 mois.\" \/>\n<meta property=\"og:url\" content=\"https:\/\/baya-shop.com\/home\/product\/remington-lisseur-colour-protect-s8605\/\" \/>\n<meta property=\"og:site_name\" content=\"Baya Shop\" \/>\n<meta property=\"article:publisher\" content=\"https:\/\/www.facebook.com\/Baya-Shop-103955257949742\" \/>\n<meta property=\"article:modified_time\" content=\"2026-03-29T13:23:42+00:00\" \/>\n<meta property=\"og:image\" content=\"https:\/\/baya-shop.com\/wp-content\/uploads\/2022\/09\/28_e36afeeb-ea31-457a-aa68-794ca3a169b8-e1705684900362.webp\" \/>\n\t<meta property=\"og:image:width\" content=\"828\" \/>\n\t<meta property=\"og:image:height\" content=\"828\" \/>\n\t<meta property=\"og:image:type\" content=\"image\/webp\" \/>\n<meta name=\"twitter:card\" content=\"summary_large_image\" \/>\n<meta name=\"twitter:label1\" content=\"Dur\u00e9e de lecture estim\u00e9e\" \/>\n\t<meta name=\"twitter:data1\" content=\"1 minute\" \/>\n<script type=\"application\/ld+json\" class=\"yoast-schema-graph\">{\"@context\":\"https:\\\/\\\/schema.org\",\"@graph\":[{\"@type\":\"WebPage\",\"@id\":\"https:\\\/\\\/baya-shop.com\\\/home\\\/product\\\/remington-lisseur-colour-protect-s8605\\\/\",\"url\":\"https:\\\/\\\/baya-shop.com\\\/home\\\/product\\\/remington-lisseur-colour-protect-s8605\\\/\",\"name\":\"REMINGTON Lisseur Colour Protect S8605 - Baya Shop\",\"isPartOf\":{\"@id\":\"https:\\\/\\\/baya-shop.com\\\/home\\\/#website\"},\"primaryImageOfPage\":{\"@id\":\"https:\\\/\\\/baya-shop.com\\\/home\\\/product\\\/remington-lisseur-colour-protect-s8605\\\/#primaryimage\"},\"image\":{\"@id\":\"https:\\\/\\\/baya-shop.com\\\/home\\\/product\\\/remington-lisseur-colour-protect-s8605\\\/#primaryimage\"},\"thumbnailUrl\":\"https:\\\/\\\/i0.wp.com\\\/baya-shop.com\\\/wp-content\\\/uploads\\\/2022\\\/09\\\/28_e36afeeb-ea31-457a-aa68-794ca3a169b8-e1705684900362.webp?fit=828%2C828&ssl=1\",\"datePublished\":\"2022-09-27T13:50:53+00:00\",\"dateModified\":\"2026-03-29T13:23:42+00:00\",\"description\":\"Une couleur qui dure 5 X plus longtemps* gr\u00e2ce \u00e0 une technologie qui combine notre Rev\u00eatement Advanced Ceramic au capteur intelligent protecteur de couleur Plaques Rev\u00eatement C\u00e9ramique Advanced infus\u00e9es \u00e0 l\u2019huile de karit\u00e9 et avec filtres UV qui pr\u00e9servent l\u2019\u00e9clat de la couleur pour des cheveux brillants \u00c9cran digital - 5 temperatures jusqu\u2019\u00e0 230\u00b0C Pochette de rangement Garantie 12 mois.\",\"breadcrumb\":{\"@id\":\"https:\\\/\\\/baya-shop.com\\\/home\\\/product\\\/remington-lisseur-colour-protect-s8605\\\/#breadcrumb\"},\"inLanguage\":\"fr-FR\",\"potentialAction\":[{\"@type\":\"ReadAction\",\"target\":[\"https:\\\/\\\/baya-shop.com\\\/home\\\/product\\\/remington-lisseur-colour-protect-s8605\\\/\"]}]},{\"@type\":\"ImageObject\",\"inLanguage\":\"fr-FR\",\"@id\":\"https:\\\/\\\/baya-shop.com\\\/home\\\/product\\\/remington-lisseur-colour-protect-s8605\\\/#primaryimage\",\"url\":\"https:\\\/\\\/i0.wp.com\\\/baya-shop.com\\\/wp-content\\\/uploads\\\/2022\\\/09\\\/28_e36afeeb-ea31-457a-aa68-794ca3a169b8-e1705684900362.webp?fit=828%2C828&ssl=1\",\"contentUrl\":\"https:\\\/\\\/i0.wp.com\\\/baya-shop.com\\\/wp-content\\\/uploads\\\/2022\\\/09\\\/28_e36afeeb-ea31-457a-aa68-794ca3a169b8-e1705684900362.webp?fit=828%2C828&ssl=1\",\"width\":828,\"height\":828},{\"@type\":\"BreadcrumbList\",\"@id\":\"https:\\\/\\\/baya-shop.com\\\/home\\\/product\\\/remington-lisseur-colour-protect-s8605\\\/#breadcrumb\",\"itemListElement\":[{\"@type\":\"ListItem\",\"position\":1,\"name\":\"Accueil\",\"item\":\"https:\\\/\\\/baya-shop.com\\\/home\\\/\"},{\"@type\":\"ListItem\",\"position\":2,\"name\":\"Shop\",\"item\":\"https:\\\/\\\/baya-shop.com\\\/home\\\/shop\\\/\"},{\"@type\":\"ListItem\",\"position\":3,\"name\":\"REMINGTON Lisseur Colour Protect S8605\"}]},{\"@type\":\"WebSite\",\"@id\":\"https:\\\/\\\/baya-shop.com\\\/home\\\/#website\",\"url\":\"https:\\\/\\\/baya-shop.com\\\/home\\\/\",\"name\":\"Baya Shop\",\"description\":\"\",\"publisher\":{\"@id\":\"https:\\\/\\\/baya-shop.com\\\/home\\\/#organization\"},\"potentialAction\":[{\"@type\":\"SearchAction\",\"target\":{\"@type\":\"EntryPoint\",\"urlTemplate\":\"https:\\\/\\\/baya-shop.com\\\/home\\\/?s={search_term_string}\"},\"query-input\":{\"@type\":\"PropertyValueSpecification\",\"valueRequired\":true,\"valueName\":\"search_term_string\"}}],\"inLanguage\":\"fr-FR\"},{\"@type\":\"Organization\",\"@id\":\"https:\\\/\\\/baya-shop.com\\\/home\\\/#organization\",\"name\":\"Baya Shop\",\"url\":\"https:\\\/\\\/baya-shop.com\\\/home\\\/\",\"logo\":{\"@type\":\"ImageObject\",\"inLanguage\":\"fr-FR\",\"@id\":\"https:\\\/\\\/baya-shop.com\\\/home\\\/#\\\/schema\\\/logo\\\/image\\\/\",\"url\":\"https:\\\/\\\/baya-shop.com\\\/wp-content\\\/uploads\\\/2020\\\/11\\\/g.png\",\"contentUrl\":\"https:\\\/\\\/baya-shop.com\\\/wp-content\\\/uploads\\\/2020\\\/11\\\/g.png\",\"width\":64,\"height\":64,\"caption\":\"Baya Shop\"},\"image\":{\"@id\":\"https:\\\/\\\/baya-shop.com\\\/home\\\/#\\\/schema\\\/logo\\\/image\\\/\"},\"sameAs\":[\"https:\\\/\\\/www.facebook.com\\\/Baya-Shop-103955257949742\",\"https:\\\/\\\/www.instagram.com\\\/baya_shop_dz\\\/\"]}]}<\/script>\n<!-- \/ Yoast SEO plugin. -->","yoast_head_json":{"title":"REMINGTON Lisseur Colour Protect S8605 - Baya Shop","description":"Une couleur qui dure 5 X plus longtemps* gr\u00e2ce \u00e0 une technologie qui combine notre Rev\u00eatement Advanced Ceramic au capteur intelligent protecteur de couleur  Plaques Rev\u00eatement C\u00e9ramique Advanced infus\u00e9es \u00e0 l\u2019huile de karit\u00e9 et avec filtres UV qui pr\u00e9servent l\u2019\u00e9clat de la couleur pour des cheveux brillants  \u00c9cran digital - 5 temperatures jusqu\u2019\u00e0 230\u00b0C  Pochette de rangement  Garantie 12 mois.","robots":{"index":"index","follow":"follow","max-snippet":"max-snippet:-1","max-image-preview":"max-image-preview:large","max-video-preview":"max-video-preview:-1"},"canonical":"https:\/\/baya-shop.com\/home\/product\/remington-lisseur-colour-protect-s8605\/","og_locale":"fr_FR","og_type":"article","og_title":"REMINGTON Lisseur Colour Protect S8605 - Baya Shop","og_description":"Une couleur qui dure 5 X plus longtemps* gr\u00e2ce \u00e0 une technologie qui combine notre Rev\u00eatement Advanced Ceramic au capteur intelligent protecteur de couleur  Plaques Rev\u00eatement C\u00e9ramique Advanced infus\u00e9es \u00e0 l\u2019huile de karit\u00e9 et avec filtres UV qui pr\u00e9servent l\u2019\u00e9clat de la couleur pour des cheveux brillants  \u00c9cran digital - 5 temperatures jusqu\u2019\u00e0 230\u00b0C  Pochette de rangement  Garantie 12 mois.","og_url":"https:\/\/baya-shop.com\/home\/product\/remington-lisseur-colour-protect-s8605\/","og_site_name":"Baya Shop","article_publisher":"https:\/\/www.facebook.com\/Baya-Shop-103955257949742","article_modified_time":"2026-03-29T13:23:42+00:00","og_image":[{"width":828,"height":828,"url":"https:\/\/baya-shop.com\/wp-content\/uploads\/2022\/09\/28_e36afeeb-ea31-457a-aa68-794ca3a169b8-e1705684900362.webp","type":"image\/webp"}],"twitter_card":"summary_large_image","twitter_misc":{"Dur\u00e9e de lecture estim\u00e9e":"1 minute"},"schema":{"@context":"https:\/\/schema.org","@graph":[{"@type":"WebPage","@id":"https:\/\/baya-shop.com\/home\/product\/remington-lisseur-colour-protect-s8605\/","url":"https:\/\/baya-shop.com\/home\/product\/remington-lisseur-colour-protect-s8605\/","name":"REMINGTON Lisseur Colour Protect S8605 - Baya Shop","isPartOf":{"@id":"https:\/\/baya-shop.com\/home\/#website"},"primaryImageOfPage":{"@id":"https:\/\/baya-shop.com\/home\/product\/remington-lisseur-colour-protect-s8605\/#primaryimage"},"image":{"@id":"https:\/\/baya-shop.com\/home\/product\/remington-lisseur-colour-protect-s8605\/#primaryimage"},"thumbnailUrl":"https:\/\/i0.wp.com\/baya-shop.com\/wp-content\/uploads\/2022\/09\/28_e36afeeb-ea31-457a-aa68-794ca3a169b8-e1705684900362.webp?fit=828%2C828&ssl=1","datePublished":"2022-09-27T13:50:53+00:00","dateModified":"2026-03-29T13:23:42+00:00","description":"Une couleur qui dure 5 X plus longtemps* gr\u00e2ce \u00e0 une technologie qui combine notre Rev\u00eatement Advanced Ceramic au capteur intelligent protecteur de couleur Plaques Rev\u00eatement C\u00e9ramique Advanced infus\u00e9es \u00e0 l\u2019huile de karit\u00e9 et avec filtres UV qui pr\u00e9servent l\u2019\u00e9clat de la couleur pour des cheveux brillants \u00c9cran digital - 5 temperatures jusqu\u2019\u00e0 230\u00b0C Pochette de rangement Garantie 12 mois.","breadcrumb":{"@id":"https:\/\/baya-shop.com\/home\/product\/remington-lisseur-colour-protect-s8605\/#breadcrumb"},"inLanguage":"fr-FR","potentialAction":[{"@type":"ReadAction","target":["https:\/\/baya-shop.com\/home\/product\/remington-lisseur-colour-protect-s8605\/"]}]},{"@type":"ImageObject","inLanguage":"fr-FR","@id":"https:\/\/baya-shop.com\/home\/product\/remington-lisseur-colour-protect-s8605\/#primaryimage","url":"https:\/\/i0.wp.com\/baya-shop.com\/wp-content\/uploads\/2022\/09\/28_e36afeeb-ea31-457a-aa68-794ca3a169b8-e1705684900362.webp?fit=828%2C828&ssl=1","contentUrl":"https:\/\/i0.wp.com\/baya-shop.com\/wp-content\/uploads\/2022\/09\/28_e36afeeb-ea31-457a-aa68-794ca3a169b8-e1705684900362.webp?fit=828%2C828&ssl=1","width":828,"height":828},{"@type":"BreadcrumbList","@id":"https:\/\/baya-shop.com\/home\/product\/remington-lisseur-colour-protect-s8605\/#breadcrumb","itemListElement":[{"@type":"ListItem","position":1,"name":"Accueil","item":"https:\/\/baya-shop.com\/home\/"},{"@type":"ListItem","position":2,"name":"Shop","item":"https:\/\/baya-shop.com\/home\/shop\/"},{"@type":"ListItem","position":3,"name":"REMINGTON Lisseur Colour Protect S8605"}]},{"@type":"WebSite","@id":"https:\/\/baya-shop.com\/home\/#website","url":"https:\/\/baya-shop.com\/home\/","name":"Baya Shop","description":"","publisher":{"@id":"https:\/\/baya-shop.com\/home\/#organization"},"potentialAction":[{"@type":"SearchAction","target":{"@type":"EntryPoint","urlTemplate":"https:\/\/baya-shop.com\/home\/?s={search_term_string}"},"query-input":{"@type":"PropertyValueSpecification","valueRequired":true,"valueName":"search_term_string"}}],"inLanguage":"fr-FR"},{"@type":"Organization","@id":"https:\/\/baya-shop.com\/home\/#organization","name":"Baya Shop","url":"https:\/\/baya-shop.com\/home\/","logo":{"@type":"ImageObject","inLanguage":"fr-FR","@id":"https:\/\/baya-shop.com\/home\/#\/schema\/logo\/image\/","url":"https:\/\/baya-shop.com\/wp-content\/uploads\/2020\/11\/g.png","contentUrl":"https:\/\/baya-shop.com\/wp-content\/uploads\/2020\/11\/g.png","width":64,"height":64,"caption":"Baya Shop"},"image":{"@id":"https:\/\/baya-shop.com\/home\/#\/schema\/logo\/image\/"},"sameAs":["https:\/\/www.facebook.com\/Baya-Shop-103955257949742","https:\/\/www.instagram.com\/baya_shop_dz\/"]}]}},"jetpack_publicize_connections":[],"jetpack_sharing_enabled":true,"jetpack_likes_enabled":true,"jetpack-related-posts":[],"_links":{"self":[{"href":"https:\/\/baya-shop.com\/home\/wp-json\/wp\/v2\/product\/1135","targetHints":{"allow":["GET"]}}],"collection":[{"href":"https:\/\/baya-shop.com\/home\/wp-json\/wp\/v2\/product"}],"about":[{"href":"https:\/\/baya-shop.com\/home\/wp-json\/wp\/v2\/types\/product"}],"replies":[{"embeddable":true,"href":"https:\/\/baya-shop.com\/home\/wp-json\/wp\/v2\/comments?post=1135"}],"wp:featuredmedia":[{"embeddable":true,"href":"https:\/\/baya-shop.com\/home\/wp-json\/wp\/v2\/media\/3282"}],"wp:attachment":[{"href":"https:\/\/baya-shop.com\/home\/wp-json\/wp\/v2\/media?parent=1135"}],"wp:term":[{"taxonomy":"product_brand","embeddable":true,"href":"https:\/\/baya-shop.com\/home\/wp-json\/wp\/v2\/product_brand?post=1135"},{"taxonomy":"product_cat","embeddable":true,"href":"https:\/\/baya-shop.com\/home\/wp-json\/wp\/v2\/product_cat?post=1135"},{"taxonomy":"product_tag","embeddable":true,"href":"https:\/\/baya-shop.com\/home\/wp-json\/wp\/v2\/product_tag?post=1135"}],"curies":[{"name":"wp","href":"https:\/\/api.w.org\/{rel}","templated":true}]}}