{"id":1122,"date":"2022-09-27T13:40:00","date_gmt":"2022-09-27T12:40:00","guid":{"rendered":"https:\/\/baya-shop.com\/home\/?post_type=product&#038;p=1122"},"modified":"2025-12-20T15:27:46","modified_gmt":"2025-12-20T14:27:46","slug":"remington-lisseur-silk-straightener-s9600","status":"publish","type":"product","link":"https:\/\/baya-shop.com\/home\/product\/remington-lisseur-silk-straightener-s9600\/","title":{"rendered":"REMINGTON Lisseur Silk Straightener S9600"},"content":{"rendered":"","protected":false},"excerpt":{"rendered":"<div id=\"featurebullets_feature_div\" class=\"celwidget\" data-feature-name=\"featurebullets\" data-csa-c-id=\"lmhsqd-qhy1gv-m10zzu-m8nnsm\" data-cel-widget=\"featurebullets_feature_div\">\n<div id=\"feature-bullets\" class=\"a-section a-spacing-medium a-spacing-top-small\">\n<ul class=\"a-unordered-list a-vertical a-spacing-mini\">\n<li><span class=\"a-list-item\">Plaques souples XL 110 rev\u00eatement Advanced Silk Ceramic &#8211; 50% de douceur en plus pour des cheveux doux et soyeux<\/span><\/li>\n<li><span class=\"a-list-item\">Temp\u00e9rature modulable : 150-240\u00b0C avec fonction turbo et syst\u00e8me infrarouge pour une chaleur toujours optimale<\/span><\/li>\n<li><span class=\"a-list-item\">Mise \u00e0 temp\u00e9rature ultra rapide en 10secs &#8211; Ecran digital : indique la temp\u00e9rature id\u00e9ale pour votre type de cheveux ; contr\u00f4le pr\u00e9cis de la temp\u00e9rature<\/span><\/li>\n<li><span class=\"a-list-item\">Fonction m\u00e9moire : m\u00e9morise le dernier niveau de temp\u00e9rature utilis\u00e9<\/span><\/li>\n<li><span class=\"a-list-item\">Verrouillage de la temp\u00e9rature. Verrouillage des plaques ; arr\u00eat automatique apr\u00e8s 60min ; pochette luxe thermo-r\u00e9sistante incluse<\/span><\/li>\n<li>Garantie 12 mois.<\/li>\n<\/ul>\n<\/div>\n<\/div>\n<div id=\"whiteGloveMessage_feature_div\" class=\"celwidget\" data-feature-name=\"whiteGloveMessage\" data-csa-c-id=\"kksjlk-uh907g-ax59d7-g33y3a\" data-cel-widget=\"whiteGloveMessage_feature_div\"><\/div>\n","protected":false},"featured_media":3279,"comment_status":"open","ping_status":"closed","template":"","meta":{"jetpack_post_was_ever_published":false,"jetpack_publicize_message":"","jetpack_publicize_feature_enabled":true,"jetpack_social_post_already_shared":false,"jetpack_social_options":{"image_generator_settings":{"template":"highway","default_image_id":0,"font":"","enabled":false},"version":2}},"product_brand":[],"product_cat":[18,46,72,47],"product_tag":[],"class_list":{"0":"post-1122","1":"product","2":"type-product","3":"status-publish","4":"has-post-thumbnail","6":"product_cat-lisseur","7":"product_cat-promotion","8":"product_cat-promotion-dete-2024","9":"product_cat-remington","11":"first","12":"instock","13":"sale","14":"shipping-taxable","15":"purchasable","16":"product-type-simple"},"yoast_head":"<!-- This site is optimized with the Yoast SEO plugin v27.4 - https:\/\/yoast.com\/product\/yoast-seo-wordpress\/ -->\n<title>REMINGTON Lisseur Silk Straightener S9600 - Baya Shop<\/title>\n<meta name=\"description\" content=\"Plaques souples XL 110 rev\u00eatement Advanced Silk Ceramic - 50% de douceur en plus pour des cheveux doux et soyeux  Temp\u00e9rature modulable : 150-240\u00b0C avec fonction turbo et syst\u00e8me infrarouge pour une chaleur toujours optimale  Mise \u00e0 temp\u00e9rature ultra rapide en 10secs - Ecran digital : indique la temp\u00e9rature id\u00e9ale pour votre type de cheveux ; contr\u00f4le pr\u00e9cis de la temp\u00e9rature  Fonction m\u00e9moire : m\u00e9morise le dernier niveau de temp\u00e9rature utilis\u00e9  Verrouillage de la temp\u00e9rature. Verrouillage des plaques ; arr\u00eat automatique apr\u00e8s 60min ; pochette luxe thermo-r\u00e9sistante incluse  Garantie 12 mois.\" \/>\n<meta name=\"robots\" content=\"index, follow, max-snippet:-1, max-image-preview:large, max-video-preview:-1\" \/>\n<link rel=\"canonical\" href=\"https:\/\/baya-shop.com\/home\/product\/remington-lisseur-silk-straightener-s9600\/\" \/>\n<meta property=\"og:locale\" content=\"fr_FR\" \/>\n<meta property=\"og:type\" content=\"article\" \/>\n<meta property=\"og:title\" content=\"REMINGTON Lisseur Silk Straightener S9600 - Baya Shop\" \/>\n<meta property=\"og:description\" content=\"Plaques souples XL 110 rev\u00eatement Advanced Silk Ceramic - 50% de douceur en plus pour des cheveux doux et soyeux  Temp\u00e9rature modulable : 150-240\u00b0C avec fonction turbo et syst\u00e8me infrarouge pour une chaleur toujours optimale  Mise \u00e0 temp\u00e9rature ultra rapide en 10secs - Ecran digital : indique la temp\u00e9rature id\u00e9ale pour votre type de cheveux ; contr\u00f4le pr\u00e9cis de la temp\u00e9rature  Fonction m\u00e9moire : m\u00e9morise le dernier niveau de temp\u00e9rature utilis\u00e9  Verrouillage de la temp\u00e9rature. Verrouillage des plaques ; arr\u00eat automatique apr\u00e8s 60min ; pochette luxe thermo-r\u00e9sistante incluse  Garantie 12 mois.\" \/>\n<meta property=\"og:url\" content=\"https:\/\/baya-shop.com\/home\/product\/remington-lisseur-silk-straightener-s9600\/\" \/>\n<meta property=\"og:site_name\" content=\"Baya Shop\" \/>\n<meta property=\"article:publisher\" content=\"https:\/\/www.facebook.com\/Baya-Shop-103955257949742\" \/>\n<meta property=\"article:modified_time\" content=\"2025-12-20T14:27:46+00:00\" \/>\n<meta property=\"og:image\" content=\"https:\/\/baya-shop.com\/wp-content\/uploads\/2022\/09\/Fer-a-Lisser-Remington-S9600_51ff80a8-312e-47e8-a5be-03638b60d0a7.webp\" \/>\n\t<meta property=\"og:image:width\" content=\"800\" \/>\n\t<meta property=\"og:image:height\" content=\"800\" \/>\n\t<meta property=\"og:image:type\" content=\"image\/webp\" \/>\n<meta name=\"twitter:card\" content=\"summary_large_image\" \/>\n<meta name=\"twitter:label1\" content=\"Dur\u00e9e de lecture estim\u00e9e\" \/>\n\t<meta name=\"twitter:data1\" content=\"1 minute\" \/>\n<script type=\"application\/ld+json\" class=\"yoast-schema-graph\">{\"@context\":\"https:\\\/\\\/schema.org\",\"@graph\":[{\"@type\":\"WebPage\",\"@id\":\"https:\\\/\\\/baya-shop.com\\\/home\\\/product\\\/remington-lisseur-silk-straightener-s9600\\\/\",\"url\":\"https:\\\/\\\/baya-shop.com\\\/home\\\/product\\\/remington-lisseur-silk-straightener-s9600\\\/\",\"name\":\"REMINGTON Lisseur Silk Straightener S9600 - Baya Shop\",\"isPartOf\":{\"@id\":\"https:\\\/\\\/baya-shop.com\\\/home\\\/#website\"},\"primaryImageOfPage\":{\"@id\":\"https:\\\/\\\/baya-shop.com\\\/home\\\/product\\\/remington-lisseur-silk-straightener-s9600\\\/#primaryimage\"},\"image\":{\"@id\":\"https:\\\/\\\/baya-shop.com\\\/home\\\/product\\\/remington-lisseur-silk-straightener-s9600\\\/#primaryimage\"},\"thumbnailUrl\":\"https:\\\/\\\/i0.wp.com\\\/baya-shop.com\\\/wp-content\\\/uploads\\\/2022\\\/09\\\/Fer-a-Lisser-Remington-S9600_51ff80a8-312e-47e8-a5be-03638b60d0a7.webp?fit=800%2C800&ssl=1\",\"datePublished\":\"2022-09-27T12:40:00+00:00\",\"dateModified\":\"2025-12-20T14:27:46+00:00\",\"description\":\"Plaques souples XL 110 rev\u00eatement Advanced Silk Ceramic - 50% de douceur en plus pour des cheveux doux et soyeux Temp\u00e9rature modulable : 150-240\u00b0C avec fonction turbo et syst\u00e8me infrarouge pour une chaleur toujours optimale Mise \u00e0 temp\u00e9rature ultra rapide en 10secs - Ecran digital : indique la temp\u00e9rature id\u00e9ale pour votre type de cheveux ; contr\u00f4le pr\u00e9cis de la temp\u00e9rature Fonction m\u00e9moire : m\u00e9morise le dernier niveau de temp\u00e9rature utilis\u00e9 Verrouillage de la temp\u00e9rature. Verrouillage des plaques ; arr\u00eat automatique apr\u00e8s 60min ; pochette luxe thermo-r\u00e9sistante incluse Garantie 12 mois.\",\"breadcrumb\":{\"@id\":\"https:\\\/\\\/baya-shop.com\\\/home\\\/product\\\/remington-lisseur-silk-straightener-s9600\\\/#breadcrumb\"},\"inLanguage\":\"fr-FR\",\"potentialAction\":[{\"@type\":\"ReadAction\",\"target\":[\"https:\\\/\\\/baya-shop.com\\\/home\\\/product\\\/remington-lisseur-silk-straightener-s9600\\\/\"]}]},{\"@type\":\"ImageObject\",\"inLanguage\":\"fr-FR\",\"@id\":\"https:\\\/\\\/baya-shop.com\\\/home\\\/product\\\/remington-lisseur-silk-straightener-s9600\\\/#primaryimage\",\"url\":\"https:\\\/\\\/i0.wp.com\\\/baya-shop.com\\\/wp-content\\\/uploads\\\/2022\\\/09\\\/Fer-a-Lisser-Remington-S9600_51ff80a8-312e-47e8-a5be-03638b60d0a7.webp?fit=800%2C800&ssl=1\",\"contentUrl\":\"https:\\\/\\\/i0.wp.com\\\/baya-shop.com\\\/wp-content\\\/uploads\\\/2022\\\/09\\\/Fer-a-Lisser-Remington-S9600_51ff80a8-312e-47e8-a5be-03638b60d0a7.webp?fit=800%2C800&ssl=1\",\"width\":800,\"height\":800},{\"@type\":\"BreadcrumbList\",\"@id\":\"https:\\\/\\\/baya-shop.com\\\/home\\\/product\\\/remington-lisseur-silk-straightener-s9600\\\/#breadcrumb\",\"itemListElement\":[{\"@type\":\"ListItem\",\"position\":1,\"name\":\"Accueil\",\"item\":\"https:\\\/\\\/baya-shop.com\\\/home\\\/\"},{\"@type\":\"ListItem\",\"position\":2,\"name\":\"Shop\",\"item\":\"https:\\\/\\\/baya-shop.com\\\/home\\\/shop\\\/\"},{\"@type\":\"ListItem\",\"position\":3,\"name\":\"REMINGTON Lisseur Silk Straightener S9600\"}]},{\"@type\":\"WebSite\",\"@id\":\"https:\\\/\\\/baya-shop.com\\\/home\\\/#website\",\"url\":\"https:\\\/\\\/baya-shop.com\\\/home\\\/\",\"name\":\"Baya Shop\",\"description\":\"\",\"publisher\":{\"@id\":\"https:\\\/\\\/baya-shop.com\\\/home\\\/#organization\"},\"potentialAction\":[{\"@type\":\"SearchAction\",\"target\":{\"@type\":\"EntryPoint\",\"urlTemplate\":\"https:\\\/\\\/baya-shop.com\\\/home\\\/?s={search_term_string}\"},\"query-input\":{\"@type\":\"PropertyValueSpecification\",\"valueRequired\":true,\"valueName\":\"search_term_string\"}}],\"inLanguage\":\"fr-FR\"},{\"@type\":\"Organization\",\"@id\":\"https:\\\/\\\/baya-shop.com\\\/home\\\/#organization\",\"name\":\"Baya Shop\",\"url\":\"https:\\\/\\\/baya-shop.com\\\/home\\\/\",\"logo\":{\"@type\":\"ImageObject\",\"inLanguage\":\"fr-FR\",\"@id\":\"https:\\\/\\\/baya-shop.com\\\/home\\\/#\\\/schema\\\/logo\\\/image\\\/\",\"url\":\"https:\\\/\\\/baya-shop.com\\\/wp-content\\\/uploads\\\/2020\\\/11\\\/g.png\",\"contentUrl\":\"https:\\\/\\\/baya-shop.com\\\/wp-content\\\/uploads\\\/2020\\\/11\\\/g.png\",\"width\":64,\"height\":64,\"caption\":\"Baya Shop\"},\"image\":{\"@id\":\"https:\\\/\\\/baya-shop.com\\\/home\\\/#\\\/schema\\\/logo\\\/image\\\/\"},\"sameAs\":[\"https:\\\/\\\/www.facebook.com\\\/Baya-Shop-103955257949742\",\"https:\\\/\\\/www.instagram.com\\\/baya_shop_dz\\\/\"]}]}<\/script>\n<!-- \/ Yoast SEO plugin. -->","yoast_head_json":{"title":"REMINGTON Lisseur Silk Straightener S9600 - Baya Shop","description":"Plaques souples XL 110 rev\u00eatement Advanced Silk Ceramic - 50% de douceur en plus pour des cheveux doux et soyeux  Temp\u00e9rature modulable : 150-240\u00b0C avec fonction turbo et syst\u00e8me infrarouge pour une chaleur toujours optimale  Mise \u00e0 temp\u00e9rature ultra rapide en 10secs - Ecran digital : indique la temp\u00e9rature id\u00e9ale pour votre type de cheveux ; contr\u00f4le pr\u00e9cis de la temp\u00e9rature  Fonction m\u00e9moire : m\u00e9morise le dernier niveau de temp\u00e9rature utilis\u00e9  Verrouillage de la temp\u00e9rature. Verrouillage des plaques ; arr\u00eat automatique apr\u00e8s 60min ; pochette luxe thermo-r\u00e9sistante incluse  Garantie 12 mois.","robots":{"index":"index","follow":"follow","max-snippet":"max-snippet:-1","max-image-preview":"max-image-preview:large","max-video-preview":"max-video-preview:-1"},"canonical":"https:\/\/baya-shop.com\/home\/product\/remington-lisseur-silk-straightener-s9600\/","og_locale":"fr_FR","og_type":"article","og_title":"REMINGTON Lisseur Silk Straightener S9600 - Baya Shop","og_description":"Plaques souples XL 110 rev\u00eatement Advanced Silk Ceramic - 50% de douceur en plus pour des cheveux doux et soyeux  Temp\u00e9rature modulable : 150-240\u00b0C avec fonction turbo et syst\u00e8me infrarouge pour une chaleur toujours optimale  Mise \u00e0 temp\u00e9rature ultra rapide en 10secs - Ecran digital : indique la temp\u00e9rature id\u00e9ale pour votre type de cheveux ; contr\u00f4le pr\u00e9cis de la temp\u00e9rature  Fonction m\u00e9moire : m\u00e9morise le dernier niveau de temp\u00e9rature utilis\u00e9  Verrouillage de la temp\u00e9rature. Verrouillage des plaques ; arr\u00eat automatique apr\u00e8s 60min ; pochette luxe thermo-r\u00e9sistante incluse  Garantie 12 mois.","og_url":"https:\/\/baya-shop.com\/home\/product\/remington-lisseur-silk-straightener-s9600\/","og_site_name":"Baya Shop","article_publisher":"https:\/\/www.facebook.com\/Baya-Shop-103955257949742","article_modified_time":"2025-12-20T14:27:46+00:00","og_image":[{"width":800,"height":800,"url":"https:\/\/baya-shop.com\/wp-content\/uploads\/2022\/09\/Fer-a-Lisser-Remington-S9600_51ff80a8-312e-47e8-a5be-03638b60d0a7.webp","type":"image\/webp"}],"twitter_card":"summary_large_image","twitter_misc":{"Dur\u00e9e de lecture estim\u00e9e":"1 minute"},"schema":{"@context":"https:\/\/schema.org","@graph":[{"@type":"WebPage","@id":"https:\/\/baya-shop.com\/home\/product\/remington-lisseur-silk-straightener-s9600\/","url":"https:\/\/baya-shop.com\/home\/product\/remington-lisseur-silk-straightener-s9600\/","name":"REMINGTON Lisseur Silk Straightener S9600 - Baya Shop","isPartOf":{"@id":"https:\/\/baya-shop.com\/home\/#website"},"primaryImageOfPage":{"@id":"https:\/\/baya-shop.com\/home\/product\/remington-lisseur-silk-straightener-s9600\/#primaryimage"},"image":{"@id":"https:\/\/baya-shop.com\/home\/product\/remington-lisseur-silk-straightener-s9600\/#primaryimage"},"thumbnailUrl":"https:\/\/i0.wp.com\/baya-shop.com\/wp-content\/uploads\/2022\/09\/Fer-a-Lisser-Remington-S9600_51ff80a8-312e-47e8-a5be-03638b60d0a7.webp?fit=800%2C800&ssl=1","datePublished":"2022-09-27T12:40:00+00:00","dateModified":"2025-12-20T14:27:46+00:00","description":"Plaques souples XL 110 rev\u00eatement Advanced Silk Ceramic - 50% de douceur en plus pour des cheveux doux et soyeux Temp\u00e9rature modulable : 150-240\u00b0C avec fonction turbo et syst\u00e8me infrarouge pour une chaleur toujours optimale Mise \u00e0 temp\u00e9rature ultra rapide en 10secs - Ecran digital : indique la temp\u00e9rature id\u00e9ale pour votre type de cheveux ; contr\u00f4le pr\u00e9cis de la temp\u00e9rature Fonction m\u00e9moire : m\u00e9morise le dernier niveau de temp\u00e9rature utilis\u00e9 Verrouillage de la temp\u00e9rature. Verrouillage des plaques ; arr\u00eat automatique apr\u00e8s 60min ; pochette luxe thermo-r\u00e9sistante incluse Garantie 12 mois.","breadcrumb":{"@id":"https:\/\/baya-shop.com\/home\/product\/remington-lisseur-silk-straightener-s9600\/#breadcrumb"},"inLanguage":"fr-FR","potentialAction":[{"@type":"ReadAction","target":["https:\/\/baya-shop.com\/home\/product\/remington-lisseur-silk-straightener-s9600\/"]}]},{"@type":"ImageObject","inLanguage":"fr-FR","@id":"https:\/\/baya-shop.com\/home\/product\/remington-lisseur-silk-straightener-s9600\/#primaryimage","url":"https:\/\/i0.wp.com\/baya-shop.com\/wp-content\/uploads\/2022\/09\/Fer-a-Lisser-Remington-S9600_51ff80a8-312e-47e8-a5be-03638b60d0a7.webp?fit=800%2C800&ssl=1","contentUrl":"https:\/\/i0.wp.com\/baya-shop.com\/wp-content\/uploads\/2022\/09\/Fer-a-Lisser-Remington-S9600_51ff80a8-312e-47e8-a5be-03638b60d0a7.webp?fit=800%2C800&ssl=1","width":800,"height":800},{"@type":"BreadcrumbList","@id":"https:\/\/baya-shop.com\/home\/product\/remington-lisseur-silk-straightener-s9600\/#breadcrumb","itemListElement":[{"@type":"ListItem","position":1,"name":"Accueil","item":"https:\/\/baya-shop.com\/home\/"},{"@type":"ListItem","position":2,"name":"Shop","item":"https:\/\/baya-shop.com\/home\/shop\/"},{"@type":"ListItem","position":3,"name":"REMINGTON Lisseur Silk Straightener S9600"}]},{"@type":"WebSite","@id":"https:\/\/baya-shop.com\/home\/#website","url":"https:\/\/baya-shop.com\/home\/","name":"Baya Shop","description":"","publisher":{"@id":"https:\/\/baya-shop.com\/home\/#organization"},"potentialAction":[{"@type":"SearchAction","target":{"@type":"EntryPoint","urlTemplate":"https:\/\/baya-shop.com\/home\/?s={search_term_string}"},"query-input":{"@type":"PropertyValueSpecification","valueRequired":true,"valueName":"search_term_string"}}],"inLanguage":"fr-FR"},{"@type":"Organization","@id":"https:\/\/baya-shop.com\/home\/#organization","name":"Baya Shop","url":"https:\/\/baya-shop.com\/home\/","logo":{"@type":"ImageObject","inLanguage":"fr-FR","@id":"https:\/\/baya-shop.com\/home\/#\/schema\/logo\/image\/","url":"https:\/\/baya-shop.com\/wp-content\/uploads\/2020\/11\/g.png","contentUrl":"https:\/\/baya-shop.com\/wp-content\/uploads\/2020\/11\/g.png","width":64,"height":64,"caption":"Baya Shop"},"image":{"@id":"https:\/\/baya-shop.com\/home\/#\/schema\/logo\/image\/"},"sameAs":["https:\/\/www.facebook.com\/Baya-Shop-103955257949742","https:\/\/www.instagram.com\/baya_shop_dz\/"]}]}},"jetpack_publicize_connections":[],"jetpack_sharing_enabled":true,"jetpack_likes_enabled":true,"jetpack-related-posts":[],"_links":{"self":[{"href":"https:\/\/baya-shop.com\/home\/wp-json\/wp\/v2\/product\/1122","targetHints":{"allow":["GET"]}}],"collection":[{"href":"https:\/\/baya-shop.com\/home\/wp-json\/wp\/v2\/product"}],"about":[{"href":"https:\/\/baya-shop.com\/home\/wp-json\/wp\/v2\/types\/product"}],"replies":[{"embeddable":true,"href":"https:\/\/baya-shop.com\/home\/wp-json\/wp\/v2\/comments?post=1122"}],"wp:featuredmedia":[{"embeddable":true,"href":"https:\/\/baya-shop.com\/home\/wp-json\/wp\/v2\/media\/3279"}],"wp:attachment":[{"href":"https:\/\/baya-shop.com\/home\/wp-json\/wp\/v2\/media?parent=1122"}],"wp:term":[{"taxonomy":"product_brand","embeddable":true,"href":"https:\/\/baya-shop.com\/home\/wp-json\/wp\/v2\/product_brand?post=1122"},{"taxonomy":"product_cat","embeddable":true,"href":"https:\/\/baya-shop.com\/home\/wp-json\/wp\/v2\/product_cat?post=1122"},{"taxonomy":"product_tag","embeddable":true,"href":"https:\/\/baya-shop.com\/home\/wp-json\/wp\/v2\/product_tag?post=1122"}],"curies":[{"name":"wp","href":"https:\/\/api.w.org\/{rel}","templated":true}]}}