{"id":1094,"date":"2022-09-26T18:01:16","date_gmt":"2022-09-26T17:01:16","guid":{"rendered":"https:\/\/baya-shop.com\/home\/?post_type=product&#038;p=1094"},"modified":"2026-01-07T11:01:19","modified_gmt":"2026-01-07T10:01:19","slug":"gama-brosse-innova-duo-gb0103","status":"publish","type":"product","link":"https:\/\/baya-shop.com\/home\/product\/gama-brosse-innova-duo-gb0103\/","title":{"rendered":"GAMA Brosse Innova Duo GB0103"},"content":{"rendered":"","protected":false},"excerpt":{"rendered":"<p>Avec INNOVA DUO, vous pouvez<br \/>\nlisser et peigner les cheveux simplement et rapidement. Sa temp\u00e9rature peut \u00eatre r\u00e9gl\u00e9e entre 150\u00b0C et 230\u00b0C et elle reste toujours sous contr\u00f4le gr\u00e2ce \u00e0 l\u2019\u00e9cran LCD. La technologie lon Plus neutralise l\u2019effet frisottis et rend les cheveux soyeux et brillants. La technologie c\u00e9ramique traite les cheveux avec une d\u00e9licatesse extraordinaire, tandis que la technologie Nano Silver \u00e9limine les bact\u00e9ries se trouvant sur la chevelure, ce qui la maintient propre et saine.<br \/>\nINNOVA DUO est pourvu d\u2019un syst\u00e8me d\u2019extinction automatique qui s\u2019active 60 minutes apr\u00e8s l\u2019allumage, pour une s\u00e9curit\u00e9 accrue.<\/p>\n","protected":false},"featured_media":3527,"comment_status":"open","ping_status":"closed","template":"","meta":{"jetpack_post_was_ever_published":false,"jetpack_publicize_message":"","jetpack_publicize_feature_enabled":true,"jetpack_social_post_already_shared":false,"jetpack_social_options":{"image_generator_settings":{"template":"highway","default_image_id":0,"font":"","enabled":false},"version":2}},"product_brand":[],"product_cat":[21,48],"product_tag":[],"class_list":{"0":"post-1094","1":"product","2":"type-product","3":"status-publish","4":"has-post-thumbnail","6":"product_cat-brosse-cheveux","7":"product_cat-gama","9":"first","10":"outofstock","11":"sale","12":"shipping-taxable","13":"purchasable","14":"product-type-simple"},"yoast_head":"<!-- This site is optimized with the Yoast SEO plugin v27.5 - https:\/\/yoast.com\/product\/yoast-seo-wordpress\/ -->\n<title>GAMA Brosse Innova Duo GB0103 - Baya Shop<\/title>\n<meta name=\"description\" content=\"Avec INNOVA DUO, vous pouvez lisser et peigner les cheveux simplement et rapidement. Sa temp\u00e9rature peut \u00eatre r\u00e9gl\u00e9e entre 150\u00b0C et 230\u00b0C et elle reste toujours sous contr\u00f4le gr\u00e2ce \u00e0 l\u2019\u00e9cran LCD. La technologie lon Plus neutralise l\u2019effet frisottis et rend les cheveux soyeux et brillants. La technologie c\u00e9ramique traite les cheveux avec une d\u00e9licatesse extraordinaire, tandis que la technologie Nano Silver \u00e9limine les bact\u00e9ries se trouvant sur la chevelure, ce qui la maintient propre et saine. INNOVA DUO est pourvu d\u2019un syst\u00e8me d\u2019extinction automatique qui s\u2019active 60 minutes apr\u00e8s l\u2019allumage, pour une s\u00e9curit\u00e9 accrue.\" \/>\n<meta name=\"robots\" content=\"index, follow, max-snippet:-1, max-image-preview:large, max-video-preview:-1\" \/>\n<link rel=\"canonical\" href=\"https:\/\/baya-shop.com\/home\/product\/gama-brosse-innova-duo-gb0103\/\" \/>\n<meta property=\"og:locale\" content=\"fr_FR\" \/>\n<meta property=\"og:type\" content=\"article\" \/>\n<meta property=\"og:title\" content=\"GAMA Brosse Innova Duo GB0103 - Baya Shop\" \/>\n<meta property=\"og:description\" content=\"Avec INNOVA DUO, vous pouvez lisser et peigner les cheveux simplement et rapidement. Sa temp\u00e9rature peut \u00eatre r\u00e9gl\u00e9e entre 150\u00b0C et 230\u00b0C et elle reste toujours sous contr\u00f4le gr\u00e2ce \u00e0 l\u2019\u00e9cran LCD. La technologie lon Plus neutralise l\u2019effet frisottis et rend les cheveux soyeux et brillants. La technologie c\u00e9ramique traite les cheveux avec une d\u00e9licatesse extraordinaire, tandis que la technologie Nano Silver \u00e9limine les bact\u00e9ries se trouvant sur la chevelure, ce qui la maintient propre et saine. INNOVA DUO est pourvu d\u2019un syst\u00e8me d\u2019extinction automatique qui s\u2019active 60 minutes apr\u00e8s l\u2019allumage, pour une s\u00e9curit\u00e9 accrue.\" \/>\n<meta property=\"og:url\" content=\"https:\/\/baya-shop.com\/home\/product\/gama-brosse-innova-duo-gb0103\/\" \/>\n<meta property=\"og:site_name\" content=\"Baya Shop\" \/>\n<meta property=\"article:publisher\" content=\"https:\/\/www.facebook.com\/Baya-Shop-103955257949742\" \/>\n<meta property=\"article:modified_time\" content=\"2026-01-07T10:01:19+00:00\" \/>\n<meta property=\"og:image\" content=\"https:\/\/baya-shop.com\/wp-content\/uploads\/2022\/09\/37243_1.jpg\" \/>\n\t<meta property=\"og:image:width\" content=\"800\" \/>\n\t<meta property=\"og:image:height\" content=\"800\" \/>\n\t<meta property=\"og:image:type\" content=\"image\/jpeg\" \/>\n<meta name=\"twitter:card\" content=\"summary_large_image\" \/>\n<meta name=\"twitter:label1\" content=\"Dur\u00e9e de lecture estim\u00e9e\" \/>\n\t<meta name=\"twitter:data1\" content=\"1 minute\" \/>\n<script type=\"application\/ld+json\" class=\"yoast-schema-graph\">{\"@context\":\"https:\\\/\\\/schema.org\",\"@graph\":[{\"@type\":\"WebPage\",\"@id\":\"https:\\\/\\\/baya-shop.com\\\/home\\\/product\\\/gama-brosse-innova-duo-gb0103\\\/\",\"url\":\"https:\\\/\\\/baya-shop.com\\\/home\\\/product\\\/gama-brosse-innova-duo-gb0103\\\/\",\"name\":\"GAMA Brosse Innova Duo GB0103 - Baya Shop\",\"isPartOf\":{\"@id\":\"https:\\\/\\\/baya-shop.com\\\/home\\\/#website\"},\"primaryImageOfPage\":{\"@id\":\"https:\\\/\\\/baya-shop.com\\\/home\\\/product\\\/gama-brosse-innova-duo-gb0103\\\/#primaryimage\"},\"image\":{\"@id\":\"https:\\\/\\\/baya-shop.com\\\/home\\\/product\\\/gama-brosse-innova-duo-gb0103\\\/#primaryimage\"},\"thumbnailUrl\":\"https:\\\/\\\/i0.wp.com\\\/baya-shop.com\\\/wp-content\\\/uploads\\\/2022\\\/09\\\/37243_1.jpg?fit=800%2C800&ssl=1\",\"datePublished\":\"2022-09-26T17:01:16+00:00\",\"dateModified\":\"2026-01-07T10:01:19+00:00\",\"description\":\"Avec INNOVA DUO, vous pouvez lisser et peigner les cheveux simplement et rapidement. Sa temp\u00e9rature peut \u00eatre r\u00e9gl\u00e9e entre 150\u00b0C et 230\u00b0C et elle reste toujours sous contr\u00f4le gr\u00e2ce \u00e0 l\u2019\u00e9cran LCD. La technologie lon Plus neutralise l\u2019effet frisottis et rend les cheveux soyeux et brillants. La technologie c\u00e9ramique traite les cheveux avec une d\u00e9licatesse extraordinaire, tandis que la technologie Nano Silver \u00e9limine les bact\u00e9ries se trouvant sur la chevelure, ce qui la maintient propre et saine. INNOVA DUO est pourvu d\u2019un syst\u00e8me d\u2019extinction automatique qui s\u2019active 60 minutes apr\u00e8s l\u2019allumage, pour une s\u00e9curit\u00e9 accrue.\",\"breadcrumb\":{\"@id\":\"https:\\\/\\\/baya-shop.com\\\/home\\\/product\\\/gama-brosse-innova-duo-gb0103\\\/#breadcrumb\"},\"inLanguage\":\"fr-FR\",\"potentialAction\":[{\"@type\":\"ReadAction\",\"target\":[\"https:\\\/\\\/baya-shop.com\\\/home\\\/product\\\/gama-brosse-innova-duo-gb0103\\\/\"]}]},{\"@type\":\"ImageObject\",\"inLanguage\":\"fr-FR\",\"@id\":\"https:\\\/\\\/baya-shop.com\\\/home\\\/product\\\/gama-brosse-innova-duo-gb0103\\\/#primaryimage\",\"url\":\"https:\\\/\\\/i0.wp.com\\\/baya-shop.com\\\/wp-content\\\/uploads\\\/2022\\\/09\\\/37243_1.jpg?fit=800%2C800&ssl=1\",\"contentUrl\":\"https:\\\/\\\/i0.wp.com\\\/baya-shop.com\\\/wp-content\\\/uploads\\\/2022\\\/09\\\/37243_1.jpg?fit=800%2C800&ssl=1\",\"width\":800,\"height\":800},{\"@type\":\"BreadcrumbList\",\"@id\":\"https:\\\/\\\/baya-shop.com\\\/home\\\/product\\\/gama-brosse-innova-duo-gb0103\\\/#breadcrumb\",\"itemListElement\":[{\"@type\":\"ListItem\",\"position\":1,\"name\":\"Accueil\",\"item\":\"https:\\\/\\\/baya-shop.com\\\/home\\\/\"},{\"@type\":\"ListItem\",\"position\":2,\"name\":\"Shop\",\"item\":\"https:\\\/\\\/baya-shop.com\\\/home\\\/shop\\\/\"},{\"@type\":\"ListItem\",\"position\":3,\"name\":\"GAMA Brosse Innova Duo GB0103\"}]},{\"@type\":\"WebSite\",\"@id\":\"https:\\\/\\\/baya-shop.com\\\/home\\\/#website\",\"url\":\"https:\\\/\\\/baya-shop.com\\\/home\\\/\",\"name\":\"Baya Shop\",\"description\":\"\",\"publisher\":{\"@id\":\"https:\\\/\\\/baya-shop.com\\\/home\\\/#organization\"},\"potentialAction\":[{\"@type\":\"SearchAction\",\"target\":{\"@type\":\"EntryPoint\",\"urlTemplate\":\"https:\\\/\\\/baya-shop.com\\\/home\\\/?s={search_term_string}\"},\"query-input\":{\"@type\":\"PropertyValueSpecification\",\"valueRequired\":true,\"valueName\":\"search_term_string\"}}],\"inLanguage\":\"fr-FR\"},{\"@type\":\"Organization\",\"@id\":\"https:\\\/\\\/baya-shop.com\\\/home\\\/#organization\",\"name\":\"Baya Shop\",\"url\":\"https:\\\/\\\/baya-shop.com\\\/home\\\/\",\"logo\":{\"@type\":\"ImageObject\",\"inLanguage\":\"fr-FR\",\"@id\":\"https:\\\/\\\/baya-shop.com\\\/home\\\/#\\\/schema\\\/logo\\\/image\\\/\",\"url\":\"https:\\\/\\\/baya-shop.com\\\/wp-content\\\/uploads\\\/2020\\\/11\\\/g.png\",\"contentUrl\":\"https:\\\/\\\/baya-shop.com\\\/wp-content\\\/uploads\\\/2020\\\/11\\\/g.png\",\"width\":64,\"height\":64,\"caption\":\"Baya Shop\"},\"image\":{\"@id\":\"https:\\\/\\\/baya-shop.com\\\/home\\\/#\\\/schema\\\/logo\\\/image\\\/\"},\"sameAs\":[\"https:\\\/\\\/www.facebook.com\\\/Baya-Shop-103955257949742\",\"https:\\\/\\\/www.instagram.com\\\/baya_shop_dz\\\/\"]}]}<\/script>\n<!-- \/ Yoast SEO plugin. -->","yoast_head_json":{"title":"GAMA Brosse Innova Duo GB0103 - Baya Shop","description":"Avec INNOVA DUO, vous pouvez lisser et peigner les cheveux simplement et rapidement. Sa temp\u00e9rature peut \u00eatre r\u00e9gl\u00e9e entre 150\u00b0C et 230\u00b0C et elle reste toujours sous contr\u00f4le gr\u00e2ce \u00e0 l\u2019\u00e9cran LCD. La technologie lon Plus neutralise l\u2019effet frisottis et rend les cheveux soyeux et brillants. La technologie c\u00e9ramique traite les cheveux avec une d\u00e9licatesse extraordinaire, tandis que la technologie Nano Silver \u00e9limine les bact\u00e9ries se trouvant sur la chevelure, ce qui la maintient propre et saine. INNOVA DUO est pourvu d\u2019un syst\u00e8me d\u2019extinction automatique qui s\u2019active 60 minutes apr\u00e8s l\u2019allumage, pour une s\u00e9curit\u00e9 accrue.","robots":{"index":"index","follow":"follow","max-snippet":"max-snippet:-1","max-image-preview":"max-image-preview:large","max-video-preview":"max-video-preview:-1"},"canonical":"https:\/\/baya-shop.com\/home\/product\/gama-brosse-innova-duo-gb0103\/","og_locale":"fr_FR","og_type":"article","og_title":"GAMA Brosse Innova Duo GB0103 - Baya Shop","og_description":"Avec INNOVA DUO, vous pouvez lisser et peigner les cheveux simplement et rapidement. Sa temp\u00e9rature peut \u00eatre r\u00e9gl\u00e9e entre 150\u00b0C et 230\u00b0C et elle reste toujours sous contr\u00f4le gr\u00e2ce \u00e0 l\u2019\u00e9cran LCD. La technologie lon Plus neutralise l\u2019effet frisottis et rend les cheveux soyeux et brillants. La technologie c\u00e9ramique traite les cheveux avec une d\u00e9licatesse extraordinaire, tandis que la technologie Nano Silver \u00e9limine les bact\u00e9ries se trouvant sur la chevelure, ce qui la maintient propre et saine. INNOVA DUO est pourvu d\u2019un syst\u00e8me d\u2019extinction automatique qui s\u2019active 60 minutes apr\u00e8s l\u2019allumage, pour une s\u00e9curit\u00e9 accrue.","og_url":"https:\/\/baya-shop.com\/home\/product\/gama-brosse-innova-duo-gb0103\/","og_site_name":"Baya Shop","article_publisher":"https:\/\/www.facebook.com\/Baya-Shop-103955257949742","article_modified_time":"2026-01-07T10:01:19+00:00","og_image":[{"width":800,"height":800,"url":"https:\/\/baya-shop.com\/wp-content\/uploads\/2022\/09\/37243_1.jpg","type":"image\/jpeg"}],"twitter_card":"summary_large_image","twitter_misc":{"Dur\u00e9e de lecture estim\u00e9e":"1 minute"},"schema":{"@context":"https:\/\/schema.org","@graph":[{"@type":"WebPage","@id":"https:\/\/baya-shop.com\/home\/product\/gama-brosse-innova-duo-gb0103\/","url":"https:\/\/baya-shop.com\/home\/product\/gama-brosse-innova-duo-gb0103\/","name":"GAMA Brosse Innova Duo GB0103 - Baya Shop","isPartOf":{"@id":"https:\/\/baya-shop.com\/home\/#website"},"primaryImageOfPage":{"@id":"https:\/\/baya-shop.com\/home\/product\/gama-brosse-innova-duo-gb0103\/#primaryimage"},"image":{"@id":"https:\/\/baya-shop.com\/home\/product\/gama-brosse-innova-duo-gb0103\/#primaryimage"},"thumbnailUrl":"https:\/\/i0.wp.com\/baya-shop.com\/wp-content\/uploads\/2022\/09\/37243_1.jpg?fit=800%2C800&ssl=1","datePublished":"2022-09-26T17:01:16+00:00","dateModified":"2026-01-07T10:01:19+00:00","description":"Avec INNOVA DUO, vous pouvez lisser et peigner les cheveux simplement et rapidement. Sa temp\u00e9rature peut \u00eatre r\u00e9gl\u00e9e entre 150\u00b0C et 230\u00b0C et elle reste toujours sous contr\u00f4le gr\u00e2ce \u00e0 l\u2019\u00e9cran LCD. La technologie lon Plus neutralise l\u2019effet frisottis et rend les cheveux soyeux et brillants. La technologie c\u00e9ramique traite les cheveux avec une d\u00e9licatesse extraordinaire, tandis que la technologie Nano Silver \u00e9limine les bact\u00e9ries se trouvant sur la chevelure, ce qui la maintient propre et saine. INNOVA DUO est pourvu d\u2019un syst\u00e8me d\u2019extinction automatique qui s\u2019active 60 minutes apr\u00e8s l\u2019allumage, pour une s\u00e9curit\u00e9 accrue.","breadcrumb":{"@id":"https:\/\/baya-shop.com\/home\/product\/gama-brosse-innova-duo-gb0103\/#breadcrumb"},"inLanguage":"fr-FR","potentialAction":[{"@type":"ReadAction","target":["https:\/\/baya-shop.com\/home\/product\/gama-brosse-innova-duo-gb0103\/"]}]},{"@type":"ImageObject","inLanguage":"fr-FR","@id":"https:\/\/baya-shop.com\/home\/product\/gama-brosse-innova-duo-gb0103\/#primaryimage","url":"https:\/\/i0.wp.com\/baya-shop.com\/wp-content\/uploads\/2022\/09\/37243_1.jpg?fit=800%2C800&ssl=1","contentUrl":"https:\/\/i0.wp.com\/baya-shop.com\/wp-content\/uploads\/2022\/09\/37243_1.jpg?fit=800%2C800&ssl=1","width":800,"height":800},{"@type":"BreadcrumbList","@id":"https:\/\/baya-shop.com\/home\/product\/gama-brosse-innova-duo-gb0103\/#breadcrumb","itemListElement":[{"@type":"ListItem","position":1,"name":"Accueil","item":"https:\/\/baya-shop.com\/home\/"},{"@type":"ListItem","position":2,"name":"Shop","item":"https:\/\/baya-shop.com\/home\/shop\/"},{"@type":"ListItem","position":3,"name":"GAMA Brosse Innova Duo GB0103"}]},{"@type":"WebSite","@id":"https:\/\/baya-shop.com\/home\/#website","url":"https:\/\/baya-shop.com\/home\/","name":"Baya Shop","description":"","publisher":{"@id":"https:\/\/baya-shop.com\/home\/#organization"},"potentialAction":[{"@type":"SearchAction","target":{"@type":"EntryPoint","urlTemplate":"https:\/\/baya-shop.com\/home\/?s={search_term_string}"},"query-input":{"@type":"PropertyValueSpecification","valueRequired":true,"valueName":"search_term_string"}}],"inLanguage":"fr-FR"},{"@type":"Organization","@id":"https:\/\/baya-shop.com\/home\/#organization","name":"Baya Shop","url":"https:\/\/baya-shop.com\/home\/","logo":{"@type":"ImageObject","inLanguage":"fr-FR","@id":"https:\/\/baya-shop.com\/home\/#\/schema\/logo\/image\/","url":"https:\/\/baya-shop.com\/wp-content\/uploads\/2020\/11\/g.png","contentUrl":"https:\/\/baya-shop.com\/wp-content\/uploads\/2020\/11\/g.png","width":64,"height":64,"caption":"Baya Shop"},"image":{"@id":"https:\/\/baya-shop.com\/home\/#\/schema\/logo\/image\/"},"sameAs":["https:\/\/www.facebook.com\/Baya-Shop-103955257949742","https:\/\/www.instagram.com\/baya_shop_dz\/"]}]}},"jetpack_publicize_connections":[],"jetpack_sharing_enabled":true,"jetpack_likes_enabled":true,"jetpack-related-posts":[],"_links":{"self":[{"href":"https:\/\/baya-shop.com\/home\/wp-json\/wp\/v2\/product\/1094","targetHints":{"allow":["GET"]}}],"collection":[{"href":"https:\/\/baya-shop.com\/home\/wp-json\/wp\/v2\/product"}],"about":[{"href":"https:\/\/baya-shop.com\/home\/wp-json\/wp\/v2\/types\/product"}],"replies":[{"embeddable":true,"href":"https:\/\/baya-shop.com\/home\/wp-json\/wp\/v2\/comments?post=1094"}],"wp:featuredmedia":[{"embeddable":true,"href":"https:\/\/baya-shop.com\/home\/wp-json\/wp\/v2\/media\/3527"}],"wp:attachment":[{"href":"https:\/\/baya-shop.com\/home\/wp-json\/wp\/v2\/media?parent=1094"}],"wp:term":[{"taxonomy":"product_brand","embeddable":true,"href":"https:\/\/baya-shop.com\/home\/wp-json\/wp\/v2\/product_brand?post=1094"},{"taxonomy":"product_cat","embeddable":true,"href":"https:\/\/baya-shop.com\/home\/wp-json\/wp\/v2\/product_cat?post=1094"},{"taxonomy":"product_tag","embeddable":true,"href":"https:\/\/baya-shop.com\/home\/wp-json\/wp\/v2\/product_tag?post=1094"}],"curies":[{"name":"wp","href":"https:\/\/api.w.org\/{rel}","templated":true}]}}