{"id":1090,"date":"2022-09-26T15:41:09","date_gmt":"2022-09-26T14:41:09","guid":{"rendered":"https:\/\/baya-shop.com\/home\/?post_type=product&#038;p=1090"},"modified":"2024-02-09T16:40:34","modified_gmt":"2024-02-09T15:40:34","slug":"gama-tondeuse-professionnel-pro-9","status":"publish","type":"product","link":"https:\/\/baya-shop.com\/home\/product\/gama-tondeuse-professionnel-pro-9\/","title":{"rendered":"GAMA Tondeuse PRO 9 Expert SM1302"},"content":{"rendered":"","protected":false},"excerpt":{"rendered":"<p>\u2022 Moteur hautes performances 10 watt<br \/>\n\u2022 Levier r\u00e9glable de 0,33 \u00e0<br \/>\n3,33 mm<br \/>\n\u2022 Lame en acier inox ultra affil\u00e9e<br \/>\n\u2022 R\u00e9glages de coupe de 3 mm \u00e0 12 mm avec 4 peignes conducteurs fournis de s\u00e9rie<br \/>\n\u2022 Kit pour l\u2019utilisation :<br \/>\nprot\u00e8ge-lame-huile lubrifiante-brosse de nettoyage<\/p>\n<p>Garantie 12 mois<\/p>\n","protected":false},"featured_media":3525,"comment_status":"open","ping_status":"closed","template":"","meta":{"jetpack_post_was_ever_published":false,"jetpack_publicize_message":"","jetpack_publicize_feature_enabled":true,"jetpack_social_post_already_shared":false,"jetpack_social_options":{"image_generator_settings":{"template":"highway","default_image_id":0,"font":"","enabled":false},"version":2}},"product_brand":[],"product_cat":[48,52],"product_tag":[],"class_list":{"0":"post-1090","1":"product","2":"type-product","3":"status-publish","4":"has-post-thumbnail","6":"product_cat-gama","7":"product_cat-tondeuse","9":"first","10":"instock","11":"shipping-taxable","12":"purchasable","13":"product-type-simple"},"yoast_head":"<!-- This site is optimized with the Yoast SEO plugin v27.3 - https:\/\/yoast.com\/product\/yoast-seo-wordpress\/ -->\n<title>GAMA Tondeuse PRO 9 Expert SM1302 - Baya Shop<\/title>\n<meta name=\"description\" content=\"\u2022 Moteur hautes performances 10 watt \u2022 Levier r\u00e9glable de 0,33 \u00e0 3,33 mm \u2022 Lame en acier inox ultra affil\u00e9e \u2022 R\u00e9glages de coupe de 3 mm \u00e0 12 mm avec 4 peignes conducteurs fournis de s\u00e9rie \u2022 Kit pour l\u2019utilisation : prot\u00e8ge-lame-huile lubrifiante-brosse de nettoyage  Garantie 12 mois\" \/>\n<meta name=\"robots\" content=\"index, follow, max-snippet:-1, max-image-preview:large, max-video-preview:-1\" \/>\n<link rel=\"canonical\" href=\"https:\/\/baya-shop.com\/home\/product\/gama-tondeuse-professionnel-pro-9\/\" \/>\n<meta property=\"og:locale\" content=\"fr_FR\" \/>\n<meta property=\"og:type\" content=\"article\" \/>\n<meta property=\"og:title\" content=\"GAMA Tondeuse PRO 9 Expert SM1302 - Baya Shop\" \/>\n<meta property=\"og:description\" content=\"\u2022 Moteur hautes performances 10 watt \u2022 Levier r\u00e9glable de 0,33 \u00e0 3,33 mm \u2022 Lame en acier inox ultra affil\u00e9e \u2022 R\u00e9glages de coupe de 3 mm \u00e0 12 mm avec 4 peignes conducteurs fournis de s\u00e9rie \u2022 Kit pour l\u2019utilisation : prot\u00e8ge-lame-huile lubrifiante-brosse de nettoyage  Garantie 12 mois\" \/>\n<meta property=\"og:url\" content=\"https:\/\/baya-shop.com\/home\/product\/gama-tondeuse-professionnel-pro-9\/\" \/>\n<meta property=\"og:site_name\" content=\"Baya Shop\" \/>\n<meta property=\"article:publisher\" content=\"https:\/\/www.facebook.com\/Baya-Shop-103955257949742\" \/>\n<meta property=\"article:modified_time\" content=\"2024-02-09T15:40:34+00:00\" \/>\n<meta property=\"og:image\" content=\"https:\/\/baya-shop.com\/wp-content\/uploads\/2022\/09\/pro-91-593df402727e2cb8c616523664614508-640-0.jpg\" \/>\n\t<meta property=\"og:image:width\" content=\"500\" \/>\n\t<meta property=\"og:image:height\" content=\"500\" \/>\n\t<meta property=\"og:image:type\" content=\"image\/jpeg\" \/>\n<meta name=\"twitter:card\" content=\"summary_large_image\" \/>\n<meta name=\"twitter:label1\" content=\"Dur\u00e9e de lecture estim\u00e9e\" \/>\n\t<meta name=\"twitter:data1\" content=\"1 minute\" \/>\n<script type=\"application\/ld+json\" class=\"yoast-schema-graph\">{\"@context\":\"https:\\\/\\\/schema.org\",\"@graph\":[{\"@type\":\"WebPage\",\"@id\":\"https:\\\/\\\/baya-shop.com\\\/home\\\/product\\\/gama-tondeuse-professionnel-pro-9\\\/\",\"url\":\"https:\\\/\\\/baya-shop.com\\\/home\\\/product\\\/gama-tondeuse-professionnel-pro-9\\\/\",\"name\":\"GAMA Tondeuse PRO 9 Expert SM1302 - Baya Shop\",\"isPartOf\":{\"@id\":\"https:\\\/\\\/baya-shop.com\\\/home\\\/#website\"},\"primaryImageOfPage\":{\"@id\":\"https:\\\/\\\/baya-shop.com\\\/home\\\/product\\\/gama-tondeuse-professionnel-pro-9\\\/#primaryimage\"},\"image\":{\"@id\":\"https:\\\/\\\/baya-shop.com\\\/home\\\/product\\\/gama-tondeuse-professionnel-pro-9\\\/#primaryimage\"},\"thumbnailUrl\":\"https:\\\/\\\/i0.wp.com\\\/baya-shop.com\\\/wp-content\\\/uploads\\\/2022\\\/09\\\/pro-91-593df402727e2cb8c616523664614508-640-0.jpg?fit=500%2C500&ssl=1\",\"datePublished\":\"2022-09-26T14:41:09+00:00\",\"dateModified\":\"2024-02-09T15:40:34+00:00\",\"description\":\"\u2022 Moteur hautes performances 10 watt \u2022 Levier r\u00e9glable de 0,33 \u00e0 3,33 mm \u2022 Lame en acier inox ultra affil\u00e9e \u2022 R\u00e9glages de coupe de 3 mm \u00e0 12 mm avec 4 peignes conducteurs fournis de s\u00e9rie \u2022 Kit pour l\u2019utilisation : prot\u00e8ge-lame-huile lubrifiante-brosse de nettoyage Garantie 12 mois\",\"breadcrumb\":{\"@id\":\"https:\\\/\\\/baya-shop.com\\\/home\\\/product\\\/gama-tondeuse-professionnel-pro-9\\\/#breadcrumb\"},\"inLanguage\":\"fr-FR\",\"potentialAction\":[{\"@type\":\"ReadAction\",\"target\":[\"https:\\\/\\\/baya-shop.com\\\/home\\\/product\\\/gama-tondeuse-professionnel-pro-9\\\/\"]}]},{\"@type\":\"ImageObject\",\"inLanguage\":\"fr-FR\",\"@id\":\"https:\\\/\\\/baya-shop.com\\\/home\\\/product\\\/gama-tondeuse-professionnel-pro-9\\\/#primaryimage\",\"url\":\"https:\\\/\\\/i0.wp.com\\\/baya-shop.com\\\/wp-content\\\/uploads\\\/2022\\\/09\\\/pro-91-593df402727e2cb8c616523664614508-640-0.jpg?fit=500%2C500&ssl=1\",\"contentUrl\":\"https:\\\/\\\/i0.wp.com\\\/baya-shop.com\\\/wp-content\\\/uploads\\\/2022\\\/09\\\/pro-91-593df402727e2cb8c616523664614508-640-0.jpg?fit=500%2C500&ssl=1\",\"width\":500,\"height\":500},{\"@type\":\"BreadcrumbList\",\"@id\":\"https:\\\/\\\/baya-shop.com\\\/home\\\/product\\\/gama-tondeuse-professionnel-pro-9\\\/#breadcrumb\",\"itemListElement\":[{\"@type\":\"ListItem\",\"position\":1,\"name\":\"Accueil\",\"item\":\"https:\\\/\\\/baya-shop.com\\\/home\\\/\"},{\"@type\":\"ListItem\",\"position\":2,\"name\":\"Shop\",\"item\":\"https:\\\/\\\/baya-shop.com\\\/home\\\/shop\\\/\"},{\"@type\":\"ListItem\",\"position\":3,\"name\":\"GAMA Tondeuse PRO 9 Expert SM1302\"}]},{\"@type\":\"WebSite\",\"@id\":\"https:\\\/\\\/baya-shop.com\\\/home\\\/#website\",\"url\":\"https:\\\/\\\/baya-shop.com\\\/home\\\/\",\"name\":\"Baya Shop\",\"description\":\"\",\"publisher\":{\"@id\":\"https:\\\/\\\/baya-shop.com\\\/home\\\/#organization\"},\"potentialAction\":[{\"@type\":\"SearchAction\",\"target\":{\"@type\":\"EntryPoint\",\"urlTemplate\":\"https:\\\/\\\/baya-shop.com\\\/home\\\/?s={search_term_string}\"},\"query-input\":{\"@type\":\"PropertyValueSpecification\",\"valueRequired\":true,\"valueName\":\"search_term_string\"}}],\"inLanguage\":\"fr-FR\"},{\"@type\":\"Organization\",\"@id\":\"https:\\\/\\\/baya-shop.com\\\/home\\\/#organization\",\"name\":\"Baya Shop\",\"url\":\"https:\\\/\\\/baya-shop.com\\\/home\\\/\",\"logo\":{\"@type\":\"ImageObject\",\"inLanguage\":\"fr-FR\",\"@id\":\"https:\\\/\\\/baya-shop.com\\\/home\\\/#\\\/schema\\\/logo\\\/image\\\/\",\"url\":\"https:\\\/\\\/baya-shop.com\\\/wp-content\\\/uploads\\\/2020\\\/11\\\/g.png\",\"contentUrl\":\"https:\\\/\\\/baya-shop.com\\\/wp-content\\\/uploads\\\/2020\\\/11\\\/g.png\",\"width\":64,\"height\":64,\"caption\":\"Baya Shop\"},\"image\":{\"@id\":\"https:\\\/\\\/baya-shop.com\\\/home\\\/#\\\/schema\\\/logo\\\/image\\\/\"},\"sameAs\":[\"https:\\\/\\\/www.facebook.com\\\/Baya-Shop-103955257949742\",\"https:\\\/\\\/www.instagram.com\\\/baya_shop_dz\\\/\"]}]}<\/script>\n<!-- \/ Yoast SEO plugin. -->","yoast_head_json":{"title":"GAMA Tondeuse PRO 9 Expert SM1302 - Baya Shop","description":"\u2022 Moteur hautes performances 10 watt \u2022 Levier r\u00e9glable de 0,33 \u00e0 3,33 mm \u2022 Lame en acier inox ultra affil\u00e9e \u2022 R\u00e9glages de coupe de 3 mm \u00e0 12 mm avec 4 peignes conducteurs fournis de s\u00e9rie \u2022 Kit pour l\u2019utilisation : prot\u00e8ge-lame-huile lubrifiante-brosse de nettoyage  Garantie 12 mois","robots":{"index":"index","follow":"follow","max-snippet":"max-snippet:-1","max-image-preview":"max-image-preview:large","max-video-preview":"max-video-preview:-1"},"canonical":"https:\/\/baya-shop.com\/home\/product\/gama-tondeuse-professionnel-pro-9\/","og_locale":"fr_FR","og_type":"article","og_title":"GAMA Tondeuse PRO 9 Expert SM1302 - Baya Shop","og_description":"\u2022 Moteur hautes performances 10 watt \u2022 Levier r\u00e9glable de 0,33 \u00e0 3,33 mm \u2022 Lame en acier inox ultra affil\u00e9e \u2022 R\u00e9glages de coupe de 3 mm \u00e0 12 mm avec 4 peignes conducteurs fournis de s\u00e9rie \u2022 Kit pour l\u2019utilisation : prot\u00e8ge-lame-huile lubrifiante-brosse de nettoyage  Garantie 12 mois","og_url":"https:\/\/baya-shop.com\/home\/product\/gama-tondeuse-professionnel-pro-9\/","og_site_name":"Baya Shop","article_publisher":"https:\/\/www.facebook.com\/Baya-Shop-103955257949742","article_modified_time":"2024-02-09T15:40:34+00:00","og_image":[{"width":500,"height":500,"url":"https:\/\/baya-shop.com\/wp-content\/uploads\/2022\/09\/pro-91-593df402727e2cb8c616523664614508-640-0.jpg","type":"image\/jpeg"}],"twitter_card":"summary_large_image","twitter_misc":{"Dur\u00e9e de lecture estim\u00e9e":"1 minute"},"schema":{"@context":"https:\/\/schema.org","@graph":[{"@type":"WebPage","@id":"https:\/\/baya-shop.com\/home\/product\/gama-tondeuse-professionnel-pro-9\/","url":"https:\/\/baya-shop.com\/home\/product\/gama-tondeuse-professionnel-pro-9\/","name":"GAMA Tondeuse PRO 9 Expert SM1302 - Baya Shop","isPartOf":{"@id":"https:\/\/baya-shop.com\/home\/#website"},"primaryImageOfPage":{"@id":"https:\/\/baya-shop.com\/home\/product\/gama-tondeuse-professionnel-pro-9\/#primaryimage"},"image":{"@id":"https:\/\/baya-shop.com\/home\/product\/gama-tondeuse-professionnel-pro-9\/#primaryimage"},"thumbnailUrl":"https:\/\/i0.wp.com\/baya-shop.com\/wp-content\/uploads\/2022\/09\/pro-91-593df402727e2cb8c616523664614508-640-0.jpg?fit=500%2C500&ssl=1","datePublished":"2022-09-26T14:41:09+00:00","dateModified":"2024-02-09T15:40:34+00:00","description":"\u2022 Moteur hautes performances 10 watt \u2022 Levier r\u00e9glable de 0,33 \u00e0 3,33 mm \u2022 Lame en acier inox ultra affil\u00e9e \u2022 R\u00e9glages de coupe de 3 mm \u00e0 12 mm avec 4 peignes conducteurs fournis de s\u00e9rie \u2022 Kit pour l\u2019utilisation : prot\u00e8ge-lame-huile lubrifiante-brosse de nettoyage Garantie 12 mois","breadcrumb":{"@id":"https:\/\/baya-shop.com\/home\/product\/gama-tondeuse-professionnel-pro-9\/#breadcrumb"},"inLanguage":"fr-FR","potentialAction":[{"@type":"ReadAction","target":["https:\/\/baya-shop.com\/home\/product\/gama-tondeuse-professionnel-pro-9\/"]}]},{"@type":"ImageObject","inLanguage":"fr-FR","@id":"https:\/\/baya-shop.com\/home\/product\/gama-tondeuse-professionnel-pro-9\/#primaryimage","url":"https:\/\/i0.wp.com\/baya-shop.com\/wp-content\/uploads\/2022\/09\/pro-91-593df402727e2cb8c616523664614508-640-0.jpg?fit=500%2C500&ssl=1","contentUrl":"https:\/\/i0.wp.com\/baya-shop.com\/wp-content\/uploads\/2022\/09\/pro-91-593df402727e2cb8c616523664614508-640-0.jpg?fit=500%2C500&ssl=1","width":500,"height":500},{"@type":"BreadcrumbList","@id":"https:\/\/baya-shop.com\/home\/product\/gama-tondeuse-professionnel-pro-9\/#breadcrumb","itemListElement":[{"@type":"ListItem","position":1,"name":"Accueil","item":"https:\/\/baya-shop.com\/home\/"},{"@type":"ListItem","position":2,"name":"Shop","item":"https:\/\/baya-shop.com\/home\/shop\/"},{"@type":"ListItem","position":3,"name":"GAMA Tondeuse PRO 9 Expert SM1302"}]},{"@type":"WebSite","@id":"https:\/\/baya-shop.com\/home\/#website","url":"https:\/\/baya-shop.com\/home\/","name":"Baya Shop","description":"","publisher":{"@id":"https:\/\/baya-shop.com\/home\/#organization"},"potentialAction":[{"@type":"SearchAction","target":{"@type":"EntryPoint","urlTemplate":"https:\/\/baya-shop.com\/home\/?s={search_term_string}"},"query-input":{"@type":"PropertyValueSpecification","valueRequired":true,"valueName":"search_term_string"}}],"inLanguage":"fr-FR"},{"@type":"Organization","@id":"https:\/\/baya-shop.com\/home\/#organization","name":"Baya Shop","url":"https:\/\/baya-shop.com\/home\/","logo":{"@type":"ImageObject","inLanguage":"fr-FR","@id":"https:\/\/baya-shop.com\/home\/#\/schema\/logo\/image\/","url":"https:\/\/baya-shop.com\/wp-content\/uploads\/2020\/11\/g.png","contentUrl":"https:\/\/baya-shop.com\/wp-content\/uploads\/2020\/11\/g.png","width":64,"height":64,"caption":"Baya Shop"},"image":{"@id":"https:\/\/baya-shop.com\/home\/#\/schema\/logo\/image\/"},"sameAs":["https:\/\/www.facebook.com\/Baya-Shop-103955257949742","https:\/\/www.instagram.com\/baya_shop_dz\/"]}]}},"jetpack_publicize_connections":[],"jetpack_sharing_enabled":true,"jetpack_likes_enabled":true,"jetpack-related-posts":[],"_links":{"self":[{"href":"https:\/\/baya-shop.com\/home\/wp-json\/wp\/v2\/product\/1090","targetHints":{"allow":["GET"]}}],"collection":[{"href":"https:\/\/baya-shop.com\/home\/wp-json\/wp\/v2\/product"}],"about":[{"href":"https:\/\/baya-shop.com\/home\/wp-json\/wp\/v2\/types\/product"}],"replies":[{"embeddable":true,"href":"https:\/\/baya-shop.com\/home\/wp-json\/wp\/v2\/comments?post=1090"}],"wp:featuredmedia":[{"embeddable":true,"href":"https:\/\/baya-shop.com\/home\/wp-json\/wp\/v2\/media\/3525"}],"wp:attachment":[{"href":"https:\/\/baya-shop.com\/home\/wp-json\/wp\/v2\/media?parent=1090"}],"wp:term":[{"taxonomy":"product_brand","embeddable":true,"href":"https:\/\/baya-shop.com\/home\/wp-json\/wp\/v2\/product_brand?post=1090"},{"taxonomy":"product_cat","embeddable":true,"href":"https:\/\/baya-shop.com\/home\/wp-json\/wp\/v2\/product_cat?post=1090"},{"taxonomy":"product_tag","embeddable":true,"href":"https:\/\/baya-shop.com\/home\/wp-json\/wp\/v2\/product_tag?post=1090"}],"curies":[{"name":"wp","href":"https:\/\/api.w.org\/{rel}","templated":true}]}}