{"id":1074,"date":"2022-09-26T14:08:54","date_gmt":"2022-09-26T13:08:54","guid":{"rendered":"https:\/\/baya-shop.com\/home\/?post_type=product&#038;p=1074"},"modified":"2024-02-09T16:40:47","modified_gmt":"2024-02-09T15:40:47","slug":"gama-tondeuse-sport-usb-gcx623","status":"publish","type":"product","link":"https:\/\/baya-shop.com\/home\/product\/gama-tondeuse-sport-usb-gcx623\/","title":{"rendered":"GAMA Tondeuse Sport USB GCX623"},"content":{"rendered":"","protected":false},"excerpt":{"rendered":"<ul>\n<li>4 fonctions : tondeuse \u00e0 cheveux \u2013 tondeuse barbe \u2013 rasoir \u2013 tondeuse nez et oreilles<\/li>\n<li>Alimentation sans fil pour un coiffage confortable<\/li>\n<li>Lame en acier inoxydable pour une coupe et une finition pr\u00e9cise<\/li>\n<li>3 r\u00e9glages de la hauteur de la lame : 0,8 mm, 0,7 mm et 0,6 mm. Fonction tondeuse avec 4 hauteurs de coupe diff\u00e9rentes (3, 6, 9 et 12 mm). Fonction tondeuse avec hauteur de coupe de 2 mm<\/li>\n<li>Base de chargement pour accessoires, c\u00e2ble USB de recharge de batterie, huile lubrifiante, pinceau de nettoyage, manuel d&rsquo;utilisation et avertissements<\/li>\n<\/ul>\n","protected":false},"featured_media":3524,"comment_status":"open","ping_status":"closed","template":"","meta":{"jetpack_post_was_ever_published":false,"jetpack_publicize_message":"","jetpack_publicize_feature_enabled":true,"jetpack_social_post_already_shared":false,"jetpack_social_options":{"image_generator_settings":{"template":"highway","default_image_id":0,"font":"","enabled":false},"version":2}},"product_brand":[],"product_cat":[48,54,52],"product_tag":[],"class_list":{"0":"post-1074","1":"product","2":"type-product","3":"status-publish","4":"has-post-thumbnail","6":"product_cat-gama","7":"product_cat-rasoir","8":"product_cat-tondeuse","10":"first","11":"instock","12":"shipping-taxable","13":"purchasable","14":"product-type-simple"},"yoast_head":"<!-- This site is optimized with the Yoast SEO plugin v27.3 - https:\/\/yoast.com\/product\/yoast-seo-wordpress\/ -->\n<title>GAMA Tondeuse Sport USB GCX623 - Baya Shop<\/title>\n<meta name=\"description\" content=\"4 fonctions : tondeuse \u00e0 cheveux \u2013 tondeuse barbe \u2013 rasoir \u2013 tondeuse nez et oreilles  Alimentation sans fil pour un coiffage confortable  Lame en acier inoxydable pour une coupe et une finition pr\u00e9cise  3 r\u00e9glages de la hauteur de la lame : 0,8 mm, 0,7 mm et 0,6 mm. Fonction tondeuse avec 4 hauteurs de coupe diff\u00e9rentes (3, 6, 9 et 12 mm). Fonction tondeuse avec hauteur de coupe de 2 mm  Base de chargement pour accessoires, c\u00e2ble USB de recharge de batterie, huile lubrifiante, pinceau de nettoyage, manuel d&#039;utilisation et avertissements\" \/>\n<meta name=\"robots\" content=\"index, follow, max-snippet:-1, max-image-preview:large, max-video-preview:-1\" \/>\n<link rel=\"canonical\" href=\"https:\/\/baya-shop.com\/home\/product\/gama-tondeuse-sport-usb-gcx623\/\" \/>\n<meta property=\"og:locale\" content=\"fr_FR\" \/>\n<meta property=\"og:type\" content=\"article\" \/>\n<meta property=\"og:title\" content=\"GAMA Tondeuse Sport USB GCX623 - Baya Shop\" \/>\n<meta property=\"og:description\" content=\"4 fonctions : tondeuse \u00e0 cheveux \u2013 tondeuse barbe \u2013 rasoir \u2013 tondeuse nez et oreilles  Alimentation sans fil pour un coiffage confortable  Lame en acier inoxydable pour une coupe et une finition pr\u00e9cise  3 r\u00e9glages de la hauteur de la lame : 0,8 mm, 0,7 mm et 0,6 mm. Fonction tondeuse avec 4 hauteurs de coupe diff\u00e9rentes (3, 6, 9 et 12 mm). Fonction tondeuse avec hauteur de coupe de 2 mm  Base de chargement pour accessoires, c\u00e2ble USB de recharge de batterie, huile lubrifiante, pinceau de nettoyage, manuel d&#039;utilisation et avertissements\" \/>\n<meta property=\"og:url\" content=\"https:\/\/baya-shop.com\/home\/product\/gama-tondeuse-sport-usb-gcx623\/\" \/>\n<meta property=\"og:site_name\" content=\"Baya Shop\" \/>\n<meta property=\"article:publisher\" content=\"https:\/\/www.facebook.com\/Baya-Shop-103955257949742\" \/>\n<meta property=\"article:modified_time\" content=\"2024-02-09T15:40:47+00:00\" \/>\n<meta property=\"og:image\" content=\"https:\/\/baya-shop.com\/wp-content\/uploads\/2022\/09\/cortador-de-cabelo-e-aparador-de-pelo-gama-multi-styler-gcx623-sport-162307322604.webp\" \/>\n\t<meta property=\"og:image:width\" content=\"1920\" \/>\n\t<meta property=\"og:image:height\" content=\"1920\" \/>\n\t<meta property=\"og:image:type\" content=\"image\/webp\" \/>\n<meta name=\"twitter:card\" content=\"summary_large_image\" \/>\n<meta name=\"twitter:label1\" content=\"Dur\u00e9e de lecture estim\u00e9e\" \/>\n\t<meta name=\"twitter:data1\" content=\"1 minute\" \/>\n<script type=\"application\/ld+json\" class=\"yoast-schema-graph\">{\"@context\":\"https:\\\/\\\/schema.org\",\"@graph\":[{\"@type\":\"WebPage\",\"@id\":\"https:\\\/\\\/baya-shop.com\\\/home\\\/product\\\/gama-tondeuse-sport-usb-gcx623\\\/\",\"url\":\"https:\\\/\\\/baya-shop.com\\\/home\\\/product\\\/gama-tondeuse-sport-usb-gcx623\\\/\",\"name\":\"GAMA Tondeuse Sport USB GCX623 - Baya Shop\",\"isPartOf\":{\"@id\":\"https:\\\/\\\/baya-shop.com\\\/home\\\/#website\"},\"primaryImageOfPage\":{\"@id\":\"https:\\\/\\\/baya-shop.com\\\/home\\\/product\\\/gama-tondeuse-sport-usb-gcx623\\\/#primaryimage\"},\"image\":{\"@id\":\"https:\\\/\\\/baya-shop.com\\\/home\\\/product\\\/gama-tondeuse-sport-usb-gcx623\\\/#primaryimage\"},\"thumbnailUrl\":\"https:\\\/\\\/i0.wp.com\\\/baya-shop.com\\\/wp-content\\\/uploads\\\/2022\\\/09\\\/cortador-de-cabelo-e-aparador-de-pelo-gama-multi-styler-gcx623-sport-162307322604.webp?fit=1920%2C1920&ssl=1\",\"datePublished\":\"2022-09-26T13:08:54+00:00\",\"dateModified\":\"2024-02-09T15:40:47+00:00\",\"description\":\"4 fonctions : tondeuse \u00e0 cheveux \u2013 tondeuse barbe \u2013 rasoir \u2013 tondeuse nez et oreilles Alimentation sans fil pour un coiffage confortable Lame en acier inoxydable pour une coupe et une finition pr\u00e9cise 3 r\u00e9glages de la hauteur de la lame : 0,8 mm, 0,7 mm et 0,6 mm. Fonction tondeuse avec 4 hauteurs de coupe diff\u00e9rentes (3, 6, 9 et 12 mm). Fonction tondeuse avec hauteur de coupe de 2 mm Base de chargement pour accessoires, c\u00e2ble USB de recharge de batterie, huile lubrifiante, pinceau de nettoyage, manuel d'utilisation et avertissements\",\"breadcrumb\":{\"@id\":\"https:\\\/\\\/baya-shop.com\\\/home\\\/product\\\/gama-tondeuse-sport-usb-gcx623\\\/#breadcrumb\"},\"inLanguage\":\"fr-FR\",\"potentialAction\":[{\"@type\":\"ReadAction\",\"target\":[\"https:\\\/\\\/baya-shop.com\\\/home\\\/product\\\/gama-tondeuse-sport-usb-gcx623\\\/\"]}]},{\"@type\":\"ImageObject\",\"inLanguage\":\"fr-FR\",\"@id\":\"https:\\\/\\\/baya-shop.com\\\/home\\\/product\\\/gama-tondeuse-sport-usb-gcx623\\\/#primaryimage\",\"url\":\"https:\\\/\\\/i0.wp.com\\\/baya-shop.com\\\/wp-content\\\/uploads\\\/2022\\\/09\\\/cortador-de-cabelo-e-aparador-de-pelo-gama-multi-styler-gcx623-sport-162307322604.webp?fit=1920%2C1920&ssl=1\",\"contentUrl\":\"https:\\\/\\\/i0.wp.com\\\/baya-shop.com\\\/wp-content\\\/uploads\\\/2022\\\/09\\\/cortador-de-cabelo-e-aparador-de-pelo-gama-multi-styler-gcx623-sport-162307322604.webp?fit=1920%2C1920&ssl=1\",\"width\":1920,\"height\":1920},{\"@type\":\"BreadcrumbList\",\"@id\":\"https:\\\/\\\/baya-shop.com\\\/home\\\/product\\\/gama-tondeuse-sport-usb-gcx623\\\/#breadcrumb\",\"itemListElement\":[{\"@type\":\"ListItem\",\"position\":1,\"name\":\"Accueil\",\"item\":\"https:\\\/\\\/baya-shop.com\\\/home\\\/\"},{\"@type\":\"ListItem\",\"position\":2,\"name\":\"Shop\",\"item\":\"https:\\\/\\\/baya-shop.com\\\/home\\\/shop\\\/\"},{\"@type\":\"ListItem\",\"position\":3,\"name\":\"GAMA Tondeuse Sport USB GCX623\"}]},{\"@type\":\"WebSite\",\"@id\":\"https:\\\/\\\/baya-shop.com\\\/home\\\/#website\",\"url\":\"https:\\\/\\\/baya-shop.com\\\/home\\\/\",\"name\":\"Baya Shop\",\"description\":\"\",\"publisher\":{\"@id\":\"https:\\\/\\\/baya-shop.com\\\/home\\\/#organization\"},\"potentialAction\":[{\"@type\":\"SearchAction\",\"target\":{\"@type\":\"EntryPoint\",\"urlTemplate\":\"https:\\\/\\\/baya-shop.com\\\/home\\\/?s={search_term_string}\"},\"query-input\":{\"@type\":\"PropertyValueSpecification\",\"valueRequired\":true,\"valueName\":\"search_term_string\"}}],\"inLanguage\":\"fr-FR\"},{\"@type\":\"Organization\",\"@id\":\"https:\\\/\\\/baya-shop.com\\\/home\\\/#organization\",\"name\":\"Baya Shop\",\"url\":\"https:\\\/\\\/baya-shop.com\\\/home\\\/\",\"logo\":{\"@type\":\"ImageObject\",\"inLanguage\":\"fr-FR\",\"@id\":\"https:\\\/\\\/baya-shop.com\\\/home\\\/#\\\/schema\\\/logo\\\/image\\\/\",\"url\":\"https:\\\/\\\/baya-shop.com\\\/wp-content\\\/uploads\\\/2020\\\/11\\\/g.png\",\"contentUrl\":\"https:\\\/\\\/baya-shop.com\\\/wp-content\\\/uploads\\\/2020\\\/11\\\/g.png\",\"width\":64,\"height\":64,\"caption\":\"Baya Shop\"},\"image\":{\"@id\":\"https:\\\/\\\/baya-shop.com\\\/home\\\/#\\\/schema\\\/logo\\\/image\\\/\"},\"sameAs\":[\"https:\\\/\\\/www.facebook.com\\\/Baya-Shop-103955257949742\",\"https:\\\/\\\/www.instagram.com\\\/baya_shop_dz\\\/\"]}]}<\/script>\n<!-- \/ Yoast SEO plugin. -->","yoast_head_json":{"title":"GAMA Tondeuse Sport USB GCX623 - Baya Shop","description":"4 fonctions : tondeuse \u00e0 cheveux \u2013 tondeuse barbe \u2013 rasoir \u2013 tondeuse nez et oreilles  Alimentation sans fil pour un coiffage confortable  Lame en acier inoxydable pour une coupe et une finition pr\u00e9cise  3 r\u00e9glages de la hauteur de la lame : 0,8 mm, 0,7 mm et 0,6 mm. Fonction tondeuse avec 4 hauteurs de coupe diff\u00e9rentes (3, 6, 9 et 12 mm). Fonction tondeuse avec hauteur de coupe de 2 mm  Base de chargement pour accessoires, c\u00e2ble USB de recharge de batterie, huile lubrifiante, pinceau de nettoyage, manuel d'utilisation et avertissements","robots":{"index":"index","follow":"follow","max-snippet":"max-snippet:-1","max-image-preview":"max-image-preview:large","max-video-preview":"max-video-preview:-1"},"canonical":"https:\/\/baya-shop.com\/home\/product\/gama-tondeuse-sport-usb-gcx623\/","og_locale":"fr_FR","og_type":"article","og_title":"GAMA Tondeuse Sport USB GCX623 - Baya Shop","og_description":"4 fonctions : tondeuse \u00e0 cheveux \u2013 tondeuse barbe \u2013 rasoir \u2013 tondeuse nez et oreilles  Alimentation sans fil pour un coiffage confortable  Lame en acier inoxydable pour une coupe et une finition pr\u00e9cise  3 r\u00e9glages de la hauteur de la lame : 0,8 mm, 0,7 mm et 0,6 mm. Fonction tondeuse avec 4 hauteurs de coupe diff\u00e9rentes (3, 6, 9 et 12 mm). Fonction tondeuse avec hauteur de coupe de 2 mm  Base de chargement pour accessoires, c\u00e2ble USB de recharge de batterie, huile lubrifiante, pinceau de nettoyage, manuel d'utilisation et avertissements","og_url":"https:\/\/baya-shop.com\/home\/product\/gama-tondeuse-sport-usb-gcx623\/","og_site_name":"Baya Shop","article_publisher":"https:\/\/www.facebook.com\/Baya-Shop-103955257949742","article_modified_time":"2024-02-09T15:40:47+00:00","og_image":[{"width":1920,"height":1920,"url":"https:\/\/baya-shop.com\/wp-content\/uploads\/2022\/09\/cortador-de-cabelo-e-aparador-de-pelo-gama-multi-styler-gcx623-sport-162307322604.webp","type":"image\/webp"}],"twitter_card":"summary_large_image","twitter_misc":{"Dur\u00e9e de lecture estim\u00e9e":"1 minute"},"schema":{"@context":"https:\/\/schema.org","@graph":[{"@type":"WebPage","@id":"https:\/\/baya-shop.com\/home\/product\/gama-tondeuse-sport-usb-gcx623\/","url":"https:\/\/baya-shop.com\/home\/product\/gama-tondeuse-sport-usb-gcx623\/","name":"GAMA Tondeuse Sport USB GCX623 - Baya Shop","isPartOf":{"@id":"https:\/\/baya-shop.com\/home\/#website"},"primaryImageOfPage":{"@id":"https:\/\/baya-shop.com\/home\/product\/gama-tondeuse-sport-usb-gcx623\/#primaryimage"},"image":{"@id":"https:\/\/baya-shop.com\/home\/product\/gama-tondeuse-sport-usb-gcx623\/#primaryimage"},"thumbnailUrl":"https:\/\/i0.wp.com\/baya-shop.com\/wp-content\/uploads\/2022\/09\/cortador-de-cabelo-e-aparador-de-pelo-gama-multi-styler-gcx623-sport-162307322604.webp?fit=1920%2C1920&ssl=1","datePublished":"2022-09-26T13:08:54+00:00","dateModified":"2024-02-09T15:40:47+00:00","description":"4 fonctions : tondeuse \u00e0 cheveux \u2013 tondeuse barbe \u2013 rasoir \u2013 tondeuse nez et oreilles Alimentation sans fil pour un coiffage confortable Lame en acier inoxydable pour une coupe et une finition pr\u00e9cise 3 r\u00e9glages de la hauteur de la lame : 0,8 mm, 0,7 mm et 0,6 mm. Fonction tondeuse avec 4 hauteurs de coupe diff\u00e9rentes (3, 6, 9 et 12 mm). Fonction tondeuse avec hauteur de coupe de 2 mm Base de chargement pour accessoires, c\u00e2ble USB de recharge de batterie, huile lubrifiante, pinceau de nettoyage, manuel d'utilisation et avertissements","breadcrumb":{"@id":"https:\/\/baya-shop.com\/home\/product\/gama-tondeuse-sport-usb-gcx623\/#breadcrumb"},"inLanguage":"fr-FR","potentialAction":[{"@type":"ReadAction","target":["https:\/\/baya-shop.com\/home\/product\/gama-tondeuse-sport-usb-gcx623\/"]}]},{"@type":"ImageObject","inLanguage":"fr-FR","@id":"https:\/\/baya-shop.com\/home\/product\/gama-tondeuse-sport-usb-gcx623\/#primaryimage","url":"https:\/\/i0.wp.com\/baya-shop.com\/wp-content\/uploads\/2022\/09\/cortador-de-cabelo-e-aparador-de-pelo-gama-multi-styler-gcx623-sport-162307322604.webp?fit=1920%2C1920&ssl=1","contentUrl":"https:\/\/i0.wp.com\/baya-shop.com\/wp-content\/uploads\/2022\/09\/cortador-de-cabelo-e-aparador-de-pelo-gama-multi-styler-gcx623-sport-162307322604.webp?fit=1920%2C1920&ssl=1","width":1920,"height":1920},{"@type":"BreadcrumbList","@id":"https:\/\/baya-shop.com\/home\/product\/gama-tondeuse-sport-usb-gcx623\/#breadcrumb","itemListElement":[{"@type":"ListItem","position":1,"name":"Accueil","item":"https:\/\/baya-shop.com\/home\/"},{"@type":"ListItem","position":2,"name":"Shop","item":"https:\/\/baya-shop.com\/home\/shop\/"},{"@type":"ListItem","position":3,"name":"GAMA Tondeuse Sport USB GCX623"}]},{"@type":"WebSite","@id":"https:\/\/baya-shop.com\/home\/#website","url":"https:\/\/baya-shop.com\/home\/","name":"Baya Shop","description":"","publisher":{"@id":"https:\/\/baya-shop.com\/home\/#organization"},"potentialAction":[{"@type":"SearchAction","target":{"@type":"EntryPoint","urlTemplate":"https:\/\/baya-shop.com\/home\/?s={search_term_string}"},"query-input":{"@type":"PropertyValueSpecification","valueRequired":true,"valueName":"search_term_string"}}],"inLanguage":"fr-FR"},{"@type":"Organization","@id":"https:\/\/baya-shop.com\/home\/#organization","name":"Baya Shop","url":"https:\/\/baya-shop.com\/home\/","logo":{"@type":"ImageObject","inLanguage":"fr-FR","@id":"https:\/\/baya-shop.com\/home\/#\/schema\/logo\/image\/","url":"https:\/\/baya-shop.com\/wp-content\/uploads\/2020\/11\/g.png","contentUrl":"https:\/\/baya-shop.com\/wp-content\/uploads\/2020\/11\/g.png","width":64,"height":64,"caption":"Baya Shop"},"image":{"@id":"https:\/\/baya-shop.com\/home\/#\/schema\/logo\/image\/"},"sameAs":["https:\/\/www.facebook.com\/Baya-Shop-103955257949742","https:\/\/www.instagram.com\/baya_shop_dz\/"]}]}},"jetpack_publicize_connections":[],"jetpack_sharing_enabled":true,"jetpack_likes_enabled":true,"jetpack-related-posts":[],"_links":{"self":[{"href":"https:\/\/baya-shop.com\/home\/wp-json\/wp\/v2\/product\/1074","targetHints":{"allow":["GET"]}}],"collection":[{"href":"https:\/\/baya-shop.com\/home\/wp-json\/wp\/v2\/product"}],"about":[{"href":"https:\/\/baya-shop.com\/home\/wp-json\/wp\/v2\/types\/product"}],"replies":[{"embeddable":true,"href":"https:\/\/baya-shop.com\/home\/wp-json\/wp\/v2\/comments?post=1074"}],"wp:featuredmedia":[{"embeddable":true,"href":"https:\/\/baya-shop.com\/home\/wp-json\/wp\/v2\/media\/3524"}],"wp:attachment":[{"href":"https:\/\/baya-shop.com\/home\/wp-json\/wp\/v2\/media?parent=1074"}],"wp:term":[{"taxonomy":"product_brand","embeddable":true,"href":"https:\/\/baya-shop.com\/home\/wp-json\/wp\/v2\/product_brand?post=1074"},{"taxonomy":"product_cat","embeddable":true,"href":"https:\/\/baya-shop.com\/home\/wp-json\/wp\/v2\/product_cat?post=1074"},{"taxonomy":"product_tag","embeddable":true,"href":"https:\/\/baya-shop.com\/home\/wp-json\/wp\/v2\/product_tag?post=1074"}],"curies":[{"name":"wp","href":"https:\/\/api.w.org\/{rel}","templated":true}]}}