{"id":1062,"date":"2022-09-26T12:40:50","date_gmt":"2022-09-26T11:40:50","guid":{"rendered":"https:\/\/baya-shop.com\/home\/?post_type=product&#038;p=1062"},"modified":"2025-10-23T17:09:47","modified_gmt":"2025-10-23T16:09:47","slug":"gama-seche-cheveux-classic-sh2510","status":"publish","type":"product","link":"https:\/\/baya-shop.com\/home\/product\/gama-seche-cheveux-classic-sh2510\/","title":{"rendered":"GAMA S\u00e8che-cheveux Classic Professional"},"content":{"rendered":"","protected":false},"excerpt":{"rendered":"<div class=\"elementor-element elementor-element-20c1b36 elementor-widget elementor-widget-woocommerce-product-title elementor-page-title elementor-widget-heading\" data-id=\"20c1b36\" data-element_type=\"widget\" data-widget_type=\"woocommerce-product-title.default\">\n<div class=\"elementor-widget-container\">\n<h1 class=\"product_title entry-title elementor-heading-title elementor-size-default\">S\u00c8CHE-CHEVEUX CLASSIC<\/h1>\n<\/div>\n<\/div>\n<div class=\"elementor-element elementor-element-b9de46f elementor-widget elementor-widget-woocommerce-product-price\" data-id=\"b9de46f\" data-element_type=\"widget\" data-widget_type=\"woocommerce-product-price.default\">\n<div class=\"elementor-widget-container\">\n<p class=\"price\">Made in Italy<\/p>\n<p><strong>Classic<\/strong> est un s\u00e8che-cheveux l\u00e9ger et silencieux orange<\/p>\n<\/div>\n<\/div>\n<div class=\"elementor-element elementor-element-410213b elementor-widget elementor-widget-woocommerce-product-short-description\" data-id=\"410213b\" data-element_type=\"widget\" data-widget_type=\"woocommerce-product-short-description.default\">\n<div class=\"elementor-widget-container\">\n<div class=\"woocommerce-product-details__short-description\">\n<p>Un s\u00e8che-cheveux professionnel et puissant \u2013 2200 W \u2013 avec moteur AC longue dur\u00e9e et composants internes rev\u00eatus de c\u00e9ramique. Comprend deux embouts et un diffuseur.<\/p>\n<p>Garantie 12 mois.<\/p>\n<\/div>\n<\/div>\n<\/div>\n","protected":false},"featured_media":3521,"comment_status":"open","ping_status":"closed","template":"","meta":{"jetpack_post_was_ever_published":false,"jetpack_publicize_message":"","jetpack_publicize_feature_enabled":true,"jetpack_social_post_already_shared":false,"jetpack_social_options":{"image_generator_settings":{"template":"highway","default_image_id":0,"font":"","enabled":false},"version":2}},"product_brand":[],"product_cat":[48,20],"product_tag":[],"class_list":{"0":"post-1062","1":"product","2":"type-product","3":"status-publish","4":"has-post-thumbnail","6":"product_cat-gama","7":"product_cat-seche-cheveux","9":"first","10":"instock","11":"sale","12":"shipping-taxable","13":"purchasable","14":"product-type-simple"},"yoast_head":"<!-- This site is optimized with the Yoast SEO plugin v27.3 - https:\/\/yoast.com\/product\/yoast-seo-wordpress\/ -->\n<title>GAMA S\u00e8che-cheveux Classic Professional - Baya Shop<\/title>\n<meta name=\"description\" content=\"S\u00c8CHE-CHEVEUX CLASSIC     Made in Italy Classic est un s\u00e8che-cheveux l\u00e9ger et silencieux orange        Un s\u00e8che-cheveux professionnel et puissant \u2013 2200 W \u2013 avec moteur AC longue dur\u00e9e et composants internes rev\u00eatus de c\u00e9ramique. Comprend deux embouts et un diffuseur.  Garantie 12 mois.\" \/>\n<meta name=\"robots\" content=\"index, follow, max-snippet:-1, max-image-preview:large, max-video-preview:-1\" \/>\n<link rel=\"canonical\" href=\"https:\/\/baya-shop.com\/home\/product\/gama-seche-cheveux-classic-sh2510\/\" \/>\n<meta property=\"og:locale\" content=\"fr_FR\" \/>\n<meta property=\"og:type\" content=\"article\" \/>\n<meta property=\"og:title\" content=\"GAMA S\u00e8che-cheveux Classic Professional - Baya Shop\" \/>\n<meta property=\"og:description\" content=\"S\u00c8CHE-CHEVEUX CLASSIC     Made in Italy Classic est un s\u00e8che-cheveux l\u00e9ger et silencieux orange        Un s\u00e8che-cheveux professionnel et puissant \u2013 2200 W \u2013 avec moteur AC longue dur\u00e9e et composants internes rev\u00eatus de c\u00e9ramique. Comprend deux embouts et un diffuseur.  Garantie 12 mois.\" \/>\n<meta property=\"og:url\" content=\"https:\/\/baya-shop.com\/home\/product\/gama-seche-cheveux-classic-sh2510\/\" \/>\n<meta property=\"og:site_name\" content=\"Baya Shop\" \/>\n<meta property=\"article:publisher\" content=\"https:\/\/www.facebook.com\/Baya-Shop-103955257949742\" \/>\n<meta property=\"article:modified_time\" content=\"2025-10-23T16:09:47+00:00\" \/>\n<meta property=\"og:image\" content=\"https:\/\/baya-shop.com\/wp-content\/uploads\/2022\/09\/71iAqHLF5lL.jpg\" \/>\n\t<meta property=\"og:image:width\" content=\"2560\" \/>\n\t<meta property=\"og:image:height\" content=\"2560\" \/>\n\t<meta property=\"og:image:type\" content=\"image\/jpeg\" \/>\n<meta name=\"twitter:card\" content=\"summary_large_image\" \/>\n<meta name=\"twitter:label1\" content=\"Dur\u00e9e de lecture estim\u00e9e\" \/>\n\t<meta name=\"twitter:data1\" content=\"1 minute\" \/>\n<script type=\"application\/ld+json\" class=\"yoast-schema-graph\">{\"@context\":\"https:\\\/\\\/schema.org\",\"@graph\":[{\"@type\":\"WebPage\",\"@id\":\"https:\\\/\\\/baya-shop.com\\\/home\\\/product\\\/gama-seche-cheveux-classic-sh2510\\\/\",\"url\":\"https:\\\/\\\/baya-shop.com\\\/home\\\/product\\\/gama-seche-cheveux-classic-sh2510\\\/\",\"name\":\"GAMA S\u00e8che-cheveux Classic Professional - Baya Shop\",\"isPartOf\":{\"@id\":\"https:\\\/\\\/baya-shop.com\\\/home\\\/#website\"},\"primaryImageOfPage\":{\"@id\":\"https:\\\/\\\/baya-shop.com\\\/home\\\/product\\\/gama-seche-cheveux-classic-sh2510\\\/#primaryimage\"},\"image\":{\"@id\":\"https:\\\/\\\/baya-shop.com\\\/home\\\/product\\\/gama-seche-cheveux-classic-sh2510\\\/#primaryimage\"},\"thumbnailUrl\":\"https:\\\/\\\/i0.wp.com\\\/baya-shop.com\\\/wp-content\\\/uploads\\\/2022\\\/09\\\/71iAqHLF5lL.jpg?fit=2560%2C2560&ssl=1\",\"datePublished\":\"2022-09-26T11:40:50+00:00\",\"dateModified\":\"2025-10-23T16:09:47+00:00\",\"description\":\"S\u00c8CHE-CHEVEUX CLASSIC Made in Italy Classic est un s\u00e8che-cheveux l\u00e9ger et silencieux orange Un s\u00e8che-cheveux professionnel et puissant \u2013 2200 W \u2013 avec moteur AC longue dur\u00e9e et composants internes rev\u00eatus de c\u00e9ramique. Comprend deux embouts et un diffuseur. Garantie 12 mois.\",\"breadcrumb\":{\"@id\":\"https:\\\/\\\/baya-shop.com\\\/home\\\/product\\\/gama-seche-cheveux-classic-sh2510\\\/#breadcrumb\"},\"inLanguage\":\"fr-FR\",\"potentialAction\":[{\"@type\":\"ReadAction\",\"target\":[\"https:\\\/\\\/baya-shop.com\\\/home\\\/product\\\/gama-seche-cheveux-classic-sh2510\\\/\"]}]},{\"@type\":\"ImageObject\",\"inLanguage\":\"fr-FR\",\"@id\":\"https:\\\/\\\/baya-shop.com\\\/home\\\/product\\\/gama-seche-cheveux-classic-sh2510\\\/#primaryimage\",\"url\":\"https:\\\/\\\/i0.wp.com\\\/baya-shop.com\\\/wp-content\\\/uploads\\\/2022\\\/09\\\/71iAqHLF5lL.jpg?fit=2560%2C2560&ssl=1\",\"contentUrl\":\"https:\\\/\\\/i0.wp.com\\\/baya-shop.com\\\/wp-content\\\/uploads\\\/2022\\\/09\\\/71iAqHLF5lL.jpg?fit=2560%2C2560&ssl=1\",\"width\":2560,\"height\":2560},{\"@type\":\"BreadcrumbList\",\"@id\":\"https:\\\/\\\/baya-shop.com\\\/home\\\/product\\\/gama-seche-cheveux-classic-sh2510\\\/#breadcrumb\",\"itemListElement\":[{\"@type\":\"ListItem\",\"position\":1,\"name\":\"Accueil\",\"item\":\"https:\\\/\\\/baya-shop.com\\\/home\\\/\"},{\"@type\":\"ListItem\",\"position\":2,\"name\":\"Shop\",\"item\":\"https:\\\/\\\/baya-shop.com\\\/home\\\/shop\\\/\"},{\"@type\":\"ListItem\",\"position\":3,\"name\":\"GAMA S\u00e8che-cheveux Classic Professional\"}]},{\"@type\":\"WebSite\",\"@id\":\"https:\\\/\\\/baya-shop.com\\\/home\\\/#website\",\"url\":\"https:\\\/\\\/baya-shop.com\\\/home\\\/\",\"name\":\"Baya Shop\",\"description\":\"\",\"publisher\":{\"@id\":\"https:\\\/\\\/baya-shop.com\\\/home\\\/#organization\"},\"potentialAction\":[{\"@type\":\"SearchAction\",\"target\":{\"@type\":\"EntryPoint\",\"urlTemplate\":\"https:\\\/\\\/baya-shop.com\\\/home\\\/?s={search_term_string}\"},\"query-input\":{\"@type\":\"PropertyValueSpecification\",\"valueRequired\":true,\"valueName\":\"search_term_string\"}}],\"inLanguage\":\"fr-FR\"},{\"@type\":\"Organization\",\"@id\":\"https:\\\/\\\/baya-shop.com\\\/home\\\/#organization\",\"name\":\"Baya Shop\",\"url\":\"https:\\\/\\\/baya-shop.com\\\/home\\\/\",\"logo\":{\"@type\":\"ImageObject\",\"inLanguage\":\"fr-FR\",\"@id\":\"https:\\\/\\\/baya-shop.com\\\/home\\\/#\\\/schema\\\/logo\\\/image\\\/\",\"url\":\"https:\\\/\\\/baya-shop.com\\\/wp-content\\\/uploads\\\/2020\\\/11\\\/g.png\",\"contentUrl\":\"https:\\\/\\\/baya-shop.com\\\/wp-content\\\/uploads\\\/2020\\\/11\\\/g.png\",\"width\":64,\"height\":64,\"caption\":\"Baya Shop\"},\"image\":{\"@id\":\"https:\\\/\\\/baya-shop.com\\\/home\\\/#\\\/schema\\\/logo\\\/image\\\/\"},\"sameAs\":[\"https:\\\/\\\/www.facebook.com\\\/Baya-Shop-103955257949742\",\"https:\\\/\\\/www.instagram.com\\\/baya_shop_dz\\\/\"]}]}<\/script>\n<!-- \/ Yoast SEO plugin. -->","yoast_head_json":{"title":"GAMA S\u00e8che-cheveux Classic Professional - Baya Shop","description":"S\u00c8CHE-CHEVEUX CLASSIC     Made in Italy Classic est un s\u00e8che-cheveux l\u00e9ger et silencieux orange        Un s\u00e8che-cheveux professionnel et puissant \u2013 2200 W \u2013 avec moteur AC longue dur\u00e9e et composants internes rev\u00eatus de c\u00e9ramique. Comprend deux embouts et un diffuseur.  Garantie 12 mois.","robots":{"index":"index","follow":"follow","max-snippet":"max-snippet:-1","max-image-preview":"max-image-preview:large","max-video-preview":"max-video-preview:-1"},"canonical":"https:\/\/baya-shop.com\/home\/product\/gama-seche-cheveux-classic-sh2510\/","og_locale":"fr_FR","og_type":"article","og_title":"GAMA S\u00e8che-cheveux Classic Professional - Baya Shop","og_description":"S\u00c8CHE-CHEVEUX CLASSIC     Made in Italy Classic est un s\u00e8che-cheveux l\u00e9ger et silencieux orange        Un s\u00e8che-cheveux professionnel et puissant \u2013 2200 W \u2013 avec moteur AC longue dur\u00e9e et composants internes rev\u00eatus de c\u00e9ramique. Comprend deux embouts et un diffuseur.  Garantie 12 mois.","og_url":"https:\/\/baya-shop.com\/home\/product\/gama-seche-cheveux-classic-sh2510\/","og_site_name":"Baya Shop","article_publisher":"https:\/\/www.facebook.com\/Baya-Shop-103955257949742","article_modified_time":"2025-10-23T16:09:47+00:00","og_image":[{"width":2560,"height":2560,"url":"https:\/\/baya-shop.com\/wp-content\/uploads\/2022\/09\/71iAqHLF5lL.jpg","type":"image\/jpeg"}],"twitter_card":"summary_large_image","twitter_misc":{"Dur\u00e9e de lecture estim\u00e9e":"1 minute"},"schema":{"@context":"https:\/\/schema.org","@graph":[{"@type":"WebPage","@id":"https:\/\/baya-shop.com\/home\/product\/gama-seche-cheveux-classic-sh2510\/","url":"https:\/\/baya-shop.com\/home\/product\/gama-seche-cheveux-classic-sh2510\/","name":"GAMA S\u00e8che-cheveux Classic Professional - Baya Shop","isPartOf":{"@id":"https:\/\/baya-shop.com\/home\/#website"},"primaryImageOfPage":{"@id":"https:\/\/baya-shop.com\/home\/product\/gama-seche-cheveux-classic-sh2510\/#primaryimage"},"image":{"@id":"https:\/\/baya-shop.com\/home\/product\/gama-seche-cheveux-classic-sh2510\/#primaryimage"},"thumbnailUrl":"https:\/\/i0.wp.com\/baya-shop.com\/wp-content\/uploads\/2022\/09\/71iAqHLF5lL.jpg?fit=2560%2C2560&ssl=1","datePublished":"2022-09-26T11:40:50+00:00","dateModified":"2025-10-23T16:09:47+00:00","description":"S\u00c8CHE-CHEVEUX CLASSIC Made in Italy Classic est un s\u00e8che-cheveux l\u00e9ger et silencieux orange Un s\u00e8che-cheveux professionnel et puissant \u2013 2200 W \u2013 avec moteur AC longue dur\u00e9e et composants internes rev\u00eatus de c\u00e9ramique. Comprend deux embouts et un diffuseur. Garantie 12 mois.","breadcrumb":{"@id":"https:\/\/baya-shop.com\/home\/product\/gama-seche-cheveux-classic-sh2510\/#breadcrumb"},"inLanguage":"fr-FR","potentialAction":[{"@type":"ReadAction","target":["https:\/\/baya-shop.com\/home\/product\/gama-seche-cheveux-classic-sh2510\/"]}]},{"@type":"ImageObject","inLanguage":"fr-FR","@id":"https:\/\/baya-shop.com\/home\/product\/gama-seche-cheveux-classic-sh2510\/#primaryimage","url":"https:\/\/i0.wp.com\/baya-shop.com\/wp-content\/uploads\/2022\/09\/71iAqHLF5lL.jpg?fit=2560%2C2560&ssl=1","contentUrl":"https:\/\/i0.wp.com\/baya-shop.com\/wp-content\/uploads\/2022\/09\/71iAqHLF5lL.jpg?fit=2560%2C2560&ssl=1","width":2560,"height":2560},{"@type":"BreadcrumbList","@id":"https:\/\/baya-shop.com\/home\/product\/gama-seche-cheveux-classic-sh2510\/#breadcrumb","itemListElement":[{"@type":"ListItem","position":1,"name":"Accueil","item":"https:\/\/baya-shop.com\/home\/"},{"@type":"ListItem","position":2,"name":"Shop","item":"https:\/\/baya-shop.com\/home\/shop\/"},{"@type":"ListItem","position":3,"name":"GAMA S\u00e8che-cheveux Classic Professional"}]},{"@type":"WebSite","@id":"https:\/\/baya-shop.com\/home\/#website","url":"https:\/\/baya-shop.com\/home\/","name":"Baya Shop","description":"","publisher":{"@id":"https:\/\/baya-shop.com\/home\/#organization"},"potentialAction":[{"@type":"SearchAction","target":{"@type":"EntryPoint","urlTemplate":"https:\/\/baya-shop.com\/home\/?s={search_term_string}"},"query-input":{"@type":"PropertyValueSpecification","valueRequired":true,"valueName":"search_term_string"}}],"inLanguage":"fr-FR"},{"@type":"Organization","@id":"https:\/\/baya-shop.com\/home\/#organization","name":"Baya Shop","url":"https:\/\/baya-shop.com\/home\/","logo":{"@type":"ImageObject","inLanguage":"fr-FR","@id":"https:\/\/baya-shop.com\/home\/#\/schema\/logo\/image\/","url":"https:\/\/baya-shop.com\/wp-content\/uploads\/2020\/11\/g.png","contentUrl":"https:\/\/baya-shop.com\/wp-content\/uploads\/2020\/11\/g.png","width":64,"height":64,"caption":"Baya Shop"},"image":{"@id":"https:\/\/baya-shop.com\/home\/#\/schema\/logo\/image\/"},"sameAs":["https:\/\/www.facebook.com\/Baya-Shop-103955257949742","https:\/\/www.instagram.com\/baya_shop_dz\/"]}]}},"jetpack_publicize_connections":[],"jetpack_sharing_enabled":true,"jetpack_likes_enabled":true,"jetpack-related-posts":[],"_links":{"self":[{"href":"https:\/\/baya-shop.com\/home\/wp-json\/wp\/v2\/product\/1062","targetHints":{"allow":["GET"]}}],"collection":[{"href":"https:\/\/baya-shop.com\/home\/wp-json\/wp\/v2\/product"}],"about":[{"href":"https:\/\/baya-shop.com\/home\/wp-json\/wp\/v2\/types\/product"}],"replies":[{"embeddable":true,"href":"https:\/\/baya-shop.com\/home\/wp-json\/wp\/v2\/comments?post=1062"}],"wp:featuredmedia":[{"embeddable":true,"href":"https:\/\/baya-shop.com\/home\/wp-json\/wp\/v2\/media\/3521"}],"wp:attachment":[{"href":"https:\/\/baya-shop.com\/home\/wp-json\/wp\/v2\/media?parent=1062"}],"wp:term":[{"taxonomy":"product_brand","embeddable":true,"href":"https:\/\/baya-shop.com\/home\/wp-json\/wp\/v2\/product_brand?post=1062"},{"taxonomy":"product_cat","embeddable":true,"href":"https:\/\/baya-shop.com\/home\/wp-json\/wp\/v2\/product_cat?post=1062"},{"taxonomy":"product_tag","embeddable":true,"href":"https:\/\/baya-shop.com\/home\/wp-json\/wp\/v2\/product_tag?post=1062"}],"curies":[{"name":"wp","href":"https:\/\/api.w.org\/{rel}","templated":true}]}}